{"id":825,"date":"2020-02-17T12:53:50","date_gmt":"2020-02-17T12:53:50","guid":{"rendered":"https:\/\/tajkertesz.com\/?post_type=product&#038;p=825"},"modified":"2023-12-15T08:23:00","modified_gmt":"2023-12-15T08:23:00","slug":"fagus-sylvatica-atropurpurea-verbukk","status":"publish","type":"product","link":"https:\/\/tajkertesz.com\/en_US\/product\/fagus-sylvatica-atropurpurea-verbukk\/","title":{"rendered":"Fagus sylvatica &#8216;Atropurpurea&#8217; V\u00e9rb\u00fckk"},"content":{"rendered":"<h2>Fagus sylvatica &#8216;Atropurpurea&#8217; V\u00e9rb\u00fckk<\/h2>\n<p>Fagus sylvatica &#8216;Atropurpurea&#8217; V\u00e9rb\u00fckk, nemes \u00e9s d\u00edszes levelei v\u00f6r\u00f6sek.<\/p>\n<p><b>N\u00f6veked\u00e9s, alak:<\/b> kifejlett kor\u00e1ban 15-20 m d\u00edszfa.<br \/>\n<b>Lev\u00e9l:<\/b> levelei eg\u00e9sz \u00e9vben v\u00f6r\u00f6s sz\u00ednben pomp\u00e1znak, azonban ahhoz, hogy intenz\u00edv \u00e9s tart\u00f3s legyen ez a v\u00f6r\u00f6s sz\u00edn sok napf\u00e9nyre van sz\u00fcks\u00e9ge, \u00e1rny\u00e9kos helyen ink\u00e1bb z\u00f6ldes \u00e1rnyalat\u00fa lesz. Nemes \u00e9s d\u00edszes, v\u00f6r\u00f6s levelei kihajt\u00e1s ut\u00e1n a legszebb sz\u00edn\u0171ek \u00e9s selymesen f\u00e9nyes\u00a0 fel\u00fclet\u0171ek.<br \/>\n<b>Vir\u00e1g:<\/b> jelent\u00e9ktelen vir\u00e1ga van.<br \/>\n<b>Term\u00e9s:<\/b> 10-12 cm h\u00fcvelyterm\u00e9s, ami\u00a0 eg\u00e9sz t\u00e9len \u00e1t a f\u00e1n marad.<br \/>\n<b>Term\u0151hely, ig\u00e9ny:<\/b> nedves talajon sz\u00e9pen fejl\u0151dik.<br \/>\n<b>Felhaszn\u00e1l\u00e1s:<\/b> Nagyobb kertekben, parkokban szoliterk\u00e9nt \u00fcltess\u00fck.<span style=\"color: #ffffff;\">en k\u00fc, <\/span><\/p>\n<p>Jelen term\u00e9k\u00fcnk 30literes kont\u00e9nerben 100-120 cm t\u00f6rzsmagass\u00e1ggal kaphat\u00f3.<\/p>\n<p><a href=\"http:\/\/tajkertesz.com\">http:\/\/tajkertesz.com<\/a><\/p>\n<p><a href=\"https:\/\/hu.wikipedia.org\/wiki\/B%C3%BCkk_(n%C3%B6v%C3%A9nynemzets%C3%A9g)\">https:\/\/hu.wikipedia.org\/wiki\/B%C3%BCkk_(n%C3%B6v%C3%A9nynemzets%C3%A9g)<\/a><\/p>\n<p><span style=\"color: #ffffff;\">R\u00fcgyei hegyesek, el\u00e1ll\u00f3ak, ors\u00f3 alak\u00faak, 2 cm k\u00f6r\u00fcli hossz\u00fas\u00e1g\u00faak, sz\u00edn\u00fck fah\u00e9jbarna.<sup id=\"cite_ref-2\" class=\"reference\"><a style=\"color: #ffffff;\" href=\"https:\/\/hu.wikipedia.org\/wiki\/B%C3%BCkk_(n%C3%B6v%C3%A9nynemzets%C3%A9g)#cite_note-2\">[2]<\/a><\/sup><\/span><\/p>\n<p><span style=\"color: #ffffff;\">Term\u00e9se f\u00e1sodott, t\u00fcsk\u00e9s, h\u00e1rom\u00e9l\u0171,\u00a0<a class=\"new\" style=\"color: #ffffff;\" title=\"Kupacs (a lap nem l\u00e9tezik)\" href=\"https:\/\/hu.wikipedia.org\/w\/index.php?title=Kupacs&amp;action=edit&amp;redlink=1\">kupacsba<\/a>\u00a0z\u00e1rt, n\u00e9gy kop\u00e1ccsal ny\u00edl\u00f3\u00a0<a style=\"color: #ffffff;\" title=\"Makk\" href=\"https:\/\/hu.wikipedia.org\/wiki\/Makk\">makk<\/a>; mivel a\u00a0<a style=\"color: #ffffff;\" title=\"T\u00f6lgy\" href=\"https:\/\/hu.wikipedia.org\/wiki\/T%C3%B6lgy\">t\u00f6lgy<\/a>\u00a0makkj\u00e1n\u00e1l kisebb, ez\u00e9rt gyakorta makkocsk\u00e1nak nevezik. A b\u00fckkmakk ehet\u0151, \u00e9s el\u00e9g magas zs\u00edrtartalm\u00e1nak k\u00f6sz\u00f6nhet\u0151en\u00a0<a style=\"color: #ffffff;\" title=\"\u00c9tolaj\" href=\"https:\/\/hu.wikipedia.org\/wiki\/%C3%89tolaj\">\u00e9tolaj<\/a>\u00a0pr\u00e9selhet\u0151 bel\u0151le. Fogyaszt\u00e1sa nagy mennyis\u00e9gben nem aj\u00e1nlott a m\u00e9rgez\u0151\u00a0<i>fagin<\/i>\u00a0tartalma miatt.<\/span><\/p>\n<p><span style=\"color: #ffffff;\">Sokf\u00e9lek\u00e9ppen hasznos\u00edthat\u00f3, j\u00f3l alak\u00edthat\u00f3 kem\u00e9nyfa. Az egyenes sz\u00e1l\u00fa, nagy \u00e1tm\u00e9r\u0151j\u0171 r\u00f6nk\u00f6kb\u0151l sokf\u00e9le f\u00e9lk\u00e9szterm\u00e9k \u00e1ll\u00edthat\u00f3 el\u0151. Minden szersz\u00e1mmal j\u00f3l megmunk\u00e1lhat\u00f3: k\u00e9sel\u00e9ssel, h\u00e1moz\u00e1ssal\u00a0<a style=\"color: #ffffff;\" title=\"Furn\u00e9r\" href=\"https:\/\/hu.wikipedia.org\/wiki\/Furn%C3%A9r\">furn\u00e9r<\/a>\u00a0k\u00e9sz\u00edthet\u0151 bel\u0151le. G\u0151z\u00f6l\u00e9ssel j\u00f3l hajl\u00edthat\u00f3, a hajl\u00edtott (p\u00e9ld\u00e1ul\u00a0<a class=\"mw-redirect\" style=\"color: #ffffff;\" title=\"Thonet\" href=\"https:\/\/hu.wikipedia.org\/wiki\/Thonet\">thonet<\/a>) b\u00fatorok gy\u00e1rt\u00e1s\u00e1nak legfontosabb alapanyaga. G\u0151z\u00f6l\u00e9s n\u00e9lk\u00fcl k\u00f6nnyen vetemedik. Nem id\u0151j\u00e1r\u00e1s\u00e1ll\u00f3; k\u00fcls\u0151 t\u00e9rben\u00a0<a style=\"color: #ffffff;\" title=\"Gomb\u00e1k\" href=\"https:\/\/hu.wikipedia.org\/wiki\/Gomb%C3%A1k\">gomb\u00e1k<\/a>\u00a0\u00e9s\u00a0<a style=\"color: #ffffff;\" title=\"Rovarok\" href=\"https:\/\/hu.wikipedia.org\/wiki\/Rovarok\">rovarok<\/a>\u00a0is k\u00e1ros\u00edthatj\u00e1k. Rajzolata jellegtelen, ez\u00e9rt fel\u00fclet\u00e9t gyakran p\u00e1ccal, sz\u00ednez\u00e9ssel, fest\u00e9ssel kezelik.\u00a0<a style=\"color: #ffffff;\" title=\"Pap\u00edr\" href=\"https:\/\/hu.wikipedia.org\/wiki\/Pap%C3%ADr\">Pap\u00edr<\/a>,\u00a0<a class=\"new\" style=\"color: #ffffff;\" title=\"Farost (a lap nem l\u00e9tezik)\" href=\"https:\/\/hu.wikipedia.org\/w\/index.php?title=Farost&amp;action=edit&amp;redlink=1\">farost<\/a>,\u00a0<a class=\"mw-redirect\" style=\"color: #ffffff;\" title=\"Fasz\u00e9n\" href=\"https:\/\/hu.wikipedia.org\/wiki\/Fasz%C3%A9n\">fasz\u00e9n<\/a>\u00a0\u00e9s\u00a0<a style=\"color: #ffffff;\" title=\"Berimbau\" href=\"https:\/\/hu.wikipedia.org\/wiki\/Berimbau\">berimbau<\/a>\u00a0gy\u00e1rt\u00e1s\u00e1ra\/k\u00e9sz\u00edt\u00e9s\u00e9re is kiv\u00e1l\u00f3an alkalmas. Magas h\u0151m\u00e9rs\u00e9kleten \u00e9g, a r\u00e9gi\u00a0<a style=\"color: #ffffff;\" title=\"Fazekass\u00e1g\" href=\"https:\/\/hu.wikipedia.org\/wiki\/Fazekass%C3%A1g\">fazekass\u00e1g<\/a>\u00a0kedvenc t\u00fcze<\/span><\/p>\n<p>&nbsp;<\/p>\n","protected":false},"excerpt":{"rendered":"<p>&nbsp;<\/p>\n<p>Fagus sylvatica &#8216;Atropurpurea&#8217; V\u00e9rb\u00fckk A b\u00fckk szerte Eur\u00f3p\u00e1ban \u0151shonos,\u00a0 jelent\u0151s gazdas\u00e1gi \u00e9rt\u00e9ket k\u00e9pvisel\u0151 fafaj, kifejlett kor\u00e1ban 15-20 m d\u00edszfa.<\/p>","protected":false},"featured_media":827,"template":"","meta":{"_et_pb_use_builder":"","_et_pb_old_content":"","_et_gb_content_width":""},"product_brand":[],"product_cat":[28],"product_tag":[75,33,622],"class_list":{"0":"post-825","1":"product","2":"type-product","3":"status-publish","4":"has-post-thumbnail","6":"product_cat-diszfak","7":"product_tag-bukk","8":"product_tag-diszfa","9":"product_tag-verbukk","11":"first","12":"outofstock","13":"shipping-taxable","14":"purchasable","15":"product-type-simple"},"yoast_head":"<!-- This site is optimized with the Yoast SEO plugin v27.3 - https:\/\/yoast.com\/product\/yoast-seo-wordpress\/ -->\n<title>Fagus sylvatica &#039;Atropurpurea&#039; V\u00e9rb\u00fckk - T\u00e1jkert\u00e9sz<\/title>\n<meta name=\"description\" content=\"Fagus sylvatica &#039;Atropurpurea&#039; V\u00e9rb\u00fckk kifejlett kor\u00e1ban 15-20 m d\u00edszfa.A b\u00fckk szerte Eur\u00f3p\u00e1ban \u0151shonos,\u00a0 jelent\u0151s gazdas\u00e1gi \u00e9rt\u00e9ket k\u00e9pvisel\u0151 fafaj.\u00a0\" \/>\n<meta name=\"robots\" content=\"index, follow, max-snippet:-1, max-image-preview:large, max-video-preview:-1\" \/>\n<link rel=\"canonical\" href=\"https:\/\/tajkertesz.com\/en_US\/product\/fagus-sylvatica-atropurpurea-verbukk\/\" \/>\n<meta property=\"og:locale\" content=\"en_US\" \/>\n<meta property=\"og:type\" content=\"article\" \/>\n<meta property=\"og:title\" content=\"Fagus sylvatica &#039;Atropurpurea&#039; V\u00e9rb\u00fckk - T\u00e1jkert\u00e9sz\" \/>\n<meta property=\"og:description\" content=\"Fagus sylvatica &#039;Atropurpurea&#039; V\u00e9rb\u00fckk kifejlett kor\u00e1ban 15-20 m d\u00edszfa.A b\u00fckk szerte Eur\u00f3p\u00e1ban \u0151shonos,\u00a0 jelent\u0151s gazdas\u00e1gi \u00e9rt\u00e9ket k\u00e9pvisel\u0151 fafaj.\u00a0\" \/>\n<meta property=\"og:url\" content=\"https:\/\/tajkertesz.com\/en_US\/product\/fagus-sylvatica-atropurpurea-verbukk\/\" \/>\n<meta property=\"og:site_name\" content=\"T\u00e1jkert\u00e9sz\" \/>\n<meta property=\"article:publisher\" content=\"https:\/\/www.facebook.com\/Tajkertesz\/\" \/>\n<meta property=\"article:modified_time\" content=\"2023-12-15T08:23:00+00:00\" \/>\n<meta property=\"og:image\" content=\"https:\/\/tajkertesz.com\/wp-content\/uploads\/2020\/02\/images-1.jpg\" \/>\n\t<meta property=\"og:image:width\" content=\"183\" \/>\n\t<meta property=\"og:image:height\" content=\"275\" \/>\n\t<meta property=\"og:image:type\" content=\"image\/jpeg\" \/>\n<meta name=\"twitter:card\" content=\"summary_large_image\" \/>\n<meta name=\"twitter:label1\" content=\"Est. reading time\" \/>\n\t<meta name=\"twitter:data1\" content=\"2 minutes\" \/>\n<script type=\"application\/ld+json\" class=\"yoast-schema-graph\">{\"@context\":\"https:\\\/\\\/schema.org\",\"@graph\":[{\"@type\":\"WebPage\",\"@id\":\"https:\\\/\\\/tajkertesz.com\\\/termek\\\/fagus-sylvatica-atropurpurea-verbukk\\\/\",\"url\":\"https:\\\/\\\/tajkertesz.com\\\/termek\\\/fagus-sylvatica-atropurpurea-verbukk\\\/\",\"name\":\"Fagus sylvatica 'Atropurpurea' V\u00e9rb\u00fckk - T\u00e1jkert\u00e9sz\",\"isPartOf\":{\"@id\":\"https:\\\/\\\/tajkertesz.com\\\/#website\"},\"primaryImageOfPage\":{\"@id\":\"https:\\\/\\\/tajkertesz.com\\\/termek\\\/fagus-sylvatica-atropurpurea-verbukk\\\/#primaryimage\"},\"image\":{\"@id\":\"https:\\\/\\\/tajkertesz.com\\\/termek\\\/fagus-sylvatica-atropurpurea-verbukk\\\/#primaryimage\"},\"thumbnailUrl\":\"https:\\\/\\\/tajkertesz.com\\\/wp-content\\\/uploads\\\/2020\\\/02\\\/images-1.jpg\",\"datePublished\":\"2020-02-17T12:53:50+00:00\",\"dateModified\":\"2023-12-15T08:23:00+00:00\",\"description\":\"Fagus sylvatica 'Atropurpurea' V\u00e9rb\u00fckk kifejlett kor\u00e1ban 15-20 m d\u00edszfa.A b\u00fckk szerte Eur\u00f3p\u00e1ban \u0151shonos,\u00a0 jelent\u0151s gazdas\u00e1gi \u00e9rt\u00e9ket k\u00e9pvisel\u0151 fafaj.\u00a0\",\"breadcrumb\":{\"@id\":\"https:\\\/\\\/tajkertesz.com\\\/termek\\\/fagus-sylvatica-atropurpurea-verbukk\\\/#breadcrumb\"},\"inLanguage\":\"en-US\",\"potentialAction\":[{\"@type\":\"ReadAction\",\"target\":[\"https:\\\/\\\/tajkertesz.com\\\/termek\\\/fagus-sylvatica-atropurpurea-verbukk\\\/\"]}]},{\"@type\":\"ImageObject\",\"inLanguage\":\"en-US\",\"@id\":\"https:\\\/\\\/tajkertesz.com\\\/termek\\\/fagus-sylvatica-atropurpurea-verbukk\\\/#primaryimage\",\"url\":\"https:\\\/\\\/tajkertesz.com\\\/wp-content\\\/uploads\\\/2020\\\/02\\\/images-1.jpg\",\"contentUrl\":\"https:\\\/\\\/tajkertesz.com\\\/wp-content\\\/uploads\\\/2020\\\/02\\\/images-1.jpg\",\"width\":183,\"height\":275},{\"@type\":\"BreadcrumbList\",\"@id\":\"https:\\\/\\\/tajkertesz.com\\\/termek\\\/fagus-sylvatica-atropurpurea-verbukk\\\/#breadcrumb\",\"itemListElement\":[{\"@type\":\"ListItem\",\"position\":1,\"name\":\"Home\",\"item\":\"https:\\\/\\\/tajkertesz.com\\\/\"},{\"@type\":\"ListItem\",\"position\":2,\"name\":\"Kezd\u0151lap\",\"item\":\"https:\\\/\\\/tajkertesz.com\\\/\"},{\"@type\":\"ListItem\",\"position\":3,\"name\":\"Fagus sylvatica &#8216;Atropurpurea&#8217; V\u00e9rb\u00fckk\"}]},{\"@type\":\"WebSite\",\"@id\":\"https:\\\/\\\/tajkertesz.com\\\/#website\",\"url\":\"https:\\\/\\\/tajkertesz.com\\\/\",\"name\":\"T\u00e1j-Kert\u00e9sz 84 Kft.\",\"description\":\"Kert\u00e9szeti kis- \u00e9s nagykeresked\u00e9s, D\u00edszn\u00f6v\u00e9ny web\u00e1ruh\u00e1z orsz\u00e1gos h\u00e1zhozsz\u00e1ll\u00edt\u00e1ssal!\",\"publisher\":{\"@id\":\"https:\\\/\\\/tajkertesz.com\\\/#organization\"},\"potentialAction\":[{\"@type\":\"SearchAction\",\"target\":{\"@type\":\"EntryPoint\",\"urlTemplate\":\"https:\\\/\\\/tajkertesz.com\\\/?s={search_term_string}\"},\"query-input\":{\"@type\":\"PropertyValueSpecification\",\"valueRequired\":true,\"valueName\":\"search_term_string\"}}],\"inLanguage\":\"en-US\"},{\"@type\":\"Organization\",\"@id\":\"https:\\\/\\\/tajkertesz.com\\\/#organization\",\"name\":\"T\u00e1j-Kert\u00e9sz 84 Kft.\",\"url\":\"https:\\\/\\\/tajkertesz.com\\\/\",\"logo\":{\"@type\":\"ImageObject\",\"inLanguage\":\"en-US\",\"@id\":\"https:\\\/\\\/tajkertesz.com\\\/#\\\/schema\\\/logo\\\/image\\\/\",\"url\":\"https:\\\/\\\/tajkertesz.com\\\/wp-content\\\/uploads\\\/2018\\\/02\\\/logo-2-e1518678052539.png\",\"contentUrl\":\"https:\\\/\\\/tajkertesz.com\\\/wp-content\\\/uploads\\\/2018\\\/02\\\/logo-2-e1518678052539.png\",\"width\":81,\"height\":140,\"caption\":\"T\u00e1j-Kert\u00e9sz 84 Kft.\"},\"image\":{\"@id\":\"https:\\\/\\\/tajkertesz.com\\\/#\\\/schema\\\/logo\\\/image\\\/\"},\"sameAs\":[\"https:\\\/\\\/www.facebook.com\\\/Tajkertesz\\\/\"]}]}<\/script>\n<!-- \/ Yoast SEO plugin. -->","yoast_head_json":{"title":"Fagus sylvatica 'Atropurpurea' V\u00e9rb\u00fckk - T\u00e1jkert\u00e9sz","description":"Fagus sylvatica 'Atropurpurea' V\u00e9rb\u00fckk kifejlett kor\u00e1ban 15-20 m d\u00edszfa.A b\u00fckk szerte Eur\u00f3p\u00e1ban \u0151shonos,\u00a0 jelent\u0151s gazdas\u00e1gi \u00e9rt\u00e9ket k\u00e9pvisel\u0151 fafaj.\u00a0","robots":{"index":"index","follow":"follow","max-snippet":"max-snippet:-1","max-image-preview":"max-image-preview:large","max-video-preview":"max-video-preview:-1"},"canonical":"https:\/\/tajkertesz.com\/en_US\/product\/fagus-sylvatica-atropurpurea-verbukk\/","og_locale":"en_US","og_type":"article","og_title":"Fagus sylvatica 'Atropurpurea' V\u00e9rb\u00fckk - T\u00e1jkert\u00e9sz","og_description":"Fagus sylvatica 'Atropurpurea' V\u00e9rb\u00fckk kifejlett kor\u00e1ban 15-20 m d\u00edszfa.A b\u00fckk szerte Eur\u00f3p\u00e1ban \u0151shonos,\u00a0 jelent\u0151s gazdas\u00e1gi \u00e9rt\u00e9ket k\u00e9pvisel\u0151 fafaj.\u00a0","og_url":"https:\/\/tajkertesz.com\/en_US\/product\/fagus-sylvatica-atropurpurea-verbukk\/","og_site_name":"T\u00e1jkert\u00e9sz","article_publisher":"https:\/\/www.facebook.com\/Tajkertesz\/","article_modified_time":"2023-12-15T08:23:00+00:00","og_image":[{"width":183,"height":275,"url":"https:\/\/tajkertesz.com\/wp-content\/uploads\/2020\/02\/images-1.jpg","type":"image\/jpeg"}],"twitter_card":"summary_large_image","twitter_misc":{"Est. reading time":"2 minutes"},"schema":{"@context":"https:\/\/schema.org","@graph":[{"@type":"WebPage","@id":"https:\/\/tajkertesz.com\/termek\/fagus-sylvatica-atropurpurea-verbukk\/","url":"https:\/\/tajkertesz.com\/termek\/fagus-sylvatica-atropurpurea-verbukk\/","name":"Fagus sylvatica 'Atropurpurea' V\u00e9rb\u00fckk - T\u00e1jkert\u00e9sz","isPartOf":{"@id":"https:\/\/tajkertesz.com\/#website"},"primaryImageOfPage":{"@id":"https:\/\/tajkertesz.com\/termek\/fagus-sylvatica-atropurpurea-verbukk\/#primaryimage"},"image":{"@id":"https:\/\/tajkertesz.com\/termek\/fagus-sylvatica-atropurpurea-verbukk\/#primaryimage"},"thumbnailUrl":"https:\/\/tajkertesz.com\/wp-content\/uploads\/2020\/02\/images-1.jpg","datePublished":"2020-02-17T12:53:50+00:00","dateModified":"2023-12-15T08:23:00+00:00","description":"Fagus sylvatica 'Atropurpurea' V\u00e9rb\u00fckk kifejlett kor\u00e1ban 15-20 m d\u00edszfa.A b\u00fckk szerte Eur\u00f3p\u00e1ban \u0151shonos,\u00a0 jelent\u0151s gazdas\u00e1gi \u00e9rt\u00e9ket k\u00e9pvisel\u0151 fafaj.\u00a0","breadcrumb":{"@id":"https:\/\/tajkertesz.com\/termek\/fagus-sylvatica-atropurpurea-verbukk\/#breadcrumb"},"inLanguage":"en-US","potentialAction":[{"@type":"ReadAction","target":["https:\/\/tajkertesz.com\/termek\/fagus-sylvatica-atropurpurea-verbukk\/"]}]},{"@type":"ImageObject","inLanguage":"en-US","@id":"https:\/\/tajkertesz.com\/termek\/fagus-sylvatica-atropurpurea-verbukk\/#primaryimage","url":"https:\/\/tajkertesz.com\/wp-content\/uploads\/2020\/02\/images-1.jpg","contentUrl":"https:\/\/tajkertesz.com\/wp-content\/uploads\/2020\/02\/images-1.jpg","width":183,"height":275},{"@type":"BreadcrumbList","@id":"https:\/\/tajkertesz.com\/termek\/fagus-sylvatica-atropurpurea-verbukk\/#breadcrumb","itemListElement":[{"@type":"ListItem","position":1,"name":"Home","item":"https:\/\/tajkertesz.com\/"},{"@type":"ListItem","position":2,"name":"Kezd\u0151lap","item":"https:\/\/tajkertesz.com\/"},{"@type":"ListItem","position":3,"name":"Fagus sylvatica &#8216;Atropurpurea&#8217; V\u00e9rb\u00fckk"}]},{"@type":"WebSite","@id":"https:\/\/tajkertesz.com\/#website","url":"https:\/\/tajkertesz.com\/","name":"T\u00e1j-Kert\u00e9sz 84 Kft.","description":"Kert\u00e9szeti kis- \u00e9s nagykeresked\u00e9s, D\u00edszn\u00f6v\u00e9ny web\u00e1ruh\u00e1z orsz\u00e1gos h\u00e1zhozsz\u00e1ll\u00edt\u00e1ssal!","publisher":{"@id":"https:\/\/tajkertesz.com\/#organization"},"potentialAction":[{"@type":"SearchAction","target":{"@type":"EntryPoint","urlTemplate":"https:\/\/tajkertesz.com\/?s={search_term_string}"},"query-input":{"@type":"PropertyValueSpecification","valueRequired":true,"valueName":"search_term_string"}}],"inLanguage":"en-US"},{"@type":"Organization","@id":"https:\/\/tajkertesz.com\/#organization","name":"T\u00e1j-Kert\u00e9sz 84 Kft.","url":"https:\/\/tajkertesz.com\/","logo":{"@type":"ImageObject","inLanguage":"en-US","@id":"https:\/\/tajkertesz.com\/#\/schema\/logo\/image\/","url":"https:\/\/tajkertesz.com\/wp-content\/uploads\/2018\/02\/logo-2-e1518678052539.png","contentUrl":"https:\/\/tajkertesz.com\/wp-content\/uploads\/2018\/02\/logo-2-e1518678052539.png","width":81,"height":140,"caption":"T\u00e1j-Kert\u00e9sz 84 Kft."},"image":{"@id":"https:\/\/tajkertesz.com\/#\/schema\/logo\/image\/"},"sameAs":["https:\/\/www.facebook.com\/Tajkertesz\/"]}]}},"_links":{"self":[{"href":"https:\/\/tajkertesz.com\/en_US\/wp-json\/wp\/v2\/product\/825","targetHints":{"allow":["GET"]}}],"collection":[{"href":"https:\/\/tajkertesz.com\/en_US\/wp-json\/wp\/v2\/product"}],"about":[{"href":"https:\/\/tajkertesz.com\/en_US\/wp-json\/wp\/v2\/types\/product"}],"wp:featuredmedia":[{"embeddable":true,"href":"https:\/\/tajkertesz.com\/en_US\/wp-json\/wp\/v2\/media\/827"}],"wp:attachment":[{"href":"https:\/\/tajkertesz.com\/en_US\/wp-json\/wp\/v2\/media?parent=825"}],"wp:term":[{"taxonomy":"product_brand","embeddable":true,"href":"https:\/\/tajkertesz.com\/en_US\/wp-json\/wp\/v2\/product_brand?post=825"},{"taxonomy":"product_cat","embeddable":true,"href":"https:\/\/tajkertesz.com\/en_US\/wp-json\/wp\/v2\/product_cat?post=825"},{"taxonomy":"product_tag","embeddable":true,"href":"https:\/\/tajkertesz.com\/en_US\/wp-json\/wp\/v2\/product_tag?post=825"}],"curies":[{"name":"wp","href":"https:\/\/api.w.org\/{rel}","templated":true}]}}