{"id":826,"date":"2020-02-17T13:04:42","date_gmt":"2020-02-17T13:04:42","guid":{"rendered":"https:\/\/tajkertesz.com\/?post_type=product&#038;p=826"},"modified":"2023-12-13T14:20:45","modified_gmt":"2023-12-13T14:20:45","slug":"ginkgo-biloba-pafranyfenyo","status":"publish","type":"product","link":"https:\/\/tajkertesz.com\/en_US\/product\/ginkgo-biloba-pafranyfenyo\/","title":{"rendered":"Ginkgo biloba, P\u00e1fr\u00e1nyfeny\u0151"},"content":{"rendered":"<p>Ginkgo biloba, P\u00e1fr\u00e1nyfeny\u0151<\/p>\n<p>A Ginkgo biloba , P\u00e1fr\u00e1nyfeny\u0151 a legellen\u00e1l\u00f3bb fa fajta amit ismer\u00fcnk. Tavaszt\u00f3l szedhet\u0151 leveleit gy\u00f3gy\u00e1szati c\u00e9lokra hasznos\u00edtj\u00e1k.<\/p>\n<p><b>N\u00f6veked\u00e9s, alak:<\/b> Ak\u00e1r 40 m magasra megn\u00f6v\u0151, lombhullat\u00f3 fa. Sz\u00e9les k\u00fap <span style=\"color: #003300;\">alak\u00fa.<\/span><br \/>\n<b>Lev\u00e9l:<\/b>\u00a0Legyez\u0151 alak\u00fa, z\u00f6ld, \u0151sszel s\u00e1rg\u00e1ra sz\u00ednez\u0151d\u0151, lehull\u00f3.<br \/>\n<b>Vir\u00e1g:<\/b>\u00a0Egyedei h\u00edm- vagy n\u0151ivar\u00faak, vir\u00e1gai nem felt\u0171n\u0151ek.<br \/>\n<b>Term\u00e9s:<\/b>\u00a0A n\u0151ivar\u00fa egyedek term\u00e9sei h\u00fasosak, apr\u00f3 szilvaterm\u00e9shez hasonlatosak, s\u00e1rg\u00e1s-z\u00f6ldek, 2,5 cm hossz\u00faak, 2 maggal. \u00c9retten kellemetlen illat\u00faak. Magja \u00e9des, kelet-\u00e1zsi\u00e1ban fogyasztj\u00e1k.<br \/>\n<b>Term\u0151hely, ig\u00e9ny:<\/b>\u00a0Laz\u00e1bb, v\u00edz\u00e1tereszt\u0151, leveg\u0151sebb, semleges k\u00e9mhat\u00e1s\u00fa talajt kedvel, nem ig\u00e9nyes.<br \/>\n<b>Felhaszn\u00e1l\u00e1s:<\/b>\u00a0Parkfa, sorfa.<\/p>\n<p><strong>K\u00fcl\u00f6nleges tudnival\u00f3k :<\/strong><\/p>\n<p><span style=\"color: #003300;\">T<span style=\"text-decoration: underline;\">avaszt\u00f3l \u0151szig szedhet\u0151 leveleit gy\u00f3gy\u00e1szati c\u00e9lokra hasznos\u00edtj\u00e1k, \u00edgy az agy\u00a0<a class=\"new\" style=\"color: #003300; text-decoration: underline;\" title=\"V\u00e9rell\u00e1t\u00e1s (a lap nem l\u00e9tezik)\" href=\"https:\/\/hu.wikipedia.org\/w\/index.php?title=V%C3%A9rell%C3%A1t%C3%A1s&amp;action=edit&amp;redlink=1\">v\u00e9rell\u00e1t\u00e1s\u00e1nak<\/a>\u00a0zavarai, sz\u00e9d\u00fcl\u00e9s, f\u00fclz\u00fag\u00e1s, hall\u00e1sgyeng\u00fcl\u00e9s gy\u00f3gy\u00edt\u00e1s\u00e1ra. J\u00f3t\u00e9konyan hatnak a\u00a0<a class=\"new\" style=\"color: #003300; text-decoration: underline;\" title=\"Vissz\u00e9rt\u00e1gulat (a lap nem l\u00e9tezik)\" href=\"https:\/\/hu.wikipedia.org\/w\/index.php?title=Vissz%C3%A9rt%C3%A1gulat&amp;action=edit&amp;redlink=1\">vissz\u00e9rt\u00e1gulatra<\/a>, az\u00a0<a style=\"color: #003300; text-decoration: underline;\" title=\"Arany\u00e9r\" href=\"https:\/\/hu.wikipedia.org\/wiki\/Arany%C3%A9r\">arany\u00e9rre<\/a>\u00a0\u00e9s a l\u00e1bsz\u00e1r<a style=\"color: #003300; text-decoration: underline;\" title=\"Fek\u00e9ly\" href=\"https:\/\/hu.wikipedia.org\/wiki\/Fek%C3%A9ly\">fek\u00e9lyre<\/a>.<\/span><\/span><\/p>\n<p><span style=\"color: #003300;\"><span style=\"text-decoration: underline;\">Kutat\u00e1sok szerint hat\u00e1sos enyhe \u00e9s k\u00f6zepes\u00a0<a style=\"color: #003300; text-decoration: underline;\" title=\"Depresszi\u00f3\" href=\"https:\/\/hu.wikipedia.org\/wiki\/Depresszi%C3%B3\">depresszi\u00f3<\/a>,\u00a0<a style=\"color: #003300; text-decoration: underline;\" title=\"Impotencia\" href=\"https:\/\/hu.wikipedia.org\/wiki\/Impotencia\">impotencia<\/a>\u00a0kezel\u00e9s\u00e9re. A vizsg\u00e1latok kimutatt\u00e1k, hogy a p\u00e1fr\u00e1nyfeny\u0151 flavonoidjai j\u00f3 \u00e9rt\u00e1g\u00edt\u00f3k. Jav\u00edtj\u00e1k a b\u0151r \u00e9s az izmok v\u00e9rell\u00e1t\u00e1s\u00e1t, fokozz\u00e1k az\u00a0<a style=\"color: #003300; text-decoration: underline;\" title=\"Anyagcsere\" href=\"https:\/\/hu.wikipedia.org\/wiki\/Anyagcsere\">anyagcser\u00e9t<\/a>. Kiv\u00e1l\u00f3\u00a0<a style=\"color: #003300; text-decoration: underline;\" title=\"Antioxid\u00e1ns\" href=\"https:\/\/hu.wikipedia.org\/wiki\/Antioxid%C3%A1ns\">antioxid\u00e1ns<\/a>. A\u00a0<a style=\"color: #003300; text-decoration: underline;\" title=\"Homeop\u00e1tia\" href=\"https:\/\/hu.wikipedia.org\/wiki\/Homeop%C3%A1tia\">homeop\u00e1ti\u00e1ban<\/a>\u00a0<a class=\"new\" style=\"color: #003300; text-decoration: underline;\" title=\"Mandulagyullad\u00e1s (a lap nem l\u00e9tezik)\" href=\"https:\/\/hu.wikipedia.org\/w\/index.php?title=Mandulagyullad%C3%A1s&amp;action=edit&amp;redlink=1\">mandulagyullad\u00e1s<\/a>\u00a0\u00e9s\u00a0<a class=\"new\" style=\"color: #003300; text-decoration: underline;\" title=\"Fejf\u00e1j\u00e1s (a lap nem l\u00e9tezik)\" href=\"https:\/\/hu.wikipedia.org\/w\/index.php?title=Fejf%C3%A1j%C3%A1s&amp;action=edit&amp;redlink=1\">fejf\u00e1j\u00e1s<\/a>\u00a0ellen alkalmazz\u00e1k, azaz a\u00a0<a style=\"color: #003300; text-decoration: underline;\" title=\"Placebo\" href=\"https:\/\/hu.wikipedia.org\/wiki\/Placebo\">placebohat\u00e1st<\/a>\u00a0k\u00e9pes kiv\u00e1ltani a ginkgo felirat\u00fa, am\u00fagy hat\u00f3anyag n\u00e9lk\u00fcli k\u00e9sz\u00edtm\u00e9ny is<\/span>.<\/span><\/p>\n<p style=\"line-height: 18.0pt; background: white; margin: 0cm 0cm 15.0pt 0cm;\"><span style=\"font-family: 'Ubuntu',serif; color: black;\">Jelen term\u00e9k\u00fcnk 70 literes kont\u00e9nerben kaphat\u00f3 \u00e9s 4m magass\u00e1g\u00fa. T\u00f6rzsk\u00f6rm\u00e9rete 12\/14<\/span><\/p>\n<p style=\"line-height: 18.0pt; background: white; margin: 0cm 0cm 15.0pt 0cm;\"><b><span style=\"font-family: 'Ubuntu',serif; color: black;\">K\u00e9szlet\u00fcnk napi szinten v\u00e1ltozik, ez\u00e9rt k\u00e9rj\u00fck, \u00e9rdekl\u0151dj\u00f6n szem\u00e9lyesen, telefonon vagy email-en.<br \/>\nA v\u00e1ltoztat\u00e1s jog\u00e1t fenntartjuk!\u00a0<\/span><\/b><\/p>\n<p><a href=\"https:\/\/tajkertesz.com\/\">https:\/\/tajkertesz.com\/<\/a><\/p>\n<p><a href=\"https:\/\/hu.wikipedia.org\/wiki\/P%C3%A1fr%C3%A1nyfeny%C5%91\">https:\/\/hu.wikipedia.org\/wiki\/P%C3%A1fr%C3%A1nyfeny%C5%91<\/a><\/p>\n<p><span style=\"color: #ffffff;\">Gingko biloba, P\u00e1fr\u00e1nyfeny\u0151<\/span><\/p>\n<p><span style=\"color: #333333;\"><b>\u00a0<\/b><\/span><\/p>\n<p><span style=\"color: #ffffff;\"><b>Felhaszn\u00e1l\u00e1s:<\/b><\/span><\/p>\n<p><span style=\"color: #ffffff;\"><b>\u00a0N\u00f6veked\u00e9s, alak:<\/b>\u00a0Ak\u00e1r 40 m magasra megn\u00f6v\u0151, lombhullat\u00f3 feny\u0151. Sz\u00e9les k\u00fap alak\u00fa.<\/span><br \/>\n<span style=\"color: #ffffff;\"><b>Lev\u00e9l:<\/b>\u00a0Legyez\u0151 alak\u00fa, z\u00f6ld, \u0151sszel s\u00e1rg\u00e1ra sz\u00ednez\u0151d\u0151, lehull\u00f3.<\/span><br \/>\n<span style=\"color: #ffffff;\"><b>Vir\u00e1g:<\/b>\u00a0Egyedei h\u00edm- vagy n\u0151ivar\u00faak, vir\u00e1gai nem felt\u0171n\u0151ek.<\/span><br \/>\n<span style=\"color: #ffffff;\"><b>Term\u00e9s:<\/b>\u00a0A n\u0151ivar\u00fa egyedek term\u00e9sei h\u00fasosak, apr\u00f3 szilvaterm\u00e9shez hasonlatosak, s\u00e1rg\u00e1s-z\u00f6ldek, 2,5 cm hossz\u00faak, 2 maggal. \u00c9retten kellemetlen illat\u00faak. Magja \u00e9des, kelet-\u00e1zsi\u00e1ban fogyasztj\u00e1k.<\/span><br \/>\n<span style=\"color: #ffffff;\"><b>Term\u0151hely, ig\u00e9ny:<\/b>\u00a0Laz\u00e1bb, v\u00edz\u00e1tereszt\u0151, leveg\u0151sebb, semleges k\u00e9mhat\u00e1s\u00fa talajt kedvel, nem ig\u00e9nyes.<\/span><br \/>\n<span style=\"color: #ffffff;\"><b>Felhaszn\u00e1l\u00e1s:<\/b>\u00a0Parkfa, sorfa.<\/span><\/p>\n<p>&nbsp;<\/p>\n<p style=\"line-height: 18.0pt; background: white; margin: 0cm 0cm 15.0pt 0cm;\"><span style=\"font-family: Ubuntu, serif; color: #ffffff;\">\u00a0El\u00e9rhet\u0151 t\u00f6bbf\u00e9le m\u00e9retben \u00e9s \u00e1rban.<\/span><\/p>\n<p style=\"line-height: 18.0pt; background: white; margin: 0cm 0cm 15.0pt 0cm;\"><span style=\"color: #ffffff;\"><b><span style=\"font-family: Ubuntu, serif;\">K\u00e9szlet\u00fcnk napi szinten v\u00e1ltozik, ez\u00e9rt k\u00e9rj\u00fck, \u00e9rdekl\u0151dj\u00f6n szem\u00e9lyesen, telefonon vagy email-en.<br \/>\nA v\u00e1ltoztat\u00e1s jog\u00e1t fenntartjuk!\u00a0<\/span><\/b><\/span><\/p>\n<p><span style=\"color: #ffffff;\">Ism\u00e9t :<\/span><\/p>\n<p>&nbsp;<\/p>\n<p style=\"line-height: 18.0pt; background: white; margin: 0cm 0cm 15.0pt 0cm;\"><span style=\"font-family: Ubuntu, serif; color: #ffffff;\">El\u00e9rhet\u0151 t\u00f6bbf\u00e9le m\u00e9retben \u00e9s \u00e1rban.<\/span><\/p>\n<p style=\"line-height: 18.0pt; background: white; margin: 0cm 0cm 15.0pt 0cm;\"><span style=\"color: #ffffff;\"><b><span style=\"font-family: Ubuntu, serif;\">K\u00e9szlet\u00fcnk napi szinten v\u00e1ltozik, ez\u00e9rt k\u00e9rj\u00fck, \u00e9rdekl\u0151dj\u00f6n szem\u00e9lyesen, telefonon vagy email-en.<br \/>\nA v\u00e1ltoztat\u00e1s jog\u00e1t fenntartjuk!\u00a0<\/span><\/b><\/span><\/p>\n<p style=\"line-height: 18.0pt; background: white; margin: 0cm 0cm 15.0pt 0cm;\">","protected":false},"excerpt":{"rendered":"<p>Ginkgo biloba, P\u00e1fr\u00e1nyfeny\u0151<\/p>\n<p><b>N\u00f6veked\u00e9s, alak:<\/b>\u00a0Ak\u00e1r 40 m magasra megn\u00f6v\u0151, lombhullat\u00f3 feny\u0151. Sz\u00e9les k\u00fap <span style=\"color: #003300;\">alak\u00fa.<\/span><br \/>\n<b>Lev\u00e9l:<\/b>\u00a0Legyez\u0151 alak\u00fa, z\u00f6ld, \u0151sszel s\u00e1rg\u00e1ra sz\u00ednez\u0151d\u0151, lehull\u00f3.<br \/>\n<b>Vir\u00e1g:<\/b>\u00a0Egyedei h\u00edm- vagy n\u0151ivar\u00faak, vir\u00e1gai nem felt\u0171n\u0151ek.<br \/>\n<b>Term\u00e9s:<\/b>\u00a0A n\u0151ivar\u00fa egyedek term\u00e9sei h\u00fasosak, apr\u00f3 szilvaterm\u00e9shez hasonlatosak, s\u00e1rg\u00e1s-z\u00f6ldek, 2,5 cm hossz\u00faak, 2 maggal. \u00c9retten kellemetlen illat\u00faak. Magja \u00e9des, kelet-\u00e1zsi\u00e1ban fogyasztj\u00e1k.<br \/>\n<b>Term\u0151hely, ig\u00e9ny:<\/b>\u00a0Laz\u00e1bb, v\u00edz\u00e1tereszt\u0151, leveg\u0151sebb, semleges k\u00e9mhat\u00e1s\u00fa talajt kedvel, nem ig\u00e9nyes.<br \/>\n<b>Felhaszn\u00e1l\u00e1s:<\/b>\u00a0Parkfa, sorfa.<\/p>","protected":false},"featured_media":833,"template":"","meta":{"_et_pb_use_builder":"","_et_pb_old_content":"","_et_gb_content_width":""},"product_brand":[],"product_cat":[28],"product_tag":[79,78,76,77],"class_list":{"0":"post-826","1":"product","2":"type-product","3":"status-publish","4":"has-post-thumbnail","6":"product_cat-diszfak","7":"product_tag-biloba","8":"product_tag-gingko","9":"product_tag-gingko-biloba","10":"product_tag-pafranyfenyo","12":"first","13":"instock","14":"shipping-taxable","15":"purchasable","16":"product-type-simple"},"yoast_head":"<!-- This site is optimized with the Yoast SEO plugin v27.3 - https:\/\/yoast.com\/product\/yoast-seo-wordpress\/ -->\n<title>Ginkgo biloba, P\u00e1fr\u00e1nyfeny\u0151 -<\/title>\n<meta name=\"description\" content=\"A Ginkgo biloba , P\u00e1fr\u00e1nyfeny\u0151 a legellen\u00e1l\u00f3bb fa fajta amit ismer\u00fcnk. Tavaszt\u00f3l szedhet\u0151 leveleit gy\u00f3gy\u00e1szati c\u00e9lokra hasznos\u00edtj\u00e1k.\" \/>\n<meta name=\"robots\" content=\"index, follow, max-snippet:-1, max-image-preview:large, max-video-preview:-1\" \/>\n<link rel=\"canonical\" href=\"https:\/\/tajkertesz.com\/en_US\/product\/ginkgo-biloba-pafranyfenyo\/\" \/>\n<meta property=\"og:locale\" content=\"en_US\" \/>\n<meta property=\"og:type\" content=\"article\" \/>\n<meta property=\"og:title\" content=\"Ginkgo biloba, P\u00e1fr\u00e1nyfeny\u0151 -\" \/>\n<meta property=\"og:description\" content=\"A Ginkgo biloba , P\u00e1fr\u00e1nyfeny\u0151 a legellen\u00e1l\u00f3bb fa fajta amit ismer\u00fcnk. Tavaszt\u00f3l szedhet\u0151 leveleit gy\u00f3gy\u00e1szati c\u00e9lokra hasznos\u00edtj\u00e1k.\" \/>\n<meta property=\"og:url\" content=\"https:\/\/tajkertesz.com\/en_US\/product\/ginkgo-biloba-pafranyfenyo\/\" \/>\n<meta property=\"og:site_name\" content=\"T\u00e1jkert\u00e9sz\" \/>\n<meta property=\"article:publisher\" content=\"https:\/\/www.facebook.com\/Tajkertesz\/\" \/>\n<meta property=\"article:modified_time\" content=\"2023-12-13T14:20:45+00:00\" \/>\n<meta property=\"og:image\" content=\"https:\/\/tajkertesz.com\/wp-content\/uploads\/2020\/02\/Gingko4.jpg\" \/>\n\t<meta property=\"og:image:width\" content=\"275\" \/>\n\t<meta property=\"og:image:height\" content=\"183\" \/>\n\t<meta property=\"og:image:type\" content=\"image\/jpeg\" \/>\n<meta name=\"twitter:card\" content=\"summary_large_image\" \/>\n<meta name=\"twitter:label1\" content=\"Est. reading time\" \/>\n\t<meta name=\"twitter:data1\" content=\"2 minutes\" \/>\n<script type=\"application\/ld+json\" class=\"yoast-schema-graph\">{\"@context\":\"https:\\\/\\\/schema.org\",\"@graph\":[{\"@type\":\"WebPage\",\"@id\":\"https:\\\/\\\/tajkertesz.com\\\/termek\\\/ginkgo-biloba-pafranyfenyo\\\/\",\"url\":\"https:\\\/\\\/tajkertesz.com\\\/termek\\\/ginkgo-biloba-pafranyfenyo\\\/\",\"name\":\"Ginkgo biloba, P\u00e1fr\u00e1nyfeny\u0151 -\",\"isPartOf\":{\"@id\":\"https:\\\/\\\/tajkertesz.com\\\/#website\"},\"primaryImageOfPage\":{\"@id\":\"https:\\\/\\\/tajkertesz.com\\\/termek\\\/ginkgo-biloba-pafranyfenyo\\\/#primaryimage\"},\"image\":{\"@id\":\"https:\\\/\\\/tajkertesz.com\\\/termek\\\/ginkgo-biloba-pafranyfenyo\\\/#primaryimage\"},\"thumbnailUrl\":\"https:\\\/\\\/tajkertesz.com\\\/wp-content\\\/uploads\\\/2020\\\/02\\\/Gingko4.jpg\",\"datePublished\":\"2020-02-17T13:04:42+00:00\",\"dateModified\":\"2023-12-13T14:20:45+00:00\",\"description\":\"A Ginkgo biloba , P\u00e1fr\u00e1nyfeny\u0151 a legellen\u00e1l\u00f3bb fa fajta amit ismer\u00fcnk. Tavaszt\u00f3l szedhet\u0151 leveleit gy\u00f3gy\u00e1szati c\u00e9lokra hasznos\u00edtj\u00e1k.\",\"breadcrumb\":{\"@id\":\"https:\\\/\\\/tajkertesz.com\\\/termek\\\/ginkgo-biloba-pafranyfenyo\\\/#breadcrumb\"},\"inLanguage\":\"en-US\",\"potentialAction\":[{\"@type\":\"ReadAction\",\"target\":[\"https:\\\/\\\/tajkertesz.com\\\/termek\\\/ginkgo-biloba-pafranyfenyo\\\/\"]}]},{\"@type\":\"ImageObject\",\"inLanguage\":\"en-US\",\"@id\":\"https:\\\/\\\/tajkertesz.com\\\/termek\\\/ginkgo-biloba-pafranyfenyo\\\/#primaryimage\",\"url\":\"https:\\\/\\\/tajkertesz.com\\\/wp-content\\\/uploads\\\/2020\\\/02\\\/Gingko4.jpg\",\"contentUrl\":\"https:\\\/\\\/tajkertesz.com\\\/wp-content\\\/uploads\\\/2020\\\/02\\\/Gingko4.jpg\",\"width\":275,\"height\":183},{\"@type\":\"BreadcrumbList\",\"@id\":\"https:\\\/\\\/tajkertesz.com\\\/termek\\\/ginkgo-biloba-pafranyfenyo\\\/#breadcrumb\",\"itemListElement\":[{\"@type\":\"ListItem\",\"position\":1,\"name\":\"Home\",\"item\":\"https:\\\/\\\/tajkertesz.com\\\/\"},{\"@type\":\"ListItem\",\"position\":2,\"name\":\"Kezd\u0151lap\",\"item\":\"https:\\\/\\\/tajkertesz.com\\\/\"},{\"@type\":\"ListItem\",\"position\":3,\"name\":\"Ginkgo biloba, P\u00e1fr\u00e1nyfeny\u0151\"}]},{\"@type\":\"WebSite\",\"@id\":\"https:\\\/\\\/tajkertesz.com\\\/#website\",\"url\":\"https:\\\/\\\/tajkertesz.com\\\/\",\"name\":\"T\u00e1j-Kert\u00e9sz 84 Kft.\",\"description\":\"Kert\u00e9szeti kis- \u00e9s nagykeresked\u00e9s, D\u00edszn\u00f6v\u00e9ny web\u00e1ruh\u00e1z orsz\u00e1gos h\u00e1zhozsz\u00e1ll\u00edt\u00e1ssal!\",\"publisher\":{\"@id\":\"https:\\\/\\\/tajkertesz.com\\\/#organization\"},\"potentialAction\":[{\"@type\":\"SearchAction\",\"target\":{\"@type\":\"EntryPoint\",\"urlTemplate\":\"https:\\\/\\\/tajkertesz.com\\\/?s={search_term_string}\"},\"query-input\":{\"@type\":\"PropertyValueSpecification\",\"valueRequired\":true,\"valueName\":\"search_term_string\"}}],\"inLanguage\":\"en-US\"},{\"@type\":\"Organization\",\"@id\":\"https:\\\/\\\/tajkertesz.com\\\/#organization\",\"name\":\"T\u00e1j-Kert\u00e9sz 84 Kft.\",\"url\":\"https:\\\/\\\/tajkertesz.com\\\/\",\"logo\":{\"@type\":\"ImageObject\",\"inLanguage\":\"en-US\",\"@id\":\"https:\\\/\\\/tajkertesz.com\\\/#\\\/schema\\\/logo\\\/image\\\/\",\"url\":\"https:\\\/\\\/tajkertesz.com\\\/wp-content\\\/uploads\\\/2018\\\/02\\\/logo-2-e1518678052539.png\",\"contentUrl\":\"https:\\\/\\\/tajkertesz.com\\\/wp-content\\\/uploads\\\/2018\\\/02\\\/logo-2-e1518678052539.png\",\"width\":81,\"height\":140,\"caption\":\"T\u00e1j-Kert\u00e9sz 84 Kft.\"},\"image\":{\"@id\":\"https:\\\/\\\/tajkertesz.com\\\/#\\\/schema\\\/logo\\\/image\\\/\"},\"sameAs\":[\"https:\\\/\\\/www.facebook.com\\\/Tajkertesz\\\/\"]}]}<\/script>\n<!-- \/ Yoast SEO plugin. -->","yoast_head_json":{"title":"Ginkgo biloba, P\u00e1fr\u00e1nyfeny\u0151 -","description":"A Ginkgo biloba , P\u00e1fr\u00e1nyfeny\u0151 a legellen\u00e1l\u00f3bb fa fajta amit ismer\u00fcnk. Tavaszt\u00f3l szedhet\u0151 leveleit gy\u00f3gy\u00e1szati c\u00e9lokra hasznos\u00edtj\u00e1k.","robots":{"index":"index","follow":"follow","max-snippet":"max-snippet:-1","max-image-preview":"max-image-preview:large","max-video-preview":"max-video-preview:-1"},"canonical":"https:\/\/tajkertesz.com\/en_US\/product\/ginkgo-biloba-pafranyfenyo\/","og_locale":"en_US","og_type":"article","og_title":"Ginkgo biloba, P\u00e1fr\u00e1nyfeny\u0151 -","og_description":"A Ginkgo biloba , P\u00e1fr\u00e1nyfeny\u0151 a legellen\u00e1l\u00f3bb fa fajta amit ismer\u00fcnk. Tavaszt\u00f3l szedhet\u0151 leveleit gy\u00f3gy\u00e1szati c\u00e9lokra hasznos\u00edtj\u00e1k.","og_url":"https:\/\/tajkertesz.com\/en_US\/product\/ginkgo-biloba-pafranyfenyo\/","og_site_name":"T\u00e1jkert\u00e9sz","article_publisher":"https:\/\/www.facebook.com\/Tajkertesz\/","article_modified_time":"2023-12-13T14:20:45+00:00","og_image":[{"width":275,"height":183,"url":"https:\/\/tajkertesz.com\/wp-content\/uploads\/2020\/02\/Gingko4.jpg","type":"image\/jpeg"}],"twitter_card":"summary_large_image","twitter_misc":{"Est. reading time":"2 minutes"},"schema":{"@context":"https:\/\/schema.org","@graph":[{"@type":"WebPage","@id":"https:\/\/tajkertesz.com\/termek\/ginkgo-biloba-pafranyfenyo\/","url":"https:\/\/tajkertesz.com\/termek\/ginkgo-biloba-pafranyfenyo\/","name":"Ginkgo biloba, P\u00e1fr\u00e1nyfeny\u0151 -","isPartOf":{"@id":"https:\/\/tajkertesz.com\/#website"},"primaryImageOfPage":{"@id":"https:\/\/tajkertesz.com\/termek\/ginkgo-biloba-pafranyfenyo\/#primaryimage"},"image":{"@id":"https:\/\/tajkertesz.com\/termek\/ginkgo-biloba-pafranyfenyo\/#primaryimage"},"thumbnailUrl":"https:\/\/tajkertesz.com\/wp-content\/uploads\/2020\/02\/Gingko4.jpg","datePublished":"2020-02-17T13:04:42+00:00","dateModified":"2023-12-13T14:20:45+00:00","description":"A Ginkgo biloba , P\u00e1fr\u00e1nyfeny\u0151 a legellen\u00e1l\u00f3bb fa fajta amit ismer\u00fcnk. Tavaszt\u00f3l szedhet\u0151 leveleit gy\u00f3gy\u00e1szati c\u00e9lokra hasznos\u00edtj\u00e1k.","breadcrumb":{"@id":"https:\/\/tajkertesz.com\/termek\/ginkgo-biloba-pafranyfenyo\/#breadcrumb"},"inLanguage":"en-US","potentialAction":[{"@type":"ReadAction","target":["https:\/\/tajkertesz.com\/termek\/ginkgo-biloba-pafranyfenyo\/"]}]},{"@type":"ImageObject","inLanguage":"en-US","@id":"https:\/\/tajkertesz.com\/termek\/ginkgo-biloba-pafranyfenyo\/#primaryimage","url":"https:\/\/tajkertesz.com\/wp-content\/uploads\/2020\/02\/Gingko4.jpg","contentUrl":"https:\/\/tajkertesz.com\/wp-content\/uploads\/2020\/02\/Gingko4.jpg","width":275,"height":183},{"@type":"BreadcrumbList","@id":"https:\/\/tajkertesz.com\/termek\/ginkgo-biloba-pafranyfenyo\/#breadcrumb","itemListElement":[{"@type":"ListItem","position":1,"name":"Home","item":"https:\/\/tajkertesz.com\/"},{"@type":"ListItem","position":2,"name":"Kezd\u0151lap","item":"https:\/\/tajkertesz.com\/"},{"@type":"ListItem","position":3,"name":"Ginkgo biloba, P\u00e1fr\u00e1nyfeny\u0151"}]},{"@type":"WebSite","@id":"https:\/\/tajkertesz.com\/#website","url":"https:\/\/tajkertesz.com\/","name":"T\u00e1j-Kert\u00e9sz 84 Kft.","description":"Kert\u00e9szeti kis- \u00e9s nagykeresked\u00e9s, D\u00edszn\u00f6v\u00e9ny web\u00e1ruh\u00e1z orsz\u00e1gos h\u00e1zhozsz\u00e1ll\u00edt\u00e1ssal!","publisher":{"@id":"https:\/\/tajkertesz.com\/#organization"},"potentialAction":[{"@type":"SearchAction","target":{"@type":"EntryPoint","urlTemplate":"https:\/\/tajkertesz.com\/?s={search_term_string}"},"query-input":{"@type":"PropertyValueSpecification","valueRequired":true,"valueName":"search_term_string"}}],"inLanguage":"en-US"},{"@type":"Organization","@id":"https:\/\/tajkertesz.com\/#organization","name":"T\u00e1j-Kert\u00e9sz 84 Kft.","url":"https:\/\/tajkertesz.com\/","logo":{"@type":"ImageObject","inLanguage":"en-US","@id":"https:\/\/tajkertesz.com\/#\/schema\/logo\/image\/","url":"https:\/\/tajkertesz.com\/wp-content\/uploads\/2018\/02\/logo-2-e1518678052539.png","contentUrl":"https:\/\/tajkertesz.com\/wp-content\/uploads\/2018\/02\/logo-2-e1518678052539.png","width":81,"height":140,"caption":"T\u00e1j-Kert\u00e9sz 84 Kft."},"image":{"@id":"https:\/\/tajkertesz.com\/#\/schema\/logo\/image\/"},"sameAs":["https:\/\/www.facebook.com\/Tajkertesz\/"]}]}},"_links":{"self":[{"href":"https:\/\/tajkertesz.com\/en_US\/wp-json\/wp\/v2\/product\/826","targetHints":{"allow":["GET"]}}],"collection":[{"href":"https:\/\/tajkertesz.com\/en_US\/wp-json\/wp\/v2\/product"}],"about":[{"href":"https:\/\/tajkertesz.com\/en_US\/wp-json\/wp\/v2\/types\/product"}],"wp:featuredmedia":[{"embeddable":true,"href":"https:\/\/tajkertesz.com\/en_US\/wp-json\/wp\/v2\/media\/833"}],"wp:attachment":[{"href":"https:\/\/tajkertesz.com\/en_US\/wp-json\/wp\/v2\/media?parent=826"}],"wp:term":[{"taxonomy":"product_brand","embeddable":true,"href":"https:\/\/tajkertesz.com\/en_US\/wp-json\/wp\/v2\/product_brand?post=826"},{"taxonomy":"product_cat","embeddable":true,"href":"https:\/\/tajkertesz.com\/en_US\/wp-json\/wp\/v2\/product_cat?post=826"},{"taxonomy":"product_tag","embeddable":true,"href":"https:\/\/tajkertesz.com\/en_US\/wp-json\/wp\/v2\/product_tag?post=826"}],"curies":[{"name":"wp","href":"https:\/\/api.w.org\/{rel}","templated":true}]}}