{"id":8353,"date":"2021-08-18T12:45:55","date_gmt":"2021-08-18T12:45:55","guid":{"rendered":"https:\/\/tajkertesz.com\/?post_type=product&#038;p=8353"},"modified":"2025-11-05T15:09:46","modified_gmt":"2025-11-05T15:09:46","slug":"tulipa-monte-carlo-teltviragu-korai-tulipan","status":"publish","type":"product","link":"https:\/\/tajkertesz.com\/en_US\/product\/tulipa-monte-carlo-teltviragu-korai-tulipan\/","title":{"rendered":"Tulipa Monte Carlo \/ Teltvir\u00e1g\u00fa korai tulip\u00e1n"},"content":{"rendered":"<h1 class=\"product_title entry-title\">Tulipa Monte Carlo \/ Teltvir\u00e1g\u00fa korai tulip\u00e1n<\/h1>\n<p class=\"product_title entry-title\">Tulipa Monte Carlo \/ Teltvir\u00e1g\u00fa korai tulip\u00e1n<\/p>\n<p>&nbsp;<\/p>\n<p>Legjobban napos helyen fejl\u0151dnek, j\u00f3 v\u00edzelvezet\u00e9s\u0171, laza humuszban gazdag talajon. A pang\u00f3 vizet nem t\u0171rik. T\u00e9l\u00e1ll\u00f3ak, \u00edgy az el\u00fcltetett hagym\u00e1k t\u00f6bb \u00e9vig egy helyben hagyhat\u00f3ak. Az elny\u00edlt vir\u00e1gfejet mindig t\u00e1vol\u00edtsuk el, hogy a n\u00f6v\u00e9ny ne \u00e9rleljen magot. \u00cdgy a hagyma nagyobbra fejl\u0151dik, a k\u00f6vetkez\u0151 \u00e9vi vir\u00e1gz\u00e1s szebb lesz.<\/p>\n<p>Kompakt n\u00f6veked\u00e9s\u0171, er\u0151s, merev sz\u00e1r\u00fa fajt\u00e1k. Sokszirm\u00fa, teljesen telt, legt\u00f6bbsz\u00f6r mag\u00e1nosan \u00e1ll\u00f3 vir\u00e1gjuk naps\u00fct\u00e9sben sz\u00e9lesre, ak\u00e1r 7-10 cm \u00e1tm\u00e9r\u0151j\u0171re ny\u00edlik, a tulip\u00e1nokt\u00f3l megszokotthoz k\u00e9pest hosszabb ideig vir\u00edt. A fajt\u00e1k sz\u00ednv\u00e1laszt\u00e9ka sz\u0171kebb a t\u00f6bbi csoporthoz k\u00e9pest.<\/p>\n<p>A n\u00f6v\u00e9ny \u00e1ttelel\u0151 r\u00e9sze t\u00e9len a szabadban, hely\u00e9n hagyhat\u00f3, a hagym\u00e1t, gum\u00f3t stb. nem sz\u00fcks\u00e9ges \u0151sszel felszedni. Amennyiben az \u00e1ttelelt n\u00f6v\u00e9ny\u00e1llom\u00e1ny t\u00fals\u00e1gosan els\u0171r\u0171s\u00f6d\u00f6tt, sz\u00e9toszt\u00e1suk, fel\u00faj\u00edt\u00e1suk, \u00e1t\u00fcltet\u00e9s\u00fck a ny\u00e1ri h\u00f3napokban v\u00e9gezhet\u0151. \u00c1ssuk ki a n\u00f6v\u00e9nyeket lombjuk lesz\u00e1rad\u00e1sakor vagy k\u00f6zvetlen\u00fcl ut\u00e1na. A sz\u00e9tv\u00e1laszt\u00e1s, oszt\u00e1lyoz\u00e1s ut\u00e1n a vissza\u00fcltet\u00e9se sz\u00e1nt hagym\u00e1k, gum\u00f3k esetleges sebeit hagyjuk szell\u0151s, h\u0171v\u00f6s helyen besz\u00e1radni. Ezut\u00e1n, m\u00e9g a ny\u00e1r v\u00e9g\u00e9n vagy kora \u0151sszel, \u00fcltess\u00fck el \u0151ket, hogy a telet m\u00e1r a j\u00f3l begy\u00f6keresedve v\u00e1rhass\u00e1k.<\/p>\n<h3>T\u00e9l\u00e1ll\u00f3.<\/h3>\n<ul>\n<li>M\u00e9ret: 30 cm<\/li>\n<li>Vir\u00e1gz\u00e1s: \u00e1prilis<\/li>\n<li>\u00dcltet\u00e9s: augusztus\/okt\u00f3ber<\/li>\n<li>F\u00e9nyig\u00e9ny: nap, f\u00e9l\u00e1rny\u00e9k<\/li>\n<li><span class=\"fekete2\">Kiszerel\u00e9s: 10 db\/csomag<\/span><\/li>\n<\/ul>\n<p><strong>Amennyiben nagyobb mennyis\u00e9gre lenne sz\u00fcks\u00e9g, vegye fel vel\u00fcnk a kapcsolatot \u00e9s beszerezz\u00fck!<\/strong><\/p>\n<p><strong>K\u00e9szlet\u00fcnk napi szinten v\u00e1ltozik, ez\u00e9rt a v\u00e1ltoz\u00e1s jog\u00e1t fenntartjuk!<\/strong><\/p>\n<p>&nbsp;<\/p>\n<p><a href=\"https:\/\/tajkertesz.com\/\">https:\/\/tajkertesz.com\/<\/a><\/p>\n<p><a href=\"https:\/\/www.facebook.com\/tajkertesz\/\">https:\/\/www.facebook.com\/tajkertesz\/<\/a><\/p>\n<p><span style=\"color: #ffffff;\">A n\u00f6v\u00e9ny \u00e1ttelel\u0151 r\u00e9sze t\u00e9len a szabadban, hely\u00e9n hagyhat\u00f3, a hagym\u00e1t, gum\u00f3t stb. nem sz\u00fcks\u00e9ges \u0151sszel felszedni. Amennyiben az \u00e1ttelelt n\u00f6v\u00e9ny\u00e1llom\u00e1ny t\u00fals\u00e1gosan els\u0171r\u0171s\u00f6d\u00f6tt, sz\u00e9toszt\u00e1suk, fel\u00faj\u00edt\u00e1suk, \u00e1t\u00fcltet\u00e9s\u00fck a ny\u00e1ri h\u00f3napokban v\u00e9gezhet\u0151. \u00c1ssuk ki a n\u00f6v\u00e9nyeket lombjuk lesz\u00e1rad\u00e1sakor vagy k\u00f6zvetlen\u00fcl ut\u00e1na. A sz\u00e9tv\u00e1laszt\u00e1s, oszt\u00e1lyoz\u00e1s ut\u00e1n a vissza\u00fcltet\u00e9se sz\u00e1nt hagym\u00e1k, gum\u00f3k esetleges sebeit hagyjuk szell\u0151s, h\u0171v\u00f6s helyen besz\u00e1radni. Ezut\u00e1n, m\u00e9g a ny\u00e1r v\u00e9g\u00e9n vagy kora \u0151sszel, \u00fcltess\u00fck el \u0151ket, hogy a telet m\u00e1r a j\u00f3l begy\u00f6keresedve v\u00e1rhass\u00e1k.<\/span><\/p>\n<p><span style=\"color: #ffffff;\">T\u00f6m\u00f6tt 10 cm \u00e1tm\u00e9r\u0151j\u0171 g\u00f6mb alak\u00fa erny\u0151vir\u00e1gzata, hossz\u00fa er\u0151s sz\u00e1ron \u00fcl. S\u00f6t\u00e9tlila vir\u00e1gai kicsik, csillag alak\u00faak. B\u00e1rmely j\u00f3 v\u00edzelvezet\u00e9s\u0171 talaj, napos vagy f\u00e9l\u00e1rny\u00e9kos hely megfelel\u0151 sz\u00e1m\u00e1ra. \u00c9vel\u0151\u00e1gyakba, vir\u00e1gszeg\u00e9lyekbe \u00fcltetve vegy\u00fck figyelembe, hogy lombja igen kor\u00e1n elt\u0171nik. Elny\u00edlott vir\u00e1gzat\u00e1t t\u00e1vol\u00edtsuk el, mert magjait elsz\u00f3rva intenz\u00edven terjed \u00e9s gyomos\u00edt.<\/span><\/p>\n<p><span style=\"color: #ffffff;\">A n\u00f6v\u00e9ny \u00e1ttelel\u0151 r\u00e9sze t\u00e9len a szF\u00c9NYIG\u00c9NY<\/span><\/p>\n<p>&nbsp;<\/p>\n<p><span style=\"color: #ffffff;\">abadban, hely\u00e9n hagyhat\u00f3, a hagym\u00e1t, gum\u00f3t stb. nem sz\u00fcks\u00e9ges \u0151sszel felszedni. Amennyiben az \u00e1ttelelt n\u00f6v\u00e9ny\u00e1llom\u00e1ny t\u00fals\u00e1gosan els\u0171r\u0171s\u00f6d\u00f6tt, sz\u00e9toszt\u00e1suk, fel\u00faj\u00edt\u00e1suk, \u00e1t\u00fcltet\u00e9s\u00fck a ny\u00e1ri h\u00f3napokban v\u00e9gezhet\u0151. \u00c1ssuk ki a n\u00f6v\u00e9nyeket lombjuk lesz\u00e1rad\u00e1sakor vagy k\u00f6zvetlen\u00fcl ut\u00e1na. A sz\u00e9tv\u00e1laszt\u00e1s, oszt\u00e1lyoz\u00e1s ut\u00e1n a vissza\u00fcltet\u00e9se sz\u00e1nt hagym\u00e1k, gum\u00f3k esetleges sebeit hagyjuk szell\u0151s, h\u0171v\u00f6s helyen besz\u00e1radni. Ezut\u00e1n, m\u00e9g a ny\u00e1r v\u00e9g\u00e9n vagy kora \u0151sszel, \u00fcltess\u00fck el \u0151ket, hogy a telet m\u00e1r a j\u00f3l begy\u00f6keresedve v\u00e1rhass\u00e1k.<\/span><\/p>","protected":false},"excerpt":{"rendered":"<h1 class=\"product_title entry-title\">Tulipa Monte Carlo \/ Teltvir\u00e1g\u00fa korai tulip\u00e1n<\/h1>","protected":false},"featured_media":8354,"template":"","meta":{"_et_pb_use_builder":"","_et_pb_old_content":"","_et_gb_content_width":""},"product_brand":[],"product_cat":[3857],"product_tag":[2487],"class_list":{"0":"post-8353","1":"product","2":"type-product","3":"status-publish","4":"has-post-thumbnail","6":"product_cat-viraghagyma-dughagyma","7":"product_tag-tulipa-monte-carlo-teltviragu-korai-tulipan","9":"first","10":"outofstock","11":"shipping-taxable","12":"product-type-simple"},"yoast_head":"<!-- This site is optimized with the Yoast SEO plugin v27.3 - https:\/\/yoast.com\/product\/yoast-seo-wordpress\/ -->\n<title>Tulipa Monte Carlo \/ Teltvir\u00e1g\u00fa korai tulip\u00e1n - T\u00e1jkert\u00e9sz<\/title>\n<meta name=\"description\" content=\"Tulipa Monte Carlo \/ Teltvir\u00e1g\u00fa korai tulip\u00e1n\" \/>\n<meta name=\"robots\" content=\"index, follow, max-snippet:-1, max-image-preview:large, max-video-preview:-1\" \/>\n<link rel=\"canonical\" href=\"https:\/\/tajkertesz.com\/en_US\/product\/tulipa-monte-carlo-teltviragu-korai-tulipan\/\" \/>\n<meta property=\"og:locale\" content=\"en_US\" \/>\n<meta property=\"og:type\" content=\"article\" \/>\n<meta property=\"og:title\" content=\"Tulipa Monte Carlo \/ Teltvir\u00e1g\u00fa korai tulip\u00e1n - T\u00e1jkert\u00e9sz\" \/>\n<meta property=\"og:description\" content=\"Tulipa Monte Carlo \/ Teltvir\u00e1g\u00fa korai tulip\u00e1n\" \/>\n<meta property=\"og:url\" content=\"https:\/\/tajkertesz.com\/en_US\/product\/tulipa-monte-carlo-teltviragu-korai-tulipan\/\" \/>\n<meta property=\"og:site_name\" content=\"T\u00e1jkert\u00e9sz\" \/>\n<meta property=\"article:publisher\" content=\"https:\/\/www.facebook.com\/Tajkertesz\/\" \/>\n<meta property=\"article:modified_time\" content=\"2025-11-05T15:09:46+00:00\" \/>\n<meta property=\"og:image\" content=\"https:\/\/tajkertesz.com\/wp-content\/uploads\/2021\/08\/monte-carlo.jpg\" \/>\n\t<meta property=\"og:image:width\" content=\"381\" \/>\n\t<meta property=\"og:image:height\" content=\"600\" \/>\n\t<meta property=\"og:image:type\" content=\"image\/jpeg\" \/>\n<meta name=\"twitter:card\" content=\"summary_large_image\" \/>\n<meta name=\"twitter:label1\" content=\"Est. reading time\" \/>\n\t<meta name=\"twitter:data1\" content=\"2 minutes\" \/>\n<script type=\"application\/ld+json\" class=\"yoast-schema-graph\">{\"@context\":\"https:\\\/\\\/schema.org\",\"@graph\":[{\"@type\":\"WebPage\",\"@id\":\"https:\\\/\\\/tajkertesz.com\\\/termek\\\/tulipa-monte-carlo-teltviragu-korai-tulipan\\\/\",\"url\":\"https:\\\/\\\/tajkertesz.com\\\/termek\\\/tulipa-monte-carlo-teltviragu-korai-tulipan\\\/\",\"name\":\"Tulipa Monte Carlo \\\/ Teltvir\u00e1g\u00fa korai tulip\u00e1n - T\u00e1jkert\u00e9sz\",\"isPartOf\":{\"@id\":\"https:\\\/\\\/tajkertesz.com\\\/#website\"},\"primaryImageOfPage\":{\"@id\":\"https:\\\/\\\/tajkertesz.com\\\/termek\\\/tulipa-monte-carlo-teltviragu-korai-tulipan\\\/#primaryimage\"},\"image\":{\"@id\":\"https:\\\/\\\/tajkertesz.com\\\/termek\\\/tulipa-monte-carlo-teltviragu-korai-tulipan\\\/#primaryimage\"},\"thumbnailUrl\":\"https:\\\/\\\/tajkertesz.com\\\/wp-content\\\/uploads\\\/2021\\\/08\\\/monte-carlo.jpg\",\"datePublished\":\"2021-08-18T12:45:55+00:00\",\"dateModified\":\"2025-11-05T15:09:46+00:00\",\"description\":\"Tulipa Monte Carlo \\\/ Teltvir\u00e1g\u00fa korai tulip\u00e1n\",\"breadcrumb\":{\"@id\":\"https:\\\/\\\/tajkertesz.com\\\/termek\\\/tulipa-monte-carlo-teltviragu-korai-tulipan\\\/#breadcrumb\"},\"inLanguage\":\"en-US\",\"potentialAction\":[{\"@type\":\"ReadAction\",\"target\":[\"https:\\\/\\\/tajkertesz.com\\\/termek\\\/tulipa-monte-carlo-teltviragu-korai-tulipan\\\/\"]}]},{\"@type\":\"ImageObject\",\"inLanguage\":\"en-US\",\"@id\":\"https:\\\/\\\/tajkertesz.com\\\/termek\\\/tulipa-monte-carlo-teltviragu-korai-tulipan\\\/#primaryimage\",\"url\":\"https:\\\/\\\/tajkertesz.com\\\/wp-content\\\/uploads\\\/2021\\\/08\\\/monte-carlo.jpg\",\"contentUrl\":\"https:\\\/\\\/tajkertesz.com\\\/wp-content\\\/uploads\\\/2021\\\/08\\\/monte-carlo.jpg\",\"width\":381,\"height\":600},{\"@type\":\"BreadcrumbList\",\"@id\":\"https:\\\/\\\/tajkertesz.com\\\/termek\\\/tulipa-monte-carlo-teltviragu-korai-tulipan\\\/#breadcrumb\",\"itemListElement\":[{\"@type\":\"ListItem\",\"position\":1,\"name\":\"Home\",\"item\":\"https:\\\/\\\/tajkertesz.com\\\/\"},{\"@type\":\"ListItem\",\"position\":2,\"name\":\"Kezd\u0151lap\",\"item\":\"https:\\\/\\\/tajkertesz.com\\\/\"},{\"@type\":\"ListItem\",\"position\":3,\"name\":\"Tulipa Monte Carlo \\\/ Teltvir\u00e1g\u00fa korai tulip\u00e1n\"}]},{\"@type\":\"WebSite\",\"@id\":\"https:\\\/\\\/tajkertesz.com\\\/#website\",\"url\":\"https:\\\/\\\/tajkertesz.com\\\/\",\"name\":\"T\u00e1j-Kert\u00e9sz 84 Kft.\",\"description\":\"Kert\u00e9szeti kis- \u00e9s nagykeresked\u00e9s, D\u00edszn\u00f6v\u00e9ny web\u00e1ruh\u00e1z orsz\u00e1gos h\u00e1zhozsz\u00e1ll\u00edt\u00e1ssal!\",\"publisher\":{\"@id\":\"https:\\\/\\\/tajkertesz.com\\\/#organization\"},\"potentialAction\":[{\"@type\":\"SearchAction\",\"target\":{\"@type\":\"EntryPoint\",\"urlTemplate\":\"https:\\\/\\\/tajkertesz.com\\\/?s={search_term_string}\"},\"query-input\":{\"@type\":\"PropertyValueSpecification\",\"valueRequired\":true,\"valueName\":\"search_term_string\"}}],\"inLanguage\":\"en-US\"},{\"@type\":\"Organization\",\"@id\":\"https:\\\/\\\/tajkertesz.com\\\/#organization\",\"name\":\"T\u00e1j-Kert\u00e9sz 84 Kft.\",\"url\":\"https:\\\/\\\/tajkertesz.com\\\/\",\"logo\":{\"@type\":\"ImageObject\",\"inLanguage\":\"en-US\",\"@id\":\"https:\\\/\\\/tajkertesz.com\\\/#\\\/schema\\\/logo\\\/image\\\/\",\"url\":\"https:\\\/\\\/tajkertesz.com\\\/wp-content\\\/uploads\\\/2018\\\/02\\\/logo-2-e1518678052539.png\",\"contentUrl\":\"https:\\\/\\\/tajkertesz.com\\\/wp-content\\\/uploads\\\/2018\\\/02\\\/logo-2-e1518678052539.png\",\"width\":81,\"height\":140,\"caption\":\"T\u00e1j-Kert\u00e9sz 84 Kft.\"},\"image\":{\"@id\":\"https:\\\/\\\/tajkertesz.com\\\/#\\\/schema\\\/logo\\\/image\\\/\"},\"sameAs\":[\"https:\\\/\\\/www.facebook.com\\\/Tajkertesz\\\/\"]}]}<\/script>\n<!-- \/ Yoast SEO plugin. -->","yoast_head_json":{"title":"Tulipa Monte Carlo \/ Teltvir\u00e1g\u00fa korai tulip\u00e1n - T\u00e1jkert\u00e9sz","description":"Tulipa Monte Carlo \/ Teltvir\u00e1g\u00fa korai tulip\u00e1n","robots":{"index":"index","follow":"follow","max-snippet":"max-snippet:-1","max-image-preview":"max-image-preview:large","max-video-preview":"max-video-preview:-1"},"canonical":"https:\/\/tajkertesz.com\/en_US\/product\/tulipa-monte-carlo-teltviragu-korai-tulipan\/","og_locale":"en_US","og_type":"article","og_title":"Tulipa Monte Carlo \/ Teltvir\u00e1g\u00fa korai tulip\u00e1n - T\u00e1jkert\u00e9sz","og_description":"Tulipa Monte Carlo \/ Teltvir\u00e1g\u00fa korai tulip\u00e1n","og_url":"https:\/\/tajkertesz.com\/en_US\/product\/tulipa-monte-carlo-teltviragu-korai-tulipan\/","og_site_name":"T\u00e1jkert\u00e9sz","article_publisher":"https:\/\/www.facebook.com\/Tajkertesz\/","article_modified_time":"2025-11-05T15:09:46+00:00","og_image":[{"width":381,"height":600,"url":"https:\/\/tajkertesz.com\/wp-content\/uploads\/2021\/08\/monte-carlo.jpg","type":"image\/jpeg"}],"twitter_card":"summary_large_image","twitter_misc":{"Est. reading time":"2 minutes"},"schema":{"@context":"https:\/\/schema.org","@graph":[{"@type":"WebPage","@id":"https:\/\/tajkertesz.com\/termek\/tulipa-monte-carlo-teltviragu-korai-tulipan\/","url":"https:\/\/tajkertesz.com\/termek\/tulipa-monte-carlo-teltviragu-korai-tulipan\/","name":"Tulipa Monte Carlo \/ Teltvir\u00e1g\u00fa korai tulip\u00e1n - T\u00e1jkert\u00e9sz","isPartOf":{"@id":"https:\/\/tajkertesz.com\/#website"},"primaryImageOfPage":{"@id":"https:\/\/tajkertesz.com\/termek\/tulipa-monte-carlo-teltviragu-korai-tulipan\/#primaryimage"},"image":{"@id":"https:\/\/tajkertesz.com\/termek\/tulipa-monte-carlo-teltviragu-korai-tulipan\/#primaryimage"},"thumbnailUrl":"https:\/\/tajkertesz.com\/wp-content\/uploads\/2021\/08\/monte-carlo.jpg","datePublished":"2021-08-18T12:45:55+00:00","dateModified":"2025-11-05T15:09:46+00:00","description":"Tulipa Monte Carlo \/ Teltvir\u00e1g\u00fa korai tulip\u00e1n","breadcrumb":{"@id":"https:\/\/tajkertesz.com\/termek\/tulipa-monte-carlo-teltviragu-korai-tulipan\/#breadcrumb"},"inLanguage":"en-US","potentialAction":[{"@type":"ReadAction","target":["https:\/\/tajkertesz.com\/termek\/tulipa-monte-carlo-teltviragu-korai-tulipan\/"]}]},{"@type":"ImageObject","inLanguage":"en-US","@id":"https:\/\/tajkertesz.com\/termek\/tulipa-monte-carlo-teltviragu-korai-tulipan\/#primaryimage","url":"https:\/\/tajkertesz.com\/wp-content\/uploads\/2021\/08\/monte-carlo.jpg","contentUrl":"https:\/\/tajkertesz.com\/wp-content\/uploads\/2021\/08\/monte-carlo.jpg","width":381,"height":600},{"@type":"BreadcrumbList","@id":"https:\/\/tajkertesz.com\/termek\/tulipa-monte-carlo-teltviragu-korai-tulipan\/#breadcrumb","itemListElement":[{"@type":"ListItem","position":1,"name":"Home","item":"https:\/\/tajkertesz.com\/"},{"@type":"ListItem","position":2,"name":"Kezd\u0151lap","item":"https:\/\/tajkertesz.com\/"},{"@type":"ListItem","position":3,"name":"Tulipa Monte Carlo \/ Teltvir\u00e1g\u00fa korai tulip\u00e1n"}]},{"@type":"WebSite","@id":"https:\/\/tajkertesz.com\/#website","url":"https:\/\/tajkertesz.com\/","name":"T\u00e1j-Kert\u00e9sz 84 Kft.","description":"Kert\u00e9szeti kis- \u00e9s nagykeresked\u00e9s, D\u00edszn\u00f6v\u00e9ny web\u00e1ruh\u00e1z orsz\u00e1gos h\u00e1zhozsz\u00e1ll\u00edt\u00e1ssal!","publisher":{"@id":"https:\/\/tajkertesz.com\/#organization"},"potentialAction":[{"@type":"SearchAction","target":{"@type":"EntryPoint","urlTemplate":"https:\/\/tajkertesz.com\/?s={search_term_string}"},"query-input":{"@type":"PropertyValueSpecification","valueRequired":true,"valueName":"search_term_string"}}],"inLanguage":"en-US"},{"@type":"Organization","@id":"https:\/\/tajkertesz.com\/#organization","name":"T\u00e1j-Kert\u00e9sz 84 Kft.","url":"https:\/\/tajkertesz.com\/","logo":{"@type":"ImageObject","inLanguage":"en-US","@id":"https:\/\/tajkertesz.com\/#\/schema\/logo\/image\/","url":"https:\/\/tajkertesz.com\/wp-content\/uploads\/2018\/02\/logo-2-e1518678052539.png","contentUrl":"https:\/\/tajkertesz.com\/wp-content\/uploads\/2018\/02\/logo-2-e1518678052539.png","width":81,"height":140,"caption":"T\u00e1j-Kert\u00e9sz 84 Kft."},"image":{"@id":"https:\/\/tajkertesz.com\/#\/schema\/logo\/image\/"},"sameAs":["https:\/\/www.facebook.com\/Tajkertesz\/"]}]}},"_links":{"self":[{"href":"https:\/\/tajkertesz.com\/en_US\/wp-json\/wp\/v2\/product\/8353","targetHints":{"allow":["GET"]}}],"collection":[{"href":"https:\/\/tajkertesz.com\/en_US\/wp-json\/wp\/v2\/product"}],"about":[{"href":"https:\/\/tajkertesz.com\/en_US\/wp-json\/wp\/v2\/types\/product"}],"wp:featuredmedia":[{"embeddable":true,"href":"https:\/\/tajkertesz.com\/en_US\/wp-json\/wp\/v2\/media\/8354"}],"wp:attachment":[{"href":"https:\/\/tajkertesz.com\/en_US\/wp-json\/wp\/v2\/media?parent=8353"}],"wp:term":[{"taxonomy":"product_brand","embeddable":true,"href":"https:\/\/tajkertesz.com\/en_US\/wp-json\/wp\/v2\/product_brand?post=8353"},{"taxonomy":"product_cat","embeddable":true,"href":"https:\/\/tajkertesz.com\/en_US\/wp-json\/wp\/v2\/product_cat?post=8353"},{"taxonomy":"product_tag","embeddable":true,"href":"https:\/\/tajkertesz.com\/en_US\/wp-json\/wp\/v2\/product_tag?post=8353"}],"curies":[{"name":"wp","href":"https:\/\/api.w.org\/{rel}","templated":true}]}}