{"id":8393,"date":"2021-08-19T06:50:57","date_gmt":"2021-08-19T06:50:57","guid":{"rendered":"https:\/\/tajkertesz.com\/?post_type=product&#038;p=8393"},"modified":"2026-02-16T15:25:21","modified_gmt":"2026-02-16T15:25:21","slug":"sturon-dughagyma-300-gr","status":"publish","type":"product","link":"https:\/\/tajkertesz.com\/en_US\/product\/sturon-dughagyma-300-gr\/","title":{"rendered":"Sturon dughagyma 300gr"},"content":{"rendered":"<h1 data-start=\"438\" data-end=\"691\">Sturon dughagyma 300gr<\/h1>\n<p data-start=\"438\" data-end=\"691\">A <strong data-start=\"440\" data-end=\"457\">Sturon dughagyma 300gr<\/strong> egy j\u00f3l bev\u00e1lt, k\u00f6z\u00e9pkorai \u00e9r\u00e9s\u0171, <strong data-start=\"492\" data-end=\"523\">csomagolt v\u00f6r\u00f6shagyma fajta.<\/strong><\/p>\n<p data-start=\"438\" data-end=\"691\">A Sturon hagyma <strong data-start=\"966\" data-end=\"1014\">kiv\u00e1l\u00f3an viseli a h\u0171v\u00f6sebb tavaszi id\u0151j\u00e1r\u00e1st<\/strong>, j\u00f3l fejl\u0151dik k\u00fcl\u00f6nb\u00f6z\u0151 talajt\u00edpusokon is. Alacsony hajlamoss\u00e1g\u00fa a magsz\u00e1rk\u00e9pz\u00e9sre, \u00edgy garant\u00e1lt a sz\u00e9p, egy\u00f6ntet\u0171 term\u00e9s.<\/p>\n<p data-start=\"438\" data-end=\"691\"><strong data-start=\"440\" data-end=\"457\">A Sturon dughagyma 300gr<\/strong>\u00a0 kiv\u00e1l\u00f3 \u00edze, er\u0151s h\u00e9ja \u00e9s <strong data-start=\"557\" data-end=\"581\">hossz\u00fa t\u00e1rolhat\u00f3s\u00e1ga<\/strong> miatt v\u00e1lasztanak sokan. K\u00fcl\u00f6n\u00f6sen ellen\u00e1ll\u00f3, \u00edgy h\u00e1zikerti \u00e9s nagy\u00fczemi termeszt\u00e9sre is ide\u00e1lis v\u00e1laszt\u00e1s.<\/p>\n<h2 data-start=\"693\" data-end=\"709\"><strong data-start=\"693\" data-end=\"707\">Sturon dughagyma 300gr jellemz\u0151i:<\/strong><\/h2>\n<ul data-start=\"710\" data-end=\"948\">\n<li data-start=\"710\" data-end=\"727\">\n<p data-start=\"712\" data-end=\"727\">Fajta: Sturon<\/p>\n<\/li>\n<li data-start=\"728\" data-end=\"764\">\n<p data-start=\"730\" data-end=\"764\">Felhaszn\u00e1l\u00e1s: \u00e9tkez\u00e9si, t\u00e1rol\u00e1si<\/p>\n<\/li>\n<li data-start=\"765\" data-end=\"790\">\n<p data-start=\"767\" data-end=\"790\">\u00c9r\u00e9si id\u0151: k\u00f6z\u00e9pkorai<\/p>\n<\/li>\n<li data-start=\"791\" data-end=\"814\">\n<p data-start=\"793\" data-end=\"814\">H\u00e9jsz\u00edn: aranybarna<\/p>\n<\/li>\n<li data-start=\"815\" data-end=\"844\">\n<p data-start=\"817\" data-end=\"844\">Gum\u00f3forma: kiss\u00e9 lap\u00edtott<\/p>\n<\/li>\n<li data-start=\"845\" data-end=\"891\">\n<p data-start=\"847\" data-end=\"891\">T\u00e1rolhat\u00f3s\u00e1g: kiv\u00e1l\u00f3, ak\u00e1r t\u00f6bb h\u00f3napon \u00e1t<\/p>\n<\/li>\n<li data-start=\"892\" data-end=\"948\">\n<p data-start=\"894\" data-end=\"948\">Kiszerel\u00e9s: 300g<\/p>\n<\/li>\n<\/ul>\n<p data-start=\"950\" data-end=\"1140\">A Sturon hagyma <strong data-start=\"966\" data-end=\"1014\">kiv\u00e1l\u00f3an viseli a h\u0171v\u00f6sebb tavaszi id\u0151j\u00e1r\u00e1st<\/strong>, j\u00f3l fejl\u0151dik k\u00fcl\u00f6nb\u00f6z\u0151 talajt\u00edpusokon is. Alacsony hajlamoss\u00e1g\u00fa a magsz\u00e1rk\u00e9pz\u00e9sre, \u00edgy garant\u00e1lt a sz\u00e9p, egy\u00f6ntet\u0171 term\u00e9s.<\/p>\n<p data-start=\"1142\" data-end=\"1295\">\ud83d\udd0e <strong data-start=\"1145\" data-end=\"1154\">Tipp:<\/strong> A Sturon dughagyma ide\u00e1lis v\u00e1laszt\u00e1s, ha egy megb\u00edzhat\u00f3, k\u00f6nnyen kezelhet\u0151 \u00e9s hossz\u00fa ideig eltarthat\u00f3 hagym\u00e1t keresel otthoni vagy profi termeszt\u00e9sre.<\/p>\n<p>&nbsp;<\/p>\n<p>&nbsp;<\/p>\n<p><strong>Amennyiben nagyobb mennyis\u00e9gre lenne sz\u00fcks\u00e9g, vegye fel vel\u00fcnk a kapcsolatot!<\/strong><\/p>\n<h3><strong>\ud83d\udd04 K\u00e9szletinform\u00e1ci\u00f3<\/strong><\/h3>\n<p><strong>K\u00e9szlet\u00fcnk napi szinten v\u00e1ltozik, \u00edgy a webshopban szerepl\u0151\u00a0term\u00e9kek el\u00e9rhet\u0151s\u00e9ge nem garant\u00e1lt.<br \/>\n<\/strong><strong>\ud83d\udcde A megrendel\u00e9s el\u0151tt k\u00e9rj\u00fck, \u00e9rdekl\u0151dj\u00f6n szem\u00e9lyesen, telefonon vagy e-mailben!<\/strong><\/p>\n<h4><strong>\u27a1\ufe0f Kapcsolat:<\/strong><\/h4>\n<ul>\n<li><strong>Weboldal:\u00a0<\/strong><a href=\"https:\/\/tajkertesz.com\/\"><strong>tajkertesz.com<\/strong><\/a><\/li>\n<li><strong>Facebook:\u00a0<\/strong><a href=\"https:\/\/www.facebook.com\/tajkertesz\/\"><strong>facebook.com\/tajkertesz<\/strong><\/a><\/li>\n<li><strong>Telefonsz\u00e1m, e-mail: +36\/20-319-3770\u00a0<\/strong><a href=\"mailto:tajkerteszaruda@gmail.com\"><strong>tajkerteszaruda@gmail.com<\/strong><\/a><\/li>\n<\/ul>\n<p><strong>\ud83d\ude9a Sz\u00e1ll\u00edt\u00e1si inform\u00e1ci\u00f3k<\/strong><\/p>\n<p><strong>A megrendelt n\u00f6v\u00e9nyek kisz\u00e1ll\u00edt\u00e1sa az al\u00e1bbi felt\u00e9telek mellett t\u00f6rt\u00e9nik:<\/strong><\/p>\n<h5><strong>\ud83d\udce6 Fut\u00e1rszolg\u00e1latos sz\u00e1ll\u00edt\u00e1s<\/strong><\/h5>\n<ul>\n<li><strong>Maxim\u00e1lis m\u00e9ret: 200 cm (hossz\u00fas\u00e1g)<\/strong><\/li>\n<li><strong>Maxim\u00e1lis s\u00faly: 40 kg<\/strong><\/li>\n<li><strong>Az enn\u00e9l kisebb \u00e9s k\u00f6nnyebb csomagokat fut\u00e1rszolg\u00e1lattal k\u00e9zbes\u00edtj\u00fck a lehet\u0151\u00a0legbiztons\u00e1gosabb csomagol\u00e1sban.<\/strong><\/li>\n<\/ul>\n<p><strong>\ud83d\udefb Szem\u00e9lyes \u00e1tv\u00e9tel<\/strong><\/p>\n<ul>\n<li><strong>1173 Budapest, Bakancsos utca 7. sz\u00e1m alatt nyitvatart\u00e1si id\u0151ben szem\u00e9lyesen \u00e1tvehet\u0151\u00a0kert\u00e9szeti \u00e1rud\u00e1nkban.<\/strong><\/li>\n<li><strong>K\u00f6lts\u00e9ghat\u00e9kony megold\u00e1s nagyobb, t\u00f6r\u00e9kenyebb vagy t\u00falm\u00e9retes n\u00f6v\u00e9nyek eset\u00e9n.<\/strong><\/li>\n<\/ul>\n<p><strong>\ud83d\udcde Nagy m\u00e9ret\u0171\u00a0vagy s\u00faly\u00fa n\u00f6v\u00e9nyek eset\u00e9n<\/strong><\/p>\n<p><strong>Ha a term\u00e9k:<\/strong><\/p>\n<ul>\n<li><strong>meghaladja a 200 cm hossz\u00fas\u00e1got vagy<\/strong><\/li>\n<li><strong>meghaladja a 40 kg s\u00falyt,<\/strong><\/li>\n<\/ul>\n<p><strong>akkor szem\u00e9lyes \u00e1tv\u00e9tellel vagy egyedi, el\u0151re egyeztetett sz\u00e1ll\u00edt\u00e1si felt\u00e9telek mellett t\u00f6rt\u00e9nik.<br \/>\nK\u00e9rj\u00fck, ilyen esetben rendel\u00e9s el\u0151tt vegye fel vel\u00fcnk a kapcsolatot, hogy a lehet\u0151\u00a0legmegfelel\u0151bb sz\u00e1ll\u00edt\u00e1si megold\u00e1st k\u00edn\u00e1lhassuk.<\/strong><\/p>\n<p><strong>\ud83d\udd14 Fontos: A n\u00f6v\u00e9nyeket minden esetben igyeksz\u00fcnk gondosan, egyes\u00e9vel csomagolni, azonban a sz\u00e1ll\u00edt\u00e1s sor\u00e1n kisebb eszt\u00e9tikai s\u00e9r\u00fcl\u00e9sek el\u0151fordulhatnak (pl. lev\u00e9lhull\u00e1s). Ez nem min\u0151s\u00fcl hib\u00e1s teljes\u00edt\u00e9snek.<\/strong><\/p>\n<p><strong>\ud83d\udcf7 Fontos tudni a k\u00e9pekr\u0151l<\/strong><\/p>\n<p><strong>A webshopban szerepl\u0151\u00a0k\u00e9pek illusztr\u00e1ci\u00f3k, a n\u00f6v\u00e9nyek term\u00e9szet\u00fckn\u00e9l fogva egyediek, \u00edgy m\u00e9retben, alakban \u00e9s sz\u00ednben minim\u00e1lis elt\u00e9r\u00e9sek el\u0151fordulhatnak a k\u00e9pen l\u00e1that\u00f3 \u00e9s a val\u00f3s p\u00e9ld\u00e1nyok k\u00f6z\u00f6tt.<\/strong><\/p>\n<p><strong>\ud83e\uddfe \u00c1rak \u00e9s el\u00e1ll\u00e1si jog<\/strong><\/p>\n<ul>\n<li><strong>Az \u00e1rak egy darab\u00a0n\u00f6v\u00e9nyre vonatkoznak.<\/strong><\/li>\n<li><strong>\u00c9l\u0151\u00a0n\u00f6v\u00e9nyek rendel\u00e9se eset\u00e9n a 14 napos el\u00e1ll\u00e1s joga nem \u00e9rv\u00e9nyes\u00edthet\u0151, mivel azok romland\u00f3, biol\u00f3giailag \u00e9l\u0151\u00a0term\u00e9keknek min\u0151s\u00fclnek.<br \/>\n<\/strong><strong>\ud83d\udd12 (17\/1999. (II. 5.) Korm. rendelet 5. \u00a7 c) pontja alapj\u00e1n)<\/strong><\/li>\n<\/ul>\n<p><strong>\ud83d\udce6 K\u00e9zbes\u00edt\u00e9s ut\u00e1ni teend\u0151k<\/strong><\/p>\n<p><strong>A k\u00e9zbes\u00edt\u00e9st k\u00f6vet\u0151en a csomagot azonnal bontsuk ki, \u00e9s a n\u00f6v\u00e9nyt helyezz\u00fck el megfelel\u0151\u00a0k\u00f6rnyezetben.<br \/>\nFontos: ha a n\u00f6v\u00e9ny nem r\u00e9szes\u00fcl megfelel\u0151\u00a0gondoz\u00e1sban \u00e9s ennek k\u00f6vetkezt\u00e9ben k\u00e1rosodik vagy elpusztul, felel\u0151ss\u00e9get nem tudunk v\u00e1llalni.<\/strong><\/p>\n<p>&nbsp;<\/p>\n<p>&nbsp;<\/p>\n<p>&nbsp;<\/p>","protected":false},"excerpt":{"rendered":"<p>A <strong data-start=\"440\" data-end=\"457\">Sturon hagyma 300gr<\/strong> egy j\u00f3l bev\u00e1lt, k\u00f6z\u00e9pkorai \u00e9r\u00e9s\u0171, <strong data-start=\"492\" data-end=\"523\">csomagolt v\u00f6r\u00f6shagyma fajta<\/strong>, melyet kiv\u00e1l\u00f3 \u00edze, er\u0151s h\u00e9ja \u00e9s <strong data-start=\"557\" data-end=\"581\">hossz\u00fa t\u00e1rolhat\u00f3s\u00e1ga<\/strong> miatt v\u00e1lasztanak sokan. K\u00fcl\u00f6n\u00f6sen ellen\u00e1ll\u00f3, \u00edgy h\u00e1zikerti \u00e9s nagy\u00fczemi termeszt\u00e9sre is ide\u00e1lis v\u00e1laszt\u00e1s.<\/p>","protected":false},"featured_media":8394,"template":"","meta":{"_et_pb_use_builder":"","_et_pb_old_content":"","_et_gb_content_width":""},"product_brand":[],"product_cat":[3857],"product_tag":[6340,4144,4108,6342,6343,6336,6337,6341,6339,4115,6338],"class_list":{"0":"post-8393","1":"product","2":"type-product","3":"status-publish","4":"has-post-thumbnail","6":"product_cat-viraghagyma-dughagyma","7":"product_tag-csomagolt","8":"product_tag-dughagyma","9":"product_tag-hagyma","10":"product_tag-hagyma-kerti","11":"product_tag-konyhakerti-noveny","12":"product_tag-sturon","13":"product_tag-sturon-hagyma","14":"product_tag-tarolhato","15":"product_tag-vetohagyma","16":"product_tag-vetomag","17":"product_tag-voroshagyma","19":"first","20":"outofstock","21":"shipping-taxable","22":"product-type-simple"},"yoast_head":"<!-- This site is optimized with the Yoast SEO plugin v27.3 - https:\/\/yoast.com\/product\/yoast-seo-wordpress\/ -->\n<title>Sturon dughagyma 300gr - T\u00e1jkert\u00e9sz<\/title>\n<meta name=\"description\" content=\"A Sturon dughagyma 300gr er\u0151s, j\u00f3l t\u00e1rolhat\u00f3 v\u00f6r\u00f6shagymafajta, kiv\u00e1l\u00f3 \u00edz\u0171 \u00e9s magas hozam\u00fa. Ide\u00e1lis v\u00e1laszt\u00e1s otthoni vagy nagyobb volumen\u0171 termeszt\u00e9shez is.\" \/>\n<meta name=\"robots\" content=\"index, follow, max-snippet:-1, max-image-preview:large, max-video-preview:-1\" \/>\n<link rel=\"canonical\" href=\"https:\/\/tajkertesz.com\/en_US\/product\/sturon-dughagyma-300-gr\/\" \/>\n<meta property=\"og:locale\" content=\"en_US\" \/>\n<meta property=\"og:type\" content=\"article\" \/>\n<meta property=\"og:title\" content=\"Sturon dughagyma 300gr - T\u00e1jkert\u00e9sz\" \/>\n<meta property=\"og:description\" content=\"A Sturon dughagyma 300gr er\u0151s, j\u00f3l t\u00e1rolhat\u00f3 v\u00f6r\u00f6shagymafajta, kiv\u00e1l\u00f3 \u00edz\u0171 \u00e9s magas hozam\u00fa. Ide\u00e1lis v\u00e1laszt\u00e1s otthoni vagy nagyobb volumen\u0171 termeszt\u00e9shez is.\" \/>\n<meta property=\"og:url\" content=\"https:\/\/tajkertesz.com\/en_US\/product\/sturon-dughagyma-300-gr\/\" \/>\n<meta property=\"og:site_name\" content=\"T\u00e1jkert\u00e9sz\" \/>\n<meta property=\"article:publisher\" content=\"https:\/\/www.facebook.com\/Tajkertesz\/\" \/>\n<meta property=\"article:modified_time\" content=\"2026-02-16T15:25:21+00:00\" \/>\n<meta property=\"og:image\" content=\"https:\/\/tajkertesz.com\/wp-content\/uploads\/2021\/08\/Sturon_dughagyma_.jpg\" \/>\n\t<meta property=\"og:image:width\" content=\"400\" \/>\n\t<meta property=\"og:image:height\" content=\"640\" \/>\n\t<meta property=\"og:image:type\" content=\"image\/jpeg\" \/>\n<meta name=\"twitter:card\" content=\"summary_large_image\" \/>\n<meta name=\"twitter:label1\" content=\"Est. reading time\" \/>\n\t<meta name=\"twitter:data1\" content=\"3 minutes\" \/>\n<script type=\"application\/ld+json\" class=\"yoast-schema-graph\">{\"@context\":\"https:\\\/\\\/schema.org\",\"@graph\":[{\"@type\":\"WebPage\",\"@id\":\"https:\\\/\\\/tajkertesz.com\\\/termek\\\/sturon-dughagyma-300-gr\\\/\",\"url\":\"https:\\\/\\\/tajkertesz.com\\\/termek\\\/sturon-dughagyma-300-gr\\\/\",\"name\":\"Sturon dughagyma 300gr - T\u00e1jkert\u00e9sz\",\"isPartOf\":{\"@id\":\"https:\\\/\\\/tajkertesz.com\\\/#website\"},\"primaryImageOfPage\":{\"@id\":\"https:\\\/\\\/tajkertesz.com\\\/termek\\\/sturon-dughagyma-300-gr\\\/#primaryimage\"},\"image\":{\"@id\":\"https:\\\/\\\/tajkertesz.com\\\/termek\\\/sturon-dughagyma-300-gr\\\/#primaryimage\"},\"thumbnailUrl\":\"https:\\\/\\\/tajkertesz.com\\\/wp-content\\\/uploads\\\/2021\\\/08\\\/Sturon_dughagyma_.jpg\",\"datePublished\":\"2021-08-19T06:50:57+00:00\",\"dateModified\":\"2026-02-16T15:25:21+00:00\",\"description\":\"A Sturon dughagyma 300gr er\u0151s, j\u00f3l t\u00e1rolhat\u00f3 v\u00f6r\u00f6shagymafajta, kiv\u00e1l\u00f3 \u00edz\u0171 \u00e9s magas hozam\u00fa. Ide\u00e1lis v\u00e1laszt\u00e1s otthoni vagy nagyobb volumen\u0171 termeszt\u00e9shez is.\",\"breadcrumb\":{\"@id\":\"https:\\\/\\\/tajkertesz.com\\\/termek\\\/sturon-dughagyma-300-gr\\\/#breadcrumb\"},\"inLanguage\":\"en-US\",\"potentialAction\":[{\"@type\":\"ReadAction\",\"target\":[\"https:\\\/\\\/tajkertesz.com\\\/termek\\\/sturon-dughagyma-300-gr\\\/\"]}]},{\"@type\":\"ImageObject\",\"inLanguage\":\"en-US\",\"@id\":\"https:\\\/\\\/tajkertesz.com\\\/termek\\\/sturon-dughagyma-300-gr\\\/#primaryimage\",\"url\":\"https:\\\/\\\/tajkertesz.com\\\/wp-content\\\/uploads\\\/2021\\\/08\\\/Sturon_dughagyma_.jpg\",\"contentUrl\":\"https:\\\/\\\/tajkertesz.com\\\/wp-content\\\/uploads\\\/2021\\\/08\\\/Sturon_dughagyma_.jpg\",\"width\":400,\"height\":640},{\"@type\":\"BreadcrumbList\",\"@id\":\"https:\\\/\\\/tajkertesz.com\\\/termek\\\/sturon-dughagyma-300-gr\\\/#breadcrumb\",\"itemListElement\":[{\"@type\":\"ListItem\",\"position\":1,\"name\":\"Home\",\"item\":\"https:\\\/\\\/tajkertesz.com\\\/\"},{\"@type\":\"ListItem\",\"position\":2,\"name\":\"Kezd\u0151lap\",\"item\":\"https:\\\/\\\/tajkertesz.com\\\/\"},{\"@type\":\"ListItem\",\"position\":3,\"name\":\"Sturon dughagyma 300gr\"}]},{\"@type\":\"WebSite\",\"@id\":\"https:\\\/\\\/tajkertesz.com\\\/#website\",\"url\":\"https:\\\/\\\/tajkertesz.com\\\/\",\"name\":\"T\u00e1j-Kert\u00e9sz 84 Kft.\",\"description\":\"Kert\u00e9szeti kis- \u00e9s nagykeresked\u00e9s, D\u00edszn\u00f6v\u00e9ny web\u00e1ruh\u00e1z orsz\u00e1gos h\u00e1zhozsz\u00e1ll\u00edt\u00e1ssal!\",\"publisher\":{\"@id\":\"https:\\\/\\\/tajkertesz.com\\\/#organization\"},\"potentialAction\":[{\"@type\":\"SearchAction\",\"target\":{\"@type\":\"EntryPoint\",\"urlTemplate\":\"https:\\\/\\\/tajkertesz.com\\\/?s={search_term_string}\"},\"query-input\":{\"@type\":\"PropertyValueSpecification\",\"valueRequired\":true,\"valueName\":\"search_term_string\"}}],\"inLanguage\":\"en-US\"},{\"@type\":\"Organization\",\"@id\":\"https:\\\/\\\/tajkertesz.com\\\/#organization\",\"name\":\"T\u00e1j-Kert\u00e9sz 84 Kft.\",\"url\":\"https:\\\/\\\/tajkertesz.com\\\/\",\"logo\":{\"@type\":\"ImageObject\",\"inLanguage\":\"en-US\",\"@id\":\"https:\\\/\\\/tajkertesz.com\\\/#\\\/schema\\\/logo\\\/image\\\/\",\"url\":\"https:\\\/\\\/tajkertesz.com\\\/wp-content\\\/uploads\\\/2018\\\/02\\\/logo-2-e1518678052539.png\",\"contentUrl\":\"https:\\\/\\\/tajkertesz.com\\\/wp-content\\\/uploads\\\/2018\\\/02\\\/logo-2-e1518678052539.png\",\"width\":81,\"height\":140,\"caption\":\"T\u00e1j-Kert\u00e9sz 84 Kft.\"},\"image\":{\"@id\":\"https:\\\/\\\/tajkertesz.com\\\/#\\\/schema\\\/logo\\\/image\\\/\"},\"sameAs\":[\"https:\\\/\\\/www.facebook.com\\\/Tajkertesz\\\/\"]}]}<\/script>\n<!-- \/ Yoast SEO plugin. -->","yoast_head_json":{"title":"Sturon dughagyma 300gr - T\u00e1jkert\u00e9sz","description":"A Sturon dughagyma 300gr er\u0151s, j\u00f3l t\u00e1rolhat\u00f3 v\u00f6r\u00f6shagymafajta, kiv\u00e1l\u00f3 \u00edz\u0171 \u00e9s magas hozam\u00fa. Ide\u00e1lis v\u00e1laszt\u00e1s otthoni vagy nagyobb volumen\u0171 termeszt\u00e9shez is.","robots":{"index":"index","follow":"follow","max-snippet":"max-snippet:-1","max-image-preview":"max-image-preview:large","max-video-preview":"max-video-preview:-1"},"canonical":"https:\/\/tajkertesz.com\/en_US\/product\/sturon-dughagyma-300-gr\/","og_locale":"en_US","og_type":"article","og_title":"Sturon dughagyma 300gr - T\u00e1jkert\u00e9sz","og_description":"A Sturon dughagyma 300gr er\u0151s, j\u00f3l t\u00e1rolhat\u00f3 v\u00f6r\u00f6shagymafajta, kiv\u00e1l\u00f3 \u00edz\u0171 \u00e9s magas hozam\u00fa. Ide\u00e1lis v\u00e1laszt\u00e1s otthoni vagy nagyobb volumen\u0171 termeszt\u00e9shez is.","og_url":"https:\/\/tajkertesz.com\/en_US\/product\/sturon-dughagyma-300-gr\/","og_site_name":"T\u00e1jkert\u00e9sz","article_publisher":"https:\/\/www.facebook.com\/Tajkertesz\/","article_modified_time":"2026-02-16T15:25:21+00:00","og_image":[{"width":400,"height":640,"url":"https:\/\/tajkertesz.com\/wp-content\/uploads\/2021\/08\/Sturon_dughagyma_.jpg","type":"image\/jpeg"}],"twitter_card":"summary_large_image","twitter_misc":{"Est. reading time":"3 minutes"},"schema":{"@context":"https:\/\/schema.org","@graph":[{"@type":"WebPage","@id":"https:\/\/tajkertesz.com\/termek\/sturon-dughagyma-300-gr\/","url":"https:\/\/tajkertesz.com\/termek\/sturon-dughagyma-300-gr\/","name":"Sturon dughagyma 300gr - T\u00e1jkert\u00e9sz","isPartOf":{"@id":"https:\/\/tajkertesz.com\/#website"},"primaryImageOfPage":{"@id":"https:\/\/tajkertesz.com\/termek\/sturon-dughagyma-300-gr\/#primaryimage"},"image":{"@id":"https:\/\/tajkertesz.com\/termek\/sturon-dughagyma-300-gr\/#primaryimage"},"thumbnailUrl":"https:\/\/tajkertesz.com\/wp-content\/uploads\/2021\/08\/Sturon_dughagyma_.jpg","datePublished":"2021-08-19T06:50:57+00:00","dateModified":"2026-02-16T15:25:21+00:00","description":"A Sturon dughagyma 300gr er\u0151s, j\u00f3l t\u00e1rolhat\u00f3 v\u00f6r\u00f6shagymafajta, kiv\u00e1l\u00f3 \u00edz\u0171 \u00e9s magas hozam\u00fa. Ide\u00e1lis v\u00e1laszt\u00e1s otthoni vagy nagyobb volumen\u0171 termeszt\u00e9shez is.","breadcrumb":{"@id":"https:\/\/tajkertesz.com\/termek\/sturon-dughagyma-300-gr\/#breadcrumb"},"inLanguage":"en-US","potentialAction":[{"@type":"ReadAction","target":["https:\/\/tajkertesz.com\/termek\/sturon-dughagyma-300-gr\/"]}]},{"@type":"ImageObject","inLanguage":"en-US","@id":"https:\/\/tajkertesz.com\/termek\/sturon-dughagyma-300-gr\/#primaryimage","url":"https:\/\/tajkertesz.com\/wp-content\/uploads\/2021\/08\/Sturon_dughagyma_.jpg","contentUrl":"https:\/\/tajkertesz.com\/wp-content\/uploads\/2021\/08\/Sturon_dughagyma_.jpg","width":400,"height":640},{"@type":"BreadcrumbList","@id":"https:\/\/tajkertesz.com\/termek\/sturon-dughagyma-300-gr\/#breadcrumb","itemListElement":[{"@type":"ListItem","position":1,"name":"Home","item":"https:\/\/tajkertesz.com\/"},{"@type":"ListItem","position":2,"name":"Kezd\u0151lap","item":"https:\/\/tajkertesz.com\/"},{"@type":"ListItem","position":3,"name":"Sturon dughagyma 300gr"}]},{"@type":"WebSite","@id":"https:\/\/tajkertesz.com\/#website","url":"https:\/\/tajkertesz.com\/","name":"T\u00e1j-Kert\u00e9sz 84 Kft.","description":"Kert\u00e9szeti kis- \u00e9s nagykeresked\u00e9s, D\u00edszn\u00f6v\u00e9ny web\u00e1ruh\u00e1z orsz\u00e1gos h\u00e1zhozsz\u00e1ll\u00edt\u00e1ssal!","publisher":{"@id":"https:\/\/tajkertesz.com\/#organization"},"potentialAction":[{"@type":"SearchAction","target":{"@type":"EntryPoint","urlTemplate":"https:\/\/tajkertesz.com\/?s={search_term_string}"},"query-input":{"@type":"PropertyValueSpecification","valueRequired":true,"valueName":"search_term_string"}}],"inLanguage":"en-US"},{"@type":"Organization","@id":"https:\/\/tajkertesz.com\/#organization","name":"T\u00e1j-Kert\u00e9sz 84 Kft.","url":"https:\/\/tajkertesz.com\/","logo":{"@type":"ImageObject","inLanguage":"en-US","@id":"https:\/\/tajkertesz.com\/#\/schema\/logo\/image\/","url":"https:\/\/tajkertesz.com\/wp-content\/uploads\/2018\/02\/logo-2-e1518678052539.png","contentUrl":"https:\/\/tajkertesz.com\/wp-content\/uploads\/2018\/02\/logo-2-e1518678052539.png","width":81,"height":140,"caption":"T\u00e1j-Kert\u00e9sz 84 Kft."},"image":{"@id":"https:\/\/tajkertesz.com\/#\/schema\/logo\/image\/"},"sameAs":["https:\/\/www.facebook.com\/Tajkertesz\/"]}]}},"_links":{"self":[{"href":"https:\/\/tajkertesz.com\/en_US\/wp-json\/wp\/v2\/product\/8393","targetHints":{"allow":["GET"]}}],"collection":[{"href":"https:\/\/tajkertesz.com\/en_US\/wp-json\/wp\/v2\/product"}],"about":[{"href":"https:\/\/tajkertesz.com\/en_US\/wp-json\/wp\/v2\/types\/product"}],"wp:featuredmedia":[{"embeddable":true,"href":"https:\/\/tajkertesz.com\/en_US\/wp-json\/wp\/v2\/media\/8394"}],"wp:attachment":[{"href":"https:\/\/tajkertesz.com\/en_US\/wp-json\/wp\/v2\/media?parent=8393"}],"wp:term":[{"taxonomy":"product_brand","embeddable":true,"href":"https:\/\/tajkertesz.com\/en_US\/wp-json\/wp\/v2\/product_brand?post=8393"},{"taxonomy":"product_cat","embeddable":true,"href":"https:\/\/tajkertesz.com\/en_US\/wp-json\/wp\/v2\/product_cat?post=8393"},{"taxonomy":"product_tag","embeddable":true,"href":"https:\/\/tajkertesz.com\/en_US\/wp-json\/wp\/v2\/product_tag?post=8393"}],"curies":[{"name":"wp","href":"https:\/\/api.w.org\/{rel}","templated":true}]}}