{"id":8405,"date":"2021-08-19T07:00:48","date_gmt":"2021-08-19T07:00:48","guid":{"rendered":"https:\/\/tajkertesz.com\/?post_type=product&#038;p=8405"},"modified":"2026-02-20T13:54:56","modified_gmt":"2026-02-20T13:54:56","slug":"fokhagyma-makoi-oszi-ultetesu-dughagyma","status":"publish","type":"product","link":"https:\/\/tajkertesz.com\/en_US\/product\/fokhagyma-makoi-oszi-ultetesu-dughagyma\/","title":{"rendered":"Fokhagyma Mak\u00f3i tavaszi \u00fcltet\u00e9s\u0171 dughagyma"},"content":{"rendered":"<h1 class=\"product_title entry-title\">Fokhagyma Mak\u00f3i tavaszi \u00fcltet\u00e9s\u0171 dughagyma<\/h1>\n<p class=\"product_title entry-title\">Fokhagyma Mak\u00f3i tavaszi \u00fcltet\u00e9s\u0171 dughagyma<\/p>\n<p>Az \u00e9rt\u00e9kes mak\u00f3i fokhagyma tavaszi t\u00edpus\u00e1nak jellemz\u0151je a k\u00f6zepes hagymam\u00e9ret \u00e9s a sz\u00fcrk\u00e9sfeh\u00e9r, z\u00e1rt, er\u0151s h\u00e9jazat.<\/p>\n<p>A hagym\u00e1t 5-8 gerezd alkotja. Az \u0151szi t\u00edpusn\u00e1l kem\u00e9nyebb h\u00fas\u00fa. Er\u0151teljesebb \u00edze miatt kiv\u00e1l\u00f3 f\u0171szerez\u0151 \u00e9rt\u00e9k\u0171.<\/p>\n<p>A tavaszi fokhagyma el\u00e1ll\u00f3, sok\u00e1ig \u00e9s j\u00f3l t\u00e1rolhat\u00f3.<\/p>\n<p>Nagy term\u00e9st ad (5-7 cm). H\u00fasa laz\u00e1bb szerkezet\u0171, ez\u00e9rt r\u00f6videbb ideig t\u00e1rolhat\u00f3.<\/p>\n<p>Friss fogyaszt\u00e1sra alkalmas. Er\u0151teljes \u00edze miatt kiv\u00e1l\u00f3 f\u0171szerez\u0151.<\/p>\n<p><strong><span style=\"text-decoration: underline;\">Termeszt\u00e9se<\/span><\/strong>: Igen kor\u00e1n, m\u00e1r febru\u00e1r-m\u00e1rcius h\u00f3napokban \u00fcltethet\u0151.<\/p>\n<p>A hagyma k\u00fcls\u0151 h\u00e9j\u00e1nak elt\u00e1vol\u00edt\u00e1sa ut\u00e1n \u00fcltesse a sz\u00e9tbontott gerezdeket egyenk\u00e9nt,<\/p>\n<p>3-6 cm m\u00e9lyre,25-30 cm sort\u00e1vols\u00e1ggal.<\/p>\n<p>A gerezdek k\u00f6z\u00f6tt 8-10 cm t\u0151t\u00e1vols\u00e1got hagyjon.<\/p>\n<p>A fokhagyma\u00a0 nagy t\u00e1panyagig\u00e9ny\u0171 n\u00f6v\u00e9ny, m\u00e9gis ker\u00fclje a k\u00f6zvetlen szervestr\u00e1gy\u00e1z\u00e1st.<\/p>\n<p>Legjobban a t\u00e1panyagban gazdag, v\u00e1lyogos-agyagos ,j\u00f3 min\u0151s\u00e9g\u0171 kerti talajon fejl\u0151dik.<\/p>\n<p>Sz\u00e1razs\u00e1gt\u0171r\u00e9se kifejezetten j\u00f3. Felszed\u00e9s\u00e9re j\u00falius k\u00f6zepe-v\u00e9ge fel\u00e9 ker\u00fclhet sor.<\/p>\n<p>Az \u00e9r\u00e9st a levelek s\u00e1rgul\u00e1sa jelzi. A felszedett n\u00f6v\u00e9nyeket p\u00e1r napig tartsa sz\u00e1raz, szell\u0151s helyen am\u00edg a lomb teljesen elsz\u00e1rad.<\/p>\n<p>Az ezut\u00e1n megtiszt\u00edtott fokhagyma felhaszn\u00e1lhat\u00f3, vagy megfelel\u0151 szell\u0151s helyen ak\u00e1r tavaszig is t\u00e1rolhat\u00f3.<\/p>\n<p>A csomag tartalma: 4db<\/p>\n<p>&nbsp;<\/p>\n<p><strong>Amennyiben nagyobb mennyis\u00e9gre lenne sz\u00fcks\u00e9g, vegye fel vel\u00fcnk a kapcsolatot \u00e9s beszerezz\u00fck!<\/strong><\/p>\n<p><strong>K\u00e9szlet\u00fcnk napi szinten v\u00e1ltozik, ez\u00e9rt a v\u00e1ltoz\u00e1s jog\u00e1t fenntartjuk!<\/strong><\/p>\n<p>&nbsp;<\/p>\n<p><a href=\"https:\/\/tajkertesz.com\/\">https:\/\/tajkertesz.com\/<\/a><\/p>\n<p><a href=\"https:\/\/www.facebook.com\/tajkertesz\/\">https:\/\/www.facebook.com\/tajkertesz\/<\/a><\/p>\n<h6><span style=\"color: #ffffff;\">A n\u00f6v\u00e9ny \u00e1ttelel\u0151 r\u00e9sze t\u00e9len a szabadban, hely\u00e9n hagyhat\u00f3, a hagym\u00e1t, gum\u00f3t stb. nem sz\u00fcks\u00e9ges \u0151sszel felszedni. Amennyiben az \u00e1ttelelt n\u00f6v\u00e9ny\u00e1llom\u00e1ny t\u00fals\u00e1gosan els\u0171r\u0171s\u00f6d\u00f6tt, sz\u00e9toszt\u00e1suk, fel\u00faj\u00edt\u00e1suk, \u00e1t\u00fcltet\u00e9s\u00fck a ny\u00e1ri h\u00f3napokban v\u00e9gezhet\u0151. \u00c1ssuk ki a n\u00f6v\u00e9nyeket lombjuk lesz\u00e1rad\u00e1sakor vagy k\u00f6zvetlen\u00fcl ut\u00e1na. A sz\u00e9tv\u00e1laszt\u00e1s, oszt\u00e1lyoz\u00e1s ut\u00e1n a vissza\u00fcltet\u00e9se sz\u00e1nt hagym\u00e1k, gum\u00f3k esetleges sebeit hagyjuk szell\u0151s, h\u0171v\u00f6s helyen besz\u00e1radni. Ezut\u00e1n, m\u00e9g a ny\u00e1r v\u00e9g\u00e9n vagy kora \u0151sszel, \u00fcltess\u00fck el \u0151ket, hogy a telet m\u00e1r a j\u00f3l begy\u00f6keresedve v\u00e1rhass\u00e1k.\u00a0T\u00f6m\u00f6tt 10 cm \u00e1tm\u00e9r\u0151j\u0171 g\u00f6mb alak\u00fa erny\u0151vir\u00e1gzata, hossz\u00fa er\u0151s sz\u00e1ron \u00fcl. S\u00f6t\u00e9tlila vir\u00e1gai kicsik, csillag alak\u00faak. B\u00e1rmely j\u00f3 v\u00edzelvezet\u00e9s\u0171 talaj, napos vagy f\u00e9l\u00e1rny\u00e9kos hely megfelel\u0151 sz\u00e1m\u00e1ra. \u00c9vel\u0151\u00e1gyakba, vir\u00e1gszeg\u00e9lyekbe \u00fcltetve vegy\u00fck figyelembe, hogy lombja igen kor\u00e1n elt\u0171nik. Elny\u00edlott vir\u00e1gzat\u00e1t t\u00e1vol\u00edtsuk el, mert magjait elsz\u00f3rva intenz\u00edven terjed \u00e9s gyomos\u00edt.\u00a0A n\u00f6v\u00e9ny \u00e1ttelel\u0151 r\u00e9sze t\u00e9len a szF\u00c9NYIG\u00c9NY\u00a0\u00a0abadban, hely\u00e9n hagyhat\u00f3, a hagym\u00e1t, gum\u00f3t stb. nem sz\u00fcks\u00e9ges \u0151sszel felszedni. Amennyiben az \u00e1ttelelt n\u00f6v\u00e9ny\u00e1llom\u00e1ny t\u00fals\u00e1gosan els\u0171r\u0171s\u00f6d\u00f6tt, sz\u00e9toszt\u00e1suk, fel\u00faj\u00edt\u00e1suk, \u00e1t\u00fcltet\u00e9s\u00fck a ny\u00e1ri h\u00f3napokban v\u00e9gezhet\u0151. \u00c1ssuk ki a n\u00f6v\u00e9nyeket lombjuk lesz\u00e1rad\u00e1sakor vagy k\u00f6zvetlen\u00fcl ut\u00e1na. A sz\u00e9tv\u00e1laszt\u00e1s, oszt\u00e1lyoz\u00e1s ut\u00e1n a vissza\u00fcltet\u00e9se sz\u00e1nt hagym\u00e1k, gum\u00f3k esetleges sebeit hagyjuk szell\u0151s, h\u0171v\u00f6s helyen besz\u00e1radni. Ezut\u00e1n, m\u00e9g a ny\u00e1r v\u00e9g\u00e9n vagy kora \u0151sszel, \u00fcltess\u00fck el \u0151ket, hogy a telet m\u00e1r a j\u00f3l begy\u00f6keresedve v\u00e1rhass\u00e1k.<\/span><\/h6>","protected":false},"excerpt":{"rendered":"<h1 class=\"product_title entry-title\">Fokhagyma Mak\u00f3i tavaszi \u00fcltet\u00e9s\u0171 dughagyma<\/h1>","protected":false},"featured_media":8406,"template":"","meta":{"_et_pb_use_builder":"","_et_pb_old_content":"","_et_gb_content_width":""},"product_brand":[],"product_cat":[3857],"product_tag":[2515],"class_list":{"0":"post-8405","1":"product","2":"type-product","3":"status-publish","4":"has-post-thumbnail","6":"product_cat-viraghagyma-dughagyma","7":"product_tag-fokhagyma-makoi-oszi-ultetesu-dughagyma","9":"first","10":"onbackorder","11":"shipping-taxable","12":"purchasable","13":"product-type-simple"},"yoast_head":"<!-- This site is optimized with the Yoast SEO plugin v27.5 - https:\/\/yoast.com\/product\/yoast-seo-wordpress\/ -->\n<title>Fokhagyma Mak\u00f3i tavaszi \u00fcltet\u00e9s\u0171 dughagyma - T\u00e1jkert\u00e9sz<\/title>\n<meta name=\"description\" content=\"Fokhagyma Mak\u00f3i tavaszi \u00fcltet\u00e9s\u0171 dughagyma\" \/>\n<meta name=\"robots\" content=\"index, follow, max-snippet:-1, max-image-preview:large, max-video-preview:-1\" \/>\n<link rel=\"canonical\" href=\"https:\/\/tajkertesz.com\/en_US\/product\/fokhagyma-makoi-oszi-ultetesu-dughagyma\/\" \/>\n<meta property=\"og:locale\" content=\"en_US\" \/>\n<meta property=\"og:type\" content=\"article\" \/>\n<meta property=\"og:title\" content=\"Fokhagyma Mak\u00f3i tavaszi \u00fcltet\u00e9s\u0171 dughagyma - T\u00e1jkert\u00e9sz\" \/>\n<meta property=\"og:description\" content=\"Fokhagyma Mak\u00f3i tavaszi \u00fcltet\u00e9s\u0171 dughagyma\" \/>\n<meta property=\"og:url\" content=\"https:\/\/tajkertesz.com\/en_US\/product\/fokhagyma-makoi-oszi-ultetesu-dughagyma\/\" \/>\n<meta property=\"og:site_name\" content=\"T\u00e1jkert\u00e9sz\" \/>\n<meta property=\"article:publisher\" content=\"https:\/\/www.facebook.com\/Tajkertesz\/\" \/>\n<meta property=\"article:modified_time\" content=\"2026-02-20T13:54:56+00:00\" \/>\n<meta property=\"og:image\" content=\"https:\/\/tajkertesz.com\/wp-content\/uploads\/2021\/08\/Oszi-kokhagyma.jpg\" \/>\n\t<meta property=\"og:image:width\" content=\"465\" \/>\n\t<meta property=\"og:image:height\" content=\"723\" \/>\n\t<meta property=\"og:image:type\" content=\"image\/jpeg\" \/>\n<meta name=\"twitter:card\" content=\"summary_large_image\" \/>\n<meta name=\"twitter:label1\" content=\"Est. reading time\" \/>\n\t<meta name=\"twitter:data1\" content=\"3 minutes\" \/>\n<script type=\"application\/ld+json\" class=\"yoast-schema-graph\">{\"@context\":\"https:\\\/\\\/schema.org\",\"@graph\":[{\"@type\":\"WebPage\",\"@id\":\"https:\\\/\\\/tajkertesz.com\\\/termek\\\/fokhagyma-makoi-oszi-ultetesu-dughagyma\\\/\",\"url\":\"https:\\\/\\\/tajkertesz.com\\\/termek\\\/fokhagyma-makoi-oszi-ultetesu-dughagyma\\\/\",\"name\":\"Fokhagyma Mak\u00f3i tavaszi \u00fcltet\u00e9s\u0171 dughagyma - T\u00e1jkert\u00e9sz\",\"isPartOf\":{\"@id\":\"https:\\\/\\\/tajkertesz.com\\\/#website\"},\"primaryImageOfPage\":{\"@id\":\"https:\\\/\\\/tajkertesz.com\\\/termek\\\/fokhagyma-makoi-oszi-ultetesu-dughagyma\\\/#primaryimage\"},\"image\":{\"@id\":\"https:\\\/\\\/tajkertesz.com\\\/termek\\\/fokhagyma-makoi-oszi-ultetesu-dughagyma\\\/#primaryimage\"},\"thumbnailUrl\":\"https:\\\/\\\/tajkertesz.com\\\/wp-content\\\/uploads\\\/2021\\\/08\\\/Oszi-kokhagyma.jpg\",\"datePublished\":\"2021-08-19T07:00:48+00:00\",\"dateModified\":\"2026-02-20T13:54:56+00:00\",\"description\":\"Fokhagyma Mak\u00f3i tavaszi \u00fcltet\u00e9s\u0171 dughagyma\",\"breadcrumb\":{\"@id\":\"https:\\\/\\\/tajkertesz.com\\\/termek\\\/fokhagyma-makoi-oszi-ultetesu-dughagyma\\\/#breadcrumb\"},\"inLanguage\":\"en-US\",\"potentialAction\":[{\"@type\":\"ReadAction\",\"target\":[\"https:\\\/\\\/tajkertesz.com\\\/termek\\\/fokhagyma-makoi-oszi-ultetesu-dughagyma\\\/\"]}]},{\"@type\":\"ImageObject\",\"inLanguage\":\"en-US\",\"@id\":\"https:\\\/\\\/tajkertesz.com\\\/termek\\\/fokhagyma-makoi-oszi-ultetesu-dughagyma\\\/#primaryimage\",\"url\":\"https:\\\/\\\/tajkertesz.com\\\/wp-content\\\/uploads\\\/2021\\\/08\\\/Oszi-kokhagyma.jpg\",\"contentUrl\":\"https:\\\/\\\/tajkertesz.com\\\/wp-content\\\/uploads\\\/2021\\\/08\\\/Oszi-kokhagyma.jpg\",\"width\":465,\"height\":723},{\"@type\":\"BreadcrumbList\",\"@id\":\"https:\\\/\\\/tajkertesz.com\\\/termek\\\/fokhagyma-makoi-oszi-ultetesu-dughagyma\\\/#breadcrumb\",\"itemListElement\":[{\"@type\":\"ListItem\",\"position\":1,\"name\":\"Home\",\"item\":\"https:\\\/\\\/tajkertesz.com\\\/\"},{\"@type\":\"ListItem\",\"position\":2,\"name\":\"Kezd\u0151lap\",\"item\":\"https:\\\/\\\/tajkertesz.com\\\/\"},{\"@type\":\"ListItem\",\"position\":3,\"name\":\"Fokhagyma Mak\u00f3i tavaszi \u00fcltet\u00e9s\u0171 dughagyma\"}]},{\"@type\":\"WebSite\",\"@id\":\"https:\\\/\\\/tajkertesz.com\\\/#website\",\"url\":\"https:\\\/\\\/tajkertesz.com\\\/\",\"name\":\"T\u00e1j-Kert\u00e9sz 84 Kft.\",\"description\":\"Kert\u00e9szeti kis- \u00e9s nagykeresked\u00e9s, D\u00edszn\u00f6v\u00e9ny web\u00e1ruh\u00e1z orsz\u00e1gos h\u00e1zhozsz\u00e1ll\u00edt\u00e1ssal!\",\"publisher\":{\"@id\":\"https:\\\/\\\/tajkertesz.com\\\/#organization\"},\"potentialAction\":[{\"@type\":\"SearchAction\",\"target\":{\"@type\":\"EntryPoint\",\"urlTemplate\":\"https:\\\/\\\/tajkertesz.com\\\/?s={search_term_string}\"},\"query-input\":{\"@type\":\"PropertyValueSpecification\",\"valueRequired\":true,\"valueName\":\"search_term_string\"}}],\"inLanguage\":\"en-US\"},{\"@type\":\"Organization\",\"@id\":\"https:\\\/\\\/tajkertesz.com\\\/#organization\",\"name\":\"T\u00e1j-Kert\u00e9sz 84 Kft.\",\"url\":\"https:\\\/\\\/tajkertesz.com\\\/\",\"logo\":{\"@type\":\"ImageObject\",\"inLanguage\":\"en-US\",\"@id\":\"https:\\\/\\\/tajkertesz.com\\\/#\\\/schema\\\/logo\\\/image\\\/\",\"url\":\"https:\\\/\\\/tajkertesz.com\\\/wp-content\\\/uploads\\\/2018\\\/02\\\/logo-2-e1518678052539.png\",\"contentUrl\":\"https:\\\/\\\/tajkertesz.com\\\/wp-content\\\/uploads\\\/2018\\\/02\\\/logo-2-e1518678052539.png\",\"width\":81,\"height\":140,\"caption\":\"T\u00e1j-Kert\u00e9sz 84 Kft.\"},\"image\":{\"@id\":\"https:\\\/\\\/tajkertesz.com\\\/#\\\/schema\\\/logo\\\/image\\\/\"},\"sameAs\":[\"https:\\\/\\\/www.facebook.com\\\/Tajkertesz\\\/\"]}]}<\/script>\n<!-- \/ Yoast SEO plugin. -->","yoast_head_json":{"title":"Fokhagyma Mak\u00f3i tavaszi \u00fcltet\u00e9s\u0171 dughagyma - T\u00e1jkert\u00e9sz","description":"Fokhagyma Mak\u00f3i tavaszi \u00fcltet\u00e9s\u0171 dughagyma","robots":{"index":"index","follow":"follow","max-snippet":"max-snippet:-1","max-image-preview":"max-image-preview:large","max-video-preview":"max-video-preview:-1"},"canonical":"https:\/\/tajkertesz.com\/en_US\/product\/fokhagyma-makoi-oszi-ultetesu-dughagyma\/","og_locale":"en_US","og_type":"article","og_title":"Fokhagyma Mak\u00f3i tavaszi \u00fcltet\u00e9s\u0171 dughagyma - T\u00e1jkert\u00e9sz","og_description":"Fokhagyma Mak\u00f3i tavaszi \u00fcltet\u00e9s\u0171 dughagyma","og_url":"https:\/\/tajkertesz.com\/en_US\/product\/fokhagyma-makoi-oszi-ultetesu-dughagyma\/","og_site_name":"T\u00e1jkert\u00e9sz","article_publisher":"https:\/\/www.facebook.com\/Tajkertesz\/","article_modified_time":"2026-02-20T13:54:56+00:00","og_image":[{"width":465,"height":723,"url":"https:\/\/tajkertesz.com\/wp-content\/uploads\/2021\/08\/Oszi-kokhagyma.jpg","type":"image\/jpeg"}],"twitter_card":"summary_large_image","twitter_misc":{"Est. reading time":"3 minutes"},"schema":{"@context":"https:\/\/schema.org","@graph":[{"@type":"WebPage","@id":"https:\/\/tajkertesz.com\/termek\/fokhagyma-makoi-oszi-ultetesu-dughagyma\/","url":"https:\/\/tajkertesz.com\/termek\/fokhagyma-makoi-oszi-ultetesu-dughagyma\/","name":"Fokhagyma Mak\u00f3i tavaszi \u00fcltet\u00e9s\u0171 dughagyma - T\u00e1jkert\u00e9sz","isPartOf":{"@id":"https:\/\/tajkertesz.com\/#website"},"primaryImageOfPage":{"@id":"https:\/\/tajkertesz.com\/termek\/fokhagyma-makoi-oszi-ultetesu-dughagyma\/#primaryimage"},"image":{"@id":"https:\/\/tajkertesz.com\/termek\/fokhagyma-makoi-oszi-ultetesu-dughagyma\/#primaryimage"},"thumbnailUrl":"https:\/\/tajkertesz.com\/wp-content\/uploads\/2021\/08\/Oszi-kokhagyma.jpg","datePublished":"2021-08-19T07:00:48+00:00","dateModified":"2026-02-20T13:54:56+00:00","description":"Fokhagyma Mak\u00f3i tavaszi \u00fcltet\u00e9s\u0171 dughagyma","breadcrumb":{"@id":"https:\/\/tajkertesz.com\/termek\/fokhagyma-makoi-oszi-ultetesu-dughagyma\/#breadcrumb"},"inLanguage":"en-US","potentialAction":[{"@type":"ReadAction","target":["https:\/\/tajkertesz.com\/termek\/fokhagyma-makoi-oszi-ultetesu-dughagyma\/"]}]},{"@type":"ImageObject","inLanguage":"en-US","@id":"https:\/\/tajkertesz.com\/termek\/fokhagyma-makoi-oszi-ultetesu-dughagyma\/#primaryimage","url":"https:\/\/tajkertesz.com\/wp-content\/uploads\/2021\/08\/Oszi-kokhagyma.jpg","contentUrl":"https:\/\/tajkertesz.com\/wp-content\/uploads\/2021\/08\/Oszi-kokhagyma.jpg","width":465,"height":723},{"@type":"BreadcrumbList","@id":"https:\/\/tajkertesz.com\/termek\/fokhagyma-makoi-oszi-ultetesu-dughagyma\/#breadcrumb","itemListElement":[{"@type":"ListItem","position":1,"name":"Home","item":"https:\/\/tajkertesz.com\/"},{"@type":"ListItem","position":2,"name":"Kezd\u0151lap","item":"https:\/\/tajkertesz.com\/"},{"@type":"ListItem","position":3,"name":"Fokhagyma Mak\u00f3i tavaszi \u00fcltet\u00e9s\u0171 dughagyma"}]},{"@type":"WebSite","@id":"https:\/\/tajkertesz.com\/#website","url":"https:\/\/tajkertesz.com\/","name":"T\u00e1j-Kert\u00e9sz 84 Kft.","description":"Kert\u00e9szeti kis- \u00e9s nagykeresked\u00e9s, D\u00edszn\u00f6v\u00e9ny web\u00e1ruh\u00e1z orsz\u00e1gos h\u00e1zhozsz\u00e1ll\u00edt\u00e1ssal!","publisher":{"@id":"https:\/\/tajkertesz.com\/#organization"},"potentialAction":[{"@type":"SearchAction","target":{"@type":"EntryPoint","urlTemplate":"https:\/\/tajkertesz.com\/?s={search_term_string}"},"query-input":{"@type":"PropertyValueSpecification","valueRequired":true,"valueName":"search_term_string"}}],"inLanguage":"en-US"},{"@type":"Organization","@id":"https:\/\/tajkertesz.com\/#organization","name":"T\u00e1j-Kert\u00e9sz 84 Kft.","url":"https:\/\/tajkertesz.com\/","logo":{"@type":"ImageObject","inLanguage":"en-US","@id":"https:\/\/tajkertesz.com\/#\/schema\/logo\/image\/","url":"https:\/\/tajkertesz.com\/wp-content\/uploads\/2018\/02\/logo-2-e1518678052539.png","contentUrl":"https:\/\/tajkertesz.com\/wp-content\/uploads\/2018\/02\/logo-2-e1518678052539.png","width":81,"height":140,"caption":"T\u00e1j-Kert\u00e9sz 84 Kft."},"image":{"@id":"https:\/\/tajkertesz.com\/#\/schema\/logo\/image\/"},"sameAs":["https:\/\/www.facebook.com\/Tajkertesz\/"]}]}},"_links":{"self":[{"href":"https:\/\/tajkertesz.com\/en_US\/wp-json\/wp\/v2\/product\/8405","targetHints":{"allow":["GET"]}}],"collection":[{"href":"https:\/\/tajkertesz.com\/en_US\/wp-json\/wp\/v2\/product"}],"about":[{"href":"https:\/\/tajkertesz.com\/en_US\/wp-json\/wp\/v2\/types\/product"}],"wp:featuredmedia":[{"embeddable":true,"href":"https:\/\/tajkertesz.com\/en_US\/wp-json\/wp\/v2\/media\/8406"}],"wp:attachment":[{"href":"https:\/\/tajkertesz.com\/en_US\/wp-json\/wp\/v2\/media?parent=8405"}],"wp:term":[{"taxonomy":"product_brand","embeddable":true,"href":"https:\/\/tajkertesz.com\/en_US\/wp-json\/wp\/v2\/product_brand?post=8405"},{"taxonomy":"product_cat","embeddable":true,"href":"https:\/\/tajkertesz.com\/en_US\/wp-json\/wp\/v2\/product_cat?post=8405"},{"taxonomy":"product_tag","embeddable":true,"href":"https:\/\/tajkertesz.com\/en_US\/wp-json\/wp\/v2\/product_tag?post=8405"}],"curies":[{"name":"wp","href":"https:\/\/api.w.org\/{rel}","templated":true}]}}