{"id":842,"date":"2020-02-17T14:34:27","date_gmt":"2020-02-17T14:34:27","guid":{"rendered":"https:\/\/tajkertesz.com\/?post_type=product&#038;p=842"},"modified":"2023-12-13T13:53:57","modified_gmt":"2023-12-13T13:53:57","slug":"fraxinus-ornus-mecsek-viragos-koris","status":"publish","type":"product","link":"https:\/\/tajkertesz.com\/en_US\/product\/fraxinus-ornus-mecsek-viragos-koris\/","title":{"rendered":"Fraxinus ornus &#8216;Mecsek&#8221; Vir\u00e1gos K\u0151ris"},"content":{"rendered":"<h2>Fraxinus ornus &#8216;Mecsek&#8221; Vir\u00e1gos K\u0151ris<\/h2>\n<p>Fraxinus ornus &#8216;Mecsek&#8221; Vir\u00e1gos K\u0151ris k\u00f6z\u00e9per\u0151s n\u00f6veked\u00e9s\u0171 magas t\u00f6rzsre oltott d\u00edszfa,amely magyar nemes\u00edt\u00e9s\u0171.<\/p>\n<p><b>N\u00f6veked\u00e9s, alak:<\/b> lap\u00edtott g\u00f6mb koron\u00e1j\u00fa magas t\u00f6rzsre oltott, 6-8 m magas d\u00edszfa<br \/>\n<b>Lev\u00e9l:<\/b> levelei s\u00f6t\u00e9tz\u00f6ldek \u0151sszel s\u00e1rg\u00e1ra, narancss\u00e1rg\u00e1ra\u00a0 sz\u00ednez\u0151dik.<br \/>\n<b>Vir\u00e1g:<\/b> Lombfakad\u00e1s ut\u00e1n, m\u00e1jusban hozza bug\u00e1ban t\u00f6m\u00f6r\u00fclve feh\u00e9r vir\u00e1gait. Gazdagon vir\u00e1gzik<br \/>\n<b>Term\u0151hely, ig\u00e9ny:<\/b> nem t\u00fal k\u00e9nyes d\u00edszfa, j\u00f3l b\u00edrja a v\u00e1rosi l\u00e9gszennyezetts\u00e9get, meleg t\u0171z\u0151 napos helyre \u00fcltess\u00fck.<\/p>\n<p><b>Felhaszn\u00e1l\u00e1s:<\/b> utc\u00e1k parkok f\u00e1s\u00edt\u00e1s\u00e1ra alkalmas. P\u00e1r \u00e9vente koron\u00e1j\u00e1t er\u0151teljesen vissza metszhetj\u00fck ha nem szeretn\u00e9nk, hogy t\u00fal magasra n\u0151j\u00f6n<\/p>\n<p style=\"line-height: 18.0pt; background: white; margin: 0cm 0cm 15.0pt 0cm;\"><span style=\"font-family: 'Ubuntu',serif; color: black;\">Jelen term\u00e9k\u00fcnk 35 literes kont\u00e9nerben kaphat\u00f3. T\u00f6rzsk\u00f6rm\u00e9rete 10\/12. T\u00f6rzsmagass\u00e1ga 220cm.\u00a0<\/span><\/p>\n<p style=\"line-height: 18.0pt; background: white; margin: 0cm 0cm 15.0pt 0cm;\"><span style=\"font-family: 'Ubuntu',serif; color: black;\">\u00a0<\/span><b><span style=\"font-family: 'Ubuntu',serif; color: black;\">K\u00e9szlet\u00fcnk napi szinten v\u00e1ltozik, ez\u00e9rt k\u00e9rj\u00fck, \u00e9rdekl\u0151dj\u00f6n szem\u00e9lyesen, telefonon vagy email-en.<br \/>\nA v\u00e1ltoztat\u00e1s jog\u00e1t fenntartjuk!<\/span><\/b><\/p>\n<div class=\"field field-name-body field-type-text-with-summary field-label-above\">\n<div class=\"field-label\"><span class=\"notranslate\" style=\"color: #ffffff;\">Le\u00edr\u00e1s<\/span><\/div>\n<div class=\"field-items\">\n<p><span style=\"color: #ffffff;\"><span class=\"notranslate\">Az egyenes eur\u00f3pai b\u00fckk kifejezetten oszlopszok\u00e1ssal rendelkezik, \u00e9s er\u00f5s kijelent\u00e9st adhat a t\u00e1jban s\u00f6v\u00e9nyk\u00e9nt vagy \u00e9kezetes fak\u00e9nt.<\/span>\u00a0<span class=\"notranslate\">Van n\u00e9mi zavar az\u00a0<em>F. sylvatica<\/em>\u00a0\u201eFastigiata\u201d \u00e9s a \u201eDawyckii\u201d kereskedelm\u00e9ben;<\/span>\u00a0<span class=\"notranslate\">mindkett\u0151 mer\u00e9szen line\u00e1ris, f\u00e9nyes s\u00f6t\u00e9tz\u00f6ld lombozattal rendelkezik.<\/span><\/span><\/p>\n<p><span style=\"color: #ffffff;\"><span class=\"notranslate\">Az eur\u00f3pai b\u00fckkfajt\u00e1k sz\u00e9les sk\u00e1l\u00e1j\u00e1t fejlesztett\u00e9k ki, amelyek k\u00f6z\u00fcl sok a forma (s\u00edr\u00e1s, oszlop vagy lekerek\u00edt\u00e9s) vagy a lombozat sz\u00edn\u00e9nek (z\u00f6ld, tarka, lila vagy arany) szempontj\u00e1b\u00f3l vonz\u00f3 ki\u00e1ll\u00edt\u00f3k.<\/span>\u00a0<span class=\"notranslate\">gyakran mint\u00e1kk\u00e9nt bemutatj\u00e1k \u0151ket, ahol a hely engedi.<\/span>\u00a0<span class=\"notranslate\">A sima sz\u00fcrke k\u00e9reg a faj vonz\u00f3 tulajdons\u00e1ga.<\/span><\/span><\/p>\n<p><span style=\"color: #ffffff;\"><span class=\"notranslate\">A\u00a0<em>Fagus<\/em>\u00a0nemzets\u00e9gbe beletartozik a b\u00fckkfa 10-13 faja, amelyek \u00c1zsia, Eur\u00f3pa \u00e9s \u00c9szak-Amerika m\u00e9rs\u00e9kelt t\u00e9rs\u00e9g\u00e9ben \u0151shonosak.<\/span>\u00a0<span class=\"notranslate\">Csak a\u00a0<em>Fagus grandifolia<\/em>\u00a0, az amerikai b\u00fckk, \u0151shonos az Egyes\u00fclt \u00c1llamokban \u00e9s Illinoisban.<\/span>\u00a0<span class=\"notranslate\">Az egyetlen faj, a\u00a0<em>Fagus sylvatica<\/em>\u00a0vagy az eur\u00f3pai b\u00fckk, a tereprendez\u00e9sben haszn\u00e1lt fajt\u00e1k t\u00falnyom\u00f3 r\u00e9sz\u00e9t teszi ki.<\/span>\u00a0<span class=\"notranslate\">A Chicag\u00f3i Botanikus Kert gy\u0171jtem\u00e9nye h\u00e1rom fajt tartalmaz, de t\u00f6bb mint k\u00e9t tucat fajt\u00e1ja van a t\u00f6bb mint 100 b\u00fckkfa k\u00f6z\u00f6tt.<\/span><\/span><\/p>\n<p><span style=\"color: #ffffff;\"><span class=\"notranslate\">Az unokatestv\u00e9reikkel, a t\u00f6lgyekkel, a b\u00fckkf\u00e1k is hossz\u00fa \u00e9lettartam\u00fa \u00e9s lassan n\u00f6vekv\u0151 kem\u00e9nyfa f\u00e1k.<\/span>\u00a0<span class=\"notranslate\">Az \u00e9vente termesztett gy\u00fcm\u00f6lcs\u00f6t \u00e1ltal\u00e1ban b\u00fckkmagnak nevezik, \u00e9s a vadvil\u00e1g szereti.<\/span>\u00a0<span class=\"notranslate\">A b\u00fckk f\u00e1k fens\u00e9ges \u00e1rnyalat\u00fa f\u00e1k \u00e9rett \u00e1llapotban.<\/span>\u00a0<span class=\"notranslate\">Noha a nemzet toler\u00e1lja a talajok sz\u00e9les sk\u00e1l\u00e1j\u00e1t, a nemzets\u00e9g ink\u00e1bb a k\u00f6vetkezetes \u00e9s m\u00e9rs\u00e9kelt nedvess\u00e9get r\u00e9szes\u00edti el\u0151nyben.<\/span><\/span><\/p>\n<\/div>\n<\/div>\n<div class=\"field field-name-field-gg-soil field-type-list-text field-label-above\">\n<div class=\"field-label\"><span class=\"notranslate\" style=\"color: #ffffff;\">Talaj<\/span><\/div>\n<\/div>\n<p><a href=\"https:\/\/tajkertesz.com\">https:\/\/tajkertesz.com<\/a><br \/>\n<a href=\"https:\/\/hu.wikipedia.org\/wiki\/K%C3%B6z%C3%B6ns%C3%A9ges_j%C3%BAd%C3%A1sfa\">https:\/\/hu.wikipedia.org\/wiki\/K%C3%B6z%C3%B6ns%C3%A9ges_j%C3%BAd%C3%A1sfa<\/a><\/p>\n<p style=\"line-height: 18.0pt; background: white; margin: 0cm 0cm 15.0pt 0cm;\"><span style=\"font-family: 'Ubuntu',serif; color: black;\">\u00a0<\/span><\/p>","protected":false},"excerpt":{"rendered":"<p>Kont\u00e9neres d\u00edszfa 35L.<\/p>\n<p>T\u00f6rzs m\u00e9rete: 10\/12cm.<\/p>\n<p>Olt\u00e1si magass\u00e1g 200\/220cm.<\/p>\n<p>Fraxinus ornus &#8216;Mecsek&#8221; Vir\u00e1gos K\u0151ris k\u00f6z\u00e9per\u0151s n\u00f6veked\u00e9s\u0171 magas t\u00f6rzsre oltott d\u00edszfa, amely magyar nemes\u00edt\u00e9s\u0171&#8230;<\/p>\n<h2><span style=\"color: #ff0000;\"><strong>M\u00e9rete miatt postai csomagk\u00e9nt nem tudjuk elk\u00fcldeni!<\/strong><\/span><\/h2>","protected":false},"featured_media":850,"template":"","meta":{"_et_pb_use_builder":"","_et_pb_old_content":"","_et_gb_content_width":""},"product_brand":[],"product_cat":[28],"product_tag":[33,184,34],"class_list":{"0":"post-842","1":"product","2":"type-product","3":"status-publish","4":"has-post-thumbnail","6":"product_cat-diszfak","7":"product_tag-diszfa","8":"product_tag-fraxinus-ornus-mecsek-viragos-koris","9":"product_tag-sorfa","11":"first","12":"instock","13":"shipping-taxable","14":"purchasable","15":"product-type-simple"},"yoast_head":"<!-- This site is optimized with the Yoast SEO plugin v27.3 - https:\/\/yoast.com\/product\/yoast-seo-wordpress\/ -->\n<title>Fraxinus ornus &#039;Mecsek&quot; Vir\u00e1gos K\u0151ris - T\u00e1jkert\u00e9sz<\/title>\n<meta name=\"description\" content=\"Fraxinus ornus &#039;Mecsek&quot; Vir\u00e1gos K\u0151ris k\u00f6z\u00e9per\u0151s n\u00f6veked\u00e9s\u0171 magas t\u00f6rzsre oltott d\u00edszfa,amely magyar nemes\u00edt\u00e9s\u0171.P\u00e9csett nemes\u00edtett g\u00f6mbk\u0151ris\" \/>\n<meta name=\"robots\" content=\"index, follow, max-snippet:-1, max-image-preview:large, max-video-preview:-1\" \/>\n<link rel=\"canonical\" href=\"https:\/\/tajkertesz.com\/en_US\/product\/fraxinus-ornus-mecsek-viragos-koris\/\" \/>\n<meta property=\"og:locale\" content=\"en_US\" \/>\n<meta property=\"og:type\" content=\"article\" \/>\n<meta property=\"og:title\" content=\"Fraxinus ornus &#039;Mecsek&quot; Vir\u00e1gos K\u0151ris - T\u00e1jkert\u00e9sz\" \/>\n<meta property=\"og:description\" content=\"Fraxinus ornus &#039;Mecsek&quot; Vir\u00e1gos K\u0151ris k\u00f6z\u00e9per\u0151s n\u00f6veked\u00e9s\u0171 magas t\u00f6rzsre oltott d\u00edszfa,amely magyar nemes\u00edt\u00e9s\u0171.P\u00e9csett nemes\u00edtett g\u00f6mbk\u0151ris\" \/>\n<meta property=\"og:url\" content=\"https:\/\/tajkertesz.com\/en_US\/product\/fraxinus-ornus-mecsek-viragos-koris\/\" \/>\n<meta property=\"og:site_name\" content=\"T\u00e1jkert\u00e9sz\" \/>\n<meta property=\"article:publisher\" content=\"https:\/\/www.facebook.com\/Tajkertesz\/\" \/>\n<meta property=\"article:modified_time\" content=\"2023-12-13T13:53:57+00:00\" \/>\n<meta property=\"og:image\" content=\"https:\/\/tajkertesz.com\/wp-content\/uploads\/2020\/02\/Fraxinus-ornus-Mecsek-G\u00f6mbkoron\u00e1j\u00fa-k\u0151ris.jpg\" \/>\n\t<meta property=\"og:image:width\" content=\"700\" \/>\n\t<meta property=\"og:image:height\" content=\"500\" \/>\n\t<meta property=\"og:image:type\" content=\"image\/jpeg\" \/>\n<meta name=\"twitter:card\" content=\"summary_large_image\" \/>\n<meta name=\"twitter:label1\" content=\"Est. reading time\" \/>\n\t<meta name=\"twitter:data1\" content=\"2 minutes\" \/>\n<script type=\"application\/ld+json\" class=\"yoast-schema-graph\">{\"@context\":\"https:\\\/\\\/schema.org\",\"@graph\":[{\"@type\":\"WebPage\",\"@id\":\"https:\\\/\\\/tajkertesz.com\\\/termek\\\/fraxinus-ornus-mecsek-viragos-koris\\\/\",\"url\":\"https:\\\/\\\/tajkertesz.com\\\/termek\\\/fraxinus-ornus-mecsek-viragos-koris\\\/\",\"name\":\"Fraxinus ornus 'Mecsek\\\" Vir\u00e1gos K\u0151ris - T\u00e1jkert\u00e9sz\",\"isPartOf\":{\"@id\":\"https:\\\/\\\/tajkertesz.com\\\/#website\"},\"primaryImageOfPage\":{\"@id\":\"https:\\\/\\\/tajkertesz.com\\\/termek\\\/fraxinus-ornus-mecsek-viragos-koris\\\/#primaryimage\"},\"image\":{\"@id\":\"https:\\\/\\\/tajkertesz.com\\\/termek\\\/fraxinus-ornus-mecsek-viragos-koris\\\/#primaryimage\"},\"thumbnailUrl\":\"https:\\\/\\\/tajkertesz.com\\\/wp-content\\\/uploads\\\/2020\\\/02\\\/Fraxinus-ornus-Mecsek-G\u00f6mbkoron\u00e1j\u00fa-k\u0151ris.jpg\",\"datePublished\":\"2020-02-17T14:34:27+00:00\",\"dateModified\":\"2023-12-13T13:53:57+00:00\",\"description\":\"Fraxinus ornus 'Mecsek\\\" Vir\u00e1gos K\u0151ris k\u00f6z\u00e9per\u0151s n\u00f6veked\u00e9s\u0171 magas t\u00f6rzsre oltott d\u00edszfa,amely magyar nemes\u00edt\u00e9s\u0171.P\u00e9csett nemes\u00edtett g\u00f6mbk\u0151ris\",\"breadcrumb\":{\"@id\":\"https:\\\/\\\/tajkertesz.com\\\/termek\\\/fraxinus-ornus-mecsek-viragos-koris\\\/#breadcrumb\"},\"inLanguage\":\"en-US\",\"potentialAction\":[{\"@type\":\"ReadAction\",\"target\":[\"https:\\\/\\\/tajkertesz.com\\\/termek\\\/fraxinus-ornus-mecsek-viragos-koris\\\/\"]}]},{\"@type\":\"ImageObject\",\"inLanguage\":\"en-US\",\"@id\":\"https:\\\/\\\/tajkertesz.com\\\/termek\\\/fraxinus-ornus-mecsek-viragos-koris\\\/#primaryimage\",\"url\":\"https:\\\/\\\/tajkertesz.com\\\/wp-content\\\/uploads\\\/2020\\\/02\\\/Fraxinus-ornus-Mecsek-G\u00f6mbkoron\u00e1j\u00fa-k\u0151ris.jpg\",\"contentUrl\":\"https:\\\/\\\/tajkertesz.com\\\/wp-content\\\/uploads\\\/2020\\\/02\\\/Fraxinus-ornus-Mecsek-G\u00f6mbkoron\u00e1j\u00fa-k\u0151ris.jpg\",\"width\":700,\"height\":500},{\"@type\":\"BreadcrumbList\",\"@id\":\"https:\\\/\\\/tajkertesz.com\\\/termek\\\/fraxinus-ornus-mecsek-viragos-koris\\\/#breadcrumb\",\"itemListElement\":[{\"@type\":\"ListItem\",\"position\":1,\"name\":\"Home\",\"item\":\"https:\\\/\\\/tajkertesz.com\\\/\"},{\"@type\":\"ListItem\",\"position\":2,\"name\":\"Kezd\u0151lap\",\"item\":\"https:\\\/\\\/tajkertesz.com\\\/\"},{\"@type\":\"ListItem\",\"position\":3,\"name\":\"Fraxinus ornus &#8216;Mecsek&#8221; Vir\u00e1gos K\u0151ris\"}]},{\"@type\":\"WebSite\",\"@id\":\"https:\\\/\\\/tajkertesz.com\\\/#website\",\"url\":\"https:\\\/\\\/tajkertesz.com\\\/\",\"name\":\"T\u00e1j-Kert\u00e9sz 84 Kft.\",\"description\":\"Kert\u00e9szeti kis- \u00e9s nagykeresked\u00e9s, D\u00edszn\u00f6v\u00e9ny web\u00e1ruh\u00e1z orsz\u00e1gos h\u00e1zhozsz\u00e1ll\u00edt\u00e1ssal!\",\"publisher\":{\"@id\":\"https:\\\/\\\/tajkertesz.com\\\/#organization\"},\"potentialAction\":[{\"@type\":\"SearchAction\",\"target\":{\"@type\":\"EntryPoint\",\"urlTemplate\":\"https:\\\/\\\/tajkertesz.com\\\/?s={search_term_string}\"},\"query-input\":{\"@type\":\"PropertyValueSpecification\",\"valueRequired\":true,\"valueName\":\"search_term_string\"}}],\"inLanguage\":\"en-US\"},{\"@type\":\"Organization\",\"@id\":\"https:\\\/\\\/tajkertesz.com\\\/#organization\",\"name\":\"T\u00e1j-Kert\u00e9sz 84 Kft.\",\"url\":\"https:\\\/\\\/tajkertesz.com\\\/\",\"logo\":{\"@type\":\"ImageObject\",\"inLanguage\":\"en-US\",\"@id\":\"https:\\\/\\\/tajkertesz.com\\\/#\\\/schema\\\/logo\\\/image\\\/\",\"url\":\"https:\\\/\\\/tajkertesz.com\\\/wp-content\\\/uploads\\\/2018\\\/02\\\/logo-2-e1518678052539.png\",\"contentUrl\":\"https:\\\/\\\/tajkertesz.com\\\/wp-content\\\/uploads\\\/2018\\\/02\\\/logo-2-e1518678052539.png\",\"width\":81,\"height\":140,\"caption\":\"T\u00e1j-Kert\u00e9sz 84 Kft.\"},\"image\":{\"@id\":\"https:\\\/\\\/tajkertesz.com\\\/#\\\/schema\\\/logo\\\/image\\\/\"},\"sameAs\":[\"https:\\\/\\\/www.facebook.com\\\/Tajkertesz\\\/\"]}]}<\/script>\n<!-- \/ Yoast SEO plugin. -->","yoast_head_json":{"title":"Fraxinus ornus 'Mecsek\" Vir\u00e1gos K\u0151ris - T\u00e1jkert\u00e9sz","description":"Fraxinus ornus 'Mecsek\" Vir\u00e1gos K\u0151ris k\u00f6z\u00e9per\u0151s n\u00f6veked\u00e9s\u0171 magas t\u00f6rzsre oltott d\u00edszfa,amely magyar nemes\u00edt\u00e9s\u0171.P\u00e9csett nemes\u00edtett g\u00f6mbk\u0151ris","robots":{"index":"index","follow":"follow","max-snippet":"max-snippet:-1","max-image-preview":"max-image-preview:large","max-video-preview":"max-video-preview:-1"},"canonical":"https:\/\/tajkertesz.com\/en_US\/product\/fraxinus-ornus-mecsek-viragos-koris\/","og_locale":"en_US","og_type":"article","og_title":"Fraxinus ornus 'Mecsek\" Vir\u00e1gos K\u0151ris - T\u00e1jkert\u00e9sz","og_description":"Fraxinus ornus 'Mecsek\" Vir\u00e1gos K\u0151ris k\u00f6z\u00e9per\u0151s n\u00f6veked\u00e9s\u0171 magas t\u00f6rzsre oltott d\u00edszfa,amely magyar nemes\u00edt\u00e9s\u0171.P\u00e9csett nemes\u00edtett g\u00f6mbk\u0151ris","og_url":"https:\/\/tajkertesz.com\/en_US\/product\/fraxinus-ornus-mecsek-viragos-koris\/","og_site_name":"T\u00e1jkert\u00e9sz","article_publisher":"https:\/\/www.facebook.com\/Tajkertesz\/","article_modified_time":"2023-12-13T13:53:57+00:00","og_image":[{"width":700,"height":500,"url":"https:\/\/tajkertesz.com\/wp-content\/uploads\/2020\/02\/Fraxinus-ornus-Mecsek-G\u00f6mbkoron\u00e1j\u00fa-k\u0151ris.jpg","type":"image\/jpeg"}],"twitter_card":"summary_large_image","twitter_misc":{"Est. reading time":"2 minutes"},"schema":{"@context":"https:\/\/schema.org","@graph":[{"@type":"WebPage","@id":"https:\/\/tajkertesz.com\/termek\/fraxinus-ornus-mecsek-viragos-koris\/","url":"https:\/\/tajkertesz.com\/termek\/fraxinus-ornus-mecsek-viragos-koris\/","name":"Fraxinus ornus 'Mecsek\" Vir\u00e1gos K\u0151ris - T\u00e1jkert\u00e9sz","isPartOf":{"@id":"https:\/\/tajkertesz.com\/#website"},"primaryImageOfPage":{"@id":"https:\/\/tajkertesz.com\/termek\/fraxinus-ornus-mecsek-viragos-koris\/#primaryimage"},"image":{"@id":"https:\/\/tajkertesz.com\/termek\/fraxinus-ornus-mecsek-viragos-koris\/#primaryimage"},"thumbnailUrl":"https:\/\/tajkertesz.com\/wp-content\/uploads\/2020\/02\/Fraxinus-ornus-Mecsek-G\u00f6mbkoron\u00e1j\u00fa-k\u0151ris.jpg","datePublished":"2020-02-17T14:34:27+00:00","dateModified":"2023-12-13T13:53:57+00:00","description":"Fraxinus ornus 'Mecsek\" Vir\u00e1gos K\u0151ris k\u00f6z\u00e9per\u0151s n\u00f6veked\u00e9s\u0171 magas t\u00f6rzsre oltott d\u00edszfa,amely magyar nemes\u00edt\u00e9s\u0171.P\u00e9csett nemes\u00edtett g\u00f6mbk\u0151ris","breadcrumb":{"@id":"https:\/\/tajkertesz.com\/termek\/fraxinus-ornus-mecsek-viragos-koris\/#breadcrumb"},"inLanguage":"en-US","potentialAction":[{"@type":"ReadAction","target":["https:\/\/tajkertesz.com\/termek\/fraxinus-ornus-mecsek-viragos-koris\/"]}]},{"@type":"ImageObject","inLanguage":"en-US","@id":"https:\/\/tajkertesz.com\/termek\/fraxinus-ornus-mecsek-viragos-koris\/#primaryimage","url":"https:\/\/tajkertesz.com\/wp-content\/uploads\/2020\/02\/Fraxinus-ornus-Mecsek-G\u00f6mbkoron\u00e1j\u00fa-k\u0151ris.jpg","contentUrl":"https:\/\/tajkertesz.com\/wp-content\/uploads\/2020\/02\/Fraxinus-ornus-Mecsek-G\u00f6mbkoron\u00e1j\u00fa-k\u0151ris.jpg","width":700,"height":500},{"@type":"BreadcrumbList","@id":"https:\/\/tajkertesz.com\/termek\/fraxinus-ornus-mecsek-viragos-koris\/#breadcrumb","itemListElement":[{"@type":"ListItem","position":1,"name":"Home","item":"https:\/\/tajkertesz.com\/"},{"@type":"ListItem","position":2,"name":"Kezd\u0151lap","item":"https:\/\/tajkertesz.com\/"},{"@type":"ListItem","position":3,"name":"Fraxinus ornus &#8216;Mecsek&#8221; Vir\u00e1gos K\u0151ris"}]},{"@type":"WebSite","@id":"https:\/\/tajkertesz.com\/#website","url":"https:\/\/tajkertesz.com\/","name":"T\u00e1j-Kert\u00e9sz 84 Kft.","description":"Kert\u00e9szeti kis- \u00e9s nagykeresked\u00e9s, D\u00edszn\u00f6v\u00e9ny web\u00e1ruh\u00e1z orsz\u00e1gos h\u00e1zhozsz\u00e1ll\u00edt\u00e1ssal!","publisher":{"@id":"https:\/\/tajkertesz.com\/#organization"},"potentialAction":[{"@type":"SearchAction","target":{"@type":"EntryPoint","urlTemplate":"https:\/\/tajkertesz.com\/?s={search_term_string}"},"query-input":{"@type":"PropertyValueSpecification","valueRequired":true,"valueName":"search_term_string"}}],"inLanguage":"en-US"},{"@type":"Organization","@id":"https:\/\/tajkertesz.com\/#organization","name":"T\u00e1j-Kert\u00e9sz 84 Kft.","url":"https:\/\/tajkertesz.com\/","logo":{"@type":"ImageObject","inLanguage":"en-US","@id":"https:\/\/tajkertesz.com\/#\/schema\/logo\/image\/","url":"https:\/\/tajkertesz.com\/wp-content\/uploads\/2018\/02\/logo-2-e1518678052539.png","contentUrl":"https:\/\/tajkertesz.com\/wp-content\/uploads\/2018\/02\/logo-2-e1518678052539.png","width":81,"height":140,"caption":"T\u00e1j-Kert\u00e9sz 84 Kft."},"image":{"@id":"https:\/\/tajkertesz.com\/#\/schema\/logo\/image\/"},"sameAs":["https:\/\/www.facebook.com\/Tajkertesz\/"]}]}},"_links":{"self":[{"href":"https:\/\/tajkertesz.com\/en_US\/wp-json\/wp\/v2\/product\/842","targetHints":{"allow":["GET"]}}],"collection":[{"href":"https:\/\/tajkertesz.com\/en_US\/wp-json\/wp\/v2\/product"}],"about":[{"href":"https:\/\/tajkertesz.com\/en_US\/wp-json\/wp\/v2\/types\/product"}],"wp:featuredmedia":[{"embeddable":true,"href":"https:\/\/tajkertesz.com\/en_US\/wp-json\/wp\/v2\/media\/850"}],"wp:attachment":[{"href":"https:\/\/tajkertesz.com\/en_US\/wp-json\/wp\/v2\/media?parent=842"}],"wp:term":[{"taxonomy":"product_brand","embeddable":true,"href":"https:\/\/tajkertesz.com\/en_US\/wp-json\/wp\/v2\/product_brand?post=842"},{"taxonomy":"product_cat","embeddable":true,"href":"https:\/\/tajkertesz.com\/en_US\/wp-json\/wp\/v2\/product_cat?post=842"},{"taxonomy":"product_tag","embeddable":true,"href":"https:\/\/tajkertesz.com\/en_US\/wp-json\/wp\/v2\/product_tag?post=842"}],"curies":[{"name":"wp","href":"https:\/\/api.w.org\/{rel}","templated":true}]}}