{"id":8421,"date":"2021-08-19T12:24:40","date_gmt":"2021-08-19T12:24:40","guid":{"rendered":"https:\/\/tajkertesz.com\/?post_type=product&#038;p=8421"},"modified":"2026-02-24T10:20:53","modified_gmt":"2026-02-24T10:20:53","slug":"instant-gyep-5-kg","status":"publish","type":"product","link":"https:\/\/tajkertesz.com\/en_US\/product\/instant-gyep-5-kg\/","title":{"rendered":"Instant gyep 5 kg"},"content":{"rendered":"<h3>Instant gyep 5 kg<\/h3>\n<p>Instant gyep 5 kg<\/p>\n<div class=\"container\">\n<div class=\"page-title\">\n<p class=\"description\">Az instant gyep egyed\u00fcl\u00e1ll\u00f3 megold\u00e1st k\u00edn\u00e1l azoknak az embereknek akik a lehet\u0151 leggyorsabban szeretn\u00e9nek kertj\u00fckbe t\u00f6k\u00e9letes, er\u0151s d\u00fas z\u00f6ld p\u00e1zsitot var\u00e1zsolni<\/p>\n<\/div>\n<\/div>\n<div class=\"box-how-to padding-size1\">\n<div class=\"container\">\n<div class=\"row\">\n<div class=\"col-sm-14\">\n<p>TALAJEL\u0150K\u00c9SZ\u00cdT\u00c9S &#8211; Az instantgyep a kisz\u00f3r\u00e1s el\u0151tt nem ig\u00e9nyel k\u00fcl\u00f6n\u00f6sebb talajel\u0151k\u00e9sz\u00edt\u00e9st, de c\u00e9lszer\u0171 \u00e1t gerebly\u00e9zni vagy gyep laz\u00edt\u00f3val \u00e1tmenni a ter\u00fcleten, hogy kiszedj\u00fck az elhalt f\u0171sz\u00e1lakat, gyomn\u00f6v\u00e9nyeket a kisz\u00f3r\u00e1s el\u0151tt.<\/p>\n<p>KIBONTATNI &#8211; Bontsa ki a csomagot, amely tartalmazza a komposztot \u00e9s a speci\u00e1lis f\u0171mag kever\u00e9ket.<\/p>\n<p>Az instantgyep speci\u00e1lis term\u00e9szetes eredet\u0171 gyep ind\u00edt\u00f3 tr\u00e1gy\u00e1t tartalmaz, valamint olyan min\u0151s\u00e9g\u0171 f\u0171mag kever\u00e9ket, amely sz\u00e1razs\u00e1gt\u0171r\u0151 \u00e9s agressz\u00edv ig\u00e9nybev\u00e9tel mellett is kiv\u00e1l\u00f3 de \u00e1rny\u00e9kos ter\u00fcletre is kiv\u00e1l\u00f3, csak akkor m\u00e9rs\u00e9kelt \u00f6nt\u00f6z\u00e9st ig\u00e9nyel.<\/p>\n<p>\u00d6SSZEKEVERNI\u00a0&#8211; A komposztot alaposan keverje \u00f6ssze a csomagol\u00e1sban tal\u00e1lt f\u0171mag kever\u00e9kkel.<\/p>\n<p>A speci\u00e1lis gyep ind\u00edt\u00f3 biokomposztot keverje \u00f6ssze a f\u0171magkever\u00e9kkel alaposan, hogy min\u00e9l egyenletesebb kever\u00e9ket kaphasson. Nem \u00e9rdemes az \u00f6sszekever\u00e9sen id\u0151t sp\u00f3rolni, a gyep fel\u00faj\u00edt\u00e1s m\u00e1r \u00edgy is 1 \u00f3ra alatt k\u00e9sz lehet. Min\u00e9l alaposabban \u00f6sszekeveri a f\u0171magkever\u00e9ket a gyep ind\u00edt\u00f3val, ann\u00e1l t\u00f6k\u00e9letesebb gyepet kaphat.<\/p>\n<p>KISZ\u00d3RNI\u00a0&#8211; 2-4 mm vastagon juttassa ki a f\u00fcves\u00edtend\u0151 ter\u00fcletre.<\/p>\n<p>B\u00e1r a term\u00e9k alkalmaz\u00e1sa nem ig\u00e9nyel semmilyen el\u0151zetes f\u00f6ldmunk\u00e1t, a kisz\u00f3r\u00e1sra m\u00e9gis \u00e9rdemes odafigyelni, hogy a probl\u00e9m\u00e1s ter\u00fcletekre biztosan kell\u0151 mennyis\u00e9g\u0171 Instantgyep kever\u00e9k jusson.<\/p>\n<div class=\"col-sm-4 text-center\"><strong>K\u00c9SZ!<\/strong>\u00a0&#8211; A term\u00e9k 5-7 nap alatt kikel \u00e9s 2 h\u00e9t ut\u00e1n m\u00e1r ny\u00edrhat\u00f3 is megfelel\u0151 \u00f6nt\u00f6z\u00e9s mellett a legjobb eredm\u00e9nyt tudja produk\u00e1lni.<\/div>\n<p>K\u00e9rj\u00fck, az utas\u00edt\u00e1sokat mindenk\u00e9pp tartsa be annak \u00e9rdek\u00e9ben, hogy az Instantgyep a lehet\u0151 legjobb eredm\u00e9nyt tudja kifejteni. A term\u00e9k\u00fcnkre el\u00e9gedetts\u00e9gi \u00e9s min\u0151s\u00e9gi garanci\u00e1t biztos\u00edtunk, amennyiben megfelel\u0151en alkalmazta azt.<\/p>\n<p>Az instantgyep gyakorlatilag 5 m2 gyepsz\u0151nyeg egy zacsk\u00f3ban, teh\u00e1t \u00fajra f\u00fcves\u00edt\u00e9s eset\u00e9n 5m2- re elegend\u0151. Fel\u00fclvet\u00e9s eset\u00e9n 10-15 m2-re el\u00e9g.<\/p>\n<\/div>\n<\/div>\n<\/div>\n<\/div>\n<div><\/div>\n<div><\/div>\n<p>El\u00e9rhet\u0151 t\u00f6bbf\u00e9le m\u00e9retben \u00e9s \u00e1rban.<\/p>\n<p><strong>K\u00e9szlet\u00fcnk napi szinten v\u00e1ltozik, ez\u00e9rt k\u00e9rj\u00fck, \u00e9rdekl\u0151dj\u00f6n szem\u00e9lyesen, telefonon vagy email-en.<br \/>\nA v\u00e1ltoztat\u00e1s jog\u00e1t fenntartjuk!\u00a0<\/strong><\/p>\n<p><a href=\"https:\/\/tajkertesz.com\/\">https:\/\/tajkertesz.com\/<\/a><\/p>\n<p><a href=\"https:\/\/www.facebook.com\/tajkertesz\/\">https:\/\/www.facebook.com\/tajkertesz\/<\/a><\/p>\n<p>Kisz\u00e1ll\u00edt\u00e1s: 200cm-ig \u00a0\u00e9s 40 kg-ig a sz\u00e1ll\u00edt\u00e1s fut\u00e1rszolg\u00e1lattal \u00a0t\u00f6rt\u00e9nik.<\/p>\n<p>Szem\u00e9lyes \u00e1tv\u00e9tel nyitvatart\u00e1si id\u0151ben a 17. ker\u00fclet Bakancsos utca 7. sz\u00e1m alatti Kert\u00e9szeti \u00e1rud\u00e1nkban.<\/p>","protected":false},"excerpt":{"rendered":"<h3>Instant gyep\/ Instant f\u0171mag 5 kg<\/h3>\n<p>&nbsp;<\/p>\n<p>TALAJEL\u0150K\u00c9SZ\u00cdT\u00c9S-KIBONTATNI-\u00d6SSZEKEVERNI-KISZ\u00d3RNI-\u00d6NT\u00d6ZNI (kel\u00e9sig 2-3 \u00f3r\u00e1nk\u00e9nt!)<\/p>\n<p><strong>K\u00c9SZ!<\/strong><\/p>\n<p>&nbsp;<\/p>\n<p>&nbsp;<\/p>","protected":false},"featured_media":8422,"template":"","meta":{"_et_pb_use_builder":"","_et_pb_old_content":"","_et_gb_content_width":""},"product_brand":[],"product_cat":[5022],"product_tag":[5017,1285,5115,2522,1470],"class_list":{"0":"post-8421","1":"product","2":"type-product","3":"status-publish","4":"has-post-thumbnail","6":"product_cat-egyeb-fumagok","7":"product_tag-fu","8":"product_tag-gyep","9":"product_tag-instant-fumag","10":"product_tag-instant-gyep-5-kg","11":"product_tag-pazsit","13":"first","14":"instock","15":"shipping-taxable","16":"purchasable","17":"product-type-simple"},"yoast_head":"<!-- This site is optimized with the Yoast SEO plugin v27.4 - https:\/\/yoast.com\/product\/yoast-seo-wordpress\/ -->\n<title>Instant gyep 5 kg - T\u00e1jkert\u00e9sz<\/title>\n<meta name=\"description\" content=\"Az instant gyep egyed\u00fcl\u00e1ll\u00f3 megold\u00e1st k\u00edn\u00e1l azoknak az embereknek akik a leggyorsabban szeretn\u00e9nek kertj\u00fckbe er\u0151s d\u00fas z\u00f6ld p\u00e1zsitot.\" \/>\n<meta name=\"robots\" content=\"index, follow, max-snippet:-1, max-image-preview:large, max-video-preview:-1\" \/>\n<link rel=\"canonical\" href=\"https:\/\/tajkertesz.com\/en_US\/product\/instant-gyep-5-kg\/\" \/>\n<meta property=\"og:locale\" content=\"en_US\" \/>\n<meta property=\"og:type\" content=\"article\" \/>\n<meta property=\"og:title\" content=\"https:\/\/www.facebook.com\/tajkertesz\" \/>\n<meta property=\"og:description\" content=\"Instant gyep 5 kgAz instant gyep egyed\u00fcl\u00e1ll\u00f3 megold\u00e1st k\u00edn\u00e1l azoknak az embereknek akik a lehet\u0151 leggyorsabban szeretn\u00e9nek kertj\u00fckbe t\u00f6k\u00e9letes, er\u0151s d\u00fas z\u00f6ld p\u00e1zsitot var\u00e1zsolni\" \/>\n<meta property=\"og:url\" content=\"https:\/\/tajkertesz.com\/en_US\/product\/instant-gyep-5-kg\/\" \/>\n<meta property=\"og:site_name\" content=\"T\u00e1jkert\u00e9sz\" \/>\n<meta property=\"article:publisher\" content=\"https:\/\/www.facebook.com\/Tajkertesz\/\" \/>\n<meta property=\"article:modified_time\" content=\"2026-02-24T10:20:53+00:00\" \/>\n<meta property=\"og:image\" content=\"https:\/\/tajkertesz.com\/wp-content\/uploads\/2021\/08\/instant-gyep.jpg\" \/>\n\t<meta property=\"og:image:width\" content=\"280\" \/>\n\t<meta property=\"og:image:height\" content=\"280\" \/>\n\t<meta property=\"og:image:type\" content=\"image\/jpeg\" \/>\n<meta name=\"twitter:card\" content=\"summary_large_image\" \/>\n<meta name=\"twitter:label1\" content=\"Est. reading time\" \/>\n\t<meta name=\"twitter:data1\" content=\"2 minutes\" \/>\n<script type=\"application\/ld+json\" class=\"yoast-schema-graph\">{\"@context\":\"https:\\\/\\\/schema.org\",\"@graph\":[{\"@type\":\"WebPage\",\"@id\":\"https:\\\/\\\/tajkertesz.com\\\/termek\\\/instant-gyep-5-kg\\\/\",\"url\":\"https:\\\/\\\/tajkertesz.com\\\/termek\\\/instant-gyep-5-kg\\\/\",\"name\":\"Instant gyep 5 kg - T\u00e1jkert\u00e9sz\",\"isPartOf\":{\"@id\":\"https:\\\/\\\/tajkertesz.com\\\/#website\"},\"primaryImageOfPage\":{\"@id\":\"https:\\\/\\\/tajkertesz.com\\\/termek\\\/instant-gyep-5-kg\\\/#primaryimage\"},\"image\":{\"@id\":\"https:\\\/\\\/tajkertesz.com\\\/termek\\\/instant-gyep-5-kg\\\/#primaryimage\"},\"thumbnailUrl\":\"https:\\\/\\\/tajkertesz.com\\\/wp-content\\\/uploads\\\/2021\\\/08\\\/instant-gyep.jpg\",\"datePublished\":\"2021-08-19T12:24:40+00:00\",\"dateModified\":\"2026-02-24T10:20:53+00:00\",\"description\":\"Az instant gyep egyed\u00fcl\u00e1ll\u00f3 megold\u00e1st k\u00edn\u00e1l azoknak az embereknek akik a leggyorsabban szeretn\u00e9nek kertj\u00fckbe er\u0151s d\u00fas z\u00f6ld p\u00e1zsitot.\",\"breadcrumb\":{\"@id\":\"https:\\\/\\\/tajkertesz.com\\\/termek\\\/instant-gyep-5-kg\\\/#breadcrumb\"},\"inLanguage\":\"en-US\",\"potentialAction\":[{\"@type\":\"ReadAction\",\"target\":[\"https:\\\/\\\/tajkertesz.com\\\/termek\\\/instant-gyep-5-kg\\\/\"]}]},{\"@type\":\"ImageObject\",\"inLanguage\":\"en-US\",\"@id\":\"https:\\\/\\\/tajkertesz.com\\\/termek\\\/instant-gyep-5-kg\\\/#primaryimage\",\"url\":\"https:\\\/\\\/tajkertesz.com\\\/wp-content\\\/uploads\\\/2021\\\/08\\\/instant-gyep.jpg\",\"contentUrl\":\"https:\\\/\\\/tajkertesz.com\\\/wp-content\\\/uploads\\\/2021\\\/08\\\/instant-gyep.jpg\",\"width\":280,\"height\":280},{\"@type\":\"BreadcrumbList\",\"@id\":\"https:\\\/\\\/tajkertesz.com\\\/termek\\\/instant-gyep-5-kg\\\/#breadcrumb\",\"itemListElement\":[{\"@type\":\"ListItem\",\"position\":1,\"name\":\"Home\",\"item\":\"https:\\\/\\\/tajkertesz.com\\\/\"},{\"@type\":\"ListItem\",\"position\":2,\"name\":\"Kezd\u0151lap\",\"item\":\"https:\\\/\\\/tajkertesz.com\\\/\"},{\"@type\":\"ListItem\",\"position\":3,\"name\":\"Instant gyep 5 kg\"}]},{\"@type\":\"WebSite\",\"@id\":\"https:\\\/\\\/tajkertesz.com\\\/#website\",\"url\":\"https:\\\/\\\/tajkertesz.com\\\/\",\"name\":\"T\u00e1j-Kert\u00e9sz 84 Kft.\",\"description\":\"Kert\u00e9szeti kis- \u00e9s nagykeresked\u00e9s, D\u00edszn\u00f6v\u00e9ny web\u00e1ruh\u00e1z orsz\u00e1gos h\u00e1zhozsz\u00e1ll\u00edt\u00e1ssal!\",\"publisher\":{\"@id\":\"https:\\\/\\\/tajkertesz.com\\\/#organization\"},\"potentialAction\":[{\"@type\":\"SearchAction\",\"target\":{\"@type\":\"EntryPoint\",\"urlTemplate\":\"https:\\\/\\\/tajkertesz.com\\\/?s={search_term_string}\"},\"query-input\":{\"@type\":\"PropertyValueSpecification\",\"valueRequired\":true,\"valueName\":\"search_term_string\"}}],\"inLanguage\":\"en-US\"},{\"@type\":\"Organization\",\"@id\":\"https:\\\/\\\/tajkertesz.com\\\/#organization\",\"name\":\"T\u00e1j-Kert\u00e9sz 84 Kft.\",\"url\":\"https:\\\/\\\/tajkertesz.com\\\/\",\"logo\":{\"@type\":\"ImageObject\",\"inLanguage\":\"en-US\",\"@id\":\"https:\\\/\\\/tajkertesz.com\\\/#\\\/schema\\\/logo\\\/image\\\/\",\"url\":\"https:\\\/\\\/tajkertesz.com\\\/wp-content\\\/uploads\\\/2018\\\/02\\\/logo-2-e1518678052539.png\",\"contentUrl\":\"https:\\\/\\\/tajkertesz.com\\\/wp-content\\\/uploads\\\/2018\\\/02\\\/logo-2-e1518678052539.png\",\"width\":81,\"height\":140,\"caption\":\"T\u00e1j-Kert\u00e9sz 84 Kft.\"},\"image\":{\"@id\":\"https:\\\/\\\/tajkertesz.com\\\/#\\\/schema\\\/logo\\\/image\\\/\"},\"sameAs\":[\"https:\\\/\\\/www.facebook.com\\\/Tajkertesz\\\/\"]}]}<\/script>\n<!-- \/ Yoast SEO plugin. -->","yoast_head_json":{"title":"Instant gyep 5 kg - T\u00e1jkert\u00e9sz","description":"Az instant gyep egyed\u00fcl\u00e1ll\u00f3 megold\u00e1st k\u00edn\u00e1l azoknak az embereknek akik a leggyorsabban szeretn\u00e9nek kertj\u00fckbe er\u0151s d\u00fas z\u00f6ld p\u00e1zsitot.","robots":{"index":"index","follow":"follow","max-snippet":"max-snippet:-1","max-image-preview":"max-image-preview:large","max-video-preview":"max-video-preview:-1"},"canonical":"https:\/\/tajkertesz.com\/en_US\/product\/instant-gyep-5-kg\/","og_locale":"en_US","og_type":"article","og_title":"https:\/\/www.facebook.com\/tajkertesz","og_description":"Instant gyep 5 kgAz instant gyep egyed\u00fcl\u00e1ll\u00f3 megold\u00e1st k\u00edn\u00e1l azoknak az embereknek akik a lehet\u0151 leggyorsabban szeretn\u00e9nek kertj\u00fckbe t\u00f6k\u00e9letes, er\u0151s d\u00fas z\u00f6ld p\u00e1zsitot var\u00e1zsolni","og_url":"https:\/\/tajkertesz.com\/en_US\/product\/instant-gyep-5-kg\/","og_site_name":"T\u00e1jkert\u00e9sz","article_publisher":"https:\/\/www.facebook.com\/Tajkertesz\/","article_modified_time":"2026-02-24T10:20:53+00:00","og_image":[{"width":280,"height":280,"url":"https:\/\/tajkertesz.com\/wp-content\/uploads\/2021\/08\/instant-gyep.jpg","type":"image\/jpeg"}],"twitter_card":"summary_large_image","twitter_misc":{"Est. reading time":"2 minutes"},"schema":{"@context":"https:\/\/schema.org","@graph":[{"@type":"WebPage","@id":"https:\/\/tajkertesz.com\/termek\/instant-gyep-5-kg\/","url":"https:\/\/tajkertesz.com\/termek\/instant-gyep-5-kg\/","name":"Instant gyep 5 kg - T\u00e1jkert\u00e9sz","isPartOf":{"@id":"https:\/\/tajkertesz.com\/#website"},"primaryImageOfPage":{"@id":"https:\/\/tajkertesz.com\/termek\/instant-gyep-5-kg\/#primaryimage"},"image":{"@id":"https:\/\/tajkertesz.com\/termek\/instant-gyep-5-kg\/#primaryimage"},"thumbnailUrl":"https:\/\/tajkertesz.com\/wp-content\/uploads\/2021\/08\/instant-gyep.jpg","datePublished":"2021-08-19T12:24:40+00:00","dateModified":"2026-02-24T10:20:53+00:00","description":"Az instant gyep egyed\u00fcl\u00e1ll\u00f3 megold\u00e1st k\u00edn\u00e1l azoknak az embereknek akik a leggyorsabban szeretn\u00e9nek kertj\u00fckbe er\u0151s d\u00fas z\u00f6ld p\u00e1zsitot.","breadcrumb":{"@id":"https:\/\/tajkertesz.com\/termek\/instant-gyep-5-kg\/#breadcrumb"},"inLanguage":"en-US","potentialAction":[{"@type":"ReadAction","target":["https:\/\/tajkertesz.com\/termek\/instant-gyep-5-kg\/"]}]},{"@type":"ImageObject","inLanguage":"en-US","@id":"https:\/\/tajkertesz.com\/termek\/instant-gyep-5-kg\/#primaryimage","url":"https:\/\/tajkertesz.com\/wp-content\/uploads\/2021\/08\/instant-gyep.jpg","contentUrl":"https:\/\/tajkertesz.com\/wp-content\/uploads\/2021\/08\/instant-gyep.jpg","width":280,"height":280},{"@type":"BreadcrumbList","@id":"https:\/\/tajkertesz.com\/termek\/instant-gyep-5-kg\/#breadcrumb","itemListElement":[{"@type":"ListItem","position":1,"name":"Home","item":"https:\/\/tajkertesz.com\/"},{"@type":"ListItem","position":2,"name":"Kezd\u0151lap","item":"https:\/\/tajkertesz.com\/"},{"@type":"ListItem","position":3,"name":"Instant gyep 5 kg"}]},{"@type":"WebSite","@id":"https:\/\/tajkertesz.com\/#website","url":"https:\/\/tajkertesz.com\/","name":"T\u00e1j-Kert\u00e9sz 84 Kft.","description":"Kert\u00e9szeti kis- \u00e9s nagykeresked\u00e9s, D\u00edszn\u00f6v\u00e9ny web\u00e1ruh\u00e1z orsz\u00e1gos h\u00e1zhozsz\u00e1ll\u00edt\u00e1ssal!","publisher":{"@id":"https:\/\/tajkertesz.com\/#organization"},"potentialAction":[{"@type":"SearchAction","target":{"@type":"EntryPoint","urlTemplate":"https:\/\/tajkertesz.com\/?s={search_term_string}"},"query-input":{"@type":"PropertyValueSpecification","valueRequired":true,"valueName":"search_term_string"}}],"inLanguage":"en-US"},{"@type":"Organization","@id":"https:\/\/tajkertesz.com\/#organization","name":"T\u00e1j-Kert\u00e9sz 84 Kft.","url":"https:\/\/tajkertesz.com\/","logo":{"@type":"ImageObject","inLanguage":"en-US","@id":"https:\/\/tajkertesz.com\/#\/schema\/logo\/image\/","url":"https:\/\/tajkertesz.com\/wp-content\/uploads\/2018\/02\/logo-2-e1518678052539.png","contentUrl":"https:\/\/tajkertesz.com\/wp-content\/uploads\/2018\/02\/logo-2-e1518678052539.png","width":81,"height":140,"caption":"T\u00e1j-Kert\u00e9sz 84 Kft."},"image":{"@id":"https:\/\/tajkertesz.com\/#\/schema\/logo\/image\/"},"sameAs":["https:\/\/www.facebook.com\/Tajkertesz\/"]}]}},"_links":{"self":[{"href":"https:\/\/tajkertesz.com\/en_US\/wp-json\/wp\/v2\/product\/8421","targetHints":{"allow":["GET"]}}],"collection":[{"href":"https:\/\/tajkertesz.com\/en_US\/wp-json\/wp\/v2\/product"}],"about":[{"href":"https:\/\/tajkertesz.com\/en_US\/wp-json\/wp\/v2\/types\/product"}],"wp:featuredmedia":[{"embeddable":true,"href":"https:\/\/tajkertesz.com\/en_US\/wp-json\/wp\/v2\/media\/8422"}],"wp:attachment":[{"href":"https:\/\/tajkertesz.com\/en_US\/wp-json\/wp\/v2\/media?parent=8421"}],"wp:term":[{"taxonomy":"product_brand","embeddable":true,"href":"https:\/\/tajkertesz.com\/en_US\/wp-json\/wp\/v2\/product_brand?post=8421"},{"taxonomy":"product_cat","embeddable":true,"href":"https:\/\/tajkertesz.com\/en_US\/wp-json\/wp\/v2\/product_cat?post=8421"},{"taxonomy":"product_tag","embeddable":true,"href":"https:\/\/tajkertesz.com\/en_US\/wp-json\/wp\/v2\/product_tag?post=8421"}],"curies":[{"name":"wp","href":"https:\/\/api.w.org\/{rel}","templated":true}]}}