{"id":8508,"date":"2021-08-23T11:44:52","date_gmt":"2021-08-23T11:44:52","guid":{"rendered":"https:\/\/tajkertesz.com\/?post_type=product&#038;p=8508"},"modified":"2025-05-06T06:37:15","modified_gmt":"2025-05-06T06:37:15","slug":"guzmania-guzmania-lingulata","status":"publish","type":"product","link":"https:\/\/tajkertesz.com\/en_US\/product\/guzmania-guzmania-lingulata\/","title":{"rendered":"Guzm\u00e1nia (Guzmania lingulata)"},"content":{"rendered":"<div class=\"product-name col-md-12 nopadding\">\n<div class=\"product-name col-md-12 nopadding\">\n<h1 class=\"product_title entry-title\">Guzm\u00e1nia (Guzmania lingulata)<\/h1>\n<\/div>\n<div class=\"product-name-latin col-md-12 nopadding\">\n<p class=\"product_title entry-title\">Guzm\u00e1nia (Guzmania lingulata)<\/p>\n<\/div>\n<\/div>\n<div class=\"product-name col-md-12 nopadding\">\n<div class=\"product-name col-md-12 nopadding\">\n<section class=\"elementor-section elementor-top-section elementor-element elementor-element-1f418b85 elementor-section-boxed elementor-section-height-default elementor-section-height-default\" data-id=\"1f418b85\" data-element_type=\"section\">\n<div class=\"elementor-container elementor-column-gap-default\">\n<div class=\"elementor-row\">\n<div class=\"elementor-column elementor-col-100 elementor-top-column elementor-element elementor-element-709fab06\" data-id=\"709fab06\" data-element_type=\"column\">\n<div class=\"elementor-column-wrap elementor-element-populated\">\n<div class=\"elementor-widget-wrap\">\n<div class=\"elementor-element elementor-element-1a582bf elementor-widget elementor-widget-text-editor\" data-id=\"1a582bf\" data-element_type=\"widget\" data-widget_type=\"text-editor.default\">\n<div class=\"elementor-widget-container\">\n<div class=\"elementor-text-editor elementor-clearfix\">\n<div class=\"code-block code-block-1 ai-viewport-1 ai-viewport-2\"><\/div>\n<section class=\"elementor-section elementor-top-section elementor-element elementor-element-79e1a0a9 elementor-section-boxed elementor-section-height-default elementor-section-height-default\" data-id=\"79e1a0a9\" data-element_type=\"section\">\n<div class=\"elementor-container elementor-column-gap-default\">\n<div class=\"elementor-row\">\n<div class=\"elementor-column elementor-col-100 elementor-top-column elementor-element elementor-element-379795c7\" data-id=\"379795c7\" data-element_type=\"column\">\n<div class=\"elementor-column-wrap elementor-element-populated\">\n<div class=\"elementor-widget-wrap\">\n<div class=\"elementor-element elementor-element-b62d986 elementor-widget elementor-widget-text-editor\" data-id=\"b62d986\" data-element_type=\"widget\" data-widget_type=\"text-editor.default\">\n<div class=\"elementor-widget-container\">\n<div class=\"elementor-text-editor elementor-clearfix\">\n<p style=\"font-weight: 400;\">A guzm\u00e1nia vagy guzm\u00e1n brom\u00e9lia (Guzmania lingulata) a brom\u00e9liaf\u00e9l\u00e9k csal\u00e1dj\u00e1ba tartoz\u00f3 n\u00f6v\u00e9ny.Vir\u00e1gz\u00e1si idej\u00e9ben, sz\u00ednes t\u0151lev\u00e9lr\u00f3zs\u00e1t fejleszt, amely piros, narancss\u00e1rga, s\u00e1rga \u00e9s r\u00f3zsasz\u00edn sz\u00edn\u0171 is lehet, val\u00f3di vir\u00e1gainak d\u00edsz\u00edt\u0151\u00e9rt\u00e9ke elhanyagolhat\u00f3.A n\u00f6v\u00e9ny \u00e9rdekess\u00e9ge, hogy\u00a0elvir\u00e1gz\u00e1sa ut\u00e1n elpusztul, el\u0151tte viszont gondoskodik az ut\u00e1np\u00f3tl\u00e1sr\u00f3l,\u00a0sarjakat fejleszt, amelyeket \u00e1t\u00fcltetve tov\u00e1bb nevelhet\u00fcnk. A n\u00f6v\u00e9ny j\u00f3 v\u00e1laszt\u00e1s, ha mutat\u00f3s, de\u00a0nem t\u00fal helyig\u00e9nyes n\u00f6v\u00e9nyt keres\u00fcnk, maxim\u00e1lis magass\u00e1ga 50cm k\u00f6r\u00fcl van.Elhelyez\u00e9s\u00e9hez keress\u00fcnk, vil\u00e1gos, vagy f\u00e9l\u00e1rny\u00e9kos helyet, ahol f\u00e9nyig\u00e9nye kiel\u00e9g\u00edt\u00e9sre ker\u00fcl, de t\u0171z\u0151 nap nem \u00e9ri.N<span style=\"font-weight: 400;\">y\u00e1ron naponta egyszer, t\u00e9len ritk\u00e1bban permetezz\u00fck.\u00a0Ne vigy\u00fck t\u00falz\u00e1sba, mert a levelek foltosod\u00e1s\u00e1hoz vezethet.<\/span><span style=\"font-weight: 400;\">K<\/span>\u00e9t \u00f6nt\u00f6z\u00e9s k\u00f6z\u00f6tt, c\u00e9lszer\u0171 hagyni, hogy a f\u00f6ld kisz\u00e1radjon. T\u00fal\u00f6nt\u00f6z\u00e9ssel a gy\u00f6kerek rothad\u00e1s\u00e1t id\u00e9zhetj\u00fck el\u0151.A levelek \u00e1ltal alkotott kis \u201ekehelybe\u201d, is t\u00f6lts\u00fcnk vizet, bizonyos id\u0151k\u00f6z\u00f6nk\u00e9nt pedig cser\u00e9lj\u00fck ki azt.<\/p>\n<\/div>\n<\/div>\n<\/div>\n<\/div>\n<\/div>\n<\/div>\n<\/div>\n<\/div>\n<\/section>\n<p>&nbsp;<\/p>\n<\/div>\n<\/div>\n<\/div>\n<\/div>\n<\/div>\n<\/div>\n<\/div>\n<\/div>\n<\/section>\n<\/div>\n<\/div>\n<div><\/div>\n<div><\/div>\n<div><strong>Kisz\u00e1ll\u00edt\u00e1s: 200 cm \u00e9s 40 kg is a sz\u00e1ll\u00edt\u00e1s fut\u00e1rszolg\u00e1lattal t\u00f6rt\u00e9nik.<\/strong><\/div>\n<div><\/div>\n<p style=\"line-height: 18.0pt; background: white; margin: 0cm 0cm 15.0pt 0cm;\"><b><span style=\"font-family: 'Ubuntu',serif; color: black;\">K\u00e9szlet\u00fcnk napi szinten v\u00e1ltozik, ez\u00e9rt k\u00e9rj\u00fck, \u00e9rdekl\u0151dj\u00f6n szem\u00e9lyesen, telefonon vagy email-en.<br \/>\nA v\u00e1ltoztat\u00e1s jog\u00e1t fenntartjuk!\u00a0<\/span><\/b><\/p>\n<p><a href=\"https:\/\/tajkertesz.com\/\">https:\/\/tajkertesz.com\/<\/a><\/p>\n<p><a href=\"https:\/\/www.facebook.com\/tajkertesz\/\">https:\/\/www.facebook.com\/tajkertesz\/<\/a><\/p>\n<p>&nbsp;<\/p>\n<h3><span style=\"color: #ffffff;\">T\u00e1maszok, kar\u00f3k a n\u00f6v\u00e9nyek ig\u00e9nyeire szabva:<\/span><\/h3>\n<p><span style=\"color: #ffffff;\">A n\u00f6v\u00e9nygondoz\u00e1s sor\u00e1n sokszor sz\u00fcks\u00e9g van arra, hogy a n\u00f6v\u00e9nyeket kit\u00e1masszuk annak \u00e9rdek\u00e9ben, hogy a m\u00e9g gyenge n\u00f6v\u00e9ny ne hajoljanak el a saj\u00e1t s\u00falya alatt, illetve, hogy a n\u00f6veked\u00e9s\u00fck egyenesen felfel\u00e9 t\u00f6rt\u00e9njen \u00e9s ne hajoljanak el oldalra.<\/span><\/p>\n<p><span style=\"color: #ffffff;\">Mivel mindegyik n\u00f6v\u00e9ny elt\u00e9r\u0151 tulajdons\u00e1gokkal, m\u00e9retekkel \u00e9s ig\u00e9nyekkel rendelkezik, ez\u00e9rt alaposan fel kell m\u00e9rnie, hogy pontosan milyen t\u00e1maszt\u00e9kokat kell beszereznie az eredm\u00e9nyess\u00e9ghez. A neh\u00e9z sz\u00e1rral rendelkez\u0151 n\u00f6v\u00e9nyek kit\u00e1maszt\u00e1s\u00e1ra vastag, magas kar\u00f3kat \u00e9rdemes venni, melyek el\u00e9g er\u0151sek ahhoz, hogy megtarts\u00e1k \u0151ket.<\/span><\/p>\n<p><span style=\"color: #ffffff;\">A d\u00edszn\u00f6v\u00e9nyek eset\u00e9ben m\u00e1r nagyobb hangs\u00faly van a dekorat\u00edv kin\u00e9zeten, hiszen j\u00f3 es\u00e9ly van r\u00e1, hogy ezek a n\u00f6v\u00e9nyt\u00e1maszok a lak\u00e1sunkat fogj\u00e1k d\u00edsz\u00edteni, pl.: a nappaliban.\u00a0 A megfelel\u0151 m\u00e9ret\u0171, form\u00e1j\u00fa \u00e9s kialak\u00edt\u00e1s\u00fa n\u00f6v\u00e9nyt\u00e1maszok haszn\u00e1lat\u00e1val biztos\u00edthat\u00f3 a n\u00f6v\u00e9nyek eg\u00e9szs\u00e9ges , csod\u00e1s fejl\u0151d\u00e9se.<\/span><\/p>\n<h3><span style=\"color: #ffffff;\">A\u00a0<b>bambuszok<\/b>\u00a0<i>(Bambuseae)<\/i> :<\/span><\/h3>\n<p><span style=\"color: #ffffff;\">a perjef\u00e9l\u00e9k csal\u00e1dj\u00e1ba tartoz\u00f3 \u00e9vel\u0151, \u00f6r\u00f6kz\u00f6ld n\u00f6v\u00e9nyek<\/span><\/p>\n<p><span style=\"color: #ffffff;\">T\u00f6bb mint 1000 fajuk ismert. F\u0151 el\u0151fordul\u00e1si hely\u00fck \u00c9szakkelet-\u00c1zsi\u00e1t\u00f3l D\u00e9lkelet-\u00c1zsi\u00e1n \u00e1t eg\u00e9szen \u00c9szakkelet-Ausztr\u00e1li\u00e1ig terjed.<sup id=\"cite_ref-1\" class=\"reference\"><\/sup><\/span><\/p>\n<p><span style=\"color: #ffffff;\">Ugyan a perjef\u00e9l\u00e9k csal\u00e1dj\u00e1ba tartoznak, sokan m\u00e9gis bambuszfak\u00e9nt hivatkoznak r\u00e1juk, mivel n\u00e9mely fajuk megfelel\u0151 k\u00f6r\u00fclm\u00e9nyek k\u00f6z\u00f6tt ak\u00e1r 20 m\u00e9tern\u00e9l is magasabbra n\u0151, sz\u00e1ruk vastags\u00e1ga pedig meghaladhatja a 15 centim\u00e9tert is. Persze nem ez az \u00e1ltal\u00e1nos. A legt\u00f6bb faj magass\u00e1ga 3 \u00e9s 10 m\u00e9ter k\u00f6z\u00f6tti, sz\u00e1rvastags\u00e1ga pedig 2 \u00e9s 5 centim\u00e9ter k\u00f6z\u00f6tt van.<\/span><\/p>\n<p><span style=\"color: #ffffff;\">A haz\u00e1nkban is egyre n\u00e9pszer\u0171bb n\u00f6v\u00e9nyeket eredeti \u00e9l\u0151hely\u00e9n nagyon sokr\u00e9t\u0171en, az \u00e9let szinte minden ter\u00fclet\u00e9n hasznos\u00edtj\u00e1k, felhaszn\u00e1lj\u00e1k<\/span><\/p>\n<h2><span id=\"Felhaszn\u00e1l\u00e1sa\" class=\"mw-headline\" style=\"color: #ffffff;\">A bambusz felhaszn\u00e1l\u00e1sa:<\/span><\/h2>\n<div class=\"thumb tright\">\n<div class=\"thumbinner\">\n<div class=\"thumbcaption\"><\/div>\n<\/div>\n<\/div>\n<div class=\"thumb tleft\">\n<div class=\"thumbinner\">\n<div class=\"thumbcaption\">\n<div class=\"magnify\"><\/div>\n<p><span style=\"color: #ffffff;\">Elad\u00e1sra k\u00edn\u00e1lt bambuszr\u00fcgyek egy jap\u00e1n bev\u00e1s\u00e1rl\u00f3k\u00f6zpontban<\/span><\/p>\n<\/div>\n<\/div>\n<\/div>\n<p><span style=\"color: #ffffff;\">Az \u00fcreges fel\u00e9p\u00edt\u00e9s\u0171, kis s\u00faly\u00fa \u00e9s nagyon hajl\u00e9kony, rugalmas sz\u00e1raknak k\u00f6sz\u00f6nhet\u0151en az \u00e9let szinte minden ter\u00fclet\u00e9n hasznos\u00edthat\u00f3 n\u00f6v\u00e9nyek. K\u00e9sz\u00edthet\u0151 bel\u0151le ker\u00edt\u00e9s, \u00e9p\u00edt\u00e9si \u00e1llv\u00e1nyzat, kerti vagy ak\u00e1r szobai b\u00fator, de m\u00e9g \u00e9kszer is. Jap\u00e1nban \u00edjat is k\u00e9sz\u00edtenek bel\u0151l\u00fck, tov\u00e1bb\u00e1 kb. a 11. sz\u00e1zadban meg\u00e9p\u00edtett els\u0151 \u00e1gy\u00fak cs\u0151anyag\u00e1ul is bambuszn\u00e1dak szolg\u00e1ltak (ezek a <i>hucsongok<\/i>). A bambusz sz\u00e1r\u00e1t alkot\u00f3 rostokat &#8211; a lenhez vagy kenderhez hasonl\u00f3 m\u00f3don &#8211; a textilipar mint sz\u00e1lasanyagot hasznos\u00edtja, vagy a vegyipar kinyeri bel\u0151l\u00fck a cellul\u00f3zt, \u00e9s abb\u00f3l viszk\u00f3zsz\u00e1l k\u00e9sz\u00edtenek szint\u00e9n textilipari felhaszn\u00e1l\u00e1sra.<\/span><\/p>\n<p><span style=\"color: #ffffff;\">A talajb\u00f3l kib\u00fajt fiatal bambuszhajt\u00e1s, a bambuszr\u00fcgy a legt\u00f6bb faj eset\u00e9ben ehet\u0151, az \u00e1zsiai konyha egyik kedvelt alapanyaga.<\/span><\/p>\n<div id=\"bodyContent\" class=\"mw-body-content\">\n<div id=\"mw-content-text\" class=\"mw-content-ltr\" dir=\"ltr\" lang=\"hu\">\n<div id=\"bodyContent\" class=\"mw-body-content\">\n<div id=\"mw-content-text\" class=\"mw-content-ltr\" dir=\"ltr\" lang=\"hu\"><\/div>\n<\/div>\n<\/div>\n<\/div>\n<p>&nbsp;<\/p>","protected":false},"excerpt":{"rendered":"<h1 class=\"product_title entry-title\">Guzm\u00e1nia (Guzmania lingulata)<\/h1>","protected":false},"featured_media":8510,"template":"","meta":{"_et_pb_use_builder":"","_et_pb_old_content":"","_et_gb_content_width":""},"product_brand":[],"product_cat":[2523],"product_tag":[2539],"class_list":{"0":"post-8508","1":"product","2":"type-product","3":"status-publish","4":"has-post-thumbnail","6":"product_cat-szobanovenyek","7":"product_tag-guzmania-guzmania-lingulata","9":"first","10":"instock","11":"shipping-taxable","12":"product-type-simple"},"yoast_head":"<!-- This site is optimized with the Yoast SEO plugin v27.5 - https:\/\/yoast.com\/product\/yoast-seo-wordpress\/ -->\n<title>Guzm\u00e1nia (Guzmania lingulata) - T\u00e1jkert\u00e9sz<\/title>\n<meta name=\"description\" content=\"Guzm\u00e1nia (Guzmania lingulata)\" \/>\n<meta name=\"robots\" content=\"index, follow, max-snippet:-1, max-image-preview:large, max-video-preview:-1\" \/>\n<link rel=\"canonical\" href=\"https:\/\/tajkertesz.com\/en_US\/product\/guzmania-guzmania-lingulata\/\" \/>\n<meta property=\"og:locale\" content=\"en_US\" \/>\n<meta property=\"og:type\" content=\"article\" \/>\n<meta property=\"og:title\" content=\"Guzm\u00e1nia (Guzmania lingulata) - T\u00e1jkert\u00e9sz\" \/>\n<meta property=\"og:description\" content=\"Guzm\u00e1nia (Guzmania lingulata)\" \/>\n<meta property=\"og:url\" content=\"https:\/\/tajkertesz.com\/en_US\/product\/guzmania-guzmania-lingulata\/\" \/>\n<meta property=\"og:site_name\" content=\"T\u00e1jkert\u00e9sz\" \/>\n<meta property=\"article:publisher\" content=\"https:\/\/www.facebook.com\/Tajkertesz\/\" \/>\n<meta property=\"article:modified_time\" content=\"2025-05-06T06:37:15+00:00\" \/>\n<meta property=\"og:image\" content=\"https:\/\/tajkertesz.com\/wp-content\/uploads\/2021\/08\/IMG_20210803_081333.jpg\" \/>\n\t<meta property=\"og:image:width\" content=\"534\" \/>\n\t<meta property=\"og:image:height\" content=\"600\" \/>\n\t<meta property=\"og:image:type\" content=\"image\/jpeg\" \/>\n<meta name=\"twitter:card\" content=\"summary_large_image\" \/>\n<meta name=\"twitter:label1\" content=\"Est. reading time\" \/>\n\t<meta name=\"twitter:data1\" content=\"3 minutes\" \/>\n<script type=\"application\/ld+json\" class=\"yoast-schema-graph\">{\"@context\":\"https:\\\/\\\/schema.org\",\"@graph\":[{\"@type\":\"WebPage\",\"@id\":\"https:\\\/\\\/tajkertesz.com\\\/termek\\\/guzmania-guzmania-lingulata\\\/\",\"url\":\"https:\\\/\\\/tajkertesz.com\\\/termek\\\/guzmania-guzmania-lingulata\\\/\",\"name\":\"Guzm\u00e1nia (Guzmania lingulata) - T\u00e1jkert\u00e9sz\",\"isPartOf\":{\"@id\":\"https:\\\/\\\/tajkertesz.com\\\/#website\"},\"primaryImageOfPage\":{\"@id\":\"https:\\\/\\\/tajkertesz.com\\\/termek\\\/guzmania-guzmania-lingulata\\\/#primaryimage\"},\"image\":{\"@id\":\"https:\\\/\\\/tajkertesz.com\\\/termek\\\/guzmania-guzmania-lingulata\\\/#primaryimage\"},\"thumbnailUrl\":\"https:\\\/\\\/tajkertesz.com\\\/wp-content\\\/uploads\\\/2021\\\/08\\\/IMG_20210803_081333.jpg\",\"datePublished\":\"2021-08-23T11:44:52+00:00\",\"dateModified\":\"2025-05-06T06:37:15+00:00\",\"description\":\"Guzm\u00e1nia (Guzmania lingulata)\",\"breadcrumb\":{\"@id\":\"https:\\\/\\\/tajkertesz.com\\\/termek\\\/guzmania-guzmania-lingulata\\\/#breadcrumb\"},\"inLanguage\":\"en-US\",\"potentialAction\":[{\"@type\":\"ReadAction\",\"target\":[\"https:\\\/\\\/tajkertesz.com\\\/termek\\\/guzmania-guzmania-lingulata\\\/\"]}]},{\"@type\":\"ImageObject\",\"inLanguage\":\"en-US\",\"@id\":\"https:\\\/\\\/tajkertesz.com\\\/termek\\\/guzmania-guzmania-lingulata\\\/#primaryimage\",\"url\":\"https:\\\/\\\/tajkertesz.com\\\/wp-content\\\/uploads\\\/2021\\\/08\\\/IMG_20210803_081333.jpg\",\"contentUrl\":\"https:\\\/\\\/tajkertesz.com\\\/wp-content\\\/uploads\\\/2021\\\/08\\\/IMG_20210803_081333.jpg\",\"width\":534,\"height\":600,\"caption\":\"hdr\"},{\"@type\":\"BreadcrumbList\",\"@id\":\"https:\\\/\\\/tajkertesz.com\\\/termek\\\/guzmania-guzmania-lingulata\\\/#breadcrumb\",\"itemListElement\":[{\"@type\":\"ListItem\",\"position\":1,\"name\":\"Home\",\"item\":\"https:\\\/\\\/tajkertesz.com\\\/\"},{\"@type\":\"ListItem\",\"position\":2,\"name\":\"Kezd\u0151lap\",\"item\":\"https:\\\/\\\/tajkertesz.com\\\/\"},{\"@type\":\"ListItem\",\"position\":3,\"name\":\"Guzm\u00e1nia (Guzmania lingulata)\"}]},{\"@type\":\"WebSite\",\"@id\":\"https:\\\/\\\/tajkertesz.com\\\/#website\",\"url\":\"https:\\\/\\\/tajkertesz.com\\\/\",\"name\":\"T\u00e1j-Kert\u00e9sz 84 Kft.\",\"description\":\"Kert\u00e9szeti kis- \u00e9s nagykeresked\u00e9s, D\u00edszn\u00f6v\u00e9ny web\u00e1ruh\u00e1z orsz\u00e1gos h\u00e1zhozsz\u00e1ll\u00edt\u00e1ssal!\",\"publisher\":{\"@id\":\"https:\\\/\\\/tajkertesz.com\\\/#organization\"},\"potentialAction\":[{\"@type\":\"SearchAction\",\"target\":{\"@type\":\"EntryPoint\",\"urlTemplate\":\"https:\\\/\\\/tajkertesz.com\\\/?s={search_term_string}\"},\"query-input\":{\"@type\":\"PropertyValueSpecification\",\"valueRequired\":true,\"valueName\":\"search_term_string\"}}],\"inLanguage\":\"en-US\"},{\"@type\":\"Organization\",\"@id\":\"https:\\\/\\\/tajkertesz.com\\\/#organization\",\"name\":\"T\u00e1j-Kert\u00e9sz 84 Kft.\",\"url\":\"https:\\\/\\\/tajkertesz.com\\\/\",\"logo\":{\"@type\":\"ImageObject\",\"inLanguage\":\"en-US\",\"@id\":\"https:\\\/\\\/tajkertesz.com\\\/#\\\/schema\\\/logo\\\/image\\\/\",\"url\":\"https:\\\/\\\/tajkertesz.com\\\/wp-content\\\/uploads\\\/2018\\\/02\\\/logo-2-e1518678052539.png\",\"contentUrl\":\"https:\\\/\\\/tajkertesz.com\\\/wp-content\\\/uploads\\\/2018\\\/02\\\/logo-2-e1518678052539.png\",\"width\":81,\"height\":140,\"caption\":\"T\u00e1j-Kert\u00e9sz 84 Kft.\"},\"image\":{\"@id\":\"https:\\\/\\\/tajkertesz.com\\\/#\\\/schema\\\/logo\\\/image\\\/\"},\"sameAs\":[\"https:\\\/\\\/www.facebook.com\\\/Tajkertesz\\\/\"]}]}<\/script>\n<!-- \/ Yoast SEO plugin. -->","yoast_head_json":{"title":"Guzm\u00e1nia (Guzmania lingulata) - T\u00e1jkert\u00e9sz","description":"Guzm\u00e1nia (Guzmania lingulata)","robots":{"index":"index","follow":"follow","max-snippet":"max-snippet:-1","max-image-preview":"max-image-preview:large","max-video-preview":"max-video-preview:-1"},"canonical":"https:\/\/tajkertesz.com\/en_US\/product\/guzmania-guzmania-lingulata\/","og_locale":"en_US","og_type":"article","og_title":"Guzm\u00e1nia (Guzmania lingulata) - T\u00e1jkert\u00e9sz","og_description":"Guzm\u00e1nia (Guzmania lingulata)","og_url":"https:\/\/tajkertesz.com\/en_US\/product\/guzmania-guzmania-lingulata\/","og_site_name":"T\u00e1jkert\u00e9sz","article_publisher":"https:\/\/www.facebook.com\/Tajkertesz\/","article_modified_time":"2025-05-06T06:37:15+00:00","og_image":[{"width":534,"height":600,"url":"https:\/\/tajkertesz.com\/wp-content\/uploads\/2021\/08\/IMG_20210803_081333.jpg","type":"image\/jpeg"}],"twitter_card":"summary_large_image","twitter_misc":{"Est. reading time":"3 minutes"},"schema":{"@context":"https:\/\/schema.org","@graph":[{"@type":"WebPage","@id":"https:\/\/tajkertesz.com\/termek\/guzmania-guzmania-lingulata\/","url":"https:\/\/tajkertesz.com\/termek\/guzmania-guzmania-lingulata\/","name":"Guzm\u00e1nia (Guzmania lingulata) - T\u00e1jkert\u00e9sz","isPartOf":{"@id":"https:\/\/tajkertesz.com\/#website"},"primaryImageOfPage":{"@id":"https:\/\/tajkertesz.com\/termek\/guzmania-guzmania-lingulata\/#primaryimage"},"image":{"@id":"https:\/\/tajkertesz.com\/termek\/guzmania-guzmania-lingulata\/#primaryimage"},"thumbnailUrl":"https:\/\/tajkertesz.com\/wp-content\/uploads\/2021\/08\/IMG_20210803_081333.jpg","datePublished":"2021-08-23T11:44:52+00:00","dateModified":"2025-05-06T06:37:15+00:00","description":"Guzm\u00e1nia (Guzmania lingulata)","breadcrumb":{"@id":"https:\/\/tajkertesz.com\/termek\/guzmania-guzmania-lingulata\/#breadcrumb"},"inLanguage":"en-US","potentialAction":[{"@type":"ReadAction","target":["https:\/\/tajkertesz.com\/termek\/guzmania-guzmania-lingulata\/"]}]},{"@type":"ImageObject","inLanguage":"en-US","@id":"https:\/\/tajkertesz.com\/termek\/guzmania-guzmania-lingulata\/#primaryimage","url":"https:\/\/tajkertesz.com\/wp-content\/uploads\/2021\/08\/IMG_20210803_081333.jpg","contentUrl":"https:\/\/tajkertesz.com\/wp-content\/uploads\/2021\/08\/IMG_20210803_081333.jpg","width":534,"height":600,"caption":"hdr"},{"@type":"BreadcrumbList","@id":"https:\/\/tajkertesz.com\/termek\/guzmania-guzmania-lingulata\/#breadcrumb","itemListElement":[{"@type":"ListItem","position":1,"name":"Home","item":"https:\/\/tajkertesz.com\/"},{"@type":"ListItem","position":2,"name":"Kezd\u0151lap","item":"https:\/\/tajkertesz.com\/"},{"@type":"ListItem","position":3,"name":"Guzm\u00e1nia (Guzmania lingulata)"}]},{"@type":"WebSite","@id":"https:\/\/tajkertesz.com\/#website","url":"https:\/\/tajkertesz.com\/","name":"T\u00e1j-Kert\u00e9sz 84 Kft.","description":"Kert\u00e9szeti kis- \u00e9s nagykeresked\u00e9s, D\u00edszn\u00f6v\u00e9ny web\u00e1ruh\u00e1z orsz\u00e1gos h\u00e1zhozsz\u00e1ll\u00edt\u00e1ssal!","publisher":{"@id":"https:\/\/tajkertesz.com\/#organization"},"potentialAction":[{"@type":"SearchAction","target":{"@type":"EntryPoint","urlTemplate":"https:\/\/tajkertesz.com\/?s={search_term_string}"},"query-input":{"@type":"PropertyValueSpecification","valueRequired":true,"valueName":"search_term_string"}}],"inLanguage":"en-US"},{"@type":"Organization","@id":"https:\/\/tajkertesz.com\/#organization","name":"T\u00e1j-Kert\u00e9sz 84 Kft.","url":"https:\/\/tajkertesz.com\/","logo":{"@type":"ImageObject","inLanguage":"en-US","@id":"https:\/\/tajkertesz.com\/#\/schema\/logo\/image\/","url":"https:\/\/tajkertesz.com\/wp-content\/uploads\/2018\/02\/logo-2-e1518678052539.png","contentUrl":"https:\/\/tajkertesz.com\/wp-content\/uploads\/2018\/02\/logo-2-e1518678052539.png","width":81,"height":140,"caption":"T\u00e1j-Kert\u00e9sz 84 Kft."},"image":{"@id":"https:\/\/tajkertesz.com\/#\/schema\/logo\/image\/"},"sameAs":["https:\/\/www.facebook.com\/Tajkertesz\/"]}]}},"_links":{"self":[{"href":"https:\/\/tajkertesz.com\/en_US\/wp-json\/wp\/v2\/product\/8508","targetHints":{"allow":["GET"]}}],"collection":[{"href":"https:\/\/tajkertesz.com\/en_US\/wp-json\/wp\/v2\/product"}],"about":[{"href":"https:\/\/tajkertesz.com\/en_US\/wp-json\/wp\/v2\/types\/product"}],"wp:featuredmedia":[{"embeddable":true,"href":"https:\/\/tajkertesz.com\/en_US\/wp-json\/wp\/v2\/media\/8510"}],"wp:attachment":[{"href":"https:\/\/tajkertesz.com\/en_US\/wp-json\/wp\/v2\/media?parent=8508"}],"wp:term":[{"taxonomy":"product_brand","embeddable":true,"href":"https:\/\/tajkertesz.com\/en_US\/wp-json\/wp\/v2\/product_brand?post=8508"},{"taxonomy":"product_cat","embeddable":true,"href":"https:\/\/tajkertesz.com\/en_US\/wp-json\/wp\/v2\/product_cat?post=8508"},{"taxonomy":"product_tag","embeddable":true,"href":"https:\/\/tajkertesz.com\/en_US\/wp-json\/wp\/v2\/product_tag?post=8508"}],"curies":[{"name":"wp","href":"https:\/\/api.w.org\/{rel}","templated":true}]}}