{"id":851,"date":"2020-02-17T15:48:09","date_gmt":"2020-02-17T15:48:09","guid":{"rendered":"https:\/\/tajkertesz.com\/?post_type=product&#038;p=851"},"modified":"2024-09-18T12:54:51","modified_gmt":"2024-09-18T12:54:51","slug":"fraxinus-excelsior-westhofs-glorie-magas-koris","status":"publish","type":"product","link":"https:\/\/tajkertesz.com\/en_US\/product\/fraxinus-excelsior-westhofs-glorie-magas-koris\/","title":{"rendered":"Fraxinus excelsior &#8216;Westhof&#8217;s Glorie&#8217; Magas k\u0151ris"},"content":{"rendered":"<h2>Fraxinus excelsior &#8216;Westhof&#8217;s Glorie&#8217; Magas k\u0151ris<\/h2>\n<p>Fraxinus excelsior &#8216;Westhof&#8217;s Glorie&#8217; Magas k\u0151ris ,nagy lombkoron\u00e1val b\u00fcszk\u00e9lked\u0151, ak\u00e1r 30 m\u00e9teres maxim\u00e1lis magass\u00e1got is el\u00e9r\u0151 mutat\u00f3s lombhullat\u00f3 fa.<\/p>\n<p><b>N\u00f6veked\u00e9s, alak:<\/b> 30 m magass\u00e1got is el\u00e9r\u0151 lombhullat\u00f3 d\u00edszfa.<br \/>\n<b>Lev\u00e9l:<\/b> levele s\u00f6t\u00e9tz\u00f6ld, \u00e9s f\u00e9nyes. T\u00f6rzse sz\u00fcrk\u00e9s, egyenes, \u00e1grendszere merev, nem t\u00fal d\u00fas, g\u00f6mb\u00f6lyded koron\u00e1t alkot. Levelei nagyok, sok lev\u00e9lk\u00e9b\u0151l \u00e1llnak.<br \/>\n<b>Vir\u00e1g:<\/b> jelent\u00e9ktelen vir\u00e1ga van.<br \/>\n<b>Term\u0151hely, ig\u00e9ny:<\/b> T\u00e1panyag d\u00fas, meszes talajokat ig\u00e9nyel. A sz\u00e1rass\u00e1got j\u00f3l t\u0171ri, el\u00e9g a csapad\u00e9k neki k\u00fcl\u00f6n locsol\u00e1st nem ig\u00e9nyel.<\/p>\n<p><b>Felhaszn\u00e1l\u00e1s: <\/b>szoliterk\u00e9nt,csoportosan \u00e9s utcai sorf\u00e1nak is \u00fcltethet\u0151. Hamar \u00e1rny\u00e9kot ad. V\u00e1rosi kl\u00edm\u00e1t, j\u00f3l t\u0171ri<\/p>\n<p style=\"line-height: 18.0pt; background: white; margin: 0cm 0cm 15.0pt 0cm;\"><span style=\"font-family: 'Ubuntu',serif; color: black;\">Jelen term\u00e9k\u00fcnk 30literes kont\u00e9nerben kaphat\u00f3 \u00e9s 280cm magass\u00e1g\u00fa.<\/span><span style=\"color: #ffffff;\">i r\u00fcgyek feket\u00e9k; a f\u0151 r\u00fcgyek mellett mell\u00e9kr\u00fcgyek is tal\u00e1lhat\u00f3k, ha a fiatal levelek elfagyn\u00e1nak.<\/span><\/p>\n<p><span style=\"color: #ffffff;\">7\u201315 ov\u00e1lis, fogazott sz\u00e9l\u0171, r\u00f6vid cs\u00facs\u00fa lev\u00e9lk\u00e9b\u0151l \u00e1ll\u00f3, 20\u201330\u00a0cm hossz\u00fa, p\u00e1ratlanul sz\u00e1rnyalt, keresztben \u00e1tellenes, \u00f6sszetett\u00a0<a style=\"color: #ffffff;\" title=\"Lev\u00e9l (botanika)\" href=\"https:\/\/hu.wikipedia.org\/wiki\/Lev%C3%A9l_(botanika)\">leveleinek<\/a>\u00a0sz\u00edne kopasz, fon\u00e1kukon az erek ment\u00e9n gyapjas, v\u00f6r\u00f6sbarna sz\u0151r\u00f6k n\u0151nek. A levelek sz\u00edne f\u00e9nyes, s\u00f6t\u00e9tz\u00f6ld, fon\u00e1ka vil\u00e1gosabb. A lev\u00e9lgerinc fels\u0151 oldal\u00e1n m\u00e9ly bar\u00e1zda megy v\u00e9gig. Csak a cs\u00facson \u00fcl\u0151 lev\u00e9lk\u00e9nek van nyele. A lev\u00e9lk\u00e9k v\u00e1lla \u00e9k alak\u00fa; a legals\u00f3k\u00e9 gyakran lekerek\u00edtett. A lev\u00e9lk\u00e9k sz\u00e9le az alap k\u00f6rny\u00e9k\u00e9n t\u00f6bbnyire \u00e9p; att\u00f3l t\u00e1volodva egyenl\u0151tlen\u00fcl f\u0171r\u00e9szess\u00e9 v\u00e1lik. Az \u00f6sszetett lev\u00e9l nyele 3\u20136\u00a0cm hossz\u00fa. Levelei nagyon k\u00e9s\u0151n, z\u00f6lden hullanak le; rendszerint az els\u0151 fagyokig kitartanak.<\/span><\/p>\n<p style=\"line-height: 18.0pt; background: white; margin: 0cm 0cm 15.0pt 0cm;\"><span style=\"font-family: 'Ubuntu',serif; color: black;\">\u00a0<\/span><b><span style=\"font-family: 'Ubuntu',serif; color: black;\">K\u00e9szlet\u00fcnk napi szinten v\u00e1ltozik, ez\u00e9rt k\u00e9rj\u00fck, \u00e9rdekl\u0151dj\u00f6n szem\u00e9lyesen, telefonon vagy email-en.<br \/>\nA v\u00e1ltoztat\u00e1s jog\u00e1t fenntartjuk!<\/span><\/b><\/p>\n<div class=\"field field-name-body field-type-text-with-summary field-label-above\"><\/div>\n<p><a href=\"https:\/\/hu.wikipedia.org\/wiki\/K%C3%B6z%C3%B6ns%C3%A9ges_j%C3%BAd%C3%A1sfa\">https:\/\/hu.wikipedia.org\/wiki\/K%C3%B6z%C3%B6ns%C3%A9ges_j%C3%BAd%C3%A1sfa<\/a><\/p>\n<p style=\"line-height: 18.0pt; background: white; margin: 0cm 0cm 15.0pt 0cm;\"><span style=\"font-family: 'Ubuntu',serif; color: black;\">\u00a0<a href=\"http:\/\/tajkeresz.com\">http:\/\/tajkeresz.com<\/a><\/span><\/p>","protected":false},"excerpt":{"rendered":"<p>Fraxinus excelsior &#8216;Westhof&#8217;s Glorie&#8217; Magas k\u0151ris ,nagy lombkoron\u00e1val b\u00fcszk\u00e9lked\u0151, ak\u00e1r 30 m\u00e9teres maxim\u00e1lis magass\u00e1got is el\u00e9r\u0151 mutat\u00f3s lombhullat\u00f3 fa.<\/p>","protected":false},"featured_media":861,"template":"","meta":{"_et_pb_use_builder":"","_et_pb_old_content":"","_et_gb_content_width":""},"product_brand":[],"product_cat":[28],"product_tag":[33,92,93],"class_list":{"0":"post-851","1":"product","2":"type-product","3":"status-publish","4":"has-post-thumbnail","6":"product_cat-diszfak","7":"product_tag-diszfa","8":"product_tag-koris","9":"product_tag-magas-koris","11":"first","12":"outofstock","13":"shipping-taxable","14":"purchasable","15":"product-type-simple"},"yoast_head":"<!-- This site is optimized with the Yoast SEO plugin v27.3 - https:\/\/yoast.com\/product\/yoast-seo-wordpress\/ -->\n<title>Fraxinus excelsior &#039;Westhof&#039;s Glorie&#039; Magas k\u0151ris - T\u00e1jkert\u00e9sz<\/title>\n<meta name=\"description\" content=\"Fraxinus excelsior &#039;Westhof&#039;s Glorie&#039; Magas k\u0151ris ,nagy lombkoron\u00e1val b\u00fcszk\u00e9lked\u0151, ak\u00e1r 30 m\u00e9teres maxim\u00e1lis magass\u00e1got is el\u00e9r\u0151 mutat\u00f3s lombhullat\u00f3 fa.\" \/>\n<meta name=\"robots\" content=\"index, follow, max-snippet:-1, max-image-preview:large, max-video-preview:-1\" \/>\n<link rel=\"canonical\" href=\"https:\/\/tajkertesz.com\/en_US\/product\/fraxinus-excelsior-westhofs-glorie-magas-koris\/\" \/>\n<meta property=\"og:locale\" content=\"en_US\" \/>\n<meta property=\"og:type\" content=\"article\" \/>\n<meta property=\"og:title\" content=\"Fraxinus excelsior &#039;Westhof&#039;s Glorie&#039; Magas k\u0151ris - T\u00e1jkert\u00e9sz\" \/>\n<meta property=\"og:description\" content=\"Fraxinus excelsior &#039;Westhof&#039;s Glorie&#039; Magas k\u0151ris ,nagy lombkoron\u00e1val b\u00fcszk\u00e9lked\u0151, ak\u00e1r 30 m\u00e9teres maxim\u00e1lis magass\u00e1got is el\u00e9r\u0151 mutat\u00f3s lombhullat\u00f3 fa.\" \/>\n<meta property=\"og:url\" content=\"https:\/\/tajkertesz.com\/en_US\/product\/fraxinus-excelsior-westhofs-glorie-magas-koris\/\" \/>\n<meta property=\"og:site_name\" content=\"T\u00e1jkert\u00e9sz\" \/>\n<meta property=\"article:publisher\" content=\"https:\/\/www.facebook.com\/Tajkertesz\/\" \/>\n<meta property=\"article:modified_time\" content=\"2024-09-18T12:54:51+00:00\" \/>\n<meta property=\"og:image\" content=\"https:\/\/tajkertesz.com\/wp-content\/uploads\/2020\/02\/images-1-1.jpg\" \/>\n\t<meta property=\"og:image:width\" content=\"225\" \/>\n\t<meta property=\"og:image:height\" content=\"225\" \/>\n\t<meta property=\"og:image:type\" content=\"image\/jpeg\" \/>\n<meta name=\"twitter:card\" content=\"summary_large_image\" \/>\n<meta name=\"twitter:label1\" content=\"Est. reading time\" \/>\n\t<meta name=\"twitter:data1\" content=\"2 minutes\" \/>\n<script type=\"application\/ld+json\" class=\"yoast-schema-graph\">{\"@context\":\"https:\\\/\\\/schema.org\",\"@graph\":[{\"@type\":\"WebPage\",\"@id\":\"https:\\\/\\\/tajkertesz.com\\\/termek\\\/fraxinus-excelsior-westhofs-glorie-magas-koris\\\/\",\"url\":\"https:\\\/\\\/tajkertesz.com\\\/termek\\\/fraxinus-excelsior-westhofs-glorie-magas-koris\\\/\",\"name\":\"Fraxinus excelsior 'Westhof's Glorie' Magas k\u0151ris - T\u00e1jkert\u00e9sz\",\"isPartOf\":{\"@id\":\"https:\\\/\\\/tajkertesz.com\\\/#website\"},\"primaryImageOfPage\":{\"@id\":\"https:\\\/\\\/tajkertesz.com\\\/termek\\\/fraxinus-excelsior-westhofs-glorie-magas-koris\\\/#primaryimage\"},\"image\":{\"@id\":\"https:\\\/\\\/tajkertesz.com\\\/termek\\\/fraxinus-excelsior-westhofs-glorie-magas-koris\\\/#primaryimage\"},\"thumbnailUrl\":\"https:\\\/\\\/tajkertesz.com\\\/wp-content\\\/uploads\\\/2020\\\/02\\\/images-1-1.jpg\",\"datePublished\":\"2020-02-17T15:48:09+00:00\",\"dateModified\":\"2024-09-18T12:54:51+00:00\",\"description\":\"Fraxinus excelsior 'Westhof's Glorie' Magas k\u0151ris ,nagy lombkoron\u00e1val b\u00fcszk\u00e9lked\u0151, ak\u00e1r 30 m\u00e9teres maxim\u00e1lis magass\u00e1got is el\u00e9r\u0151 mutat\u00f3s lombhullat\u00f3 fa.\",\"breadcrumb\":{\"@id\":\"https:\\\/\\\/tajkertesz.com\\\/termek\\\/fraxinus-excelsior-westhofs-glorie-magas-koris\\\/#breadcrumb\"},\"inLanguage\":\"en-US\",\"potentialAction\":[{\"@type\":\"ReadAction\",\"target\":[\"https:\\\/\\\/tajkertesz.com\\\/termek\\\/fraxinus-excelsior-westhofs-glorie-magas-koris\\\/\"]}]},{\"@type\":\"ImageObject\",\"inLanguage\":\"en-US\",\"@id\":\"https:\\\/\\\/tajkertesz.com\\\/termek\\\/fraxinus-excelsior-westhofs-glorie-magas-koris\\\/#primaryimage\",\"url\":\"https:\\\/\\\/tajkertesz.com\\\/wp-content\\\/uploads\\\/2020\\\/02\\\/images-1-1.jpg\",\"contentUrl\":\"https:\\\/\\\/tajkertesz.com\\\/wp-content\\\/uploads\\\/2020\\\/02\\\/images-1-1.jpg\",\"width\":225,\"height\":225},{\"@type\":\"BreadcrumbList\",\"@id\":\"https:\\\/\\\/tajkertesz.com\\\/termek\\\/fraxinus-excelsior-westhofs-glorie-magas-koris\\\/#breadcrumb\",\"itemListElement\":[{\"@type\":\"ListItem\",\"position\":1,\"name\":\"Home\",\"item\":\"https:\\\/\\\/tajkertesz.com\\\/\"},{\"@type\":\"ListItem\",\"position\":2,\"name\":\"Kezd\u0151lap\",\"item\":\"https:\\\/\\\/tajkertesz.com\\\/\"},{\"@type\":\"ListItem\",\"position\":3,\"name\":\"Fraxinus excelsior &#8216;Westhof&#8217;s Glorie&#8217; Magas k\u0151ris\"}]},{\"@type\":\"WebSite\",\"@id\":\"https:\\\/\\\/tajkertesz.com\\\/#website\",\"url\":\"https:\\\/\\\/tajkertesz.com\\\/\",\"name\":\"T\u00e1j-Kert\u00e9sz 84 Kft.\",\"description\":\"Kert\u00e9szeti kis- \u00e9s nagykeresked\u00e9s, D\u00edszn\u00f6v\u00e9ny web\u00e1ruh\u00e1z orsz\u00e1gos h\u00e1zhozsz\u00e1ll\u00edt\u00e1ssal!\",\"publisher\":{\"@id\":\"https:\\\/\\\/tajkertesz.com\\\/#organization\"},\"potentialAction\":[{\"@type\":\"SearchAction\",\"target\":{\"@type\":\"EntryPoint\",\"urlTemplate\":\"https:\\\/\\\/tajkertesz.com\\\/?s={search_term_string}\"},\"query-input\":{\"@type\":\"PropertyValueSpecification\",\"valueRequired\":true,\"valueName\":\"search_term_string\"}}],\"inLanguage\":\"en-US\"},{\"@type\":\"Organization\",\"@id\":\"https:\\\/\\\/tajkertesz.com\\\/#organization\",\"name\":\"T\u00e1j-Kert\u00e9sz 84 Kft.\",\"url\":\"https:\\\/\\\/tajkertesz.com\\\/\",\"logo\":{\"@type\":\"ImageObject\",\"inLanguage\":\"en-US\",\"@id\":\"https:\\\/\\\/tajkertesz.com\\\/#\\\/schema\\\/logo\\\/image\\\/\",\"url\":\"https:\\\/\\\/tajkertesz.com\\\/wp-content\\\/uploads\\\/2018\\\/02\\\/logo-2-e1518678052539.png\",\"contentUrl\":\"https:\\\/\\\/tajkertesz.com\\\/wp-content\\\/uploads\\\/2018\\\/02\\\/logo-2-e1518678052539.png\",\"width\":81,\"height\":140,\"caption\":\"T\u00e1j-Kert\u00e9sz 84 Kft.\"},\"image\":{\"@id\":\"https:\\\/\\\/tajkertesz.com\\\/#\\\/schema\\\/logo\\\/image\\\/\"},\"sameAs\":[\"https:\\\/\\\/www.facebook.com\\\/Tajkertesz\\\/\"]}]}<\/script>\n<!-- \/ Yoast SEO plugin. -->","yoast_head_json":{"title":"Fraxinus excelsior 'Westhof's Glorie' Magas k\u0151ris - T\u00e1jkert\u00e9sz","description":"Fraxinus excelsior 'Westhof's Glorie' Magas k\u0151ris ,nagy lombkoron\u00e1val b\u00fcszk\u00e9lked\u0151, ak\u00e1r 30 m\u00e9teres maxim\u00e1lis magass\u00e1got is el\u00e9r\u0151 mutat\u00f3s lombhullat\u00f3 fa.","robots":{"index":"index","follow":"follow","max-snippet":"max-snippet:-1","max-image-preview":"max-image-preview:large","max-video-preview":"max-video-preview:-1"},"canonical":"https:\/\/tajkertesz.com\/en_US\/product\/fraxinus-excelsior-westhofs-glorie-magas-koris\/","og_locale":"en_US","og_type":"article","og_title":"Fraxinus excelsior 'Westhof's Glorie' Magas k\u0151ris - T\u00e1jkert\u00e9sz","og_description":"Fraxinus excelsior 'Westhof's Glorie' Magas k\u0151ris ,nagy lombkoron\u00e1val b\u00fcszk\u00e9lked\u0151, ak\u00e1r 30 m\u00e9teres maxim\u00e1lis magass\u00e1got is el\u00e9r\u0151 mutat\u00f3s lombhullat\u00f3 fa.","og_url":"https:\/\/tajkertesz.com\/en_US\/product\/fraxinus-excelsior-westhofs-glorie-magas-koris\/","og_site_name":"T\u00e1jkert\u00e9sz","article_publisher":"https:\/\/www.facebook.com\/Tajkertesz\/","article_modified_time":"2024-09-18T12:54:51+00:00","og_image":[{"width":225,"height":225,"url":"https:\/\/tajkertesz.com\/wp-content\/uploads\/2020\/02\/images-1-1.jpg","type":"image\/jpeg"}],"twitter_card":"summary_large_image","twitter_misc":{"Est. reading time":"2 minutes"},"schema":{"@context":"https:\/\/schema.org","@graph":[{"@type":"WebPage","@id":"https:\/\/tajkertesz.com\/termek\/fraxinus-excelsior-westhofs-glorie-magas-koris\/","url":"https:\/\/tajkertesz.com\/termek\/fraxinus-excelsior-westhofs-glorie-magas-koris\/","name":"Fraxinus excelsior 'Westhof's Glorie' Magas k\u0151ris - T\u00e1jkert\u00e9sz","isPartOf":{"@id":"https:\/\/tajkertesz.com\/#website"},"primaryImageOfPage":{"@id":"https:\/\/tajkertesz.com\/termek\/fraxinus-excelsior-westhofs-glorie-magas-koris\/#primaryimage"},"image":{"@id":"https:\/\/tajkertesz.com\/termek\/fraxinus-excelsior-westhofs-glorie-magas-koris\/#primaryimage"},"thumbnailUrl":"https:\/\/tajkertesz.com\/wp-content\/uploads\/2020\/02\/images-1-1.jpg","datePublished":"2020-02-17T15:48:09+00:00","dateModified":"2024-09-18T12:54:51+00:00","description":"Fraxinus excelsior 'Westhof's Glorie' Magas k\u0151ris ,nagy lombkoron\u00e1val b\u00fcszk\u00e9lked\u0151, ak\u00e1r 30 m\u00e9teres maxim\u00e1lis magass\u00e1got is el\u00e9r\u0151 mutat\u00f3s lombhullat\u00f3 fa.","breadcrumb":{"@id":"https:\/\/tajkertesz.com\/termek\/fraxinus-excelsior-westhofs-glorie-magas-koris\/#breadcrumb"},"inLanguage":"en-US","potentialAction":[{"@type":"ReadAction","target":["https:\/\/tajkertesz.com\/termek\/fraxinus-excelsior-westhofs-glorie-magas-koris\/"]}]},{"@type":"ImageObject","inLanguage":"en-US","@id":"https:\/\/tajkertesz.com\/termek\/fraxinus-excelsior-westhofs-glorie-magas-koris\/#primaryimage","url":"https:\/\/tajkertesz.com\/wp-content\/uploads\/2020\/02\/images-1-1.jpg","contentUrl":"https:\/\/tajkertesz.com\/wp-content\/uploads\/2020\/02\/images-1-1.jpg","width":225,"height":225},{"@type":"BreadcrumbList","@id":"https:\/\/tajkertesz.com\/termek\/fraxinus-excelsior-westhofs-glorie-magas-koris\/#breadcrumb","itemListElement":[{"@type":"ListItem","position":1,"name":"Home","item":"https:\/\/tajkertesz.com\/"},{"@type":"ListItem","position":2,"name":"Kezd\u0151lap","item":"https:\/\/tajkertesz.com\/"},{"@type":"ListItem","position":3,"name":"Fraxinus excelsior &#8216;Westhof&#8217;s Glorie&#8217; Magas k\u0151ris"}]},{"@type":"WebSite","@id":"https:\/\/tajkertesz.com\/#website","url":"https:\/\/tajkertesz.com\/","name":"T\u00e1j-Kert\u00e9sz 84 Kft.","description":"Kert\u00e9szeti kis- \u00e9s nagykeresked\u00e9s, D\u00edszn\u00f6v\u00e9ny web\u00e1ruh\u00e1z orsz\u00e1gos h\u00e1zhozsz\u00e1ll\u00edt\u00e1ssal!","publisher":{"@id":"https:\/\/tajkertesz.com\/#organization"},"potentialAction":[{"@type":"SearchAction","target":{"@type":"EntryPoint","urlTemplate":"https:\/\/tajkertesz.com\/?s={search_term_string}"},"query-input":{"@type":"PropertyValueSpecification","valueRequired":true,"valueName":"search_term_string"}}],"inLanguage":"en-US"},{"@type":"Organization","@id":"https:\/\/tajkertesz.com\/#organization","name":"T\u00e1j-Kert\u00e9sz 84 Kft.","url":"https:\/\/tajkertesz.com\/","logo":{"@type":"ImageObject","inLanguage":"en-US","@id":"https:\/\/tajkertesz.com\/#\/schema\/logo\/image\/","url":"https:\/\/tajkertesz.com\/wp-content\/uploads\/2018\/02\/logo-2-e1518678052539.png","contentUrl":"https:\/\/tajkertesz.com\/wp-content\/uploads\/2018\/02\/logo-2-e1518678052539.png","width":81,"height":140,"caption":"T\u00e1j-Kert\u00e9sz 84 Kft."},"image":{"@id":"https:\/\/tajkertesz.com\/#\/schema\/logo\/image\/"},"sameAs":["https:\/\/www.facebook.com\/Tajkertesz\/"]}]}},"_links":{"self":[{"href":"https:\/\/tajkertesz.com\/en_US\/wp-json\/wp\/v2\/product\/851","targetHints":{"allow":["GET"]}}],"collection":[{"href":"https:\/\/tajkertesz.com\/en_US\/wp-json\/wp\/v2\/product"}],"about":[{"href":"https:\/\/tajkertesz.com\/en_US\/wp-json\/wp\/v2\/types\/product"}],"wp:featuredmedia":[{"embeddable":true,"href":"https:\/\/tajkertesz.com\/en_US\/wp-json\/wp\/v2\/media\/861"}],"wp:attachment":[{"href":"https:\/\/tajkertesz.com\/en_US\/wp-json\/wp\/v2\/media?parent=851"}],"wp:term":[{"taxonomy":"product_brand","embeddable":true,"href":"https:\/\/tajkertesz.com\/en_US\/wp-json\/wp\/v2\/product_brand?post=851"},{"taxonomy":"product_cat","embeddable":true,"href":"https:\/\/tajkertesz.com\/en_US\/wp-json\/wp\/v2\/product_cat?post=851"},{"taxonomy":"product_tag","embeddable":true,"href":"https:\/\/tajkertesz.com\/en_US\/wp-json\/wp\/v2\/product_tag?post=851"}],"curies":[{"name":"wp","href":"https:\/\/api.w.org\/{rel}","templated":true}]}}