{"id":852,"date":"2020-02-17T15:21:29","date_gmt":"2020-02-17T15:21:29","guid":{"rendered":"https:\/\/tajkertesz.com\/?post_type=product&#038;p=852"},"modified":"2025-03-04T13:58:56","modified_gmt":"2025-03-04T13:58:56","slug":"magnolia-soulangeana-nagyviragu-liliomfa","status":"publish","type":"product","link":"https:\/\/tajkertesz.com\/en_US\/product\/magnolia-soulangeana-nagyviragu-liliomfa\/","title":{"rendered":"Magnolia soulangeana &#8211; Nagyvir\u00e1g\u00fa liliomfa"},"content":{"rendered":"<h1>Magnolia soulangeana &#8211; Nagyvir\u00e1g\u00fa liliomfa<\/h1>\n<p>Magnolia soulangeana &#8211; Nagyvir\u00e1g\u00fa liliomfa<\/p>\n<p>A nagy vir\u00e1g\u00fa liliomfa minden kert csod\u00e1s d\u00edsze lehet.<\/p>\n<p>Egy k\u00fcl\u00f6nleges ig\u00e9nye van, hogy a savany\u00fa talajt kedveli.<\/p>\n<p><b>N\u00f6veked\u00e9s, alak:<\/b>\u00a0Felfel\u00e9 t\u00f6rekv\u0151, 3-5 m magasra n\u00f6v\u0151 bokor vagy kism\u00e9ret\u0171 f\u00e1cska.<br \/>\n<b>Lev\u00e9l:<\/b>\u00a010-15 cm, vissz\u00e1s-toj\u00e1sdad vagy elliptikus alak\u00fa.<br \/>\n<b>Vir\u00e1g:<\/b>\u00a0Fel\u00e1ll\u00f3, harang alak\u00fa, k\u00edv\u00fcl v\u00f6r\u00f6ses, bel\u00fcl feh\u00e9r, lombfakad\u00e1s el\u0151tt ny\u00edlik.<br \/>\n<b>Term\u0151hely, ig\u00e9ny:<\/b>\u00a0J\u00f3 v\u00edzell\u00e1t\u00e1s\u00fa, m\u00e9lyr\u00e9teg\u0171, savany\u00fa talajt kedveli.<br \/>\n<b>Felhaszn\u00e1l\u00e1s:<\/b> Parkok, kertek szoliter n\u00f6v\u00e9nye.<\/p>\n<p style=\"line-height: 18.0pt; background: white; margin: 0cm 0cm 15.0pt 0cm;\">Jelenlegi m\u00e9rete: 40\/50 cm magas, 2 literes kont\u00e9nerben.<\/p>\n<p style=\"line-height: 18.0pt; background: white; margin: 0cm 0cm 15.0pt 0cm;\"><b><span style=\"font-family: 'Ubuntu',sans-serif; color: black;\">K\u00e9szlet\u00fcnk napi szinten v\u00e1ltozik, ez\u00e9rt k\u00e9rj\u00fck, \u00e9rdekl\u0151dj\u00f6n szem\u00e9lyesen, telefonon vagy email-en.<br \/>\nA v\u00e1ltoztat\u00e1s jog\u00e1t fenntartjuk!\u00a0<\/span><\/b><\/p>\n<p><a href=\"https:\/\/tajkertesz.com\/\">https:\/\/tajkertesz.com\/<\/a><\/p>\n<p><a href=\"https:\/\/www.facebook.com\/tajkertesz\/\">https:\/\/www.facebook.com\/tajkertesz\/<\/a><\/p>\n<p>Kisz\u00e1ll\u00edt\u00e1s: 200cm-ig \u00e9s 40 kg-ig a sz\u00e1ll\u00edt\u00e1s fut\u00e1rszolg\u00e1lattal t\u00f6rt\u00e9nik.<\/p>\n<p>Szem\u00e9lyes \u00e1tv\u00e9tel nyitvatart\u00e1si id\u0151ben a 17. ker\u00fclet Bakancsos utca 7. sz\u00e1m alatti Kert\u00e9szeti \u00e1rud\u00e1nkban.<\/p>\n<p><b><u>Kert\u00e9p\u00edt\u0151k \u00e9s viszontelad\u00f3k regisztr\u00e1l\u00e1s ut\u00e1n egyedi kedvezm\u00e9nnyel v\u00e1s\u00e1rolhatnak kert\u00e9szeti kis-\u00e9s nagykeresked\u00e9s\u00fcnkben.<\/u><\/b><\/p>\n<p>A logisztikai c\u00e9ggel t\u00f6rt\u00e9n\u0151 sz\u00e1ll\u00edt\u00e1s eset\u00e9n a partnereink\u00a0esetleges a\u00a0cs\u00fasz\u00e1sai\u00e9rt nem v\u00e1llalunk felel\u0151ss\u00e9get!<\/p>\n<p><strong>Az \u00e1rak egy darab term\u00e9kre vonatkoznak.<\/strong><\/p>\n<p><strong>J\u00f3 tudni!<\/strong><\/p>\n<p>K\u00e9pek-elt\u00e9r\u00e9sek:<\/p>\n<p>A n\u00f6v\u00e9nyekr\u0151l felt\u00f6lt\u00f6tt k\u00e9pek illusztr\u00e1ci\u00f3k. N\u00f6v\u00e9nyekn\u00e9l el\u0151fordulhatnak minim\u00e1lis elt\u00e9r\u00e9sek a k\u00e9peken szerepl\u0151 n\u00f6v\u00e9nyek \u00e9s az \u00e1tvett n\u00f6v\u00e9nyek k\u00f6z\u00f6tt, mivel minden n\u00f6v\u00e9ny egyedi.<\/p>\n<p>N\u00f6v\u00e9nyek sz\u00e1ll\u00edt\u00e1sa:<\/p>\n<p>A megrendelt n\u00f6v\u00e9nyeket igyeksz\u00fcnk a lehet\u0151 legbiztons\u00e1gosabban egyes\u00e9vel csomagolni, azonban a sz\u00e1ll\u00edt\u00e1s sor\u00e1n m\u00e9g ennek ellen\u00e9re is\u00a0bek\u00f6vetkezhetnek apr\u00f3bb s\u00e9r\u00fcl\u00e9sek (lev\u00e9l- vagy vir\u00e1ghull\u00e1s).<br \/>\nN\u00f6v\u00e9ny rendel\u00e9s eset\u00e9n k\u00e9rj\u00fck a k\u00e9zbes\u00edt\u00e9st k\u00f6vet\u0151en a lehet\u0151 leghamarabb bonts\u00e1k ki a csomagot.<\/p>\n<p>&nbsp;<\/p>\n<p>Abban az esetben, ha a megrendelt n\u00f6v\u00e9ny\u00a0a sz\u00e1ll\u00edt\u00e1st k\u00f6vet\u0151en\u00a0nem megfelel\u0151 gondoz\u00e1sban r\u00e9szes\u00fcl \u00e9s ebb\u0151l kifoly\u00f3lag\u00a0k\u00e1rosodik,\u00a0elpusztul, felel\u0151ss\u00e9get sajnos nem tudunk v\u00e1llalni.<\/p>\n<p>V\u00e1s\u00e1rl\u00e1st\u00f3l val\u00f3 el\u00e1ll\u00e1s \u00e9l\u0151 n\u00f6v\u00e9ny v\u00e1s\u00e1rl\u00e1sa eset\u00e9n:<\/p>\n<p>Az \u00e1ltal\u00e1nos 14 napos el\u00e1ll\u00e1s lehet\u0151s\u00e9ge \u00e9l\u0151 n\u00f6v\u00e9nyekre nem vonatkozik. V\u00e1s\u00e1rl\u00e1st\u00f3l val\u00f3 el\u00e1ll\u00e1sra, visszak\u00fcld\u00e9sre nincs lehet\u0151s\u00e9g.\u00a0(17\/1999. (II. 5.) Korm. rendelet 5c pontja)<\/p>\n<p>&nbsp;<\/p>\n<p><strong>K\u00e9rj\u00fck fentiek figyelembev\u00e9tel\u00e9t n\u00f6v\u00e9ny rendel\u00e9se sor\u00e1n!<\/strong><\/p>","protected":false},"excerpt":{"rendered":"<p>Magass\u00e1ga 40\/60cm<\/p>\n<p>Magnolia &#8216;soulangeana&#8217; ,Nagyvir\u00e1g\u00fa liliomfa<\/p>\n<p>A nagy vir\u00e1g\u00fa liliomfa minden kert csod\u00e1s d\u00edsze lehet.<\/p>\n<p>Egy k\u00fcl\u00f6nleges ig\u00e9nye van, hogy a savany\u00fa talajt kedveli.<\/p>\n<p>&nbsp;<\/p>","protected":false},"featured_media":22619,"template":"","meta":{"_et_pb_use_builder":"","_et_pb_old_content":"","_et_gb_content_width":""},"product_brand":[],"product_cat":[27],"product_tag":[91,89,90],"class_list":{"0":"post-852","1":"product","2":"type-product","3":"status-publish","4":"has-post-thumbnail","6":"product_cat-cserjek","7":"product_tag-liliomfa","8":"product_tag-magnolia-soulangeana","9":"product_tag-nagyviragu-liliomfa","11":"first","12":"instock","13":"shipping-taxable","14":"purchasable","15":"product-type-simple"},"yoast_head":"<!-- This site is optimized with the Yoast SEO plugin v27.3 - https:\/\/yoast.com\/product\/yoast-seo-wordpress\/ -->\n<title>Magnolia soulangeana - Nagyvir\u00e1g\u00fa liliomfa - T\u00e1jkert\u00e9sz<\/title>\n<meta name=\"description\" content=\"A Magnolia &#039;soulangeana&#039; ,Nagyvir\u00e1g\u00fa liliomfa minden kert csod\u00e1s d\u00edsze lehet.K\u00edv\u00fcl v\u00f6r\u00f6ses, bel\u00fcl feh\u00e9r vir\u00e1gai lombfakad\u00e1s el\u0151tt ny\u00edlnak.\" \/>\n<meta name=\"robots\" content=\"index, follow, max-snippet:-1, max-image-preview:large, max-video-preview:-1\" \/>\n<link rel=\"canonical\" href=\"https:\/\/tajkertesz.com\/en_US\/product\/magnolia-soulangeana-nagyviragu-liliomfa\/\" \/>\n<meta property=\"og:locale\" content=\"en_US\" \/>\n<meta property=\"og:type\" content=\"article\" \/>\n<meta property=\"og:title\" content=\"Magnolia soulangeana - Nagyvir\u00e1g\u00fa liliomfa - T\u00e1jkert\u00e9sz\" \/>\n<meta property=\"og:description\" content=\"A Magnolia &#039;soulangeana&#039; ,Nagyvir\u00e1g\u00fa liliomfa minden kert csod\u00e1s d\u00edsze lehet.K\u00edv\u00fcl v\u00f6r\u00f6ses, bel\u00fcl feh\u00e9r vir\u00e1gai lombfakad\u00e1s el\u0151tt ny\u00edlnak.\" \/>\n<meta property=\"og:url\" content=\"https:\/\/tajkertesz.com\/en_US\/product\/magnolia-soulangeana-nagyviragu-liliomfa\/\" \/>\n<meta property=\"og:site_name\" content=\"T\u00e1jkert\u00e9sz\" \/>\n<meta property=\"article:publisher\" content=\"https:\/\/www.facebook.com\/Tajkertesz\/\" \/>\n<meta property=\"article:modified_time\" content=\"2025-03-04T13:58:56+00:00\" \/>\n<meta property=\"og:image\" content=\"https:\/\/tajkertesz.com\/wp-content\/uploads\/2020\/02\/magnolia-de-flor-rosa-soulangeana-rosa-800x800_CXZzMsv.jpg\" \/>\n\t<meta property=\"og:image:width\" content=\"800\" \/>\n\t<meta property=\"og:image:height\" content=\"534\" \/>\n\t<meta property=\"og:image:type\" content=\"image\/jpeg\" \/>\n<meta name=\"twitter:card\" content=\"summary_large_image\" \/>\n<meta name=\"twitter:label1\" content=\"Est. reading time\" \/>\n\t<meta name=\"twitter:data1\" content=\"2 minutes\" \/>\n<script type=\"application\/ld+json\" class=\"yoast-schema-graph\">{\"@context\":\"https:\\\/\\\/schema.org\",\"@graph\":[{\"@type\":\"WebPage\",\"@id\":\"https:\\\/\\\/tajkertesz.com\\\/termek\\\/magnolia-soulangeana-nagyviragu-liliomfa\\\/\",\"url\":\"https:\\\/\\\/tajkertesz.com\\\/termek\\\/magnolia-soulangeana-nagyviragu-liliomfa\\\/\",\"name\":\"Magnolia soulangeana - Nagyvir\u00e1g\u00fa liliomfa - T\u00e1jkert\u00e9sz\",\"isPartOf\":{\"@id\":\"https:\\\/\\\/tajkertesz.com\\\/#website\"},\"primaryImageOfPage\":{\"@id\":\"https:\\\/\\\/tajkertesz.com\\\/termek\\\/magnolia-soulangeana-nagyviragu-liliomfa\\\/#primaryimage\"},\"image\":{\"@id\":\"https:\\\/\\\/tajkertesz.com\\\/termek\\\/magnolia-soulangeana-nagyviragu-liliomfa\\\/#primaryimage\"},\"thumbnailUrl\":\"https:\\\/\\\/tajkertesz.com\\\/wp-content\\\/uploads\\\/2020\\\/02\\\/magnolia-de-flor-rosa-soulangeana-rosa-800x800_CXZzMsv.jpg\",\"datePublished\":\"2020-02-17T15:21:29+00:00\",\"dateModified\":\"2025-03-04T13:58:56+00:00\",\"description\":\"A Magnolia 'soulangeana' ,Nagyvir\u00e1g\u00fa liliomfa minden kert csod\u00e1s d\u00edsze lehet.K\u00edv\u00fcl v\u00f6r\u00f6ses, bel\u00fcl feh\u00e9r vir\u00e1gai lombfakad\u00e1s el\u0151tt ny\u00edlnak.\",\"breadcrumb\":{\"@id\":\"https:\\\/\\\/tajkertesz.com\\\/termek\\\/magnolia-soulangeana-nagyviragu-liliomfa\\\/#breadcrumb\"},\"inLanguage\":\"en-US\",\"potentialAction\":[{\"@type\":\"ReadAction\",\"target\":[\"https:\\\/\\\/tajkertesz.com\\\/termek\\\/magnolia-soulangeana-nagyviragu-liliomfa\\\/\"]}]},{\"@type\":\"ImageObject\",\"inLanguage\":\"en-US\",\"@id\":\"https:\\\/\\\/tajkertesz.com\\\/termek\\\/magnolia-soulangeana-nagyviragu-liliomfa\\\/#primaryimage\",\"url\":\"https:\\\/\\\/tajkertesz.com\\\/wp-content\\\/uploads\\\/2020\\\/02\\\/magnolia-de-flor-rosa-soulangeana-rosa-800x800_CXZzMsv.jpg\",\"contentUrl\":\"https:\\\/\\\/tajkertesz.com\\\/wp-content\\\/uploads\\\/2020\\\/02\\\/magnolia-de-flor-rosa-soulangeana-rosa-800x800_CXZzMsv.jpg\",\"width\":800,\"height\":534,\"caption\":\"Magnolia soulangeana - Nagyvir\u00e1g\u00fa liliomfa\"},{\"@type\":\"BreadcrumbList\",\"@id\":\"https:\\\/\\\/tajkertesz.com\\\/termek\\\/magnolia-soulangeana-nagyviragu-liliomfa\\\/#breadcrumb\",\"itemListElement\":[{\"@type\":\"ListItem\",\"position\":1,\"name\":\"Home\",\"item\":\"https:\\\/\\\/tajkertesz.com\\\/\"},{\"@type\":\"ListItem\",\"position\":2,\"name\":\"Kezd\u0151lap\",\"item\":\"https:\\\/\\\/tajkertesz.com\\\/\"},{\"@type\":\"ListItem\",\"position\":3,\"name\":\"Magnolia soulangeana &#8211; Nagyvir\u00e1g\u00fa liliomfa\"}]},{\"@type\":\"WebSite\",\"@id\":\"https:\\\/\\\/tajkertesz.com\\\/#website\",\"url\":\"https:\\\/\\\/tajkertesz.com\\\/\",\"name\":\"T\u00e1j-Kert\u00e9sz 84 Kft.\",\"description\":\"Kert\u00e9szeti kis- \u00e9s nagykeresked\u00e9s, D\u00edszn\u00f6v\u00e9ny web\u00e1ruh\u00e1z orsz\u00e1gos h\u00e1zhozsz\u00e1ll\u00edt\u00e1ssal!\",\"publisher\":{\"@id\":\"https:\\\/\\\/tajkertesz.com\\\/#organization\"},\"potentialAction\":[{\"@type\":\"SearchAction\",\"target\":{\"@type\":\"EntryPoint\",\"urlTemplate\":\"https:\\\/\\\/tajkertesz.com\\\/?s={search_term_string}\"},\"query-input\":{\"@type\":\"PropertyValueSpecification\",\"valueRequired\":true,\"valueName\":\"search_term_string\"}}],\"inLanguage\":\"en-US\"},{\"@type\":\"Organization\",\"@id\":\"https:\\\/\\\/tajkertesz.com\\\/#organization\",\"name\":\"T\u00e1j-Kert\u00e9sz 84 Kft.\",\"url\":\"https:\\\/\\\/tajkertesz.com\\\/\",\"logo\":{\"@type\":\"ImageObject\",\"inLanguage\":\"en-US\",\"@id\":\"https:\\\/\\\/tajkertesz.com\\\/#\\\/schema\\\/logo\\\/image\\\/\",\"url\":\"https:\\\/\\\/tajkertesz.com\\\/wp-content\\\/uploads\\\/2018\\\/02\\\/logo-2-e1518678052539.png\",\"contentUrl\":\"https:\\\/\\\/tajkertesz.com\\\/wp-content\\\/uploads\\\/2018\\\/02\\\/logo-2-e1518678052539.png\",\"width\":81,\"height\":140,\"caption\":\"T\u00e1j-Kert\u00e9sz 84 Kft.\"},\"image\":{\"@id\":\"https:\\\/\\\/tajkertesz.com\\\/#\\\/schema\\\/logo\\\/image\\\/\"},\"sameAs\":[\"https:\\\/\\\/www.facebook.com\\\/Tajkertesz\\\/\"]}]}<\/script>\n<!-- \/ Yoast SEO plugin. -->","yoast_head_json":{"title":"Magnolia soulangeana - Nagyvir\u00e1g\u00fa liliomfa - T\u00e1jkert\u00e9sz","description":"A Magnolia 'soulangeana' ,Nagyvir\u00e1g\u00fa liliomfa minden kert csod\u00e1s d\u00edsze lehet.K\u00edv\u00fcl v\u00f6r\u00f6ses, bel\u00fcl feh\u00e9r vir\u00e1gai lombfakad\u00e1s el\u0151tt ny\u00edlnak.","robots":{"index":"index","follow":"follow","max-snippet":"max-snippet:-1","max-image-preview":"max-image-preview:large","max-video-preview":"max-video-preview:-1"},"canonical":"https:\/\/tajkertesz.com\/en_US\/product\/magnolia-soulangeana-nagyviragu-liliomfa\/","og_locale":"en_US","og_type":"article","og_title":"Magnolia soulangeana - Nagyvir\u00e1g\u00fa liliomfa - T\u00e1jkert\u00e9sz","og_description":"A Magnolia 'soulangeana' ,Nagyvir\u00e1g\u00fa liliomfa minden kert csod\u00e1s d\u00edsze lehet.K\u00edv\u00fcl v\u00f6r\u00f6ses, bel\u00fcl feh\u00e9r vir\u00e1gai lombfakad\u00e1s el\u0151tt ny\u00edlnak.","og_url":"https:\/\/tajkertesz.com\/en_US\/product\/magnolia-soulangeana-nagyviragu-liliomfa\/","og_site_name":"T\u00e1jkert\u00e9sz","article_publisher":"https:\/\/www.facebook.com\/Tajkertesz\/","article_modified_time":"2025-03-04T13:58:56+00:00","og_image":[{"width":800,"height":534,"url":"https:\/\/tajkertesz.com\/wp-content\/uploads\/2020\/02\/magnolia-de-flor-rosa-soulangeana-rosa-800x800_CXZzMsv.jpg","type":"image\/jpeg"}],"twitter_card":"summary_large_image","twitter_misc":{"Est. reading time":"2 minutes"},"schema":{"@context":"https:\/\/schema.org","@graph":[{"@type":"WebPage","@id":"https:\/\/tajkertesz.com\/termek\/magnolia-soulangeana-nagyviragu-liliomfa\/","url":"https:\/\/tajkertesz.com\/termek\/magnolia-soulangeana-nagyviragu-liliomfa\/","name":"Magnolia soulangeana - Nagyvir\u00e1g\u00fa liliomfa - T\u00e1jkert\u00e9sz","isPartOf":{"@id":"https:\/\/tajkertesz.com\/#website"},"primaryImageOfPage":{"@id":"https:\/\/tajkertesz.com\/termek\/magnolia-soulangeana-nagyviragu-liliomfa\/#primaryimage"},"image":{"@id":"https:\/\/tajkertesz.com\/termek\/magnolia-soulangeana-nagyviragu-liliomfa\/#primaryimage"},"thumbnailUrl":"https:\/\/tajkertesz.com\/wp-content\/uploads\/2020\/02\/magnolia-de-flor-rosa-soulangeana-rosa-800x800_CXZzMsv.jpg","datePublished":"2020-02-17T15:21:29+00:00","dateModified":"2025-03-04T13:58:56+00:00","description":"A Magnolia 'soulangeana' ,Nagyvir\u00e1g\u00fa liliomfa minden kert csod\u00e1s d\u00edsze lehet.K\u00edv\u00fcl v\u00f6r\u00f6ses, bel\u00fcl feh\u00e9r vir\u00e1gai lombfakad\u00e1s el\u0151tt ny\u00edlnak.","breadcrumb":{"@id":"https:\/\/tajkertesz.com\/termek\/magnolia-soulangeana-nagyviragu-liliomfa\/#breadcrumb"},"inLanguage":"en-US","potentialAction":[{"@type":"ReadAction","target":["https:\/\/tajkertesz.com\/termek\/magnolia-soulangeana-nagyviragu-liliomfa\/"]}]},{"@type":"ImageObject","inLanguage":"en-US","@id":"https:\/\/tajkertesz.com\/termek\/magnolia-soulangeana-nagyviragu-liliomfa\/#primaryimage","url":"https:\/\/tajkertesz.com\/wp-content\/uploads\/2020\/02\/magnolia-de-flor-rosa-soulangeana-rosa-800x800_CXZzMsv.jpg","contentUrl":"https:\/\/tajkertesz.com\/wp-content\/uploads\/2020\/02\/magnolia-de-flor-rosa-soulangeana-rosa-800x800_CXZzMsv.jpg","width":800,"height":534,"caption":"Magnolia soulangeana - Nagyvir\u00e1g\u00fa liliomfa"},{"@type":"BreadcrumbList","@id":"https:\/\/tajkertesz.com\/termek\/magnolia-soulangeana-nagyviragu-liliomfa\/#breadcrumb","itemListElement":[{"@type":"ListItem","position":1,"name":"Home","item":"https:\/\/tajkertesz.com\/"},{"@type":"ListItem","position":2,"name":"Kezd\u0151lap","item":"https:\/\/tajkertesz.com\/"},{"@type":"ListItem","position":3,"name":"Magnolia soulangeana &#8211; Nagyvir\u00e1g\u00fa liliomfa"}]},{"@type":"WebSite","@id":"https:\/\/tajkertesz.com\/#website","url":"https:\/\/tajkertesz.com\/","name":"T\u00e1j-Kert\u00e9sz 84 Kft.","description":"Kert\u00e9szeti kis- \u00e9s nagykeresked\u00e9s, D\u00edszn\u00f6v\u00e9ny web\u00e1ruh\u00e1z orsz\u00e1gos h\u00e1zhozsz\u00e1ll\u00edt\u00e1ssal!","publisher":{"@id":"https:\/\/tajkertesz.com\/#organization"},"potentialAction":[{"@type":"SearchAction","target":{"@type":"EntryPoint","urlTemplate":"https:\/\/tajkertesz.com\/?s={search_term_string}"},"query-input":{"@type":"PropertyValueSpecification","valueRequired":true,"valueName":"search_term_string"}}],"inLanguage":"en-US"},{"@type":"Organization","@id":"https:\/\/tajkertesz.com\/#organization","name":"T\u00e1j-Kert\u00e9sz 84 Kft.","url":"https:\/\/tajkertesz.com\/","logo":{"@type":"ImageObject","inLanguage":"en-US","@id":"https:\/\/tajkertesz.com\/#\/schema\/logo\/image\/","url":"https:\/\/tajkertesz.com\/wp-content\/uploads\/2018\/02\/logo-2-e1518678052539.png","contentUrl":"https:\/\/tajkertesz.com\/wp-content\/uploads\/2018\/02\/logo-2-e1518678052539.png","width":81,"height":140,"caption":"T\u00e1j-Kert\u00e9sz 84 Kft."},"image":{"@id":"https:\/\/tajkertesz.com\/#\/schema\/logo\/image\/"},"sameAs":["https:\/\/www.facebook.com\/Tajkertesz\/"]}]}},"_links":{"self":[{"href":"https:\/\/tajkertesz.com\/en_US\/wp-json\/wp\/v2\/product\/852","targetHints":{"allow":["GET"]}}],"collection":[{"href":"https:\/\/tajkertesz.com\/en_US\/wp-json\/wp\/v2\/product"}],"about":[{"href":"https:\/\/tajkertesz.com\/en_US\/wp-json\/wp\/v2\/types\/product"}],"wp:featuredmedia":[{"embeddable":true,"href":"https:\/\/tajkertesz.com\/en_US\/wp-json\/wp\/v2\/media\/22619"}],"wp:attachment":[{"href":"https:\/\/tajkertesz.com\/en_US\/wp-json\/wp\/v2\/media?parent=852"}],"wp:term":[{"taxonomy":"product_brand","embeddable":true,"href":"https:\/\/tajkertesz.com\/en_US\/wp-json\/wp\/v2\/product_brand?post=852"},{"taxonomy":"product_cat","embeddable":true,"href":"https:\/\/tajkertesz.com\/en_US\/wp-json\/wp\/v2\/product_cat?post=852"},{"taxonomy":"product_tag","embeddable":true,"href":"https:\/\/tajkertesz.com\/en_US\/wp-json\/wp\/v2\/product_tag?post=852"}],"curies":[{"name":"wp","href":"https:\/\/api.w.org\/{rel}","templated":true}]}}