{"id":8551,"date":"2025-03-23T10:32:02","date_gmt":"2025-03-23T10:32:02","guid":{"rendered":"https:\/\/tajkertesz.com\/?post_type=product&#038;p=8551"},"modified":"2026-04-02T11:52:01","modified_gmt":"2026-04-02T11:52:01","slug":"viburnum-tinus-eve-price-orokzold-bangita","status":"publish","type":"product","link":"https:\/\/tajkertesz.com\/en_US\/product\/viburnum-tinus-eve-price-orokzold-bangita\/","title":{"rendered":"Viburnum tinus \u2018Eve Price\u2019 &#8211; \u00d6r\u00f6kz\u00f6ld bangita"},"content":{"rendered":"<h1>Viburnum tinus &#8216;Eve Price&#8217; &#8211; \u00d6r\u00f6kz\u00f6ld bangita<\/h1>\n<p>A Viburnum tinus &#8216;Eve Price&#8217; &#8211; \u00d6r\u00f6kz\u00f6ld bangita\u00a0egy g\u00f6mb\u00f6lyded form\u00e1j\u00fa, s\u0171r\u0171n bokros \u00f6r\u00f6kz\u00f6ld cserje. Enyh\u00e9bb teleken m\u00e1r december v\u00e9g\u00e9n bontogatja h\u00f3feh\u00e9r vir\u00e1gait, amelyek kora tavaszig d\u00edsz\u00edtik a kertet.<\/p>\n<p>&nbsp;<\/p>\n<h2>Az Viburnum tinus &#8216;Eve Price&#8217; &#8211; \u00d6r\u00f6kz\u00f6ld bangita jellemz\u0151i<\/h2>\n<p>&nbsp;<\/p>\n<ul>\n<li><strong>Magass\u00e1g:<\/strong> \u00c1ltal\u00e1ban 1,5-2,5 m\u00e9ter magasra n\u0151.<\/li>\n<li><strong>Lombozat:<\/strong> F\u00e9nyes, s\u00f6t\u00e9tz\u00f6ld levelei eg\u00e9sz \u00e9vben d\u00edsz\u00edtenek.<\/li>\n<li><strong>Vir\u00e1gok:<\/strong> Apr\u00f3, csillag alak\u00fa vir\u00e1gokb\u00f3l \u00e1ll\u00f3 vir\u00e1gg\u00f6mb\u00f6k, amelyek bimb\u00f3s \u00e1llapotban m\u00e1lyvar\u00f3zsasz\u00edn\u0171ek.<\/li>\n<li><strong>Term\u00e9sek:<\/strong> Met\u00e1lk\u00e9k sz\u00edn\u0171 term\u00e9sei mutat\u00f3sak, de enyh\u00e9n m\u00e9rgez\u0151ek.<\/li>\n<\/ul>\n<p>&nbsp;<\/p>\n<h3>A Viburnum tinus gondoz\u00e1sa<\/h3>\n<ul>\n<li><strong>Talaj:<\/strong> J\u00f3 v\u00edz\u00e1tereszt\u0151 k\u00e9pess\u00e9g\u0171, humuszban gazdag talajt ig\u00e9nyel.<\/li>\n<li><strong>F\u00e9nyig\u00e9ny:<\/strong> Naps\u00fct\u00f6tte vagy f\u00e9l\u00e1rny\u00e9kos helyet kedvel.<\/li>\n<li><strong>V\u00edzig\u00e9ny:<\/strong> K\u00f6zepes v\u00edzig\u00e9ny\u0171.<\/li>\n<li><strong>Fagyv\u00e9delem:<\/strong> Enyh\u00e9n fagy\u00e9rz\u00e9keny, hideg teleken \u00e9rdemes a t\u00f6v\u00e9t lombtakar\u00e1ssal v\u00e9deni.<\/li>\n<li><strong>Szapor\u00edt\u00e1sa:<\/strong> F\u00e9lf\u00e1s dugv\u00e1nyokkal t\u00f6rt\u00e9nik.<\/li>\n<\/ul>\n<p>&nbsp;<\/p>\n<p><strong>T\u00e1panyag ut\u00e1np\u00f3tl\u00e1s<\/strong>: Tavasszal \u00e9s ny\u00e1r elej\u00e9n adjunk a n\u00f6v\u00e9nynek lassan old\u00f3d\u00f3 m\u0171tr\u00e1gy\u00e1t vagy komposztot, hogy biztos\u00edtsuk a megfelel\u0151 t\u00e1panyagell\u00e1t\u00e1st.<\/p>\n<p>&nbsp;<\/p>\n<p>&nbsp;<\/p>\n<p><b>K\u00e9szlet\u00fcnk napi szinten v\u00e1ltozik, ez\u00e9rt k\u00e9rj\u00fck, \u00e9rdekl\u0151dj\u00f6n szem\u00e9lyesen, telefonon vagy email-en.<br \/>\nA v\u00e1ltoztat\u00e1s jog\u00e1t fenntartjuk!<\/b><b>\u00a0 <\/b><\/p>\n<p><a href=\"https:\/\/tajkertesz.com\/\">https:\/\/tajkertesz.com\/<\/a><\/p>\n<p><a href=\"https:\/\/www.facebook.com\/tajkertesz\/\">https:\/\/www.facebook.com\/tajkertesz\/ <\/a><\/p>\n<p>Kisz\u00e1ll\u00edt\u00e1s: 200cm-ig \u00e9s 40 kg-ig a sz\u00e1ll\u00edt\u00e1s fut\u00e1rszolg\u00e1lattal t\u00f6rt\u00e9nik.<\/p>\n<p>Szem\u00e9lyes \u00e1tv\u00e9tel nyitvatart\u00e1si id\u0151ben a 17. ker\u00fclet Bakancsos utca 7. sz\u00e1m alatti Kert\u00e9szeti \u00e1rud\u00e1nkban.<\/p>\n<p>Kert\u00e9p\u00edt\u0151k \u00e9s viszontelad\u00f3k regisztr\u00e1l\u00e1s ut\u00e1n egyedi kedvezm\u00e9nnyel v\u00e1s\u00e1rolhatnak kert\u00e9szeti kis-\u00e9s nagykeresked\u00e9s\u00fcnkben.<\/p>\n<p><strong>Az \u00e1rak egy darab term\u00e9kre vonatkoznak.<\/strong><\/p>\n<p><strong>J\u00f3 tudni!<\/strong><\/p>\n<p>K\u00e9pek-elt\u00e9r\u00e9sek:<\/p>\n<p>A n\u00f6v\u00e9nyekr\u0151l felt\u00f6lt\u00f6tt k\u00e9pek illusztr\u00e1ci\u00f3k. N\u00f6v\u00e9nyekn\u00e9l el\u0151fordulhatnak minim\u00e1lis elt\u00e9r\u00e9sek a k\u00e9peken szerepl\u0151 n\u00f6v\u00e9nyek \u00e9s az \u00e1tvett n\u00f6v\u00e9nyek k\u00f6z\u00f6tt, mivel minden n\u00f6v\u00e9ny egyedi.<\/p>\n<h4>N\u00f6v\u00e9nyek sz\u00e1ll\u00edt\u00e1sa:<\/h4>\n<p>A megrendelt n\u00f6v\u00e9nyeket igyeksz\u00fcnk a lehet\u0151 legbiztons\u00e1gosabban egyes\u00e9vel csomagolni, azonban a sz\u00e1ll\u00edt\u00e1s sor\u00e1n m\u00e9g ennek ellen\u00e9re is\u00a0bek\u00f6vetkezhetnek apr\u00f3bb s\u00e9r\u00fcl\u00e9sek (lev\u00e9l- vagy vir\u00e1ghull\u00e1s).<br \/>\nN\u00f6v\u00e9ny rendel\u00e9s eset\u00e9n k\u00e9rj\u00fck a k\u00e9zbes\u00edt\u00e9st k\u00f6vet\u0151en a lehet\u0151 leghamarabb bonts\u00e1k ki a csomagot.<\/p>\n<p>Abban az esetben, ha a megrendelt n\u00f6v\u00e9ny\u00a0a sz\u00e1ll\u00edt\u00e1st k\u00f6vet\u0151en\u00a0nem megfelel\u0151 gondoz\u00e1sban r\u00e9szes\u00fcl \u00e9s ebb\u0151l kifoly\u00f3lag\u00a0k\u00e1rosodik,\u00a0elpusztul, felel\u0151ss\u00e9get sajnos nem tudunk v\u00e1llalni.<\/p>\n<p>V\u00e1s\u00e1rl\u00e1st\u00f3l val\u00f3 el\u00e1ll\u00e1s \u00e9l\u0151 n\u00f6v\u00e9ny v\u00e1s\u00e1rl\u00e1sa eset\u00e9n:<\/p>\n<p>Az \u00e1ltal\u00e1nos 14 napos el\u00e1ll\u00e1s lehet\u0151s\u00e9ge \u00e9l\u0151 n\u00f6v\u00e9nyekre nem vonatkozik. V\u00e1s\u00e1rl\u00e1st\u00f3l val\u00f3 el\u00e1ll\u00e1sra, visszak\u00fcld\u00e9sre nincs lehet\u0151s\u00e9g.\u00a0(17\/1999. (II. 5.) Korm. rendelet 5c pontja)<\/p>\n<p><strong>K\u00e9rj\u00fck fentiek figyelembev\u00e9tel\u00e9t n\u00f6v\u00e9ny rendel\u00e9se sor\u00e1n!<\/strong><\/p>\n<p>&nbsp;<\/p>","protected":false},"excerpt":{"rendered":"<h1>Viburnum tinus \u2018Eve Price\u2019 &#8211; \u00d6r\u00f6kz\u00f6ld bangita<\/h1>\n<p>A Viburnum tinus \u2018Eve Price\u2019 &#8211;\u00a0 \u00d6r\u00f6kz\u00f6ld bangita, egy gy\u00f6ny\u00f6r\u0171, g\u00f6mb form\u00e1j\u00fa \u00f6r\u00f6kz\u00f6ld d\u00edszcserje, amely 1,5-2 m\u00e9ter magasra n\u0151. K\u00fcl\u00f6nlegess\u00e9ge, hogy k\u00e9s\u0151 \u0151szt\u0151l kezd\u0151d\u0151en, novemberben hozza pirosas r\u00f3zsasz\u00edn bimb\u00f3it, majd feh\u00e9r vir\u00e1gait, amelyek febru\u00e1rig a cserj\u00e9n maradnak. Term\u00e9sei feket\u00e9re \u00e9rnek, \u00e9s s\u00f6t\u00e9tz\u00f6ld, toj\u00e1sdad leveleivel eg\u00e9sz \u00e9vben d\u00edsz\u00edt.<\/p>\n<h4><strong>Jelenlegi term\u00e9k\u00fcnk 50 cm t\u00f6rzs\u00f6n magass\u00e1ga kb. 80-100 cm \u00e9s 9 literes kont\u00e9nerben kaphat\u00f3.<\/strong><\/h4>\n<p>&nbsp;<\/p>","protected":false},"featured_media":22876,"template":"","meta":{"_et_pb_use_builder":"","_et_pb_old_content":"","_et_gb_content_width":""},"product_brand":[],"product_cat":[27,3785],"product_tag":[809,73,425,424],"class_list":{"0":"post-8551","1":"product","2":"type-product","3":"status-publish","4":"has-post-thumbnail","6":"product_cat-cserjek","7":"product_cat-uj-termekek","8":"product_tag-bangita","9":"product_tag-cserje","10":"product_tag-orokzold-bangita","11":"product_tag-viburnum-tinus-eve-price","13":"first","14":"instock","15":"shipping-taxable","16":"purchasable","17":"product-type-simple"},"yoast_head":"<!-- This site is optimized with the Yoast SEO plugin v27.5 - https:\/\/yoast.com\/product\/yoast-seo-wordpress\/ -->\n<title>Viburnum tinus \u2018Eve Price\u2019 - \u00d6r\u00f6kz\u00f6ld bangita - T\u00e1jkert\u00e9sz<\/title>\n<meta name=\"description\" content=\"A Viburnum tinus \u2018Eve Price\u2019 - \u00d6r\u00f6kz\u00f6ld bangita 2 m magas \u00f6r\u00f6kz\u00f6ld lomb\u00fa d\u00edszcserje. Feh\u00e9r illatos vir\u00e1gai enyh\u00e9bb t\u00e9len is elkezd vir\u00e1gozni.\" \/>\n<meta name=\"robots\" content=\"index, follow, max-snippet:-1, max-image-preview:large, max-video-preview:-1\" \/>\n<link rel=\"canonical\" href=\"https:\/\/tajkertesz.com\/en_US\/product\/viburnum-tinus-eve-price-orokzold-bangita\/\" \/>\n<meta property=\"og:locale\" content=\"en_US\" \/>\n<meta property=\"og:type\" content=\"article\" \/>\n<meta property=\"og:title\" content=\"Viburnum tinus \u2018Eve Price\u2019 - \u00d6r\u00f6kz\u00f6ld bangita - T\u00e1jkert\u00e9sz\" \/>\n<meta property=\"og:description\" content=\"A Viburnum tinus \u2018Eve Price\u2019 - \u00d6r\u00f6kz\u00f6ld bangita 2 m magas \u00f6r\u00f6kz\u00f6ld lomb\u00fa d\u00edszcserje. Feh\u00e9r illatos vir\u00e1gai enyh\u00e9bb t\u00e9len is elkezd vir\u00e1gozni.\" \/>\n<meta property=\"og:url\" content=\"https:\/\/tajkertesz.com\/en_US\/product\/viburnum-tinus-eve-price-orokzold-bangita\/\" \/>\n<meta property=\"og:site_name\" content=\"T\u00e1jkert\u00e9sz\" \/>\n<meta property=\"article:publisher\" content=\"https:\/\/www.facebook.com\/Tajkertesz\/\" \/>\n<meta property=\"article:modified_time\" content=\"2026-04-02T11:52:01+00:00\" \/>\n<meta property=\"og:image\" content=\"https:\/\/tajkertesz.com\/wp-content\/uploads\/2024\/10\/20250323_102118-scaled.jpg\" \/>\n\t<meta property=\"og:image:width\" content=\"1441\" \/>\n\t<meta property=\"og:image:height\" content=\"2560\" \/>\n\t<meta property=\"og:image:type\" content=\"image\/jpeg\" \/>\n<meta name=\"twitter:card\" content=\"summary_large_image\" \/>\n<meta name=\"twitter:label1\" content=\"Est. reading time\" \/>\n\t<meta name=\"twitter:data1\" content=\"2 minutes\" \/>\n<script type=\"application\/ld+json\" class=\"yoast-schema-graph\">{\"@context\":\"https:\\\/\\\/schema.org\",\"@graph\":[{\"@type\":\"WebPage\",\"@id\":\"https:\\\/\\\/tajkertesz.com\\\/termek\\\/viburnum-tinus-eve-price-orokzold-bangita\\\/\",\"url\":\"https:\\\/\\\/tajkertesz.com\\\/termek\\\/viburnum-tinus-eve-price-orokzold-bangita\\\/\",\"name\":\"Viburnum tinus \u2018Eve Price\u2019 - \u00d6r\u00f6kz\u00f6ld bangita - T\u00e1jkert\u00e9sz\",\"isPartOf\":{\"@id\":\"https:\\\/\\\/tajkertesz.com\\\/#website\"},\"primaryImageOfPage\":{\"@id\":\"https:\\\/\\\/tajkertesz.com\\\/termek\\\/viburnum-tinus-eve-price-orokzold-bangita\\\/#primaryimage\"},\"image\":{\"@id\":\"https:\\\/\\\/tajkertesz.com\\\/termek\\\/viburnum-tinus-eve-price-orokzold-bangita\\\/#primaryimage\"},\"thumbnailUrl\":\"https:\\\/\\\/tajkertesz.com\\\/wp-content\\\/uploads\\\/2024\\\/10\\\/20250323_102118-scaled.jpg\",\"datePublished\":\"2025-03-23T10:32:02+00:00\",\"dateModified\":\"2026-04-02T11:52:01+00:00\",\"description\":\"A Viburnum tinus \u2018Eve Price\u2019 - \u00d6r\u00f6kz\u00f6ld bangita 2 m magas \u00f6r\u00f6kz\u00f6ld lomb\u00fa d\u00edszcserje. Feh\u00e9r illatos vir\u00e1gai enyh\u00e9bb t\u00e9len is elkezd vir\u00e1gozni.\",\"breadcrumb\":{\"@id\":\"https:\\\/\\\/tajkertesz.com\\\/termek\\\/viburnum-tinus-eve-price-orokzold-bangita\\\/#breadcrumb\"},\"inLanguage\":\"en-US\",\"potentialAction\":[{\"@type\":\"ReadAction\",\"target\":[\"https:\\\/\\\/tajkertesz.com\\\/termek\\\/viburnum-tinus-eve-price-orokzold-bangita\\\/\"]}]},{\"@type\":\"ImageObject\",\"inLanguage\":\"en-US\",\"@id\":\"https:\\\/\\\/tajkertesz.com\\\/termek\\\/viburnum-tinus-eve-price-orokzold-bangita\\\/#primaryimage\",\"url\":\"https:\\\/\\\/tajkertesz.com\\\/wp-content\\\/uploads\\\/2024\\\/10\\\/20250323_102118-scaled.jpg\",\"contentUrl\":\"https:\\\/\\\/tajkertesz.com\\\/wp-content\\\/uploads\\\/2024\\\/10\\\/20250323_102118-scaled.jpg\",\"width\":1441,\"height\":2560,\"caption\":\"Viburnum tinus \u2018Eve Price\u2019 - \u00d6r\u00f6kz\u00f6ld bangita\"},{\"@type\":\"BreadcrumbList\",\"@id\":\"https:\\\/\\\/tajkertesz.com\\\/termek\\\/viburnum-tinus-eve-price-orokzold-bangita\\\/#breadcrumb\",\"itemListElement\":[{\"@type\":\"ListItem\",\"position\":1,\"name\":\"Home\",\"item\":\"https:\\\/\\\/tajkertesz.com\\\/\"},{\"@type\":\"ListItem\",\"position\":2,\"name\":\"Kezd\u0151lap\",\"item\":\"https:\\\/\\\/tajkertesz.com\\\/\"},{\"@type\":\"ListItem\",\"position\":3,\"name\":\"Viburnum tinus \u2018Eve Price\u2019 &#8211; \u00d6r\u00f6kz\u00f6ld bangita\"}]},{\"@type\":\"WebSite\",\"@id\":\"https:\\\/\\\/tajkertesz.com\\\/#website\",\"url\":\"https:\\\/\\\/tajkertesz.com\\\/\",\"name\":\"T\u00e1j-Kert\u00e9sz 84 Kft.\",\"description\":\"Kert\u00e9szeti kis- \u00e9s nagykeresked\u00e9s, D\u00edszn\u00f6v\u00e9ny web\u00e1ruh\u00e1z orsz\u00e1gos h\u00e1zhozsz\u00e1ll\u00edt\u00e1ssal!\",\"publisher\":{\"@id\":\"https:\\\/\\\/tajkertesz.com\\\/#organization\"},\"potentialAction\":[{\"@type\":\"SearchAction\",\"target\":{\"@type\":\"EntryPoint\",\"urlTemplate\":\"https:\\\/\\\/tajkertesz.com\\\/?s={search_term_string}\"},\"query-input\":{\"@type\":\"PropertyValueSpecification\",\"valueRequired\":true,\"valueName\":\"search_term_string\"}}],\"inLanguage\":\"en-US\"},{\"@type\":\"Organization\",\"@id\":\"https:\\\/\\\/tajkertesz.com\\\/#organization\",\"name\":\"T\u00e1j-Kert\u00e9sz 84 Kft.\",\"url\":\"https:\\\/\\\/tajkertesz.com\\\/\",\"logo\":{\"@type\":\"ImageObject\",\"inLanguage\":\"en-US\",\"@id\":\"https:\\\/\\\/tajkertesz.com\\\/#\\\/schema\\\/logo\\\/image\\\/\",\"url\":\"https:\\\/\\\/tajkertesz.com\\\/wp-content\\\/uploads\\\/2018\\\/02\\\/logo-2-e1518678052539.png\",\"contentUrl\":\"https:\\\/\\\/tajkertesz.com\\\/wp-content\\\/uploads\\\/2018\\\/02\\\/logo-2-e1518678052539.png\",\"width\":81,\"height\":140,\"caption\":\"T\u00e1j-Kert\u00e9sz 84 Kft.\"},\"image\":{\"@id\":\"https:\\\/\\\/tajkertesz.com\\\/#\\\/schema\\\/logo\\\/image\\\/\"},\"sameAs\":[\"https:\\\/\\\/www.facebook.com\\\/Tajkertesz\\\/\"]}]}<\/script>\n<!-- \/ Yoast SEO plugin. -->","yoast_head_json":{"title":"Viburnum tinus \u2018Eve Price\u2019 - \u00d6r\u00f6kz\u00f6ld bangita - T\u00e1jkert\u00e9sz","description":"A Viburnum tinus \u2018Eve Price\u2019 - \u00d6r\u00f6kz\u00f6ld bangita 2 m magas \u00f6r\u00f6kz\u00f6ld lomb\u00fa d\u00edszcserje. Feh\u00e9r illatos vir\u00e1gai enyh\u00e9bb t\u00e9len is elkezd vir\u00e1gozni.","robots":{"index":"index","follow":"follow","max-snippet":"max-snippet:-1","max-image-preview":"max-image-preview:large","max-video-preview":"max-video-preview:-1"},"canonical":"https:\/\/tajkertesz.com\/en_US\/product\/viburnum-tinus-eve-price-orokzold-bangita\/","og_locale":"en_US","og_type":"article","og_title":"Viburnum tinus \u2018Eve Price\u2019 - \u00d6r\u00f6kz\u00f6ld bangita - T\u00e1jkert\u00e9sz","og_description":"A Viburnum tinus \u2018Eve Price\u2019 - \u00d6r\u00f6kz\u00f6ld bangita 2 m magas \u00f6r\u00f6kz\u00f6ld lomb\u00fa d\u00edszcserje. Feh\u00e9r illatos vir\u00e1gai enyh\u00e9bb t\u00e9len is elkezd vir\u00e1gozni.","og_url":"https:\/\/tajkertesz.com\/en_US\/product\/viburnum-tinus-eve-price-orokzold-bangita\/","og_site_name":"T\u00e1jkert\u00e9sz","article_publisher":"https:\/\/www.facebook.com\/Tajkertesz\/","article_modified_time":"2026-04-02T11:52:01+00:00","og_image":[{"width":1441,"height":2560,"url":"https:\/\/tajkertesz.com\/wp-content\/uploads\/2024\/10\/20250323_102118-scaled.jpg","type":"image\/jpeg"}],"twitter_card":"summary_large_image","twitter_misc":{"Est. reading time":"2 minutes"},"schema":{"@context":"https:\/\/schema.org","@graph":[{"@type":"WebPage","@id":"https:\/\/tajkertesz.com\/termek\/viburnum-tinus-eve-price-orokzold-bangita\/","url":"https:\/\/tajkertesz.com\/termek\/viburnum-tinus-eve-price-orokzold-bangita\/","name":"Viburnum tinus \u2018Eve Price\u2019 - \u00d6r\u00f6kz\u00f6ld bangita - T\u00e1jkert\u00e9sz","isPartOf":{"@id":"https:\/\/tajkertesz.com\/#website"},"primaryImageOfPage":{"@id":"https:\/\/tajkertesz.com\/termek\/viburnum-tinus-eve-price-orokzold-bangita\/#primaryimage"},"image":{"@id":"https:\/\/tajkertesz.com\/termek\/viburnum-tinus-eve-price-orokzold-bangita\/#primaryimage"},"thumbnailUrl":"https:\/\/tajkertesz.com\/wp-content\/uploads\/2024\/10\/20250323_102118-scaled.jpg","datePublished":"2025-03-23T10:32:02+00:00","dateModified":"2026-04-02T11:52:01+00:00","description":"A Viburnum tinus \u2018Eve Price\u2019 - \u00d6r\u00f6kz\u00f6ld bangita 2 m magas \u00f6r\u00f6kz\u00f6ld lomb\u00fa d\u00edszcserje. Feh\u00e9r illatos vir\u00e1gai enyh\u00e9bb t\u00e9len is elkezd vir\u00e1gozni.","breadcrumb":{"@id":"https:\/\/tajkertesz.com\/termek\/viburnum-tinus-eve-price-orokzold-bangita\/#breadcrumb"},"inLanguage":"en-US","potentialAction":[{"@type":"ReadAction","target":["https:\/\/tajkertesz.com\/termek\/viburnum-tinus-eve-price-orokzold-bangita\/"]}]},{"@type":"ImageObject","inLanguage":"en-US","@id":"https:\/\/tajkertesz.com\/termek\/viburnum-tinus-eve-price-orokzold-bangita\/#primaryimage","url":"https:\/\/tajkertesz.com\/wp-content\/uploads\/2024\/10\/20250323_102118-scaled.jpg","contentUrl":"https:\/\/tajkertesz.com\/wp-content\/uploads\/2024\/10\/20250323_102118-scaled.jpg","width":1441,"height":2560,"caption":"Viburnum tinus \u2018Eve Price\u2019 - \u00d6r\u00f6kz\u00f6ld bangita"},{"@type":"BreadcrumbList","@id":"https:\/\/tajkertesz.com\/termek\/viburnum-tinus-eve-price-orokzold-bangita\/#breadcrumb","itemListElement":[{"@type":"ListItem","position":1,"name":"Home","item":"https:\/\/tajkertesz.com\/"},{"@type":"ListItem","position":2,"name":"Kezd\u0151lap","item":"https:\/\/tajkertesz.com\/"},{"@type":"ListItem","position":3,"name":"Viburnum tinus \u2018Eve Price\u2019 &#8211; \u00d6r\u00f6kz\u00f6ld bangita"}]},{"@type":"WebSite","@id":"https:\/\/tajkertesz.com\/#website","url":"https:\/\/tajkertesz.com\/","name":"T\u00e1j-Kert\u00e9sz 84 Kft.","description":"Kert\u00e9szeti kis- \u00e9s nagykeresked\u00e9s, D\u00edszn\u00f6v\u00e9ny web\u00e1ruh\u00e1z orsz\u00e1gos h\u00e1zhozsz\u00e1ll\u00edt\u00e1ssal!","publisher":{"@id":"https:\/\/tajkertesz.com\/#organization"},"potentialAction":[{"@type":"SearchAction","target":{"@type":"EntryPoint","urlTemplate":"https:\/\/tajkertesz.com\/?s={search_term_string}"},"query-input":{"@type":"PropertyValueSpecification","valueRequired":true,"valueName":"search_term_string"}}],"inLanguage":"en-US"},{"@type":"Organization","@id":"https:\/\/tajkertesz.com\/#organization","name":"T\u00e1j-Kert\u00e9sz 84 Kft.","url":"https:\/\/tajkertesz.com\/","logo":{"@type":"ImageObject","inLanguage":"en-US","@id":"https:\/\/tajkertesz.com\/#\/schema\/logo\/image\/","url":"https:\/\/tajkertesz.com\/wp-content\/uploads\/2018\/02\/logo-2-e1518678052539.png","contentUrl":"https:\/\/tajkertesz.com\/wp-content\/uploads\/2018\/02\/logo-2-e1518678052539.png","width":81,"height":140,"caption":"T\u00e1j-Kert\u00e9sz 84 Kft."},"image":{"@id":"https:\/\/tajkertesz.com\/#\/schema\/logo\/image\/"},"sameAs":["https:\/\/www.facebook.com\/Tajkertesz\/"]}]}},"_links":{"self":[{"href":"https:\/\/tajkertesz.com\/en_US\/wp-json\/wp\/v2\/product\/8551","targetHints":{"allow":["GET"]}}],"collection":[{"href":"https:\/\/tajkertesz.com\/en_US\/wp-json\/wp\/v2\/product"}],"about":[{"href":"https:\/\/tajkertesz.com\/en_US\/wp-json\/wp\/v2\/types\/product"}],"wp:featuredmedia":[{"embeddable":true,"href":"https:\/\/tajkertesz.com\/en_US\/wp-json\/wp\/v2\/media\/22876"}],"wp:attachment":[{"href":"https:\/\/tajkertesz.com\/en_US\/wp-json\/wp\/v2\/media?parent=8551"}],"wp:term":[{"taxonomy":"product_brand","embeddable":true,"href":"https:\/\/tajkertesz.com\/en_US\/wp-json\/wp\/v2\/product_brand?post=8551"},{"taxonomy":"product_cat","embeddable":true,"href":"https:\/\/tajkertesz.com\/en_US\/wp-json\/wp\/v2\/product_cat?post=8551"},{"taxonomy":"product_tag","embeddable":true,"href":"https:\/\/tajkertesz.com\/en_US\/wp-json\/wp\/v2\/product_tag?post=8551"}],"curies":[{"name":"wp","href":"https:\/\/api.w.org\/{rel}","templated":true}]}}