{"id":8567,"date":"2021-08-25T09:37:31","date_gmt":"2021-08-25T09:37:31","guid":{"rendered":"https:\/\/tajkertesz.com\/?post_type=product&#038;p=8567"},"modified":"2023-09-12T14:13:36","modified_gmt":"2023-09-12T14:13:36","slug":"pinus-sylvestris-cuha-torpe-erdeifenyo","status":"publish","type":"product","link":"https:\/\/tajkertesz.com\/en_US\/product\/pinus-sylvestris-cuha-torpe-erdeifenyo\/","title":{"rendered":"Pinus sylvestris &#8216;Cuha&#8217; \u2013 T\u00f6rpe erdeifeny\u0151"},"content":{"rendered":"<h3 class=\"LC20lb DKV0Md\">Pinus sylvestris &#8216;Cuha&#8217; \u2013 T\u00f6rpe erdeifeny\u0151<\/h3>\n<p>&nbsp;<\/p>\n<p class=\"LC20lb DKV0Md\">Pinus sylvestris &#8216;Cuha&#8217; \u2013 T\u00f6rpe erdeifeny\u0151<\/p>\n<p class=\"LC20lb DKV0Md\">Kifejletten 1-1,5 m\u00e9ter magas,g\u00f6mb\u00f6lyded lombhabitussal rendelkezik.Napos, f\u00e9l\u00e1rny\u00e9kos helyre \u00fcltesse,m\u00e9rs\u00e9kelt v\u00edzig\u00e9nye van.Talaj ir\u00e1nt nem v\u00e1logat\u00f3s.<\/p>\n<p><a href=\"http:\/\/www.tajkertesz.com\">http:\/\/www.tajkertesz.com<\/a><\/p>\n<p><a href=\"https:\/\/www.facebook.com\/tajkertesz\">https:\/\/www.facebook.com\/tajkertesz<\/a><\/p>\n<p>&nbsp;<\/p>\n<p>m\u00e9ret: 7,5 l-es cser\u00e9p, 40\/50 cm magas<\/p>\n<p>&nbsp;<\/p>\n<p>Sz\u00e1ll\u00edt\u00e1s fut\u00e1rszolg\u00e1lattal 200 cm \u00e9s 40 Kg-ig lehets\u00e9ges, e felett egyedi aj\u00e1nlat sz\u00fcks\u00e9ges.<\/p>\n<p><span style=\"color: #ffffff;\">20-30 m magass\u00e1gig is megn\u00f6v\u0151 feny\u0151f\u00e9le. Kezdetben k\u00fapos alak\u00fa, majd koron\u00e1ja kisz\u00e9lesedik, sz\u00e9tter\u00fcl, szab\u00e1lytalan erny\u0151s form\u00e1t \u00f6lt. \u00c1grendszere laza, csavarod\u00f3 \u00e1gain a k\u00e9reg id\u0151s kor\u00e1ra v\u00f6r\u00f6sre sz\u00ednez\u0151dik. Sz\u00fcrk\u00e9sz\u00f6ld t\u0171levelei hossz\u00faak (3-10cm), sz\u00far\u00f3sak. Napos fekv\u00e9st \u00e9s laza talajt kedvel. Az \u00f6nt\u00f6z\u00e9st megh\u00e1l\u00e1lja, de a sz\u00e1razs\u00e1got is kiemelked\u0151en j\u00f3l viseli. Sz\u00e9less\u00e9ge 10m. K\u00e9p forr\u00e1sa: https:\/\/www.havlis.cz20-30 m magass\u00e1gig is megn\u00f6v\u0151 feny\u0151f\u00e9le. Kezdetben k\u00fapos alak\u00fa, majd koron\u00e1ja kisz\u00e9lesedik, sz\u00e9tter\u00fcl, szab\u00e1lytalan erny\u0151s form\u00e1t \u00f6lt. \u00c1grendszere laza, csavarod\u00f3 \u00e1gain a k\u00e9reg id\u0151s kor\u00e1ra v\u00f6r\u00f6sre sz\u00ednez\u0151dik. Sz\u00fcrk\u00e9sz\u00f6ld t\u0171levelei hossz\u00faak (3-10cm), sz\u00far\u00f3sak. Napos fekv\u00e9st \u00e9s laza talajt kedvel. Az \u00f6nt\u00f6z\u00e9st megh\u00e1l\u00e1lja, de a sz\u00e1razs\u00e1got is kiemelked\u0151en j\u00f3l viseli. Sz\u00e9less\u00e9ge 10m. K\u00e9p forr\u00e1sa: https:\/\/www.havlis.cz<\/span><\/p>\n<p><span style=\"color: #ffffff;\">Sz\u0171k terekbe, kisebb kertbe val\u00f3 oszlopos erdeifeny\u0151. Levele k\u00e9kessz\u00fcrke, oldal\u00e1gai szorosan a t\u00f6rzsh\u00f6z simulnak, n\u00f6veked\u00e9se lass\u00fa. T\u00e1panyagszeg\u00e9ny, m\u00e9rs\u00e9kelten sz\u00e1raz talajon is kiel\u00e9g\u00edt\u0151en fejl\u0151dik. A s\u00f3z\u00e1st nem t\u0171ri. T\u0171levelei enyh\u00e9n savany\u00fa talajban szebb sz\u00edn\u0171ek lesznek. Teljesen t\u00e9l\u00e1ll\u00f3 fajta. V\u00e9gleges magass\u00e1ga 2-6 m, sz\u00e9less\u00e9ge 0,7-1,5 m. K\u00e9p forr\u00e1sa: https:\/\/online.bruns.deSz\u0171k terekbe, kisebb kertbe val\u00f3 oszlopos erdeifeny\u0151. Levele k\u00e9kessz\u00fcrke, oldal\u00e1gai szorosan a t\u00f6rzsh\u00f6z simulnak, n\u00f6veked\u00e9se lass\u00fa. T\u00e1panyagszeg\u00e9ny, m\u00e9rs\u00e9kelten sz\u00e1raz talajon is kiel\u00e9g\u00edt\u0151en fejl\u0151dik. A s\u00f3z\u00e1st nem t\u0171ri. T\u0171levelei enyh\u00e9n savany\u00fa talajban szebb sz\u00edn\u0171ek lesznek. Teljesen t\u00e9l\u00e1ll\u00f3 fajta. V\u00e9gleges magass\u00e1ga 2-6 m, sz\u00e9less\u00e9ge 0,7-1,5 m. K\u00e9p forr\u00e1sa: https:\/\/online.bruns.deSz\u0171k terekbe, kisebb kertbe val\u00f3 oszlopos erdeifeny\u0151. Levele k\u00e9kessz\u00fcrke, oldal\u00e1gai szorosan a t\u00f6rzsh\u00f6z simulnak, n\u00f6veked\u00e9se lass\u00fa. T\u00e1panyagszeg\u00e9ny, m\u00e9rs\u00e9kelten sz\u00e1raz talajon is kiel\u00e9g\u00edt\u0151en fejl\u0151dik. A s\u00f3z\u00e1st nem t\u0171ri. T\u0171levelei enyh\u00e9n savany\u00fa talajban szebb sz\u00edn\u0171ek lesznek. Teljesen t\u00e9l\u00e1ll\u00f3 fajta. V\u00e9gleges magass\u00e1ga 2-6 m, sz\u00e9less\u00e9ge 0,7-1,5 m. K\u00e9p forr\u00e1sa: https:\/\/online.bruns.de<\/span><\/p>","protected":false},"excerpt":{"rendered":"<h3 class=\"LC20lb DKV0Md\">Pinus sylvestris &#8216;Cuha&#8217; \u2013 T\u00f6rpe erdeifeny\u0151<\/h3>","protected":false},"featured_media":8570,"template":"","meta":{"_et_pb_use_builder":"","_et_pb_old_content":"","_et_gb_content_width":""},"product_brand":[],"product_cat":[4078],"product_tag":[2551],"class_list":{"0":"post-8567","1":"product","2":"type-product","3":"status-publish","4":"has-post-thumbnail","6":"product_cat-egyeb-fenyofekek","7":"product_tag-pinus-sylvestris-cuha-torpe-erdeifenyo","9":"first","10":"outofstock","11":"shipping-taxable","12":"purchasable","13":"product-type-simple"},"yoast_head":"<!-- This site is optimized with the Yoast SEO plugin v27.5 - https:\/\/yoast.com\/product\/yoast-seo-wordpress\/ -->\n<title>Pinus sylvestris &#039;Cuha&#039; \u2013 T\u00f6rpe erdeifeny\u0151 - T\u00e1jkert\u00e9sz<\/title>\n<meta name=\"description\" content=\"Pinus sylvestris &#039;Cuha&#039; \u2013 T\u00f6rpe erdeifeny\u0151. L\u00e1togassa meg kert\u00e9szet\u00fcnket szem\u00e9lyesen, vagy v\u00e1s\u00e1roljon web\u00e1rug\u00e1zunkb\u00f3l orsz\u00e1gos kisz\u00e1ll\u00edt\u00e1ssal.\" \/>\n<meta name=\"robots\" content=\"index, follow, max-snippet:-1, max-image-preview:large, max-video-preview:-1\" \/>\n<link rel=\"canonical\" href=\"https:\/\/tajkertesz.com\/en_US\/product\/pinus-sylvestris-cuha-torpe-erdeifenyo\/\" \/>\n<meta property=\"og:locale\" content=\"en_US\" \/>\n<meta property=\"og:type\" content=\"article\" \/>\n<meta property=\"og:title\" content=\"Pinus sylvestris &#039;Cuha&#039; \u2013 T\u00f6rpe erdeifeny\u0151 - T\u00e1jkert\u00e9sz\" \/>\n<meta property=\"og:description\" content=\"Pinus sylvestris &#039;Cuha&#039; \u2013 T\u00f6rpe erdeifeny\u0151. L\u00e1togassa meg kert\u00e9szet\u00fcnket szem\u00e9lyesen, vagy v\u00e1s\u00e1roljon web\u00e1rug\u00e1zunkb\u00f3l orsz\u00e1gos kisz\u00e1ll\u00edt\u00e1ssal.\" \/>\n<meta property=\"og:url\" content=\"https:\/\/tajkertesz.com\/en_US\/product\/pinus-sylvestris-cuha-torpe-erdeifenyo\/\" \/>\n<meta property=\"og:site_name\" content=\"T\u00e1jkert\u00e9sz\" \/>\n<meta property=\"article:publisher\" content=\"https:\/\/www.facebook.com\/Tajkertesz\/\" \/>\n<meta property=\"article:modified_time\" content=\"2023-09-12T14:13:36+00:00\" \/>\n<meta property=\"og:image\" content=\"https:\/\/tajkertesz.com\/wp-content\/uploads\/2021\/08\/IMG_20210825_093440.jpg\" \/>\n\t<meta property=\"og:image:width\" content=\"450\" \/>\n\t<meta property=\"og:image:height\" content=\"600\" \/>\n\t<meta property=\"og:image:type\" content=\"image\/jpeg\" \/>\n<meta name=\"twitter:card\" content=\"summary_large_image\" \/>\n<meta name=\"twitter:label1\" content=\"Est. reading time\" \/>\n\t<meta name=\"twitter:data1\" content=\"2 minutes\" \/>\n<script type=\"application\/ld+json\" class=\"yoast-schema-graph\">{\"@context\":\"https:\\\/\\\/schema.org\",\"@graph\":[{\"@type\":\"WebPage\",\"@id\":\"https:\\\/\\\/tajkertesz.com\\\/termek\\\/pinus-sylvestris-cuha-torpe-erdeifenyo\\\/\",\"url\":\"https:\\\/\\\/tajkertesz.com\\\/termek\\\/pinus-sylvestris-cuha-torpe-erdeifenyo\\\/\",\"name\":\"Pinus sylvestris 'Cuha' \u2013 T\u00f6rpe erdeifeny\u0151 - T\u00e1jkert\u00e9sz\",\"isPartOf\":{\"@id\":\"https:\\\/\\\/tajkertesz.com\\\/#website\"},\"primaryImageOfPage\":{\"@id\":\"https:\\\/\\\/tajkertesz.com\\\/termek\\\/pinus-sylvestris-cuha-torpe-erdeifenyo\\\/#primaryimage\"},\"image\":{\"@id\":\"https:\\\/\\\/tajkertesz.com\\\/termek\\\/pinus-sylvestris-cuha-torpe-erdeifenyo\\\/#primaryimage\"},\"thumbnailUrl\":\"https:\\\/\\\/tajkertesz.com\\\/wp-content\\\/uploads\\\/2021\\\/08\\\/IMG_20210825_093440.jpg\",\"datePublished\":\"2021-08-25T09:37:31+00:00\",\"dateModified\":\"2023-09-12T14:13:36+00:00\",\"description\":\"Pinus sylvestris 'Cuha' \u2013 T\u00f6rpe erdeifeny\u0151. L\u00e1togassa meg kert\u00e9szet\u00fcnket szem\u00e9lyesen, vagy v\u00e1s\u00e1roljon web\u00e1rug\u00e1zunkb\u00f3l orsz\u00e1gos kisz\u00e1ll\u00edt\u00e1ssal.\",\"breadcrumb\":{\"@id\":\"https:\\\/\\\/tajkertesz.com\\\/termek\\\/pinus-sylvestris-cuha-torpe-erdeifenyo\\\/#breadcrumb\"},\"inLanguage\":\"en-US\",\"potentialAction\":[{\"@type\":\"ReadAction\",\"target\":[\"https:\\\/\\\/tajkertesz.com\\\/termek\\\/pinus-sylvestris-cuha-torpe-erdeifenyo\\\/\"]}]},{\"@type\":\"ImageObject\",\"inLanguage\":\"en-US\",\"@id\":\"https:\\\/\\\/tajkertesz.com\\\/termek\\\/pinus-sylvestris-cuha-torpe-erdeifenyo\\\/#primaryimage\",\"url\":\"https:\\\/\\\/tajkertesz.com\\\/wp-content\\\/uploads\\\/2021\\\/08\\\/IMG_20210825_093440.jpg\",\"contentUrl\":\"https:\\\/\\\/tajkertesz.com\\\/wp-content\\\/uploads\\\/2021\\\/08\\\/IMG_20210825_093440.jpg\",\"width\":450,\"height\":600,\"caption\":\"hdr\"},{\"@type\":\"BreadcrumbList\",\"@id\":\"https:\\\/\\\/tajkertesz.com\\\/termek\\\/pinus-sylvestris-cuha-torpe-erdeifenyo\\\/#breadcrumb\",\"itemListElement\":[{\"@type\":\"ListItem\",\"position\":1,\"name\":\"Home\",\"item\":\"https:\\\/\\\/tajkertesz.com\\\/\"},{\"@type\":\"ListItem\",\"position\":2,\"name\":\"Kezd\u0151lap\",\"item\":\"https:\\\/\\\/tajkertesz.com\\\/\"},{\"@type\":\"ListItem\",\"position\":3,\"name\":\"Pinus sylvestris &#8216;Cuha&#8217; \u2013 T\u00f6rpe erdeifeny\u0151\"}]},{\"@type\":\"WebSite\",\"@id\":\"https:\\\/\\\/tajkertesz.com\\\/#website\",\"url\":\"https:\\\/\\\/tajkertesz.com\\\/\",\"name\":\"T\u00e1j-Kert\u00e9sz 84 Kft.\",\"description\":\"Kert\u00e9szeti kis- \u00e9s nagykeresked\u00e9s, D\u00edszn\u00f6v\u00e9ny web\u00e1ruh\u00e1z orsz\u00e1gos h\u00e1zhozsz\u00e1ll\u00edt\u00e1ssal!\",\"publisher\":{\"@id\":\"https:\\\/\\\/tajkertesz.com\\\/#organization\"},\"potentialAction\":[{\"@type\":\"SearchAction\",\"target\":{\"@type\":\"EntryPoint\",\"urlTemplate\":\"https:\\\/\\\/tajkertesz.com\\\/?s={search_term_string}\"},\"query-input\":{\"@type\":\"PropertyValueSpecification\",\"valueRequired\":true,\"valueName\":\"search_term_string\"}}],\"inLanguage\":\"en-US\"},{\"@type\":\"Organization\",\"@id\":\"https:\\\/\\\/tajkertesz.com\\\/#organization\",\"name\":\"T\u00e1j-Kert\u00e9sz 84 Kft.\",\"url\":\"https:\\\/\\\/tajkertesz.com\\\/\",\"logo\":{\"@type\":\"ImageObject\",\"inLanguage\":\"en-US\",\"@id\":\"https:\\\/\\\/tajkertesz.com\\\/#\\\/schema\\\/logo\\\/image\\\/\",\"url\":\"https:\\\/\\\/tajkertesz.com\\\/wp-content\\\/uploads\\\/2018\\\/02\\\/logo-2-e1518678052539.png\",\"contentUrl\":\"https:\\\/\\\/tajkertesz.com\\\/wp-content\\\/uploads\\\/2018\\\/02\\\/logo-2-e1518678052539.png\",\"width\":81,\"height\":140,\"caption\":\"T\u00e1j-Kert\u00e9sz 84 Kft.\"},\"image\":{\"@id\":\"https:\\\/\\\/tajkertesz.com\\\/#\\\/schema\\\/logo\\\/image\\\/\"},\"sameAs\":[\"https:\\\/\\\/www.facebook.com\\\/Tajkertesz\\\/\"]}]}<\/script>\n<!-- \/ Yoast SEO plugin. -->","yoast_head_json":{"title":"Pinus sylvestris 'Cuha' \u2013 T\u00f6rpe erdeifeny\u0151 - T\u00e1jkert\u00e9sz","description":"Pinus sylvestris 'Cuha' \u2013 T\u00f6rpe erdeifeny\u0151. L\u00e1togassa meg kert\u00e9szet\u00fcnket szem\u00e9lyesen, vagy v\u00e1s\u00e1roljon web\u00e1rug\u00e1zunkb\u00f3l orsz\u00e1gos kisz\u00e1ll\u00edt\u00e1ssal.","robots":{"index":"index","follow":"follow","max-snippet":"max-snippet:-1","max-image-preview":"max-image-preview:large","max-video-preview":"max-video-preview:-1"},"canonical":"https:\/\/tajkertesz.com\/en_US\/product\/pinus-sylvestris-cuha-torpe-erdeifenyo\/","og_locale":"en_US","og_type":"article","og_title":"Pinus sylvestris 'Cuha' \u2013 T\u00f6rpe erdeifeny\u0151 - T\u00e1jkert\u00e9sz","og_description":"Pinus sylvestris 'Cuha' \u2013 T\u00f6rpe erdeifeny\u0151. L\u00e1togassa meg kert\u00e9szet\u00fcnket szem\u00e9lyesen, vagy v\u00e1s\u00e1roljon web\u00e1rug\u00e1zunkb\u00f3l orsz\u00e1gos kisz\u00e1ll\u00edt\u00e1ssal.","og_url":"https:\/\/tajkertesz.com\/en_US\/product\/pinus-sylvestris-cuha-torpe-erdeifenyo\/","og_site_name":"T\u00e1jkert\u00e9sz","article_publisher":"https:\/\/www.facebook.com\/Tajkertesz\/","article_modified_time":"2023-09-12T14:13:36+00:00","og_image":[{"width":450,"height":600,"url":"https:\/\/tajkertesz.com\/wp-content\/uploads\/2021\/08\/IMG_20210825_093440.jpg","type":"image\/jpeg"}],"twitter_card":"summary_large_image","twitter_misc":{"Est. reading time":"2 minutes"},"schema":{"@context":"https:\/\/schema.org","@graph":[{"@type":"WebPage","@id":"https:\/\/tajkertesz.com\/termek\/pinus-sylvestris-cuha-torpe-erdeifenyo\/","url":"https:\/\/tajkertesz.com\/termek\/pinus-sylvestris-cuha-torpe-erdeifenyo\/","name":"Pinus sylvestris 'Cuha' \u2013 T\u00f6rpe erdeifeny\u0151 - T\u00e1jkert\u00e9sz","isPartOf":{"@id":"https:\/\/tajkertesz.com\/#website"},"primaryImageOfPage":{"@id":"https:\/\/tajkertesz.com\/termek\/pinus-sylvestris-cuha-torpe-erdeifenyo\/#primaryimage"},"image":{"@id":"https:\/\/tajkertesz.com\/termek\/pinus-sylvestris-cuha-torpe-erdeifenyo\/#primaryimage"},"thumbnailUrl":"https:\/\/tajkertesz.com\/wp-content\/uploads\/2021\/08\/IMG_20210825_093440.jpg","datePublished":"2021-08-25T09:37:31+00:00","dateModified":"2023-09-12T14:13:36+00:00","description":"Pinus sylvestris 'Cuha' \u2013 T\u00f6rpe erdeifeny\u0151. L\u00e1togassa meg kert\u00e9szet\u00fcnket szem\u00e9lyesen, vagy v\u00e1s\u00e1roljon web\u00e1rug\u00e1zunkb\u00f3l orsz\u00e1gos kisz\u00e1ll\u00edt\u00e1ssal.","breadcrumb":{"@id":"https:\/\/tajkertesz.com\/termek\/pinus-sylvestris-cuha-torpe-erdeifenyo\/#breadcrumb"},"inLanguage":"en-US","potentialAction":[{"@type":"ReadAction","target":["https:\/\/tajkertesz.com\/termek\/pinus-sylvestris-cuha-torpe-erdeifenyo\/"]}]},{"@type":"ImageObject","inLanguage":"en-US","@id":"https:\/\/tajkertesz.com\/termek\/pinus-sylvestris-cuha-torpe-erdeifenyo\/#primaryimage","url":"https:\/\/tajkertesz.com\/wp-content\/uploads\/2021\/08\/IMG_20210825_093440.jpg","contentUrl":"https:\/\/tajkertesz.com\/wp-content\/uploads\/2021\/08\/IMG_20210825_093440.jpg","width":450,"height":600,"caption":"hdr"},{"@type":"BreadcrumbList","@id":"https:\/\/tajkertesz.com\/termek\/pinus-sylvestris-cuha-torpe-erdeifenyo\/#breadcrumb","itemListElement":[{"@type":"ListItem","position":1,"name":"Home","item":"https:\/\/tajkertesz.com\/"},{"@type":"ListItem","position":2,"name":"Kezd\u0151lap","item":"https:\/\/tajkertesz.com\/"},{"@type":"ListItem","position":3,"name":"Pinus sylvestris &#8216;Cuha&#8217; \u2013 T\u00f6rpe erdeifeny\u0151"}]},{"@type":"WebSite","@id":"https:\/\/tajkertesz.com\/#website","url":"https:\/\/tajkertesz.com\/","name":"T\u00e1j-Kert\u00e9sz 84 Kft.","description":"Kert\u00e9szeti kis- \u00e9s nagykeresked\u00e9s, D\u00edszn\u00f6v\u00e9ny web\u00e1ruh\u00e1z orsz\u00e1gos h\u00e1zhozsz\u00e1ll\u00edt\u00e1ssal!","publisher":{"@id":"https:\/\/tajkertesz.com\/#organization"},"potentialAction":[{"@type":"SearchAction","target":{"@type":"EntryPoint","urlTemplate":"https:\/\/tajkertesz.com\/?s={search_term_string}"},"query-input":{"@type":"PropertyValueSpecification","valueRequired":true,"valueName":"search_term_string"}}],"inLanguage":"en-US"},{"@type":"Organization","@id":"https:\/\/tajkertesz.com\/#organization","name":"T\u00e1j-Kert\u00e9sz 84 Kft.","url":"https:\/\/tajkertesz.com\/","logo":{"@type":"ImageObject","inLanguage":"en-US","@id":"https:\/\/tajkertesz.com\/#\/schema\/logo\/image\/","url":"https:\/\/tajkertesz.com\/wp-content\/uploads\/2018\/02\/logo-2-e1518678052539.png","contentUrl":"https:\/\/tajkertesz.com\/wp-content\/uploads\/2018\/02\/logo-2-e1518678052539.png","width":81,"height":140,"caption":"T\u00e1j-Kert\u00e9sz 84 Kft."},"image":{"@id":"https:\/\/tajkertesz.com\/#\/schema\/logo\/image\/"},"sameAs":["https:\/\/www.facebook.com\/Tajkertesz\/"]}]}},"_links":{"self":[{"href":"https:\/\/tajkertesz.com\/en_US\/wp-json\/wp\/v2\/product\/8567","targetHints":{"allow":["GET"]}}],"collection":[{"href":"https:\/\/tajkertesz.com\/en_US\/wp-json\/wp\/v2\/product"}],"about":[{"href":"https:\/\/tajkertesz.com\/en_US\/wp-json\/wp\/v2\/types\/product"}],"wp:featuredmedia":[{"embeddable":true,"href":"https:\/\/tajkertesz.com\/en_US\/wp-json\/wp\/v2\/media\/8570"}],"wp:attachment":[{"href":"https:\/\/tajkertesz.com\/en_US\/wp-json\/wp\/v2\/media?parent=8567"}],"wp:term":[{"taxonomy":"product_brand","embeddable":true,"href":"https:\/\/tajkertesz.com\/en_US\/wp-json\/wp\/v2\/product_brand?post=8567"},{"taxonomy":"product_cat","embeddable":true,"href":"https:\/\/tajkertesz.com\/en_US\/wp-json\/wp\/v2\/product_cat?post=8567"},{"taxonomy":"product_tag","embeddable":true,"href":"https:\/\/tajkertesz.com\/en_US\/wp-json\/wp\/v2\/product_tag?post=8567"}],"curies":[{"name":"wp","href":"https:\/\/api.w.org\/{rel}","templated":true}]}}