{"id":8571,"date":"2021-08-25T09:40:45","date_gmt":"2021-08-25T09:40:45","guid":{"rendered":"https:\/\/tajkertesz.com\/?post_type=product&#038;p=8571"},"modified":"2022-12-06T14:55:05","modified_gmt":"2022-12-06T14:55:05","slug":"pinus-strobus-minima-kek-simafenyo","status":"publish","type":"product","link":"https:\/\/tajkertesz.com\/en_US\/product\/pinus-strobus-minima-kek-simafenyo\/","title":{"rendered":"Pinus strobus &#8216;Minima&#8217;  K\u00e9k simafeny\u0151"},"content":{"rendered":"<h3 class=\"LC20lb DKV0Md\">Pinus strobus &#8216;Minima&#8217; K\u00e9k simafeny\u0151<\/h3>\n<p>&nbsp;<\/p>\n<p class=\"LC20lb DKV0Md\">Pinus strobus &#8216;Minima&#8217; K\u00e9k simafeny\u0151<\/p>\n<p class=\"LC20lb DKV0Md\">Kb. 1 m\u00e9ter sz\u00e9les, s\u00f6t\u00e9t sz\u00fcrk\u00e9sz\u00f6ld lomb\u00fa, kis m\u00e9ret\u0171 feny\u0151.A fiatal hajt\u00e1sok vil\u00e1gosz\u00f6ld sz\u00ednben vir\u00edtanak. Lap\u00edtott g\u00f6mb form\u00e1j\u00fa. Talaja legyen j\u00f3 v\u00edz\u00e1tereszt\u0151 \u00e9s \u00fcde is. P\u00e1raig\u00e9nye magas.<\/p>\n<p><a href=\"http:\/\/www.tajkertesz.com\">http:\/\/www.tajkertesz.com<\/a><\/p>\n<p><a href=\"https:\/\/www.facebook.com\/tajkertesz\">https:\/\/www.facebook.com\/tajkertesz<\/a><\/p>\n<p>&nbsp;<\/p>\n<p>m\u00e9ret: 7,5 l-es cser\u00e9p<\/p>\n<p>&nbsp;<\/p>\n<p>Sz\u00e1ll\u00edt\u00e1s fut\u00e1rszolg\u00e1lattal 200 cm \u00e9s 40 Kg-ig lehets\u00e9ges, e felett egyedi aj\u00e1nlat sz\u00fcks\u00e9ges.<\/p>\n<p><span style=\"color: #ffffff;\">20-30 m magass\u00e1gig is megn\u00f6v\u0151 feny\u0151f\u00e9le. Kezdetben k\u00fapos alak\u00fa, majd koron\u00e1ja kisz\u00e9lesedik, sz\u00e9tter\u00fcl, szab\u00e1lytalan erny\u0151s form\u00e1t \u00f6lt. \u00c1grendszere laza, csavarod\u00f3 \u00e1gain a k\u00e9reg id\u0151s kor\u00e1ra v\u00f6r\u00f6sre sz\u00ednez\u0151dik. Sz\u00fcrk\u00e9sz\u00f6ld t\u0171levelei hossz\u00faak (3-10cm), sz\u00far\u00f3sak. Napos fekv\u00e9st \u00e9s laza talajt kedvel. Az \u00f6nt\u00f6z\u00e9st megh\u00e1l\u00e1lja, de a sz\u00e1razs\u00e1got is kiemelked\u0151en j\u00f3l viseli. Sz\u00e9less\u00e9ge 10m. K\u00e9p forr\u00e1sa: https:\/\/www.havlis.cz20-30 m magass\u00e1gig is megn\u00f6v\u0151 feny\u0151f\u00e9le. Kezdetben k\u00fapos alak\u00fa, majd koron\u00e1ja kisz\u00e9lesedik, sz\u00e9tter\u00fcl, szab\u00e1lytalan erny\u0151s form\u00e1t \u00f6lt. \u00c1grendszere laza, csavarod\u00f3 \u00e1gain a k\u00e9reg id\u0151s kor\u00e1ra v\u00f6r\u00f6sre sz\u00ednez\u0151dik. Sz\u00fcrk\u00e9sz\u00f6ld t\u0171levelei hossz\u00faak (3-10cm), sz\u00far\u00f3sak. Napos fekv\u00e9st \u00e9s laza talajt kedvel. Az \u00f6nt\u00f6z\u00e9st megh\u00e1l\u00e1lja, de a sz\u00e1razs\u00e1got is kiemelked\u0151en j\u00f3l viseli. Sz\u00e9less\u00e9ge 10m. K\u00e9p forr\u00e1sa: https:\/\/www.havlis.cz<\/span><\/p>\n<p><span style=\"color: #ffffff;\">Sz\u0171k terekbe, kisebb kertbe val\u00f3 oszlopos erdeifeny\u0151. Levele k\u00e9kessz\u00fcrke, oldal\u00e1gai szorosan a t\u00f6rzsh\u00f6z simulnak, n\u00f6veked\u00e9se lass\u00fa. T\u00e1panyagszeg\u00e9ny, m\u00e9rs\u00e9kelten sz\u00e1raz talajon is kiel\u00e9g\u00edt\u0151en fejl\u0151dik. A s\u00f3z\u00e1st nem t\u0171ri. T\u0171levelei enyh\u00e9n savany\u00fa talajban szebb sz\u00edn\u0171ek lesznek. Teljesen t\u00e9l\u00e1ll\u00f3 fajta. V\u00e9gleges magass\u00e1ga 2-6 m, sz\u00e9less\u00e9ge 0,7-1,5 m. K\u00e9p forr\u00e1sa: https:\/\/online.bruns.deSz\u0171k terekbe, kisebb kertbe val\u00f3 oszlopos erdeifeny\u0151. Levele k\u00e9kessz\u00fcrke, oldal\u00e1gai szorosan a t\u00f6rzsh\u00f6z simulnak, n\u00f6veked\u00e9se lass\u00fa. T\u00e1panyagszeg\u00e9ny, m\u00e9rs\u00e9kelten sz\u00e1raz talajon is kiel\u00e9g\u00edt\u0151en fejl\u0151dik. A s\u00f3z\u00e1st nem t\u0171ri. T\u0171levelei enyh\u00e9n savany\u00fa talajban szebb sz\u00edn\u0171ek lesznek. Teljesen t\u00e9l\u00e1ll\u00f3 fajta. V\u00e9gleges magass\u00e1ga 2-6 m, sz\u00e9less\u00e9ge 0,7-1,5 m. K\u00e9p forr\u00e1sa: https:\/\/online.bruns.deSz\u0171k terekbe, kisebb kertbe val\u00f3 oszlopos erdeifeny\u0151. Levele k\u00e9kessz\u00fcrke, oldal\u00e1gai szorosan a t\u00f6rzsh\u00f6z simulnak, n\u00f6veked\u00e9se lass\u00fa. T\u00e1panyagszeg\u00e9ny, m\u00e9rs\u00e9kelten sz\u00e1raz talajon is kiel\u00e9g\u00edt\u0151en fejl\u0151dik. A s\u00f3z\u00e1st nem t\u0171ri. T\u0171levelei enyh\u00e9n savany\u00fa talajban szebb sz\u00edn\u0171ek lesznek. Teljesen t\u00e9l\u00e1ll\u00f3 fajta. V\u00e9gleges magass\u00e1ga 2-6 m, sz\u00e9less\u00e9ge 0,7-1,5 m. K\u00e9p forr\u00e1sa: https:\/\/online.bruns.de<\/span><\/p>","protected":false},"excerpt":{"rendered":"<h3 class=\"LC20lb DKV0Md\">Pinus strobus &#8216;Minima&#8217; K\u00e9k simafeny\u0151<\/h3>","protected":false},"featured_media":8578,"template":"","meta":{"_et_pb_use_builder":"","_et_pb_old_content":"","_et_gb_content_width":""},"product_brand":[],"product_cat":[4078,26],"product_tag":[2552],"class_list":{"0":"post-8571","1":"product","2":"type-product","3":"status-publish","4":"has-post-thumbnail","6":"product_cat-egyeb-fenyofekek","7":"product_cat-orokzold-novenyek","8":"product_tag-pinus-strobus-minima-kek-simafenyo","10":"first","11":"outofstock","12":"shipping-taxable","13":"purchasable","14":"product-type-simple"},"yoast_head":"<!-- This site is optimized with the Yoast SEO plugin v27.5 - https:\/\/yoast.com\/product\/yoast-seo-wordpress\/ -->\n<title>Pinus strobus &#039;Minima&#039; K\u00e9k simafeny\u0151 - T\u00e1jkert\u00e9sz<\/title>\n<meta name=\"description\" content=\"Pinus strobus &#039;Minima&#039; K\u00e9k simafeny\u0151\" \/>\n<meta name=\"robots\" content=\"index, follow, max-snippet:-1, max-image-preview:large, max-video-preview:-1\" \/>\n<link rel=\"canonical\" href=\"https:\/\/tajkertesz.com\/en_US\/product\/pinus-strobus-minima-kek-simafenyo\/\" \/>\n<meta property=\"og:locale\" content=\"en_US\" \/>\n<meta property=\"og:type\" content=\"article\" \/>\n<meta property=\"og:title\" content=\"Pinus strobus &#039;Minima&#039; K\u00e9k simafeny\u0151 - T\u00e1jkert\u00e9sz\" \/>\n<meta property=\"og:description\" content=\"Pinus strobus &#039;Minima&#039; K\u00e9k simafeny\u0151\" \/>\n<meta property=\"og:url\" content=\"https:\/\/tajkertesz.com\/en_US\/product\/pinus-strobus-minima-kek-simafenyo\/\" \/>\n<meta property=\"og:site_name\" content=\"T\u00e1jkert\u00e9sz\" \/>\n<meta property=\"article:publisher\" content=\"https:\/\/www.facebook.com\/Tajkertesz\/\" \/>\n<meta property=\"article:modified_time\" content=\"2022-12-06T14:55:05+00:00\" \/>\n<meta property=\"og:image\" content=\"https:\/\/tajkertesz.com\/wp-content\/uploads\/2021\/08\/IMG_20210825_093542.jpg\" \/>\n\t<meta property=\"og:image:width\" content=\"549\" \/>\n\t<meta property=\"og:image:height\" content=\"600\" \/>\n\t<meta property=\"og:image:type\" content=\"image\/jpeg\" \/>\n<meta name=\"twitter:card\" content=\"summary_large_image\" \/>\n<meta name=\"twitter:label1\" content=\"Est. reading time\" \/>\n\t<meta name=\"twitter:data1\" content=\"2 minutes\" \/>\n<script type=\"application\/ld+json\" class=\"yoast-schema-graph\">{\"@context\":\"https:\\\/\\\/schema.org\",\"@graph\":[{\"@type\":\"WebPage\",\"@id\":\"https:\\\/\\\/tajkertesz.com\\\/termek\\\/pinus-strobus-minima-kek-simafenyo\\\/\",\"url\":\"https:\\\/\\\/tajkertesz.com\\\/termek\\\/pinus-strobus-minima-kek-simafenyo\\\/\",\"name\":\"Pinus strobus 'Minima' K\u00e9k simafeny\u0151 - T\u00e1jkert\u00e9sz\",\"isPartOf\":{\"@id\":\"https:\\\/\\\/tajkertesz.com\\\/#website\"},\"primaryImageOfPage\":{\"@id\":\"https:\\\/\\\/tajkertesz.com\\\/termek\\\/pinus-strobus-minima-kek-simafenyo\\\/#primaryimage\"},\"image\":{\"@id\":\"https:\\\/\\\/tajkertesz.com\\\/termek\\\/pinus-strobus-minima-kek-simafenyo\\\/#primaryimage\"},\"thumbnailUrl\":\"https:\\\/\\\/tajkertesz.com\\\/wp-content\\\/uploads\\\/2021\\\/08\\\/IMG_20210825_093542.jpg\",\"datePublished\":\"2021-08-25T09:40:45+00:00\",\"dateModified\":\"2022-12-06T14:55:05+00:00\",\"description\":\"Pinus strobus 'Minima' K\u00e9k simafeny\u0151\",\"breadcrumb\":{\"@id\":\"https:\\\/\\\/tajkertesz.com\\\/termek\\\/pinus-strobus-minima-kek-simafenyo\\\/#breadcrumb\"},\"inLanguage\":\"en-US\",\"potentialAction\":[{\"@type\":\"ReadAction\",\"target\":[\"https:\\\/\\\/tajkertesz.com\\\/termek\\\/pinus-strobus-minima-kek-simafenyo\\\/\"]}]},{\"@type\":\"ImageObject\",\"inLanguage\":\"en-US\",\"@id\":\"https:\\\/\\\/tajkertesz.com\\\/termek\\\/pinus-strobus-minima-kek-simafenyo\\\/#primaryimage\",\"url\":\"https:\\\/\\\/tajkertesz.com\\\/wp-content\\\/uploads\\\/2021\\\/08\\\/IMG_20210825_093542.jpg\",\"contentUrl\":\"https:\\\/\\\/tajkertesz.com\\\/wp-content\\\/uploads\\\/2021\\\/08\\\/IMG_20210825_093542.jpg\",\"width\":549,\"height\":600,\"caption\":\"hdr\"},{\"@type\":\"BreadcrumbList\",\"@id\":\"https:\\\/\\\/tajkertesz.com\\\/termek\\\/pinus-strobus-minima-kek-simafenyo\\\/#breadcrumb\",\"itemListElement\":[{\"@type\":\"ListItem\",\"position\":1,\"name\":\"Home\",\"item\":\"https:\\\/\\\/tajkertesz.com\\\/\"},{\"@type\":\"ListItem\",\"position\":2,\"name\":\"Kezd\u0151lap\",\"item\":\"https:\\\/\\\/tajkertesz.com\\\/\"},{\"@type\":\"ListItem\",\"position\":3,\"name\":\"Pinus strobus &#8216;Minima&#8217; K\u00e9k simafeny\u0151\"}]},{\"@type\":\"WebSite\",\"@id\":\"https:\\\/\\\/tajkertesz.com\\\/#website\",\"url\":\"https:\\\/\\\/tajkertesz.com\\\/\",\"name\":\"T\u00e1j-Kert\u00e9sz 84 Kft.\",\"description\":\"Kert\u00e9szeti kis- \u00e9s nagykeresked\u00e9s, D\u00edszn\u00f6v\u00e9ny web\u00e1ruh\u00e1z orsz\u00e1gos h\u00e1zhozsz\u00e1ll\u00edt\u00e1ssal!\",\"publisher\":{\"@id\":\"https:\\\/\\\/tajkertesz.com\\\/#organization\"},\"potentialAction\":[{\"@type\":\"SearchAction\",\"target\":{\"@type\":\"EntryPoint\",\"urlTemplate\":\"https:\\\/\\\/tajkertesz.com\\\/?s={search_term_string}\"},\"query-input\":{\"@type\":\"PropertyValueSpecification\",\"valueRequired\":true,\"valueName\":\"search_term_string\"}}],\"inLanguage\":\"en-US\"},{\"@type\":\"Organization\",\"@id\":\"https:\\\/\\\/tajkertesz.com\\\/#organization\",\"name\":\"T\u00e1j-Kert\u00e9sz 84 Kft.\",\"url\":\"https:\\\/\\\/tajkertesz.com\\\/\",\"logo\":{\"@type\":\"ImageObject\",\"inLanguage\":\"en-US\",\"@id\":\"https:\\\/\\\/tajkertesz.com\\\/#\\\/schema\\\/logo\\\/image\\\/\",\"url\":\"https:\\\/\\\/tajkertesz.com\\\/wp-content\\\/uploads\\\/2018\\\/02\\\/logo-2-e1518678052539.png\",\"contentUrl\":\"https:\\\/\\\/tajkertesz.com\\\/wp-content\\\/uploads\\\/2018\\\/02\\\/logo-2-e1518678052539.png\",\"width\":81,\"height\":140,\"caption\":\"T\u00e1j-Kert\u00e9sz 84 Kft.\"},\"image\":{\"@id\":\"https:\\\/\\\/tajkertesz.com\\\/#\\\/schema\\\/logo\\\/image\\\/\"},\"sameAs\":[\"https:\\\/\\\/www.facebook.com\\\/Tajkertesz\\\/\"]}]}<\/script>\n<!-- \/ Yoast SEO plugin. -->","yoast_head_json":{"title":"Pinus strobus 'Minima' K\u00e9k simafeny\u0151 - T\u00e1jkert\u00e9sz","description":"Pinus strobus 'Minima' K\u00e9k simafeny\u0151","robots":{"index":"index","follow":"follow","max-snippet":"max-snippet:-1","max-image-preview":"max-image-preview:large","max-video-preview":"max-video-preview:-1"},"canonical":"https:\/\/tajkertesz.com\/en_US\/product\/pinus-strobus-minima-kek-simafenyo\/","og_locale":"en_US","og_type":"article","og_title":"Pinus strobus 'Minima' K\u00e9k simafeny\u0151 - T\u00e1jkert\u00e9sz","og_description":"Pinus strobus 'Minima' K\u00e9k simafeny\u0151","og_url":"https:\/\/tajkertesz.com\/en_US\/product\/pinus-strobus-minima-kek-simafenyo\/","og_site_name":"T\u00e1jkert\u00e9sz","article_publisher":"https:\/\/www.facebook.com\/Tajkertesz\/","article_modified_time":"2022-12-06T14:55:05+00:00","og_image":[{"width":549,"height":600,"url":"https:\/\/tajkertesz.com\/wp-content\/uploads\/2021\/08\/IMG_20210825_093542.jpg","type":"image\/jpeg"}],"twitter_card":"summary_large_image","twitter_misc":{"Est. reading time":"2 minutes"},"schema":{"@context":"https:\/\/schema.org","@graph":[{"@type":"WebPage","@id":"https:\/\/tajkertesz.com\/termek\/pinus-strobus-minima-kek-simafenyo\/","url":"https:\/\/tajkertesz.com\/termek\/pinus-strobus-minima-kek-simafenyo\/","name":"Pinus strobus 'Minima' K\u00e9k simafeny\u0151 - T\u00e1jkert\u00e9sz","isPartOf":{"@id":"https:\/\/tajkertesz.com\/#website"},"primaryImageOfPage":{"@id":"https:\/\/tajkertesz.com\/termek\/pinus-strobus-minima-kek-simafenyo\/#primaryimage"},"image":{"@id":"https:\/\/tajkertesz.com\/termek\/pinus-strobus-minima-kek-simafenyo\/#primaryimage"},"thumbnailUrl":"https:\/\/tajkertesz.com\/wp-content\/uploads\/2021\/08\/IMG_20210825_093542.jpg","datePublished":"2021-08-25T09:40:45+00:00","dateModified":"2022-12-06T14:55:05+00:00","description":"Pinus strobus 'Minima' K\u00e9k simafeny\u0151","breadcrumb":{"@id":"https:\/\/tajkertesz.com\/termek\/pinus-strobus-minima-kek-simafenyo\/#breadcrumb"},"inLanguage":"en-US","potentialAction":[{"@type":"ReadAction","target":["https:\/\/tajkertesz.com\/termek\/pinus-strobus-minima-kek-simafenyo\/"]}]},{"@type":"ImageObject","inLanguage":"en-US","@id":"https:\/\/tajkertesz.com\/termek\/pinus-strobus-minima-kek-simafenyo\/#primaryimage","url":"https:\/\/tajkertesz.com\/wp-content\/uploads\/2021\/08\/IMG_20210825_093542.jpg","contentUrl":"https:\/\/tajkertesz.com\/wp-content\/uploads\/2021\/08\/IMG_20210825_093542.jpg","width":549,"height":600,"caption":"hdr"},{"@type":"BreadcrumbList","@id":"https:\/\/tajkertesz.com\/termek\/pinus-strobus-minima-kek-simafenyo\/#breadcrumb","itemListElement":[{"@type":"ListItem","position":1,"name":"Home","item":"https:\/\/tajkertesz.com\/"},{"@type":"ListItem","position":2,"name":"Kezd\u0151lap","item":"https:\/\/tajkertesz.com\/"},{"@type":"ListItem","position":3,"name":"Pinus strobus &#8216;Minima&#8217; K\u00e9k simafeny\u0151"}]},{"@type":"WebSite","@id":"https:\/\/tajkertesz.com\/#website","url":"https:\/\/tajkertesz.com\/","name":"T\u00e1j-Kert\u00e9sz 84 Kft.","description":"Kert\u00e9szeti kis- \u00e9s nagykeresked\u00e9s, D\u00edszn\u00f6v\u00e9ny web\u00e1ruh\u00e1z orsz\u00e1gos h\u00e1zhozsz\u00e1ll\u00edt\u00e1ssal!","publisher":{"@id":"https:\/\/tajkertesz.com\/#organization"},"potentialAction":[{"@type":"SearchAction","target":{"@type":"EntryPoint","urlTemplate":"https:\/\/tajkertesz.com\/?s={search_term_string}"},"query-input":{"@type":"PropertyValueSpecification","valueRequired":true,"valueName":"search_term_string"}}],"inLanguage":"en-US"},{"@type":"Organization","@id":"https:\/\/tajkertesz.com\/#organization","name":"T\u00e1j-Kert\u00e9sz 84 Kft.","url":"https:\/\/tajkertesz.com\/","logo":{"@type":"ImageObject","inLanguage":"en-US","@id":"https:\/\/tajkertesz.com\/#\/schema\/logo\/image\/","url":"https:\/\/tajkertesz.com\/wp-content\/uploads\/2018\/02\/logo-2-e1518678052539.png","contentUrl":"https:\/\/tajkertesz.com\/wp-content\/uploads\/2018\/02\/logo-2-e1518678052539.png","width":81,"height":140,"caption":"T\u00e1j-Kert\u00e9sz 84 Kft."},"image":{"@id":"https:\/\/tajkertesz.com\/#\/schema\/logo\/image\/"},"sameAs":["https:\/\/www.facebook.com\/Tajkertesz\/"]}]}},"_links":{"self":[{"href":"https:\/\/tajkertesz.com\/en_US\/wp-json\/wp\/v2\/product\/8571","targetHints":{"allow":["GET"]}}],"collection":[{"href":"https:\/\/tajkertesz.com\/en_US\/wp-json\/wp\/v2\/product"}],"about":[{"href":"https:\/\/tajkertesz.com\/en_US\/wp-json\/wp\/v2\/types\/product"}],"wp:featuredmedia":[{"embeddable":true,"href":"https:\/\/tajkertesz.com\/en_US\/wp-json\/wp\/v2\/media\/8578"}],"wp:attachment":[{"href":"https:\/\/tajkertesz.com\/en_US\/wp-json\/wp\/v2\/media?parent=8571"}],"wp:term":[{"taxonomy":"product_brand","embeddable":true,"href":"https:\/\/tajkertesz.com\/en_US\/wp-json\/wp\/v2\/product_brand?post=8571"},{"taxonomy":"product_cat","embeddable":true,"href":"https:\/\/tajkertesz.com\/en_US\/wp-json\/wp\/v2\/product_cat?post=8571"},{"taxonomy":"product_tag","embeddable":true,"href":"https:\/\/tajkertesz.com\/en_US\/wp-json\/wp\/v2\/product_tag?post=8571"}],"curies":[{"name":"wp","href":"https:\/\/api.w.org\/{rel}","templated":true}]}}