{"id":8624,"date":"2021-08-25T11:45:40","date_gmt":"2021-08-25T11:45:40","guid":{"rendered":"https:\/\/tajkertesz.com\/?post_type=product&#038;p=8624"},"modified":"2026-02-26T11:12:37","modified_gmt":"2026-02-26T11:12:37","slug":"hunter-x-core-vezerlo-401-ie-4-zonas-belteri","status":"publish","type":"product","link":"https:\/\/tajkertesz.com\/en_US\/product\/hunter-x-core-vezerlo-401-ie-4-zonas-belteri\/","title":{"rendered":"Hunter X-CORE vez\u00e9rl\u0151 401 IE 4 z\u00f3n\u00e1s belt\u00e9ri"},"content":{"rendered":"<h1 class=\"product-page-heading\"><span class=\"product-page-product-name\">Hunter X-CORE vez\u00e9rl\u0151 401 IE 4 z\u00f3n\u00e1s belt\u00e9ri<\/span><\/h1>\n<p class=\"product-page-heading\"><span class=\"product-page-product-name\">Hunter X-CORE vez\u00e9rl\u0151 401 IE 4 z\u00f3n\u00e1s belt\u00e9ri<img loading=\"lazy\" decoding=\"async\" class=\"size-medium wp-image-13559 alignleft\" src=\"https:\/\/tajkertesz.com\/wp-content\/uploads\/2021\/08\/71DG0RgwTL._AC_SL1500_-300x300.jpg\" alt=\"\" width=\"300\" height=\"300\" srcset=\"https:\/\/tajkertesz.com\/wp-content\/uploads\/2021\/08\/71DG0RgwTL._AC_SL1500_-300x300.jpg 300w, https:\/\/tajkertesz.com\/wp-content\/uploads\/2021\/08\/71DG0RgwTL._AC_SL1500_-1024x1024.jpg 1024w, https:\/\/tajkertesz.com\/wp-content\/uploads\/2021\/08\/71DG0RgwTL._AC_SL1500_-150x150.jpg 150w, https:\/\/tajkertesz.com\/wp-content\/uploads\/2021\/08\/71DG0RgwTL._AC_SL1500_-768x768.jpg 768w, https:\/\/tajkertesz.com\/wp-content\/uploads\/2021\/08\/71DG0RgwTL._AC_SL1500_-12x12.jpg 12w, https:\/\/tajkertesz.com\/wp-content\/uploads\/2021\/08\/71DG0RgwTL._AC_SL1500_-380x381.jpg 380w, https:\/\/tajkertesz.com\/wp-content\/uploads\/2021\/08\/71DG0RgwTL._AC_SL1500_-160x160.jpg 160w, https:\/\/tajkertesz.com\/wp-content\/uploads\/2021\/08\/71DG0RgwTL._AC_SL1500_-350x350.jpg 350w, https:\/\/tajkertesz.com\/wp-content\/uploads\/2021\/08\/71DG0RgwTL._AC_SL1500_-265x265.jpg 265w, https:\/\/tajkertesz.com\/wp-content\/uploads\/2021\/08\/71DG0RgwTL._AC_SL1500_-600x600.jpg 600w, https:\/\/tajkertesz.com\/wp-content\/uploads\/2021\/08\/71DG0RgwTL._AC_SL1500_-100x100.jpg 100w, https:\/\/tajkertesz.com\/wp-content\/uploads\/2021\/08\/71DG0RgwTL._AC_SL1500_-64x64.jpg 64w, https:\/\/tajkertesz.com\/wp-content\/uploads\/2021\/08\/71DG0RgwTL._AC_SL1500_.jpg 1500w\" sizes=\"(max-width: 300px) 100vw, 300px\" \/><\/span><\/p>\n<p>Ez a tipus\u00fa vez\u00e9rl\u0151 a h\u00e1zikerti \u00f6nt\u00f6z\u00e9sben a legjobb v\u00e1laszt\u00e1s lehet, mivel tud\u00e1sa vetekszik a dr\u00e1g\u00e1bb vez\u00e9rl\u0151k\u00e9vel, de megfelel\u0151 \u00e1ra el\u00e9rhet\u0151v\u00e9 teszi, \u00edgy \u00e1r\/\u00e9rt\u00e9k ar\u00e1nya \u00e9s tud\u00e1sa kiemelked\u0151v\u00e9 teszi az \u00f6nt\u00f6z\u00e9stechnik\u00e1ban.<\/p>\n<p>A \u00faj Hunter XC vez\u00e9rl\u0151automata a kompakt m\u00e9retet \u00e9s felhaszn\u00e1l\u00f3bar\u00e1t kialak\u00edt\u00e1st \u00f6tv\u00f6zi a modern \u00f6nt\u00f6z\u00e9stechnika leg\u00fajabb v\u00edvm\u00e1nyaival. Az XC t\u00f6bbet ny\u00fajt, mint amit egy ilyen kis k\u00e9sz\u00fcl\u00e9kt\u0151l elv\u00e1rhatunk. \u00a04-, 6- \u00e9s 8-z\u00f3n\u00e1s kivitelben, kell\u0151en m\u00e9retezett t\u00e1pegys\u00e9ggel kaphat\u00f3 \u2013, hogy z\u00f3n\u00e1nk\u00e9nt ak\u00e1r k\u00e9t m\u00e1gnesszelepet \u00e9s ezeken k\u00edv\u00fcl m\u00e9g egy szivatty\u00faind\u00edt\u00f3 rel\u00e9t vagy mesterszelepet is m\u0171k\u00f6dtethet. A k\u00fcl\u00f6nleges funkci\u00f3k \u2013 mint az \u00e9vszakokhoz igaz\u00edt\u00e1s \u00e9s a 365-napos napt\u00e1r \u2013 a pontosabb be\u00e1ll\u00edt\u00e1st \u00e9s \u00edgy a takar\u00e9kosabb v\u00edzfelhaszn\u00e1l\u00e1st seg\u00edtik. A rugalmass\u00e1ga \u2013 h\u00e1rom \u00f6n\u00e1ll\u00f3 program (programonk\u00e9nt n\u00e9gy ind\u00edt\u00e1si id\u0151ponttal) \u00e9s a be\u00e1ll\u00edt\u00e1s tetsz\u0151leges sorrendje, plusz az es\u0151\u00e9rz\u00e9kel\u0151 z\u00f3n\u00e1nk\u00e9nti programozhat\u00f3s\u00e1ga \u2013 minden \u00f6nt\u00f6z\u00e9si feladat ell\u00e1t\u00e1s\u00e1ra alkalmass\u00e1 teszi az automat\u00e1t. \u00dczembiztons\u00e1ga \u2013 a sz\u00fcnetmentes mem\u00f3ria \u00e9s a pontos id\u0151t meg\u0151rz\u0151 nagy teljes\u00edtm\u00e9ny\u0171 l\u00edtiumion elem \u2013 sz\u00fcks\u00e9gtelenn\u00e9 teszi \u00e1ramsz\u00fcnetek ut\u00e1n a vez\u00e9rl\u0151 \u00fajraprogramoz\u00e1s\u00e1t. Ehhez t\u00e1rsul a biztons\u00e1gi mem\u00f3ria kialak\u00edt\u00e1sa, amelynek k\u00f6sz\u00f6nhet\u0151en a k\u00e9sz\u00fcl\u00e9kbe saj\u00e1t alapprogramot vihet\u00fcnk be, \u00e9s azt b\u00e1rmikor el\u0151 is h\u00edvhatjuk. M\u00e1t\u00f3l fell\u00e9legezhetnek mindazok, akik egy el\u00e9rhet\u0151 \u00e1r\u00fa, de nagy tud\u00e1s\u00fa \u00f6nt\u00f6z\u00e9svez\u00e9rl\u0151t kerestek, mert itt az XC.<\/p>\n<p>A programoz\u00e1st az el\u0151lap sugallja<br \/>\nAz \u00e1tgondolt kialak\u00edt\u00e1s\u00fa forg\u00f3kapcsol\u00f3 \u00e9s a nyom\u00f3gombok mind a telep\u00edt\u0151, mind pedig a felhaszn\u00e1l\u00f3 sz\u00e1m\u00e1ra k\u00f6nnyen programozhat\u00f3v\u00e1 teszik az XC-t<\/p>\n<p><strong>\u2013 Csatlakoztathat\u00f3 es\u0151\u00e9rz\u00e9kel\u0151k:\u00a0<span style=\"color: #ff0000;\"><a style=\"color: #ff0000;\" href=\"https:\/\/tajkertesz.com\/termek\/vezetek-nelkuli-esoerzekelo-hunter-rain-clik-wr-clik-hunter\/\" target=\"_blank\" rel=\"noreferrer noopener\">Mini Clik<\/a>,\u00a0<a style=\"color: #ff0000;\" href=\"https:\/\/tajkertesz.com\/termek\/hu-erzekelo-esoerzekelo-rain-clik-gyors-aktivacio\/\" target=\"_blank\" rel=\"noreferrer noopener\">Rain Clik<\/a>,\u00a0<a style=\"color: #ff0000;\" href=\"https:\/\/www.ontozocentrum.hu\/esoerzekelo-idojaras-allomas\/659-soil-clik-talajnedvesseg-erzekelo-hunter.html\" target=\"_blank\" rel=\"noreferrer noopener\">Soil Clik<\/a><\/span><\/strong><\/p>\n<h3>\u2013\u00a0<span style=\"color: #ff0000;\">\u00a0<a style=\"color: #ff0000;\" href=\"https:\/\/tajkertesz.com\/termek\/magnesszelep-hunter-pgv-100mm-b\/\">M\u00e1gnesszelep csatlakoz\u00e1s<\/a><\/span>\u00a024V AC.<\/h3>\n<p>\u00c9vszakokhoz igaz\u00edt\u00e1s (0%-t\u00f3l 150%-ig)<br \/>\nAz \u00f6nt\u00f6z\u00e9s id\u0151tartama 10%-os l\u00e9p\u00e9sekben k\u00f6nnyen, a kijelz\u0151n k\u00f6vethet\u0151en igaz\u00edthat\u00f3 az id\u0151j\u00e1r\u00e1s v\u00e1ltoz\u00e1s\u00e1hoz<img loading=\"lazy\" decoding=\"async\" class=\"wp-image-13544 alignright\" src=\"https:\/\/tajkertesz.com\/wp-content\/uploads\/2022\/09\/letoltes-300x136.png\" alt=\"\" width=\"413\" height=\"187\" srcset=\"https:\/\/tajkertesz.com\/wp-content\/uploads\/2022\/09\/letoltes-300x136.png 300w, https:\/\/tajkertesz.com\/wp-content\/uploads\/2022\/09\/letoltes-18x8.png 18w, https:\/\/tajkertesz.com\/wp-content\/uploads\/2022\/09\/letoltes-64x29.png 64w, https:\/\/tajkertesz.com\/wp-content\/uploads\/2022\/09\/letoltes.png 333w\" sizes=\"(max-width: 413px) 100vw, 413px\" \/><\/p>\n<h3>3 k\u00fcl\u00f6nb\u00f6z\u0151 program t\u00f6bbsz\u00f6ri ind\u00edt\u00e1ssal<\/h3>\n<p>Az es\u0151\u00e9rz\u00e9kel\u0151 z\u00f3n\u00e1nk\u00e9nt programozhat\u00f3<br \/>\nLehet\u0151v\u00e9 v\u00e1lik, hogy megv\u00e1lasszuk, az \u00e9rz\u00e9kel\u0151 kikapcsolja-e az adott z\u00f3n\u00e1t vagy sem<\/p>\n<p>Az \u00f6nt\u00f6z\u00e9ses napok szabadon v\u00e1laszthat\u00f3k<br \/>\nA napok szabadon v\u00e1laszthat\u00f3k ki: a h\u00e9t tetsz\u0151leges napjai, a napt\u00e1r szerinti p\u00e1ros vagy p\u00e1ratlan napok, vagy a legfeljebb 31 naponk\u00e9nt ism\u00e9tl\u0151d\u0151 ciklusok szerint<\/p>\n<p>Sz\u00fcnetmentes mem\u00f3ria<br \/>\nT\u00f6k\u00e9letes biztons\u00e1got ny\u00fajt h\u00e1l\u00f3zatkimarad\u00e1s eset\u00e9n, meg\u0151rzi a pontos id\u0151t, napot \u00e9s a programot<\/p>\n<p>Egyszer\u0171en el\u0151h\u00edvhat\u00f3\u00a0mem\u00f3ria<br \/>\nA h\u00e1tt\u00e9rmem\u00f3ri\u00e1b\u00f3l k\u00f6nnyed\u00e9n el\u0151h\u00edvhat\u00f3 a bet\u00e1pl\u00e1lt alapprogram<\/p>\n<p>Cser\u00e9lhet\u0151 l\u00edtiumion elem (gy\u00e1ri tartoz\u00e9k)<br \/>\nH\u00e1l\u00f3zati fesz\u00fclts\u00e9g kimarad\u00e1sa eset\u00e9n a k\u00e9sz\u00fcl\u00e9k be\u00e9p\u00edtett \u00f3r\u00e1ja megtartja a pontos id\u0151t, seg\u00edts\u00e9g\u00e9vel k\u00e9zben tartva is be\u00e1ll\u00edthatjuk a k\u00e9sz\u00fcl\u00e9ket<\/p>\n<p>Belt\u00e9ri t\u00edpus: magass\u00e1g 16,5 cm \u00d7 sz\u00e9less\u00e9g 14,6 cm \u00d7 m\u00e9lys\u00e9g 5 cm<\/p>\n<p>Transzform\u00e1tor-bemenet 230 V~, 50 Hz<br \/>\nTranszform\u00e1tor-kimenet: 24 V~, 1,0 A (h\u00e1rom szolenoid egyidej\u0171 m\u0171k\u00f6dtet\u00e9s\u00e9re alkalmas)<br \/>\nK\u00f6r\u00f6k kimenete: 24 V~, 0,56 A k\u00f6r\u00f6nk\u00e9nt<br \/>\nElektronikus r\u00f6vidz\u00e1r elleni v\u00e9delem<br \/>\nElem: gy\u00e1ri tartoz\u00e9k a 3 V-os l\u00edtiumion elem. Nem sz\u00fcks\u00e9ges a program meg\u0151rz\u00e9s\u00e9hez, de \u00e1ramsz\u00fcnet idej\u00e9n kell a be\u00e9p\u00edtett \u00f3ra pontos m\u0171k\u00f6d\u00e9s\u00e9hez, \u00e9s akkor is, ha h\u00e1l\u00f3zati fesz\u00fclts\u00e9g n\u00e9lk\u00fcl akarjuk a k\u00e9sz\u00fcl\u00e9ket programozni.<\/p>\n<p>Belt\u00e9ri t\u00edpusn\u00e1l eur\u00f3pai vill\u00e1sdug\u00f3val szerelt k\u00fcls\u0151 t\u00e1pegys\u00e9g<\/p>\n<p>Kisz\u00e1ll\u00edt\u00e1s: 200 cm \u00e9s 40 kg is a sz\u00e1ll\u00edt\u00e1s fut\u00e1rszolg\u00e1lattal t\u00f6rt\u00e9nik.<\/p>\n<p style=\"line-height: 18.0pt; background: white; margin: 0cm 0cm 15.0pt 0cm;\"><b><span style=\"font-family: 'Ubuntu',serif; color: black;\">K\u00e9szlet\u00fcnk napi szinten v\u00e1ltozik, ez\u00e9rt k\u00e9rj\u00fck, \u00e9rdekl\u0151dj\u00f6n szem\u00e9lyesen, telefonon vagy email-en.<br \/>\nA v\u00e1ltoztat\u00e1s jog\u00e1t fenntartjuk!\u00a0<\/span><\/b><\/p>\n<p><span style=\"color: #ffffff;\">A<\/span><\/p>\n<p><a href=\"https:\/\/tajkertesz.com\/\">https:\/\/tajkertesz.com\/<\/a><\/p>\n<p><a href=\"https:\/\/hu.wikipedia.org\/wiki\/Vir%C3%A1g_(botanika)\">https:\/\/hu.wikipedia.org\/wiki\/Vir%C3%A1g_(botanika)<\/a><\/p>\n<p>&nbsp;<\/p>","protected":false},"excerpt":{"rendered":"<h1 class=\"product-page-heading\"><span class=\"product-page-product-name\">Hunter X-CORE vez\u00e9rl\u0151 401 IE 4 z\u00f3n\u00e1s belt\u00e9ri<\/span><\/h1>\n<p>&nbsp;<\/p>","protected":false},"featured_media":13559,"template":"","meta":{"_et_pb_use_builder":"","_et_pb_old_content":"","_et_gb_content_width":""},"product_brand":[],"product_cat":[2613],"product_tag":[1682,2570],"class_list":{"0":"post-8624","1":"product","2":"type-product","3":"status-publish","4":"has-post-thumbnail","6":"product_cat-vezerloegysegek","7":"product_tag-belteri","8":"product_tag-hu-vezerlo-xcore-401-4-koros","10":"first","11":"instock","12":"shipping-taxable","13":"purchasable","14":"product-type-simple"},"yoast_head":"<!-- This site is optimized with the Yoast SEO plugin v27.4 - https:\/\/yoast.com\/product\/yoast-seo-wordpress\/ -->\n<title>Hunter X-CORE vez\u00e9rl\u0151 401 IE 4 z\u00f3n\u00e1s belt\u00e9ri - T\u00e1jkert\u00e9sz<\/title>\n<meta name=\"description\" content=\"Hunter X-CORE 401 IE 4 z\u00f3n\u00e1s belt\u00e9ri vez\u00e9rl\u0151egys\u00e9g. \u00d6nt\u00f6z\u0151rendszerek vez\u00e9rl\u00e9se. Minden egy helyen ami az automata \u00f6nt\u00f6z\u0151rendszerekhez sz\u00fcks\u00e9ges.\" \/>\n<meta name=\"robots\" content=\"index, follow, max-snippet:-1, max-image-preview:large, max-video-preview:-1\" \/>\n<link rel=\"canonical\" href=\"https:\/\/tajkertesz.com\/en_US\/product\/hunter-x-core-vezerlo-401-ie-4-zonas-belteri\/\" \/>\n<meta property=\"og:locale\" content=\"en_US\" \/>\n<meta property=\"og:type\" content=\"article\" \/>\n<meta property=\"og:title\" content=\"Hunter X-CORE vez\u00e9rl\u0151 401 IE 4 z\u00f3n\u00e1s belt\u00e9ri - T\u00e1jkert\u00e9sz\" \/>\n<meta property=\"og:description\" content=\"Hunter X-CORE 401 IE 4 z\u00f3n\u00e1s belt\u00e9ri vez\u00e9rl\u0151egys\u00e9g. \u00d6nt\u00f6z\u0151rendszerek vez\u00e9rl\u00e9se. Minden egy helyen ami az automata \u00f6nt\u00f6z\u0151rendszerekhez sz\u00fcks\u00e9ges.\" \/>\n<meta property=\"og:url\" content=\"https:\/\/tajkertesz.com\/en_US\/product\/hunter-x-core-vezerlo-401-ie-4-zonas-belteri\/\" \/>\n<meta property=\"og:site_name\" content=\"T\u00e1jkert\u00e9sz\" \/>\n<meta property=\"article:publisher\" content=\"https:\/\/www.facebook.com\/Tajkertesz\/\" \/>\n<meta property=\"article:modified_time\" content=\"2026-02-26T11:12:37+00:00\" \/>\n<meta property=\"og:image\" content=\"https:\/\/tajkertesz.com\/wp-content\/uploads\/2021\/08\/71DG0RgwTL._AC_SL1500_.jpg\" \/>\n\t<meta property=\"og:image:width\" content=\"1500\" \/>\n\t<meta property=\"og:image:height\" content=\"1500\" \/>\n\t<meta property=\"og:image:type\" content=\"image\/jpeg\" \/>\n<meta name=\"twitter:card\" content=\"summary_large_image\" \/>\n<meta name=\"twitter:label1\" content=\"Est. reading time\" \/>\n\t<meta name=\"twitter:data1\" content=\"3 minutes\" \/>\n<script type=\"application\/ld+json\" class=\"yoast-schema-graph\">{\"@context\":\"https:\\\/\\\/schema.org\",\"@graph\":[{\"@type\":\"WebPage\",\"@id\":\"https:\\\/\\\/tajkertesz.com\\\/termek\\\/hunter-x-core-vezerlo-401-ie-4-zonas-belteri\\\/\",\"url\":\"https:\\\/\\\/tajkertesz.com\\\/termek\\\/hunter-x-core-vezerlo-401-ie-4-zonas-belteri\\\/\",\"name\":\"Hunter X-CORE vez\u00e9rl\u0151 401 IE 4 z\u00f3n\u00e1s belt\u00e9ri - T\u00e1jkert\u00e9sz\",\"isPartOf\":{\"@id\":\"https:\\\/\\\/tajkertesz.com\\\/#website\"},\"primaryImageOfPage\":{\"@id\":\"https:\\\/\\\/tajkertesz.com\\\/termek\\\/hunter-x-core-vezerlo-401-ie-4-zonas-belteri\\\/#primaryimage\"},\"image\":{\"@id\":\"https:\\\/\\\/tajkertesz.com\\\/termek\\\/hunter-x-core-vezerlo-401-ie-4-zonas-belteri\\\/#primaryimage\"},\"thumbnailUrl\":\"https:\\\/\\\/tajkertesz.com\\\/wp-content\\\/uploads\\\/2021\\\/08\\\/71DG0RgwTL._AC_SL1500_.jpg\",\"datePublished\":\"2021-08-25T11:45:40+00:00\",\"dateModified\":\"2026-02-26T11:12:37+00:00\",\"description\":\"Hunter X-CORE 401 IE 4 z\u00f3n\u00e1s belt\u00e9ri vez\u00e9rl\u0151egys\u00e9g. \u00d6nt\u00f6z\u0151rendszerek vez\u00e9rl\u00e9se. Minden egy helyen ami az automata \u00f6nt\u00f6z\u0151rendszerekhez sz\u00fcks\u00e9ges.\",\"breadcrumb\":{\"@id\":\"https:\\\/\\\/tajkertesz.com\\\/termek\\\/hunter-x-core-vezerlo-401-ie-4-zonas-belteri\\\/#breadcrumb\"},\"inLanguage\":\"en-US\",\"potentialAction\":[{\"@type\":\"ReadAction\",\"target\":[\"https:\\\/\\\/tajkertesz.com\\\/termek\\\/hunter-x-core-vezerlo-401-ie-4-zonas-belteri\\\/\"]}]},{\"@type\":\"ImageObject\",\"inLanguage\":\"en-US\",\"@id\":\"https:\\\/\\\/tajkertesz.com\\\/termek\\\/hunter-x-core-vezerlo-401-ie-4-zonas-belteri\\\/#primaryimage\",\"url\":\"https:\\\/\\\/tajkertesz.com\\\/wp-content\\\/uploads\\\/2021\\\/08\\\/71DG0RgwTL._AC_SL1500_.jpg\",\"contentUrl\":\"https:\\\/\\\/tajkertesz.com\\\/wp-content\\\/uploads\\\/2021\\\/08\\\/71DG0RgwTL._AC_SL1500_.jpg\",\"width\":1500,\"height\":1500},{\"@type\":\"BreadcrumbList\",\"@id\":\"https:\\\/\\\/tajkertesz.com\\\/termek\\\/hunter-x-core-vezerlo-401-ie-4-zonas-belteri\\\/#breadcrumb\",\"itemListElement\":[{\"@type\":\"ListItem\",\"position\":1,\"name\":\"Home\",\"item\":\"https:\\\/\\\/tajkertesz.com\\\/\"},{\"@type\":\"ListItem\",\"position\":2,\"name\":\"Kezd\u0151lap\",\"item\":\"https:\\\/\\\/tajkertesz.com\\\/\"},{\"@type\":\"ListItem\",\"position\":3,\"name\":\"Hunter X-CORE vez\u00e9rl\u0151 401 IE 4 z\u00f3n\u00e1s belt\u00e9ri\"}]},{\"@type\":\"WebSite\",\"@id\":\"https:\\\/\\\/tajkertesz.com\\\/#website\",\"url\":\"https:\\\/\\\/tajkertesz.com\\\/\",\"name\":\"T\u00e1j-Kert\u00e9sz 84 Kft.\",\"description\":\"Kert\u00e9szeti kis- \u00e9s nagykeresked\u00e9s, D\u00edszn\u00f6v\u00e9ny web\u00e1ruh\u00e1z orsz\u00e1gos h\u00e1zhozsz\u00e1ll\u00edt\u00e1ssal!\",\"publisher\":{\"@id\":\"https:\\\/\\\/tajkertesz.com\\\/#organization\"},\"potentialAction\":[{\"@type\":\"SearchAction\",\"target\":{\"@type\":\"EntryPoint\",\"urlTemplate\":\"https:\\\/\\\/tajkertesz.com\\\/?s={search_term_string}\"},\"query-input\":{\"@type\":\"PropertyValueSpecification\",\"valueRequired\":true,\"valueName\":\"search_term_string\"}}],\"inLanguage\":\"en-US\"},{\"@type\":\"Organization\",\"@id\":\"https:\\\/\\\/tajkertesz.com\\\/#organization\",\"name\":\"T\u00e1j-Kert\u00e9sz 84 Kft.\",\"url\":\"https:\\\/\\\/tajkertesz.com\\\/\",\"logo\":{\"@type\":\"ImageObject\",\"inLanguage\":\"en-US\",\"@id\":\"https:\\\/\\\/tajkertesz.com\\\/#\\\/schema\\\/logo\\\/image\\\/\",\"url\":\"https:\\\/\\\/tajkertesz.com\\\/wp-content\\\/uploads\\\/2018\\\/02\\\/logo-2-e1518678052539.png\",\"contentUrl\":\"https:\\\/\\\/tajkertesz.com\\\/wp-content\\\/uploads\\\/2018\\\/02\\\/logo-2-e1518678052539.png\",\"width\":81,\"height\":140,\"caption\":\"T\u00e1j-Kert\u00e9sz 84 Kft.\"},\"image\":{\"@id\":\"https:\\\/\\\/tajkertesz.com\\\/#\\\/schema\\\/logo\\\/image\\\/\"},\"sameAs\":[\"https:\\\/\\\/www.facebook.com\\\/Tajkertesz\\\/\"]}]}<\/script>\n<!-- \/ Yoast SEO plugin. -->","yoast_head_json":{"title":"Hunter X-CORE vez\u00e9rl\u0151 401 IE 4 z\u00f3n\u00e1s belt\u00e9ri - T\u00e1jkert\u00e9sz","description":"Hunter X-CORE 401 IE 4 z\u00f3n\u00e1s belt\u00e9ri vez\u00e9rl\u0151egys\u00e9g. \u00d6nt\u00f6z\u0151rendszerek vez\u00e9rl\u00e9se. Minden egy helyen ami az automata \u00f6nt\u00f6z\u0151rendszerekhez sz\u00fcks\u00e9ges.","robots":{"index":"index","follow":"follow","max-snippet":"max-snippet:-1","max-image-preview":"max-image-preview:large","max-video-preview":"max-video-preview:-1"},"canonical":"https:\/\/tajkertesz.com\/en_US\/product\/hunter-x-core-vezerlo-401-ie-4-zonas-belteri\/","og_locale":"en_US","og_type":"article","og_title":"Hunter X-CORE vez\u00e9rl\u0151 401 IE 4 z\u00f3n\u00e1s belt\u00e9ri - T\u00e1jkert\u00e9sz","og_description":"Hunter X-CORE 401 IE 4 z\u00f3n\u00e1s belt\u00e9ri vez\u00e9rl\u0151egys\u00e9g. \u00d6nt\u00f6z\u0151rendszerek vez\u00e9rl\u00e9se. Minden egy helyen ami az automata \u00f6nt\u00f6z\u0151rendszerekhez sz\u00fcks\u00e9ges.","og_url":"https:\/\/tajkertesz.com\/en_US\/product\/hunter-x-core-vezerlo-401-ie-4-zonas-belteri\/","og_site_name":"T\u00e1jkert\u00e9sz","article_publisher":"https:\/\/www.facebook.com\/Tajkertesz\/","article_modified_time":"2026-02-26T11:12:37+00:00","og_image":[{"width":1500,"height":1500,"url":"https:\/\/tajkertesz.com\/wp-content\/uploads\/2021\/08\/71DG0RgwTL._AC_SL1500_.jpg","type":"image\/jpeg"}],"twitter_card":"summary_large_image","twitter_misc":{"Est. reading time":"3 minutes"},"schema":{"@context":"https:\/\/schema.org","@graph":[{"@type":"WebPage","@id":"https:\/\/tajkertesz.com\/termek\/hunter-x-core-vezerlo-401-ie-4-zonas-belteri\/","url":"https:\/\/tajkertesz.com\/termek\/hunter-x-core-vezerlo-401-ie-4-zonas-belteri\/","name":"Hunter X-CORE vez\u00e9rl\u0151 401 IE 4 z\u00f3n\u00e1s belt\u00e9ri - T\u00e1jkert\u00e9sz","isPartOf":{"@id":"https:\/\/tajkertesz.com\/#website"},"primaryImageOfPage":{"@id":"https:\/\/tajkertesz.com\/termek\/hunter-x-core-vezerlo-401-ie-4-zonas-belteri\/#primaryimage"},"image":{"@id":"https:\/\/tajkertesz.com\/termek\/hunter-x-core-vezerlo-401-ie-4-zonas-belteri\/#primaryimage"},"thumbnailUrl":"https:\/\/tajkertesz.com\/wp-content\/uploads\/2021\/08\/71DG0RgwTL._AC_SL1500_.jpg","datePublished":"2021-08-25T11:45:40+00:00","dateModified":"2026-02-26T11:12:37+00:00","description":"Hunter X-CORE 401 IE 4 z\u00f3n\u00e1s belt\u00e9ri vez\u00e9rl\u0151egys\u00e9g. \u00d6nt\u00f6z\u0151rendszerek vez\u00e9rl\u00e9se. Minden egy helyen ami az automata \u00f6nt\u00f6z\u0151rendszerekhez sz\u00fcks\u00e9ges.","breadcrumb":{"@id":"https:\/\/tajkertesz.com\/termek\/hunter-x-core-vezerlo-401-ie-4-zonas-belteri\/#breadcrumb"},"inLanguage":"en-US","potentialAction":[{"@type":"ReadAction","target":["https:\/\/tajkertesz.com\/termek\/hunter-x-core-vezerlo-401-ie-4-zonas-belteri\/"]}]},{"@type":"ImageObject","inLanguage":"en-US","@id":"https:\/\/tajkertesz.com\/termek\/hunter-x-core-vezerlo-401-ie-4-zonas-belteri\/#primaryimage","url":"https:\/\/tajkertesz.com\/wp-content\/uploads\/2021\/08\/71DG0RgwTL._AC_SL1500_.jpg","contentUrl":"https:\/\/tajkertesz.com\/wp-content\/uploads\/2021\/08\/71DG0RgwTL._AC_SL1500_.jpg","width":1500,"height":1500},{"@type":"BreadcrumbList","@id":"https:\/\/tajkertesz.com\/termek\/hunter-x-core-vezerlo-401-ie-4-zonas-belteri\/#breadcrumb","itemListElement":[{"@type":"ListItem","position":1,"name":"Home","item":"https:\/\/tajkertesz.com\/"},{"@type":"ListItem","position":2,"name":"Kezd\u0151lap","item":"https:\/\/tajkertesz.com\/"},{"@type":"ListItem","position":3,"name":"Hunter X-CORE vez\u00e9rl\u0151 401 IE 4 z\u00f3n\u00e1s belt\u00e9ri"}]},{"@type":"WebSite","@id":"https:\/\/tajkertesz.com\/#website","url":"https:\/\/tajkertesz.com\/","name":"T\u00e1j-Kert\u00e9sz 84 Kft.","description":"Kert\u00e9szeti kis- \u00e9s nagykeresked\u00e9s, D\u00edszn\u00f6v\u00e9ny web\u00e1ruh\u00e1z orsz\u00e1gos h\u00e1zhozsz\u00e1ll\u00edt\u00e1ssal!","publisher":{"@id":"https:\/\/tajkertesz.com\/#organization"},"potentialAction":[{"@type":"SearchAction","target":{"@type":"EntryPoint","urlTemplate":"https:\/\/tajkertesz.com\/?s={search_term_string}"},"query-input":{"@type":"PropertyValueSpecification","valueRequired":true,"valueName":"search_term_string"}}],"inLanguage":"en-US"},{"@type":"Organization","@id":"https:\/\/tajkertesz.com\/#organization","name":"T\u00e1j-Kert\u00e9sz 84 Kft.","url":"https:\/\/tajkertesz.com\/","logo":{"@type":"ImageObject","inLanguage":"en-US","@id":"https:\/\/tajkertesz.com\/#\/schema\/logo\/image\/","url":"https:\/\/tajkertesz.com\/wp-content\/uploads\/2018\/02\/logo-2-e1518678052539.png","contentUrl":"https:\/\/tajkertesz.com\/wp-content\/uploads\/2018\/02\/logo-2-e1518678052539.png","width":81,"height":140,"caption":"T\u00e1j-Kert\u00e9sz 84 Kft."},"image":{"@id":"https:\/\/tajkertesz.com\/#\/schema\/logo\/image\/"},"sameAs":["https:\/\/www.facebook.com\/Tajkertesz\/"]}]}},"_links":{"self":[{"href":"https:\/\/tajkertesz.com\/en_US\/wp-json\/wp\/v2\/product\/8624","targetHints":{"allow":["GET"]}}],"collection":[{"href":"https:\/\/tajkertesz.com\/en_US\/wp-json\/wp\/v2\/product"}],"about":[{"href":"https:\/\/tajkertesz.com\/en_US\/wp-json\/wp\/v2\/types\/product"}],"wp:featuredmedia":[{"embeddable":true,"href":"https:\/\/tajkertesz.com\/en_US\/wp-json\/wp\/v2\/media\/13559"}],"wp:attachment":[{"href":"https:\/\/tajkertesz.com\/en_US\/wp-json\/wp\/v2\/media?parent=8624"}],"wp:term":[{"taxonomy":"product_brand","embeddable":true,"href":"https:\/\/tajkertesz.com\/en_US\/wp-json\/wp\/v2\/product_brand?post=8624"},{"taxonomy":"product_cat","embeddable":true,"href":"https:\/\/tajkertesz.com\/en_US\/wp-json\/wp\/v2\/product_cat?post=8624"},{"taxonomy":"product_tag","embeddable":true,"href":"https:\/\/tajkertesz.com\/en_US\/wp-json\/wp\/v2\/product_tag?post=8624"}],"curies":[{"name":"wp","href":"https:\/\/api.w.org\/{rel}","templated":true}]}}