{"id":8626,"date":"2021-08-25T11:50:13","date_gmt":"2021-08-25T11:50:13","guid":{"rendered":"https:\/\/tajkertesz.com\/?post_type=product&#038;p=8626"},"modified":"2026-02-26T11:10:33","modified_gmt":"2026-02-26T11:10:33","slug":"hu-erzekelo-esoerzekelo-rain-clik-gyors-aktivacio","status":"publish","type":"product","link":"https:\/\/tajkertesz.com\/en_US\/product\/hu-erzekelo-esoerzekelo-rain-clik-gyors-aktivacio\/","title":{"rendered":"Hunter es\u0151\u00e9rz\u00e9kel\u0151 RAIN-CLIK gyors aktiv\u00e1ci\u00f3"},"content":{"rendered":"<h2>Hunter es\u0151\u00e9rz\u00e9kel\u0151 RAIN-CLIK gyors aktiv\u00e1ci\u00f3<\/h2>\n<p>Hunter es\u0151\u00e9rz\u00e9kel\u0151 RAIN-CLIK gyors aktiv\u00e1ci\u00f3<\/p>\n<p><strong>RAIN-CLIK es\u0151\u00e9rz\u00e9kel\u0151<\/strong>\u00a0feladata, hogy amikor elkezd esni az es\u0151, vagy pedig t\u00fal vagyunk egy komolyabb z\u00e1poron, blokkolja az \u00f6nt\u00f6z\u0151rendszert\u00a0a vez\u00e9rl\u0151n kereszt\u00fcl\u00a0az\u00e1ltal, hogy megszak\u00edtja az \u00e1ramk\u00f6rt. Amint az \u00e9rz\u00e9kel\u0151ben l\u00e9v\u0151 sz\u00f6vetkorongok kisz\u00e1radnak, a mikrokapcsol\u00f3 \u00fajra z\u00e1r \u00e9s ism\u00e9t elindulhat az \u00f6nt\u00f6z\u00e9s.<\/p>\n<p>A\u00a0<strong>RAIN-CLIK\u00a0es\u0151\u00e9rz\u00e9kel\u0151<\/strong>\u00a0csomagj\u00e1ban megtal\u00e1lhat\u00f3ak a felszerel\u00e9shez sz\u00fcks\u00e9ges\u00a0r\u00f6gz\u00edt\u0151csavarok.\u00a0T\u00f6bb es\u0151\u00e9rz\u00e9kel\u0151t\u0151l elt\u00e9r\u0151en nem kell be\u00e1ll\u00edtani rajta a lez\u00e1r\u00e1st, mivel \u00f6nmag\u00e1t szab\u00e1lyozza.<\/p>\n<p>Felszerel\u00e9s: A es\u0151\u00e9rz\u00e9kel\u0151t \u00fagy kell elhelyezz\u00fck, hogy az f\u00fcgg\u0151legesen \u00e1lljon egy olyan kitett helyen, ahol szabadon \u00e9ri a csapad\u00e9k. Semmik\u00e9pp ne helyezz\u00fck az \u00e9p\u00fclet kiugr\u00f3 r\u00e9szei al\u00e1, illetve n\u00f6v\u00e9nytakar\u00e1sba sem, mivel ez jelent\u0151sen cs\u00f6kkenti az \u00e9rz\u00e9kel\u0151nk hat\u00e9konys\u00e1g\u00e1t.<\/p>\n<h3><u><strong>Jellemz\u0151k<\/strong><\/u>:<\/h3>\n<ul>\n<li>Quick Response\u2122 gyors aktiv\u00e1ci\u00f3: mihelyt elkezd esni az es\u0151, az \u00e9rz\u00e9kel\u0151 letiltja az \u00f6nt\u00f6z\u00e9st<\/li>\n<li>nem ig\u00e9nyel karbantart\u00e1st<\/li>\n<li>a kisz\u00e1rad\u00e1si id\u0151 k\u00f6nnyed\u00e9n be\u00e1ll\u00edthat\u00f3<\/li>\n<li>alapesetben z\u00e1rt mikrokapcsol\u00f3, a legt\u00f6bb vez\u00e9rl\u0151 automatik\u00e1val egy\u00fcttm\u0171k\u00f6dik (elemes, csapra szerelhet\u0151 vez\u00e9rl\u0151kh\u00f6z nem k\u00f6thet\u0151)<\/li>\n<\/ul>\n<h3><u><strong>M\u0171szaki jellemz\u0151k<\/strong><\/u>:<\/h3>\n<ul>\n<li>Quick Response\u2122 seg\u00edts\u00e9g\u00e9vel az \u00f6nt\u00f6z\u00e9s le\u00e1ll\u00edt\u00e1s\u00e1hoz sz\u00fcks\u00e9ges id\u0151 2-5 perc, a csapad\u00e9kos id\u0151 elvonult\u00e1val a vissza\u00e1ll\u00edt\u00e1shoz sz\u00fcks\u00e9ges id\u0151 kb. 4 \u00f3ra (sz\u00e1raz, napos id\u0151ben)<\/li>\n<li>mikrokapcsol\u00f3: 24V~, 3A<\/li>\n<li>7,6 m\u00e9teres 0,5 mm<sup>2<\/sup>\u00a0keresztmetszet\u0171 k\u00e9teres, szigetelt jelk\u00e1bel<\/li>\n<li>tartoz\u00e9kok: r\u00f6gz\u00edt\u0151csavarok<\/li>\n<\/ul>\n<p>&nbsp;<\/p>\n<p>Ez a\u00a0<strong>HUNTER RAIN-CLIK es\u0151\u00e9rz\u00e9kel\u0151<\/strong>\u00a0egy k\u00f6lts\u00e9ghat\u00e9kony \u00e9s kiv\u00e1l\u00f3 megold\u00e1s abban az esetben, ha minimaliz\u00e1lni szeretn\u00e9nk a v\u00edzfogyaszt\u00e1st. A Hunter amerikai \u00f6nt\u00f6z\u00e9stechnikai nagyv\u00e1llalat pr\u00e9mium kateg\u00f3ri\u00e1s term\u00e9kei elhozz\u00e1k otthon\u00e1ba a legkorszer\u0171bb technik\u00e1t ebben a szektorban \u00e9s seg\u00edts\u00e9g\u00fckkel a lehet\u0151 legt\u00f6bb vizet sp\u00f3rolhatja meg az \u00f6nt\u00f6z\u00e9s sor\u00e1n.<\/p>\n<p>&nbsp;<\/p>\n<p>Innovat\u00edv megold\u00e1saik a piac \u00e9lvonal\u00e1ba helyezik a c\u00e9get, t\u00f6bb \u00e9vtizedes fenn\u00e1ll\u00e1sa \u00f3ta t\u00f6bb sz\u00e1z szabadalmat ny\u00fajtott m\u00e1r be, melyek egy-egy ter\u00fcletet mind meg\u00faj\u00edtottak \u00e9s megreform\u00e1ltak az \u00f6nt\u00f6z\u00e9stechnik\u00e1ban. Olyan nagyszab\u00e1s\u00fa ter\u00fcletek \u00e9s rendszerek ki\u00e9p\u00edt\u00e9s\u00e9n dolgoznak, mint a golfp\u00e1ly\u00e1k, stadionok, parkok \u00e9s kereskedelmi komplexumok, \u00edgy igaz\u00e1n tudj\u00e1k, hogy otthonunkba hogyan kell egy megb\u00edzhat\u00f3, stabilan m\u0171k\u00f6d\u0151 \u00e9s id\u0151t\u00e1ll\u00f3 alkatr\u00e9szt kifejleszteni \u00e9s legy\u00e1rtani.<\/p>\n<p>&nbsp;<\/p>\n<p>A\u00a0<strong>Rain-Click es\u0151\u00e9rz\u00e9kel\u0151\u00a0<\/strong>gyorsan, azonnal kikapcsol amint csapad\u00e9kot \u00e9szlel. Felszerel\u00e9se egyszer\u0171 \u00e9s gyors. Szell\u0151z\u0151ny\u00edl\u00e1sa \u00e1ll\u00edthat\u00f3, valamint m\u00e1s t\u00edpus\u00fa vez\u00e9rl\u0151kkel is m\u0171k\u00f6dik.<\/p>\n<p>&nbsp;<\/p>\n<p>A legt\u00f6bb es\u0151\u00e9rz\u00e9kel\u0151vel szemben nem gy\u0171jt \u00f6ssze egy bizonyos mennyis\u00e9g\u0171 csapad\u00e9kot, m\u00edg le\u00e1lltja az \u00f6nt\u00f6z\u00e9st.<\/p>\n<div id=\"bodyContent\" class=\"mw-body-content\">\n<div id=\"mw-content-text\" class=\"mw-content-ltr\" dir=\"ltr\" lang=\"hu\">\n<div id=\"bodyContent\" class=\"mw-body-content\">\n<div id=\"mw-content-text\" class=\"mw-content-ltr\" dir=\"ltr\" lang=\"hu\"><\/div>\n<\/div>\n<\/div>\n<\/div>\n<p style=\"line-height: 18.0pt; background: white; margin: 0cm 0cm 15.0pt 0cm;\"><b><span style=\"font-family: 'Ubuntu',sans-serif; color: black;\">K\u00e9szlet\u00fcnk napi szinten v\u00e1ltozik, ez\u00e9rt k\u00e9rj\u00fck, \u00e9rdekl\u0151dj\u00f6n szem\u00e9lyesen, telefonon vagy email-en.<br \/>\nA v\u00e1ltoztat\u00e1s jog\u00e1t fenntartjuk!\u00a0<\/span><\/b><\/p>\n<p><a href=\"https:\/\/tajkertesz.com\/\">https:\/\/tajkertesz.com\/<\/a><\/p>\n<p><a href=\"https:\/\/www.facebook.com\/tajkertesz\/\">https:\/\/www.facebook.com\/tajkertesz\/<\/a><\/p>\n<p>Kisz\u00e1ll\u00edt\u00e1s: 200cm-ig \u00e9s 40 kg-ig a sz\u00e1ll\u00edt\u00e1s fut\u00e1rszolg\u00e1lattal t\u00f6rt\u00e9nik.<\/p>\n<p>Szem\u00e9lyes \u00e1tv\u00e9tel nyitvatart\u00e1si id\u0151ben a 17. ker\u00fclet Bakancsos utca 7. sz\u00e1m alatti Kert\u00e9szeti \u00e1rud\u00e1nkban.<\/p>\n<p>Kert\u00e9p\u00edt\u0151k \u00e9s viszontelad\u00f3k regisztr\u00e1l\u00e1s ut\u00e1n egyedi kedvezm\u00e9nnyel v\u00e1s\u00e1rolhatnak kert\u00e9szeti kis-\u00e9s nagykeresked\u00e9s\u00fcnkben.<\/p>\n<p>&nbsp;<\/p>\n<p>&nbsp;<\/p>","protected":false},"excerpt":{"rendered":"<p>Ez a\u00a0<strong>HUNTER RAIN-CLIK es\u0151\u00e9rz\u00e9kel\u0151<\/strong>\u00a0egy k\u00f6lts\u00e9ghat\u00e9kony \u00e9s kiv\u00e1l\u00f3 megold\u00e1s abban az esetben, ha minimaliz\u00e1lni szeretn\u00e9nk a v\u00edzfogyaszt\u00e1st. A Hunter amerikai \u00f6nt\u00f6z\u00e9stechnikai nagyv\u00e1llalat pr\u00e9mium kateg\u00f3ri\u00e1s term\u00e9kei elhozz\u00e1k otthon\u00e1ba a legkorszer\u0171bb technik\u00e1t ebben a szektorban \u00e9s seg\u00edts\u00e9g\u00fckkel a lehet\u0151 legt\u00f6bb vizet sp\u00f3rolhatja meg az \u00f6nt\u00f6z\u00e9s sor\u00e1n.<\/p>","protected":false},"featured_media":8627,"template":"","meta":{"_et_pb_use_builder":"","_et_pb_old_content":"","_et_gb_content_width":""},"product_brand":[],"product_cat":[2614],"product_tag":[5515,2572,3935,5516],"class_list":{"0":"post-8626","1":"product","2":"type-product","3":"status-publish","4":"has-post-thumbnail","6":"product_cat-esoerzekelok","7":"product_tag-esoerzekelo","8":"product_tag-hu-erzekelo-esoerzekelo-rain-clik-gyors-aktivacio","9":"product_tag-hunter","10":"product_tag-rain-clik","12":"first","13":"instock","14":"shipping-taxable","15":"purchasable","16":"product-type-simple"},"yoast_head":"<!-- This site is optimized with the Yoast SEO plugin v27.5 - https:\/\/yoast.com\/product\/yoast-seo-wordpress\/ -->\n<title>Hunter es\u0151\u00e9rz\u00e9kel\u0151 RAIN-CLIK gyors aktiv\u00e1ci\u00f3 - T\u00e1jkert\u00e9sz<\/title>\n<meta name=\"description\" content=\"Hunter es\u0151\u00e9rz\u00e9kel\u0151 RAIN-CLIK gyors aktiv\u00e1ci\u00f3. Amikor elkezd esni az es\u0151, vagy pedig t\u00fal vagyunk egy komolyabb z\u00e1poron, blokkolja az \u00f6nt\u00f6z\u0151rendszert\" \/>\n<meta name=\"robots\" content=\"index, follow, max-snippet:-1, max-image-preview:large, max-video-preview:-1\" \/>\n<link rel=\"canonical\" href=\"https:\/\/tajkertesz.com\/en_US\/product\/hu-erzekelo-esoerzekelo-rain-clik-gyors-aktivacio\/\" \/>\n<meta property=\"og:locale\" content=\"en_US\" \/>\n<meta property=\"og:type\" content=\"article\" \/>\n<meta property=\"og:title\" content=\"Hunter es\u0151\u00e9rz\u00e9kel\u0151 RAIN-CLIK gyors aktiv\u00e1ci\u00f3 - T\u00e1jkert\u00e9sz\" \/>\n<meta property=\"og:description\" content=\"Hunter es\u0151\u00e9rz\u00e9kel\u0151 RAIN-CLIK gyors aktiv\u00e1ci\u00f3. Amikor elkezd esni az es\u0151, vagy pedig t\u00fal vagyunk egy komolyabb z\u00e1poron, blokkolja az \u00f6nt\u00f6z\u0151rendszert\" \/>\n<meta property=\"og:url\" content=\"https:\/\/tajkertesz.com\/en_US\/product\/hu-erzekelo-esoerzekelo-rain-clik-gyors-aktivacio\/\" \/>\n<meta property=\"og:site_name\" content=\"T\u00e1jkert\u00e9sz\" \/>\n<meta property=\"article:publisher\" content=\"https:\/\/www.facebook.com\/Tajkertesz\/\" \/>\n<meta property=\"article:modified_time\" content=\"2026-02-26T11:10:33+00:00\" \/>\n<meta property=\"og:image\" content=\"https:\/\/tajkertesz.com\/wp-content\/uploads\/2021\/08\/333120.jpg\" \/>\n\t<meta property=\"og:image:width\" content=\"271\" \/>\n\t<meta property=\"og:image:height\" content=\"272\" \/>\n\t<meta property=\"og:image:type\" content=\"image\/jpeg\" \/>\n<meta name=\"twitter:card\" content=\"summary_large_image\" \/>\n<meta name=\"twitter:label1\" content=\"Est. reading time\" \/>\n\t<meta name=\"twitter:data1\" content=\"3 minutes\" \/>\n<script type=\"application\/ld+json\" class=\"yoast-schema-graph\">{\"@context\":\"https:\\\/\\\/schema.org\",\"@graph\":[{\"@type\":\"WebPage\",\"@id\":\"https:\\\/\\\/tajkertesz.com\\\/termek\\\/hu-erzekelo-esoerzekelo-rain-clik-gyors-aktivacio\\\/\",\"url\":\"https:\\\/\\\/tajkertesz.com\\\/termek\\\/hu-erzekelo-esoerzekelo-rain-clik-gyors-aktivacio\\\/\",\"name\":\"Hunter es\u0151\u00e9rz\u00e9kel\u0151 RAIN-CLIK gyors aktiv\u00e1ci\u00f3 - T\u00e1jkert\u00e9sz\",\"isPartOf\":{\"@id\":\"https:\\\/\\\/tajkertesz.com\\\/#website\"},\"primaryImageOfPage\":{\"@id\":\"https:\\\/\\\/tajkertesz.com\\\/termek\\\/hu-erzekelo-esoerzekelo-rain-clik-gyors-aktivacio\\\/#primaryimage\"},\"image\":{\"@id\":\"https:\\\/\\\/tajkertesz.com\\\/termek\\\/hu-erzekelo-esoerzekelo-rain-clik-gyors-aktivacio\\\/#primaryimage\"},\"thumbnailUrl\":\"https:\\\/\\\/tajkertesz.com\\\/wp-content\\\/uploads\\\/2021\\\/08\\\/333120.jpg\",\"datePublished\":\"2021-08-25T11:50:13+00:00\",\"dateModified\":\"2026-02-26T11:10:33+00:00\",\"description\":\"Hunter es\u0151\u00e9rz\u00e9kel\u0151 RAIN-CLIK gyors aktiv\u00e1ci\u00f3. Amikor elkezd esni az es\u0151, vagy pedig t\u00fal vagyunk egy komolyabb z\u00e1poron, blokkolja az \u00f6nt\u00f6z\u0151rendszert\",\"breadcrumb\":{\"@id\":\"https:\\\/\\\/tajkertesz.com\\\/termek\\\/hu-erzekelo-esoerzekelo-rain-clik-gyors-aktivacio\\\/#breadcrumb\"},\"inLanguage\":\"en-US\",\"potentialAction\":[{\"@type\":\"ReadAction\",\"target\":[\"https:\\\/\\\/tajkertesz.com\\\/termek\\\/hu-erzekelo-esoerzekelo-rain-clik-gyors-aktivacio\\\/\"]}]},{\"@type\":\"ImageObject\",\"inLanguage\":\"en-US\",\"@id\":\"https:\\\/\\\/tajkertesz.com\\\/termek\\\/hu-erzekelo-esoerzekelo-rain-clik-gyors-aktivacio\\\/#primaryimage\",\"url\":\"https:\\\/\\\/tajkertesz.com\\\/wp-content\\\/uploads\\\/2021\\\/08\\\/333120.jpg\",\"contentUrl\":\"https:\\\/\\\/tajkertesz.com\\\/wp-content\\\/uploads\\\/2021\\\/08\\\/333120.jpg\",\"width\":271,\"height\":272,\"caption\":\"Hnter es\u0151\u00e9rz\u00e9kel\u0151 RAIN-CLIK gyors aktiv\u00e1ci\u00f3\"},{\"@type\":\"BreadcrumbList\",\"@id\":\"https:\\\/\\\/tajkertesz.com\\\/termek\\\/hu-erzekelo-esoerzekelo-rain-clik-gyors-aktivacio\\\/#breadcrumb\",\"itemListElement\":[{\"@type\":\"ListItem\",\"position\":1,\"name\":\"Home\",\"item\":\"https:\\\/\\\/tajkertesz.com\\\/\"},{\"@type\":\"ListItem\",\"position\":2,\"name\":\"Kezd\u0151lap\",\"item\":\"https:\\\/\\\/tajkertesz.com\\\/\"},{\"@type\":\"ListItem\",\"position\":3,\"name\":\"Hunter es\u0151\u00e9rz\u00e9kel\u0151 RAIN-CLIK gyors aktiv\u00e1ci\u00f3\"}]},{\"@type\":\"WebSite\",\"@id\":\"https:\\\/\\\/tajkertesz.com\\\/#website\",\"url\":\"https:\\\/\\\/tajkertesz.com\\\/\",\"name\":\"T\u00e1j-Kert\u00e9sz 84 Kft.\",\"description\":\"Kert\u00e9szeti kis- \u00e9s nagykeresked\u00e9s, D\u00edszn\u00f6v\u00e9ny web\u00e1ruh\u00e1z orsz\u00e1gos h\u00e1zhozsz\u00e1ll\u00edt\u00e1ssal!\",\"publisher\":{\"@id\":\"https:\\\/\\\/tajkertesz.com\\\/#organization\"},\"potentialAction\":[{\"@type\":\"SearchAction\",\"target\":{\"@type\":\"EntryPoint\",\"urlTemplate\":\"https:\\\/\\\/tajkertesz.com\\\/?s={search_term_string}\"},\"query-input\":{\"@type\":\"PropertyValueSpecification\",\"valueRequired\":true,\"valueName\":\"search_term_string\"}}],\"inLanguage\":\"en-US\"},{\"@type\":\"Organization\",\"@id\":\"https:\\\/\\\/tajkertesz.com\\\/#organization\",\"name\":\"T\u00e1j-Kert\u00e9sz 84 Kft.\",\"url\":\"https:\\\/\\\/tajkertesz.com\\\/\",\"logo\":{\"@type\":\"ImageObject\",\"inLanguage\":\"en-US\",\"@id\":\"https:\\\/\\\/tajkertesz.com\\\/#\\\/schema\\\/logo\\\/image\\\/\",\"url\":\"https:\\\/\\\/tajkertesz.com\\\/wp-content\\\/uploads\\\/2018\\\/02\\\/logo-2-e1518678052539.png\",\"contentUrl\":\"https:\\\/\\\/tajkertesz.com\\\/wp-content\\\/uploads\\\/2018\\\/02\\\/logo-2-e1518678052539.png\",\"width\":81,\"height\":140,\"caption\":\"T\u00e1j-Kert\u00e9sz 84 Kft.\"},\"image\":{\"@id\":\"https:\\\/\\\/tajkertesz.com\\\/#\\\/schema\\\/logo\\\/image\\\/\"},\"sameAs\":[\"https:\\\/\\\/www.facebook.com\\\/Tajkertesz\\\/\"]}]}<\/script>\n<!-- \/ Yoast SEO plugin. -->","yoast_head_json":{"title":"Hunter es\u0151\u00e9rz\u00e9kel\u0151 RAIN-CLIK gyors aktiv\u00e1ci\u00f3 - T\u00e1jkert\u00e9sz","description":"Hunter es\u0151\u00e9rz\u00e9kel\u0151 RAIN-CLIK gyors aktiv\u00e1ci\u00f3. Amikor elkezd esni az es\u0151, vagy pedig t\u00fal vagyunk egy komolyabb z\u00e1poron, blokkolja az \u00f6nt\u00f6z\u0151rendszert","robots":{"index":"index","follow":"follow","max-snippet":"max-snippet:-1","max-image-preview":"max-image-preview:large","max-video-preview":"max-video-preview:-1"},"canonical":"https:\/\/tajkertesz.com\/en_US\/product\/hu-erzekelo-esoerzekelo-rain-clik-gyors-aktivacio\/","og_locale":"en_US","og_type":"article","og_title":"Hunter es\u0151\u00e9rz\u00e9kel\u0151 RAIN-CLIK gyors aktiv\u00e1ci\u00f3 - T\u00e1jkert\u00e9sz","og_description":"Hunter es\u0151\u00e9rz\u00e9kel\u0151 RAIN-CLIK gyors aktiv\u00e1ci\u00f3. Amikor elkezd esni az es\u0151, vagy pedig t\u00fal vagyunk egy komolyabb z\u00e1poron, blokkolja az \u00f6nt\u00f6z\u0151rendszert","og_url":"https:\/\/tajkertesz.com\/en_US\/product\/hu-erzekelo-esoerzekelo-rain-clik-gyors-aktivacio\/","og_site_name":"T\u00e1jkert\u00e9sz","article_publisher":"https:\/\/www.facebook.com\/Tajkertesz\/","article_modified_time":"2026-02-26T11:10:33+00:00","og_image":[{"width":271,"height":272,"url":"https:\/\/tajkertesz.com\/wp-content\/uploads\/2021\/08\/333120.jpg","type":"image\/jpeg"}],"twitter_card":"summary_large_image","twitter_misc":{"Est. reading time":"3 minutes"},"schema":{"@context":"https:\/\/schema.org","@graph":[{"@type":"WebPage","@id":"https:\/\/tajkertesz.com\/termek\/hu-erzekelo-esoerzekelo-rain-clik-gyors-aktivacio\/","url":"https:\/\/tajkertesz.com\/termek\/hu-erzekelo-esoerzekelo-rain-clik-gyors-aktivacio\/","name":"Hunter es\u0151\u00e9rz\u00e9kel\u0151 RAIN-CLIK gyors aktiv\u00e1ci\u00f3 - T\u00e1jkert\u00e9sz","isPartOf":{"@id":"https:\/\/tajkertesz.com\/#website"},"primaryImageOfPage":{"@id":"https:\/\/tajkertesz.com\/termek\/hu-erzekelo-esoerzekelo-rain-clik-gyors-aktivacio\/#primaryimage"},"image":{"@id":"https:\/\/tajkertesz.com\/termek\/hu-erzekelo-esoerzekelo-rain-clik-gyors-aktivacio\/#primaryimage"},"thumbnailUrl":"https:\/\/tajkertesz.com\/wp-content\/uploads\/2021\/08\/333120.jpg","datePublished":"2021-08-25T11:50:13+00:00","dateModified":"2026-02-26T11:10:33+00:00","description":"Hunter es\u0151\u00e9rz\u00e9kel\u0151 RAIN-CLIK gyors aktiv\u00e1ci\u00f3. Amikor elkezd esni az es\u0151, vagy pedig t\u00fal vagyunk egy komolyabb z\u00e1poron, blokkolja az \u00f6nt\u00f6z\u0151rendszert","breadcrumb":{"@id":"https:\/\/tajkertesz.com\/termek\/hu-erzekelo-esoerzekelo-rain-clik-gyors-aktivacio\/#breadcrumb"},"inLanguage":"en-US","potentialAction":[{"@type":"ReadAction","target":["https:\/\/tajkertesz.com\/termek\/hu-erzekelo-esoerzekelo-rain-clik-gyors-aktivacio\/"]}]},{"@type":"ImageObject","inLanguage":"en-US","@id":"https:\/\/tajkertesz.com\/termek\/hu-erzekelo-esoerzekelo-rain-clik-gyors-aktivacio\/#primaryimage","url":"https:\/\/tajkertesz.com\/wp-content\/uploads\/2021\/08\/333120.jpg","contentUrl":"https:\/\/tajkertesz.com\/wp-content\/uploads\/2021\/08\/333120.jpg","width":271,"height":272,"caption":"Hnter es\u0151\u00e9rz\u00e9kel\u0151 RAIN-CLIK gyors aktiv\u00e1ci\u00f3"},{"@type":"BreadcrumbList","@id":"https:\/\/tajkertesz.com\/termek\/hu-erzekelo-esoerzekelo-rain-clik-gyors-aktivacio\/#breadcrumb","itemListElement":[{"@type":"ListItem","position":1,"name":"Home","item":"https:\/\/tajkertesz.com\/"},{"@type":"ListItem","position":2,"name":"Kezd\u0151lap","item":"https:\/\/tajkertesz.com\/"},{"@type":"ListItem","position":3,"name":"Hunter es\u0151\u00e9rz\u00e9kel\u0151 RAIN-CLIK gyors aktiv\u00e1ci\u00f3"}]},{"@type":"WebSite","@id":"https:\/\/tajkertesz.com\/#website","url":"https:\/\/tajkertesz.com\/","name":"T\u00e1j-Kert\u00e9sz 84 Kft.","description":"Kert\u00e9szeti kis- \u00e9s nagykeresked\u00e9s, D\u00edszn\u00f6v\u00e9ny web\u00e1ruh\u00e1z orsz\u00e1gos h\u00e1zhozsz\u00e1ll\u00edt\u00e1ssal!","publisher":{"@id":"https:\/\/tajkertesz.com\/#organization"},"potentialAction":[{"@type":"SearchAction","target":{"@type":"EntryPoint","urlTemplate":"https:\/\/tajkertesz.com\/?s={search_term_string}"},"query-input":{"@type":"PropertyValueSpecification","valueRequired":true,"valueName":"search_term_string"}}],"inLanguage":"en-US"},{"@type":"Organization","@id":"https:\/\/tajkertesz.com\/#organization","name":"T\u00e1j-Kert\u00e9sz 84 Kft.","url":"https:\/\/tajkertesz.com\/","logo":{"@type":"ImageObject","inLanguage":"en-US","@id":"https:\/\/tajkertesz.com\/#\/schema\/logo\/image\/","url":"https:\/\/tajkertesz.com\/wp-content\/uploads\/2018\/02\/logo-2-e1518678052539.png","contentUrl":"https:\/\/tajkertesz.com\/wp-content\/uploads\/2018\/02\/logo-2-e1518678052539.png","width":81,"height":140,"caption":"T\u00e1j-Kert\u00e9sz 84 Kft."},"image":{"@id":"https:\/\/tajkertesz.com\/#\/schema\/logo\/image\/"},"sameAs":["https:\/\/www.facebook.com\/Tajkertesz\/"]}]}},"_links":{"self":[{"href":"https:\/\/tajkertesz.com\/en_US\/wp-json\/wp\/v2\/product\/8626","targetHints":{"allow":["GET"]}}],"collection":[{"href":"https:\/\/tajkertesz.com\/en_US\/wp-json\/wp\/v2\/product"}],"about":[{"href":"https:\/\/tajkertesz.com\/en_US\/wp-json\/wp\/v2\/types\/product"}],"wp:featuredmedia":[{"embeddable":true,"href":"https:\/\/tajkertesz.com\/en_US\/wp-json\/wp\/v2\/media\/8627"}],"wp:attachment":[{"href":"https:\/\/tajkertesz.com\/en_US\/wp-json\/wp\/v2\/media?parent=8626"}],"wp:term":[{"taxonomy":"product_brand","embeddable":true,"href":"https:\/\/tajkertesz.com\/en_US\/wp-json\/wp\/v2\/product_brand?post=8626"},{"taxonomy":"product_cat","embeddable":true,"href":"https:\/\/tajkertesz.com\/en_US\/wp-json\/wp\/v2\/product_cat?post=8626"},{"taxonomy":"product_tag","embeddable":true,"href":"https:\/\/tajkertesz.com\/en_US\/wp-json\/wp\/v2\/product_tag?post=8626"}],"curies":[{"name":"wp","href":"https:\/\/api.w.org\/{rel}","templated":true}]}}