{"id":864,"date":"2020-02-18T08:17:35","date_gmt":"2020-02-18T08:17:35","guid":{"rendered":"https:\/\/tajkertesz.com\/?post_type=product&#038;p=864"},"modified":"2024-10-01T09:22:10","modified_gmt":"2024-10-01T09:22:10","slug":"magnolia-genie-biborpiros-szinu-liliomfa","status":"publish","type":"product","link":"https:\/\/tajkertesz.com\/en_US\/product\/magnolia-genie-biborpiros-szinu-liliomfa\/","title":{"rendered":"Magnolia &#8216;Genie&#8217;, B\u00edborpiros sz\u00edn\u0171 liliomfa"},"content":{"rendered":"<h3><strong>Magnolia &#8216;Genie&#8217;, B\u00edborpiros sz\u00edn\u0171 liliomfa<\/strong><\/h3>\n<p>A\u00a0 Magnolia &#8216;Genie&#8217; egy csod\u00e1latos cserje\u00a0 mely b\u00edborpiros sz\u00edn\u0171 vir\u00e1g\u00fa.<\/p>\n<p>Gy\u00f6ny\u00f6r\u0171 vir\u00e1ga lombfakad\u00e1s el\u0151tt ny\u00edlnak.<\/p>\n<p>3-5 m\u00e9ter magasra n\u00f6v\u0151, lombhullat\u00f3 d\u00edszcserje.<\/p>\n<p>Vir\u00e1gai b\u00edborpiros sz\u00edn\u0171ek.<\/p>\n<p>Tavasszal a levelek kihajt\u00e1s\u00e1val egy id\u0151ben ny\u00edlnak a vir\u00e1gok is.<\/p>\n<p>Ny\u00e1r v\u00e9gi m\u00e1sodvir\u00e1gz\u00e1sa v\u00e1rhat\u00f3.<\/p>\n<p>Savany\u00fa k\u00e9mhat\u00e1s\u00fa talajba \u00fcltess\u00fck.<\/p>\n<p>Ny\u00e1ri sz\u00e1razs\u00e1g ellen takarjuk a t\u00f6v\u00e9t.<\/p>\n<p>Nedves de j\u00f3 v\u00edzelvezet\u00e9s\u0171 talajt \u00e9s v\u00e9dett fekv\u00e9st ig\u00e9nyel.<\/p>\n<p>Kb: 80\/90 cm magas<\/p>\n<p>El\u00e9rhet\u0151 t\u00f6bbf\u00e9le m\u00e9retben \u00e9s \u00e1rban.<\/p>\n<p><strong>K\u00e9szlet\u00fcnk napi szinten v\u00e1ltozik, ez\u00e9rt k\u00e9rj\u00fck, \u00e9rdekl\u0151dj\u00f6n szem\u00e9lyesen, telefonon vagy email-en.<br \/>\nA v\u00e1ltoztat\u00e1s jog\u00e1t fenntartjuk!\u00a0<\/strong><\/p>\n<p>&nbsp;<\/p>\n<p><a href=\"https:\/\/tajkertesz.com\/\">https:\/\/tajkertesz.com\/<\/a><\/p>\n<p><a href=\"https:\/\/www.facebook.com\/tajkertesz\/\">https:\/\/www.facebook.com\/tajkertesz\/<\/a><\/p>\n<p>Kisz\u00e1ll\u00edt\u00e1s: 200cm-ig \u00a0\u00e9s 40 kg-ig a sz\u00e1ll\u00edt\u00e1s fut\u00e1rszolg\u00e1lattal \u00a0t\u00f6rt\u00e9nik.<\/p>\n<p>Szem\u00e9lyes \u00e1tv\u00e9tel nyitvatart\u00e1si id\u0151ben a 17. ker\u00fclet Bakancsos utca 7. sz\u00e1m alatti Kert\u00e9szeti \u00e1rud\u00e1ban.<\/p>\n<p>&nbsp;<\/p>\n<h6><span style=\"color: #ffffff;\">A\u00a0 Magnolia &#8216;Genie&#8217; egy csod\u00e1latos cserje\u00a0 mely b\u00edborpiros sz\u00edn\u0171 vir\u00e1g\u00fa.\u00a0Gy\u00f6ny\u00f6r\u0171 vir\u00e1ga lombfakad\u00e1s el\u0151tt ny\u00edlnak.\u00a03-5 m\u00e9ter magasra n\u00f6v\u0151, lombhullat\u00f3 d\u00edszcserje.\u00a0Vir\u00e1gai b\u00edborpiros sz\u00edn\u0171ek.\u00a0Tavasszal a levelek kihajt\u00e1s\u00e1val egy id\u0151ben ny\u00edlnak a vir\u00e1gok is.\u00a0Ny\u00e1r v\u00e9gi m\u00e1sodvir\u00e1gz\u00e1sa v\u00e1rhat\u00f3. Savany\u00fa k\u00e9mhat\u00e1s\u00fa talajba \u00fcltess\u00fck.\u00a0Ny\u00e1ri sz\u00e1razs\u00e1g ellen takarjuk a t\u00f6v\u00e9t.\u00a0Nedves de j\u00f3 v\u00edzelvezet\u00e9s\u0171 talajt \u00e9s v\u00e9dett fekv\u00e9st ig\u00e9nyel.\u00a0Kb: 80\/90 cm magas\u00a0El\u00e9rhet\u0151 t\u00f6bbf\u00e9le m\u00e9retben \u00e9s \u00e1rban.\u00a0A\u00a0 Magnolia &#8216;Genie&#8217; egy csod\u00e1latos cserje\u00a0 mely b\u00edborpiros sz\u00edn\u0171 vir\u00e1g\u00fa.\u00a0Gy\u00f6ny\u00f6r\u0171 vir\u00e1ga lombfakad\u00e1s el\u0151tt ny\u00edlnak.\u00a03-5 m\u00e9ter magasra n\u00f6v\u0151, lombhullat\u00f3 d\u00edszcserje.\u00a0Vir\u00e1gai b\u00edborpiros sz\u00edn\u0171ek.\u00a0Tavasszal a levelek kihajt\u00e1s\u00e1val egy id\u0151ben ny\u00edlnak a vir\u00e1gok is.\u00a0Ny\u00e1r v\u00e9gi m\u00e1sodvir\u00e1gz\u00e1sa v\u00e1rhat\u00f3.\u00a0Savany\u00fa k\u00e9mhat\u00e1s\u00fa talajba \u00fcltess\u00fck.\u00a0Ny\u00e1ri sz\u00e1razs\u00e1g ellen takarjuk a t\u00f6v\u00e9t.\u00a0Nedves de j\u00f3 v\u00edzelvezet\u00e9s\u0171 talajt \u00e9s v\u00e9dett fekv\u00e9st ig\u00e9nyel.\u00a0Kb: 80\/90 cm magas\u00a0El\u00e9rhet\u0151 t\u00f6bbf\u00e9le m\u00e9retben \u00e9s \u00e1rban.<\/span><\/h6>\n<p>&nbsp;<\/p>","protected":false},"excerpt":{"rendered":"<h3><strong>Magnolia &#8216;Genie&#8217;, B\u00edborpiros sz\u00edn\u0171 liliomfa<\/strong><\/h3>\n<p>A\u00a0 Magnolia &#8216;Genie&#8217; egy csod\u00e1latos cserje\u00a0 mely b\u00edborpiros sz\u00edn\u0171 vir\u00e1g\u00fa.<\/p>\n<p>Gy\u00f6ny\u00f6r\u0171 vir\u00e1ga lombfakad\u00e1s el\u0151tt ny\u00edlnak.<\/p>\n<p>3-5 m\u00e9ter magasra n\u00f6v\u0151, lombhullat\u00f3 d\u00edszcserje.<\/p>\n<p>Kb: 80\/90 cm magas<\/p>","protected":false},"featured_media":867,"template":"","meta":{"_et_pb_use_builder":"","_et_pb_old_content":"","_et_gb_content_width":""},"product_brand":[],"product_cat":[27,28],"product_tag":[98,2925,91,99,96],"class_list":{"0":"post-864","1":"product","2":"type-product","3":"status-publish","4":"has-post-thumbnail","6":"product_cat-cserjek","7":"product_cat-diszfak","8":"product_tag-biborpiros","9":"product_tag-dzsini","10":"product_tag-liliomfa","11":"product_tag-magnolia","12":"product_tag-magnolia-genie","14":"first","15":"outofstock","16":"shipping-taxable","17":"purchasable","18":"product-type-simple"},"yoast_head":"<!-- This site is optimized with the Yoast SEO plugin v27.3 - https:\/\/yoast.com\/product\/yoast-seo-wordpress\/ -->\n<title>Magnolia &#039;Genie&#039;, B\u00edborpiros sz\u00edn\u0171 liliomfa - T\u00e1jkert\u00e9sz<\/title>\n<meta name=\"description\" content=\"Magnolia &#039;Genie&#039;, B\u00edborpiros sz\u00edn\u0171 liliomfa A\u00a0 Magnolia &#039;Genie&#039; egy csod\u00e1latos cserje\u00a0 mely b\u00edborpiros sz\u00edn\u0171 vir\u00e1g\u00fa.\" \/>\n<meta name=\"robots\" content=\"index, follow, max-snippet:-1, max-image-preview:large, max-video-preview:-1\" \/>\n<link rel=\"canonical\" href=\"https:\/\/tajkertesz.com\/en_US\/product\/magnolia-genie-biborpiros-szinu-liliomfa\/\" \/>\n<meta property=\"og:locale\" content=\"en_US\" \/>\n<meta property=\"og:type\" content=\"article\" \/>\n<meta property=\"og:title\" content=\"Magnolia &#039;Genie&#039;, B\u00edborpiros sz\u00edn\u0171 liliomfa - T\u00e1jkert\u00e9sz\" \/>\n<meta property=\"og:description\" content=\"Magnolia &#039;Genie&#039;, B\u00edborpiros sz\u00edn\u0171 liliomfa A\u00a0 Magnolia &#039;Genie&#039; egy csod\u00e1latos cserje\u00a0 mely b\u00edborpiros sz\u00edn\u0171 vir\u00e1g\u00fa.\" \/>\n<meta property=\"og:url\" content=\"https:\/\/tajkertesz.com\/en_US\/product\/magnolia-genie-biborpiros-szinu-liliomfa\/\" \/>\n<meta property=\"og:site_name\" content=\"T\u00e1jkert\u00e9sz\" \/>\n<meta property=\"article:publisher\" content=\"https:\/\/www.facebook.com\/Tajkertesz\/\" \/>\n<meta property=\"article:modified_time\" content=\"2024-10-01T09:22:10+00:00\" \/>\n<meta property=\"og:image\" content=\"https:\/\/tajkertesz.com\/wp-content\/uploads\/2020\/02\/magnolia_genie.jpg\" \/>\n\t<meta property=\"og:image:width\" content=\"570\" \/>\n\t<meta property=\"og:image:height\" content=\"545\" \/>\n\t<meta property=\"og:image:type\" content=\"image\/jpeg\" \/>\n<meta name=\"twitter:card\" content=\"summary_large_image\" \/>\n<meta name=\"twitter:label1\" content=\"Est. reading time\" \/>\n\t<meta name=\"twitter:data1\" content=\"2 minutes\" \/>\n<script type=\"application\/ld+json\" class=\"yoast-schema-graph\">{\"@context\":\"https:\\\/\\\/schema.org\",\"@graph\":[{\"@type\":\"WebPage\",\"@id\":\"https:\\\/\\\/tajkertesz.com\\\/termek\\\/magnolia-genie-biborpiros-szinu-liliomfa\\\/\",\"url\":\"https:\\\/\\\/tajkertesz.com\\\/termek\\\/magnolia-genie-biborpiros-szinu-liliomfa\\\/\",\"name\":\"Magnolia 'Genie', B\u00edborpiros sz\u00edn\u0171 liliomfa - T\u00e1jkert\u00e9sz\",\"isPartOf\":{\"@id\":\"https:\\\/\\\/tajkertesz.com\\\/#website\"},\"primaryImageOfPage\":{\"@id\":\"https:\\\/\\\/tajkertesz.com\\\/termek\\\/magnolia-genie-biborpiros-szinu-liliomfa\\\/#primaryimage\"},\"image\":{\"@id\":\"https:\\\/\\\/tajkertesz.com\\\/termek\\\/magnolia-genie-biborpiros-szinu-liliomfa\\\/#primaryimage\"},\"thumbnailUrl\":\"https:\\\/\\\/tajkertesz.com\\\/wp-content\\\/uploads\\\/2020\\\/02\\\/magnolia_genie.jpg\",\"datePublished\":\"2020-02-18T08:17:35+00:00\",\"dateModified\":\"2024-10-01T09:22:10+00:00\",\"description\":\"Magnolia 'Genie', B\u00edborpiros sz\u00edn\u0171 liliomfa A\u00a0 Magnolia 'Genie' egy csod\u00e1latos cserje\u00a0 mely b\u00edborpiros sz\u00edn\u0171 vir\u00e1g\u00fa.\",\"breadcrumb\":{\"@id\":\"https:\\\/\\\/tajkertesz.com\\\/termek\\\/magnolia-genie-biborpiros-szinu-liliomfa\\\/#breadcrumb\"},\"inLanguage\":\"en-US\",\"potentialAction\":[{\"@type\":\"ReadAction\",\"target\":[\"https:\\\/\\\/tajkertesz.com\\\/termek\\\/magnolia-genie-biborpiros-szinu-liliomfa\\\/\"]}]},{\"@type\":\"ImageObject\",\"inLanguage\":\"en-US\",\"@id\":\"https:\\\/\\\/tajkertesz.com\\\/termek\\\/magnolia-genie-biborpiros-szinu-liliomfa\\\/#primaryimage\",\"url\":\"https:\\\/\\\/tajkertesz.com\\\/wp-content\\\/uploads\\\/2020\\\/02\\\/magnolia_genie.jpg\",\"contentUrl\":\"https:\\\/\\\/tajkertesz.com\\\/wp-content\\\/uploads\\\/2020\\\/02\\\/magnolia_genie.jpg\",\"width\":570,\"height\":545},{\"@type\":\"BreadcrumbList\",\"@id\":\"https:\\\/\\\/tajkertesz.com\\\/termek\\\/magnolia-genie-biborpiros-szinu-liliomfa\\\/#breadcrumb\",\"itemListElement\":[{\"@type\":\"ListItem\",\"position\":1,\"name\":\"Home\",\"item\":\"https:\\\/\\\/tajkertesz.com\\\/\"},{\"@type\":\"ListItem\",\"position\":2,\"name\":\"Kezd\u0151lap\",\"item\":\"https:\\\/\\\/tajkertesz.com\\\/\"},{\"@type\":\"ListItem\",\"position\":3,\"name\":\"Magnolia &#8216;Genie&#8217;, B\u00edborpiros sz\u00edn\u0171 liliomfa\"}]},{\"@type\":\"WebSite\",\"@id\":\"https:\\\/\\\/tajkertesz.com\\\/#website\",\"url\":\"https:\\\/\\\/tajkertesz.com\\\/\",\"name\":\"T\u00e1j-Kert\u00e9sz 84 Kft.\",\"description\":\"Kert\u00e9szeti kis- \u00e9s nagykeresked\u00e9s, D\u00edszn\u00f6v\u00e9ny web\u00e1ruh\u00e1z orsz\u00e1gos h\u00e1zhozsz\u00e1ll\u00edt\u00e1ssal!\",\"publisher\":{\"@id\":\"https:\\\/\\\/tajkertesz.com\\\/#organization\"},\"potentialAction\":[{\"@type\":\"SearchAction\",\"target\":{\"@type\":\"EntryPoint\",\"urlTemplate\":\"https:\\\/\\\/tajkertesz.com\\\/?s={search_term_string}\"},\"query-input\":{\"@type\":\"PropertyValueSpecification\",\"valueRequired\":true,\"valueName\":\"search_term_string\"}}],\"inLanguage\":\"en-US\"},{\"@type\":\"Organization\",\"@id\":\"https:\\\/\\\/tajkertesz.com\\\/#organization\",\"name\":\"T\u00e1j-Kert\u00e9sz 84 Kft.\",\"url\":\"https:\\\/\\\/tajkertesz.com\\\/\",\"logo\":{\"@type\":\"ImageObject\",\"inLanguage\":\"en-US\",\"@id\":\"https:\\\/\\\/tajkertesz.com\\\/#\\\/schema\\\/logo\\\/image\\\/\",\"url\":\"https:\\\/\\\/tajkertesz.com\\\/wp-content\\\/uploads\\\/2018\\\/02\\\/logo-2-e1518678052539.png\",\"contentUrl\":\"https:\\\/\\\/tajkertesz.com\\\/wp-content\\\/uploads\\\/2018\\\/02\\\/logo-2-e1518678052539.png\",\"width\":81,\"height\":140,\"caption\":\"T\u00e1j-Kert\u00e9sz 84 Kft.\"},\"image\":{\"@id\":\"https:\\\/\\\/tajkertesz.com\\\/#\\\/schema\\\/logo\\\/image\\\/\"},\"sameAs\":[\"https:\\\/\\\/www.facebook.com\\\/Tajkertesz\\\/\"]}]}<\/script>\n<!-- \/ Yoast SEO plugin. -->","yoast_head_json":{"title":"Magnolia 'Genie', B\u00edborpiros sz\u00edn\u0171 liliomfa - T\u00e1jkert\u00e9sz","description":"Magnolia 'Genie', B\u00edborpiros sz\u00edn\u0171 liliomfa A\u00a0 Magnolia 'Genie' egy csod\u00e1latos cserje\u00a0 mely b\u00edborpiros sz\u00edn\u0171 vir\u00e1g\u00fa.","robots":{"index":"index","follow":"follow","max-snippet":"max-snippet:-1","max-image-preview":"max-image-preview:large","max-video-preview":"max-video-preview:-1"},"canonical":"https:\/\/tajkertesz.com\/en_US\/product\/magnolia-genie-biborpiros-szinu-liliomfa\/","og_locale":"en_US","og_type":"article","og_title":"Magnolia 'Genie', B\u00edborpiros sz\u00edn\u0171 liliomfa - T\u00e1jkert\u00e9sz","og_description":"Magnolia 'Genie', B\u00edborpiros sz\u00edn\u0171 liliomfa A\u00a0 Magnolia 'Genie' egy csod\u00e1latos cserje\u00a0 mely b\u00edborpiros sz\u00edn\u0171 vir\u00e1g\u00fa.","og_url":"https:\/\/tajkertesz.com\/en_US\/product\/magnolia-genie-biborpiros-szinu-liliomfa\/","og_site_name":"T\u00e1jkert\u00e9sz","article_publisher":"https:\/\/www.facebook.com\/Tajkertesz\/","article_modified_time":"2024-10-01T09:22:10+00:00","og_image":[{"width":570,"height":545,"url":"https:\/\/tajkertesz.com\/wp-content\/uploads\/2020\/02\/magnolia_genie.jpg","type":"image\/jpeg"}],"twitter_card":"summary_large_image","twitter_misc":{"Est. reading time":"2 minutes"},"schema":{"@context":"https:\/\/schema.org","@graph":[{"@type":"WebPage","@id":"https:\/\/tajkertesz.com\/termek\/magnolia-genie-biborpiros-szinu-liliomfa\/","url":"https:\/\/tajkertesz.com\/termek\/magnolia-genie-biborpiros-szinu-liliomfa\/","name":"Magnolia 'Genie', B\u00edborpiros sz\u00edn\u0171 liliomfa - T\u00e1jkert\u00e9sz","isPartOf":{"@id":"https:\/\/tajkertesz.com\/#website"},"primaryImageOfPage":{"@id":"https:\/\/tajkertesz.com\/termek\/magnolia-genie-biborpiros-szinu-liliomfa\/#primaryimage"},"image":{"@id":"https:\/\/tajkertesz.com\/termek\/magnolia-genie-biborpiros-szinu-liliomfa\/#primaryimage"},"thumbnailUrl":"https:\/\/tajkertesz.com\/wp-content\/uploads\/2020\/02\/magnolia_genie.jpg","datePublished":"2020-02-18T08:17:35+00:00","dateModified":"2024-10-01T09:22:10+00:00","description":"Magnolia 'Genie', B\u00edborpiros sz\u00edn\u0171 liliomfa A\u00a0 Magnolia 'Genie' egy csod\u00e1latos cserje\u00a0 mely b\u00edborpiros sz\u00edn\u0171 vir\u00e1g\u00fa.","breadcrumb":{"@id":"https:\/\/tajkertesz.com\/termek\/magnolia-genie-biborpiros-szinu-liliomfa\/#breadcrumb"},"inLanguage":"en-US","potentialAction":[{"@type":"ReadAction","target":["https:\/\/tajkertesz.com\/termek\/magnolia-genie-biborpiros-szinu-liliomfa\/"]}]},{"@type":"ImageObject","inLanguage":"en-US","@id":"https:\/\/tajkertesz.com\/termek\/magnolia-genie-biborpiros-szinu-liliomfa\/#primaryimage","url":"https:\/\/tajkertesz.com\/wp-content\/uploads\/2020\/02\/magnolia_genie.jpg","contentUrl":"https:\/\/tajkertesz.com\/wp-content\/uploads\/2020\/02\/magnolia_genie.jpg","width":570,"height":545},{"@type":"BreadcrumbList","@id":"https:\/\/tajkertesz.com\/termek\/magnolia-genie-biborpiros-szinu-liliomfa\/#breadcrumb","itemListElement":[{"@type":"ListItem","position":1,"name":"Home","item":"https:\/\/tajkertesz.com\/"},{"@type":"ListItem","position":2,"name":"Kezd\u0151lap","item":"https:\/\/tajkertesz.com\/"},{"@type":"ListItem","position":3,"name":"Magnolia &#8216;Genie&#8217;, B\u00edborpiros sz\u00edn\u0171 liliomfa"}]},{"@type":"WebSite","@id":"https:\/\/tajkertesz.com\/#website","url":"https:\/\/tajkertesz.com\/","name":"T\u00e1j-Kert\u00e9sz 84 Kft.","description":"Kert\u00e9szeti kis- \u00e9s nagykeresked\u00e9s, D\u00edszn\u00f6v\u00e9ny web\u00e1ruh\u00e1z orsz\u00e1gos h\u00e1zhozsz\u00e1ll\u00edt\u00e1ssal!","publisher":{"@id":"https:\/\/tajkertesz.com\/#organization"},"potentialAction":[{"@type":"SearchAction","target":{"@type":"EntryPoint","urlTemplate":"https:\/\/tajkertesz.com\/?s={search_term_string}"},"query-input":{"@type":"PropertyValueSpecification","valueRequired":true,"valueName":"search_term_string"}}],"inLanguage":"en-US"},{"@type":"Organization","@id":"https:\/\/tajkertesz.com\/#organization","name":"T\u00e1j-Kert\u00e9sz 84 Kft.","url":"https:\/\/tajkertesz.com\/","logo":{"@type":"ImageObject","inLanguage":"en-US","@id":"https:\/\/tajkertesz.com\/#\/schema\/logo\/image\/","url":"https:\/\/tajkertesz.com\/wp-content\/uploads\/2018\/02\/logo-2-e1518678052539.png","contentUrl":"https:\/\/tajkertesz.com\/wp-content\/uploads\/2018\/02\/logo-2-e1518678052539.png","width":81,"height":140,"caption":"T\u00e1j-Kert\u00e9sz 84 Kft."},"image":{"@id":"https:\/\/tajkertesz.com\/#\/schema\/logo\/image\/"},"sameAs":["https:\/\/www.facebook.com\/Tajkertesz\/"]}]}},"_links":{"self":[{"href":"https:\/\/tajkertesz.com\/en_US\/wp-json\/wp\/v2\/product\/864","targetHints":{"allow":["GET"]}}],"collection":[{"href":"https:\/\/tajkertesz.com\/en_US\/wp-json\/wp\/v2\/product"}],"about":[{"href":"https:\/\/tajkertesz.com\/en_US\/wp-json\/wp\/v2\/types\/product"}],"wp:featuredmedia":[{"embeddable":true,"href":"https:\/\/tajkertesz.com\/en_US\/wp-json\/wp\/v2\/media\/867"}],"wp:attachment":[{"href":"https:\/\/tajkertesz.com\/en_US\/wp-json\/wp\/v2\/media?parent=864"}],"wp:term":[{"taxonomy":"product_brand","embeddable":true,"href":"https:\/\/tajkertesz.com\/en_US\/wp-json\/wp\/v2\/product_brand?post=864"},{"taxonomy":"product_cat","embeddable":true,"href":"https:\/\/tajkertesz.com\/en_US\/wp-json\/wp\/v2\/product_cat?post=864"},{"taxonomy":"product_tag","embeddable":true,"href":"https:\/\/tajkertesz.com\/en_US\/wp-json\/wp\/v2\/product_tag?post=864"}],"curies":[{"name":"wp","href":"https:\/\/api.w.org\/{rel}","templated":true}]}}