{"id":8849,"date":"2021-08-30T07:27:22","date_gmt":"2021-08-30T07:27:22","guid":{"rendered":"https:\/\/tajkertesz.com\/?post_type=product&#038;p=8849"},"modified":"2026-02-26T10:47:45","modified_gmt":"2026-02-26T10:47:45","slug":"hu-vezerlo-kulteri-x2-601e-wifi-elokeszitessel","status":"publish","type":"product","link":"https:\/\/tajkertesz.com\/en_US\/product\/hu-vezerlo-kulteri-x2-601e-wifi-elokeszitessel\/","title":{"rendered":"Hunter vez\u00e9rl\u0151 k\u00fclt\u00e9ri X2 601E wifi el\u0151k\u00e9sz\u00edt\u00e9ssel"},"content":{"rendered":"<h1>Hunter vez\u00e9rl\u0151 k\u00fclt\u00e9ri X2 601E wifi el\u0151k\u00e9sz\u00edt\u00e9ssel<\/h1>\n<p><strong>Hunter vez\u00e9rl\u0151 k\u00fclt\u00e9ri X2 601E wifi el\u0151k\u00e9sz\u00edt\u00e9ssel<\/strong><\/p>\n<h1><strong><img loading=\"lazy\" decoding=\"async\" class=\"size-medium wp-image-13544 alignleft\" src=\"https:\/\/tajkertesz.com\/wp-content\/uploads\/2022\/09\/letoltes-300x136.png\" alt=\"\" width=\"300\" height=\"136\" srcset=\"https:\/\/tajkertesz.com\/wp-content\/uploads\/2022\/09\/letoltes-300x136.png 300w, https:\/\/tajkertesz.com\/wp-content\/uploads\/2022\/09\/letoltes-18x8.png 18w, https:\/\/tajkertesz.com\/wp-content\/uploads\/2022\/09\/letoltes-64x29.png 64w, https:\/\/tajkertesz.com\/wp-content\/uploads\/2022\/09\/letoltes.png 333w\" sizes=\"(max-width: 300px) 100vw, 300px\" \/><\/strong><\/h1>\n<p>&nbsp;<\/p>\n<p><strong>\u2013\u00a0<a href=\"http:\/\/www.tajkertesz.com\" target=\"_blank\" rel=\"noreferrer noopener\">WAND Modul<\/a>\u00a0csatlakoz\u00e1si lehet\u0151s\u00e9ggel<\/strong><\/p>\n<p><strong>\u2013 A modul csatlakoztat\u00e1sa ut\u00e1n okos vez\u00e9rl\u0151v\u00e9 alakul<\/strong><\/p>\n<p><strong>\u2013 Hydrawise applik\u00e1ci\u00f3val telefonr\u00f3l el\u00e9rhet\u0151<\/strong><\/p>\n<p><strong>\u2013 Z\u00e1rhat\u00f3 UV \u00e1ll\u00f3 sz\u00fcrke m\u0171anyag dobozban<\/strong><\/p>\n<p><strong>\u2013 Mesterszelep, Szivatty\u00faind\u00edt\u00f3 rel\u00e9 kimenet<\/strong><\/p>\n<p><strong>\u2013 Ind\u00edt\u00e1si id\u0151pontok: A, B, C program \/ 4-4 ind\u00edt\u00e1s<\/strong><\/p>\n<p><strong>(WAND modul csatlakoztat\u00e1sa ut\u00e1n 6 program, 6 ind\u00edt\u00e1si id\u0151pont)<img loading=\"lazy\" decoding=\"async\" class=\"wp-image-13548 alignright\" src=\"https:\/\/tajkertesz.com\/wp-content\/uploads\/2021\/08\/hunter-x2-401-e-4-zonas-wi-fi-kepes-kulteri-ontozes-vezerlo-300x300.jpg\" alt=\"\" width=\"408\" height=\"408\" srcset=\"https:\/\/tajkertesz.com\/wp-content\/uploads\/2021\/08\/hunter-x2-401-e-4-zonas-wi-fi-kepes-kulteri-ontozes-vezerlo-300x300.jpg 300w, https:\/\/tajkertesz.com\/wp-content\/uploads\/2021\/08\/hunter-x2-401-e-4-zonas-wi-fi-kepes-kulteri-ontozes-vezerlo-150x150.jpg 150w, https:\/\/tajkertesz.com\/wp-content\/uploads\/2021\/08\/hunter-x2-401-e-4-zonas-wi-fi-kepes-kulteri-ontozes-vezerlo-768x768.jpg 768w, https:\/\/tajkertesz.com\/wp-content\/uploads\/2021\/08\/hunter-x2-401-e-4-zonas-wi-fi-kepes-kulteri-ontozes-vezerlo-12x12.jpg 12w, https:\/\/tajkertesz.com\/wp-content\/uploads\/2021\/08\/hunter-x2-401-e-4-zonas-wi-fi-kepes-kulteri-ontozes-vezerlo-380x381.jpg 380w, https:\/\/tajkertesz.com\/wp-content\/uploads\/2021\/08\/hunter-x2-401-e-4-zonas-wi-fi-kepes-kulteri-ontozes-vezerlo-160x160.jpg 160w, https:\/\/tajkertesz.com\/wp-content\/uploads\/2021\/08\/hunter-x2-401-e-4-zonas-wi-fi-kepes-kulteri-ontozes-vezerlo-350x350.jpg 350w, https:\/\/tajkertesz.com\/wp-content\/uploads\/2021\/08\/hunter-x2-401-e-4-zonas-wi-fi-kepes-kulteri-ontozes-vezerlo-265x265.jpg 265w, https:\/\/tajkertesz.com\/wp-content\/uploads\/2021\/08\/hunter-x2-401-e-4-zonas-wi-fi-kepes-kulteri-ontozes-vezerlo-600x600.jpg 600w, https:\/\/tajkertesz.com\/wp-content\/uploads\/2021\/08\/hunter-x2-401-e-4-zonas-wi-fi-kepes-kulteri-ontozes-vezerlo-100x100.jpg 100w, https:\/\/tajkertesz.com\/wp-content\/uploads\/2021\/08\/hunter-x2-401-e-4-zonas-wi-fi-kepes-kulteri-ontozes-vezerlo-64x64.jpg 64w, https:\/\/tajkertesz.com\/wp-content\/uploads\/2021\/08\/hunter-x2-401-e-4-zonas-wi-fi-kepes-kulteri-ontozes-vezerlo.jpg 800w\" sizes=\"(max-width: 408px) 100vw, 408px\" \/><\/strong><\/p>\n<p><strong>\u2013 Ind\u00edt\u00e1si id\u0151pont be\u00e1ll\u00edt\u00e1sa: 15 perces l\u00e9pt\u00e9kenk\u00e9nt<\/strong><\/p>\n<p><strong>\u2013 \u00c9vszakhoz igaz\u00edthat\u00f3: 0-150% \/ 10% l\u00e9p\u00e9sekben<\/strong><\/p>\n<p><strong>\u2013 Csatlakoztathat\u00f3 es\u0151\u00e9rz\u00e9kel\u0151k:\u00a0Mini Clik,\u00a0Rain Clik,\u00a0Soil Clik<\/strong><\/p>\n<p><strong>\u2013 \u00d6nt\u00f6z\u00e9si nap: a h\u00e9t tetsz\u0151leges napjai vagy 1-31napos intervallumonk\u00e9nt<\/strong><\/p>\n<p><strong>\u2013 Az \u00f6nt\u00f6z\u00e9s felf\u00fcggeszthet\u0151 ak\u00e1r 99 napig<\/strong><\/p>\n<p><strong>\u2013 Manu\u00e1lis ind\u00edt\u00e1s<\/strong><\/p>\n<p><strong>\u2013 Sz\u00fcnetmentes mem\u00f3ria<\/strong><\/p>\n<p><strong>\u2013 Olcs\u00f3 \u00e1r, megb\u00edzhat\u00f3 m\u0171k\u00f6d\u00e9s<\/strong><\/p>\n<p>\u2013 Wifi el\u0151k\u00e9sz\u00edt\u00e9s<br \/>\n\u2013 6 z\u00f3na vez\u00e9rl\u00e9se<br \/>\n\u2013 K\u00fclt\u00e9ri kivitel<br \/>\n\u2013 Es\u0151\u00e9rz\u00e9kel\u0151 z\u00f3n\u00e1nk\u00e9nt programozhat\u00f3<br \/>\n\u2013 Csatlakoztathat\u00f3 meteorol\u00f3giai \u00e1llom\u00e1s<br \/>\n\u2013 T\u00e1vir\u00e1ny\u00edthat\u00f3<br \/>\n\u2013 Automata seg\u00edt\u0151 program<br \/>\n\u2013 \u00c9vszakhoz \u00e1ll\u00edt\u00e1s<br \/>\n\u2013 Sz\u00fcnetmentes mem\u00f3ria<br \/>\n\u2013 Be\u00e9p\u00edtett traf\u00f3<\/p>\n<div class=\"rte\">\n<div align=\"justify\">\n<div align=\"justify\">\n<p>\u2013 kulccsal z\u00e1rhat\u00f3 UV \u00e1ll\u00f3 sz\u00fcrke m\u0171anyag dobozban<\/p>\n<p>\u2013 24 V \u00f6nt\u00f6z\u00e9svez\u00e9rl\u0151<\/p>\n<p>\u2013 Forg\u00f3t\u00e1rcsa a men\u00fcv\u00e1laszt\u00e1shoz<\/p>\n<p>\u2013 Mesterszelep, Szivatty\u00faind\u00edt\u00f3 rel\u00e9 kimenet<\/p>\n<p>\u2013 Transzform\u00e1tor: 24 V AC, 50 Hz<\/p>\n<p>\u2013 Ind\u00edt\u00e1si id\u0151pontok: A, B, C program \/ 4-4 ind\u00edt\u00e1s<\/p>\n<p>\u2013 Ind\u00edt\u00e1si id\u0151pont be\u00e1ll\u00edt\u00e1sa: 15 perces l\u00e9pt\u00e9kenk\u00e9nt<\/p>\n<p>\u2013 Egy k\u00f6r \u00f6nt\u00f6z\u00e9si id\u0151tartama: 1-240 perc<\/p>\n<p>\u2013 \u00c9vszakhoz igaz\u00edthat\u00f3: 0-150% \/ 10% l\u00e9p\u00e9sekben<\/p>\n<p>\u2013 Csatlakoztathat\u00f3 es\u0151\u00e9rz\u00e9kel\u0151k: Mini Clik, Rain Clik Solar Sync<\/p>\n<p>(b\u00e1rmely gy\u00e1rt\u00f3 \u00e9rz\u00e9kel\u0151j\u00e9vel m\u0171k\u00f6dik)<\/p>\n<p>\u2013 \u00d6nt\u00f6z\u00e9si nap: a h\u00e9t tetsz\u0151leges napjai vagy 1-31 napos intervallumonk\u00e9nt<\/p>\n<p>\u2013 Az \u00f6nt\u00f6z\u00e9s felf\u00fcggeszt\u00e9se programozhat\u00f3<\/p>\n<p>\u2013 Manu\u00e1lis ind\u00edt\u00e1s<\/p>\n<p>\u2013 Sz\u00fcnetmentes mem\u00f3ria<\/p>\n<p>\u2013 Programtart\u00f3 gombelem<\/p>\n<p>\u2013 Automatikus r\u00f6vidz\u00e1rlat elleni v\u00e9delem<\/p>\n<\/div>\n<\/div>\n<\/div>\n<h2>M\u00e9retek:<\/h2>\n<p>\u2013 Sz\u00e9less\u00e9g: 19cm<\/p>\n<p>\u2013 M\u00e9lys\u00e9g: 10cm<\/p>\n<p>\u2013 Magass\u00e1g: 23cm<\/p>\n<p>-Garancia 1 \u00e9v<\/p>\n<p><strong>M\u0171szaki, villamoss\u00e1gi jellemz\u0151k:<br \/>\n<\/strong><\/p>\n<p>\u2013 A doboz k\u00e1belt \u00e9s vill\u00e1sdug\u00f3t nem tartalmaz<\/p>\n<p>\u2013 LCD kijelz\u0151 \u00e9s saj\u00e1t h\u00e1tt\u00e9r vil\u00e1g\u00edt\u00e1ssal ell\u00e1tott<\/p>\n<p>\u2013 Transzform\u00e1tor bemenet: 230V 50Hz<\/p>\n<p>\u2013 Traf\u00f3 kimenet: 24V AC (v\u00e1lt\u00f3\u00e1ram) 1A \/ 1000mA<\/p>\n<p>\u2013 Egy k\u00f6r kimenet: 24V AC (v\u00e1lt\u00f3\u00e1ram) 0,56A<\/p>\n<p>\u2013 Szivatty\u00faind\u00edt\u00f3 rel\u00e9 \u00e9s mesterszelep kimenet: 24V AC (v\u00e1lt\u00f3\u00e1ram) 0,28A<\/p>\n<p>\u2013 Id\u0151j\u00e1r\u00e1s \u00e9rz\u00e9kel\u0151 \u00e9s bemenet: 1db<\/p>\n<p>\u2013 M\u0171k\u00f6d\u00e9si h\u0151m\u00e9rs\u00e9kleti tartom\u00e1ny: -18C \u2013 +66C Fok k\u00f6z\u00f6tt<\/p>\n<div id=\"bodyContent\" class=\"mw-body-content\">\n<div id=\"mw-content-text\" class=\"mw-content-ltr\" dir=\"ltr\" lang=\"hu\">\n<div id=\"bodyContent\" class=\"mw-body-content\">\n<div id=\"mw-content-text\" class=\"mw-content-ltr\" dir=\"ltr\" lang=\"hu\">\n<p><a href=\"https:\/\/tajkertesz.com\/\">https:\/\/tajkertesz.com\/<\/a><\/p>\n<p><a href=\"https:\/\/www.facebook.com\/tajkertesz\/\">https:\/\/www.facebook.com\/tajkertesz\/<\/a><\/p>\n<h4><strong>\ud83d\udd04 K\u00e9szletinform\u00e1ci\u00f3<\/strong><\/h4>\n<p><strong>K\u00e9szlet\u00fcnk napi szinten v\u00e1ltozik, \u00edgy a webshopban szerepl<\/strong><strong>\u0151<\/strong><strong>\u00a0term\u00e9kek el\u00e9rhet<\/strong><strong>\u0151<\/strong><strong>s\u00e9ge nem garant\u00e1lt.<br \/>\n\ud83d\udcde A megrendel\u00e9s el<\/strong><strong>\u0151<\/strong><strong>tt k\u00e9rj\u00fck, \u00e9rdekl<\/strong><strong>\u0151<\/strong><strong>dj\u00f6n szem\u00e9lyesen, telefonon vagy e-mailben!<\/strong><\/p>\n<h4><strong>\u27a1\ufe0f Kapcsolat:<\/strong><\/h4>\n<ul>\n<li><strong>Weboldal:\u00a0<\/strong><a href=\"https:\/\/tajkertesz.com\/\"><strong>tajkertesz.com<\/strong><\/a><\/li>\n<li><strong>Facebook:\u00a0<\/strong><a href=\"https:\/\/www.facebook.com\/tajkertesz\/\"><strong>facebook.com\/tajkertesz<\/strong><\/a><\/li>\n<li><strong>Telefonsz\u00e1m, e-mail: +36\/20-319-3770\u00a0<\/strong><a href=\"mailto:tajkerteszaruda@gmail.com\"><strong>tajkerteszaruda@gmail.com<\/strong><\/a><\/li>\n<\/ul>\n<h4><strong>\ud83d\ude9a Sz\u00e1ll\u00edt\u00e1si inform\u00e1ci\u00f3k<\/strong><\/h4>\n<p><strong>A megrendelt n\u00f6v\u00e9nyek kisz\u00e1ll\u00edt\u00e1sa az al\u00e1bbi felt\u00e9telek mellett t\u00f6rt\u00e9nik:<\/strong><\/p>\n<h4><strong>\ud83d\udce6 Fut\u00e1rszolg\u00e1latos sz\u00e1ll\u00edt\u00e1s<\/strong><\/h4>\n<ul>\n<li><strong>Maxim\u00e1lis m\u00e9ret: 200 cm (hossz\u00fas\u00e1g)<\/strong><\/li>\n<li><strong>Maxim\u00e1lis s\u00faly: 40 kg<\/strong><\/li>\n<li><strong>Az enn\u00e9l kisebb \u00e9s k\u00f6nnyebb csomagokat fut\u00e1rszolg\u00e1lattal k\u00e9zbes\u00edtj\u00fck a lehet<\/strong><strong>\u0151<\/strong><strong>\u00a0legbiztons\u00e1gosabb csomagol\u00e1sban.<\/strong><\/li>\n<\/ul>\n<h4><strong>\ud83d\udefb Szem\u00e9lyes \u00e1tv\u00e9tel<\/strong><\/h4>\n<ul>\n<li><strong>1173 Budapest, Bakancsos utca 7. sz\u00e1m alatt nyitvatart\u00e1si id<\/strong><strong>\u0151<\/strong><strong>ben szem\u00e9lyesen \u00e1tvehet<\/strong><strong>\u0151<\/strong><strong>\u00a0kert\u00e9szeti \u00e1rud\u00e1nkban.<\/strong><\/li>\n<li><strong>K\u00f6lts\u00e9ghat\u00e9kony megold\u00e1s nagyobb, t\u00f6r\u00e9kenyebb vagy t\u00falm\u00e9retes n\u00f6v\u00e9nyek eset\u00e9n.<\/strong><\/li>\n<\/ul>\n<h4><strong>\ud83d\udcde Nagy m\u00e9ret<\/strong><strong>\u0171<\/strong><strong>\u00a0vagy s\u00faly\u00fa n\u00f6v\u00e9nyek eset\u00e9n<\/strong><\/h4>\n<p><strong>Ha a term\u00e9k:<\/strong><\/p>\n<ul>\n<li><strong>meghaladja a 200 cm hossz\u00fas\u00e1got vagy<\/strong><\/li>\n<li><strong>meghaladja a 40 kg s\u00falyt,<\/strong><\/li>\n<\/ul>\n<p><strong>akkor szem\u00e9lyes \u00e1tv\u00e9tellel vagy egyedi, el<\/strong><strong>\u0151<\/strong><strong>re egyeztetett sz\u00e1ll\u00edt\u00e1si felt\u00e9telek mellett t\u00f6rt\u00e9nik.<br \/>\nK\u00e9rj\u00fck, ilyen esetben rendel\u00e9s el<\/strong><strong>\u0151<\/strong><strong>tt vegye fel vel\u00fcnk a kapcsolatot, hogy a lehet<\/strong><strong>\u0151<\/strong><strong>\u00a0legmegfelel<\/strong><strong>\u0151<\/strong><strong>bb sz\u00e1ll\u00edt\u00e1si megold\u00e1st k\u00edn\u00e1lhassuk.<\/strong><\/p>\n<p><strong>\ud83d\udd14 Fontos: A n\u00f6v\u00e9nyeket minden esetben igyeksz\u00fcnk gondosan, egyes\u00e9vel csomagolni, azonban a sz\u00e1ll\u00edt\u00e1s sor\u00e1n kisebb eszt\u00e9tikai s\u00e9r\u00fcl\u00e9sek el<\/strong><strong>\u0151<\/strong><strong>fordulhatnak (pl. lev\u00e9lhull\u00e1s). Ez nem min<\/strong><strong>\u0151<\/strong><strong>s\u00fcl hib\u00e1s teljes\u00edt\u00e9snek.<\/strong><\/p>\n<h4><strong>\ud83d\udcf7 Fontos tudni a k\u00e9pekr<\/strong><strong>\u0151<\/strong><strong>l<\/strong><\/h4>\n<p><strong>A webshopban szerepl<\/strong><strong>\u0151<\/strong><strong>\u00a0k\u00e9pek illusztr\u00e1ci\u00f3k, a n\u00f6v\u00e9nyek term\u00e9szet\u00fckn\u00e9l fogva egyediek, \u00edgy m\u00e9retben, alakban \u00e9s sz\u00ednben minim\u00e1lis elt\u00e9r\u00e9sek el<\/strong><strong>\u0151<\/strong><strong>fordulhatnak a k\u00e9pen l\u00e1that\u00f3 \u00e9s a val\u00f3s p\u00e9ld\u00e1nyok k\u00f6z\u00f6tt.<\/strong><\/p>\n<h4><strong>\ud83e\uddfe \u00c1rak \u00e9s el\u00e1ll\u00e1si jog<\/strong><\/h4>\n<ul>\n<li><strong>Az \u00e1rak egy darab\u00a0n\u00f6v\u00e9nyre vonatkoznak.<\/strong><\/li>\n<li><strong>\u00c9l<\/strong><strong>\u0151<\/strong><strong>\u00a0n\u00f6v\u00e9nyek rendel\u00e9se eset\u00e9n a 14 napos el\u00e1ll\u00e1s joga nem \u00e9rv\u00e9nyes\u00edthet<\/strong><strong>\u0151<\/strong><strong>, mivel azok romland\u00f3, biol\u00f3giailag \u00e9l<\/strong><strong>\u0151<\/strong><strong>\u00a0term\u00e9keknek min<\/strong><strong>\u0151<\/strong><strong>s\u00fclnek.<br \/>\n\ud83d\udd12 (17\/1999. (II. 5.) Korm. rendelet 5. \u00a7 c) pontja alapj\u00e1n)<\/strong><\/li>\n<\/ul>\n<h4><strong>\ud83d\udce6 K\u00e9zbes\u00edt\u00e9s ut\u00e1ni teend<\/strong><strong>\u0151<\/strong><strong>k<\/strong><\/h4>\n<p><strong>A k\u00e9zbes\u00edt\u00e9st k\u00f6vet<\/strong><strong>\u0151<\/strong><strong>en a csomagot azonnal bontsuk ki, \u00e9s a n\u00f6v\u00e9nyt helyezz\u00fck el megfelel<\/strong><strong>\u0151<\/strong><strong>\u00a0k\u00f6rnyezetben.<br \/>\nFontos: ha a n\u00f6v\u00e9ny nem r\u00e9szes\u00fcl megfelel<\/strong><strong>\u0151<\/strong><strong>\u00a0gondoz\u00e1sban \u00e9s ennek k\u00f6vetkezt\u00e9ben k\u00e1rosodik vagy elpusztul, felel<\/strong><strong>\u0151<\/strong><strong>ss\u00e9get nem tudunk v\u00e1llalni.<\/strong><\/p>\n<\/div>\n<\/div>\n<\/div>\n<\/div>\n<p>&nbsp;<\/p>","protected":false},"excerpt":{"rendered":"<p>&#8211; 4, 6, 8, 14 k\u00f6r\u00f6s vez\u00e9rl\u0151 (a k\u00f6r\u00f6k sz\u00e1ma nem n\u00f6velhet\u0151)<br \/>\n\u2022 Wi-Fi k\u00e9pes vez\u00e9rl\u0151 amelyet a Hydrawise\u2122 szoftver automatikusan kezel<br \/>\n\u2022 A h\u00e1tt\u00e9rvil\u00e1g\u00edt\u00e1s\u00fa kijelz\u0151 megfelel\u0151 l\u00e1that\u00f3s\u00e1got biztos\u00edt minden<br \/>\nf\u00e9nyviszonyban.<\/p>\n<p>&nbsp;<\/p>","protected":false},"featured_media":13548,"template":"","meta":{"_et_pb_use_builder":"","_et_pb_old_content":"","_et_gb_content_width":""},"product_brand":[],"product_cat":[2613],"product_tag":[3935,2582,5211],"class_list":{"0":"post-8849","1":"product","2":"type-product","3":"status-publish","4":"has-post-thumbnail","6":"product_cat-vezerloegysegek","7":"product_tag-hunter","8":"product_tag-hunter-x-core-6-x-core-601-e-zonas-kulteri-ontozo-vezerlo-automata","9":"product_tag-vezerlo","11":"first","12":"instock","13":"shipping-taxable","14":"purchasable","15":"product-type-simple"},"yoast_head":"<!-- This site is optimized with the Yoast SEO plugin v27.5 - https:\/\/yoast.com\/product\/yoast-seo-wordpress\/ -->\n<title>Hunter vez\u00e9rl\u0151 k\u00fclt\u00e9ri X2 601E wifi el\u0151k\u00e9sz\u00edt\u00e9ssel - T\u00e1jkert\u00e9sz<\/title>\n<meta name=\"description\" content=\"HU vez\u00e9rl\u0151 k\u00fclt\u00e9ri X2 601E Wifi el\u0151k\u00e9sz\u00edt\u00e9s\u2013 6 z\u00f3na vez\u00e9rl\u00e9se\u2013 K\u00fclt\u00e9ri kivitel\u2013 Minden ami \u00f6nt\u00f6z\u00e9stechnika \u00e9s szaktan\u00e1csad\u00e1s.\" \/>\n<meta name=\"robots\" content=\"index, follow, max-snippet:-1, max-image-preview:large, max-video-preview:-1\" \/>\n<link rel=\"canonical\" href=\"https:\/\/tajkertesz.com\/en_US\/product\/hu-vezerlo-kulteri-x2-601e-wifi-elokeszitessel\/\" \/>\n<meta property=\"og:locale\" content=\"en_US\" \/>\n<meta property=\"og:type\" content=\"article\" \/>\n<meta property=\"og:title\" content=\"Hunter vez\u00e9rl\u0151 k\u00fclt\u00e9ri X2 601E wifi el\u0151k\u00e9sz\u00edt\u00e9ssel - T\u00e1jkert\u00e9sz\" \/>\n<meta property=\"og:description\" content=\"HU vez\u00e9rl\u0151 k\u00fclt\u00e9ri X2 601E Wifi el\u0151k\u00e9sz\u00edt\u00e9s\u2013 6 z\u00f3na vez\u00e9rl\u00e9se\u2013 K\u00fclt\u00e9ri kivitel\u2013 Minden ami \u00f6nt\u00f6z\u00e9stechnika \u00e9s szaktan\u00e1csad\u00e1s.\" \/>\n<meta property=\"og:url\" content=\"https:\/\/tajkertesz.com\/en_US\/product\/hu-vezerlo-kulteri-x2-601e-wifi-elokeszitessel\/\" \/>\n<meta property=\"og:site_name\" content=\"T\u00e1jkert\u00e9sz\" \/>\n<meta property=\"article:publisher\" content=\"https:\/\/www.facebook.com\/Tajkertesz\/\" \/>\n<meta property=\"article:modified_time\" content=\"2026-02-26T10:47:45+00:00\" \/>\n<meta property=\"og:image\" content=\"https:\/\/tajkertesz.com\/wp-content\/uploads\/2021\/08\/hunter-x2-401-e-4-zonas-wi-fi-kepes-kulteri-ontozes-vezerlo.jpg\" \/>\n\t<meta property=\"og:image:width\" content=\"800\" \/>\n\t<meta property=\"og:image:height\" content=\"800\" \/>\n\t<meta property=\"og:image:type\" content=\"image\/jpeg\" \/>\n<meta name=\"twitter:card\" content=\"summary_large_image\" \/>\n<meta name=\"twitter:label1\" content=\"Est. reading time\" \/>\n\t<meta name=\"twitter:data1\" content=\"4 minutes\" \/>\n<script type=\"application\/ld+json\" class=\"yoast-schema-graph\">{\"@context\":\"https:\\\/\\\/schema.org\",\"@graph\":[{\"@type\":\"WebPage\",\"@id\":\"https:\\\/\\\/tajkertesz.com\\\/termek\\\/hu-vezerlo-kulteri-x2-601e-wifi-elokeszitessel\\\/\",\"url\":\"https:\\\/\\\/tajkertesz.com\\\/termek\\\/hu-vezerlo-kulteri-x2-601e-wifi-elokeszitessel\\\/\",\"name\":\"Hunter vez\u00e9rl\u0151 k\u00fclt\u00e9ri X2 601E wifi el\u0151k\u00e9sz\u00edt\u00e9ssel - T\u00e1jkert\u00e9sz\",\"isPartOf\":{\"@id\":\"https:\\\/\\\/tajkertesz.com\\\/#website\"},\"primaryImageOfPage\":{\"@id\":\"https:\\\/\\\/tajkertesz.com\\\/termek\\\/hu-vezerlo-kulteri-x2-601e-wifi-elokeszitessel\\\/#primaryimage\"},\"image\":{\"@id\":\"https:\\\/\\\/tajkertesz.com\\\/termek\\\/hu-vezerlo-kulteri-x2-601e-wifi-elokeszitessel\\\/#primaryimage\"},\"thumbnailUrl\":\"https:\\\/\\\/tajkertesz.com\\\/wp-content\\\/uploads\\\/2021\\\/08\\\/hunter-x2-401-e-4-zonas-wi-fi-kepes-kulteri-ontozes-vezerlo.jpg\",\"datePublished\":\"2021-08-30T07:27:22+00:00\",\"dateModified\":\"2026-02-26T10:47:45+00:00\",\"description\":\"HU vez\u00e9rl\u0151 k\u00fclt\u00e9ri X2 601E Wifi el\u0151k\u00e9sz\u00edt\u00e9s\u2013 6 z\u00f3na vez\u00e9rl\u00e9se\u2013 K\u00fclt\u00e9ri kivitel\u2013 Minden ami \u00f6nt\u00f6z\u00e9stechnika \u00e9s szaktan\u00e1csad\u00e1s.\",\"breadcrumb\":{\"@id\":\"https:\\\/\\\/tajkertesz.com\\\/termek\\\/hu-vezerlo-kulteri-x2-601e-wifi-elokeszitessel\\\/#breadcrumb\"},\"inLanguage\":\"en-US\",\"potentialAction\":[{\"@type\":\"ReadAction\",\"target\":[\"https:\\\/\\\/tajkertesz.com\\\/termek\\\/hu-vezerlo-kulteri-x2-601e-wifi-elokeszitessel\\\/\"]}]},{\"@type\":\"ImageObject\",\"inLanguage\":\"en-US\",\"@id\":\"https:\\\/\\\/tajkertesz.com\\\/termek\\\/hu-vezerlo-kulteri-x2-601e-wifi-elokeszitessel\\\/#primaryimage\",\"url\":\"https:\\\/\\\/tajkertesz.com\\\/wp-content\\\/uploads\\\/2021\\\/08\\\/hunter-x2-401-e-4-zonas-wi-fi-kepes-kulteri-ontozes-vezerlo.jpg\",\"contentUrl\":\"https:\\\/\\\/tajkertesz.com\\\/wp-content\\\/uploads\\\/2021\\\/08\\\/hunter-x2-401-e-4-zonas-wi-fi-kepes-kulteri-ontozes-vezerlo.jpg\",\"width\":800,\"height\":800},{\"@type\":\"BreadcrumbList\",\"@id\":\"https:\\\/\\\/tajkertesz.com\\\/termek\\\/hu-vezerlo-kulteri-x2-601e-wifi-elokeszitessel\\\/#breadcrumb\",\"itemListElement\":[{\"@type\":\"ListItem\",\"position\":1,\"name\":\"Home\",\"item\":\"https:\\\/\\\/tajkertesz.com\\\/\"},{\"@type\":\"ListItem\",\"position\":2,\"name\":\"Kezd\u0151lap\",\"item\":\"https:\\\/\\\/tajkertesz.com\\\/\"},{\"@type\":\"ListItem\",\"position\":3,\"name\":\"Hunter vez\u00e9rl\u0151 k\u00fclt\u00e9ri X2 601E wifi el\u0151k\u00e9sz\u00edt\u00e9ssel\"}]},{\"@type\":\"WebSite\",\"@id\":\"https:\\\/\\\/tajkertesz.com\\\/#website\",\"url\":\"https:\\\/\\\/tajkertesz.com\\\/\",\"name\":\"T\u00e1j-Kert\u00e9sz 84 Kft.\",\"description\":\"Kert\u00e9szeti kis- \u00e9s nagykeresked\u00e9s, D\u00edszn\u00f6v\u00e9ny web\u00e1ruh\u00e1z orsz\u00e1gos h\u00e1zhozsz\u00e1ll\u00edt\u00e1ssal!\",\"publisher\":{\"@id\":\"https:\\\/\\\/tajkertesz.com\\\/#organization\"},\"potentialAction\":[{\"@type\":\"SearchAction\",\"target\":{\"@type\":\"EntryPoint\",\"urlTemplate\":\"https:\\\/\\\/tajkertesz.com\\\/?s={search_term_string}\"},\"query-input\":{\"@type\":\"PropertyValueSpecification\",\"valueRequired\":true,\"valueName\":\"search_term_string\"}}],\"inLanguage\":\"en-US\"},{\"@type\":\"Organization\",\"@id\":\"https:\\\/\\\/tajkertesz.com\\\/#organization\",\"name\":\"T\u00e1j-Kert\u00e9sz 84 Kft.\",\"url\":\"https:\\\/\\\/tajkertesz.com\\\/\",\"logo\":{\"@type\":\"ImageObject\",\"inLanguage\":\"en-US\",\"@id\":\"https:\\\/\\\/tajkertesz.com\\\/#\\\/schema\\\/logo\\\/image\\\/\",\"url\":\"https:\\\/\\\/tajkertesz.com\\\/wp-content\\\/uploads\\\/2018\\\/02\\\/logo-2-e1518678052539.png\",\"contentUrl\":\"https:\\\/\\\/tajkertesz.com\\\/wp-content\\\/uploads\\\/2018\\\/02\\\/logo-2-e1518678052539.png\",\"width\":81,\"height\":140,\"caption\":\"T\u00e1j-Kert\u00e9sz 84 Kft.\"},\"image\":{\"@id\":\"https:\\\/\\\/tajkertesz.com\\\/#\\\/schema\\\/logo\\\/image\\\/\"},\"sameAs\":[\"https:\\\/\\\/www.facebook.com\\\/Tajkertesz\\\/\"]}]}<\/script>\n<!-- \/ Yoast SEO plugin. -->","yoast_head_json":{"title":"Hunter vez\u00e9rl\u0151 k\u00fclt\u00e9ri X2 601E wifi el\u0151k\u00e9sz\u00edt\u00e9ssel - T\u00e1jkert\u00e9sz","description":"HU vez\u00e9rl\u0151 k\u00fclt\u00e9ri X2 601E Wifi el\u0151k\u00e9sz\u00edt\u00e9s\u2013 6 z\u00f3na vez\u00e9rl\u00e9se\u2013 K\u00fclt\u00e9ri kivitel\u2013 Minden ami \u00f6nt\u00f6z\u00e9stechnika \u00e9s szaktan\u00e1csad\u00e1s.","robots":{"index":"index","follow":"follow","max-snippet":"max-snippet:-1","max-image-preview":"max-image-preview:large","max-video-preview":"max-video-preview:-1"},"canonical":"https:\/\/tajkertesz.com\/en_US\/product\/hu-vezerlo-kulteri-x2-601e-wifi-elokeszitessel\/","og_locale":"en_US","og_type":"article","og_title":"Hunter vez\u00e9rl\u0151 k\u00fclt\u00e9ri X2 601E wifi el\u0151k\u00e9sz\u00edt\u00e9ssel - T\u00e1jkert\u00e9sz","og_description":"HU vez\u00e9rl\u0151 k\u00fclt\u00e9ri X2 601E Wifi el\u0151k\u00e9sz\u00edt\u00e9s\u2013 6 z\u00f3na vez\u00e9rl\u00e9se\u2013 K\u00fclt\u00e9ri kivitel\u2013 Minden ami \u00f6nt\u00f6z\u00e9stechnika \u00e9s szaktan\u00e1csad\u00e1s.","og_url":"https:\/\/tajkertesz.com\/en_US\/product\/hu-vezerlo-kulteri-x2-601e-wifi-elokeszitessel\/","og_site_name":"T\u00e1jkert\u00e9sz","article_publisher":"https:\/\/www.facebook.com\/Tajkertesz\/","article_modified_time":"2026-02-26T10:47:45+00:00","og_image":[{"width":800,"height":800,"url":"https:\/\/tajkertesz.com\/wp-content\/uploads\/2021\/08\/hunter-x2-401-e-4-zonas-wi-fi-kepes-kulteri-ontozes-vezerlo.jpg","type":"image\/jpeg"}],"twitter_card":"summary_large_image","twitter_misc":{"Est. reading time":"4 minutes"},"schema":{"@context":"https:\/\/schema.org","@graph":[{"@type":"WebPage","@id":"https:\/\/tajkertesz.com\/termek\/hu-vezerlo-kulteri-x2-601e-wifi-elokeszitessel\/","url":"https:\/\/tajkertesz.com\/termek\/hu-vezerlo-kulteri-x2-601e-wifi-elokeszitessel\/","name":"Hunter vez\u00e9rl\u0151 k\u00fclt\u00e9ri X2 601E wifi el\u0151k\u00e9sz\u00edt\u00e9ssel - T\u00e1jkert\u00e9sz","isPartOf":{"@id":"https:\/\/tajkertesz.com\/#website"},"primaryImageOfPage":{"@id":"https:\/\/tajkertesz.com\/termek\/hu-vezerlo-kulteri-x2-601e-wifi-elokeszitessel\/#primaryimage"},"image":{"@id":"https:\/\/tajkertesz.com\/termek\/hu-vezerlo-kulteri-x2-601e-wifi-elokeszitessel\/#primaryimage"},"thumbnailUrl":"https:\/\/tajkertesz.com\/wp-content\/uploads\/2021\/08\/hunter-x2-401-e-4-zonas-wi-fi-kepes-kulteri-ontozes-vezerlo.jpg","datePublished":"2021-08-30T07:27:22+00:00","dateModified":"2026-02-26T10:47:45+00:00","description":"HU vez\u00e9rl\u0151 k\u00fclt\u00e9ri X2 601E Wifi el\u0151k\u00e9sz\u00edt\u00e9s\u2013 6 z\u00f3na vez\u00e9rl\u00e9se\u2013 K\u00fclt\u00e9ri kivitel\u2013 Minden ami \u00f6nt\u00f6z\u00e9stechnika \u00e9s szaktan\u00e1csad\u00e1s.","breadcrumb":{"@id":"https:\/\/tajkertesz.com\/termek\/hu-vezerlo-kulteri-x2-601e-wifi-elokeszitessel\/#breadcrumb"},"inLanguage":"en-US","potentialAction":[{"@type":"ReadAction","target":["https:\/\/tajkertesz.com\/termek\/hu-vezerlo-kulteri-x2-601e-wifi-elokeszitessel\/"]}]},{"@type":"ImageObject","inLanguage":"en-US","@id":"https:\/\/tajkertesz.com\/termek\/hu-vezerlo-kulteri-x2-601e-wifi-elokeszitessel\/#primaryimage","url":"https:\/\/tajkertesz.com\/wp-content\/uploads\/2021\/08\/hunter-x2-401-e-4-zonas-wi-fi-kepes-kulteri-ontozes-vezerlo.jpg","contentUrl":"https:\/\/tajkertesz.com\/wp-content\/uploads\/2021\/08\/hunter-x2-401-e-4-zonas-wi-fi-kepes-kulteri-ontozes-vezerlo.jpg","width":800,"height":800},{"@type":"BreadcrumbList","@id":"https:\/\/tajkertesz.com\/termek\/hu-vezerlo-kulteri-x2-601e-wifi-elokeszitessel\/#breadcrumb","itemListElement":[{"@type":"ListItem","position":1,"name":"Home","item":"https:\/\/tajkertesz.com\/"},{"@type":"ListItem","position":2,"name":"Kezd\u0151lap","item":"https:\/\/tajkertesz.com\/"},{"@type":"ListItem","position":3,"name":"Hunter vez\u00e9rl\u0151 k\u00fclt\u00e9ri X2 601E wifi el\u0151k\u00e9sz\u00edt\u00e9ssel"}]},{"@type":"WebSite","@id":"https:\/\/tajkertesz.com\/#website","url":"https:\/\/tajkertesz.com\/","name":"T\u00e1j-Kert\u00e9sz 84 Kft.","description":"Kert\u00e9szeti kis- \u00e9s nagykeresked\u00e9s, D\u00edszn\u00f6v\u00e9ny web\u00e1ruh\u00e1z orsz\u00e1gos h\u00e1zhozsz\u00e1ll\u00edt\u00e1ssal!","publisher":{"@id":"https:\/\/tajkertesz.com\/#organization"},"potentialAction":[{"@type":"SearchAction","target":{"@type":"EntryPoint","urlTemplate":"https:\/\/tajkertesz.com\/?s={search_term_string}"},"query-input":{"@type":"PropertyValueSpecification","valueRequired":true,"valueName":"search_term_string"}}],"inLanguage":"en-US"},{"@type":"Organization","@id":"https:\/\/tajkertesz.com\/#organization","name":"T\u00e1j-Kert\u00e9sz 84 Kft.","url":"https:\/\/tajkertesz.com\/","logo":{"@type":"ImageObject","inLanguage":"en-US","@id":"https:\/\/tajkertesz.com\/#\/schema\/logo\/image\/","url":"https:\/\/tajkertesz.com\/wp-content\/uploads\/2018\/02\/logo-2-e1518678052539.png","contentUrl":"https:\/\/tajkertesz.com\/wp-content\/uploads\/2018\/02\/logo-2-e1518678052539.png","width":81,"height":140,"caption":"T\u00e1j-Kert\u00e9sz 84 Kft."},"image":{"@id":"https:\/\/tajkertesz.com\/#\/schema\/logo\/image\/"},"sameAs":["https:\/\/www.facebook.com\/Tajkertesz\/"]}]}},"_links":{"self":[{"href":"https:\/\/tajkertesz.com\/en_US\/wp-json\/wp\/v2\/product\/8849","targetHints":{"allow":["GET"]}}],"collection":[{"href":"https:\/\/tajkertesz.com\/en_US\/wp-json\/wp\/v2\/product"}],"about":[{"href":"https:\/\/tajkertesz.com\/en_US\/wp-json\/wp\/v2\/types\/product"}],"wp:featuredmedia":[{"embeddable":true,"href":"https:\/\/tajkertesz.com\/en_US\/wp-json\/wp\/v2\/media\/13548"}],"wp:attachment":[{"href":"https:\/\/tajkertesz.com\/en_US\/wp-json\/wp\/v2\/media?parent=8849"}],"wp:term":[{"taxonomy":"product_brand","embeddable":true,"href":"https:\/\/tajkertesz.com\/en_US\/wp-json\/wp\/v2\/product_brand?post=8849"},{"taxonomy":"product_cat","embeddable":true,"href":"https:\/\/tajkertesz.com\/en_US\/wp-json\/wp\/v2\/product_cat?post=8849"},{"taxonomy":"product_tag","embeddable":true,"href":"https:\/\/tajkertesz.com\/en_US\/wp-json\/wp\/v2\/product_tag?post=8849"}],"curies":[{"name":"wp","href":"https:\/\/api.w.org\/{rel}","templated":true}]}}