{"id":8886,"date":"2021-08-31T06:49:21","date_gmt":"2021-08-31T06:49:21","guid":{"rendered":"https:\/\/tajkertesz.com\/?post_type=product&#038;p=8886"},"modified":"2026-02-24T11:01:54","modified_gmt":"2026-02-24T11:01:54","slug":"nortene-vegring-novenykapocs-16-20-25-mm","status":"publish","type":"product","link":"https:\/\/tajkertesz.com\/en_US\/product\/nortene-vegring-novenykapocs-16-20-25-mm\/","title":{"rendered":"Nortene Vegring n\u00f6v\u00e9nykapocs 16-20-25 mm"},"content":{"rendered":"<h3>Nortene Vegring n\u00f6v\u00e9nykapocs 16-20-25 mm<\/h3>\n<p>Nortene Vegring n\u00f6v\u00e9nykapocs 16-20-25 mm<\/p>\n<p>A Vegring egy gy\u0171r\u0171 form\u00e1j\u00fa kapocs, amellyel gyorsan \u00e9s egyszer\u0171en hozz\u00e1kapcsolhat\u00f3 a n\u00f6v\u00e9ny a kar\u00f3hoz.<\/p>\n<div class=\"grid grid-cols-1 lg:grid-cols-2 gap-4 lg:gap-12 mt-14\">\n<div class=\"order-last lg:order-first\">\n<div class=\"flex items-center flex-wrap space-x-4 mt-10\"><\/div>\n<\/div>\n<div>\n<p class=\"justtellmewhat uppercase color-green-2 text-3xl\">EL\u0150NY\u00d6K<\/p>\n<div class=\"mt-2 color-brown text-lg\">\n<p>K\u00f6nny\u0171 a haszn\u00e1lata. Nem k\u00e1ros\u00edtja a n\u00f6v\u00e9nyeket. T\u00f6bbsz\u00f6r is felhaszn\u00e1lhat\u00f3.<\/p>\n<\/div>\n<p class=\"justtellmewhat uppercase color-green-2 text-3xl mt-10\">JELLEMZ\u0150K<\/p>\n<div class=\"mt-2 color-brown text-lg\">\n<p>K\u00f6nnyen ny\u00edl\u00f3 n\u00f6v\u00e9nykapocs k\u00e9szlet k\u00fcl\u00f6nb\u00f6z\u0151 m\u00e9ret\u0171 r\u00f6gz\u00edt\u0151kkel. V\u00e9konyabb \u00e9s vastagabb n\u00f6v\u00e9nyekhez is ide\u00e1lis. Anyaga: PP (polipropil\u00e9n), sz\u00edne: z\u00f6ld, egy csomagban 40 db kapocs tal\u00e1lhat\u00f3, amelyek k\u00fcl\u00f6nb\u00f6z\u0151 m\u00e9ret\u0171ek.<\/p>\n<p>&nbsp;<\/p>\n<\/div>\n<\/div>\n<\/div>\n<p>&nbsp;<\/p>\n<p>El\u00e9rhet\u0151 t\u00f6bbf\u00e9le m\u00e9retben sz\u00ednben \u00e9s \u00e1rban.<\/p>\n<p><strong>K\u00e9szlet\u00fcnk napi szinten v\u00e1ltozik, ez\u00e9rt k\u00e9rj\u00fck, \u00e9rdekl\u0151dj\u00f6n szem\u00e9lyesen, telefonon vagy email-en.<br \/>\nA v\u00e1ltoztat\u00e1s jog\u00e1t fenntartjuk!\u00a0<\/strong><\/p>\n<p><em>\u00a0<\/em><\/p>\n<p><em>\u00a0<\/em><a href=\"https:\/\/tajkertesz.com\/\">https:\/\/tajkertesz.com\/<\/a><\/p>\n<p><a href=\"https:\/\/www.facebook.com\/tajkertesz\">https:\/\/www.facebook.com\/tajkertesz<\/a><\/p>\n<p><span style=\"color: #ffffff;\">Haszn\u00e1lja a t\u00f6k\u00e9letes r\u00f6gz\u00edt\u00e9shez ezt a m\u0171anyag gyorsk\u00f6t\u00f6z\u0151t, mely seg\u00edts\u00e9g\u00e9vel a kerti h\u00e1l\u00f3 ellen\u00e1ll a sz\u00e9lnek is. Beh\u00faz\u00e1s ut\u00e1n nem nyithat\u00f3 ki.<\/span><\/p>\n<p><span style=\"color: #ffffff;\">Egyszer\u0171en alkalmazhat\u00f3, lehet\u0151v\u00e9 teszik, hogy a ker\u00edt\u00e9s mindenf\u00e9le elemhez kapcsol\u00f3djon: dr\u00f3tker\u00edt\u00e9s, horganyzott f\u00e9mr\u00e1cs, l\u00e9cker\u00edt\u00e9s, ap\u00e1car\u00e1cs.<\/span><\/p>\n<p><span style=\"color: #ffffff;\">Anyaga: m\u0171anyag, sz\u00edne z\u00f6ld, UV \u00e1ll\u00f3, \u00edgy a k\u00e1ros napsug\u00e1rz\u00e1snak ellen \u00e1ll<\/span><\/p>\n<p><span style=\"color: #ffffff;\">Hossza: 14 cm.<\/span><\/p>\n<p><span style=\"color: #ffffff;\">A csomag tartalma:50 db<\/span><\/p>\n<p><span style=\"color: #ffffff;\">El\u00e9rhet\u0151 t\u00f6bbf\u00e9le m\u00e9retben \u00e9s \u00e1rban.<\/span><\/p>\n<p><span style=\"color: #ffffff;\"><strong>K\u00e9szlet\u00fcnk napi szinten v\u00e1ltozik, ez\u00e9rt k\u00e9rj\u00fck, \u00e9rdekl\u0151dj\u00f6n szem\u00e9lyesen, telefonon vagy email-en.<br \/>\nA v\u00e1ltoztat\u00e1s jog\u00e1t fenntartjuk!\u00a0<\/strong><\/span><\/p>\n<p><span style=\"color: #ffffff;\">Haszn\u00e1lja a t\u00f6k\u00e9letes r\u00f6gz\u00edt\u00e9shez ezt a m\u0171anyag gyorsk\u00f6t\u00f6z\u0151t, mely seg\u00edts\u00e9g\u00e9vel a kerti h\u00e1l\u00f3 ellen\u00e1ll a sz\u00e9lnek is. Beh\u00faz\u00e1s ut\u00e1n nem nyithat\u00f3 ki.<\/span><\/p>\n<p><span style=\"color: #ffffff;\">Egyszer\u0171en alkalmazhat\u00f3, lehet\u0151v\u00e9 teszik, hogy a ker\u00edt\u00e9s mindenf\u00e9le elemhez kapcsol\u00f3djon: dr\u00f3tker\u00edt\u00e9s, horganyzott f\u00e9mr\u00e1cs, l\u00e9cker\u00edt\u00e9s, ap\u00e1car\u00e1cs.<\/span><\/p>\n<p><span style=\"color: #ffffff;\">Anyaga: m\u0171anyag, sz\u00edne z\u00f6ld, UV \u00e1ll\u00f3, \u00edgy a k\u00e1ros napsug\u00e1rz\u00e1snak ellen \u00e1ll<\/span><\/p>\n<p><span style=\"color: #ffffff;\">Hossza: 14 cm.<\/span><\/p>\n<p><span style=\"color: #ffffff;\">A csomag tartalma:50 db<\/span><\/p>\n<p><span style=\"color: #ffffff;\">El\u00e9rhet\u0151 t\u00f6bbf\u00e9le m\u00e9retben \u00e9s \u00e1rban.<\/span><\/p>\n<p><span style=\"color: #ffffff;\"><strong>K\u00e9szlet\u00fcnk napi szinten v\u00e1ltozik, ez\u00e9rt k\u00e9rj\u00fck, \u00e9rdekl\u0151dj\u00f6n szem\u00e9lyesen, telefonon vagy email-en.<br \/>\nA v\u00e1ltoztat\u00e1s jog\u00e1t fenntartjuk!\u00a0<\/strong><\/span><\/p>\n<p>&nbsp;<\/p>","protected":false},"excerpt":{"rendered":"<p>Nortene Vegring n\u00f6v\u00e9nykapocs 16-20-25 mm<\/p>","protected":false},"featured_media":8887,"template":"","meta":{"_et_pb_use_builder":"","_et_pb_old_content":"","_et_gb_content_width":""},"product_brand":[],"product_cat":[1526],"product_tag":[2591],"class_list":{"0":"post-8886","1":"product","2":"type-product","3":"status-publish","4":"has-post-thumbnail","6":"product_cat-kotozok","7":"product_tag-nortene-vegring-novenykapocs","9":"first","10":"instock","11":"shipping-taxable","12":"purchasable","13":"product-type-simple"},"yoast_head":"<!-- This site is optimized with the Yoast SEO plugin v27.5 - https:\/\/yoast.com\/product\/yoast-seo-wordpress\/ -->\n<title>Nortene Vegring n\u00f6v\u00e9nykapocs 16-20-25 mm - T\u00e1jkert\u00e9sz<\/title>\n<meta name=\"description\" content=\"Nortene Vegring n\u00f6v\u00e9nykapocs 16-20-25 mm\" \/>\n<meta name=\"robots\" content=\"index, follow, max-snippet:-1, max-image-preview:large, max-video-preview:-1\" \/>\n<link rel=\"canonical\" href=\"https:\/\/tajkertesz.com\/en_US\/product\/nortene-vegring-novenykapocs-16-20-25-mm\/\" \/>\n<meta property=\"og:locale\" content=\"en_US\" \/>\n<meta property=\"og:type\" content=\"article\" \/>\n<meta property=\"og:title\" content=\"Nortene Vegring n\u00f6v\u00e9nykapocs 16-20-25 mm - T\u00e1jkert\u00e9sz\" \/>\n<meta property=\"og:description\" content=\"Nortene Vegring n\u00f6v\u00e9nykapocs 16-20-25 mm\" \/>\n<meta property=\"og:url\" content=\"https:\/\/tajkertesz.com\/en_US\/product\/nortene-vegring-novenykapocs-16-20-25-mm\/\" \/>\n<meta property=\"og:site_name\" content=\"T\u00e1jkert\u00e9sz\" \/>\n<meta property=\"article:publisher\" content=\"https:\/\/www.facebook.com\/Tajkertesz\/\" \/>\n<meta property=\"article:modified_time\" content=\"2026-02-24T11:01:54+00:00\" \/>\n<meta property=\"og:image\" content=\"https:\/\/tajkertesz.com\/wp-content\/uploads\/2021\/08\/5022804.jpg\" \/>\n\t<meta property=\"og:image:width\" content=\"1024\" \/>\n\t<meta property=\"og:image:height\" content=\"1541\" \/>\n\t<meta property=\"og:image:type\" content=\"image\/jpeg\" \/>\n<meta name=\"twitter:card\" content=\"summary_large_image\" \/>\n<meta name=\"twitter:label1\" content=\"Est. reading time\" \/>\n\t<meta name=\"twitter:data1\" content=\"2 minutes\" \/>\n<script type=\"application\/ld+json\" class=\"yoast-schema-graph\">{\"@context\":\"https:\\\/\\\/schema.org\",\"@graph\":[{\"@type\":\"WebPage\",\"@id\":\"https:\\\/\\\/tajkertesz.com\\\/termek\\\/nortene-vegring-novenykapocs-16-20-25-mm\\\/\",\"url\":\"https:\\\/\\\/tajkertesz.com\\\/termek\\\/nortene-vegring-novenykapocs-16-20-25-mm\\\/\",\"name\":\"Nortene Vegring n\u00f6v\u00e9nykapocs 16-20-25 mm - T\u00e1jkert\u00e9sz\",\"isPartOf\":{\"@id\":\"https:\\\/\\\/tajkertesz.com\\\/#website\"},\"primaryImageOfPage\":{\"@id\":\"https:\\\/\\\/tajkertesz.com\\\/termek\\\/nortene-vegring-novenykapocs-16-20-25-mm\\\/#primaryimage\"},\"image\":{\"@id\":\"https:\\\/\\\/tajkertesz.com\\\/termek\\\/nortene-vegring-novenykapocs-16-20-25-mm\\\/#primaryimage\"},\"thumbnailUrl\":\"https:\\\/\\\/tajkertesz.com\\\/wp-content\\\/uploads\\\/2021\\\/08\\\/5022804.jpg\",\"datePublished\":\"2021-08-31T06:49:21+00:00\",\"dateModified\":\"2026-02-24T11:01:54+00:00\",\"description\":\"Nortene Vegring n\u00f6v\u00e9nykapocs 16-20-25 mm\",\"breadcrumb\":{\"@id\":\"https:\\\/\\\/tajkertesz.com\\\/termek\\\/nortene-vegring-novenykapocs-16-20-25-mm\\\/#breadcrumb\"},\"inLanguage\":\"en-US\",\"potentialAction\":[{\"@type\":\"ReadAction\",\"target\":[\"https:\\\/\\\/tajkertesz.com\\\/termek\\\/nortene-vegring-novenykapocs-16-20-25-mm\\\/\"]}]},{\"@type\":\"ImageObject\",\"inLanguage\":\"en-US\",\"@id\":\"https:\\\/\\\/tajkertesz.com\\\/termek\\\/nortene-vegring-novenykapocs-16-20-25-mm\\\/#primaryimage\",\"url\":\"https:\\\/\\\/tajkertesz.com\\\/wp-content\\\/uploads\\\/2021\\\/08\\\/5022804.jpg\",\"contentUrl\":\"https:\\\/\\\/tajkertesz.com\\\/wp-content\\\/uploads\\\/2021\\\/08\\\/5022804.jpg\",\"width\":1024,\"height\":1541},{\"@type\":\"BreadcrumbList\",\"@id\":\"https:\\\/\\\/tajkertesz.com\\\/termek\\\/nortene-vegring-novenykapocs-16-20-25-mm\\\/#breadcrumb\",\"itemListElement\":[{\"@type\":\"ListItem\",\"position\":1,\"name\":\"Home\",\"item\":\"https:\\\/\\\/tajkertesz.com\\\/\"},{\"@type\":\"ListItem\",\"position\":2,\"name\":\"Kezd\u0151lap\",\"item\":\"https:\\\/\\\/tajkertesz.com\\\/\"},{\"@type\":\"ListItem\",\"position\":3,\"name\":\"Nortene Vegring n\u00f6v\u00e9nykapocs 16-20-25 mm\"}]},{\"@type\":\"WebSite\",\"@id\":\"https:\\\/\\\/tajkertesz.com\\\/#website\",\"url\":\"https:\\\/\\\/tajkertesz.com\\\/\",\"name\":\"T\u00e1j-Kert\u00e9sz 84 Kft.\",\"description\":\"Kert\u00e9szeti kis- \u00e9s nagykeresked\u00e9s, D\u00edszn\u00f6v\u00e9ny web\u00e1ruh\u00e1z orsz\u00e1gos h\u00e1zhozsz\u00e1ll\u00edt\u00e1ssal!\",\"publisher\":{\"@id\":\"https:\\\/\\\/tajkertesz.com\\\/#organization\"},\"potentialAction\":[{\"@type\":\"SearchAction\",\"target\":{\"@type\":\"EntryPoint\",\"urlTemplate\":\"https:\\\/\\\/tajkertesz.com\\\/?s={search_term_string}\"},\"query-input\":{\"@type\":\"PropertyValueSpecification\",\"valueRequired\":true,\"valueName\":\"search_term_string\"}}],\"inLanguage\":\"en-US\"},{\"@type\":\"Organization\",\"@id\":\"https:\\\/\\\/tajkertesz.com\\\/#organization\",\"name\":\"T\u00e1j-Kert\u00e9sz 84 Kft.\",\"url\":\"https:\\\/\\\/tajkertesz.com\\\/\",\"logo\":{\"@type\":\"ImageObject\",\"inLanguage\":\"en-US\",\"@id\":\"https:\\\/\\\/tajkertesz.com\\\/#\\\/schema\\\/logo\\\/image\\\/\",\"url\":\"https:\\\/\\\/tajkertesz.com\\\/wp-content\\\/uploads\\\/2018\\\/02\\\/logo-2-e1518678052539.png\",\"contentUrl\":\"https:\\\/\\\/tajkertesz.com\\\/wp-content\\\/uploads\\\/2018\\\/02\\\/logo-2-e1518678052539.png\",\"width\":81,\"height\":140,\"caption\":\"T\u00e1j-Kert\u00e9sz 84 Kft.\"},\"image\":{\"@id\":\"https:\\\/\\\/tajkertesz.com\\\/#\\\/schema\\\/logo\\\/image\\\/\"},\"sameAs\":[\"https:\\\/\\\/www.facebook.com\\\/Tajkertesz\\\/\"]}]}<\/script>\n<!-- \/ Yoast SEO plugin. -->","yoast_head_json":{"title":"Nortene Vegring n\u00f6v\u00e9nykapocs 16-20-25 mm - T\u00e1jkert\u00e9sz","description":"Nortene Vegring n\u00f6v\u00e9nykapocs 16-20-25 mm","robots":{"index":"index","follow":"follow","max-snippet":"max-snippet:-1","max-image-preview":"max-image-preview:large","max-video-preview":"max-video-preview:-1"},"canonical":"https:\/\/tajkertesz.com\/en_US\/product\/nortene-vegring-novenykapocs-16-20-25-mm\/","og_locale":"en_US","og_type":"article","og_title":"Nortene Vegring n\u00f6v\u00e9nykapocs 16-20-25 mm - T\u00e1jkert\u00e9sz","og_description":"Nortene Vegring n\u00f6v\u00e9nykapocs 16-20-25 mm","og_url":"https:\/\/tajkertesz.com\/en_US\/product\/nortene-vegring-novenykapocs-16-20-25-mm\/","og_site_name":"T\u00e1jkert\u00e9sz","article_publisher":"https:\/\/www.facebook.com\/Tajkertesz\/","article_modified_time":"2026-02-24T11:01:54+00:00","og_image":[{"width":1024,"height":1541,"url":"https:\/\/tajkertesz.com\/wp-content\/uploads\/2021\/08\/5022804.jpg","type":"image\/jpeg"}],"twitter_card":"summary_large_image","twitter_misc":{"Est. reading time":"2 minutes"},"schema":{"@context":"https:\/\/schema.org","@graph":[{"@type":"WebPage","@id":"https:\/\/tajkertesz.com\/termek\/nortene-vegring-novenykapocs-16-20-25-mm\/","url":"https:\/\/tajkertesz.com\/termek\/nortene-vegring-novenykapocs-16-20-25-mm\/","name":"Nortene Vegring n\u00f6v\u00e9nykapocs 16-20-25 mm - T\u00e1jkert\u00e9sz","isPartOf":{"@id":"https:\/\/tajkertesz.com\/#website"},"primaryImageOfPage":{"@id":"https:\/\/tajkertesz.com\/termek\/nortene-vegring-novenykapocs-16-20-25-mm\/#primaryimage"},"image":{"@id":"https:\/\/tajkertesz.com\/termek\/nortene-vegring-novenykapocs-16-20-25-mm\/#primaryimage"},"thumbnailUrl":"https:\/\/tajkertesz.com\/wp-content\/uploads\/2021\/08\/5022804.jpg","datePublished":"2021-08-31T06:49:21+00:00","dateModified":"2026-02-24T11:01:54+00:00","description":"Nortene Vegring n\u00f6v\u00e9nykapocs 16-20-25 mm","breadcrumb":{"@id":"https:\/\/tajkertesz.com\/termek\/nortene-vegring-novenykapocs-16-20-25-mm\/#breadcrumb"},"inLanguage":"en-US","potentialAction":[{"@type":"ReadAction","target":["https:\/\/tajkertesz.com\/termek\/nortene-vegring-novenykapocs-16-20-25-mm\/"]}]},{"@type":"ImageObject","inLanguage":"en-US","@id":"https:\/\/tajkertesz.com\/termek\/nortene-vegring-novenykapocs-16-20-25-mm\/#primaryimage","url":"https:\/\/tajkertesz.com\/wp-content\/uploads\/2021\/08\/5022804.jpg","contentUrl":"https:\/\/tajkertesz.com\/wp-content\/uploads\/2021\/08\/5022804.jpg","width":1024,"height":1541},{"@type":"BreadcrumbList","@id":"https:\/\/tajkertesz.com\/termek\/nortene-vegring-novenykapocs-16-20-25-mm\/#breadcrumb","itemListElement":[{"@type":"ListItem","position":1,"name":"Home","item":"https:\/\/tajkertesz.com\/"},{"@type":"ListItem","position":2,"name":"Kezd\u0151lap","item":"https:\/\/tajkertesz.com\/"},{"@type":"ListItem","position":3,"name":"Nortene Vegring n\u00f6v\u00e9nykapocs 16-20-25 mm"}]},{"@type":"WebSite","@id":"https:\/\/tajkertesz.com\/#website","url":"https:\/\/tajkertesz.com\/","name":"T\u00e1j-Kert\u00e9sz 84 Kft.","description":"Kert\u00e9szeti kis- \u00e9s nagykeresked\u00e9s, D\u00edszn\u00f6v\u00e9ny web\u00e1ruh\u00e1z orsz\u00e1gos h\u00e1zhozsz\u00e1ll\u00edt\u00e1ssal!","publisher":{"@id":"https:\/\/tajkertesz.com\/#organization"},"potentialAction":[{"@type":"SearchAction","target":{"@type":"EntryPoint","urlTemplate":"https:\/\/tajkertesz.com\/?s={search_term_string}"},"query-input":{"@type":"PropertyValueSpecification","valueRequired":true,"valueName":"search_term_string"}}],"inLanguage":"en-US"},{"@type":"Organization","@id":"https:\/\/tajkertesz.com\/#organization","name":"T\u00e1j-Kert\u00e9sz 84 Kft.","url":"https:\/\/tajkertesz.com\/","logo":{"@type":"ImageObject","inLanguage":"en-US","@id":"https:\/\/tajkertesz.com\/#\/schema\/logo\/image\/","url":"https:\/\/tajkertesz.com\/wp-content\/uploads\/2018\/02\/logo-2-e1518678052539.png","contentUrl":"https:\/\/tajkertesz.com\/wp-content\/uploads\/2018\/02\/logo-2-e1518678052539.png","width":81,"height":140,"caption":"T\u00e1j-Kert\u00e9sz 84 Kft."},"image":{"@id":"https:\/\/tajkertesz.com\/#\/schema\/logo\/image\/"},"sameAs":["https:\/\/www.facebook.com\/Tajkertesz\/"]}]}},"_links":{"self":[{"href":"https:\/\/tajkertesz.com\/en_US\/wp-json\/wp\/v2\/product\/8886","targetHints":{"allow":["GET"]}}],"collection":[{"href":"https:\/\/tajkertesz.com\/en_US\/wp-json\/wp\/v2\/product"}],"about":[{"href":"https:\/\/tajkertesz.com\/en_US\/wp-json\/wp\/v2\/types\/product"}],"wp:featuredmedia":[{"embeddable":true,"href":"https:\/\/tajkertesz.com\/en_US\/wp-json\/wp\/v2\/media\/8887"}],"wp:attachment":[{"href":"https:\/\/tajkertesz.com\/en_US\/wp-json\/wp\/v2\/media?parent=8886"}],"wp:term":[{"taxonomy":"product_brand","embeddable":true,"href":"https:\/\/tajkertesz.com\/en_US\/wp-json\/wp\/v2\/product_brand?post=8886"},{"taxonomy":"product_cat","embeddable":true,"href":"https:\/\/tajkertesz.com\/en_US\/wp-json\/wp\/v2\/product_cat?post=8886"},{"taxonomy":"product_tag","embeddable":true,"href":"https:\/\/tajkertesz.com\/en_US\/wp-json\/wp\/v2\/product_tag?post=8886"}],"curies":[{"name":"wp","href":"https:\/\/api.w.org\/{rel}","templated":true}]}}