{"id":8913,"date":"2021-08-31T09:48:42","date_gmt":"2021-08-31T09:48:42","guid":{"rendered":"https:\/\/tajkertesz.com\/?post_type=product&#038;p=8913"},"modified":"2023-12-16T12:54:20","modified_gmt":"2023-12-16T12:54:20","slug":"tilia-americana-nova-amerikai-hars","status":"publish","type":"product","link":"https:\/\/tajkertesz.com\/en_US\/product\/tilia-americana-nova-amerikai-hars\/","title":{"rendered":"Tilia americana &#8216;Nova&#8217; &#8211; Amerikai h\u00e1rs"},"content":{"rendered":"<h3 class=\"LC20lb DKV0Md\">Tilia americana &#8216;Nova&#8217; &#8211; Amerikai h\u00e1rs<\/h3>\n<p class=\"LC20lb DKV0Md\">Tilia americana &#8216;Nova&#8217; &#8211; Amerikai h\u00e1rs<\/p>\n<p>20-30 m\u00e9ter magasra n\u00f6v\u0151, toj\u00e1sdad form\u00e1j\u00fa, s\u0171r\u0171 lomb\u00fa lombhullat\u00f3. Az els\u0151 k\u00e9t \u00e9vben keveset n\u0151, a harmadik \u00e9vt\u0151l m\u00e1r er\u0151sebbet \u00e9s a negyedik \u00e9vt\u0151l kezd el er\u0151sen n\u00f6vekedni. Levele a hagyom\u00e1nyos h\u00e1rsfa lev\u00e9l, nagyobb m\u00e9ret\u0171, eg\u00e9sz \u00e9vben z\u00f6ld. \u0150sszel sok\u00e1ig megmarad a f\u00e1n.\u00a0Vir\u00e1ga\u00a0(mint minden h\u00e1rsnak) nem l\u00e1tv\u00e1nyos, de\u00a0illatos. Tart\u00e1sa k\u00f6nny\u0171, de \u00e9rdemes szervesanyagban gazdagabb talajt el\u0151k\u00e9sz\u00edteni.<\/p>\n<p>Jelen term\u00e9k\u00fcnk 200\/250 cm\u00a0 m\u00e9retben<\/p>\n<p>M\u00e9ret\u00e9n\u00e9l fogva postai csomagk\u00e9nt k\u00fcld\u00e9se nem\u00a0 megoldhat\u00f3.<\/p>\n<p><b>K\u00e9szlet\u00fcnk napi szinten v\u00e1ltozik, ez\u00e9rt k\u00e9rj\u00fck, \u00e9rdekl\u0151dj\u00f6n szem\u00e9lyesen, telefonon vagy email-en.<br \/>\nA v\u00e1ltoztat\u00e1s jog\u00e1t fenntartjuk!<\/b><\/p>\n<p><a href=\"https:\/\/tajkertesz.com\/\">https:\/\/tajkertesz.com\/<\/a><\/p>\n<p><a href=\"https:\/\/www.facebook.com\/tajkertesz\">https:\/\/www.facebook.com\/tajkertesz<\/a><\/p>\n<p><span style=\"color: #ffffff;\">15-20m magas, k\u00fap alak\u00fa koron\u00e1j\u00fa fa, levele v\u00f6r\u00f6s, tavaszt\u00f3l-\u0151szig sz\u00e9p sz\u00ednhat\u00e1st ad. Kihajt\u00e1skor sz\u00e9les, r\u00e1ncos fel\u00fclet\u0171 levelei, s\u00f6t\u00e9tbarn\u00e1s sz\u00edn\u0171ek, 10-15cm nagys\u00e1g\u00faak. K\u00e9s\u0151bb f\u00e9nytelen, feket\u00e9s-v\u00f6r\u00f6ss\u00e9 v\u00e1lnak. V\u00f6r\u00f6s, sz\u00e9p s\u00e1rga porz\u00f3j\u00fa vir\u00e1gai vannak.Betegs\u00e9gekkel szemben ellen\u00e1ll\u00f3\u00a0<strong>diszfa<\/strong>\u00a0fajta.Keletkez\u00e9s\u00e9t tekintve, mintegy 70 \u00e9vvel ezel\u0151tt ker\u00fclt forgalomba a\u00a0<strong>bord\u00f3 level\u0171 juhar<\/strong>, Franciaorsz\u00e1gban. G\u00f6mb\u00f6lyded, sz\u00e9les, k\u00fapalak\u00fa koron\u00e1j\u00fa<strong>\u00a0diszfa<\/strong>, mely 10-18 m magass\u00e1gra is megn\u0151. Kihajt\u00e1skor sz\u00e9les, r\u00e1ncos fel\u00fclet\u0171 levelei, s\u00f6t\u00e9tbarn\u00e1s sz\u00edn\u0171ek, melyek 10-15 cm nagys\u00e1g\u00faak. K\u00e9s\u0151bb f\u00e9nytelen, feket\u00e9s-v\u00f6r\u00f6ss\u00e9 v\u00e1lnak. V\u00f6r\u00f6s, sz\u00e9p s\u00e1rga porz\u00f3j\u00fa, vir\u00e1gai vannak. Felt\u00e9tlen\u00fcl napos helyet ig\u00e9nyel\u0151\u00a0<strong>diszfa\u00a0<\/strong>a<strong>\u00a0bord\u00f3 level\u0171 juhar<\/strong>, tavaszt\u00f3l \u2013 \u0151szig, igen mutat\u00f3s sz\u00ednfoltja lehet, parkoknak,\u00a0<strong>kertek<\/strong>nek. Koronaalak\u00edt\u00f3 metsz\u00e9st fiatal kor\u00e1ban ig\u00e9nyel.<\/span><\/p>","protected":false},"excerpt":{"rendered":"<h3 class=\"LC20lb DKV0Md\">Tilia americana &#8216;Nova&#8217; &#8211; Amerikai h\u00e1rs<\/h3>","protected":false},"featured_media":8918,"template":"","meta":{"_et_pb_use_builder":"","_et_pb_old_content":"","_et_gb_content_width":""},"product_brand":[],"product_cat":[28],"product_tag":[2595],"class_list":{"0":"post-8913","1":"product","2":"type-product","3":"status-publish","4":"has-post-thumbnail","6":"product_cat-diszfak","7":"product_tag-tilia-americana-nova-amerikai-hars","9":"first","10":"outofstock","11":"shipping-taxable","12":"purchasable","13":"product-type-simple"},"yoast_head":"<!-- This site is optimized with the Yoast SEO plugin v27.4 - https:\/\/yoast.com\/product\/yoast-seo-wordpress\/ -->\n<title>Tilia americana &#039;Nova&#039; - Amerikai h\u00e1rs - T\u00e1jkert\u00e9sz<\/title>\n<meta name=\"description\" content=\"Tilia americana &#039;Nova&#039; - Amerikai h\u00e1rs\" \/>\n<meta name=\"robots\" content=\"index, follow, max-snippet:-1, max-image-preview:large, max-video-preview:-1\" \/>\n<link rel=\"canonical\" href=\"https:\/\/tajkertesz.com\/en_US\/product\/tilia-americana-nova-amerikai-hars\/\" \/>\n<meta property=\"og:locale\" content=\"en_US\" \/>\n<meta property=\"og:type\" content=\"article\" \/>\n<meta property=\"og:title\" content=\"Tilia americana &#039;Nova&#039; - Amerikai h\u00e1rs - T\u00e1jkert\u00e9sz\" \/>\n<meta property=\"og:description\" content=\"Tilia americana &#039;Nova&#039; - Amerikai h\u00e1rs\" \/>\n<meta property=\"og:url\" content=\"https:\/\/tajkertesz.com\/en_US\/product\/tilia-americana-nova-amerikai-hars\/\" \/>\n<meta property=\"og:site_name\" content=\"T\u00e1jkert\u00e9sz\" \/>\n<meta property=\"article:publisher\" content=\"https:\/\/www.facebook.com\/Tajkertesz\/\" \/>\n<meta property=\"article:modified_time\" content=\"2023-12-16T12:54:20+00:00\" \/>\n<meta property=\"og:image\" content=\"https:\/\/tajkertesz.com\/wp-content\/uploads\/2021\/08\/IMG_20210831_100806.jpg\" \/>\n\t<meta property=\"og:image:width\" content=\"517\" \/>\n\t<meta property=\"og:image:height\" content=\"600\" \/>\n\t<meta property=\"og:image:type\" content=\"image\/jpeg\" \/>\n<meta name=\"twitter:card\" content=\"summary_large_image\" \/>\n<meta name=\"twitter:label1\" content=\"Est. reading time\" \/>\n\t<meta name=\"twitter:data1\" content=\"2 minutes\" \/>\n<script type=\"application\/ld+json\" class=\"yoast-schema-graph\">{\"@context\":\"https:\\\/\\\/schema.org\",\"@graph\":[{\"@type\":\"WebPage\",\"@id\":\"https:\\\/\\\/tajkertesz.com\\\/termek\\\/tilia-americana-nova-amerikai-hars\\\/\",\"url\":\"https:\\\/\\\/tajkertesz.com\\\/termek\\\/tilia-americana-nova-amerikai-hars\\\/\",\"name\":\"Tilia americana 'Nova' - Amerikai h\u00e1rs - T\u00e1jkert\u00e9sz\",\"isPartOf\":{\"@id\":\"https:\\\/\\\/tajkertesz.com\\\/#website\"},\"primaryImageOfPage\":{\"@id\":\"https:\\\/\\\/tajkertesz.com\\\/termek\\\/tilia-americana-nova-amerikai-hars\\\/#primaryimage\"},\"image\":{\"@id\":\"https:\\\/\\\/tajkertesz.com\\\/termek\\\/tilia-americana-nova-amerikai-hars\\\/#primaryimage\"},\"thumbnailUrl\":\"https:\\\/\\\/tajkertesz.com\\\/wp-content\\\/uploads\\\/2021\\\/08\\\/IMG_20210831_100806.jpg\",\"datePublished\":\"2021-08-31T09:48:42+00:00\",\"dateModified\":\"2023-12-16T12:54:20+00:00\",\"description\":\"Tilia americana 'Nova' - Amerikai h\u00e1rs\",\"breadcrumb\":{\"@id\":\"https:\\\/\\\/tajkertesz.com\\\/termek\\\/tilia-americana-nova-amerikai-hars\\\/#breadcrumb\"},\"inLanguage\":\"en-US\",\"potentialAction\":[{\"@type\":\"ReadAction\",\"target\":[\"https:\\\/\\\/tajkertesz.com\\\/termek\\\/tilia-americana-nova-amerikai-hars\\\/\"]}]},{\"@type\":\"ImageObject\",\"inLanguage\":\"en-US\",\"@id\":\"https:\\\/\\\/tajkertesz.com\\\/termek\\\/tilia-americana-nova-amerikai-hars\\\/#primaryimage\",\"url\":\"https:\\\/\\\/tajkertesz.com\\\/wp-content\\\/uploads\\\/2021\\\/08\\\/IMG_20210831_100806.jpg\",\"contentUrl\":\"https:\\\/\\\/tajkertesz.com\\\/wp-content\\\/uploads\\\/2021\\\/08\\\/IMG_20210831_100806.jpg\",\"width\":517,\"height\":600,\"caption\":\"hdr\"},{\"@type\":\"BreadcrumbList\",\"@id\":\"https:\\\/\\\/tajkertesz.com\\\/termek\\\/tilia-americana-nova-amerikai-hars\\\/#breadcrumb\",\"itemListElement\":[{\"@type\":\"ListItem\",\"position\":1,\"name\":\"Home\",\"item\":\"https:\\\/\\\/tajkertesz.com\\\/\"},{\"@type\":\"ListItem\",\"position\":2,\"name\":\"Kezd\u0151lap\",\"item\":\"https:\\\/\\\/tajkertesz.com\\\/\"},{\"@type\":\"ListItem\",\"position\":3,\"name\":\"Tilia americana &#8216;Nova&#8217; &#8211; Amerikai h\u00e1rs\"}]},{\"@type\":\"WebSite\",\"@id\":\"https:\\\/\\\/tajkertesz.com\\\/#website\",\"url\":\"https:\\\/\\\/tajkertesz.com\\\/\",\"name\":\"T\u00e1j-Kert\u00e9sz 84 Kft.\",\"description\":\"Kert\u00e9szeti kis- \u00e9s nagykeresked\u00e9s, D\u00edszn\u00f6v\u00e9ny web\u00e1ruh\u00e1z orsz\u00e1gos h\u00e1zhozsz\u00e1ll\u00edt\u00e1ssal!\",\"publisher\":{\"@id\":\"https:\\\/\\\/tajkertesz.com\\\/#organization\"},\"potentialAction\":[{\"@type\":\"SearchAction\",\"target\":{\"@type\":\"EntryPoint\",\"urlTemplate\":\"https:\\\/\\\/tajkertesz.com\\\/?s={search_term_string}\"},\"query-input\":{\"@type\":\"PropertyValueSpecification\",\"valueRequired\":true,\"valueName\":\"search_term_string\"}}],\"inLanguage\":\"en-US\"},{\"@type\":\"Organization\",\"@id\":\"https:\\\/\\\/tajkertesz.com\\\/#organization\",\"name\":\"T\u00e1j-Kert\u00e9sz 84 Kft.\",\"url\":\"https:\\\/\\\/tajkertesz.com\\\/\",\"logo\":{\"@type\":\"ImageObject\",\"inLanguage\":\"en-US\",\"@id\":\"https:\\\/\\\/tajkertesz.com\\\/#\\\/schema\\\/logo\\\/image\\\/\",\"url\":\"https:\\\/\\\/tajkertesz.com\\\/wp-content\\\/uploads\\\/2018\\\/02\\\/logo-2-e1518678052539.png\",\"contentUrl\":\"https:\\\/\\\/tajkertesz.com\\\/wp-content\\\/uploads\\\/2018\\\/02\\\/logo-2-e1518678052539.png\",\"width\":81,\"height\":140,\"caption\":\"T\u00e1j-Kert\u00e9sz 84 Kft.\"},\"image\":{\"@id\":\"https:\\\/\\\/tajkertesz.com\\\/#\\\/schema\\\/logo\\\/image\\\/\"},\"sameAs\":[\"https:\\\/\\\/www.facebook.com\\\/Tajkertesz\\\/\"]}]}<\/script>\n<!-- \/ Yoast SEO plugin. -->","yoast_head_json":{"title":"Tilia americana 'Nova' - Amerikai h\u00e1rs - T\u00e1jkert\u00e9sz","description":"Tilia americana 'Nova' - Amerikai h\u00e1rs","robots":{"index":"index","follow":"follow","max-snippet":"max-snippet:-1","max-image-preview":"max-image-preview:large","max-video-preview":"max-video-preview:-1"},"canonical":"https:\/\/tajkertesz.com\/en_US\/product\/tilia-americana-nova-amerikai-hars\/","og_locale":"en_US","og_type":"article","og_title":"Tilia americana 'Nova' - Amerikai h\u00e1rs - T\u00e1jkert\u00e9sz","og_description":"Tilia americana 'Nova' - Amerikai h\u00e1rs","og_url":"https:\/\/tajkertesz.com\/en_US\/product\/tilia-americana-nova-amerikai-hars\/","og_site_name":"T\u00e1jkert\u00e9sz","article_publisher":"https:\/\/www.facebook.com\/Tajkertesz\/","article_modified_time":"2023-12-16T12:54:20+00:00","og_image":[{"width":517,"height":600,"url":"https:\/\/tajkertesz.com\/wp-content\/uploads\/2021\/08\/IMG_20210831_100806.jpg","type":"image\/jpeg"}],"twitter_card":"summary_large_image","twitter_misc":{"Est. reading time":"2 minutes"},"schema":{"@context":"https:\/\/schema.org","@graph":[{"@type":"WebPage","@id":"https:\/\/tajkertesz.com\/termek\/tilia-americana-nova-amerikai-hars\/","url":"https:\/\/tajkertesz.com\/termek\/tilia-americana-nova-amerikai-hars\/","name":"Tilia americana 'Nova' - Amerikai h\u00e1rs - T\u00e1jkert\u00e9sz","isPartOf":{"@id":"https:\/\/tajkertesz.com\/#website"},"primaryImageOfPage":{"@id":"https:\/\/tajkertesz.com\/termek\/tilia-americana-nova-amerikai-hars\/#primaryimage"},"image":{"@id":"https:\/\/tajkertesz.com\/termek\/tilia-americana-nova-amerikai-hars\/#primaryimage"},"thumbnailUrl":"https:\/\/tajkertesz.com\/wp-content\/uploads\/2021\/08\/IMG_20210831_100806.jpg","datePublished":"2021-08-31T09:48:42+00:00","dateModified":"2023-12-16T12:54:20+00:00","description":"Tilia americana 'Nova' - Amerikai h\u00e1rs","breadcrumb":{"@id":"https:\/\/tajkertesz.com\/termek\/tilia-americana-nova-amerikai-hars\/#breadcrumb"},"inLanguage":"en-US","potentialAction":[{"@type":"ReadAction","target":["https:\/\/tajkertesz.com\/termek\/tilia-americana-nova-amerikai-hars\/"]}]},{"@type":"ImageObject","inLanguage":"en-US","@id":"https:\/\/tajkertesz.com\/termek\/tilia-americana-nova-amerikai-hars\/#primaryimage","url":"https:\/\/tajkertesz.com\/wp-content\/uploads\/2021\/08\/IMG_20210831_100806.jpg","contentUrl":"https:\/\/tajkertesz.com\/wp-content\/uploads\/2021\/08\/IMG_20210831_100806.jpg","width":517,"height":600,"caption":"hdr"},{"@type":"BreadcrumbList","@id":"https:\/\/tajkertesz.com\/termek\/tilia-americana-nova-amerikai-hars\/#breadcrumb","itemListElement":[{"@type":"ListItem","position":1,"name":"Home","item":"https:\/\/tajkertesz.com\/"},{"@type":"ListItem","position":2,"name":"Kezd\u0151lap","item":"https:\/\/tajkertesz.com\/"},{"@type":"ListItem","position":3,"name":"Tilia americana &#8216;Nova&#8217; &#8211; Amerikai h\u00e1rs"}]},{"@type":"WebSite","@id":"https:\/\/tajkertesz.com\/#website","url":"https:\/\/tajkertesz.com\/","name":"T\u00e1j-Kert\u00e9sz 84 Kft.","description":"Kert\u00e9szeti kis- \u00e9s nagykeresked\u00e9s, D\u00edszn\u00f6v\u00e9ny web\u00e1ruh\u00e1z orsz\u00e1gos h\u00e1zhozsz\u00e1ll\u00edt\u00e1ssal!","publisher":{"@id":"https:\/\/tajkertesz.com\/#organization"},"potentialAction":[{"@type":"SearchAction","target":{"@type":"EntryPoint","urlTemplate":"https:\/\/tajkertesz.com\/?s={search_term_string}"},"query-input":{"@type":"PropertyValueSpecification","valueRequired":true,"valueName":"search_term_string"}}],"inLanguage":"en-US"},{"@type":"Organization","@id":"https:\/\/tajkertesz.com\/#organization","name":"T\u00e1j-Kert\u00e9sz 84 Kft.","url":"https:\/\/tajkertesz.com\/","logo":{"@type":"ImageObject","inLanguage":"en-US","@id":"https:\/\/tajkertesz.com\/#\/schema\/logo\/image\/","url":"https:\/\/tajkertesz.com\/wp-content\/uploads\/2018\/02\/logo-2-e1518678052539.png","contentUrl":"https:\/\/tajkertesz.com\/wp-content\/uploads\/2018\/02\/logo-2-e1518678052539.png","width":81,"height":140,"caption":"T\u00e1j-Kert\u00e9sz 84 Kft."},"image":{"@id":"https:\/\/tajkertesz.com\/#\/schema\/logo\/image\/"},"sameAs":["https:\/\/www.facebook.com\/Tajkertesz\/"]}]}},"_links":{"self":[{"href":"https:\/\/tajkertesz.com\/en_US\/wp-json\/wp\/v2\/product\/8913","targetHints":{"allow":["GET"]}}],"collection":[{"href":"https:\/\/tajkertesz.com\/en_US\/wp-json\/wp\/v2\/product"}],"about":[{"href":"https:\/\/tajkertesz.com\/en_US\/wp-json\/wp\/v2\/types\/product"}],"wp:featuredmedia":[{"embeddable":true,"href":"https:\/\/tajkertesz.com\/en_US\/wp-json\/wp\/v2\/media\/8918"}],"wp:attachment":[{"href":"https:\/\/tajkertesz.com\/en_US\/wp-json\/wp\/v2\/media?parent=8913"}],"wp:term":[{"taxonomy":"product_brand","embeddable":true,"href":"https:\/\/tajkertesz.com\/en_US\/wp-json\/wp\/v2\/product_brand?post=8913"},{"taxonomy":"product_cat","embeddable":true,"href":"https:\/\/tajkertesz.com\/en_US\/wp-json\/wp\/v2\/product_cat?post=8913"},{"taxonomy":"product_tag","embeddable":true,"href":"https:\/\/tajkertesz.com\/en_US\/wp-json\/wp\/v2\/product_tag?post=8913"}],"curies":[{"name":"wp","href":"https:\/\/api.w.org\/{rel}","templated":true}]}}