{"id":8943,"date":"2021-09-01T08:32:19","date_gmt":"2021-09-01T08:32:19","guid":{"rendered":"https:\/\/tajkertesz.com\/?post_type=product&#038;p=8943"},"modified":"2026-04-01T12:41:00","modified_gmt":"2026-04-01T12:41:00","slug":"cortaderia-selloana-pampafu","status":"publish","type":"product","link":"https:\/\/tajkertesz.com\/en_US\/product\/cortaderia-selloana-pampafu\/","title":{"rendered":"Cortaderia selloana  pampaf\u0171"},"content":{"rendered":"<p>Cortaderia selloana &#8216; pampaf\u0171<\/p>\n<p>A Cortaderia selloana\u00a0 pampaf\u0171 2,5 m magara n\u00f6v\u0151 \u00e9vel\u0151 f\u0171f\u00e9le. A levelek \u00f6r\u00f6kz\u00f6ldek bar\u00e1zd\u00e1ltak, keskenyek, \u00edvesen kihajl\u00f3k, z\u00f6ld sz\u00edn\u0171ek \u00e9s \u00e9les sz\u00e9l\u0171ek. Egyenesen fel\u00e1ll\u00f3 vir\u00e1gsz\u00e1rai el\u00e9rik a 120-300cm-es magass\u00e1got. Hatalmas bug\u00e1ja 50-120 cm hossz\u00fa k\u00fapos, melyeket \u0151sszel hoz.<\/p>\n<p>Keszty\u0171t h\u00fazva a t\u00e9l el\u0151tt \u00f6ssze kell k\u00f6tni a leveleit, hogy a h\u00f3 ne \u00fclj\u00f6n a t\u00f6v\u00e9be. \u00c9rdemes 1 m\u00e9ter magass\u00e1gban visszav\u00e1gni.\u00a0 Aj\u00e1nlatos a t\u00f6v\u00e9t takarni, de nem a fagy miatt, ink\u00e1bb a besziv\u00e1rg\u00f3 v\u00edz mennyis\u00e9g\u00e9t korl\u00e1tozni. K\u00e1rtev\u0151je, betegs\u00e9ge nincs.<\/p>\n<p>Jelen term\u00e9k\u00fcnk kb: 150\/200 cm magas 9,5 l-es cser\u00e9pben<\/p>\n<p style=\"line-height: 18.0pt; background: white; margin: 0cm 0cm 15.0pt 0cm;\"><span style=\"color: black;\">El\u00e9rhet\u0151 t\u00f6bbf\u00e9le m\u00e9retben \u00e9s \u00e1rban.<\/span><\/p>\n<p style=\"line-height: 18.0pt; background: white; margin: 0cm 0cm 15.0pt 0cm;\"><b><span style=\"color: black;\">K\u00e9szlet\u00fcnk napi szinten v\u00e1ltozik, ez\u00e9rt k\u00e9rj\u00fck, \u00e9rdekl\u0151dj\u00f6n szem\u00e9lyesen, telefonon vagy email-en.<br \/>\nA v\u00e1ltoztat\u00e1s jog\u00e1t fenntartjuk!\u00a0<\/span><\/b><\/p>\n<p><a href=\"https:\/\/tajkertesz.com\/\">https:\/\/tajkertesz.com\/<\/a><\/p>\n<p><a href=\"https:\/\/www.facebook.com\/tajkertesz\">https:\/\/www.facebook.com\/tajkertesz<\/a><\/p>\n<h6><span id=\"Neve\" class=\"mw-headline\" style=\"color: #ffffff;\">Neve<\/span><\/h6>\n<h6><span style=\"color: #ffffff;\">A n\u00f6v\u00e9nyt 1827-ben,\u00a0<a class=\"new\" style=\"color: #ffffff;\" title=\"Josef August Schultes (a lap nem l\u00e9tezik)\" href=\"https:\/\/hu.wikipedia.org\/w\/index.php?title=Josef_August_Schultes&amp;action=edit&amp;redlink=1\">Josef August Schultes<\/a>\u00a0\u00e9s fia\u00a0<a class=\"new\" style=\"color: #ffffff;\" title=\"Julius Hermann Schultes (a lap nem l\u00e9tezik)\" href=\"https:\/\/hu.wikipedia.org\/w\/index.php?title=Julius_Hermann_Schultes&amp;action=edit&amp;redlink=1\">Julius Hermann Schultes<\/a>\u00a0\u00edrt\u00e1k le \u00e9s nevezt\u00e9k meg. Ezt a f\u00fcvet\u00a0<a class=\"new\" style=\"color: #ffffff;\" title=\"Friedrich Sellow (a lap nem l\u00e9tezik)\" href=\"https:\/\/hu.wikipedia.org\/w\/index.php?title=Friedrich_Sellow&amp;action=edit&amp;redlink=1\">Friedrich Sellow<\/a>,\u00a0<a style=\"color: #ffffff;\" title=\"N\u00e9metek\" href=\"https:\/\/hu.wikipedia.org\/wiki\/N%C3%A9metek\">n\u00e9met<\/a>\u00a0<a style=\"color: #ffffff;\" title=\"Botanika\" href=\"https:\/\/hu.wikipedia.org\/wiki\/Botanika\">botanikusr\u00f3l<\/a>\u00a0&#8211; aki sokat tev\u00e9kenykedett D\u00e9l-Amerik\u00e1ban, f\u0151leg\u00a0<a style=\"color: #ffffff;\" title=\"Braz\u00edlia\" href=\"https:\/\/hu.wikipedia.org\/wiki\/Braz%C3%ADlia\">Braz\u00edli\u00e1ban<\/a>\u00a0&#8211; nevezt\u00e9k el.<\/span><\/h6>\n<h6><span style=\"color: #ffffff;\"><span id=\"El.C5.91fordul.C3.A1sa\"><\/span><span id=\"El\u0151fordul\u00e1sa\" class=\"mw-headline\">El\u0151fordul\u00e1sa<\/span><\/span><\/h6>\n<h6><span style=\"color: #ffffff;\">Az ez\u00fcst\u00f6s pampaf\u0171 amint a neve is mondja,\u00a0<a style=\"color: #ffffff;\" title=\"D\u00e9l-Amerika\" href=\"https:\/\/hu.wikipedia.org\/wiki\/D%C3%A9l-Amerika\">D\u00e9l-Amerika<\/a>\u00a0<a style=\"color: #ffffff;\" title=\"Pamp\u00e1k\" href=\"https:\/\/hu.wikipedia.org\/wiki\/Pamp%C3%A1k\">pamp\u00e1ir\u00f3l<\/a>\u00a0sz\u00e1rmazik. Manaps\u00e1g sz\u00e1mos helyen tartj\u00e1k parkbeli \u00e9s kertb\u00e9li\u00a0<a style=\"color: #ffffff;\" title=\"D\u00edszn\u00f6v\u00e9ny\" href=\"https:\/\/hu.wikipedia.org\/wiki\/D%C3%ADszn%C3%B6v%C3%A9ny\">d\u00edszn\u00f6v\u00e9nyk\u00e9nt<\/a>.<\/span><\/h6>\n<h6><span style=\"color: #ffffff;\"><span id=\"Megjelen.C3.A9se\"><\/span><span id=\"Megjelen\u00e9se\" class=\"mw-headline\">Megjelen\u00e9se<\/span><\/span><\/h6>\n<h6><span style=\"color: #ffffff;\">Ennek a 3\u00a0m\u00e9ter magasra is megn\u00f6v\u0151 f\u0171nek, s\u0171r\u0171 kal\u00e1szai vannak. A\u00a0<a style=\"color: #ffffff;\" title=\"Lev\u00e9l (botanika)\" href=\"https:\/\/hu.wikipedia.org\/wiki\/Lev%C3%A9l_(botanika)\">levelei<\/a>\u00a0hossz\u00faak \u00e9s karcs\u00faak, \u00e1ltal\u00e1ban 1-2\u00a0m\u00e9ter hossz\u00faak \u00e9s 1\u00a0centim\u00e9ter sz\u00e9lesek; a sz\u00e9l\u00fck nagyon \u00e9les. A levelek sz\u00edne k\u00e9kesz\u00f6ld, de ez\u00fcst\u00f6s-sz\u00fcrke is lehet. A\u00a0<a style=\"color: #ffffff;\" title=\"Vir\u00e1gzat\" href=\"https:\/\/hu.wikipedia.org\/wiki\/Vir%C3%A1gzat\">kal\u00e1szvir\u00e1gzata<\/a>\u00a020-40\u00a0centim\u00e9ter magas \u00e9s feh\u00e9r, vagy piszkos s\u00e1rga sz\u00edn\u0171.<\/span><\/h6>\n<h6><span style=\"color: #ffffff;\"><span id=\".C3.89letm.C3.B3dja\"><\/span><span id=\"\u00c9letm\u00f3dja\" class=\"mw-headline\">\u00c9letm\u00f3dja<\/span><\/span><\/h6>\n<h6><span style=\"color: #ffffff;\">Az ez\u00fcst\u00f6s pampaf\u0171 sokf\u00e9le talajon \u00e9s \u00e9ghajlati k\u00f6r\u00fclm\u00e9nyek alatt k\u00e9pes n\u0151ni. Igen j\u00f3l szaporodik; egy p\u00e9ld\u00e1ny, \u00e9lete sor\u00e1n ak\u00e1r 1\u00a0milli\u00f3\u00a0<a style=\"color: #ffffff;\" title=\"Mag\" href=\"https:\/\/hu.wikipedia.org\/wiki\/Mag\">magot<\/a>\u00a0k\u00e9pes teremni. Emiatt egyes betelep\u00edtett helyeken, mint p\u00e9ld\u00e1ul\u00a0<a style=\"color: #ffffff;\" title=\"\u00daj-Z\u00e9land\" href=\"https:\/\/hu.wikipedia.org\/wiki\/%C3%9Aj-Z%C3%A9land\">\u00daj-Z\u00e9landon<\/a>\u00a0\u00e9s a\u00a0<a style=\"color: #ffffff;\" title=\"D\u00e9l-afrikai K\u00f6zt\u00e1rsas\u00e1g\" href=\"https:\/\/hu.wikipedia.org\/wiki\/D%C3%A9l-afrikai_K%C3%B6zt%C3%A1rsas%C3%A1g\">D\u00e9l-afrikai K\u00f6zt\u00e1rsas\u00e1gban<\/a>\u00a0<a style=\"color: #ffffff;\" title=\"Inv\u00e1zi\u00f3s faj\" href=\"https:\/\/hu.wikipedia.org\/wiki\/Inv%C3%A1zi%C3%B3s_faj\">inv\u00e1zi\u00f3s fajj\u00e1<\/a>\u00a0v\u00e1lt. Az \u00e9get\u00e9s nemigen \u00e1rt a n\u00f6v\u00e9nynek, mivel a\u00a0<a style=\"color: #ffffff;\" title=\"T\u0171z\" href=\"https:\/\/hu.wikipedia.org\/wiki\/T%C5%B1z\">t\u0171z<\/a>\u00a0nem \u00e9ri a\u00a0<a style=\"color: #ffffff;\" title=\"Gy\u00f6k\u00e9r\" href=\"https:\/\/hu.wikipedia.org\/wiki\/Gy%C3%B6k%C3%A9r\">gy\u00f6kereit<\/a>.<\/span><\/h6>\n<h6><\/h6>","protected":false},"excerpt":{"rendered":"<p>A Cortaderia selloana &#8216; pampaf\u0171 2,5 m magara n\u00f6v\u0151 \u00e9vel\u0151 f\u0171f\u00e9le. A levelek \u00f6r\u00f6kz\u00f6ldek bar\u00e1zd\u00e1ltak, keskenyek, \u00edvesen kihajl\u00f3k, z\u00f6ld sz\u00edn\u0171ek \u00e9s \u00e9les sz\u00e9l\u0171ek. Egyenesen fel\u00e1ll\u00f3 vir\u00e1gsz\u00e1rai el\u00e9rik a 120-300cm-es magass\u00e1got. Hatalmas bug\u00e1ja 50-120 cm hossz\u00fa k\u00fapos, melyeket \u0151sszel hoz.<\/p>\n<p>Keszty\u0171t h\u00fazva a t\u00e9l el\u0151tt \u00f6ssze kell k\u00f6tni a leveleit, hogy a h\u00f3 ne \u00fclj\u00f6n a t\u00f6v\u00e9be. \u00c9rdemes 1 m\u00e9ter magass\u00e1gban visszav\u00e1gni.\u00a0 Aj\u00e1nlatos a t\u00f6v\u00e9t takarni, de nem a fagy miatt, ink\u00e1bb a besziv\u00e1rg\u00f3 v\u00edz mennyis\u00e9g\u00e9t korl\u00e1tozni. K\u00e1rtev\u0151je, betegs\u00e9ge nincs.<\/p>\n<p>Jelen term\u00e9k\u00fcnk\u00a0 kb: 150\/200 cm magas 9,5 l-es cser\u00e9pben<\/p>","protected":false},"featured_media":13724,"template":"","meta":{"_et_pb_use_builder":"","_et_pb_old_content":"","_et_gb_content_width":""},"product_brand":[],"product_cat":[197],"product_tag":[474,476,475],"class_list":{"0":"post-8943","1":"product","2":"type-product","3":"status-publish","4":"has-post-thumbnail","6":"product_cat-diszfuvek-fufelek","7":"product_tag-cortaderia-selloana-rosea","8":"product_tag-pampafu","9":"product_tag-rozsaszin-viragu-pampafu","11":"first","12":"outofstock","13":"shipping-taxable","14":"product-type-simple"},"yoast_head":"<!-- This site is optimized with the Yoast SEO plugin v27.4 - https:\/\/yoast.com\/product\/yoast-seo-wordpress\/ -->\n<title>Cortaderia selloana pampaf\u0171 - T\u00e1jkert\u00e9sz<\/title>\n<meta name=\"description\" content=\"A Cortaderia selloana pampaf\u0171 2,5 m magara n\u00f6v\u0151 \u00e9vel\u0151 f\u0171f\u00e9le. A levelek \u00f6r\u00f6kz\u00f6ldek bar\u00e1zd\u00e1ltak \u00edvesen kihajl\u00f3k, z\u00f6ld sz\u00edn\u0171ek.\" \/>\n<meta name=\"robots\" content=\"index, follow, max-snippet:-1, max-image-preview:large, max-video-preview:-1\" \/>\n<link rel=\"canonical\" href=\"https:\/\/tajkertesz.com\/en_US\/product\/cortaderia-selloana-pampafu\/\" \/>\n<meta property=\"og:locale\" content=\"en_US\" \/>\n<meta property=\"og:type\" content=\"article\" \/>\n<meta property=\"og:title\" content=\"Cortaderia selloana pampaf\u0171 - T\u00e1jkert\u00e9sz\" \/>\n<meta property=\"og:description\" content=\"A Cortaderia selloana pampaf\u0171 2,5 m magara n\u00f6v\u0151 \u00e9vel\u0151 f\u0171f\u00e9le. A levelek \u00f6r\u00f6kz\u00f6ldek bar\u00e1zd\u00e1ltak \u00edvesen kihajl\u00f3k, z\u00f6ld sz\u00edn\u0171ek.\" \/>\n<meta property=\"og:url\" content=\"https:\/\/tajkertesz.com\/en_US\/product\/cortaderia-selloana-pampafu\/\" \/>\n<meta property=\"og:site_name\" content=\"T\u00e1jkert\u00e9sz\" \/>\n<meta property=\"article:publisher\" content=\"https:\/\/www.facebook.com\/Tajkertesz\/\" \/>\n<meta property=\"article:modified_time\" content=\"2026-04-01T12:41:00+00:00\" \/>\n<meta property=\"og:image\" content=\"https:\/\/tajkertesz.com\/wp-content\/uploads\/2021\/09\/cortaderia.jpg\" \/>\n\t<meta property=\"og:image:width\" content=\"674\" \/>\n\t<meta property=\"og:image:height\" content=\"899\" \/>\n\t<meta property=\"og:image:type\" content=\"image\/jpeg\" \/>\n<meta name=\"twitter:card\" content=\"summary_large_image\" \/>\n<meta name=\"twitter:label1\" content=\"Est. reading time\" \/>\n\t<meta name=\"twitter:data1\" content=\"2 minutes\" \/>\n<script type=\"application\/ld+json\" class=\"yoast-schema-graph\">{\"@context\":\"https:\\\/\\\/schema.org\",\"@graph\":[{\"@type\":\"WebPage\",\"@id\":\"https:\\\/\\\/tajkertesz.com\\\/termek\\\/cortaderia-selloana-pampafu\\\/\",\"url\":\"https:\\\/\\\/tajkertesz.com\\\/termek\\\/cortaderia-selloana-pampafu\\\/\",\"name\":\"Cortaderia selloana pampaf\u0171 - T\u00e1jkert\u00e9sz\",\"isPartOf\":{\"@id\":\"https:\\\/\\\/tajkertesz.com\\\/#website\"},\"primaryImageOfPage\":{\"@id\":\"https:\\\/\\\/tajkertesz.com\\\/termek\\\/cortaderia-selloana-pampafu\\\/#primaryimage\"},\"image\":{\"@id\":\"https:\\\/\\\/tajkertesz.com\\\/termek\\\/cortaderia-selloana-pampafu\\\/#primaryimage\"},\"thumbnailUrl\":\"https:\\\/\\\/tajkertesz.com\\\/wp-content\\\/uploads\\\/2021\\\/09\\\/cortaderia.jpg\",\"datePublished\":\"2021-09-01T08:32:19+00:00\",\"dateModified\":\"2026-04-01T12:41:00+00:00\",\"description\":\"A Cortaderia selloana pampaf\u0171 2,5 m magara n\u00f6v\u0151 \u00e9vel\u0151 f\u0171f\u00e9le. A levelek \u00f6r\u00f6kz\u00f6ldek bar\u00e1zd\u00e1ltak \u00edvesen kihajl\u00f3k, z\u00f6ld sz\u00edn\u0171ek.\",\"breadcrumb\":{\"@id\":\"https:\\\/\\\/tajkertesz.com\\\/termek\\\/cortaderia-selloana-pampafu\\\/#breadcrumb\"},\"inLanguage\":\"en-US\",\"potentialAction\":[{\"@type\":\"ReadAction\",\"target\":[\"https:\\\/\\\/tajkertesz.com\\\/termek\\\/cortaderia-selloana-pampafu\\\/\"]}]},{\"@type\":\"ImageObject\",\"inLanguage\":\"en-US\",\"@id\":\"https:\\\/\\\/tajkertesz.com\\\/termek\\\/cortaderia-selloana-pampafu\\\/#primaryimage\",\"url\":\"https:\\\/\\\/tajkertesz.com\\\/wp-content\\\/uploads\\\/2021\\\/09\\\/cortaderia.jpg\",\"contentUrl\":\"https:\\\/\\\/tajkertesz.com\\\/wp-content\\\/uploads\\\/2021\\\/09\\\/cortaderia.jpg\",\"width\":674,\"height\":899},{\"@type\":\"BreadcrumbList\",\"@id\":\"https:\\\/\\\/tajkertesz.com\\\/termek\\\/cortaderia-selloana-pampafu\\\/#breadcrumb\",\"itemListElement\":[{\"@type\":\"ListItem\",\"position\":1,\"name\":\"Home\",\"item\":\"https:\\\/\\\/tajkertesz.com\\\/\"},{\"@type\":\"ListItem\",\"position\":2,\"name\":\"Kezd\u0151lap\",\"item\":\"https:\\\/\\\/tajkertesz.com\\\/\"},{\"@type\":\"ListItem\",\"position\":3,\"name\":\"Cortaderia selloana pampaf\u0171\"}]},{\"@type\":\"WebSite\",\"@id\":\"https:\\\/\\\/tajkertesz.com\\\/#website\",\"url\":\"https:\\\/\\\/tajkertesz.com\\\/\",\"name\":\"T\u00e1j-Kert\u00e9sz 84 Kft.\",\"description\":\"Kert\u00e9szeti kis- \u00e9s nagykeresked\u00e9s, D\u00edszn\u00f6v\u00e9ny web\u00e1ruh\u00e1z orsz\u00e1gos h\u00e1zhozsz\u00e1ll\u00edt\u00e1ssal!\",\"publisher\":{\"@id\":\"https:\\\/\\\/tajkertesz.com\\\/#organization\"},\"potentialAction\":[{\"@type\":\"SearchAction\",\"target\":{\"@type\":\"EntryPoint\",\"urlTemplate\":\"https:\\\/\\\/tajkertesz.com\\\/?s={search_term_string}\"},\"query-input\":{\"@type\":\"PropertyValueSpecification\",\"valueRequired\":true,\"valueName\":\"search_term_string\"}}],\"inLanguage\":\"en-US\"},{\"@type\":\"Organization\",\"@id\":\"https:\\\/\\\/tajkertesz.com\\\/#organization\",\"name\":\"T\u00e1j-Kert\u00e9sz 84 Kft.\",\"url\":\"https:\\\/\\\/tajkertesz.com\\\/\",\"logo\":{\"@type\":\"ImageObject\",\"inLanguage\":\"en-US\",\"@id\":\"https:\\\/\\\/tajkertesz.com\\\/#\\\/schema\\\/logo\\\/image\\\/\",\"url\":\"https:\\\/\\\/tajkertesz.com\\\/wp-content\\\/uploads\\\/2018\\\/02\\\/logo-2-e1518678052539.png\",\"contentUrl\":\"https:\\\/\\\/tajkertesz.com\\\/wp-content\\\/uploads\\\/2018\\\/02\\\/logo-2-e1518678052539.png\",\"width\":81,\"height\":140,\"caption\":\"T\u00e1j-Kert\u00e9sz 84 Kft.\"},\"image\":{\"@id\":\"https:\\\/\\\/tajkertesz.com\\\/#\\\/schema\\\/logo\\\/image\\\/\"},\"sameAs\":[\"https:\\\/\\\/www.facebook.com\\\/Tajkertesz\\\/\"]}]}<\/script>\n<!-- \/ Yoast SEO plugin. -->","yoast_head_json":{"title":"Cortaderia selloana pampaf\u0171 - T\u00e1jkert\u00e9sz","description":"A Cortaderia selloana pampaf\u0171 2,5 m magara n\u00f6v\u0151 \u00e9vel\u0151 f\u0171f\u00e9le. A levelek \u00f6r\u00f6kz\u00f6ldek bar\u00e1zd\u00e1ltak \u00edvesen kihajl\u00f3k, z\u00f6ld sz\u00edn\u0171ek.","robots":{"index":"index","follow":"follow","max-snippet":"max-snippet:-1","max-image-preview":"max-image-preview:large","max-video-preview":"max-video-preview:-1"},"canonical":"https:\/\/tajkertesz.com\/en_US\/product\/cortaderia-selloana-pampafu\/","og_locale":"en_US","og_type":"article","og_title":"Cortaderia selloana pampaf\u0171 - T\u00e1jkert\u00e9sz","og_description":"A Cortaderia selloana pampaf\u0171 2,5 m magara n\u00f6v\u0151 \u00e9vel\u0151 f\u0171f\u00e9le. A levelek \u00f6r\u00f6kz\u00f6ldek bar\u00e1zd\u00e1ltak \u00edvesen kihajl\u00f3k, z\u00f6ld sz\u00edn\u0171ek.","og_url":"https:\/\/tajkertesz.com\/en_US\/product\/cortaderia-selloana-pampafu\/","og_site_name":"T\u00e1jkert\u00e9sz","article_publisher":"https:\/\/www.facebook.com\/Tajkertesz\/","article_modified_time":"2026-04-01T12:41:00+00:00","og_image":[{"width":674,"height":899,"url":"https:\/\/tajkertesz.com\/wp-content\/uploads\/2021\/09\/cortaderia.jpg","type":"image\/jpeg"}],"twitter_card":"summary_large_image","twitter_misc":{"Est. reading time":"2 minutes"},"schema":{"@context":"https:\/\/schema.org","@graph":[{"@type":"WebPage","@id":"https:\/\/tajkertesz.com\/termek\/cortaderia-selloana-pampafu\/","url":"https:\/\/tajkertesz.com\/termek\/cortaderia-selloana-pampafu\/","name":"Cortaderia selloana pampaf\u0171 - T\u00e1jkert\u00e9sz","isPartOf":{"@id":"https:\/\/tajkertesz.com\/#website"},"primaryImageOfPage":{"@id":"https:\/\/tajkertesz.com\/termek\/cortaderia-selloana-pampafu\/#primaryimage"},"image":{"@id":"https:\/\/tajkertesz.com\/termek\/cortaderia-selloana-pampafu\/#primaryimage"},"thumbnailUrl":"https:\/\/tajkertesz.com\/wp-content\/uploads\/2021\/09\/cortaderia.jpg","datePublished":"2021-09-01T08:32:19+00:00","dateModified":"2026-04-01T12:41:00+00:00","description":"A Cortaderia selloana pampaf\u0171 2,5 m magara n\u00f6v\u0151 \u00e9vel\u0151 f\u0171f\u00e9le. A levelek \u00f6r\u00f6kz\u00f6ldek bar\u00e1zd\u00e1ltak \u00edvesen kihajl\u00f3k, z\u00f6ld sz\u00edn\u0171ek.","breadcrumb":{"@id":"https:\/\/tajkertesz.com\/termek\/cortaderia-selloana-pampafu\/#breadcrumb"},"inLanguage":"en-US","potentialAction":[{"@type":"ReadAction","target":["https:\/\/tajkertesz.com\/termek\/cortaderia-selloana-pampafu\/"]}]},{"@type":"ImageObject","inLanguage":"en-US","@id":"https:\/\/tajkertesz.com\/termek\/cortaderia-selloana-pampafu\/#primaryimage","url":"https:\/\/tajkertesz.com\/wp-content\/uploads\/2021\/09\/cortaderia.jpg","contentUrl":"https:\/\/tajkertesz.com\/wp-content\/uploads\/2021\/09\/cortaderia.jpg","width":674,"height":899},{"@type":"BreadcrumbList","@id":"https:\/\/tajkertesz.com\/termek\/cortaderia-selloana-pampafu\/#breadcrumb","itemListElement":[{"@type":"ListItem","position":1,"name":"Home","item":"https:\/\/tajkertesz.com\/"},{"@type":"ListItem","position":2,"name":"Kezd\u0151lap","item":"https:\/\/tajkertesz.com\/"},{"@type":"ListItem","position":3,"name":"Cortaderia selloana pampaf\u0171"}]},{"@type":"WebSite","@id":"https:\/\/tajkertesz.com\/#website","url":"https:\/\/tajkertesz.com\/","name":"T\u00e1j-Kert\u00e9sz 84 Kft.","description":"Kert\u00e9szeti kis- \u00e9s nagykeresked\u00e9s, D\u00edszn\u00f6v\u00e9ny web\u00e1ruh\u00e1z orsz\u00e1gos h\u00e1zhozsz\u00e1ll\u00edt\u00e1ssal!","publisher":{"@id":"https:\/\/tajkertesz.com\/#organization"},"potentialAction":[{"@type":"SearchAction","target":{"@type":"EntryPoint","urlTemplate":"https:\/\/tajkertesz.com\/?s={search_term_string}"},"query-input":{"@type":"PropertyValueSpecification","valueRequired":true,"valueName":"search_term_string"}}],"inLanguage":"en-US"},{"@type":"Organization","@id":"https:\/\/tajkertesz.com\/#organization","name":"T\u00e1j-Kert\u00e9sz 84 Kft.","url":"https:\/\/tajkertesz.com\/","logo":{"@type":"ImageObject","inLanguage":"en-US","@id":"https:\/\/tajkertesz.com\/#\/schema\/logo\/image\/","url":"https:\/\/tajkertesz.com\/wp-content\/uploads\/2018\/02\/logo-2-e1518678052539.png","contentUrl":"https:\/\/tajkertesz.com\/wp-content\/uploads\/2018\/02\/logo-2-e1518678052539.png","width":81,"height":140,"caption":"T\u00e1j-Kert\u00e9sz 84 Kft."},"image":{"@id":"https:\/\/tajkertesz.com\/#\/schema\/logo\/image\/"},"sameAs":["https:\/\/www.facebook.com\/Tajkertesz\/"]}]}},"_links":{"self":[{"href":"https:\/\/tajkertesz.com\/en_US\/wp-json\/wp\/v2\/product\/8943","targetHints":{"allow":["GET"]}}],"collection":[{"href":"https:\/\/tajkertesz.com\/en_US\/wp-json\/wp\/v2\/product"}],"about":[{"href":"https:\/\/tajkertesz.com\/en_US\/wp-json\/wp\/v2\/types\/product"}],"wp:featuredmedia":[{"embeddable":true,"href":"https:\/\/tajkertesz.com\/en_US\/wp-json\/wp\/v2\/media\/13724"}],"wp:attachment":[{"href":"https:\/\/tajkertesz.com\/en_US\/wp-json\/wp\/v2\/media?parent=8943"}],"wp:term":[{"taxonomy":"product_brand","embeddable":true,"href":"https:\/\/tajkertesz.com\/en_US\/wp-json\/wp\/v2\/product_brand?post=8943"},{"taxonomy":"product_cat","embeddable":true,"href":"https:\/\/tajkertesz.com\/en_US\/wp-json\/wp\/v2\/product_cat?post=8943"},{"taxonomy":"product_tag","embeddable":true,"href":"https:\/\/tajkertesz.com\/en_US\/wp-json\/wp\/v2\/product_tag?post=8943"}],"curies":[{"name":"wp","href":"https:\/\/api.w.org\/{rel}","templated":true}]}}