{"id":8957,"date":"2025-06-17T08:45:19","date_gmt":"2025-06-17T08:45:19","guid":{"rendered":"https:\/\/tajkertesz.com\/?post_type=product&#038;p=8957"},"modified":"2026-03-27T10:47:35","modified_gmt":"2026-03-27T10:47:35","slug":"tarka-levelu-sascarex-morrowii-ice-dance","status":"publish","type":"product","link":"https:\/\/tajkertesz.com\/en_US\/product\/tarka-levelu-sascarex-morrowii-ice-dance\/","title":{"rendered":"Carex morrowii &#8216;Ice Dance&#8217; &#8211; Tarka level\u0171 s\u00e1s"},"content":{"rendered":"<h1 class=\"product-page-heading\">Carex morrowii &#8216;Ice Dance&#8217; &#8211; Tarka level\u0171 s\u00e1s<\/h1>\n<p data-start=\"581\" data-end=\"860\"><strong data-start=\"581\" data-end=\"613\">A Carex morrowii &#8216;Ice Dance&#8217; <\/strong>&#8211; Tarka level\u0171 s\u00e1s egy eleg\u00e1ns, tarka level\u0171 sz\u00e1las n\u00f6veked\u00e9s\u0171 d\u00edszf\u0171, amely kiv\u00e1l\u00f3an alkalmas \u00e1rny\u00e9kos vagy f\u00e9l\u00e1rny\u00e9kos kertek d\u00edsz\u00edt\u00e9s\u00e9re. S\u0171r\u0171 bokros habitusa miatt kiv\u00e1l\u00f3 talajtakar\u00f3, \u00e9s kontrasztos, feh\u00e9r szeg\u00e9ly\u0171 z\u00f6ld levelei eg\u00e9sz \u00e9vben dekorat\u00edvak maradnak.<\/p>\n<h2 data-start=\"581\" data-end=\"860\">Carex morrowii &#8216;Ice Dance&#8217; &#8211; Tarka level\u0171 s\u00e1s gondoz\u00e1sa:<\/h2>\n<p data-start=\"862\" data-end=\"1050\">Ez a jap\u00e1n eredet\u0171 d\u00edszf\u0171 j\u00f3l t\u0171ri a v\u00e1rosi k\u00f6rnyezetet, alacsony gondoz\u00e1sig\u00e9ny\u0171, \u00e9s kiv\u00e1l\u00f3 v\u00e1laszt\u00e1s \u00e9vel\u0151\u00e1gy\u00e1sok szeg\u00e9lyek\u00e9nt, \u00e1rny\u00e9kos sziklakertekbe vagy ak\u00e1r kont\u00e9neres \u00fcltet\u00e9shez is.<\/p>\n<p data-start=\"1052\" data-end=\"1070\"><strong data-start=\"1052\" data-end=\"1070\">Tulajdons\u00e1gok:<\/strong><\/p>\n<ul data-start=\"1071\" data-end=\"1223\">\n<li data-start=\"1071\" data-end=\"1092\">\n<p data-start=\"1073\" data-end=\"1092\">\ud83d\udca7 K\u00f6zepes v\u00edzig\u00e9ny<\/p>\n<\/li>\n<li data-start=\"1093\" data-end=\"1134\">\n<p data-start=\"1095\" data-end=\"1134\">\u2600\ufe0f \u00c1rny\u00e9kos \/ f\u00e9l\u00e1rny\u00e9kos helyet kedvel<\/p>\n<\/li>\n<li data-start=\"1135\" data-end=\"1166\">\n<p data-start=\"1137\" data-end=\"1166\">\ud83c\udf31 \u00c9vel\u0151, t\u00e9l\u00e1ll\u00f3 (Z\u00f3na: 5\u20139)<\/p>\n<\/li>\n<li data-start=\"1167\" data-end=\"1191\">\n<p data-start=\"1169\" data-end=\"1191\">\ud83d\udccf Magass\u00e1g: kb. 30 cm<\/p>\n<\/li>\n<li data-start=\"1192\" data-end=\"1223\">\n<p data-start=\"1194\" data-end=\"1223\">\ud83c\udf3f Alkalmas talajtakar\u00f3nak is<\/p>\n<\/li>\n<\/ul>\n<p>&nbsp;<\/p>\n<p><strong>K\u00e9szlet\u00fcnk napi szinten v\u00e1ltozik, \u00edgy a webshopban szerepl<\/strong><strong>\u0151<\/strong><strong> term\u00e9kek el\u00e9rhet<\/strong><strong>\u0151<\/strong><strong>s\u00e9ge nem garant\u00e1lt.<br \/>\n\ud83d\udcde A megrendel\u00e9s el<\/strong><strong>\u0151<\/strong><strong>tt k\u00e9rj\u00fck, \u00e9rdekl<\/strong><strong>\u0151<\/strong><strong>dj\u00f6n szem\u00e9lyesen, telefonon vagy e-mailben!<\/strong><\/p>\n<h4><strong>\u27a1\ufe0f Kapcsolat:<\/strong><\/h4>\n<ul>\n<li><strong>Weboldal: <\/strong><a href=\"https:\/\/tajkertesz.com\"><strong>tajkertesz.com<\/strong><\/a><\/li>\n<li><strong>Facebook: <\/strong><a href=\"https:\/\/www.facebook.com\/tajkertesz\/\"><strong>facebook.com\/tajkertesz<\/strong><\/a><\/li>\n<li><strong>Telefonsz\u00e1m, e-mail: +36\/20-319-3770 <\/strong><a href=\"mailto:tajkerteszaruda@gmail.com\"><strong>tajkerteszaruda@gmail.com<\/strong><\/a><\/li>\n<\/ul>\n<p>&nbsp;<\/p>\n<h4><strong>\ud83d\udce6 Fut\u00e1rszolg\u00e1latos sz\u00e1ll\u00edt\u00e1s<\/strong><\/h4>\n<ul>\n<li><strong>Maxim\u00e1lis m\u00e9ret: 200 cm (hossz\u00fas\u00e1g)<\/strong><\/li>\n<li><strong>Maxim\u00e1lis s\u00faly: 40 kg<\/strong><\/li>\n<li><strong>Az enn\u00e9l kisebb \u00e9s k\u00f6nnyebb csomagokat fut\u00e1rszolg\u00e1lattal k\u00e9zbes\u00edtj\u00fck a lehet<\/strong><strong>\u0151<\/strong><strong> legbiztons\u00e1gosabb csomagol\u00e1sban.<\/strong><\/li>\n<\/ul>\n<h4><strong>\ud83d\udefb Szem\u00e9lyes \u00e1tv\u00e9tel<\/strong><\/h4>\n<ul>\n<li><strong>1173 Budapest, Bakancsos utca 7. sz\u00e1m alatt nyitvatart\u00e1si id<\/strong><strong>\u0151<\/strong><strong>ben szem\u00e9lyesen \u00e1tvehet<\/strong><strong>\u0151<\/strong><strong> kert\u00e9szeti \u00e1rud\u00e1nkban.<\/strong><\/li>\n<\/ul>\n<p><strong>\ud83d\udcde Nagy m\u00e9ret<\/strong><strong>\u0171<\/strong><strong> vagy s\u00faly\u00fa n\u00f6v\u00e9nyek eset\u00e9n<\/strong><\/p>\n<p><strong>Ha a term\u00e9k:<\/strong><\/p>\n<ul>\n<li><strong>meghaladja a 200 cm hossz\u00fas\u00e1got vagy<\/strong><\/li>\n<li><strong>meghaladja a 40 kg s\u00falyt,<\/strong><\/li>\n<\/ul>\n<p><strong>akkor szem\u00e9lyes \u00e1tv\u00e9tellel vagy egyedi, el<\/strong><strong>\u0151<\/strong><strong>re egyeztetett sz\u00e1ll\u00edt\u00e1si felt\u00e9telek mellett t\u00f6rt\u00e9nik.<br \/>\nK\u00e9rj\u00fck, ilyen esetben rendel\u00e9s el<\/strong><strong>\u0151<\/strong><strong>tt vegye fel vel\u00fcnk a kapcsolatot, hogy a lehet<\/strong><strong>\u0151<\/strong><strong> legmegfelel<\/strong><strong>\u0151<\/strong><strong>bb sz\u00e1ll\u00edt\u00e1si megold\u00e1st k\u00edn\u00e1lhassuk.<\/strong><\/p>\n<p><strong>\ud83d\udd14 Fontos: A n\u00f6v\u00e9nyeket minden esetben igyeksz\u00fcnk gondosan, egyes\u00e9vel csomagolni, azonban a sz\u00e1ll\u00edt\u00e1s sor\u00e1n kisebb eszt\u00e9tikai s\u00e9r\u00fcl\u00e9sek el<\/strong><strong>\u0151<\/strong><strong>fordulhatnak (pl. lev\u00e9lhull\u00e1s). Ez nem min<\/strong><strong>\u0151<\/strong><strong>s\u00fcl hib\u00e1s teljes\u00edt\u00e9snek.<\/strong><\/p>\n<h4><strong>\ud83d\udcf7 Fontos tudni a k\u00e9pekr<\/strong><strong>\u0151<\/strong><strong>l<\/strong><\/h4>\n<p><strong>A webshopban szerepl<\/strong><strong>\u0151<\/strong><strong> k\u00e9pek illusztr\u00e1ci\u00f3k, a n\u00f6v\u00e9nyek term\u00e9szet\u00fckn\u00e9l fogva egyediek, \u00edgy m\u00e9retben, alakban \u00e9s sz\u00ednben minim\u00e1lis elt\u00e9r\u00e9sek el<\/strong><strong>\u0151<\/strong><strong>fordulhatnak a k\u00e9pen l\u00e1that\u00f3 \u00e9s a val\u00f3s p\u00e9ld\u00e1nyok k\u00f6z\u00f6tt.<\/strong><\/p>\n<h4><strong>\ud83e\uddfe \u00c1rak \u00e9s el\u00e1ll\u00e1si jog<\/strong><\/h4>\n<ul>\n<li><strong>Az \u00e1rak egy darab\u00a0n\u00f6v\u00e9nyre vonatkoznak.<\/strong><\/li>\n<li><strong>\u00c9l<\/strong><strong>\u0151<\/strong><strong> n\u00f6v\u00e9nyek rendel\u00e9se eset\u00e9n a 14 napos el\u00e1ll\u00e1s joga nem \u00e9rv\u00e9nyes\u00edthet<\/strong><strong>\u0151<\/strong><strong>, mivel azok romland\u00f3, biol\u00f3giailag \u00e9l<\/strong><strong>\u0151<\/strong><strong> term\u00e9keknek min<\/strong><strong>\u0151<\/strong><strong>s\u00fclnek.<br \/>\n\ud83d\udd12 (17\/1999. (II. 5.) Korm. rendelet 5. \u00a7 c) pontja alapj\u00e1n)<\/strong><\/li>\n<\/ul>\n<h4><strong>\ud83d\udce6 K\u00e9zbes\u00edt\u00e9s ut\u00e1ni teend<\/strong><strong>\u0151<\/strong><strong>k<\/strong><\/h4>\n<p><strong>A k\u00e9zbes\u00edt\u00e9st k\u00f6vet<\/strong><strong>\u0151<\/strong><strong>en a csomagot azonnal bontsuk ki, \u00e9s a n\u00f6v\u00e9nyt helyezz\u00fck el megfelel<\/strong><strong>\u0151<\/strong><strong> k\u00f6rnyezetben.<br \/>\nFontos: ha a n\u00f6v\u00e9ny nem r\u00e9szes\u00fcl megfelel<\/strong><strong>\u0151<\/strong><strong> gondoz\u00e1sban \u00e9s ennek k\u00f6vetkezt\u00e9ben k\u00e1rosodik vagy elpusztul, felel<\/strong><strong>\u0151<\/strong><strong>ss\u00e9get nem tudunk v\u00e1llalni.<\/strong><\/p>\n<p><strong>\u00a0<\/strong><\/p>\n<p><strong>\u00a0<\/strong><\/p>","protected":false},"excerpt":{"rendered":"<p data-start=\"147\" data-end=\"307\"><strong data-start=\"147\" data-end=\"179\">A Carex morrowii &#8216;Ice Dance&#8217;<\/strong> egy alacsony, tarka level\u0171 d\u00edszf\u0171 \u00e1rny\u00e9kos \u00e9s f\u00e9l\u00e1rny\u00e9kos kertekbe. Dekorat\u00edv eg\u00e9sz \u00e9vben, kiv\u00e1l\u00f3 talajtakar\u00f3 \u00e9s szeg\u00e9lyn\u00f6v\u00e9ny.<\/p>\n<p data-start=\"147\" data-end=\"307\">A n\u00f6v\u00e9ny jelenlegi m\u00e9rete: 15\/25 cm magas 9&#215;9 cm-es kont\u00e9nerben.<\/p>","protected":false},"featured_media":8962,"template":"","meta":{"_et_pb_use_builder":"","_et_pb_old_content":"","_et_gb_content_width":""},"product_brand":[],"product_cat":[197],"product_tag":[2602],"class_list":{"0":"post-8957","1":"product","2":"type-product","3":"status-publish","4":"has-post-thumbnail","6":"product_cat-diszfuvek-fufelek","7":"product_tag-tarka-levelu-sas-ice-dance-carex-morrowii-ice-dance","9":"first","10":"outofstock","11":"shipping-taxable","12":"product-type-simple"},"yoast_head":"<!-- This site is optimized with the Yoast SEO plugin v27.6 - https:\/\/yoast.com\/product\/yoast-seo-wordpress\/ -->\n<title>Carex morrowii &#039;Ice Dance&#039; - Tarka level\u0171 s\u00e1s - T\u00e1jkert\u00e9sz<\/title>\n<meta name=\"description\" content=\"Carex morrowii &#039;Ice Dance&#039; - Tarka level\u0171 s\u00e1s d\u00edszf\u0171 \u00e1rny\u00e9kos kertekbe. Alacsony gondoz\u00e1sig\u00e9ny, dekorat\u00edv eg\u00e9sz \u00e9vben. Rendelje meg online!\" \/>\n<meta name=\"robots\" content=\"index, follow, max-snippet:-1, max-image-preview:large, max-video-preview:-1\" \/>\n<link rel=\"canonical\" href=\"https:\/\/tajkertesz.com\/en_US\/product\/tarka-levelu-sascarex-morrowii-ice-dance\/\" \/>\n<meta property=\"og:locale\" content=\"en_US\" \/>\n<meta property=\"og:type\" content=\"article\" \/>\n<meta property=\"og:title\" content=\"Carex morrowii &#039;Ice Dance&#039; - Tarka level\u0171 s\u00e1s - T\u00e1jkert\u00e9sz\" \/>\n<meta property=\"og:description\" content=\"Carex morrowii &#039;Ice Dance&#039; - Tarka level\u0171 s\u00e1s d\u00edszf\u0171 \u00e1rny\u00e9kos kertekbe. Alacsony gondoz\u00e1sig\u00e9ny, dekorat\u00edv eg\u00e9sz \u00e9vben. Rendelje meg online!\" \/>\n<meta property=\"og:url\" content=\"https:\/\/tajkertesz.com\/en_US\/product\/tarka-levelu-sascarex-morrowii-ice-dance\/\" \/>\n<meta property=\"og:site_name\" content=\"T\u00e1jkert\u00e9sz\" \/>\n<meta property=\"article:publisher\" content=\"https:\/\/www.facebook.com\/Tajkertesz\/\" \/>\n<meta property=\"article:modified_time\" content=\"2026-03-27T10:47:35+00:00\" \/>\n<meta property=\"og:image\" content=\"https:\/\/tajkertesz.com\/wp-content\/uploads\/2021\/09\/IMG_20210901_083539.jpg\" \/>\n\t<meta property=\"og:image:width\" content=\"514\" \/>\n\t<meta property=\"og:image:height\" content=\"600\" \/>\n\t<meta property=\"og:image:type\" content=\"image\/jpeg\" \/>\n<meta name=\"twitter:card\" content=\"summary_large_image\" \/>\n<meta name=\"twitter:label1\" content=\"Est. reading time\" \/>\n\t<meta name=\"twitter:data1\" content=\"3 minutes\" \/>\n<script type=\"application\/ld+json\" class=\"yoast-schema-graph\">{\"@context\":\"https:\\\/\\\/schema.org\",\"@graph\":[{\"@type\":\"WebPage\",\"@id\":\"https:\\\/\\\/tajkertesz.com\\\/termek\\\/tarka-levelu-sascarex-morrowii-ice-dance\\\/\",\"url\":\"https:\\\/\\\/tajkertesz.com\\\/termek\\\/tarka-levelu-sascarex-morrowii-ice-dance\\\/\",\"name\":\"Carex morrowii 'Ice Dance' - Tarka level\u0171 s\u00e1s - T\u00e1jkert\u00e9sz\",\"isPartOf\":{\"@id\":\"https:\\\/\\\/tajkertesz.com\\\/#website\"},\"primaryImageOfPage\":{\"@id\":\"https:\\\/\\\/tajkertesz.com\\\/termek\\\/tarka-levelu-sascarex-morrowii-ice-dance\\\/#primaryimage\"},\"image\":{\"@id\":\"https:\\\/\\\/tajkertesz.com\\\/termek\\\/tarka-levelu-sascarex-morrowii-ice-dance\\\/#primaryimage\"},\"thumbnailUrl\":\"https:\\\/\\\/tajkertesz.com\\\/wp-content\\\/uploads\\\/2021\\\/09\\\/IMG_20210901_083539.jpg\",\"datePublished\":\"2025-06-17T08:45:19+00:00\",\"dateModified\":\"2026-03-27T10:47:35+00:00\",\"description\":\"Carex morrowii 'Ice Dance' - Tarka level\u0171 s\u00e1s d\u00edszf\u0171 \u00e1rny\u00e9kos kertekbe. Alacsony gondoz\u00e1sig\u00e9ny, dekorat\u00edv eg\u00e9sz \u00e9vben. Rendelje meg online!\",\"breadcrumb\":{\"@id\":\"https:\\\/\\\/tajkertesz.com\\\/termek\\\/tarka-levelu-sascarex-morrowii-ice-dance\\\/#breadcrumb\"},\"inLanguage\":\"en-US\",\"potentialAction\":[{\"@type\":\"ReadAction\",\"target\":[\"https:\\\/\\\/tajkertesz.com\\\/termek\\\/tarka-levelu-sascarex-morrowii-ice-dance\\\/\"]}]},{\"@type\":\"ImageObject\",\"inLanguage\":\"en-US\",\"@id\":\"https:\\\/\\\/tajkertesz.com\\\/termek\\\/tarka-levelu-sascarex-morrowii-ice-dance\\\/#primaryimage\",\"url\":\"https:\\\/\\\/tajkertesz.com\\\/wp-content\\\/uploads\\\/2021\\\/09\\\/IMG_20210901_083539.jpg\",\"contentUrl\":\"https:\\\/\\\/tajkertesz.com\\\/wp-content\\\/uploads\\\/2021\\\/09\\\/IMG_20210901_083539.jpg\",\"width\":514,\"height\":600,\"caption\":\"hdr\"},{\"@type\":\"BreadcrumbList\",\"@id\":\"https:\\\/\\\/tajkertesz.com\\\/termek\\\/tarka-levelu-sascarex-morrowii-ice-dance\\\/#breadcrumb\",\"itemListElement\":[{\"@type\":\"ListItem\",\"position\":1,\"name\":\"Home\",\"item\":\"https:\\\/\\\/tajkertesz.com\\\/\"},{\"@type\":\"ListItem\",\"position\":2,\"name\":\"Kezd\u0151lap\",\"item\":\"https:\\\/\\\/tajkertesz.com\\\/\"},{\"@type\":\"ListItem\",\"position\":3,\"name\":\"Carex morrowii &#8216;Ice Dance&#8217; &#8211; Tarka level\u0171 s\u00e1s\"}]},{\"@type\":\"WebSite\",\"@id\":\"https:\\\/\\\/tajkertesz.com\\\/#website\",\"url\":\"https:\\\/\\\/tajkertesz.com\\\/\",\"name\":\"T\u00e1j-Kert\u00e9sz 84 Kft.\",\"description\":\"Kert\u00e9szeti kis- \u00e9s nagykeresked\u00e9s, D\u00edszn\u00f6v\u00e9ny web\u00e1ruh\u00e1z orsz\u00e1gos h\u00e1zhozsz\u00e1ll\u00edt\u00e1ssal!\",\"publisher\":{\"@id\":\"https:\\\/\\\/tajkertesz.com\\\/#organization\"},\"potentialAction\":[{\"@type\":\"SearchAction\",\"target\":{\"@type\":\"EntryPoint\",\"urlTemplate\":\"https:\\\/\\\/tajkertesz.com\\\/?s={search_term_string}\"},\"query-input\":{\"@type\":\"PropertyValueSpecification\",\"valueRequired\":true,\"valueName\":\"search_term_string\"}}],\"inLanguage\":\"en-US\"},{\"@type\":\"Organization\",\"@id\":\"https:\\\/\\\/tajkertesz.com\\\/#organization\",\"name\":\"T\u00e1j-Kert\u00e9sz 84 Kft.\",\"url\":\"https:\\\/\\\/tajkertesz.com\\\/\",\"logo\":{\"@type\":\"ImageObject\",\"inLanguage\":\"en-US\",\"@id\":\"https:\\\/\\\/tajkertesz.com\\\/#\\\/schema\\\/logo\\\/image\\\/\",\"url\":\"https:\\\/\\\/tajkertesz.com\\\/wp-content\\\/uploads\\\/2018\\\/02\\\/logo-2-e1518678052539.png\",\"contentUrl\":\"https:\\\/\\\/tajkertesz.com\\\/wp-content\\\/uploads\\\/2018\\\/02\\\/logo-2-e1518678052539.png\",\"width\":81,\"height\":140,\"caption\":\"T\u00e1j-Kert\u00e9sz 84 Kft.\"},\"image\":{\"@id\":\"https:\\\/\\\/tajkertesz.com\\\/#\\\/schema\\\/logo\\\/image\\\/\"},\"sameAs\":[\"https:\\\/\\\/www.facebook.com\\\/Tajkertesz\\\/\"]}]}<\/script>\n<!-- \/ Yoast SEO plugin. -->","yoast_head_json":{"title":"Carex morrowii 'Ice Dance' - Tarka level\u0171 s\u00e1s - T\u00e1jkert\u00e9sz","description":"Carex morrowii 'Ice Dance' - Tarka level\u0171 s\u00e1s d\u00edszf\u0171 \u00e1rny\u00e9kos kertekbe. Alacsony gondoz\u00e1sig\u00e9ny, dekorat\u00edv eg\u00e9sz \u00e9vben. Rendelje meg online!","robots":{"index":"index","follow":"follow","max-snippet":"max-snippet:-1","max-image-preview":"max-image-preview:large","max-video-preview":"max-video-preview:-1"},"canonical":"https:\/\/tajkertesz.com\/en_US\/product\/tarka-levelu-sascarex-morrowii-ice-dance\/","og_locale":"en_US","og_type":"article","og_title":"Carex morrowii 'Ice Dance' - Tarka level\u0171 s\u00e1s - T\u00e1jkert\u00e9sz","og_description":"Carex morrowii 'Ice Dance' - Tarka level\u0171 s\u00e1s d\u00edszf\u0171 \u00e1rny\u00e9kos kertekbe. Alacsony gondoz\u00e1sig\u00e9ny, dekorat\u00edv eg\u00e9sz \u00e9vben. Rendelje meg online!","og_url":"https:\/\/tajkertesz.com\/en_US\/product\/tarka-levelu-sascarex-morrowii-ice-dance\/","og_site_name":"T\u00e1jkert\u00e9sz","article_publisher":"https:\/\/www.facebook.com\/Tajkertesz\/","article_modified_time":"2026-03-27T10:47:35+00:00","og_image":[{"width":514,"height":600,"url":"https:\/\/tajkertesz.com\/wp-content\/uploads\/2021\/09\/IMG_20210901_083539.jpg","type":"image\/jpeg"}],"twitter_card":"summary_large_image","twitter_misc":{"Est. reading time":"3 minutes"},"schema":{"@context":"https:\/\/schema.org","@graph":[{"@type":"WebPage","@id":"https:\/\/tajkertesz.com\/termek\/tarka-levelu-sascarex-morrowii-ice-dance\/","url":"https:\/\/tajkertesz.com\/termek\/tarka-levelu-sascarex-morrowii-ice-dance\/","name":"Carex morrowii 'Ice Dance' - Tarka level\u0171 s\u00e1s - T\u00e1jkert\u00e9sz","isPartOf":{"@id":"https:\/\/tajkertesz.com\/#website"},"primaryImageOfPage":{"@id":"https:\/\/tajkertesz.com\/termek\/tarka-levelu-sascarex-morrowii-ice-dance\/#primaryimage"},"image":{"@id":"https:\/\/tajkertesz.com\/termek\/tarka-levelu-sascarex-morrowii-ice-dance\/#primaryimage"},"thumbnailUrl":"https:\/\/tajkertesz.com\/wp-content\/uploads\/2021\/09\/IMG_20210901_083539.jpg","datePublished":"2025-06-17T08:45:19+00:00","dateModified":"2026-03-27T10:47:35+00:00","description":"Carex morrowii 'Ice Dance' - Tarka level\u0171 s\u00e1s d\u00edszf\u0171 \u00e1rny\u00e9kos kertekbe. Alacsony gondoz\u00e1sig\u00e9ny, dekorat\u00edv eg\u00e9sz \u00e9vben. Rendelje meg online!","breadcrumb":{"@id":"https:\/\/tajkertesz.com\/termek\/tarka-levelu-sascarex-morrowii-ice-dance\/#breadcrumb"},"inLanguage":"en-US","potentialAction":[{"@type":"ReadAction","target":["https:\/\/tajkertesz.com\/termek\/tarka-levelu-sascarex-morrowii-ice-dance\/"]}]},{"@type":"ImageObject","inLanguage":"en-US","@id":"https:\/\/tajkertesz.com\/termek\/tarka-levelu-sascarex-morrowii-ice-dance\/#primaryimage","url":"https:\/\/tajkertesz.com\/wp-content\/uploads\/2021\/09\/IMG_20210901_083539.jpg","contentUrl":"https:\/\/tajkertesz.com\/wp-content\/uploads\/2021\/09\/IMG_20210901_083539.jpg","width":514,"height":600,"caption":"hdr"},{"@type":"BreadcrumbList","@id":"https:\/\/tajkertesz.com\/termek\/tarka-levelu-sascarex-morrowii-ice-dance\/#breadcrumb","itemListElement":[{"@type":"ListItem","position":1,"name":"Home","item":"https:\/\/tajkertesz.com\/"},{"@type":"ListItem","position":2,"name":"Kezd\u0151lap","item":"https:\/\/tajkertesz.com\/"},{"@type":"ListItem","position":3,"name":"Carex morrowii &#8216;Ice Dance&#8217; &#8211; Tarka level\u0171 s\u00e1s"}]},{"@type":"WebSite","@id":"https:\/\/tajkertesz.com\/#website","url":"https:\/\/tajkertesz.com\/","name":"T\u00e1j-Kert\u00e9sz 84 Kft.","description":"Kert\u00e9szeti kis- \u00e9s nagykeresked\u00e9s, D\u00edszn\u00f6v\u00e9ny web\u00e1ruh\u00e1z orsz\u00e1gos h\u00e1zhozsz\u00e1ll\u00edt\u00e1ssal!","publisher":{"@id":"https:\/\/tajkertesz.com\/#organization"},"potentialAction":[{"@type":"SearchAction","target":{"@type":"EntryPoint","urlTemplate":"https:\/\/tajkertesz.com\/?s={search_term_string}"},"query-input":{"@type":"PropertyValueSpecification","valueRequired":true,"valueName":"search_term_string"}}],"inLanguage":"en-US"},{"@type":"Organization","@id":"https:\/\/tajkertesz.com\/#organization","name":"T\u00e1j-Kert\u00e9sz 84 Kft.","url":"https:\/\/tajkertesz.com\/","logo":{"@type":"ImageObject","inLanguage":"en-US","@id":"https:\/\/tajkertesz.com\/#\/schema\/logo\/image\/","url":"https:\/\/tajkertesz.com\/wp-content\/uploads\/2018\/02\/logo-2-e1518678052539.png","contentUrl":"https:\/\/tajkertesz.com\/wp-content\/uploads\/2018\/02\/logo-2-e1518678052539.png","width":81,"height":140,"caption":"T\u00e1j-Kert\u00e9sz 84 Kft."},"image":{"@id":"https:\/\/tajkertesz.com\/#\/schema\/logo\/image\/"},"sameAs":["https:\/\/www.facebook.com\/Tajkertesz\/"]}]}},"_links":{"self":[{"href":"https:\/\/tajkertesz.com\/en_US\/wp-json\/wp\/v2\/product\/8957","targetHints":{"allow":["GET"]}}],"collection":[{"href":"https:\/\/tajkertesz.com\/en_US\/wp-json\/wp\/v2\/product"}],"about":[{"href":"https:\/\/tajkertesz.com\/en_US\/wp-json\/wp\/v2\/types\/product"}],"wp:featuredmedia":[{"embeddable":true,"href":"https:\/\/tajkertesz.com\/en_US\/wp-json\/wp\/v2\/media\/8962"}],"wp:attachment":[{"href":"https:\/\/tajkertesz.com\/en_US\/wp-json\/wp\/v2\/media?parent=8957"}],"wp:term":[{"taxonomy":"product_brand","embeddable":true,"href":"https:\/\/tajkertesz.com\/en_US\/wp-json\/wp\/v2\/product_brand?post=8957"},{"taxonomy":"product_cat","embeddable":true,"href":"https:\/\/tajkertesz.com\/en_US\/wp-json\/wp\/v2\/product_cat?post=8957"},{"taxonomy":"product_tag","embeddable":true,"href":"https:\/\/tajkertesz.com\/en_US\/wp-json\/wp\/v2\/product_tag?post=8957"}],"curies":[{"name":"wp","href":"https:\/\/api.w.org\/{rel}","templated":true}]}}