{"id":896,"date":"2020-02-18T10:56:48","date_gmt":"2020-02-18T10:56:48","guid":{"rendered":"https:\/\/tajkertesz.com\/?post_type=product&#038;p=896"},"modified":"2025-03-04T13:09:50","modified_gmt":"2025-03-04T13:09:50","slug":"magnolia-susan-nagyviragu-liliomfa","status":"publish","type":"product","link":"https:\/\/tajkertesz.com\/en_US\/product\/magnolia-susan-nagyviragu-liliomfa\/","title":{"rendered":"Magnolia &#8216;Susan&#8217; &#8211; Nagyvir\u00e1g\u00fa liliomfa"},"content":{"rendered":"<h1>Magnolia &#8216;Susan&#8217; &#8211; Nagyvir\u00e1g\u00fa liliomfa<\/h1>\n<p>A\u00a0<strong>Magnolia \u2018Susan\u2019<\/strong> egy k\u00fcl\u00f6nleges, nagyvir\u00e1g\u00fa liliomfa, amelyet gyakran v\u00e1lasztanak kisebb kertekbe, vir\u00e1ga s\u00f6t\u00e9t b\u00edborlila.<\/p>\n<p><strong>M\u00e9rete<\/strong>: 1,5-2 m magas, s\u0171r\u0171 \u00e1grendszer\u0171, lass\u00fa n\u00f6veked\u00e9s\u0171 cserje vagy kis fa.<br \/>\n<b>Lev\u00e9l:<\/b>\u00a0Toj\u00e1sdad, k\u00f6z\u00e9p z\u00f6ld levelei \u0151sszel bronzsz\u00edn\u0171v\u00e9 v\u00e1ltoznak.<br \/>\n<b>Vir\u00e1g:<\/b> 10 &#8211; 15 cm \u00e1tm\u00e9r\u0151j\u0171ek, bimb\u00f3ban fel\u00e1ll\u00f3k, v\u00f6r\u00f6ses lil\u00e1k, 6 sziromlev\u00e9llel, 60-70 porz\u00f3val. Vir\u00e1gai lombfakad\u00e1s el\u0151tt, \u00e1prilis v\u00e9g\u00e9n, m\u00e1jus elej\u00e9n ny\u00edlnak.<br \/>\n<b>Term\u0151hely, ig\u00e9ny:<\/b>\u00a0Nedves, humuszos, t\u00e1pd\u00fas , savany\u00fa talajt kedvel. Napos, vagy f\u00e9l\u00e1rny\u00e9kos fekv\u00e9sbe \u00fcltess\u00fck.<br \/>\n<b>Felhaszn\u00e1l\u00e1s:<\/b> Szoliter bokor vagy fa, ez\u00e9rt parkokba, kertekbe aj\u00e1nlott \u00fcltetni. D\u00e9zs\u00e1s n\u00f6v\u00e9nyk\u00e9nt erk\u00e9lyek, teraszok d\u00edsz\u00edt\u00e9s\u00e9re is haszn\u00e1lhat\u00f3.<\/p>\n<ul>\n<li><strong>Vir\u00e1gz\u00e1si id\u0151<\/strong>: A \u2018Susan\u2019 magn\u00f3lia k\u00e9s\u0151 tavasszal vir\u00e1gzik, ami azt jelenti, hogy kev\u00e9sb\u00e9 van kit\u00e9ve a k\u00e9s\u0151 tavaszi fagyoknak, amelyek k\u00e1ros\u00edthatj\u00e1k a kor\u00e1bban vir\u00e1gz\u00f3 fajt\u00e1kat.<\/li>\n<li><strong>Vir\u00e1gok sz\u00edne<\/strong>: A s\u00f6t\u00e9t b\u00edbor sz\u00edn\u0171 vir\u00e1gok k\u00fcl\u00f6n\u00f6sen l\u00e1tv\u00e1nyosak, \u00e9s a szirmok belseje vil\u00e1gosabb, r\u00f3zsasz\u00ednes-feh\u00e9r, ami kontrasztot ad \u00e9s m\u00e9g vonz\u00f3bb\u00e1 teszi a vir\u00e1gokat.<\/li>\n<li><strong>Illat<\/strong>: A vir\u00e1gok enyhe, kellemes illatot \u00e1rasztanak, ami m\u00e9g vonz\u00f3bb\u00e1 teszi ezt a fajt\u00e1t a kertekben.<\/li>\n<\/ul>\n<h3>A nagyvir\u00e1g\u00fa liliomfa gondoz\u00e1sa<\/h3>\n<ul>\n<li><strong>\u00dcltet\u00e9s<\/strong>: V\u00e1lasszunk napos vagy f\u00e9l\u00e1rny\u00e9kos helyet, ahol a n\u00f6v\u00e9ny v\u00e9dve van az er\u0151s sz\u00e9lt\u0151l.<\/li>\n<li><strong>Talaj:<\/strong> \u00dcltess\u00fck enyh\u00e9n savas, j\u00f3 v\u00edzelvezet\u00e9s\u0171, t\u00e1panyagban gazdag talajba.<\/li>\n<li><strong>\u00d6nt\u00f6z\u00e9s<\/strong>: Rendszeresen \u00f6nt\u00f6zz\u00fck, k\u00fcl\u00f6n\u00f6sen az els\u0151 \u00e9vben, hogy a gy\u00f6kerek j\u00f3l meger\u0151s\u00f6djenek. \u00dcgyelj\u00fcnk arra, hogy a talaj ne legyen t\u00fal nedves, mert a gy\u00f6kerek \u00e9rz\u00e9kenyek a pang\u00f3 v\u00edzre.<\/li>\n<li><strong>T\u00e1panyag ut\u00e1np\u00f3tl\u00e1s<\/strong>: Juttassunk ki tavasszal a n\u00f6v\u00e9ny t\u00f6ve k\u00f6r\u00e9\u00a0 lassan old\u00f3d\u00f3 m\u0171tr\u00e1gy\u00e1t vagy \u00e9rett marhatr\u00e1gy\u00e1t.\u00a0\u00a0Ez seg\u00edt a n\u00f6veked\u00e9sben \u00e9s a vir\u00e1gz\u00e1sban.<\/li>\n<li><strong>Metsz\u00e9s<\/strong>: Nem ig\u00e9nyel metsz\u00e9st, ha form\u00e1zni szeretn\u00e9nk a n\u00f6v\u00e9nyt c\u00e9lszer\u0171 ezt vir\u00e1gz\u00e1s ut\u00e1n v\u00e9gezni<\/li>\n<li><strong>T\u00e9li fagyv\u00e9delem:\u00a0<\/strong>A fiatal n\u00f6v\u00e9nyek t\u00e9len takarjuk, hogy megv\u00e9dj\u00fck \u0151ket a visszafagy\u00e1st\u00f3l.<\/li>\n<\/ul>\n<p>A Magnolia Susan 3-5 literes cser\u00e9pben\u00a0 kb. 80-100cm magass\u00e1ggal kaphat\u00f3.<\/p>\n<p style=\"line-height: 18.0pt; background: white; margin: 0cm 0cm 15.0pt 0cm;\"><b><span style=\"font-family: 'Ubuntu',sans-serif; color: black;\">K\u00e9szlet\u00fcnk napi szinten v\u00e1ltozik, ez\u00e9rt k\u00e9rj\u00fck, \u00e9rdekl\u0151dj\u00f6n szem\u00e9lyesen, telefonon vagy email-en.<br \/>\nA v\u00e1ltoztat\u00e1s jog\u00e1t fenntartjuk!\u00a0<\/span><\/b><\/p>\n<p><a href=\"https:\/\/tajkertesz.com\/\">https:\/\/tajkertesz.com\/<\/a><\/p>\n<p><a href=\"https:\/\/www.facebook.com\/tajkertesz\/\">https:\/\/www.facebook.com\/tajkertesz\/<\/a><\/p>\n<p>Kisz\u00e1ll\u00edt\u00e1s: 200cm-ig \u00e9s 40 kg-ig a sz\u00e1ll\u00edt\u00e1s fut\u00e1rszolg\u00e1lattal t\u00f6rt\u00e9nik.<\/p>\n<p>Szem\u00e9lyes \u00e1tv\u00e9tel nyitvatart\u00e1si id\u0151ben a 17. ker\u00fclet Bakancsos utca 7. sz\u00e1m alatti Kert\u00e9szeti \u00e1rud\u00e1nkban.<\/p>\n<p><b><u>Kert\u00e9p\u00edt\u0151k \u00e9s viszontelad\u00f3k regisztr\u00e1l\u00e1s ut\u00e1n egyedi kedvezm\u00e9nnyel v\u00e1s\u00e1rolhatnak kert\u00e9szeti kis-\u00e9s nagykeresked\u00e9s\u00fcnkben.<\/u><\/b><\/p>\n<p>A logisztikai c\u00e9ggel t\u00f6rt\u00e9n\u0151 sz\u00e1ll\u00edt\u00e1s eset\u00e9n a partnereink\u00a0esetleges a\u00a0cs\u00fasz\u00e1sai\u00e9rt nem v\u00e1llalunk felel\u0151ss\u00e9get!<\/p>\n<p><strong>Az \u00e1rak egy darab term\u00e9kre vonatkoznak.<\/strong><\/p>\n<p><strong>J\u00f3 tudni!<\/strong><\/p>\n<p>K\u00e9pek-elt\u00e9r\u00e9sek:<\/p>\n<p>A n\u00f6v\u00e9nyekr\u0151l felt\u00f6lt\u00f6tt k\u00e9pek illusztr\u00e1ci\u00f3k. N\u00f6v\u00e9nyekn\u00e9l el\u0151fordulhatnak minim\u00e1lis elt\u00e9r\u00e9sek a k\u00e9peken szerepl\u0151 n\u00f6v\u00e9nyek \u00e9s az \u00e1tvett n\u00f6v\u00e9nyek k\u00f6z\u00f6tt, mivel minden n\u00f6v\u00e9ny egyedi.<\/p>\n<p>N\u00f6v\u00e9nyek sz\u00e1ll\u00edt\u00e1sa:<\/p>\n<p>A megrendelt n\u00f6v\u00e9nyeket igyeksz\u00fcnk a lehet\u0151 legbiztons\u00e1gosabban egyes\u00e9vel csomagolni, azonban a sz\u00e1ll\u00edt\u00e1s sor\u00e1n m\u00e9g ennek ellen\u00e9re is\u00a0bek\u00f6vetkezhetnek apr\u00f3bb s\u00e9r\u00fcl\u00e9sek (lev\u00e9l- vagy vir\u00e1ghull\u00e1s).<br \/>\nN\u00f6v\u00e9ny rendel\u00e9s eset\u00e9n k\u00e9rj\u00fck a k\u00e9zbes\u00edt\u00e9st k\u00f6vet\u0151en a lehet\u0151 leghamarabb bonts\u00e1k ki a csomagot.<\/p>\n<p>Abban az esetben, ha a megrendelt n\u00f6v\u00e9ny\u00a0a sz\u00e1ll\u00edt\u00e1st k\u00f6vet\u0151en\u00a0nem megfelel\u0151 gondoz\u00e1sban r\u00e9szes\u00fcl \u00e9s ebb\u0151l kifoly\u00f3lag\u00a0k\u00e1rosodik,\u00a0elpusztul, felel\u0151ss\u00e9get sajnos nem tudunk v\u00e1llalni.<\/p>\n<p>V\u00e1s\u00e1rl\u00e1st\u00f3l val\u00f3 el\u00e1ll\u00e1s \u00e9l\u0151 n\u00f6v\u00e9ny v\u00e1s\u00e1rl\u00e1sa eset\u00e9n:<\/p>\n<p>Az \u00e1ltal\u00e1nos 14 napos el\u00e1ll\u00e1s lehet\u0151s\u00e9ge \u00e9l\u0151 n\u00f6v\u00e9nyekre nem vonatkozik. V\u00e1s\u00e1rl\u00e1st\u00f3l val\u00f3 el\u00e1ll\u00e1sra, visszak\u00fcld\u00e9sre nincs lehet\u0151s\u00e9g.\u00a0(17\/1999. (II. 5.) Korm. rendelet 5c pontja)<\/p>\n<p><strong>K\u00e9rj\u00fck fentiek figyelembev\u00e9tel\u00e9t n\u00f6v\u00e9ny rendel\u00e9se sor\u00e1n!<\/strong><\/p>\n<p>&nbsp;<\/p>","protected":false},"excerpt":{"rendered":"<p>Magnolia &#8216;Susan&#8217;<\/p>\n<p>S\u00f6t\u00e9t b\u00edbor sz\u00edn\u0171 liliomfa<\/p>\n<p><b>N\u00f6veked\u00e9s, alak:<\/b>\u00a0 1,5-2 m magas, s\u0171r\u0171 \u00e1grendszer\u0171,lass\u00fa n\u00f6veked\u00e9s\u0171 cserje vagy kis fa.<br \/>\n<b>Lev\u00e9l:<\/b>\u00a0Toj\u00e1sdad, k\u00f6z\u00e9p z\u00f6ld levelei \u0151sszel bronzsz\u00edn\u0171v\u00e9 v\u00e1ltoznak.<br \/>\n<b>Vir\u00e1g:<\/b>\u00a010 &#8211; 15 cm \u00e1tm\u00e9r\u0151j\u0171ek, bimb\u00f3ban fel\u00e1ll\u00f3k, v\u00f6r\u00f6ses lil\u00e1k, 6 sziromlev\u00e9llel, 60-70 porz\u00f3val. Vir\u00e1gai lombfakad\u00e1s el\u0151tt,\u00e1prilis v\u00e9g\u00e9n, m\u00e1jus elej\u00e9n ny\u00edlnak.<br \/>\n<b>Term\u0151hely, ig\u00e9ny:<\/b>\u00a0Nedves, humuszos, t\u00e1pd\u00fas , savany\u00fa talajt kedvel. Napos, vagy f\u00e9l\u00e1rny\u00e9kos fekv\u00e9sbe \u00fcltess\u00fck.<br \/>\n<b>Felhaszn\u00e1l\u00e1s:<\/b> Szoliter bokor vagy fa, ez\u00e9rt parkokba, kertekbe aj\u00e1nlott \u00fcltetni. D\u00e9zs\u00e1s n\u00f6v\u00e9nyk\u00e9nt erk\u00e9lyek, teraszok d\u00edsz\u00edt\u00e9s\u00e9re is haszn\u00e1lhat\u00f3.<\/p>\n<p><span style=\"font-family: 'Ubuntu',serif; color: black;\">El\u00e9rhet\u0151 t\u00f6bbf\u00e9le m\u00e9retben \u00e9s \u00e1rban.<\/span><\/p>\n<p style=\"line-height: 18.0pt; background: white; margin: 0cm 0cm 15.0pt 0cm;\"><b><span style=\"font-family: 'Ubuntu',serif; color: black;\">K\u00e9szlet\u00fcnk napi szinten v\u00e1ltozik, ez\u00e9rt k\u00e9rj\u00fck, \u00e9rdekl\u0151dj\u00f6n szem\u00e9lyesen, telefonon vagy email-en.<br \/>\nA v\u00e1ltoztat\u00e1s jog\u00e1t fenntartjuk!\u00a0<\/span><\/b><\/p>","protected":false},"featured_media":13062,"template":"","meta":{"_et_pb_use_builder":"","_et_pb_old_content":"","_et_gb_content_width":""},"product_brand":[],"product_cat":[27],"product_tag":[99,103,104,182],"class_list":{"0":"post-896","1":"product","2":"type-product","3":"status-publish","4":"has-post-thumbnail","6":"product_cat-cserjek","7":"product_tag-magnolia","8":"product_tag-magnolia-susan","9":"product_tag-sotet-bibor-szinu-liliomfa","10":"product_tag-susan","12":"first","13":"instock","14":"shipping-taxable","15":"purchasable","16":"product-type-simple"},"yoast_head":"<!-- This site is optimized with the Yoast SEO plugin v27.4 - https:\/\/yoast.com\/product\/yoast-seo-wordpress\/ -->\n<title>Magnolia &#039;Susan&#039; - Nagyvir\u00e1g\u00fa liliomfa - T\u00e1jkert\u00e9sz<\/title>\n<meta name=\"description\" content=\"A\u00a0Magnolia \u2018Susan\u2019 egy k\u00fcl\u00f6nleges, nagyvir\u00e1g\u00fa liliomfa, amelyet gyakran v\u00e1lasztanak kisebb kertekbe, vir\u00e1ga s\u00f6t\u00e9t b\u00edborlila.\" \/>\n<meta name=\"robots\" content=\"index, follow, max-snippet:-1, max-image-preview:large, max-video-preview:-1\" \/>\n<link rel=\"canonical\" href=\"https:\/\/tajkertesz.com\/en_US\/product\/magnolia-susan-nagyviragu-liliomfa\/\" \/>\n<meta property=\"og:locale\" content=\"en_US\" \/>\n<meta property=\"og:type\" content=\"article\" \/>\n<meta property=\"og:title\" content=\"Magnolia &#039;Susan&#039; - Nagyvir\u00e1g\u00fa liliomfa - T\u00e1jkert\u00e9sz\" \/>\n<meta property=\"og:description\" content=\"A\u00a0Magnolia \u2018Susan\u2019 egy k\u00fcl\u00f6nleges, nagyvir\u00e1g\u00fa liliomfa, amelyet gyakran v\u00e1lasztanak kisebb kertekbe, vir\u00e1ga s\u00f6t\u00e9t b\u00edborlila.\" \/>\n<meta property=\"og:url\" content=\"https:\/\/tajkertesz.com\/en_US\/product\/magnolia-susan-nagyviragu-liliomfa\/\" \/>\n<meta property=\"og:site_name\" content=\"T\u00e1jkert\u00e9sz\" \/>\n<meta property=\"article:publisher\" content=\"https:\/\/www.facebook.com\/Tajkertesz\/\" \/>\n<meta property=\"article:modified_time\" content=\"2025-03-04T13:09:50+00:00\" \/>\n<meta property=\"og:image\" content=\"https:\/\/tajkertesz.com\/wp-content\/uploads\/2020\/02\/Susan-e1741092695683.jpg\" \/>\n\t<meta property=\"og:image:width\" content=\"230\" \/>\n\t<meta property=\"og:image:height\" content=\"504\" \/>\n\t<meta property=\"og:image:type\" content=\"image\/jpeg\" \/>\n<meta name=\"twitter:card\" content=\"summary_large_image\" \/>\n<meta name=\"twitter:label1\" content=\"Est. reading time\" \/>\n\t<meta name=\"twitter:data1\" content=\"3 minutes\" \/>\n<script type=\"application\/ld+json\" class=\"yoast-schema-graph\">{\"@context\":\"https:\\\/\\\/schema.org\",\"@graph\":[{\"@type\":\"WebPage\",\"@id\":\"https:\\\/\\\/tajkertesz.com\\\/termek\\\/magnolia-susan-nagyviragu-liliomfa\\\/\",\"url\":\"https:\\\/\\\/tajkertesz.com\\\/termek\\\/magnolia-susan-nagyviragu-liliomfa\\\/\",\"name\":\"Magnolia 'Susan' - Nagyvir\u00e1g\u00fa liliomfa - T\u00e1jkert\u00e9sz\",\"isPartOf\":{\"@id\":\"https:\\\/\\\/tajkertesz.com\\\/#website\"},\"primaryImageOfPage\":{\"@id\":\"https:\\\/\\\/tajkertesz.com\\\/termek\\\/magnolia-susan-nagyviragu-liliomfa\\\/#primaryimage\"},\"image\":{\"@id\":\"https:\\\/\\\/tajkertesz.com\\\/termek\\\/magnolia-susan-nagyviragu-liliomfa\\\/#primaryimage\"},\"thumbnailUrl\":\"https:\\\/\\\/tajkertesz.com\\\/wp-content\\\/uploads\\\/2020\\\/02\\\/Susan-e1741092695683.jpg\",\"datePublished\":\"2020-02-18T10:56:48+00:00\",\"dateModified\":\"2025-03-04T13:09:50+00:00\",\"description\":\"A\u00a0Magnolia \u2018Susan\u2019 egy k\u00fcl\u00f6nleges, nagyvir\u00e1g\u00fa liliomfa, amelyet gyakran v\u00e1lasztanak kisebb kertekbe, vir\u00e1ga s\u00f6t\u00e9t b\u00edborlila.\",\"breadcrumb\":{\"@id\":\"https:\\\/\\\/tajkertesz.com\\\/termek\\\/magnolia-susan-nagyviragu-liliomfa\\\/#breadcrumb\"},\"inLanguage\":\"en-US\",\"potentialAction\":[{\"@type\":\"ReadAction\",\"target\":[\"https:\\\/\\\/tajkertesz.com\\\/termek\\\/magnolia-susan-nagyviragu-liliomfa\\\/\"]}]},{\"@type\":\"ImageObject\",\"inLanguage\":\"en-US\",\"@id\":\"https:\\\/\\\/tajkertesz.com\\\/termek\\\/magnolia-susan-nagyviragu-liliomfa\\\/#primaryimage\",\"url\":\"https:\\\/\\\/tajkertesz.com\\\/wp-content\\\/uploads\\\/2020\\\/02\\\/Susan-e1741092695683.jpg\",\"contentUrl\":\"https:\\\/\\\/tajkertesz.com\\\/wp-content\\\/uploads\\\/2020\\\/02\\\/Susan-e1741092695683.jpg\",\"width\":230,\"height\":504,\"caption\":\"Magnolia 'Susan' - S\u00f6t\u00e9t b\u00edbor sz\u00edn\u0171 liliomfa\"},{\"@type\":\"BreadcrumbList\",\"@id\":\"https:\\\/\\\/tajkertesz.com\\\/termek\\\/magnolia-susan-nagyviragu-liliomfa\\\/#breadcrumb\",\"itemListElement\":[{\"@type\":\"ListItem\",\"position\":1,\"name\":\"Home\",\"item\":\"https:\\\/\\\/tajkertesz.com\\\/\"},{\"@type\":\"ListItem\",\"position\":2,\"name\":\"Kezd\u0151lap\",\"item\":\"https:\\\/\\\/tajkertesz.com\\\/\"},{\"@type\":\"ListItem\",\"position\":3,\"name\":\"Magnolia &#8216;Susan&#8217; &#8211; Nagyvir\u00e1g\u00fa liliomfa\"}]},{\"@type\":\"WebSite\",\"@id\":\"https:\\\/\\\/tajkertesz.com\\\/#website\",\"url\":\"https:\\\/\\\/tajkertesz.com\\\/\",\"name\":\"T\u00e1j-Kert\u00e9sz 84 Kft.\",\"description\":\"Kert\u00e9szeti kis- \u00e9s nagykeresked\u00e9s, D\u00edszn\u00f6v\u00e9ny web\u00e1ruh\u00e1z orsz\u00e1gos h\u00e1zhozsz\u00e1ll\u00edt\u00e1ssal!\",\"publisher\":{\"@id\":\"https:\\\/\\\/tajkertesz.com\\\/#organization\"},\"potentialAction\":[{\"@type\":\"SearchAction\",\"target\":{\"@type\":\"EntryPoint\",\"urlTemplate\":\"https:\\\/\\\/tajkertesz.com\\\/?s={search_term_string}\"},\"query-input\":{\"@type\":\"PropertyValueSpecification\",\"valueRequired\":true,\"valueName\":\"search_term_string\"}}],\"inLanguage\":\"en-US\"},{\"@type\":\"Organization\",\"@id\":\"https:\\\/\\\/tajkertesz.com\\\/#organization\",\"name\":\"T\u00e1j-Kert\u00e9sz 84 Kft.\",\"url\":\"https:\\\/\\\/tajkertesz.com\\\/\",\"logo\":{\"@type\":\"ImageObject\",\"inLanguage\":\"en-US\",\"@id\":\"https:\\\/\\\/tajkertesz.com\\\/#\\\/schema\\\/logo\\\/image\\\/\",\"url\":\"https:\\\/\\\/tajkertesz.com\\\/wp-content\\\/uploads\\\/2018\\\/02\\\/logo-2-e1518678052539.png\",\"contentUrl\":\"https:\\\/\\\/tajkertesz.com\\\/wp-content\\\/uploads\\\/2018\\\/02\\\/logo-2-e1518678052539.png\",\"width\":81,\"height\":140,\"caption\":\"T\u00e1j-Kert\u00e9sz 84 Kft.\"},\"image\":{\"@id\":\"https:\\\/\\\/tajkertesz.com\\\/#\\\/schema\\\/logo\\\/image\\\/\"},\"sameAs\":[\"https:\\\/\\\/www.facebook.com\\\/Tajkertesz\\\/\"]}]}<\/script>\n<!-- \/ Yoast SEO plugin. -->","yoast_head_json":{"title":"Magnolia 'Susan' - Nagyvir\u00e1g\u00fa liliomfa - T\u00e1jkert\u00e9sz","description":"A\u00a0Magnolia \u2018Susan\u2019 egy k\u00fcl\u00f6nleges, nagyvir\u00e1g\u00fa liliomfa, amelyet gyakran v\u00e1lasztanak kisebb kertekbe, vir\u00e1ga s\u00f6t\u00e9t b\u00edborlila.","robots":{"index":"index","follow":"follow","max-snippet":"max-snippet:-1","max-image-preview":"max-image-preview:large","max-video-preview":"max-video-preview:-1"},"canonical":"https:\/\/tajkertesz.com\/en_US\/product\/magnolia-susan-nagyviragu-liliomfa\/","og_locale":"en_US","og_type":"article","og_title":"Magnolia 'Susan' - Nagyvir\u00e1g\u00fa liliomfa - T\u00e1jkert\u00e9sz","og_description":"A\u00a0Magnolia \u2018Susan\u2019 egy k\u00fcl\u00f6nleges, nagyvir\u00e1g\u00fa liliomfa, amelyet gyakran v\u00e1lasztanak kisebb kertekbe, vir\u00e1ga s\u00f6t\u00e9t b\u00edborlila.","og_url":"https:\/\/tajkertesz.com\/en_US\/product\/magnolia-susan-nagyviragu-liliomfa\/","og_site_name":"T\u00e1jkert\u00e9sz","article_publisher":"https:\/\/www.facebook.com\/Tajkertesz\/","article_modified_time":"2025-03-04T13:09:50+00:00","og_image":[{"width":230,"height":504,"url":"https:\/\/tajkertesz.com\/wp-content\/uploads\/2020\/02\/Susan-e1741092695683.jpg","type":"image\/jpeg"}],"twitter_card":"summary_large_image","twitter_misc":{"Est. reading time":"3 minutes"},"schema":{"@context":"https:\/\/schema.org","@graph":[{"@type":"WebPage","@id":"https:\/\/tajkertesz.com\/termek\/magnolia-susan-nagyviragu-liliomfa\/","url":"https:\/\/tajkertesz.com\/termek\/magnolia-susan-nagyviragu-liliomfa\/","name":"Magnolia 'Susan' - Nagyvir\u00e1g\u00fa liliomfa - T\u00e1jkert\u00e9sz","isPartOf":{"@id":"https:\/\/tajkertesz.com\/#website"},"primaryImageOfPage":{"@id":"https:\/\/tajkertesz.com\/termek\/magnolia-susan-nagyviragu-liliomfa\/#primaryimage"},"image":{"@id":"https:\/\/tajkertesz.com\/termek\/magnolia-susan-nagyviragu-liliomfa\/#primaryimage"},"thumbnailUrl":"https:\/\/tajkertesz.com\/wp-content\/uploads\/2020\/02\/Susan-e1741092695683.jpg","datePublished":"2020-02-18T10:56:48+00:00","dateModified":"2025-03-04T13:09:50+00:00","description":"A\u00a0Magnolia \u2018Susan\u2019 egy k\u00fcl\u00f6nleges, nagyvir\u00e1g\u00fa liliomfa, amelyet gyakran v\u00e1lasztanak kisebb kertekbe, vir\u00e1ga s\u00f6t\u00e9t b\u00edborlila.","breadcrumb":{"@id":"https:\/\/tajkertesz.com\/termek\/magnolia-susan-nagyviragu-liliomfa\/#breadcrumb"},"inLanguage":"en-US","potentialAction":[{"@type":"ReadAction","target":["https:\/\/tajkertesz.com\/termek\/magnolia-susan-nagyviragu-liliomfa\/"]}]},{"@type":"ImageObject","inLanguage":"en-US","@id":"https:\/\/tajkertesz.com\/termek\/magnolia-susan-nagyviragu-liliomfa\/#primaryimage","url":"https:\/\/tajkertesz.com\/wp-content\/uploads\/2020\/02\/Susan-e1741092695683.jpg","contentUrl":"https:\/\/tajkertesz.com\/wp-content\/uploads\/2020\/02\/Susan-e1741092695683.jpg","width":230,"height":504,"caption":"Magnolia 'Susan' - S\u00f6t\u00e9t b\u00edbor sz\u00edn\u0171 liliomfa"},{"@type":"BreadcrumbList","@id":"https:\/\/tajkertesz.com\/termek\/magnolia-susan-nagyviragu-liliomfa\/#breadcrumb","itemListElement":[{"@type":"ListItem","position":1,"name":"Home","item":"https:\/\/tajkertesz.com\/"},{"@type":"ListItem","position":2,"name":"Kezd\u0151lap","item":"https:\/\/tajkertesz.com\/"},{"@type":"ListItem","position":3,"name":"Magnolia &#8216;Susan&#8217; &#8211; Nagyvir\u00e1g\u00fa liliomfa"}]},{"@type":"WebSite","@id":"https:\/\/tajkertesz.com\/#website","url":"https:\/\/tajkertesz.com\/","name":"T\u00e1j-Kert\u00e9sz 84 Kft.","description":"Kert\u00e9szeti kis- \u00e9s nagykeresked\u00e9s, D\u00edszn\u00f6v\u00e9ny web\u00e1ruh\u00e1z orsz\u00e1gos h\u00e1zhozsz\u00e1ll\u00edt\u00e1ssal!","publisher":{"@id":"https:\/\/tajkertesz.com\/#organization"},"potentialAction":[{"@type":"SearchAction","target":{"@type":"EntryPoint","urlTemplate":"https:\/\/tajkertesz.com\/?s={search_term_string}"},"query-input":{"@type":"PropertyValueSpecification","valueRequired":true,"valueName":"search_term_string"}}],"inLanguage":"en-US"},{"@type":"Organization","@id":"https:\/\/tajkertesz.com\/#organization","name":"T\u00e1j-Kert\u00e9sz 84 Kft.","url":"https:\/\/tajkertesz.com\/","logo":{"@type":"ImageObject","inLanguage":"en-US","@id":"https:\/\/tajkertesz.com\/#\/schema\/logo\/image\/","url":"https:\/\/tajkertesz.com\/wp-content\/uploads\/2018\/02\/logo-2-e1518678052539.png","contentUrl":"https:\/\/tajkertesz.com\/wp-content\/uploads\/2018\/02\/logo-2-e1518678052539.png","width":81,"height":140,"caption":"T\u00e1j-Kert\u00e9sz 84 Kft."},"image":{"@id":"https:\/\/tajkertesz.com\/#\/schema\/logo\/image\/"},"sameAs":["https:\/\/www.facebook.com\/Tajkertesz\/"]}]}},"_links":{"self":[{"href":"https:\/\/tajkertesz.com\/en_US\/wp-json\/wp\/v2\/product\/896","targetHints":{"allow":["GET"]}}],"collection":[{"href":"https:\/\/tajkertesz.com\/en_US\/wp-json\/wp\/v2\/product"}],"about":[{"href":"https:\/\/tajkertesz.com\/en_US\/wp-json\/wp\/v2\/types\/product"}],"wp:featuredmedia":[{"embeddable":true,"href":"https:\/\/tajkertesz.com\/en_US\/wp-json\/wp\/v2\/media\/13062"}],"wp:attachment":[{"href":"https:\/\/tajkertesz.com\/en_US\/wp-json\/wp\/v2\/media?parent=896"}],"wp:term":[{"taxonomy":"product_brand","embeddable":true,"href":"https:\/\/tajkertesz.com\/en_US\/wp-json\/wp\/v2\/product_brand?post=896"},{"taxonomy":"product_cat","embeddable":true,"href":"https:\/\/tajkertesz.com\/en_US\/wp-json\/wp\/v2\/product_cat?post=896"},{"taxonomy":"product_tag","embeddable":true,"href":"https:\/\/tajkertesz.com\/en_US\/wp-json\/wp\/v2\/product_tag?post=896"}],"curies":[{"name":"wp","href":"https:\/\/api.w.org\/{rel}","templated":true}]}}