{"id":9012,"date":"2021-09-06T12:07:49","date_gmt":"2021-09-06T12:07:49","guid":{"rendered":"https:\/\/tajkertesz.com\/?post_type=product&#038;p=9012"},"modified":"2026-04-28T13:38:49","modified_gmt":"2026-04-28T13:38:49","slug":"photina-fraseri-red-robin-korallberkenye-tajkertesz","status":"publish","type":"product","link":"https:\/\/tajkertesz.com\/en_US\/product\/photina-fraseri-red-robin-korallberkenye-tajkertesz\/","title":{"rendered":"Photinia\u00a0 fraseri &#8216;Red Robin&#8217; , Korallberkenye"},"content":{"rendered":"<p><img loading=\"lazy\" decoding=\"async\" class=\"size-medium wp-image-13963 alignleft\" src=\"https:\/\/tajkertesz.com\/wp-content\/uploads\/2021\/09\/20221025_103944-135x300.jpg\" alt=\"\" width=\"135\" height=\"300\" srcset=\"https:\/\/tajkertesz.com\/wp-content\/uploads\/2021\/09\/20221025_103944-135x300.jpg 135w, https:\/\/tajkertesz.com\/wp-content\/uploads\/2021\/09\/20221025_103944-462x1024.jpg 462w, https:\/\/tajkertesz.com\/wp-content\/uploads\/2021\/09\/20221025_103944-768x1704.jpg 768w, https:\/\/tajkertesz.com\/wp-content\/uploads\/2021\/09\/20221025_103944-692x1536.jpg 692w, https:\/\/tajkertesz.com\/wp-content\/uploads\/2021\/09\/20221025_103944-923x2048.jpg 923w, https:\/\/tajkertesz.com\/wp-content\/uploads\/2021\/09\/20221025_103944-5x12.jpg 5w, https:\/\/tajkertesz.com\/wp-content\/uploads\/2021\/09\/20221025_103944-600x1331.jpg 600w, https:\/\/tajkertesz.com\/wp-content\/uploads\/2021\/09\/20221025_103944-64x142.jpg 64w, https:\/\/tajkertesz.com\/wp-content\/uploads\/2021\/09\/20221025_103944-scaled.jpg 1154w\" sizes=\"(max-width: 135px) 100vw, 135px\" \/>Photina\u00a0 fraseri &#8216;Red Robin&#8217; , Korallberkenye<\/p>\n<p>A Photina\u00a0 fraseri &#8216;Red Robin&#8217; , Korallberkenye a fiatal hajt\u00e1sok \u00e9s a fels\u0151 levelek kihajt\u00e1skor \u00e9l\u00e9nk v\u00f6r\u00f6sek, \u00e9rdekes sz\u00ednfoltot adva kert\u00fcnknek.<\/p>\n<p>A ny\u00edr\u00e1st \u00e9s az alak\u00edt\u00e1st j\u00f3l t\u0171ri. Szoliter n\u00f6v\u00e9nynek \u00fcltess\u00fck el\u0151kertbe , cserjecsoportba , de ak\u00e1r kasp\u00f3ban is tarthat\u00f3. Kiv\u00e1l\u00f3 s\u00f6v\u00e9ny k\u00e9sz\u00edthet\u0151 bel\u0151le.<\/p>\n<p>A korallberkenye \u00f6r\u00f6kz\u00f6ld cserje. Fel\u00e1ll\u00f3 habitus \u00e9s s\u0171r\u0171 lombozat jellemzi. F\u00e9nyes z\u00f6ld levelei fiatalon \u00e9l\u00e9nk v\u00f6r\u00f6sek \u00e1rnyalat\u00faak.\u00a0 \u00c1prilis &#8211; m\u00e1jus id\u0151szak\u00e1ban hozza feh\u00e9r bugavir\u00e1gzatait. Napos, f\u00e9l\u00e1rny\u00e9kos helyeken \u00e9rzi igaz\u00e1n j\u00f3l mag\u00e1t.<\/p>\n<p>C\u00e9lszer\u0171 \u00e9vente t\u00f6bbsz\u00f6r ny\u00edrni , mivel\u00a0 a fiatal hajt\u00e1sok gy\u00f6ny\u00f6r\u0171 sz\u00edn\u0171ek.<\/p>\n<p>Ak\u00e1r kertbe , ak\u00e1r kasp\u00f3ba \u00fcltetj\u00fck ne feledkezz\u00fcnk meg a t\u00e1panyag ut\u00e1np\u00f3tl\u00e1sr\u00f3l .<\/p>\n<p>Kertbe \u00fcltet\u00e9skor javasoljuk a marhatr\u00e1gya haszn\u00e1lat\u00e1t az \u00fcltet\u0151 g\u00f6d\u00f6rbe.<\/p>\n<p>&nbsp;<\/p>\n<p>Jelen term\u00e9k\u00fcnk\u00a0 kb. 30\/40+ cm<\/p>\n<p style=\"line-height: 18.0pt; background: white; margin: 0cm 0cm 15.0pt 0cm;\"><span style=\"font-family: 'Ubuntu',serif; color: black;\">El\u00e9rhet\u0151 t\u00f6bbf\u00e9le m\u00e9retben \u00e9s \u00e1rban.<\/span><\/p>\n<p style=\"line-height: 18.0pt; background: white; margin: 0cm 0cm 15.0pt 0cm;\"><b><span style=\"font-family: 'Ubuntu',serif; color: black;\">K\u00e9szlet\u00fcnk napi szinten v\u00e1ltozik, ez\u00e9rt k\u00e9rj\u00fck, \u00e9rdekl\u0151dj\u00f6n szem\u00e9lyesen, telefonon vagy email-en.<br \/>\nA v\u00e1ltoztat\u00e1s jog\u00e1t fenntartjuk!\u00a0<\/span><\/b><\/p>\n<p><a href=\"https:\/\/tajkertesz.com\/,\">https:\/\/tajkertesz.com\/<\/a><\/p>\n<p><a href=\"https:\/\/en.wikipedia.org\/wiki\/Photiniahttps:\/\/en.wikipedia.org\/wiki\/Photinia\">https:\/\/en.wikipedia.org\/wiki\/Photiniahttps:\/\/en.wikipedia.org\/wiki\/Photinia<\/a><\/p>\n<p>A kerti korallberkenye (Photinia x fraseri) \u00f6r\u00f6kz\u00f6ld, \u00e9vel\u0151 cserje. A D\u00e9lkelet-\u00c1zsi\u00e1ban \u0151shonos korallberkenye fajok keresztez\u00e9s\u00e9vel hozt\u00e1k l\u00e9tre. Lombozata eg\u00e9sz \u00e9vben d\u00edsz\u00edti a kertet, tavasszal feh\u00e9r vir\u00e1gokat, id\u0151nk\u00e9nt piros term\u00e9st is hoz.<\/p>\n<p>K\u00fcl\u00f6nlegess\u00e9g\u00e9t a n\u00e9h\u00e1ny h\u00e9tig v\u00f6r\u00f6ses vagy bronzos sz\u00edn\u0171 levelek jelentik. \u00c1lland\u00f3 lev\u00e9lzete kerekded, f\u00e9nyes fel\u00fclet\u0171 levelekb\u0151l \u00e1ll. Magass\u00e1ga kifejlett \u00e1llapotban 2,5-3 m, de l\u00e9teznek t\u00f6rpe v\u00e1ltozatai is.<\/p>\n<p>\u00dcltethetj\u00fck napos \u00e9s \u00e1rny\u00e9kos helyre is, mivel minden f\u00e9nyviszonyt j\u00f3l b\u00edr, viszont fontos megeml\u00edteni, hogy \u00e1rny\u00e9kos helyen kevesebb vir\u00e1got hoz. A talaj t\u00edpus\u00e1ra nem k\u00e9nyes, de fontos, hogy a talaj ne legyen t\u00fal k\u00f6t\u00f6tt.<\/p>\n<p>Az id\u0151sebb n\u00f6v\u00e9nyek jobban t\u0171rik a sz\u00e1razs\u00e1got, de az\u00e9rt tart\u00f3san sz\u00e1raz id\u0151szakokban megh\u00e1l\u00e1lj\u00e1k, ha id\u0151nk\u00e9nt \u00f6nt\u00f6zz\u00fck \u0151ket.<\/p>\n<p>Tavasszal, mikor a n\u00f6v\u00e9ny \u00faj hajt\u00e1sai kezdik elveszteni piros sz\u00edn\u00e9t, ezeket v\u00e1gjuk vissza, hogy \u00fajabb piros leveleket hozzon a n\u00f6v\u00e9ny. Ny\u00e1ron \u00e9s \u0151sszel szapor\u00edthatjuk dugv\u00e1nyoz\u00e1ssal.<\/p>\n<p>&nbsp;<\/p>","protected":false},"excerpt":{"rendered":"<p>A Photina\u00a0 fraseri &#8216;Red Robin&#8217; , Korallberkenye a fiatal hajt\u00e1sok \u00e9s a fels\u0151 levelek kihajt\u00e1skor \u00e9l\u00e9nk v\u00f6r\u00f6sek, \u00e9rdekes sz\u00ednfoltot adva kert\u00fcnknek.<\/p>\n<p>A ny\u00edr\u00e1st \u00e9s az alak\u00edt\u00e1st j\u00f3l t\u0171ri. Szoliter n\u00f6v\u00e9nynek \u00fcltess\u00fck el\u0151kertbe , cserjecsoportba , de ak\u00e1r kasp\u00f3ban is tarthat\u00f3.<\/p>\n<p>A korallberkenye \u00f6r\u00f6kz\u00f6ld cserje. Fel\u00e1ll\u00f3 habitus \u00e9s s\u0171r\u0171 lombozat jellemzi. F\u00e9nyes z\u00f6ld levelei fiatalon \u00e9l\u00e9nk v\u00f6r\u00f6sek \u00e1rnyalat\u00faak.\u00a0 \u00c1prilis &#8211; m\u00e1jus id\u0151szak\u00e1ban hozza feh\u00e9r bugavir\u00e1gzatait. Napos, f\u00e9l\u00e1rny\u00e9kos helyeken \u00e9rzi igaz\u00e1n j\u00f3l mag\u00e1t.<\/p>\n<p>C\u00e9lszer\u0171 \u00e9vente t\u00f6bbsz\u00f6r ny\u00edrni , mivel\u00a0 a fiatal hajt\u00e1sok gy\u00f6ny\u00f6r\u0171 sz\u00edn\u0171ek.<\/p>\n<p>Ak\u00e1r kertbe , ak\u00e1r kasp\u00f3ba \u00fcltetj\u00fck ne feledkezz\u00fcnk meg a t\u00e1panyag ut\u00e1np\u00f3tl\u00e1sr\u00f3l .<\/p>\n<p>Kertbe \u00fcltet\u00e9skor javasoljuk a marhatr\u00e1gya haszn\u00e1lat\u00e1t az \u00fcltet\u0151 g\u00f6d\u00f6rbe! <span style=\"color: #ff0000;\"><a style=\"color: #ff0000;\" href=\"https:\/\/tajkertesz.com\/termek\/marhatragya-15-literes\/\">Katt. ide!<\/a><\/span><\/p>\n<p>Valamint a t\u0151zeget: <span style=\"color: #ff0000;\"><a style=\"color: #ff0000;\" href=\"https:\/\/tajkertesz.com\/termek\/florimo-tozegkocka-25-l\/\">Katt. ide!<\/a><\/span><\/p>","protected":false},"featured_media":19365,"template":"","meta":{"_et_pb_use_builder":"","_et_pb_old_content":"","_et_gb_content_width":""},"product_brand":[],"product_cat":[26],"product_tag":[907,4994,906,1311],"class_list":{"0":"post-9012","1":"product","2":"type-product","3":"status-publish","4":"has-post-thumbnail","6":"product_cat-orokzold-novenyek","7":"product_tag-korallberkenye","8":"product_tag-orokzold-cserje","9":"product_tag-photinia","10":"product_tag-red-robin","12":"first","13":"instock","14":"shipping-taxable","15":"purchasable","16":"product-type-simple"},"yoast_head":"<!-- This site is optimized with the Yoast SEO plugin v27.5 - https:\/\/yoast.com\/product\/yoast-seo-wordpress\/ -->\n<title>Photinia\u00a0 fraseri &#039;Red Robin&#039; , Korallberkenye - T\u00e1jkert\u00e9sz<\/title>\n<meta name=\"description\" content=\"A Photina\u00a0 fraseri &#039;Red Robin&#039; , Korallberkenye\u00a0 a fels\u0151 levelek kihajt\u00e1skor \u00e9l\u00e9nk v\u00f6r\u00f6sek, \u00e9rdekes sz\u00ednfoltot adva kert\u00fcnknek.\u00a0V\u00e1s\u00e1roljon web\u00e1ruh\u00e1zunkb\u00f3l!\" \/>\n<meta name=\"robots\" content=\"index, follow, max-snippet:-1, max-image-preview:large, max-video-preview:-1\" \/>\n<link rel=\"canonical\" href=\"https:\/\/tajkertesz.com\/en_US\/product\/photina-fraseri-red-robin-korallberkenye-tajkertesz\/\" \/>\n<meta property=\"og:locale\" content=\"en_US\" \/>\n<meta property=\"og:type\" content=\"article\" \/>\n<meta property=\"og:title\" content=\"Photinia\u00a0 fraseri &#039;Red Robin&#039; , Korallberkenye - T\u00e1jkert\u00e9sz\" \/>\n<meta property=\"og:description\" content=\"A Photina\u00a0 fraseri &#039;Red Robin&#039; , Korallberkenye\u00a0 a fels\u0151 levelek kihajt\u00e1skor \u00e9l\u00e9nk v\u00f6r\u00f6sek, \u00e9rdekes sz\u00ednfoltot adva kert\u00fcnknek.\u00a0V\u00e1s\u00e1roljon web\u00e1ruh\u00e1zunkb\u00f3l!\" \/>\n<meta property=\"og:url\" content=\"https:\/\/tajkertesz.com\/en_US\/product\/photina-fraseri-red-robin-korallberkenye-tajkertesz\/\" \/>\n<meta property=\"og:site_name\" content=\"T\u00e1jkert\u00e9sz\" \/>\n<meta property=\"article:publisher\" content=\"https:\/\/www.facebook.com\/Tajkertesz\/\" \/>\n<meta property=\"article:modified_time\" content=\"2026-04-28T13:38:49+00:00\" \/>\n<meta property=\"og:image\" content=\"https:\/\/tajkertesz.com\/wp-content\/uploads\/2021\/09\/20240228_141224-1-scaled.jpg\" \/>\n\t<meta property=\"og:image:width\" content=\"2560\" \/>\n\t<meta property=\"og:image:height\" content=\"1154\" \/>\n\t<meta property=\"og:image:type\" content=\"image\/jpeg\" \/>\n<meta name=\"twitter:card\" content=\"summary_large_image\" \/>\n<meta name=\"twitter:label1\" content=\"Est. reading time\" \/>\n\t<meta name=\"twitter:data1\" content=\"2 minutes\" \/>\n<script type=\"application\/ld+json\" class=\"yoast-schema-graph\">{\"@context\":\"https:\\\/\\\/schema.org\",\"@graph\":[{\"@type\":\"WebPage\",\"@id\":\"https:\\\/\\\/tajkertesz.com\\\/termek\\\/photina-fraseri-red-robin-korallberkenye-tajkertesz\\\/\",\"url\":\"https:\\\/\\\/tajkertesz.com\\\/termek\\\/photina-fraseri-red-robin-korallberkenye-tajkertesz\\\/\",\"name\":\"Photinia\u00a0 fraseri 'Red Robin' , Korallberkenye - T\u00e1jkert\u00e9sz\",\"isPartOf\":{\"@id\":\"https:\\\/\\\/tajkertesz.com\\\/#website\"},\"primaryImageOfPage\":{\"@id\":\"https:\\\/\\\/tajkertesz.com\\\/termek\\\/photina-fraseri-red-robin-korallberkenye-tajkertesz\\\/#primaryimage\"},\"image\":{\"@id\":\"https:\\\/\\\/tajkertesz.com\\\/termek\\\/photina-fraseri-red-robin-korallberkenye-tajkertesz\\\/#primaryimage\"},\"thumbnailUrl\":\"https:\\\/\\\/tajkertesz.com\\\/wp-content\\\/uploads\\\/2021\\\/09\\\/20240228_141224-1-scaled.jpg\",\"datePublished\":\"2021-09-06T12:07:49+00:00\",\"dateModified\":\"2026-04-28T13:38:49+00:00\",\"description\":\"A Photina\u00a0 fraseri 'Red Robin' , Korallberkenye\u00a0 a fels\u0151 levelek kihajt\u00e1skor \u00e9l\u00e9nk v\u00f6r\u00f6sek, \u00e9rdekes sz\u00ednfoltot adva kert\u00fcnknek.\u00a0V\u00e1s\u00e1roljon web\u00e1ruh\u00e1zunkb\u00f3l!\",\"breadcrumb\":{\"@id\":\"https:\\\/\\\/tajkertesz.com\\\/termek\\\/photina-fraseri-red-robin-korallberkenye-tajkertesz\\\/#breadcrumb\"},\"inLanguage\":\"en-US\",\"potentialAction\":[{\"@type\":\"ReadAction\",\"target\":[\"https:\\\/\\\/tajkertesz.com\\\/termek\\\/photina-fraseri-red-robin-korallberkenye-tajkertesz\\\/\"]}]},{\"@type\":\"ImageObject\",\"inLanguage\":\"en-US\",\"@id\":\"https:\\\/\\\/tajkertesz.com\\\/termek\\\/photina-fraseri-red-robin-korallberkenye-tajkertesz\\\/#primaryimage\",\"url\":\"https:\\\/\\\/tajkertesz.com\\\/wp-content\\\/uploads\\\/2021\\\/09\\\/20240228_141224-1-scaled.jpg\",\"contentUrl\":\"https:\\\/\\\/tajkertesz.com\\\/wp-content\\\/uploads\\\/2021\\\/09\\\/20240228_141224-1-scaled.jpg\",\"width\":2560,\"height\":1154},{\"@type\":\"BreadcrumbList\",\"@id\":\"https:\\\/\\\/tajkertesz.com\\\/termek\\\/photina-fraseri-red-robin-korallberkenye-tajkertesz\\\/#breadcrumb\",\"itemListElement\":[{\"@type\":\"ListItem\",\"position\":1,\"name\":\"Home\",\"item\":\"https:\\\/\\\/tajkertesz.com\\\/\"},{\"@type\":\"ListItem\",\"position\":2,\"name\":\"Kezd\u0151lap\",\"item\":\"https:\\\/\\\/tajkertesz.com\\\/\"},{\"@type\":\"ListItem\",\"position\":3,\"name\":\"Photinia\u00a0 fraseri &#8216;Red Robin&#8217; , Korallberkenye\"}]},{\"@type\":\"WebSite\",\"@id\":\"https:\\\/\\\/tajkertesz.com\\\/#website\",\"url\":\"https:\\\/\\\/tajkertesz.com\\\/\",\"name\":\"T\u00e1j-Kert\u00e9sz 84 Kft.\",\"description\":\"Kert\u00e9szeti kis- \u00e9s nagykeresked\u00e9s, D\u00edszn\u00f6v\u00e9ny web\u00e1ruh\u00e1z orsz\u00e1gos h\u00e1zhozsz\u00e1ll\u00edt\u00e1ssal!\",\"publisher\":{\"@id\":\"https:\\\/\\\/tajkertesz.com\\\/#organization\"},\"potentialAction\":[{\"@type\":\"SearchAction\",\"target\":{\"@type\":\"EntryPoint\",\"urlTemplate\":\"https:\\\/\\\/tajkertesz.com\\\/?s={search_term_string}\"},\"query-input\":{\"@type\":\"PropertyValueSpecification\",\"valueRequired\":true,\"valueName\":\"search_term_string\"}}],\"inLanguage\":\"en-US\"},{\"@type\":\"Organization\",\"@id\":\"https:\\\/\\\/tajkertesz.com\\\/#organization\",\"name\":\"T\u00e1j-Kert\u00e9sz 84 Kft.\",\"url\":\"https:\\\/\\\/tajkertesz.com\\\/\",\"logo\":{\"@type\":\"ImageObject\",\"inLanguage\":\"en-US\",\"@id\":\"https:\\\/\\\/tajkertesz.com\\\/#\\\/schema\\\/logo\\\/image\\\/\",\"url\":\"https:\\\/\\\/tajkertesz.com\\\/wp-content\\\/uploads\\\/2018\\\/02\\\/logo-2-e1518678052539.png\",\"contentUrl\":\"https:\\\/\\\/tajkertesz.com\\\/wp-content\\\/uploads\\\/2018\\\/02\\\/logo-2-e1518678052539.png\",\"width\":81,\"height\":140,\"caption\":\"T\u00e1j-Kert\u00e9sz 84 Kft.\"},\"image\":{\"@id\":\"https:\\\/\\\/tajkertesz.com\\\/#\\\/schema\\\/logo\\\/image\\\/\"},\"sameAs\":[\"https:\\\/\\\/www.facebook.com\\\/Tajkertesz\\\/\"]}]}<\/script>\n<!-- \/ Yoast SEO plugin. -->","yoast_head_json":{"title":"Photinia\u00a0 fraseri 'Red Robin' , Korallberkenye - T\u00e1jkert\u00e9sz","description":"A Photina\u00a0 fraseri 'Red Robin' , Korallberkenye\u00a0 a fels\u0151 levelek kihajt\u00e1skor \u00e9l\u00e9nk v\u00f6r\u00f6sek, \u00e9rdekes sz\u00ednfoltot adva kert\u00fcnknek.\u00a0V\u00e1s\u00e1roljon web\u00e1ruh\u00e1zunkb\u00f3l!","robots":{"index":"index","follow":"follow","max-snippet":"max-snippet:-1","max-image-preview":"max-image-preview:large","max-video-preview":"max-video-preview:-1"},"canonical":"https:\/\/tajkertesz.com\/en_US\/product\/photina-fraseri-red-robin-korallberkenye-tajkertesz\/","og_locale":"en_US","og_type":"article","og_title":"Photinia\u00a0 fraseri 'Red Robin' , Korallberkenye - T\u00e1jkert\u00e9sz","og_description":"A Photina\u00a0 fraseri 'Red Robin' , Korallberkenye\u00a0 a fels\u0151 levelek kihajt\u00e1skor \u00e9l\u00e9nk v\u00f6r\u00f6sek, \u00e9rdekes sz\u00ednfoltot adva kert\u00fcnknek.\u00a0V\u00e1s\u00e1roljon web\u00e1ruh\u00e1zunkb\u00f3l!","og_url":"https:\/\/tajkertesz.com\/en_US\/product\/photina-fraseri-red-robin-korallberkenye-tajkertesz\/","og_site_name":"T\u00e1jkert\u00e9sz","article_publisher":"https:\/\/www.facebook.com\/Tajkertesz\/","article_modified_time":"2026-04-28T13:38:49+00:00","og_image":[{"width":2560,"height":1154,"url":"https:\/\/tajkertesz.com\/wp-content\/uploads\/2021\/09\/20240228_141224-1-scaled.jpg","type":"image\/jpeg"}],"twitter_card":"summary_large_image","twitter_misc":{"Est. reading time":"2 minutes"},"schema":{"@context":"https:\/\/schema.org","@graph":[{"@type":"WebPage","@id":"https:\/\/tajkertesz.com\/termek\/photina-fraseri-red-robin-korallberkenye-tajkertesz\/","url":"https:\/\/tajkertesz.com\/termek\/photina-fraseri-red-robin-korallberkenye-tajkertesz\/","name":"Photinia\u00a0 fraseri 'Red Robin' , Korallberkenye - T\u00e1jkert\u00e9sz","isPartOf":{"@id":"https:\/\/tajkertesz.com\/#website"},"primaryImageOfPage":{"@id":"https:\/\/tajkertesz.com\/termek\/photina-fraseri-red-robin-korallberkenye-tajkertesz\/#primaryimage"},"image":{"@id":"https:\/\/tajkertesz.com\/termek\/photina-fraseri-red-robin-korallberkenye-tajkertesz\/#primaryimage"},"thumbnailUrl":"https:\/\/tajkertesz.com\/wp-content\/uploads\/2021\/09\/20240228_141224-1-scaled.jpg","datePublished":"2021-09-06T12:07:49+00:00","dateModified":"2026-04-28T13:38:49+00:00","description":"A Photina\u00a0 fraseri 'Red Robin' , Korallberkenye\u00a0 a fels\u0151 levelek kihajt\u00e1skor \u00e9l\u00e9nk v\u00f6r\u00f6sek, \u00e9rdekes sz\u00ednfoltot adva kert\u00fcnknek.\u00a0V\u00e1s\u00e1roljon web\u00e1ruh\u00e1zunkb\u00f3l!","breadcrumb":{"@id":"https:\/\/tajkertesz.com\/termek\/photina-fraseri-red-robin-korallberkenye-tajkertesz\/#breadcrumb"},"inLanguage":"en-US","potentialAction":[{"@type":"ReadAction","target":["https:\/\/tajkertesz.com\/termek\/photina-fraseri-red-robin-korallberkenye-tajkertesz\/"]}]},{"@type":"ImageObject","inLanguage":"en-US","@id":"https:\/\/tajkertesz.com\/termek\/photina-fraseri-red-robin-korallberkenye-tajkertesz\/#primaryimage","url":"https:\/\/tajkertesz.com\/wp-content\/uploads\/2021\/09\/20240228_141224-1-scaled.jpg","contentUrl":"https:\/\/tajkertesz.com\/wp-content\/uploads\/2021\/09\/20240228_141224-1-scaled.jpg","width":2560,"height":1154},{"@type":"BreadcrumbList","@id":"https:\/\/tajkertesz.com\/termek\/photina-fraseri-red-robin-korallberkenye-tajkertesz\/#breadcrumb","itemListElement":[{"@type":"ListItem","position":1,"name":"Home","item":"https:\/\/tajkertesz.com\/"},{"@type":"ListItem","position":2,"name":"Kezd\u0151lap","item":"https:\/\/tajkertesz.com\/"},{"@type":"ListItem","position":3,"name":"Photinia\u00a0 fraseri &#8216;Red Robin&#8217; , Korallberkenye"}]},{"@type":"WebSite","@id":"https:\/\/tajkertesz.com\/#website","url":"https:\/\/tajkertesz.com\/","name":"T\u00e1j-Kert\u00e9sz 84 Kft.","description":"Kert\u00e9szeti kis- \u00e9s nagykeresked\u00e9s, D\u00edszn\u00f6v\u00e9ny web\u00e1ruh\u00e1z orsz\u00e1gos h\u00e1zhozsz\u00e1ll\u00edt\u00e1ssal!","publisher":{"@id":"https:\/\/tajkertesz.com\/#organization"},"potentialAction":[{"@type":"SearchAction","target":{"@type":"EntryPoint","urlTemplate":"https:\/\/tajkertesz.com\/?s={search_term_string}"},"query-input":{"@type":"PropertyValueSpecification","valueRequired":true,"valueName":"search_term_string"}}],"inLanguage":"en-US"},{"@type":"Organization","@id":"https:\/\/tajkertesz.com\/#organization","name":"T\u00e1j-Kert\u00e9sz 84 Kft.","url":"https:\/\/tajkertesz.com\/","logo":{"@type":"ImageObject","inLanguage":"en-US","@id":"https:\/\/tajkertesz.com\/#\/schema\/logo\/image\/","url":"https:\/\/tajkertesz.com\/wp-content\/uploads\/2018\/02\/logo-2-e1518678052539.png","contentUrl":"https:\/\/tajkertesz.com\/wp-content\/uploads\/2018\/02\/logo-2-e1518678052539.png","width":81,"height":140,"caption":"T\u00e1j-Kert\u00e9sz 84 Kft."},"image":{"@id":"https:\/\/tajkertesz.com\/#\/schema\/logo\/image\/"},"sameAs":["https:\/\/www.facebook.com\/Tajkertesz\/"]}]}},"_links":{"self":[{"href":"https:\/\/tajkertesz.com\/en_US\/wp-json\/wp\/v2\/product\/9012","targetHints":{"allow":["GET"]}}],"collection":[{"href":"https:\/\/tajkertesz.com\/en_US\/wp-json\/wp\/v2\/product"}],"about":[{"href":"https:\/\/tajkertesz.com\/en_US\/wp-json\/wp\/v2\/types\/product"}],"wp:featuredmedia":[{"embeddable":true,"href":"https:\/\/tajkertesz.com\/en_US\/wp-json\/wp\/v2\/media\/19365"}],"wp:attachment":[{"href":"https:\/\/tajkertesz.com\/en_US\/wp-json\/wp\/v2\/media?parent=9012"}],"wp:term":[{"taxonomy":"product_brand","embeddable":true,"href":"https:\/\/tajkertesz.com\/en_US\/wp-json\/wp\/v2\/product_brand?post=9012"},{"taxonomy":"product_cat","embeddable":true,"href":"https:\/\/tajkertesz.com\/en_US\/wp-json\/wp\/v2\/product_cat?post=9012"},{"taxonomy":"product_tag","embeddable":true,"href":"https:\/\/tajkertesz.com\/en_US\/wp-json\/wp\/v2\/product_tag?post=9012"}],"curies":[{"name":"wp","href":"https:\/\/api.w.org\/{rel}","templated":true}]}}