{"id":9013,"date":"2021-09-06T12:08:37","date_gmt":"2021-09-06T12:08:37","guid":{"rendered":"https:\/\/tajkertesz.com\/?post_type=product&#038;p=9013"},"modified":"2026-02-25T08:40:55","modified_gmt":"2026-02-25T08:40:55","slug":"photinia-fraseri-red-robin-korallberkenye-40-60cm","status":"publish","type":"product","link":"https:\/\/tajkertesz.com\/en_US\/product\/photinia-fraseri-red-robin-korallberkenye-40-60cm\/","title":{"rendered":"Photinia\u00a0 fraseri &#8216;Red Robin&#8217; &#8211; Korallberkenye 40\/60cm"},"content":{"rendered":"<h2>Photinia\u00a0 fraseri &#8216;Red Robin&#8217; &#8211; Korallberkenye 40\/60cm<\/h2>\n<p data-start=\"1144\" data-end=\"1439\">A Photinia\u00a0 fraseri &#8216;Red Robin&#8217; &#8211; Korallberkenye 40\/60cm kiv\u00e1l\u00f3 v\u00e1laszt\u00e1s d\u00edszkertekbe \u00e9s \u00f6r\u00f6kz\u00f6ld s\u00f6v\u00e9ny kialak\u00edt\u00e1s\u00e1hoz. F\u0151 vonzereje a <strong data-start=\"1276\" data-end=\"1312\">tavaszi pirosas-v\u00f6r\u00f6ses hajt\u00e1sok<\/strong>, melyek id\u0151vel f\u00e9nyes, s\u00f6t\u00e9tz\u00f6ld levelekk\u00e9 \u00e9rnek. A n\u00f6v\u00e9ny tavasszal apr\u00f3 feh\u00e9r vir\u00e1gokat is hoz, ami m\u00e9g dekorat\u00edvabb\u00e1 teszi.<\/p>\n<p data-start=\"1444\" data-end=\"1700\">J\u00f3l t\u0171ri a metsz\u00e9st, form\u00e1ra igaz\u00edthat\u00f3, \u00edgy <strong data-start=\"1489\" data-end=\"1549\">s\u00f6v\u00e9nyk\u00e9nt, szoliterk\u00e9nt vagy ak\u00e1r d\u00e9zs\u00e1ban is nevelhet\u0151<\/strong>. Napos, vil\u00e1gos fekv\u00e9sben fejl\u0151dik legjobban, de f\u00e9l\u00e1rny\u00e9kot is elvisel. A talajra nem t\u00fal ig\u00e9nyes, de a j\u00f3 v\u00edzelvezet\u00e9s\u0171, t\u00e1panyagd\u00fas f\u00f6ldet kedveli.<\/p>\n<p data-start=\"1705\" data-end=\"1786\">\u2757 T\u00e9li id\u0151szakban fiatal n\u00f6v\u00e9nyekn\u00e9l enyhe takar\u00e1s aj\u00e1nlott az er\u0151s fagyok ellen.<\/p>\n<p data-start=\"1791\" data-end=\"2029\">\u2705 <strong data-start=\"1793\" data-end=\"1814\">Ide\u00e1lis magass\u00e1g:<\/strong> 2\u20133 m\u00e9ter<br data-start=\"1824\" data-end=\"1827\" \/>\u2705 <strong data-start=\"1831\" data-end=\"1863\">\u00dcltet\u00e9si t\u00e1vols\u00e1g s\u00f6v\u00e9nyn\u00e9l:<\/strong> kb. 80 cm<br data-start=\"1873\" data-end=\"1876\" \/>\u2705 <strong data-start=\"1880\" data-end=\"1893\">Vir\u00e1gz\u00e1s:<\/strong> \u00c1prilis\u2013m\u00e1jus<br data-start=\"1907\" data-end=\"1910\" \/>\u2705 <strong data-start=\"1914\" data-end=\"1928\">F\u00e9nyig\u00e9ny:<\/strong> Napos, f\u00e9l\u00e1rny\u00e9k<br data-start=\"1945\" data-end=\"1948\" \/>\u2705 <strong data-start=\"1952\" data-end=\"1965\">V\u00edzig\u00e9ny:<\/strong> K\u00f6zepes<br data-start=\"1973\" data-end=\"1976\" \/>\u2705 <strong data-start=\"1980\" data-end=\"1997\">Felhaszn\u00e1l\u00e1s:<\/strong> S\u00f6v\u00e9ny, szoliter, d\u00e9zs\u00e1s n\u00f6v\u00e9ny<\/p>\n<p data-start=\"1791\" data-end=\"2029\">A n\u00f6v\u00e9ny m\u00e9rete: 40\/60 cm magas, 3 literes kont\u00e9nerben.<\/p>\n<h4><strong>\ud83d\udd04 K\u00e9szletinform\u00e1ci\u00f3<\/strong><\/h4>\n<p><strong>K\u00e9szlet\u00fcnk napi szinten v\u00e1ltozik, \u00edgy a webshopban szerepl<\/strong><strong>\u0151<\/strong><strong>\u00a0term\u00e9kek el\u00e9rhet<\/strong><strong>\u0151<\/strong><strong>s\u00e9ge nem garant\u00e1lt.<br \/>\n\ud83d\udcde A megrendel\u00e9s el<\/strong><strong>\u0151<\/strong><strong>tt k\u00e9rj\u00fck, \u00e9rdekl<\/strong><strong>\u0151<\/strong><strong>dj\u00f6n szem\u00e9lyesen, telefonon vagy e-mailben!<\/strong><\/p>\n<h4><strong>\u27a1\ufe0f Kapcsolat:<\/strong><\/h4>\n<ul>\n<li><strong>Weboldal:\u00a0<\/strong><a href=\"https:\/\/tajkertesz.com\/\"><strong>tajkertesz.com<\/strong><\/a><\/li>\n<li><strong>Facebook:\u00a0<\/strong><a href=\"https:\/\/www.facebook.com\/tajkertesz\/\"><strong>facebook.com\/tajkertesz<\/strong><\/a><\/li>\n<li><strong>Telefonsz\u00e1m, e-mail: +36\/20-319-3770\u00a0<\/strong><a href=\"mailto:tajkerteszaruda@gmail.com\"><strong>tajkerteszaruda@gmail.com<\/strong><\/a><\/li>\n<\/ul>\n<h4><strong>\ud83d\ude9a Sz\u00e1ll\u00edt\u00e1si inform\u00e1ci\u00f3k<\/strong><\/h4>\n<p><strong>A megrendelt n\u00f6v\u00e9nyek kisz\u00e1ll\u00edt\u00e1sa az al\u00e1bbi felt\u00e9telek mellett t\u00f6rt\u00e9nik:<\/strong><\/p>\n<h4><strong>\ud83d\udce6 Fut\u00e1rszolg\u00e1latos sz\u00e1ll\u00edt\u00e1s<\/strong><\/h4>\n<ul>\n<li><strong>Maxim\u00e1lis m\u00e9ret: 200 cm (hossz\u00fas\u00e1g)<\/strong><\/li>\n<li><strong>Maxim\u00e1lis s\u00faly: 40 kg<\/strong><\/li>\n<li><strong>Az enn\u00e9l kisebb \u00e9s k\u00f6nnyebb csomagokat fut\u00e1rszolg\u00e1lattal k\u00e9zbes\u00edtj\u00fck a lehet<\/strong><strong>\u0151<\/strong><strong>\u00a0legbiztons\u00e1gosabb csomagol\u00e1sban.<\/strong><\/li>\n<\/ul>\n<h4><strong>\ud83d\udefb Szem\u00e9lyes \u00e1tv\u00e9tel<\/strong><\/h4>\n<ul>\n<li><strong>1173 Budapest, Bakancsos utca 7. sz\u00e1m alatt nyitvatart\u00e1si id<\/strong><strong>\u0151<\/strong><strong>ben szem\u00e9lyesen \u00e1tvehet<\/strong><strong>\u0151<\/strong><strong>\u00a0kert\u00e9szeti \u00e1rud\u00e1nkban.<\/strong><\/li>\n<li><strong>K\u00f6lts\u00e9ghat\u00e9kony megold\u00e1s nagyobb, t\u00f6r\u00e9kenyebb vagy t\u00falm\u00e9retes n\u00f6v\u00e9nyek eset\u00e9n.<\/strong><\/li>\n<\/ul>\n<h4><strong>\ud83d\udcde Nagy m\u00e9ret<\/strong><strong>\u0171<\/strong><strong>\u00a0vagy s\u00faly\u00fa n\u00f6v\u00e9nyek eset\u00e9n<\/strong><\/h4>\n<p><strong>Ha a term\u00e9k:<\/strong><\/p>\n<ul>\n<li><strong>meghaladja a 200 cm hossz\u00fas\u00e1got vagy<\/strong><\/li>\n<li><strong>meghaladja a 40 kg s\u00falyt,<\/strong><\/li>\n<\/ul>\n<p><strong>akkor szem\u00e9lyes \u00e1tv\u00e9tellel vagy egyedi, el<\/strong><strong>\u0151<\/strong><strong>re egyeztetett sz\u00e1ll\u00edt\u00e1si felt\u00e9telek mellett t\u00f6rt\u00e9nik.<br \/>\nK\u00e9rj\u00fck, ilyen esetben rendel\u00e9s el<\/strong><strong>\u0151<\/strong><strong>tt vegye fel vel\u00fcnk a kapcsolatot, hogy a lehet<\/strong><strong>\u0151<\/strong><strong>\u00a0legmegfelel<\/strong><strong>\u0151<\/strong><strong>bb sz\u00e1ll\u00edt\u00e1si megold\u00e1st k\u00edn\u00e1lhassuk.<\/strong><\/p>\n<p><strong>\ud83d\udd14 Fontos: A n\u00f6v\u00e9nyeket minden esetben igyeksz\u00fcnk gondosan, egyes\u00e9vel csomagolni, azonban a sz\u00e1ll\u00edt\u00e1s sor\u00e1n kisebb eszt\u00e9tikai s\u00e9r\u00fcl\u00e9sek el<\/strong><strong>\u0151<\/strong><strong>fordulhatnak (pl. lev\u00e9lhull\u00e1s). Ez nem min<\/strong><strong>\u0151<\/strong><strong>s\u00fcl hib\u00e1s teljes\u00edt\u00e9snek.<\/strong><\/p>\n<h4><strong>\ud83d\udcf7 Fontos tudni a k\u00e9pekr<\/strong><strong>\u0151<\/strong><strong>l<\/strong><\/h4>\n<p><strong>A webshopban szerepl<\/strong><strong>\u0151<\/strong><strong>\u00a0k\u00e9pek illusztr\u00e1ci\u00f3k, a n\u00f6v\u00e9nyek term\u00e9szet\u00fckn\u00e9l fogva egyediek, \u00edgy m\u00e9retben, alakban \u00e9s sz\u00ednben minim\u00e1lis elt\u00e9r\u00e9sek el<\/strong><strong>\u0151<\/strong><strong>fordulhatnak a k\u00e9pen l\u00e1that\u00f3 \u00e9s a val\u00f3s p\u00e9ld\u00e1nyok k\u00f6z\u00f6tt.<\/strong><\/p>\n<h4><strong>\ud83e\uddfe \u00c1rak \u00e9s el\u00e1ll\u00e1si jog<\/strong><\/h4>\n<ul>\n<li><strong>Az \u00e1rak egy darab\u00a0n\u00f6v\u00e9nyre vonatkoznak.<\/strong><\/li>\n<li><strong>\u00c9l<\/strong><strong>\u0151<\/strong><strong>\u00a0n\u00f6v\u00e9nyek rendel\u00e9se eset\u00e9n a 14 napos el\u00e1ll\u00e1s joga nem \u00e9rv\u00e9nyes\u00edthet<\/strong><strong>\u0151<\/strong><strong>, mivel azok romland\u00f3, biol\u00f3giailag \u00e9l<\/strong><strong>\u0151<\/strong><strong>\u00a0term\u00e9keknek min<\/strong><strong>\u0151<\/strong><strong>s\u00fclnek.<br \/>\n\ud83d\udd12 (17\/1999. (II. 5.) Korm. rendelet 5. \u00a7 c) pontja alapj\u00e1n)<\/strong><\/li>\n<\/ul>\n<h4><strong>\ud83d\udce6 K\u00e9zbes\u00edt\u00e9s ut\u00e1ni teend<\/strong><strong>\u0151<\/strong><strong>k<\/strong><\/h4>\n<p><strong>A k\u00e9zbes\u00edt\u00e9st k\u00f6vet<\/strong><strong>\u0151<\/strong><strong>en a csomagot azonnal bontsuk ki, \u00e9s a n\u00f6v\u00e9nyt helyezz\u00fck el megfelel<\/strong><strong>\u0151<\/strong><strong>\u00a0k\u00f6rnyezetben.<br \/>\nFontos: ha a n\u00f6v\u00e9ny nem r\u00e9szes\u00fcl megfelel<\/strong><strong>\u0151<\/strong><strong>\u00a0gondoz\u00e1sban \u00e9s ennek k\u00f6vetkezt\u00e9ben k\u00e1rosodik vagy elpusztul, felel<\/strong><strong>\u0151<\/strong><strong>ss\u00e9get nem tudunk v\u00e1llalni.<\/strong><\/p>\n<p><strong>\u00a0<\/strong><\/p>","protected":false},"excerpt":{"rendered":"<p>A <strong data-start=\"797\" data-end=\"829\">Photinia fraseri &#8216;Red Robin&#8217;<\/strong>, m\u00e1s n\u00e9ven <strong data-start=\"841\" data-end=\"859\">Korallberkenye<\/strong>, egy n\u00e9pszer\u0171, \u00f6r\u00f6kz\u00f6ld d\u00edszcserje \u00e9l\u00e9nkv\u00f6r\u00f6s, fiatal hajt\u00e1saival. Gyors n\u00f6veked\u00e9s\u0171, s\u00f6v\u00e9nynek is kiv\u00e1l\u00f3 v\u00e1laszt\u00e1s. Napos vagy f\u00e9l\u00e1rny\u00e9kos helyet kedvel, \u00e9s j\u00f3l b\u00edrja a metsz\u00e9st is. Kerted l\u00e1tv\u00e1nyos d\u00edsze lehet eg\u00e9sz \u00e9vben!<\/p>","protected":false},"featured_media":19742,"template":"","meta":{"_et_pb_use_builder":"","_et_pb_old_content":"","_et_gb_content_width":""},"product_brand":[],"product_cat":[26],"product_tag":[6445,907,6444,906,6443,6446,763],"class_list":{"0":"post-9013","1":"product","2":"type-product","3":"status-publish","4":"has-post-thumbnail","6":"product_cat-orokzold-novenyek","7":"product_tag-kertbe-valo-noveny","8":"product_tag-korallberkenye","9":"product_tag-orokzold-diszcserje","10":"product_tag-photinia","11":"product_tag-photinia-red-robin","12":"product_tag-piros-hajtasu-cserje","13":"product_tag-sovenynoveny","15":"first","16":"instock","17":"shipping-taxable","18":"purchasable","19":"product-type-simple"},"yoast_head":"<!-- This site is optimized with the Yoast SEO plugin v27.3 - https:\/\/yoast.com\/product\/yoast-seo-wordpress\/ -->\n<title>Photinia\u00a0 fraseri &#039;Red Robin&#039; - Korallberkenye 40\/60cm - T\u00e1jkert\u00e9sz<\/title>\n<meta name=\"description\" content=\"A Photinia\u00a0 fraseri &#039;Red Robin&#039; - Korallberkenye 40\/60cm a fels\u0151 levelek kihajt\u00e1skor \u00e9l\u00e9nk v\u00f6r\u00f6sek, \u00e9rdekes sz\u00ednfoltot adva kert\u00fcnknek.\u00a0\" \/>\n<meta name=\"robots\" content=\"index, follow, max-snippet:-1, max-image-preview:large, max-video-preview:-1\" \/>\n<link rel=\"canonical\" href=\"https:\/\/tajkertesz.com\/en_US\/product\/photinia-fraseri-red-robin-korallberkenye-40-60cm\/\" \/>\n<meta property=\"og:locale\" content=\"en_US\" \/>\n<meta property=\"og:type\" content=\"article\" \/>\n<meta property=\"og:title\" content=\"Photinia\u00a0 fraseri &#039;Red Robin&#039; - Korallberkenye 40\/60cm - T\u00e1jkert\u00e9sz\" \/>\n<meta property=\"og:description\" content=\"A Photinia\u00a0 fraseri &#039;Red Robin&#039; - Korallberkenye 40\/60cm a fels\u0151 levelek kihajt\u00e1skor \u00e9l\u00e9nk v\u00f6r\u00f6sek, \u00e9rdekes sz\u00ednfoltot adva kert\u00fcnknek.\u00a0\" \/>\n<meta property=\"og:url\" content=\"https:\/\/tajkertesz.com\/en_US\/product\/photinia-fraseri-red-robin-korallberkenye-40-60cm\/\" \/>\n<meta property=\"og:site_name\" content=\"T\u00e1jkert\u00e9sz\" \/>\n<meta property=\"article:publisher\" content=\"https:\/\/www.facebook.com\/Tajkertesz\/\" \/>\n<meta property=\"article:modified_time\" content=\"2026-02-25T08:40:55+00:00\" \/>\n<meta property=\"og:image\" content=\"https:\/\/tajkertesz.com\/wp-content\/uploads\/2021\/09\/20240313_172014-1-scaled.jpg\" \/>\n\t<meta property=\"og:image:width\" content=\"1154\" \/>\n\t<meta property=\"og:image:height\" content=\"2560\" \/>\n\t<meta property=\"og:image:type\" content=\"image\/jpeg\" \/>\n<meta name=\"twitter:card\" content=\"summary_large_image\" \/>\n<meta name=\"twitter:label1\" content=\"Est. reading time\" \/>\n\t<meta name=\"twitter:data1\" content=\"3 minutes\" \/>\n<script type=\"application\/ld+json\" class=\"yoast-schema-graph\">{\"@context\":\"https:\\\/\\\/schema.org\",\"@graph\":[{\"@type\":\"WebPage\",\"@id\":\"https:\\\/\\\/tajkertesz.com\\\/termek\\\/photinia-fraseri-red-robin-korallberkenye-40-60cm\\\/\",\"url\":\"https:\\\/\\\/tajkertesz.com\\\/termek\\\/photinia-fraseri-red-robin-korallberkenye-40-60cm\\\/\",\"name\":\"Photinia\u00a0 fraseri 'Red Robin' - Korallberkenye 40\\\/60cm - T\u00e1jkert\u00e9sz\",\"isPartOf\":{\"@id\":\"https:\\\/\\\/tajkertesz.com\\\/#website\"},\"primaryImageOfPage\":{\"@id\":\"https:\\\/\\\/tajkertesz.com\\\/termek\\\/photinia-fraseri-red-robin-korallberkenye-40-60cm\\\/#primaryimage\"},\"image\":{\"@id\":\"https:\\\/\\\/tajkertesz.com\\\/termek\\\/photinia-fraseri-red-robin-korallberkenye-40-60cm\\\/#primaryimage\"},\"thumbnailUrl\":\"https:\\\/\\\/tajkertesz.com\\\/wp-content\\\/uploads\\\/2021\\\/09\\\/20240313_172014-1-scaled.jpg\",\"datePublished\":\"2021-09-06T12:08:37+00:00\",\"dateModified\":\"2026-02-25T08:40:55+00:00\",\"description\":\"A Photinia\u00a0 fraseri 'Red Robin' - Korallberkenye 40\\\/60cm a fels\u0151 levelek kihajt\u00e1skor \u00e9l\u00e9nk v\u00f6r\u00f6sek, \u00e9rdekes sz\u00ednfoltot adva kert\u00fcnknek.\u00a0\",\"breadcrumb\":{\"@id\":\"https:\\\/\\\/tajkertesz.com\\\/termek\\\/photinia-fraseri-red-robin-korallberkenye-40-60cm\\\/#breadcrumb\"},\"inLanguage\":\"en-US\",\"potentialAction\":[{\"@type\":\"ReadAction\",\"target\":[\"https:\\\/\\\/tajkertesz.com\\\/termek\\\/photinia-fraseri-red-robin-korallberkenye-40-60cm\\\/\"]}]},{\"@type\":\"ImageObject\",\"inLanguage\":\"en-US\",\"@id\":\"https:\\\/\\\/tajkertesz.com\\\/termek\\\/photinia-fraseri-red-robin-korallberkenye-40-60cm\\\/#primaryimage\",\"url\":\"https:\\\/\\\/tajkertesz.com\\\/wp-content\\\/uploads\\\/2021\\\/09\\\/20240313_172014-1-scaled.jpg\",\"contentUrl\":\"https:\\\/\\\/tajkertesz.com\\\/wp-content\\\/uploads\\\/2021\\\/09\\\/20240313_172014-1-scaled.jpg\",\"width\":1154,\"height\":2560,\"caption\":\"Photina\u00a0 fraseri 'Red Robin' - Korallberkenye 40\\\/60cm\"},{\"@type\":\"BreadcrumbList\",\"@id\":\"https:\\\/\\\/tajkertesz.com\\\/termek\\\/photinia-fraseri-red-robin-korallberkenye-40-60cm\\\/#breadcrumb\",\"itemListElement\":[{\"@type\":\"ListItem\",\"position\":1,\"name\":\"Home\",\"item\":\"https:\\\/\\\/tajkertesz.com\\\/\"},{\"@type\":\"ListItem\",\"position\":2,\"name\":\"Kezd\u0151lap\",\"item\":\"https:\\\/\\\/tajkertesz.com\\\/\"},{\"@type\":\"ListItem\",\"position\":3,\"name\":\"Photinia\u00a0 fraseri &#8216;Red Robin&#8217; &#8211; Korallberkenye 40\\\/60cm\"}]},{\"@type\":\"WebSite\",\"@id\":\"https:\\\/\\\/tajkertesz.com\\\/#website\",\"url\":\"https:\\\/\\\/tajkertesz.com\\\/\",\"name\":\"T\u00e1j-Kert\u00e9sz 84 Kft.\",\"description\":\"Kert\u00e9szeti kis- \u00e9s nagykeresked\u00e9s, D\u00edszn\u00f6v\u00e9ny web\u00e1ruh\u00e1z orsz\u00e1gos h\u00e1zhozsz\u00e1ll\u00edt\u00e1ssal!\",\"publisher\":{\"@id\":\"https:\\\/\\\/tajkertesz.com\\\/#organization\"},\"potentialAction\":[{\"@type\":\"SearchAction\",\"target\":{\"@type\":\"EntryPoint\",\"urlTemplate\":\"https:\\\/\\\/tajkertesz.com\\\/?s={search_term_string}\"},\"query-input\":{\"@type\":\"PropertyValueSpecification\",\"valueRequired\":true,\"valueName\":\"search_term_string\"}}],\"inLanguage\":\"en-US\"},{\"@type\":\"Organization\",\"@id\":\"https:\\\/\\\/tajkertesz.com\\\/#organization\",\"name\":\"T\u00e1j-Kert\u00e9sz 84 Kft.\",\"url\":\"https:\\\/\\\/tajkertesz.com\\\/\",\"logo\":{\"@type\":\"ImageObject\",\"inLanguage\":\"en-US\",\"@id\":\"https:\\\/\\\/tajkertesz.com\\\/#\\\/schema\\\/logo\\\/image\\\/\",\"url\":\"https:\\\/\\\/tajkertesz.com\\\/wp-content\\\/uploads\\\/2018\\\/02\\\/logo-2-e1518678052539.png\",\"contentUrl\":\"https:\\\/\\\/tajkertesz.com\\\/wp-content\\\/uploads\\\/2018\\\/02\\\/logo-2-e1518678052539.png\",\"width\":81,\"height\":140,\"caption\":\"T\u00e1j-Kert\u00e9sz 84 Kft.\"},\"image\":{\"@id\":\"https:\\\/\\\/tajkertesz.com\\\/#\\\/schema\\\/logo\\\/image\\\/\"},\"sameAs\":[\"https:\\\/\\\/www.facebook.com\\\/Tajkertesz\\\/\"]}]}<\/script>\n<!-- \/ Yoast SEO plugin. -->","yoast_head_json":{"title":"Photinia\u00a0 fraseri 'Red Robin' - Korallberkenye 40\/60cm - T\u00e1jkert\u00e9sz","description":"A Photinia\u00a0 fraseri 'Red Robin' - Korallberkenye 40\/60cm a fels\u0151 levelek kihajt\u00e1skor \u00e9l\u00e9nk v\u00f6r\u00f6sek, \u00e9rdekes sz\u00ednfoltot adva kert\u00fcnknek.\u00a0","robots":{"index":"index","follow":"follow","max-snippet":"max-snippet:-1","max-image-preview":"max-image-preview:large","max-video-preview":"max-video-preview:-1"},"canonical":"https:\/\/tajkertesz.com\/en_US\/product\/photinia-fraseri-red-robin-korallberkenye-40-60cm\/","og_locale":"en_US","og_type":"article","og_title":"Photinia\u00a0 fraseri 'Red Robin' - Korallberkenye 40\/60cm - T\u00e1jkert\u00e9sz","og_description":"A Photinia\u00a0 fraseri 'Red Robin' - Korallberkenye 40\/60cm a fels\u0151 levelek kihajt\u00e1skor \u00e9l\u00e9nk v\u00f6r\u00f6sek, \u00e9rdekes sz\u00ednfoltot adva kert\u00fcnknek.\u00a0","og_url":"https:\/\/tajkertesz.com\/en_US\/product\/photinia-fraseri-red-robin-korallberkenye-40-60cm\/","og_site_name":"T\u00e1jkert\u00e9sz","article_publisher":"https:\/\/www.facebook.com\/Tajkertesz\/","article_modified_time":"2026-02-25T08:40:55+00:00","og_image":[{"width":1154,"height":2560,"url":"https:\/\/tajkertesz.com\/wp-content\/uploads\/2021\/09\/20240313_172014-1-scaled.jpg","type":"image\/jpeg"}],"twitter_card":"summary_large_image","twitter_misc":{"Est. reading time":"3 minutes"},"schema":{"@context":"https:\/\/schema.org","@graph":[{"@type":"WebPage","@id":"https:\/\/tajkertesz.com\/termek\/photinia-fraseri-red-robin-korallberkenye-40-60cm\/","url":"https:\/\/tajkertesz.com\/termek\/photinia-fraseri-red-robin-korallberkenye-40-60cm\/","name":"Photinia\u00a0 fraseri 'Red Robin' - Korallberkenye 40\/60cm - T\u00e1jkert\u00e9sz","isPartOf":{"@id":"https:\/\/tajkertesz.com\/#website"},"primaryImageOfPage":{"@id":"https:\/\/tajkertesz.com\/termek\/photinia-fraseri-red-robin-korallberkenye-40-60cm\/#primaryimage"},"image":{"@id":"https:\/\/tajkertesz.com\/termek\/photinia-fraseri-red-robin-korallberkenye-40-60cm\/#primaryimage"},"thumbnailUrl":"https:\/\/tajkertesz.com\/wp-content\/uploads\/2021\/09\/20240313_172014-1-scaled.jpg","datePublished":"2021-09-06T12:08:37+00:00","dateModified":"2026-02-25T08:40:55+00:00","description":"A Photinia\u00a0 fraseri 'Red Robin' - Korallberkenye 40\/60cm a fels\u0151 levelek kihajt\u00e1skor \u00e9l\u00e9nk v\u00f6r\u00f6sek, \u00e9rdekes sz\u00ednfoltot adva kert\u00fcnknek.\u00a0","breadcrumb":{"@id":"https:\/\/tajkertesz.com\/termek\/photinia-fraseri-red-robin-korallberkenye-40-60cm\/#breadcrumb"},"inLanguage":"en-US","potentialAction":[{"@type":"ReadAction","target":["https:\/\/tajkertesz.com\/termek\/photinia-fraseri-red-robin-korallberkenye-40-60cm\/"]}]},{"@type":"ImageObject","inLanguage":"en-US","@id":"https:\/\/tajkertesz.com\/termek\/photinia-fraseri-red-robin-korallberkenye-40-60cm\/#primaryimage","url":"https:\/\/tajkertesz.com\/wp-content\/uploads\/2021\/09\/20240313_172014-1-scaled.jpg","contentUrl":"https:\/\/tajkertesz.com\/wp-content\/uploads\/2021\/09\/20240313_172014-1-scaled.jpg","width":1154,"height":2560,"caption":"Photina\u00a0 fraseri 'Red Robin' - Korallberkenye 40\/60cm"},{"@type":"BreadcrumbList","@id":"https:\/\/tajkertesz.com\/termek\/photinia-fraseri-red-robin-korallberkenye-40-60cm\/#breadcrumb","itemListElement":[{"@type":"ListItem","position":1,"name":"Home","item":"https:\/\/tajkertesz.com\/"},{"@type":"ListItem","position":2,"name":"Kezd\u0151lap","item":"https:\/\/tajkertesz.com\/"},{"@type":"ListItem","position":3,"name":"Photinia\u00a0 fraseri &#8216;Red Robin&#8217; &#8211; Korallberkenye 40\/60cm"}]},{"@type":"WebSite","@id":"https:\/\/tajkertesz.com\/#website","url":"https:\/\/tajkertesz.com\/","name":"T\u00e1j-Kert\u00e9sz 84 Kft.","description":"Kert\u00e9szeti kis- \u00e9s nagykeresked\u00e9s, D\u00edszn\u00f6v\u00e9ny web\u00e1ruh\u00e1z orsz\u00e1gos h\u00e1zhozsz\u00e1ll\u00edt\u00e1ssal!","publisher":{"@id":"https:\/\/tajkertesz.com\/#organization"},"potentialAction":[{"@type":"SearchAction","target":{"@type":"EntryPoint","urlTemplate":"https:\/\/tajkertesz.com\/?s={search_term_string}"},"query-input":{"@type":"PropertyValueSpecification","valueRequired":true,"valueName":"search_term_string"}}],"inLanguage":"en-US"},{"@type":"Organization","@id":"https:\/\/tajkertesz.com\/#organization","name":"T\u00e1j-Kert\u00e9sz 84 Kft.","url":"https:\/\/tajkertesz.com\/","logo":{"@type":"ImageObject","inLanguage":"en-US","@id":"https:\/\/tajkertesz.com\/#\/schema\/logo\/image\/","url":"https:\/\/tajkertesz.com\/wp-content\/uploads\/2018\/02\/logo-2-e1518678052539.png","contentUrl":"https:\/\/tajkertesz.com\/wp-content\/uploads\/2018\/02\/logo-2-e1518678052539.png","width":81,"height":140,"caption":"T\u00e1j-Kert\u00e9sz 84 Kft."},"image":{"@id":"https:\/\/tajkertesz.com\/#\/schema\/logo\/image\/"},"sameAs":["https:\/\/www.facebook.com\/Tajkertesz\/"]}]}},"_links":{"self":[{"href":"https:\/\/tajkertesz.com\/en_US\/wp-json\/wp\/v2\/product\/9013","targetHints":{"allow":["GET"]}}],"collection":[{"href":"https:\/\/tajkertesz.com\/en_US\/wp-json\/wp\/v2\/product"}],"about":[{"href":"https:\/\/tajkertesz.com\/en_US\/wp-json\/wp\/v2\/types\/product"}],"wp:featuredmedia":[{"embeddable":true,"href":"https:\/\/tajkertesz.com\/en_US\/wp-json\/wp\/v2\/media\/19742"}],"wp:attachment":[{"href":"https:\/\/tajkertesz.com\/en_US\/wp-json\/wp\/v2\/media?parent=9013"}],"wp:term":[{"taxonomy":"product_brand","embeddable":true,"href":"https:\/\/tajkertesz.com\/en_US\/wp-json\/wp\/v2\/product_brand?post=9013"},{"taxonomy":"product_cat","embeddable":true,"href":"https:\/\/tajkertesz.com\/en_US\/wp-json\/wp\/v2\/product_cat?post=9013"},{"taxonomy":"product_tag","embeddable":true,"href":"https:\/\/tajkertesz.com\/en_US\/wp-json\/wp\/v2\/product_tag?post=9013"}],"curies":[{"name":"wp","href":"https:\/\/api.w.org\/{rel}","templated":true}]}}