{"id":9017,"date":"2021-09-07T06:03:12","date_gmt":"2021-09-07T06:03:12","guid":{"rendered":"https:\/\/tajkertesz.com\/?post_type=product&#038;p=9017"},"modified":"2024-07-17T13:34:23","modified_gmt":"2024-07-17T13:34:23","slug":"nortene-vertical-forest-zoldfal-novenyfal-muanyag-termeszetes-hatas-az-erdo-novenyeivel","status":"publish","type":"product","link":"https:\/\/tajkertesz.com\/en_US\/product\/nortene-vertical-forest-zoldfal-novenyfal-muanyag-termeszetes-hatas-az-erdo-novenyeivel\/","title":{"rendered":"Nortene Vertical Forest z\u00f6ldfal, n\u00f6v\u00e9nyfal m\u0171anyag, term\u00e9szetes hat\u00e1s &#8211; az erd\u0151 n\u00f6v\u00e9nyeivel"},"content":{"rendered":"<h1 class=\"page-head-title product-page-head-title position-relative\"><span class=\"product-page-product-name\">Nortene Vertical Forest z\u00f6ldfal, n\u00f6v\u00e9nyfal m\u0171anyag, term\u00e9szetes hat\u00e1s &#8211; az erd\u0151 n\u00f6v\u00e9nyeivel<\/span><\/h1>\n<p class=\"page-head-title product-page-head-title position-relative\"><span class=\"product-page-product-name\">Nortene Vertical Forest z\u00f6ldfal, n\u00f6v\u00e9nyfal m\u0171anyag, term\u00e9szetes hat\u00e1s &#8211; az erd\u0151 n\u00f6v\u00e9nyeivel<\/span><\/p>\n<p><span class=\"style-scope yt-formatted-string\" dir=\"auto\">A Nortene \u00faj term\u00e9kcsal\u00e1dja. A n\u00f6v\u00e9nyfal term\u00e9szetes hat\u00e1st kelt. A n\u00f6v\u00e9nyfal, vagy m\u00e1s n\u00e9ven f\u00fcgg\u0151leges kert egyre nagyobb n\u00e9pszer\u0171s\u00e9gnek \u00f6rvend Magyarorsz\u00e1gon is. A z\u00f6ldfal felhelyez\u00e9se nagyon egyszer\u0171, metsz\u0151oll\u00f3val v\u00e1ghat\u00f3 a panel h\u00e1tulja.<\/span><\/p>\n<p><span class=\"style-scope yt-formatted-string\" dir=\"auto\">Arra figyelj, hogy a fal s\u00f6t\u00e9t sz\u00edn\u0171 legyen, \u00edgy m\u00e9g v\u00e9letlen sem fog \u00e1t\u00fctni a feh\u00e9r h\u00e1tt\u00e9r.A Nortene term\u00e9szetes hat\u00e1s\u00fa panelei 1&#215;1 m\u00e9teres kiszerel\u00e9sben kaphat\u00f3ak.<\/span><\/p>\n<p>H\u00e1l\u00f3s r\u00e1cshoz r\u00f6gz\u00edtett szintetikus levelek. Az egys\u00e9gek egym\u00e1shoz illesztve \u00f6sszef\u00fcgg\u0151 fel\u00fcletet alkotnak. Alkalmas belt\u00e9ri \u00e9s k\u00fclt\u00e9ri haszn\u00e1latra egyar\u00e1nt.<\/p>\n<p style=\"line-height: 18.0pt; background: white; margin: 0cm 0cm 15.0pt 0cm;\"><b><span style=\"font-family: 'Ubuntu',serif; color: black;\">K\u00e9szlet\u00fcnk napi szinten v\u00e1ltozik, ez\u00e9rt k\u00e9rj\u00fck, \u00e9rdekl\u0151dj\u00f6n szem\u00e9lyesen, telefonon vagy email-en.<br \/>\nA v\u00e1ltoztat\u00e1s jog\u00e1t fenntartjuk!\u00a0<\/span><\/b><\/p>\n<p><a href=\"https:\/\/tajkertesz.com\/\">https:\/\/tajkertesz.com\/<\/a><\/p>\n<p><a href=\"https:\/\/www.facebook.com\/tajkertesz\">https:\/\/www.facebook.com\/tajkertesz<\/a><\/p>\n<h2><span style=\"color: #ffffff;\"><span id=\"\u00c9p\u00fclet\" class=\"mw-headline\">\u00c9p\u00fc<\/span><\/span><\/h2>","protected":false},"excerpt":{"rendered":"<h1 class=\"page-head-title product-page-head-title position-relative\"><span class=\"product-page-product-name\">Nortene Vertical Forest z\u00f6ldfal, n\u00f6v\u00e9nyfal m\u0171anyag, term\u00e9szetes hat\u00e1s &#8211; az erd\u0151 n\u00f6v\u00e9nyeivel<\/span><\/h1>","protected":false},"featured_media":9019,"template":"","meta":{"_et_pb_use_builder":"","_et_pb_old_content":"","_et_gb_content_width":""},"product_brand":[],"product_cat":[4407],"product_tag":[2603,2604,2605],"class_list":{"0":"post-9017","1":"product","2":"type-product","3":"status-publish","4":"has-post-thumbnail","6":"product_cat-mesterseges-sovenyek","7":"product_tag-nortene-vertical-forest-zoldfal","8":"product_tag-novenyfal-muanyag","9":"product_tag-termeszetes-hatas-az-erdo-novenyeivel","11":"first","12":"instock","13":"shipping-taxable","14":"purchasable","15":"product-type-simple"},"yoast_head":"<!-- This site is optimized with the Yoast SEO plugin v27.3 - https:\/\/yoast.com\/product\/yoast-seo-wordpress\/ -->\n<title>Nortene Vertical Forest z\u00f6ldfal, n\u00f6v\u00e9nyfal m\u0171anyag, term\u00e9szetes hat\u00e1s - az erd\u0151 n\u00f6v\u00e9nyeivel - T\u00e1jkert\u00e9sz<\/title>\n<meta name=\"description\" content=\"Nortene Vertical Forest z\u00f6ldfal, n\u00f6v\u00e9nyfal m\u0171anyag, term\u00e9szetes hat\u00e1s - az erd\u0151 n\u00f6v\u00e9nyeivel\" \/>\n<meta name=\"robots\" content=\"index, follow, max-snippet:-1, max-image-preview:large, max-video-preview:-1\" \/>\n<link rel=\"canonical\" href=\"https:\/\/tajkertesz.com\/en_US\/product\/nortene-vertical-forest-zoldfal-novenyfal-muanyag-termeszetes-hatas-az-erdo-novenyeivel\/\" \/>\n<meta property=\"og:locale\" content=\"en_US\" \/>\n<meta property=\"og:type\" content=\"article\" \/>\n<meta property=\"og:title\" content=\"Nortene Vertical Forest z\u00f6ldfal, n\u00f6v\u00e9nyfal m\u0171anyag, term\u00e9szetes hat\u00e1s - az erd\u0151 n\u00f6v\u00e9nyeivel - T\u00e1jkert\u00e9sz\" \/>\n<meta property=\"og:description\" content=\"Nortene Vertical Forest z\u00f6ldfal, n\u00f6v\u00e9nyfal m\u0171anyag, term\u00e9szetes hat\u00e1s - az erd\u0151 n\u00f6v\u00e9nyeivel\" \/>\n<meta property=\"og:url\" content=\"https:\/\/tajkertesz.com\/en_US\/product\/nortene-vertical-forest-zoldfal-novenyfal-muanyag-termeszetes-hatas-az-erdo-novenyeivel\/\" \/>\n<meta property=\"og:site_name\" content=\"T\u00e1jkert\u00e9sz\" \/>\n<meta property=\"article:publisher\" content=\"https:\/\/www.facebook.com\/Tajkertesz\/\" \/>\n<meta property=\"article:modified_time\" content=\"2024-07-17T13:34:23+00:00\" \/>\n<meta property=\"og:image\" content=\"https:\/\/tajkertesz.com\/wp-content\/uploads\/2021\/09\/20172611.jpg\" \/>\n\t<meta property=\"og:image:width\" content=\"550\" \/>\n\t<meta property=\"og:image:height\" content=\"550\" \/>\n\t<meta property=\"og:image:type\" content=\"image\/jpeg\" \/>\n<meta name=\"twitter:card\" content=\"summary_large_image\" \/>\n<meta name=\"twitter:label1\" content=\"Est. reading time\" \/>\n\t<meta name=\"twitter:data1\" content=\"1 minute\" \/>\n<script type=\"application\/ld+json\" class=\"yoast-schema-graph\">{\"@context\":\"https:\\\/\\\/schema.org\",\"@graph\":[{\"@type\":\"WebPage\",\"@id\":\"https:\\\/\\\/tajkertesz.com\\\/termek\\\/nortene-vertical-forest-zoldfal-novenyfal-muanyag-termeszetes-hatas-az-erdo-novenyeivel\\\/\",\"url\":\"https:\\\/\\\/tajkertesz.com\\\/termek\\\/nortene-vertical-forest-zoldfal-novenyfal-muanyag-termeszetes-hatas-az-erdo-novenyeivel\\\/\",\"name\":\"Nortene Vertical Forest z\u00f6ldfal, n\u00f6v\u00e9nyfal m\u0171anyag, term\u00e9szetes hat\u00e1s - az erd\u0151 n\u00f6v\u00e9nyeivel - T\u00e1jkert\u00e9sz\",\"isPartOf\":{\"@id\":\"https:\\\/\\\/tajkertesz.com\\\/#website\"},\"primaryImageOfPage\":{\"@id\":\"https:\\\/\\\/tajkertesz.com\\\/termek\\\/nortene-vertical-forest-zoldfal-novenyfal-muanyag-termeszetes-hatas-az-erdo-novenyeivel\\\/#primaryimage\"},\"image\":{\"@id\":\"https:\\\/\\\/tajkertesz.com\\\/termek\\\/nortene-vertical-forest-zoldfal-novenyfal-muanyag-termeszetes-hatas-az-erdo-novenyeivel\\\/#primaryimage\"},\"thumbnailUrl\":\"https:\\\/\\\/tajkertesz.com\\\/wp-content\\\/uploads\\\/2021\\\/09\\\/20172611.jpg\",\"datePublished\":\"2021-09-07T06:03:12+00:00\",\"dateModified\":\"2024-07-17T13:34:23+00:00\",\"description\":\"Nortene Vertical Forest z\u00f6ldfal, n\u00f6v\u00e9nyfal m\u0171anyag, term\u00e9szetes hat\u00e1s - az erd\u0151 n\u00f6v\u00e9nyeivel\",\"breadcrumb\":{\"@id\":\"https:\\\/\\\/tajkertesz.com\\\/termek\\\/nortene-vertical-forest-zoldfal-novenyfal-muanyag-termeszetes-hatas-az-erdo-novenyeivel\\\/#breadcrumb\"},\"inLanguage\":\"en-US\",\"potentialAction\":[{\"@type\":\"ReadAction\",\"target\":[\"https:\\\/\\\/tajkertesz.com\\\/termek\\\/nortene-vertical-forest-zoldfal-novenyfal-muanyag-termeszetes-hatas-az-erdo-novenyeivel\\\/\"]}]},{\"@type\":\"ImageObject\",\"inLanguage\":\"en-US\",\"@id\":\"https:\\\/\\\/tajkertesz.com\\\/termek\\\/nortene-vertical-forest-zoldfal-novenyfal-muanyag-termeszetes-hatas-az-erdo-novenyeivel\\\/#primaryimage\",\"url\":\"https:\\\/\\\/tajkertesz.com\\\/wp-content\\\/uploads\\\/2021\\\/09\\\/20172611.jpg\",\"contentUrl\":\"https:\\\/\\\/tajkertesz.com\\\/wp-content\\\/uploads\\\/2021\\\/09\\\/20172611.jpg\",\"width\":550,\"height\":550},{\"@type\":\"BreadcrumbList\",\"@id\":\"https:\\\/\\\/tajkertesz.com\\\/termek\\\/nortene-vertical-forest-zoldfal-novenyfal-muanyag-termeszetes-hatas-az-erdo-novenyeivel\\\/#breadcrumb\",\"itemListElement\":[{\"@type\":\"ListItem\",\"position\":1,\"name\":\"Home\",\"item\":\"https:\\\/\\\/tajkertesz.com\\\/\"},{\"@type\":\"ListItem\",\"position\":2,\"name\":\"Kezd\u0151lap\",\"item\":\"https:\\\/\\\/tajkertesz.com\\\/\"},{\"@type\":\"ListItem\",\"position\":3,\"name\":\"Nortene Vertical Forest z\u00f6ldfal, n\u00f6v\u00e9nyfal m\u0171anyag, term\u00e9szetes hat\u00e1s &#8211; az erd\u0151 n\u00f6v\u00e9nyeivel\"}]},{\"@type\":\"WebSite\",\"@id\":\"https:\\\/\\\/tajkertesz.com\\\/#website\",\"url\":\"https:\\\/\\\/tajkertesz.com\\\/\",\"name\":\"T\u00e1j-Kert\u00e9sz 84 Kft.\",\"description\":\"Kert\u00e9szeti kis- \u00e9s nagykeresked\u00e9s, D\u00edszn\u00f6v\u00e9ny web\u00e1ruh\u00e1z orsz\u00e1gos h\u00e1zhozsz\u00e1ll\u00edt\u00e1ssal!\",\"publisher\":{\"@id\":\"https:\\\/\\\/tajkertesz.com\\\/#organization\"},\"potentialAction\":[{\"@type\":\"SearchAction\",\"target\":{\"@type\":\"EntryPoint\",\"urlTemplate\":\"https:\\\/\\\/tajkertesz.com\\\/?s={search_term_string}\"},\"query-input\":{\"@type\":\"PropertyValueSpecification\",\"valueRequired\":true,\"valueName\":\"search_term_string\"}}],\"inLanguage\":\"en-US\"},{\"@type\":\"Organization\",\"@id\":\"https:\\\/\\\/tajkertesz.com\\\/#organization\",\"name\":\"T\u00e1j-Kert\u00e9sz 84 Kft.\",\"url\":\"https:\\\/\\\/tajkertesz.com\\\/\",\"logo\":{\"@type\":\"ImageObject\",\"inLanguage\":\"en-US\",\"@id\":\"https:\\\/\\\/tajkertesz.com\\\/#\\\/schema\\\/logo\\\/image\\\/\",\"url\":\"https:\\\/\\\/tajkertesz.com\\\/wp-content\\\/uploads\\\/2018\\\/02\\\/logo-2-e1518678052539.png\",\"contentUrl\":\"https:\\\/\\\/tajkertesz.com\\\/wp-content\\\/uploads\\\/2018\\\/02\\\/logo-2-e1518678052539.png\",\"width\":81,\"height\":140,\"caption\":\"T\u00e1j-Kert\u00e9sz 84 Kft.\"},\"image\":{\"@id\":\"https:\\\/\\\/tajkertesz.com\\\/#\\\/schema\\\/logo\\\/image\\\/\"},\"sameAs\":[\"https:\\\/\\\/www.facebook.com\\\/Tajkertesz\\\/\"]}]}<\/script>\n<!-- \/ Yoast SEO plugin. -->","yoast_head_json":{"title":"Nortene Vertical Forest z\u00f6ldfal, n\u00f6v\u00e9nyfal m\u0171anyag, term\u00e9szetes hat\u00e1s - az erd\u0151 n\u00f6v\u00e9nyeivel - T\u00e1jkert\u00e9sz","description":"Nortene Vertical Forest z\u00f6ldfal, n\u00f6v\u00e9nyfal m\u0171anyag, term\u00e9szetes hat\u00e1s - az erd\u0151 n\u00f6v\u00e9nyeivel","robots":{"index":"index","follow":"follow","max-snippet":"max-snippet:-1","max-image-preview":"max-image-preview:large","max-video-preview":"max-video-preview:-1"},"canonical":"https:\/\/tajkertesz.com\/en_US\/product\/nortene-vertical-forest-zoldfal-novenyfal-muanyag-termeszetes-hatas-az-erdo-novenyeivel\/","og_locale":"en_US","og_type":"article","og_title":"Nortene Vertical Forest z\u00f6ldfal, n\u00f6v\u00e9nyfal m\u0171anyag, term\u00e9szetes hat\u00e1s - az erd\u0151 n\u00f6v\u00e9nyeivel - T\u00e1jkert\u00e9sz","og_description":"Nortene Vertical Forest z\u00f6ldfal, n\u00f6v\u00e9nyfal m\u0171anyag, term\u00e9szetes hat\u00e1s - az erd\u0151 n\u00f6v\u00e9nyeivel","og_url":"https:\/\/tajkertesz.com\/en_US\/product\/nortene-vertical-forest-zoldfal-novenyfal-muanyag-termeszetes-hatas-az-erdo-novenyeivel\/","og_site_name":"T\u00e1jkert\u00e9sz","article_publisher":"https:\/\/www.facebook.com\/Tajkertesz\/","article_modified_time":"2024-07-17T13:34:23+00:00","og_image":[{"width":550,"height":550,"url":"https:\/\/tajkertesz.com\/wp-content\/uploads\/2021\/09\/20172611.jpg","type":"image\/jpeg"}],"twitter_card":"summary_large_image","twitter_misc":{"Est. reading time":"1 minute"},"schema":{"@context":"https:\/\/schema.org","@graph":[{"@type":"WebPage","@id":"https:\/\/tajkertesz.com\/termek\/nortene-vertical-forest-zoldfal-novenyfal-muanyag-termeszetes-hatas-az-erdo-novenyeivel\/","url":"https:\/\/tajkertesz.com\/termek\/nortene-vertical-forest-zoldfal-novenyfal-muanyag-termeszetes-hatas-az-erdo-novenyeivel\/","name":"Nortene Vertical Forest z\u00f6ldfal, n\u00f6v\u00e9nyfal m\u0171anyag, term\u00e9szetes hat\u00e1s - az erd\u0151 n\u00f6v\u00e9nyeivel - T\u00e1jkert\u00e9sz","isPartOf":{"@id":"https:\/\/tajkertesz.com\/#website"},"primaryImageOfPage":{"@id":"https:\/\/tajkertesz.com\/termek\/nortene-vertical-forest-zoldfal-novenyfal-muanyag-termeszetes-hatas-az-erdo-novenyeivel\/#primaryimage"},"image":{"@id":"https:\/\/tajkertesz.com\/termek\/nortene-vertical-forest-zoldfal-novenyfal-muanyag-termeszetes-hatas-az-erdo-novenyeivel\/#primaryimage"},"thumbnailUrl":"https:\/\/tajkertesz.com\/wp-content\/uploads\/2021\/09\/20172611.jpg","datePublished":"2021-09-07T06:03:12+00:00","dateModified":"2024-07-17T13:34:23+00:00","description":"Nortene Vertical Forest z\u00f6ldfal, n\u00f6v\u00e9nyfal m\u0171anyag, term\u00e9szetes hat\u00e1s - az erd\u0151 n\u00f6v\u00e9nyeivel","breadcrumb":{"@id":"https:\/\/tajkertesz.com\/termek\/nortene-vertical-forest-zoldfal-novenyfal-muanyag-termeszetes-hatas-az-erdo-novenyeivel\/#breadcrumb"},"inLanguage":"en-US","potentialAction":[{"@type":"ReadAction","target":["https:\/\/tajkertesz.com\/termek\/nortene-vertical-forest-zoldfal-novenyfal-muanyag-termeszetes-hatas-az-erdo-novenyeivel\/"]}]},{"@type":"ImageObject","inLanguage":"en-US","@id":"https:\/\/tajkertesz.com\/termek\/nortene-vertical-forest-zoldfal-novenyfal-muanyag-termeszetes-hatas-az-erdo-novenyeivel\/#primaryimage","url":"https:\/\/tajkertesz.com\/wp-content\/uploads\/2021\/09\/20172611.jpg","contentUrl":"https:\/\/tajkertesz.com\/wp-content\/uploads\/2021\/09\/20172611.jpg","width":550,"height":550},{"@type":"BreadcrumbList","@id":"https:\/\/tajkertesz.com\/termek\/nortene-vertical-forest-zoldfal-novenyfal-muanyag-termeszetes-hatas-az-erdo-novenyeivel\/#breadcrumb","itemListElement":[{"@type":"ListItem","position":1,"name":"Home","item":"https:\/\/tajkertesz.com\/"},{"@type":"ListItem","position":2,"name":"Kezd\u0151lap","item":"https:\/\/tajkertesz.com\/"},{"@type":"ListItem","position":3,"name":"Nortene Vertical Forest z\u00f6ldfal, n\u00f6v\u00e9nyfal m\u0171anyag, term\u00e9szetes hat\u00e1s &#8211; az erd\u0151 n\u00f6v\u00e9nyeivel"}]},{"@type":"WebSite","@id":"https:\/\/tajkertesz.com\/#website","url":"https:\/\/tajkertesz.com\/","name":"T\u00e1j-Kert\u00e9sz 84 Kft.","description":"Kert\u00e9szeti kis- \u00e9s nagykeresked\u00e9s, D\u00edszn\u00f6v\u00e9ny web\u00e1ruh\u00e1z orsz\u00e1gos h\u00e1zhozsz\u00e1ll\u00edt\u00e1ssal!","publisher":{"@id":"https:\/\/tajkertesz.com\/#organization"},"potentialAction":[{"@type":"SearchAction","target":{"@type":"EntryPoint","urlTemplate":"https:\/\/tajkertesz.com\/?s={search_term_string}"},"query-input":{"@type":"PropertyValueSpecification","valueRequired":true,"valueName":"search_term_string"}}],"inLanguage":"en-US"},{"@type":"Organization","@id":"https:\/\/tajkertesz.com\/#organization","name":"T\u00e1j-Kert\u00e9sz 84 Kft.","url":"https:\/\/tajkertesz.com\/","logo":{"@type":"ImageObject","inLanguage":"en-US","@id":"https:\/\/tajkertesz.com\/#\/schema\/logo\/image\/","url":"https:\/\/tajkertesz.com\/wp-content\/uploads\/2018\/02\/logo-2-e1518678052539.png","contentUrl":"https:\/\/tajkertesz.com\/wp-content\/uploads\/2018\/02\/logo-2-e1518678052539.png","width":81,"height":140,"caption":"T\u00e1j-Kert\u00e9sz 84 Kft."},"image":{"@id":"https:\/\/tajkertesz.com\/#\/schema\/logo\/image\/"},"sameAs":["https:\/\/www.facebook.com\/Tajkertesz\/"]}]}},"_links":{"self":[{"href":"https:\/\/tajkertesz.com\/en_US\/wp-json\/wp\/v2\/product\/9017","targetHints":{"allow":["GET"]}}],"collection":[{"href":"https:\/\/tajkertesz.com\/en_US\/wp-json\/wp\/v2\/product"}],"about":[{"href":"https:\/\/tajkertesz.com\/en_US\/wp-json\/wp\/v2\/types\/product"}],"wp:featuredmedia":[{"embeddable":true,"href":"https:\/\/tajkertesz.com\/en_US\/wp-json\/wp\/v2\/media\/9019"}],"wp:attachment":[{"href":"https:\/\/tajkertesz.com\/en_US\/wp-json\/wp\/v2\/media?parent=9017"}],"wp:term":[{"taxonomy":"product_brand","embeddable":true,"href":"https:\/\/tajkertesz.com\/en_US\/wp-json\/wp\/v2\/product_brand?post=9017"},{"taxonomy":"product_cat","embeddable":true,"href":"https:\/\/tajkertesz.com\/en_US\/wp-json\/wp\/v2\/product_cat?post=9017"},{"taxonomy":"product_tag","embeddable":true,"href":"https:\/\/tajkertesz.com\/en_US\/wp-json\/wp\/v2\/product_tag?post=9017"}],"curies":[{"name":"wp","href":"https:\/\/api.w.org\/{rel}","templated":true}]}}