{"id":902,"date":"2020-02-18T12:01:07","date_gmt":"2020-02-18T12:01:07","guid":{"rendered":"https:\/\/tajkertesz.com\/?post_type=product&#038;p=902"},"modified":"2023-12-15T09:14:40","modified_gmt":"2023-12-15T09:14:40","slug":"malus-butterball-diszalma","status":"publish","type":"product","link":"https:\/\/tajkertesz.com\/en_US\/product\/malus-butterball-diszalma\/","title":{"rendered":"Malus Butterball, D\u00edszalma"},"content":{"rendered":"<p>Malus Butterball, D\u00edszalma<\/p>\n<p>A Malus Butterball , d\u00edszalma csod\u00e1latos k\u00fcl\u00f6nlegess\u00e9ge lehet kert\u00fcnknek. Sz\u00e9p kontrasztot alkot bimb\u00f3ban s\u00f6t\u00e9t, kiny\u00edlva halv\u00e1ny r\u00f3zsasz\u00edn vir\u00e1gaival, majd k\u00e9s\u0151bb narancsos sz\u00edn\u0171 term\u00e9seivel.<\/p>\n<p>4-6 m\u00e9terre n\u00f6v\u0151, alacsony termet\u0171 d\u00edszfa.<\/p>\n<p>Lev\u00e9lsz\u00edne kihajt\u00e1skor barn\u00e1s-v\u00f6r\u00f6s, k\u00e9s\u0151bb barn\u00e1sz\u00f6ldre, \u0151sszel v\u00f6r\u00f6ses-narancss\u00e1rg\u00e1ra sz\u00ednesedik.<\/p>\n<p>Napos helyre, t\u00e1panyagban gazdag talajba \u00fcltess\u00fck.<\/p>\n<p><a href=\"https:\/\/tajkertesz.com\/\">https:\/\/tajkertesz.com\/<\/a><\/p>\n<p><a href=\"https:\/\/en.wikipedia.org\/wiki\/Malus\">https:\/\/en.wikipedia.org\/wiki\/Malus<\/a><\/p>\n<p>&nbsp;<\/p>\n<p><span style=\"color: #ffffff;\"><span style=\"font-family: arial, helvetica, sans-serif;\">Kifejlett kor\u00e1ban 4-6 m\u00e9ter magas lombhullat\u00f3 d\u00edszfa.<\/span><span style=\"font-family: arial, helvetica, sans-serif;\">Leveleinek sz\u00ednez\u0151d\u00e9se igen v\u00e1ltozatos: friss kihajt\u00e1skor barn\u00e1s-v\u00f6r\u00f6s, majd barn\u00e1sz\u00f6ld, \u0151szre pedig v\u00f6r\u00f6ses-narancss\u00e1rga \u00e1rnyalat\u00fara fest\u0151dnek.<\/span><span style=\"font-family: arial, helvetica, sans-serif;\">Vir\u00e1gainak, term\u00e9seinek is izgalmas sz\u00ednv\u00e1ltoz\u00e1son mennek kereszt\u00fcl: bimb\u00f3san s\u00f6t\u00e9t r\u00f3zsasz\u00edn, teljesen kiny\u00edlva halv\u00e1nyodik, term\u00e9se pedig k\u00e9s\u0151bb narancsos sz\u00edn\u0171<\/span><\/span><\/p>\n<p><span style=\"font-family: arial, helvetica, sans-serif; color: #ffffff;\">napos helyre \u00fcltesse<\/span><\/p>\n<p><span style=\"font-family: arial, helvetica, sans-serif; color: #ffffff;\">t\u00e1panyagban gazdag talajokban fejl\u0151dik a legjobban<\/span><\/p>\n<p><span style=\"font-family: arial, helvetica, sans-serif; color: #ffffff;\"><span class=\"autohelp\" style=\"box-sizing: border-box; cursor: pointer;\">szoliter<\/span>k\u00e9nt c\u00e9lszer\u0171 telep\u00edteni<\/span><\/p>\n<p><span style=\"color: #ffffff;\"><span style=\"font-family: arial, helvetica, sans-serif;\">Kifejlett kor\u00e1ban 4-6 m\u00e9ter magas lombhullat\u00f3 d\u00edszfa.<\/span><span style=\"font-family: arial, helvetica, sans-serif;\">Leveleinek sz\u00ednez\u0151d\u00e9se igen v\u00e1ltozatos: friss kihajt\u00e1skor barn\u00e1s-v\u00f6r\u00f6s, majd barn\u00e1sz\u00f6ld, \u0151szre pedig v\u00f6r\u00f6ses-narancss\u00e1rga \u00e1rnyalat\u00fara fest\u0151dnek.<\/span><span style=\"font-family: arial, helvetica, sans-serif;\">Vir\u00e1gainak, term\u00e9seinek is izgalmas sz\u00ednv\u00e1ltoz\u00e1son mennek kereszt\u00fcl: bimb\u00f3san s\u00f6t\u00e9t r\u00f3zsasz\u00edn, teljesen kiny\u00edlva halv\u00e1nyodik, term\u00e9se pedig k\u00e9s\u0151bb narancsos sz\u00edn\u0171<\/span><\/span><\/p>\n<p><span style=\"font-family: arial, helvetica, sans-serif; color: #ffffff;\">napos helyre \u00fcltesse<\/span><\/p>\n<p><span style=\"font-family: arial, helvetica, sans-serif; color: #ffffff;\">t\u00e1panyagban gazdag talajokban fejl\u0151dik a legjobban<\/span><\/p>\n<p><span style=\"font-family: arial, helvetica, sans-serif; color: #ffffff;\"><span class=\"autohelp\" style=\"box-sizing: border-box; cursor: pointer;\">szoliter<\/span>k\u00e9nt c\u00e9lszer\u0171 telep\u00edteni<\/span><\/p>\n<div class=\"cms_content\">\n<p><span style=\"color: #ffffff;\"><span style=\"font-family: arial, helvetica, sans-serif;\">Kifejlett kor\u00e1ban 4-6 m\u00e9ter magas lombhullat\u00f3 d\u00edszfa.<\/span><span style=\"font-family: arial, helvetica, sans-serif;\">Leveleinek sz\u00ednez\u0151d\u00e9se igen v\u00e1ltozatos: friss kihajt\u00e1skor barn\u00e1s-v\u00f6r\u00f6s, majd barn\u00e1sz\u00f6ld, \u0151szre pedig v\u00f6r\u00f6ses-narancss\u00e1rga \u00e1rnyalat\u00fara fest\u0151dnek.<\/span><span style=\"font-family: arial, helvetica, sans-serif;\">Vir\u00e1gainak, term\u00e9seinek is izgalmas sz\u00ednv\u00e1ltoz\u00e1son mennek kereszt\u00fcl: bimb\u00f3san s\u00f6t\u00e9t r\u00f3zsasz\u00edn, teljesen kiny\u00edlva halv\u00e1nyodik, term\u00e9se pedig k\u00e9s\u0151bb narancsos sz\u00edn\u0171<\/span><\/span><\/p>\n<p><span style=\"font-family: arial, helvetica, sans-serif; color: #ffffff;\">napos helyre \u00fcltesse<\/span><\/p>\n<p><span style=\"font-family: arial, helvetica, sans-serif; color: #ffffff;\">t\u00e1panyagban gazdag talajokban fejl\u0151dik a legjobban<\/span><\/p>\n<p><span style=\"font-family: arial, helvetica, sans-serif; color: #ffffff;\"><span class=\"autohelp\" style=\"box-sizing: border-box; cursor: pointer;\">szoliter<\/span>k\u00e9nt c\u00e9lszer\u0171 telep\u00edteni<\/span><\/p>\n<p><span style=\"color: #ffffff;\"><span style=\"font-family: arial, helvetica, sans-serif;\">Kifejlett kor\u00e1ban 4-6 m\u00e9ter magas lombhullat\u00f3 d\u00edszfa.<\/span><span style=\"font-family: arial, helvetica, sans-serif;\">Leveleinek sz\u00ednez\u0151d\u00e9se igen v\u00e1ltozatos: friss kihajt\u00e1skor barn\u00e1s-v\u00f6r\u00f6s, majd barn\u00e1sz\u00f6ld, \u0151szre pedig v\u00f6r\u00f6ses-narancss\u00e1rga \u00e1rnyalat\u00fara fest\u0151dnek.<\/span><span style=\"font-family: arial, helvetica, sans-serif;\">Vir\u00e1gainak, term\u00e9seinek is izgalmas sz\u00ednv\u00e1ltoz\u00e1son mennek kereszt\u00fcl: bimb\u00f3san s\u00f6t\u00e9t r\u00f3zsasz\u00edn, teljesen kiny\u00edlva halv\u00e1nyodik, term\u00e9se pedig k\u00e9s\u0151bb narancsos sz\u00edn\u0171<\/span><\/span><\/p>\n<p><span style=\"font-family: arial, helvetica, sans-serif; color: #ffffff;\">napos helyre \u00fcltesse<\/span><\/p>\n<p><span style=\"font-family: arial, helvetica, sans-serif; color: #ffffff;\">t\u00e1panyagban gazdag talajokban fejl\u0151dik a legjobban<\/span><\/p>\n<p><span style=\"font-family: arial, helvetica, sans-serif; color: #ffffff;\"><span class=\"autohelp\" style=\"box-sizing: border-box; cursor: pointer;\">szoliter<\/span>k\u00e9nt c\u00e9lszer\u0171 telep\u00edteni<\/span><\/p>\n<\/div>\n<div class=\"cms_content\">\n<p>&nbsp;<\/p>\n<p>&nbsp;<\/p>\n<\/div>","protected":false},"excerpt":{"rendered":"<p>Malus Butterball, D\u00edszalma<\/p>\n<p>A Malus Butterball D\u00edszalma csod\u00e1latos k\u00fcl\u00f6nlegess\u00e9ge lehet kert\u00fcnknek. Sz\u00e9p kontrasztot alkot bimb\u00f3ban s\u00f6t\u00e9t, kiny\u00edlva halv\u00e1ny r\u00f3zsasz\u00edn vir\u00e1gaival, majd k\u00e9s\u0151bb narancsos sz\u00edn\u0171 term\u00e9seivel.<\/p>\n<p>4-6 m\u00e9terre n\u00f6v\u0151, alacsony termet\u0171 d\u00edszfa.<\/p>\n<p>Lev\u00e9lsz\u00edne kihajt\u00e1skor barn\u00e1s-v\u00f6r\u00f6s, k\u00e9s\u0151bb barn\u00e1sz\u00f6ldre, \u0151sszel v\u00f6r\u00f6ses-narancss\u00e1rg\u00e1ra sz\u00ednesedik.<\/p>\n<p>Napos helyre, t\u00e1panyagban gazdag talajba \u00fcltess\u00fck.<\/p>","protected":false},"featured_media":904,"template":"","meta":{"_et_pb_use_builder":"","_et_pb_old_content":"","_et_gb_content_width":""},"product_brand":[],"product_cat":[28],"product_tag":[108,106,107,105],"class_list":{"0":"post-902","1":"product","2":"type-product","3":"status-publish","4":"has-post-thumbnail","6":"product_cat-diszfak","7":"product_tag-butterball","8":"product_tag-diszalma","9":"product_tag-malus","10":"product_tag-malus-butterball","12":"first","13":"outofstock","14":"shipping-taxable","15":"purchasable","16":"product-type-simple"},"yoast_head":"<!-- This site is optimized with the Yoast SEO plugin v27.3 - https:\/\/yoast.com\/product\/yoast-seo-wordpress\/ -->\n<title>Malus Butterball, D\u00edszalma - T\u00e1jkert\u00e9sz<\/title>\n<meta name=\"description\" content=\"A Malus Butterball D\u00edszalma csod\u00e1latos k\u00fcl\u00f6nlegess\u00e9ge lehet kert\u00fcnknek. Sz\u00e9p kontrasztot alkot bimb\u00f3ban s\u00f6t\u00e9t, kiny\u00edlva halv\u00e1ny r\u00f3zsasz\u00edn vir\u00e1g\u00fa.\" \/>\n<meta name=\"robots\" content=\"index, follow, max-snippet:-1, max-image-preview:large, max-video-preview:-1\" \/>\n<link rel=\"canonical\" href=\"https:\/\/tajkertesz.com\/en_US\/product\/malus-butterball-diszalma\/\" \/>\n<meta property=\"og:locale\" content=\"en_US\" \/>\n<meta property=\"og:type\" content=\"article\" \/>\n<meta property=\"og:title\" content=\"Malus Butterball, D\u00edszalma - T\u00e1jkert\u00e9sz\" \/>\n<meta property=\"og:description\" content=\"A Malus Butterball D\u00edszalma csod\u00e1latos k\u00fcl\u00f6nlegess\u00e9ge lehet kert\u00fcnknek. Sz\u00e9p kontrasztot alkot bimb\u00f3ban s\u00f6t\u00e9t, kiny\u00edlva halv\u00e1ny r\u00f3zsasz\u00edn vir\u00e1g\u00fa.\" \/>\n<meta property=\"og:url\" content=\"https:\/\/tajkertesz.com\/en_US\/product\/malus-butterball-diszalma\/\" \/>\n<meta property=\"og:site_name\" content=\"T\u00e1jkert\u00e9sz\" \/>\n<meta property=\"article:publisher\" content=\"https:\/\/www.facebook.com\/Tajkertesz\/\" \/>\n<meta property=\"article:modified_time\" content=\"2023-12-15T09:14:40+00:00\" \/>\n<meta property=\"og:image\" content=\"https:\/\/tajkertesz.com\/wp-content\/uploads\/2020\/02\/Malus-Butterball.jpg\" \/>\n\t<meta property=\"og:image:width\" content=\"550\" \/>\n\t<meta property=\"og:image:height\" content=\"550\" \/>\n\t<meta property=\"og:image:type\" content=\"image\/jpeg\" \/>\n<meta name=\"twitter:card\" content=\"summary_large_image\" \/>\n<meta name=\"twitter:label1\" content=\"Est. reading time\" \/>\n\t<meta name=\"twitter:data1\" content=\"2 minutes\" \/>\n<script type=\"application\/ld+json\" class=\"yoast-schema-graph\">{\"@context\":\"https:\\\/\\\/schema.org\",\"@graph\":[{\"@type\":\"WebPage\",\"@id\":\"https:\\\/\\\/tajkertesz.com\\\/termek\\\/malus-butterball-diszalma\\\/\",\"url\":\"https:\\\/\\\/tajkertesz.com\\\/termek\\\/malus-butterball-diszalma\\\/\",\"name\":\"Malus Butterball, D\u00edszalma - T\u00e1jkert\u00e9sz\",\"isPartOf\":{\"@id\":\"https:\\\/\\\/tajkertesz.com\\\/#website\"},\"primaryImageOfPage\":{\"@id\":\"https:\\\/\\\/tajkertesz.com\\\/termek\\\/malus-butterball-diszalma\\\/#primaryimage\"},\"image\":{\"@id\":\"https:\\\/\\\/tajkertesz.com\\\/termek\\\/malus-butterball-diszalma\\\/#primaryimage\"},\"thumbnailUrl\":\"https:\\\/\\\/tajkertesz.com\\\/wp-content\\\/uploads\\\/2020\\\/02\\\/Malus-Butterball.jpg\",\"datePublished\":\"2020-02-18T12:01:07+00:00\",\"dateModified\":\"2023-12-15T09:14:40+00:00\",\"description\":\"A Malus Butterball D\u00edszalma csod\u00e1latos k\u00fcl\u00f6nlegess\u00e9ge lehet kert\u00fcnknek. Sz\u00e9p kontrasztot alkot bimb\u00f3ban s\u00f6t\u00e9t, kiny\u00edlva halv\u00e1ny r\u00f3zsasz\u00edn vir\u00e1g\u00fa.\",\"breadcrumb\":{\"@id\":\"https:\\\/\\\/tajkertesz.com\\\/termek\\\/malus-butterball-diszalma\\\/#breadcrumb\"},\"inLanguage\":\"en-US\",\"potentialAction\":[{\"@type\":\"ReadAction\",\"target\":[\"https:\\\/\\\/tajkertesz.com\\\/termek\\\/malus-butterball-diszalma\\\/\"]}]},{\"@type\":\"ImageObject\",\"inLanguage\":\"en-US\",\"@id\":\"https:\\\/\\\/tajkertesz.com\\\/termek\\\/malus-butterball-diszalma\\\/#primaryimage\",\"url\":\"https:\\\/\\\/tajkertesz.com\\\/wp-content\\\/uploads\\\/2020\\\/02\\\/Malus-Butterball.jpg\",\"contentUrl\":\"https:\\\/\\\/tajkertesz.com\\\/wp-content\\\/uploads\\\/2020\\\/02\\\/Malus-Butterball.jpg\",\"width\":550,\"height\":550},{\"@type\":\"BreadcrumbList\",\"@id\":\"https:\\\/\\\/tajkertesz.com\\\/termek\\\/malus-butterball-diszalma\\\/#breadcrumb\",\"itemListElement\":[{\"@type\":\"ListItem\",\"position\":1,\"name\":\"Home\",\"item\":\"https:\\\/\\\/tajkertesz.com\\\/\"},{\"@type\":\"ListItem\",\"position\":2,\"name\":\"Kezd\u0151lap\",\"item\":\"https:\\\/\\\/tajkertesz.com\\\/\"},{\"@type\":\"ListItem\",\"position\":3,\"name\":\"Malus Butterball, D\u00edszalma\"}]},{\"@type\":\"WebSite\",\"@id\":\"https:\\\/\\\/tajkertesz.com\\\/#website\",\"url\":\"https:\\\/\\\/tajkertesz.com\\\/\",\"name\":\"T\u00e1j-Kert\u00e9sz 84 Kft.\",\"description\":\"Kert\u00e9szeti kis- \u00e9s nagykeresked\u00e9s, D\u00edszn\u00f6v\u00e9ny web\u00e1ruh\u00e1z orsz\u00e1gos h\u00e1zhozsz\u00e1ll\u00edt\u00e1ssal!\",\"publisher\":{\"@id\":\"https:\\\/\\\/tajkertesz.com\\\/#organization\"},\"potentialAction\":[{\"@type\":\"SearchAction\",\"target\":{\"@type\":\"EntryPoint\",\"urlTemplate\":\"https:\\\/\\\/tajkertesz.com\\\/?s={search_term_string}\"},\"query-input\":{\"@type\":\"PropertyValueSpecification\",\"valueRequired\":true,\"valueName\":\"search_term_string\"}}],\"inLanguage\":\"en-US\"},{\"@type\":\"Organization\",\"@id\":\"https:\\\/\\\/tajkertesz.com\\\/#organization\",\"name\":\"T\u00e1j-Kert\u00e9sz 84 Kft.\",\"url\":\"https:\\\/\\\/tajkertesz.com\\\/\",\"logo\":{\"@type\":\"ImageObject\",\"inLanguage\":\"en-US\",\"@id\":\"https:\\\/\\\/tajkertesz.com\\\/#\\\/schema\\\/logo\\\/image\\\/\",\"url\":\"https:\\\/\\\/tajkertesz.com\\\/wp-content\\\/uploads\\\/2018\\\/02\\\/logo-2-e1518678052539.png\",\"contentUrl\":\"https:\\\/\\\/tajkertesz.com\\\/wp-content\\\/uploads\\\/2018\\\/02\\\/logo-2-e1518678052539.png\",\"width\":81,\"height\":140,\"caption\":\"T\u00e1j-Kert\u00e9sz 84 Kft.\"},\"image\":{\"@id\":\"https:\\\/\\\/tajkertesz.com\\\/#\\\/schema\\\/logo\\\/image\\\/\"},\"sameAs\":[\"https:\\\/\\\/www.facebook.com\\\/Tajkertesz\\\/\"]}]}<\/script>\n<!-- \/ Yoast SEO plugin. -->","yoast_head_json":{"title":"Malus Butterball, D\u00edszalma - T\u00e1jkert\u00e9sz","description":"A Malus Butterball D\u00edszalma csod\u00e1latos k\u00fcl\u00f6nlegess\u00e9ge lehet kert\u00fcnknek. Sz\u00e9p kontrasztot alkot bimb\u00f3ban s\u00f6t\u00e9t, kiny\u00edlva halv\u00e1ny r\u00f3zsasz\u00edn vir\u00e1g\u00fa.","robots":{"index":"index","follow":"follow","max-snippet":"max-snippet:-1","max-image-preview":"max-image-preview:large","max-video-preview":"max-video-preview:-1"},"canonical":"https:\/\/tajkertesz.com\/en_US\/product\/malus-butterball-diszalma\/","og_locale":"en_US","og_type":"article","og_title":"Malus Butterball, D\u00edszalma - T\u00e1jkert\u00e9sz","og_description":"A Malus Butterball D\u00edszalma csod\u00e1latos k\u00fcl\u00f6nlegess\u00e9ge lehet kert\u00fcnknek. Sz\u00e9p kontrasztot alkot bimb\u00f3ban s\u00f6t\u00e9t, kiny\u00edlva halv\u00e1ny r\u00f3zsasz\u00edn vir\u00e1g\u00fa.","og_url":"https:\/\/tajkertesz.com\/en_US\/product\/malus-butterball-diszalma\/","og_site_name":"T\u00e1jkert\u00e9sz","article_publisher":"https:\/\/www.facebook.com\/Tajkertesz\/","article_modified_time":"2023-12-15T09:14:40+00:00","og_image":[{"width":550,"height":550,"url":"https:\/\/tajkertesz.com\/wp-content\/uploads\/2020\/02\/Malus-Butterball.jpg","type":"image\/jpeg"}],"twitter_card":"summary_large_image","twitter_misc":{"Est. reading time":"2 minutes"},"schema":{"@context":"https:\/\/schema.org","@graph":[{"@type":"WebPage","@id":"https:\/\/tajkertesz.com\/termek\/malus-butterball-diszalma\/","url":"https:\/\/tajkertesz.com\/termek\/malus-butterball-diszalma\/","name":"Malus Butterball, D\u00edszalma - T\u00e1jkert\u00e9sz","isPartOf":{"@id":"https:\/\/tajkertesz.com\/#website"},"primaryImageOfPage":{"@id":"https:\/\/tajkertesz.com\/termek\/malus-butterball-diszalma\/#primaryimage"},"image":{"@id":"https:\/\/tajkertesz.com\/termek\/malus-butterball-diszalma\/#primaryimage"},"thumbnailUrl":"https:\/\/tajkertesz.com\/wp-content\/uploads\/2020\/02\/Malus-Butterball.jpg","datePublished":"2020-02-18T12:01:07+00:00","dateModified":"2023-12-15T09:14:40+00:00","description":"A Malus Butterball D\u00edszalma csod\u00e1latos k\u00fcl\u00f6nlegess\u00e9ge lehet kert\u00fcnknek. Sz\u00e9p kontrasztot alkot bimb\u00f3ban s\u00f6t\u00e9t, kiny\u00edlva halv\u00e1ny r\u00f3zsasz\u00edn vir\u00e1g\u00fa.","breadcrumb":{"@id":"https:\/\/tajkertesz.com\/termek\/malus-butterball-diszalma\/#breadcrumb"},"inLanguage":"en-US","potentialAction":[{"@type":"ReadAction","target":["https:\/\/tajkertesz.com\/termek\/malus-butterball-diszalma\/"]}]},{"@type":"ImageObject","inLanguage":"en-US","@id":"https:\/\/tajkertesz.com\/termek\/malus-butterball-diszalma\/#primaryimage","url":"https:\/\/tajkertesz.com\/wp-content\/uploads\/2020\/02\/Malus-Butterball.jpg","contentUrl":"https:\/\/tajkertesz.com\/wp-content\/uploads\/2020\/02\/Malus-Butterball.jpg","width":550,"height":550},{"@type":"BreadcrumbList","@id":"https:\/\/tajkertesz.com\/termek\/malus-butterball-diszalma\/#breadcrumb","itemListElement":[{"@type":"ListItem","position":1,"name":"Home","item":"https:\/\/tajkertesz.com\/"},{"@type":"ListItem","position":2,"name":"Kezd\u0151lap","item":"https:\/\/tajkertesz.com\/"},{"@type":"ListItem","position":3,"name":"Malus Butterball, D\u00edszalma"}]},{"@type":"WebSite","@id":"https:\/\/tajkertesz.com\/#website","url":"https:\/\/tajkertesz.com\/","name":"T\u00e1j-Kert\u00e9sz 84 Kft.","description":"Kert\u00e9szeti kis- \u00e9s nagykeresked\u00e9s, D\u00edszn\u00f6v\u00e9ny web\u00e1ruh\u00e1z orsz\u00e1gos h\u00e1zhozsz\u00e1ll\u00edt\u00e1ssal!","publisher":{"@id":"https:\/\/tajkertesz.com\/#organization"},"potentialAction":[{"@type":"SearchAction","target":{"@type":"EntryPoint","urlTemplate":"https:\/\/tajkertesz.com\/?s={search_term_string}"},"query-input":{"@type":"PropertyValueSpecification","valueRequired":true,"valueName":"search_term_string"}}],"inLanguage":"en-US"},{"@type":"Organization","@id":"https:\/\/tajkertesz.com\/#organization","name":"T\u00e1j-Kert\u00e9sz 84 Kft.","url":"https:\/\/tajkertesz.com\/","logo":{"@type":"ImageObject","inLanguage":"en-US","@id":"https:\/\/tajkertesz.com\/#\/schema\/logo\/image\/","url":"https:\/\/tajkertesz.com\/wp-content\/uploads\/2018\/02\/logo-2-e1518678052539.png","contentUrl":"https:\/\/tajkertesz.com\/wp-content\/uploads\/2018\/02\/logo-2-e1518678052539.png","width":81,"height":140,"caption":"T\u00e1j-Kert\u00e9sz 84 Kft."},"image":{"@id":"https:\/\/tajkertesz.com\/#\/schema\/logo\/image\/"},"sameAs":["https:\/\/www.facebook.com\/Tajkertesz\/"]}]}},"_links":{"self":[{"href":"https:\/\/tajkertesz.com\/en_US\/wp-json\/wp\/v2\/product\/902","targetHints":{"allow":["GET"]}}],"collection":[{"href":"https:\/\/tajkertesz.com\/en_US\/wp-json\/wp\/v2\/product"}],"about":[{"href":"https:\/\/tajkertesz.com\/en_US\/wp-json\/wp\/v2\/types\/product"}],"wp:featuredmedia":[{"embeddable":true,"href":"https:\/\/tajkertesz.com\/en_US\/wp-json\/wp\/v2\/media\/904"}],"wp:attachment":[{"href":"https:\/\/tajkertesz.com\/en_US\/wp-json\/wp\/v2\/media?parent=902"}],"wp:term":[{"taxonomy":"product_brand","embeddable":true,"href":"https:\/\/tajkertesz.com\/en_US\/wp-json\/wp\/v2\/product_brand?post=902"},{"taxonomy":"product_cat","embeddable":true,"href":"https:\/\/tajkertesz.com\/en_US\/wp-json\/wp\/v2\/product_cat?post=902"},{"taxonomy":"product_tag","embeddable":true,"href":"https:\/\/tajkertesz.com\/en_US\/wp-json\/wp\/v2\/product_tag?post=902"}],"curies":[{"name":"wp","href":"https:\/\/api.w.org\/{rel}","templated":true}]}}