{"id":907,"date":"2020-02-18T12:39:09","date_gmt":"2020-02-18T12:39:09","guid":{"rendered":"https:\/\/tajkertesz.com\/?post_type=product&#038;p=907"},"modified":"2023-12-15T09:07:18","modified_gmt":"2023-12-15T09:07:18","slug":"malus-john-downie-feher-viragu-diszalma","status":"publish","type":"product","link":"https:\/\/tajkertesz.com\/en_US\/product\/malus-john-downie-feher-viragu-diszalma\/","title":{"rendered":"Malus &#8216;John Downie&#8217;, Feh\u00e9r vir\u00e1g\u00fa d\u00edszalma"},"content":{"rendered":"<p>Malus &#8216;John Downie&#8217;,Feh\u00e9r vir\u00e1g\u00fa d\u00edszalma<\/p>\n<p>&nbsp;<\/p>\n<p><b>N\u00f6veked\u00e9s, alak:<\/b> A j\u00f3l n\u00f6vekv\u0151 d\u00edszalm\u00e1k k\u00f6z\u00e9 tartozik: 6 m magas, egyenesen, felfel\u00e9 t\u00f6rekv\u0151en fejl\u0151dik, de nem karcs\u00fan<br \/>\n<b>Lev\u00e9l:<\/b>\u00a0Toj\u00e1s alak\u00fa, f\u00e9nyl\u0151 z\u00f6ld<br \/>\n<b>Vir\u00e1g:<\/b>\u00a0Feh\u00e9rek, egyszer\u0171ek, kb. 6 cm-esek, m\u00e1jusban ny\u00edlnak.<br \/>\n<b>Term\u00e9s:<\/b>\u00a0Hossz\u00fak\u00e1s-toj\u00e1s alak\u00fa, 3-4 cm nagy, \u00edzletes, s\u00e1rga, napos oldal\u00e1n v\u00f6r\u00f6s sz\u00ednez\u0151d\u00e9ssel.<br \/>\n<b>Term\u0151hely, ig\u00e9ny:<\/b> A d\u00edszalm\u00e1k \u00e1ltal\u00e1ban a t\u00e1panyagban gazdag, nem t\u00fal sz\u00e1raz, 5-6,5 pH \u00e9rt\u00e9k\u0171 talajokat kedvelik.<br \/>\n<b>Felhaszn\u00e1l\u00e1s:<\/b>\u00a0\u00c9rt\u00e9kes d\u00edszalma, Nyugat-Eur\u00f3p\u00e1ban, Angli\u00e1ban, Hollandi\u00e1ban az egyik leggyakrabban \u00fcltetett utcai d\u00edszalma. Finom, \u00edzletes term\u00e9s\u00e9b\u0151l komp\u00f3t, dzsem k\u00e9sz\u00edthet\u0151.<\/p>\n<h4 style=\"line-height: 18.0pt; background: white; margin: 0cm 0cm 15.0pt 0cm;\"><span style=\"font-family: 'Ubuntu',serif; color: black;\">El\u00e9rhet\u0151 t\u00f6bbf\u00e9le m\u00e9retben \u00e9s \u00e1rban.<\/span><\/h4>\n<p style=\"line-height: 18.0pt; background: white; margin: 0cm 0cm 15.0pt 0cm;\"><b><span style=\"font-family: 'Ubuntu',serif; color: black;\">K\u00e9szlet\u00fcnk napi szinten v\u00e1ltozik, ez\u00e9rt k\u00e9rj\u00fck, \u00e9rdekl\u0151dj\u00f6n szem\u00e9lyesen, telefonon vagy email-en.<br \/>\nA v\u00e1ltoztat\u00e1s jog\u00e1t fenntartjuk!\u00a0<\/span><\/b><\/p>\n<p><a href=\"https:\/\/tajkertesz.com\/\">https:\/\/tajkertesz.com\/<\/a><\/p>\n<p><a href=\"https:\/\/en.wikipedia.org\/wiki\/Malus\">https:\/\/en.wikipedia.org\/wiki\/Malus<\/a><\/p>\n<p><span class=\"title\" style=\"color: #ffffff;\">Le\u00edr\u00e1s<\/span><\/p>\n<p><span style=\"color: #ffffff;\">Er\u0151sen n\u00f6veked\u0151 4-6 m\u00e9ter magas, 3-4 m sz\u00e9les nagy bokor vagy kis fa. Levele f\u00e9nyes, sz\u00e9les toj\u00e1s alak\u00fa, 6-9 cm hossz\u00fa, s\u00f6t\u00e9tz\u00f6ld. Bimb\u00f3ban r\u00f3zsasz\u00edn vir\u00e1ga egyszer\u0171, feh\u00e9r, 3,5-4,5 cm sz\u00e9les. Nagyon attrakt\u00edv, f\u00e9nyes gy\u00fcm\u00f6lcse nagy, 4 cm hossz\u00fa, 3 cm sz\u00e9les, a napos oldal\u00e1n piros, az \u00e1rny\u00e9koson s\u00f6t\u00e9t narancs, j\u00f3 \u00edz\u0171, komp\u00f3tnak bef\u0151zik. <\/span><\/p>\n<p><span style=\"color: #ffffff;\"><strong>Rendk\u00edv\u00fcl fagyt\u0171r\u0151.<\/strong><\/span><\/p>\n<p><span style=\"color: #ffffff;\">Er\u0151sen n\u00f6veked\u0151 4-6 m\u00e9ter magas, 3-4 m sz\u00e9les nagy bokor vagy kis fa. Levele f\u00e9nyes, sz\u00e9les toj\u00e1s alak\u00fa, 6-9 cm hossz\u00fa, s\u00f6t\u00e9tz\u00f6ld.<\/span><\/p>\n<p><span class=\"title\" style=\"color: #ffffff;\">Le\u00edr\u00e1s<\/span><\/p>\n<p><span style=\"color: #ffffff;\">Er\u0151sen n\u00f6veked\u0151 4-6 m\u00e9ter magas, 3-4 m sz\u00e9les nagy bokor vagy kis fa. Levele f\u00e9nyes, sz\u00e9les toj\u00e1s alak\u00fa, 6-9 cm hossz\u00fa, s\u00f6t\u00e9tz\u00f6ld. Bimb\u00f3ban r\u00f3zsasz\u00edn vir\u00e1ga egyszer\u0171, feh\u00e9r, 3,5-4,5 cm sz\u00e9les. Nagyon attrakt\u00edv, f\u00e9nyes gy\u00fcm\u00f6lcse nagy, 4 cm hossz\u00fa, 3 cm sz\u00e9les, a napos oldal\u00e1n piros, az \u00e1rny\u00e9koson s\u00f6t\u00e9t narancs, j\u00f3 \u00edz\u0171, komp\u00f3tnak bef\u0151zik.<\/span><\/p>\n<p><span style=\"color: #ffffff;\"><strong>Rendk\u00edv\u00fcl fagyt\u0171r\u0151.<\/strong><\/span><\/p>\n<p><span style=\"color: #ffffff;\">Er\u0151sen n\u00f6veked\u0151 4-6 m\u00e9ter magas, 3-4 m sz\u00e9les nagy bokor vagy kis fa. Levele f\u00e9nyes, sz\u00e9les toj\u00e1s alak\u00fa, 6-9 cm hossz\u00fa, s\u00f6t\u00e9tz\u00f6ld.<\/span><\/p>\n<p>&nbsp;<\/p>\n<p>&nbsp;<\/p>","protected":false},"excerpt":{"rendered":"<p>Malus &#8216;John Downie&#8217;,Feh\u00e9r vir\u00e1g\u00fa d\u00edszalma<\/p>\n<p>&nbsp;<\/p>\n<p><b>N\u00f6veked\u00e9s, alak:<\/b> A j\u00f3l n\u00f6vekv\u0151 d\u00edszalm\u00e1k k\u00f6z\u00e9 tartozik: 6 m magas, egyenesen, felfel\u00e9 t\u00f6rekv\u0151en fejl\u0151dik, de nem karcs\u00fan<br \/>\n<b>Lev\u00e9l:<\/b>\u00a0Toj\u00e1s alak\u00fa, f\u00e9nyl\u0151 z\u00f6ld<br \/>\n<b>Vir\u00e1g:<\/b>\u00a0Feh\u00e9rek, egyszer\u0171ek, kb. 6 cm-esek, m\u00e1jusban ny\u00edlnak.<br \/>\n<b>Term\u00e9s:<\/b>\u00a0Hossz\u00fak\u00e1s-toj\u00e1s alak\u00fa, 3-4 cm nagy, \u00edzletes, s\u00e1rga, napos oldal\u00e1n v\u00f6r\u00f6s sz\u00ednez\u0151d\u00e9ssel.<br \/>\n<b>Term\u0151hely, ig\u00e9ny:<\/b> A d\u00edszalm\u00e1k \u00e1ltal\u00e1ban a t\u00e1panyagban gazdag, nem t\u00fal sz\u00e1raz, 5-6,5 pH \u00e9rt\u00e9k\u0171 talajokat kedvelik.<br \/>\n<b>Felhaszn\u00e1l\u00e1s:<\/b>\u00a0\u00c9rt\u00e9kes d\u00edszalma, Nyugat-Eur\u00f3p\u00e1ban, Angli\u00e1ban, Hollandi\u00e1ban az egyik leggyakrabban \u00fcltetett utcai d\u00edszalma. Finom, \u00edzletes term\u00e9s\u00e9b\u0151l komp\u00f3t, dzsem k\u00e9sz\u00edthet\u0151.<\/p>\n<h3>Jelen term\u00e9k\u00fcnk: 10 literes cser\u00e9pben 300+ cm<\/h3>\n<h3><strong>M\u00e9ret\u00e9n\u00e9l fogva fut\u00e1rszolg\u00e1lattal nem sz\u00e1ll\u00edthat\u00f3.\u00a0<\/strong><\/h3>","protected":false},"featured_media":910,"template":"","meta":{"_et_pb_use_builder":"","_et_pb_old_content":"","_et_gb_content_width":""},"product_brand":[],"product_cat":[28],"product_tag":[109,110],"class_list":{"0":"post-907","1":"product","2":"type-product","3":"status-publish","4":"has-post-thumbnail","6":"product_cat-diszfak","7":"product_tag-feher-viragu-diszalma","8":"product_tag-malus-john-downie","10":"first","11":"outofstock","12":"shipping-taxable","13":"purchasable","14":"product-type-simple"},"yoast_head":"<!-- This site is optimized with the Yoast SEO plugin v27.3 - https:\/\/yoast.com\/product\/yoast-seo-wordpress\/ -->\n<title>Malus &#039;John Downie&#039;, Feh\u00e9r vir\u00e1g\u00fa d\u00edszalma - T\u00e1jkert\u00e9sz<\/title>\n<meta name=\"description\" content=\"Malus &#039;John Downie&#039;,Feh\u00e9r vir\u00e1g\u00fa d\u00edszalma .A j\u00f3l n\u00f6vekv\u0151 d\u00edszalm\u00e1k k\u00f6z\u00e9 tartozik. 6 m magas, egyenesen, felfel\u00e9 t\u00f6rekv\u0151en fejl\u0151dik.\" \/>\n<meta name=\"robots\" content=\"index, follow, max-snippet:-1, max-image-preview:large, max-video-preview:-1\" \/>\n<link rel=\"canonical\" href=\"https:\/\/tajkertesz.com\/en_US\/product\/malus-john-downie-feher-viragu-diszalma\/\" \/>\n<meta property=\"og:locale\" content=\"en_US\" \/>\n<meta property=\"og:type\" content=\"article\" \/>\n<meta property=\"og:title\" content=\"Malus &#039;John Downie&#039;, Feh\u00e9r vir\u00e1g\u00fa d\u00edszalma - T\u00e1jkert\u00e9sz\" \/>\n<meta property=\"og:description\" content=\"Malus &#039;John Downie&#039;,Feh\u00e9r vir\u00e1g\u00fa d\u00edszalma .A j\u00f3l n\u00f6vekv\u0151 d\u00edszalm\u00e1k k\u00f6z\u00e9 tartozik. 6 m magas, egyenesen, felfel\u00e9 t\u00f6rekv\u0151en fejl\u0151dik.\" \/>\n<meta property=\"og:url\" content=\"https:\/\/tajkertesz.com\/en_US\/product\/malus-john-downie-feher-viragu-diszalma\/\" \/>\n<meta property=\"og:site_name\" content=\"T\u00e1jkert\u00e9sz\" \/>\n<meta property=\"article:publisher\" content=\"https:\/\/www.facebook.com\/Tajkertesz\/\" \/>\n<meta property=\"article:modified_time\" content=\"2023-12-15T09:07:18+00:00\" \/>\n<meta property=\"og:image\" content=\"https:\/\/tajkertesz.com\/wp-content\/uploads\/2020\/02\/Malus-John-Downie-1.jpg\" \/>\n\t<meta property=\"og:image:width\" content=\"1719\" \/>\n\t<meta property=\"og:image:height\" content=\"900\" \/>\n\t<meta property=\"og:image:type\" content=\"image\/jpeg\" \/>\n<meta name=\"twitter:card\" content=\"summary_large_image\" \/>\n<meta name=\"twitter:label1\" content=\"Est. reading time\" \/>\n\t<meta name=\"twitter:data1\" content=\"2 minutes\" \/>\n<script type=\"application\/ld+json\" class=\"yoast-schema-graph\">{\"@context\":\"https:\\\/\\\/schema.org\",\"@graph\":[{\"@type\":\"WebPage\",\"@id\":\"https:\\\/\\\/tajkertesz.com\\\/termek\\\/malus-john-downie-feher-viragu-diszalma\\\/\",\"url\":\"https:\\\/\\\/tajkertesz.com\\\/termek\\\/malus-john-downie-feher-viragu-diszalma\\\/\",\"name\":\"Malus 'John Downie', Feh\u00e9r vir\u00e1g\u00fa d\u00edszalma - T\u00e1jkert\u00e9sz\",\"isPartOf\":{\"@id\":\"https:\\\/\\\/tajkertesz.com\\\/#website\"},\"primaryImageOfPage\":{\"@id\":\"https:\\\/\\\/tajkertesz.com\\\/termek\\\/malus-john-downie-feher-viragu-diszalma\\\/#primaryimage\"},\"image\":{\"@id\":\"https:\\\/\\\/tajkertesz.com\\\/termek\\\/malus-john-downie-feher-viragu-diszalma\\\/#primaryimage\"},\"thumbnailUrl\":\"https:\\\/\\\/tajkertesz.com\\\/wp-content\\\/uploads\\\/2020\\\/02\\\/Malus-John-Downie-1.jpg\",\"datePublished\":\"2020-02-18T12:39:09+00:00\",\"dateModified\":\"2023-12-15T09:07:18+00:00\",\"description\":\"Malus 'John Downie',Feh\u00e9r vir\u00e1g\u00fa d\u00edszalma .A j\u00f3l n\u00f6vekv\u0151 d\u00edszalm\u00e1k k\u00f6z\u00e9 tartozik. 6 m magas, egyenesen, felfel\u00e9 t\u00f6rekv\u0151en fejl\u0151dik.\",\"breadcrumb\":{\"@id\":\"https:\\\/\\\/tajkertesz.com\\\/termek\\\/malus-john-downie-feher-viragu-diszalma\\\/#breadcrumb\"},\"inLanguage\":\"en-US\",\"potentialAction\":[{\"@type\":\"ReadAction\",\"target\":[\"https:\\\/\\\/tajkertesz.com\\\/termek\\\/malus-john-downie-feher-viragu-diszalma\\\/\"]}]},{\"@type\":\"ImageObject\",\"inLanguage\":\"en-US\",\"@id\":\"https:\\\/\\\/tajkertesz.com\\\/termek\\\/malus-john-downie-feher-viragu-diszalma\\\/#primaryimage\",\"url\":\"https:\\\/\\\/tajkertesz.com\\\/wp-content\\\/uploads\\\/2020\\\/02\\\/Malus-John-Downie-1.jpg\",\"contentUrl\":\"https:\\\/\\\/tajkertesz.com\\\/wp-content\\\/uploads\\\/2020\\\/02\\\/Malus-John-Downie-1.jpg\",\"width\":1719,\"height\":900},{\"@type\":\"BreadcrumbList\",\"@id\":\"https:\\\/\\\/tajkertesz.com\\\/termek\\\/malus-john-downie-feher-viragu-diszalma\\\/#breadcrumb\",\"itemListElement\":[{\"@type\":\"ListItem\",\"position\":1,\"name\":\"Home\",\"item\":\"https:\\\/\\\/tajkertesz.com\\\/\"},{\"@type\":\"ListItem\",\"position\":2,\"name\":\"Kezd\u0151lap\",\"item\":\"https:\\\/\\\/tajkertesz.com\\\/\"},{\"@type\":\"ListItem\",\"position\":3,\"name\":\"Malus &#8216;John Downie&#8217;, Feh\u00e9r vir\u00e1g\u00fa d\u00edszalma\"}]},{\"@type\":\"WebSite\",\"@id\":\"https:\\\/\\\/tajkertesz.com\\\/#website\",\"url\":\"https:\\\/\\\/tajkertesz.com\\\/\",\"name\":\"T\u00e1j-Kert\u00e9sz 84 Kft.\",\"description\":\"Kert\u00e9szeti kis- \u00e9s nagykeresked\u00e9s, D\u00edszn\u00f6v\u00e9ny web\u00e1ruh\u00e1z orsz\u00e1gos h\u00e1zhozsz\u00e1ll\u00edt\u00e1ssal!\",\"publisher\":{\"@id\":\"https:\\\/\\\/tajkertesz.com\\\/#organization\"},\"potentialAction\":[{\"@type\":\"SearchAction\",\"target\":{\"@type\":\"EntryPoint\",\"urlTemplate\":\"https:\\\/\\\/tajkertesz.com\\\/?s={search_term_string}\"},\"query-input\":{\"@type\":\"PropertyValueSpecification\",\"valueRequired\":true,\"valueName\":\"search_term_string\"}}],\"inLanguage\":\"en-US\"},{\"@type\":\"Organization\",\"@id\":\"https:\\\/\\\/tajkertesz.com\\\/#organization\",\"name\":\"T\u00e1j-Kert\u00e9sz 84 Kft.\",\"url\":\"https:\\\/\\\/tajkertesz.com\\\/\",\"logo\":{\"@type\":\"ImageObject\",\"inLanguage\":\"en-US\",\"@id\":\"https:\\\/\\\/tajkertesz.com\\\/#\\\/schema\\\/logo\\\/image\\\/\",\"url\":\"https:\\\/\\\/tajkertesz.com\\\/wp-content\\\/uploads\\\/2018\\\/02\\\/logo-2-e1518678052539.png\",\"contentUrl\":\"https:\\\/\\\/tajkertesz.com\\\/wp-content\\\/uploads\\\/2018\\\/02\\\/logo-2-e1518678052539.png\",\"width\":81,\"height\":140,\"caption\":\"T\u00e1j-Kert\u00e9sz 84 Kft.\"},\"image\":{\"@id\":\"https:\\\/\\\/tajkertesz.com\\\/#\\\/schema\\\/logo\\\/image\\\/\"},\"sameAs\":[\"https:\\\/\\\/www.facebook.com\\\/Tajkertesz\\\/\"]}]}<\/script>\n<!-- \/ Yoast SEO plugin. -->","yoast_head_json":{"title":"Malus 'John Downie', Feh\u00e9r vir\u00e1g\u00fa d\u00edszalma - T\u00e1jkert\u00e9sz","description":"Malus 'John Downie',Feh\u00e9r vir\u00e1g\u00fa d\u00edszalma .A j\u00f3l n\u00f6vekv\u0151 d\u00edszalm\u00e1k k\u00f6z\u00e9 tartozik. 6 m magas, egyenesen, felfel\u00e9 t\u00f6rekv\u0151en fejl\u0151dik.","robots":{"index":"index","follow":"follow","max-snippet":"max-snippet:-1","max-image-preview":"max-image-preview:large","max-video-preview":"max-video-preview:-1"},"canonical":"https:\/\/tajkertesz.com\/en_US\/product\/malus-john-downie-feher-viragu-diszalma\/","og_locale":"en_US","og_type":"article","og_title":"Malus 'John Downie', Feh\u00e9r vir\u00e1g\u00fa d\u00edszalma - T\u00e1jkert\u00e9sz","og_description":"Malus 'John Downie',Feh\u00e9r vir\u00e1g\u00fa d\u00edszalma .A j\u00f3l n\u00f6vekv\u0151 d\u00edszalm\u00e1k k\u00f6z\u00e9 tartozik. 6 m magas, egyenesen, felfel\u00e9 t\u00f6rekv\u0151en fejl\u0151dik.","og_url":"https:\/\/tajkertesz.com\/en_US\/product\/malus-john-downie-feher-viragu-diszalma\/","og_site_name":"T\u00e1jkert\u00e9sz","article_publisher":"https:\/\/www.facebook.com\/Tajkertesz\/","article_modified_time":"2023-12-15T09:07:18+00:00","og_image":[{"width":1719,"height":900,"url":"https:\/\/tajkertesz.com\/wp-content\/uploads\/2020\/02\/Malus-John-Downie-1.jpg","type":"image\/jpeg"}],"twitter_card":"summary_large_image","twitter_misc":{"Est. reading time":"2 minutes"},"schema":{"@context":"https:\/\/schema.org","@graph":[{"@type":"WebPage","@id":"https:\/\/tajkertesz.com\/termek\/malus-john-downie-feher-viragu-diszalma\/","url":"https:\/\/tajkertesz.com\/termek\/malus-john-downie-feher-viragu-diszalma\/","name":"Malus 'John Downie', Feh\u00e9r vir\u00e1g\u00fa d\u00edszalma - T\u00e1jkert\u00e9sz","isPartOf":{"@id":"https:\/\/tajkertesz.com\/#website"},"primaryImageOfPage":{"@id":"https:\/\/tajkertesz.com\/termek\/malus-john-downie-feher-viragu-diszalma\/#primaryimage"},"image":{"@id":"https:\/\/tajkertesz.com\/termek\/malus-john-downie-feher-viragu-diszalma\/#primaryimage"},"thumbnailUrl":"https:\/\/tajkertesz.com\/wp-content\/uploads\/2020\/02\/Malus-John-Downie-1.jpg","datePublished":"2020-02-18T12:39:09+00:00","dateModified":"2023-12-15T09:07:18+00:00","description":"Malus 'John Downie',Feh\u00e9r vir\u00e1g\u00fa d\u00edszalma .A j\u00f3l n\u00f6vekv\u0151 d\u00edszalm\u00e1k k\u00f6z\u00e9 tartozik. 6 m magas, egyenesen, felfel\u00e9 t\u00f6rekv\u0151en fejl\u0151dik.","breadcrumb":{"@id":"https:\/\/tajkertesz.com\/termek\/malus-john-downie-feher-viragu-diszalma\/#breadcrumb"},"inLanguage":"en-US","potentialAction":[{"@type":"ReadAction","target":["https:\/\/tajkertesz.com\/termek\/malus-john-downie-feher-viragu-diszalma\/"]}]},{"@type":"ImageObject","inLanguage":"en-US","@id":"https:\/\/tajkertesz.com\/termek\/malus-john-downie-feher-viragu-diszalma\/#primaryimage","url":"https:\/\/tajkertesz.com\/wp-content\/uploads\/2020\/02\/Malus-John-Downie-1.jpg","contentUrl":"https:\/\/tajkertesz.com\/wp-content\/uploads\/2020\/02\/Malus-John-Downie-1.jpg","width":1719,"height":900},{"@type":"BreadcrumbList","@id":"https:\/\/tajkertesz.com\/termek\/malus-john-downie-feher-viragu-diszalma\/#breadcrumb","itemListElement":[{"@type":"ListItem","position":1,"name":"Home","item":"https:\/\/tajkertesz.com\/"},{"@type":"ListItem","position":2,"name":"Kezd\u0151lap","item":"https:\/\/tajkertesz.com\/"},{"@type":"ListItem","position":3,"name":"Malus &#8216;John Downie&#8217;, Feh\u00e9r vir\u00e1g\u00fa d\u00edszalma"}]},{"@type":"WebSite","@id":"https:\/\/tajkertesz.com\/#website","url":"https:\/\/tajkertesz.com\/","name":"T\u00e1j-Kert\u00e9sz 84 Kft.","description":"Kert\u00e9szeti kis- \u00e9s nagykeresked\u00e9s, D\u00edszn\u00f6v\u00e9ny web\u00e1ruh\u00e1z orsz\u00e1gos h\u00e1zhozsz\u00e1ll\u00edt\u00e1ssal!","publisher":{"@id":"https:\/\/tajkertesz.com\/#organization"},"potentialAction":[{"@type":"SearchAction","target":{"@type":"EntryPoint","urlTemplate":"https:\/\/tajkertesz.com\/?s={search_term_string}"},"query-input":{"@type":"PropertyValueSpecification","valueRequired":true,"valueName":"search_term_string"}}],"inLanguage":"en-US"},{"@type":"Organization","@id":"https:\/\/tajkertesz.com\/#organization","name":"T\u00e1j-Kert\u00e9sz 84 Kft.","url":"https:\/\/tajkertesz.com\/","logo":{"@type":"ImageObject","inLanguage":"en-US","@id":"https:\/\/tajkertesz.com\/#\/schema\/logo\/image\/","url":"https:\/\/tajkertesz.com\/wp-content\/uploads\/2018\/02\/logo-2-e1518678052539.png","contentUrl":"https:\/\/tajkertesz.com\/wp-content\/uploads\/2018\/02\/logo-2-e1518678052539.png","width":81,"height":140,"caption":"T\u00e1j-Kert\u00e9sz 84 Kft."},"image":{"@id":"https:\/\/tajkertesz.com\/#\/schema\/logo\/image\/"},"sameAs":["https:\/\/www.facebook.com\/Tajkertesz\/"]}]}},"_links":{"self":[{"href":"https:\/\/tajkertesz.com\/en_US\/wp-json\/wp\/v2\/product\/907","targetHints":{"allow":["GET"]}}],"collection":[{"href":"https:\/\/tajkertesz.com\/en_US\/wp-json\/wp\/v2\/product"}],"about":[{"href":"https:\/\/tajkertesz.com\/en_US\/wp-json\/wp\/v2\/types\/product"}],"wp:featuredmedia":[{"embeddable":true,"href":"https:\/\/tajkertesz.com\/en_US\/wp-json\/wp\/v2\/media\/910"}],"wp:attachment":[{"href":"https:\/\/tajkertesz.com\/en_US\/wp-json\/wp\/v2\/media?parent=907"}],"wp:term":[{"taxonomy":"product_brand","embeddable":true,"href":"https:\/\/tajkertesz.com\/en_US\/wp-json\/wp\/v2\/product_brand?post=907"},{"taxonomy":"product_cat","embeddable":true,"href":"https:\/\/tajkertesz.com\/en_US\/wp-json\/wp\/v2\/product_cat?post=907"},{"taxonomy":"product_tag","embeddable":true,"href":"https:\/\/tajkertesz.com\/en_US\/wp-json\/wp\/v2\/product_tag?post=907"}],"curies":[{"name":"wp","href":"https:\/\/api.w.org\/{rel}","templated":true}]}}