{"id":911,"date":"2020-02-18T13:07:04","date_gmt":"2020-02-18T13:07:04","guid":{"rendered":"https:\/\/tajkertesz.com\/?post_type=product&#038;p=911"},"modified":"2025-05-09T11:32:21","modified_gmt":"2025-05-09T11:32:21","slug":"malus-royaltybordo-levelu-diszalma","status":"publish","type":"product","link":"https:\/\/tajkertesz.com\/en_US\/product\/malus-royaltybordo-levelu-diszalma\/","title":{"rendered":"Malus Royalty,Bord\u00f3 level\u0171 d\u00edszalma"},"content":{"rendered":"<p>Malus Royalty,Bord\u00f3 level\u0171 d\u00edszalma<\/p>\n<p>A Malus Royalty,Bord\u00f3 level\u0171 d\u00edszalma kert\u00fcnk k\u00fcl\u00f6nleges d\u00edsze lehet. S\u00f6t\u00e9tv\u00f6r\u00f6sen marad\u00f3 lombja, felt\u0171n\u0151 k\u00e1rminv\u00f6r\u00f6s vir\u00e1gai miatt kedvelt d\u00edszfa.<\/p>\n<p>Jelenlegi term\u00e9k\u00fcnk 12 l-es kont\u00e9nerben, magass\u00e1ga: 100-200 cm.<\/p>\n<p>Kertbe, parkba \u00e9s sorf\u00e1nak is \u00fcltetik<\/p>\n<p>Lassan n\u00f6v\u0151 kism\u00e9ret\u0171 d\u00edszalma fa. 4-6 m magas, 4-5 m sz\u00e9les. Fiatalon karcs\u00fa, k\u00e9s\u0151bb kisz\u00e9lesed\u0151 habitus\u00fa.\u00a0Toj\u00e1s alak\u00fa, 8 -12 cm-es, f\u00e9nyl\u0151 s\u00f6t\u00e9t barn\u00e1sv\u00f6r\u00f6s, a lev\u00e9l \u00e9le f\u0171r\u00e9szes.<br \/>\nEgyszer\u0171, k\u00e1rminv\u00f6r\u00f6s, 3,5-4 cm-es, kor\u00e1n ny\u00edl\u00f3.<br \/>\nHossz\u00fak\u00e1s, s\u00f6t\u00e9tv\u00f6r\u00f6s, 1,5 cm-es a term\u00e9se.\u00a0A d\u00edszalm\u00e1k \u00e1ltal\u00e1ban a t\u00e1panyagban gazdag, nem t\u00fal sz\u00e1raz, 5-6,5pH \u00e9rt\u00e9k\u0171 talajokat kedvelik.<br \/>\n<b>Felhaszn\u00e1l\u00e1s:<\/b>\u00a0S\u00f6t\u00e9tv\u00f6r\u00f6sen marad\u00f3 lombja, felt\u0171n\u0151 k\u00e1rminv\u00f6r\u00f6s vir\u00e1gai miatt kedvelt d\u00edszfa. Kertbe, parkba \u00e9s sorf\u00e1nak is \u00fcltetik<\/p>\n<p>&nbsp;<\/p>\n<p><a href=\"https:\/\/tajkertesz.com\/\">https:\/\/tajkertesz.com\/<\/a><\/p>\n<p><a href=\"https:\/\/hu.wikipedia.org\/wiki\/Alma_(n%C3%B6v%C3%A9nynemzets%C3%A9g)\">https:\/\/hu.wikipedia.org\/wiki\/Alma_(n%C3%B6v%C3%A9nynemzets%C3%A9g)<\/a><\/p>\n<p><span style=\"color: #ffffff;\">3-6 m. magas, gyenge n\u00f6veked\u00e9s\u0171 fa. 3-4 cm-es szimpla vir\u00e1gai rubinpirosak. Levelei a szezon kezdet\u00e9n rubinv\u00f6r\u00f6sek, majd z\u00f6ldes \u00e1rnyalat\u00faak, \u0151sszel pedig ism\u00e9t ragyog\u00f3 bord\u00f3ak.<\/span><\/p>\n<p><span style=\"color: #ffffff;\">\u0150szi, apr\u00f3 term\u00e9sei s\u00f6t\u00e9tv\u00f6r\u00f6sek, kev\u00e9ss\u00e9 izletesek, de ehet\u0151k.<i>\u00a0<\/i><\/span><\/p>\n<p><span style=\"color: #ffffff;\">Igen kedvelt\u00a0d\u00edszfa, sz\u00ednes lombja \u00e9s sz\u00e9p vir\u00e1gai miatt.<\/span><\/p>\n<p><span style=\"color: #ffffff;\">\u00dcde, t\u00e1pd\u00fas kerti talajt ig\u00e9nyel. Napos helyre \u00fcltess\u00fck. Kis termete miatt, l\u00e9gvezet\u00e9kek al\u00e1, utcai sorf\u00e1nak, kertekbe szoliternek val\u00f3\u00a0d\u00edszfa.<\/span><\/p>\n<p><span style=\"color: #ffffff;\">3-6 m. magas, gyenge n\u00f6veked\u00e9s\u0171 fa. 3-4 cm-es szimpla vir\u00e1gai rubinpirosak. Levelei a szezon kezdet\u00e9n rubinv\u00f6r\u00f6sek, majd z\u00f6ldes \u00e1rnyalat\u00faak, \u0151sszel pedig ism\u00e9t ragyog\u00f3 bord\u00f3ak.<\/span><\/p>\n<p><span style=\"color: #ffffff;\">\u0150szi, apr\u00f3 term\u00e9sei s\u00f6t\u00e9tv\u00f6r\u00f6sek, kev\u00e9ss\u00e9 izletesek, de ehet\u0151k.<i>\u00a0<\/i><\/span><\/p>\n<p><span style=\"color: #ffffff;\">Igen kedvelt\u00a0d\u00edszfa, sz\u00ednes lombja \u00e9s sz\u00e9p vir\u00e1gai miatt.<\/span><\/p>\n<p><span style=\"color: #ffffff;\">\u00dcde, t\u00e1pd\u00fas kerti talajt ig\u00e9nyel. Napos helyre \u00fcltess\u00fck. Kis termete miatt, l\u00e9gvezet\u00e9kek al\u00e1, utcai sorf\u00e1nak, kertekbe szoliternek val\u00f3\u00a0d\u00edszfa.<\/span><\/p>\n<p>&nbsp;<\/p>\n<p>&nbsp;<\/p>\n<p><span style=\"color: #ffffff;\">Az 1960-as \u00e9vek elej\u00e9n, Kanad\u00e1ban szelekt\u00e1lt\u00e1k, gy\u00f6nge n\u00f6veked\u00e9s\u0171, laza \u00e1grendszer\u0171, 3-5 m magasra megn\u00f6v\u0151, kism\u00e9ret\u0171,\u00a0<strong>d\u00edszfa<\/strong>. Levelei lombfakad\u00e1st\u00f3l \u2013 lombhull\u00e1sig, f\u00e9nyl\u0151 barn\u00e1s-v\u00f6r\u00f6ses sz\u00edn\u0171ek, toj\u00e1sdad form\u00e1j\u00faak, 8-12 cm nagys\u00e1g\u00faak. Vir\u00e1ga, s\u00f6t\u00e9t borv\u00f6r\u00f6s. Szimpla vir\u00e1gai, 2-4 cm \u00e1tm\u00e9r\u0151j\u0171ek. S\u00f6t\u00e9tv\u00f6r\u00f6s, apr\u00f3 term\u00e9sei, 1,5 cm nagys\u00e1g\u00faak. Igen kedvelt\u00a0<strong>d\u00edszfa<\/strong>, s\u00f6t\u00e9tv\u00f6r\u00f6s lombja \u00e9s sz\u00e9p vir\u00e1gai miatt. \u00dcde, t\u00e1pd\u00fas kerti talajt ig\u00e9nyel. Napos helyre \u00fcltess\u00fck. Kis termete miatt, l\u00e9gvezet\u00e9kek al\u00e1, utcai sorf\u00e1nak, kertekbe szoliternek val\u00f3\u00a0<strong>d\u00edszfa<\/strong>.<\/span><\/p>\n<p>&nbsp;<\/p>\n<p>&nbsp;<\/p>","protected":false},"excerpt":{"rendered":"<p>A Malus Royalty,Bord\u00f3 level\u0171 d\u00edszalma kert\u00fcnk k\u00fcl\u00f6nleges d\u00edsze lehet. S\u00f6t\u00e9tv\u00f6r\u00f6sen marad\u00f3 lombja, felt\u0171n\u0151 k\u00e1rminv\u00f6r\u00f6s vir\u00e1gai miatt kedvelt d\u00edszfa.<\/p>\n<p>Kertbe, parkba \u00e9s sorf\u00e1nak is \u00fcltetik<\/p>\n<p>&nbsp;<\/p>\n<p><b>N\u00f6veked\u00e9s, alak:<\/b>\u00a0Lassan n\u00f6v\u0151 kism\u00e9ret\u0171 d\u00edszalma fa. 4-6 m magas, 4-5 m sz\u00e9les. Fiatalon karcs\u00fa, k\u00e9s\u0151bb kisz\u00e9lesed\u0151 habitus\u00fa.<br \/>\n<b>Lev\u00e9l:<\/b>\u00a0Toj\u00e1s alak\u00fa, 8 -12 cm-es, f\u00e9nyl\u0151 s\u00f6t\u00e9t barn\u00e1sv\u00f6r\u00f6s, a lev\u00e9l \u00e9le f\u0171r\u00e9szes.<br \/>\n<b>Vir\u00e1g:<\/b>\u00a0Egyszer\u0171, k\u00e1rminv\u00f6r\u00f6s, 3,5-4 cm-es, kor\u00e1n ny\u00edl\u00f3.<br \/>\n<b>Term\u00e9s:<\/b>\u00a0Hossz\u00fak\u00e1s, s\u00f6t\u00e9tv\u00f6r\u00f6s, 1,5 cm-es<br \/>\n<b>Term\u0151hely, ig\u00e9ny:<\/b>\u00a0A d\u00edszalm\u00e1k \u00e1ltal\u00e1ban a t\u00e1panyagban gazdag, nem t\u00fal sz\u00e1raz, 5-6,5pH \u00e9rt\u00e9k\u0171 talajokat kedvelik.<br \/>\n<b>Felhaszn\u00e1l\u00e1s:<\/b>\u00a0S\u00f6t\u00e9tv\u00f6r\u00f6sen marad\u00f3 lombja, felt\u0171n\u0151 k\u00e1rminv\u00f6r\u00f6s vir\u00e1gai miatt kedvelt d\u00edszfa. Kertbe, parkba \u00e9s sorf\u00e1nak is \u00fcltetik<\/p>","protected":false},"featured_media":912,"template":"","meta":{"_et_pb_use_builder":"","_et_pb_old_content":"","_et_gb_content_width":""},"product_brand":[],"product_cat":[28],"product_tag":[111,106,112],"class_list":{"0":"post-911","1":"product","2":"type-product","3":"status-publish","4":"has-post-thumbnail","6":"product_cat-diszfak","7":"product_tag-bordo-levelu-diszalma","8":"product_tag-diszalma","9":"product_tag-malus-royalty","11":"first","12":"outofstock","13":"shipping-taxable","14":"product-type-simple"},"yoast_head":"<!-- This site is optimized with the Yoast SEO plugin v27.3 - https:\/\/yoast.com\/product\/yoast-seo-wordpress\/ -->\n<title>Malus Royalty,Bord\u00f3 level\u0171 d\u00edszalma - T\u00e1jkert\u00e9sz<\/title>\n<meta name=\"description\" content=\"Kert\u00fcnk k\u00fcl\u00f6nleges d\u00edsze lehet a Malus Royalty, Bord\u00f3 level\u0171 d\u00edszalma.Legf\u0151bb d\u00edsz\u00edt\u0151 \u00e9rt\u00e9ke az eg\u00e9sz \u00e9vben bord\u00f3 lombozata.\" \/>\n<meta name=\"robots\" content=\"index, follow, max-snippet:-1, max-image-preview:large, max-video-preview:-1\" \/>\n<link rel=\"canonical\" href=\"https:\/\/tajkertesz.com\/en_US\/product\/malus-royaltybordo-levelu-diszalma\/\" \/>\n<meta property=\"og:locale\" content=\"en_US\" \/>\n<meta property=\"og:type\" content=\"article\" \/>\n<meta property=\"og:title\" content=\"Malus Royalty,Bord\u00f3 level\u0171 d\u00edszalma - T\u00e1jkert\u00e9sz\" \/>\n<meta property=\"og:description\" content=\"Kert\u00fcnk k\u00fcl\u00f6nleges d\u00edsze lehet a Malus Royalty, Bord\u00f3 level\u0171 d\u00edszalma.Legf\u0151bb d\u00edsz\u00edt\u0151 \u00e9rt\u00e9ke az eg\u00e9sz \u00e9vben bord\u00f3 lombozata.\" \/>\n<meta property=\"og:url\" content=\"https:\/\/tajkertesz.com\/en_US\/product\/malus-royaltybordo-levelu-diszalma\/\" \/>\n<meta property=\"og:site_name\" content=\"T\u00e1jkert\u00e9sz\" \/>\n<meta property=\"article:publisher\" content=\"https:\/\/www.facebook.com\/Tajkertesz\/\" \/>\n<meta property=\"article:modified_time\" content=\"2025-05-09T11:32:21+00:00\" \/>\n<meta property=\"og:image\" content=\"https:\/\/tajkertesz.com\/wp-content\/uploads\/2020\/02\/Malus-Royalty4.jpg\" \/>\n\t<meta property=\"og:image:width\" content=\"186\" \/>\n\t<meta property=\"og:image:height\" content=\"271\" \/>\n\t<meta property=\"og:image:type\" content=\"image\/jpeg\" \/>\n<meta name=\"twitter:card\" content=\"summary_large_image\" \/>\n<meta name=\"twitter:label1\" content=\"Est. reading time\" \/>\n\t<meta name=\"twitter:data1\" content=\"2 minutes\" \/>\n<script type=\"application\/ld+json\" class=\"yoast-schema-graph\">{\"@context\":\"https:\\\/\\\/schema.org\",\"@graph\":[{\"@type\":\"WebPage\",\"@id\":\"https:\\\/\\\/tajkertesz.com\\\/termek\\\/malus-royaltybordo-levelu-diszalma\\\/\",\"url\":\"https:\\\/\\\/tajkertesz.com\\\/termek\\\/malus-royaltybordo-levelu-diszalma\\\/\",\"name\":\"Malus Royalty,Bord\u00f3 level\u0171 d\u00edszalma - T\u00e1jkert\u00e9sz\",\"isPartOf\":{\"@id\":\"https:\\\/\\\/tajkertesz.com\\\/#website\"},\"primaryImageOfPage\":{\"@id\":\"https:\\\/\\\/tajkertesz.com\\\/termek\\\/malus-royaltybordo-levelu-diszalma\\\/#primaryimage\"},\"image\":{\"@id\":\"https:\\\/\\\/tajkertesz.com\\\/termek\\\/malus-royaltybordo-levelu-diszalma\\\/#primaryimage\"},\"thumbnailUrl\":\"https:\\\/\\\/tajkertesz.com\\\/wp-content\\\/uploads\\\/2020\\\/02\\\/Malus-Royalty4.jpg\",\"datePublished\":\"2020-02-18T13:07:04+00:00\",\"dateModified\":\"2025-05-09T11:32:21+00:00\",\"description\":\"Kert\u00fcnk k\u00fcl\u00f6nleges d\u00edsze lehet a Malus Royalty, Bord\u00f3 level\u0171 d\u00edszalma.Legf\u0151bb d\u00edsz\u00edt\u0151 \u00e9rt\u00e9ke az eg\u00e9sz \u00e9vben bord\u00f3 lombozata.\",\"breadcrumb\":{\"@id\":\"https:\\\/\\\/tajkertesz.com\\\/termek\\\/malus-royaltybordo-levelu-diszalma\\\/#breadcrumb\"},\"inLanguage\":\"en-US\",\"potentialAction\":[{\"@type\":\"ReadAction\",\"target\":[\"https:\\\/\\\/tajkertesz.com\\\/termek\\\/malus-royaltybordo-levelu-diszalma\\\/\"]}]},{\"@type\":\"ImageObject\",\"inLanguage\":\"en-US\",\"@id\":\"https:\\\/\\\/tajkertesz.com\\\/termek\\\/malus-royaltybordo-levelu-diszalma\\\/#primaryimage\",\"url\":\"https:\\\/\\\/tajkertesz.com\\\/wp-content\\\/uploads\\\/2020\\\/02\\\/Malus-Royalty4.jpg\",\"contentUrl\":\"https:\\\/\\\/tajkertesz.com\\\/wp-content\\\/uploads\\\/2020\\\/02\\\/Malus-Royalty4.jpg\",\"width\":186,\"height\":271},{\"@type\":\"BreadcrumbList\",\"@id\":\"https:\\\/\\\/tajkertesz.com\\\/termek\\\/malus-royaltybordo-levelu-diszalma\\\/#breadcrumb\",\"itemListElement\":[{\"@type\":\"ListItem\",\"position\":1,\"name\":\"Home\",\"item\":\"https:\\\/\\\/tajkertesz.com\\\/\"},{\"@type\":\"ListItem\",\"position\":2,\"name\":\"Kezd\u0151lap\",\"item\":\"https:\\\/\\\/tajkertesz.com\\\/\"},{\"@type\":\"ListItem\",\"position\":3,\"name\":\"Malus Royalty,Bord\u00f3 level\u0171 d\u00edszalma\"}]},{\"@type\":\"WebSite\",\"@id\":\"https:\\\/\\\/tajkertesz.com\\\/#website\",\"url\":\"https:\\\/\\\/tajkertesz.com\\\/\",\"name\":\"T\u00e1j-Kert\u00e9sz 84 Kft.\",\"description\":\"Kert\u00e9szeti kis- \u00e9s nagykeresked\u00e9s, D\u00edszn\u00f6v\u00e9ny web\u00e1ruh\u00e1z orsz\u00e1gos h\u00e1zhozsz\u00e1ll\u00edt\u00e1ssal!\",\"publisher\":{\"@id\":\"https:\\\/\\\/tajkertesz.com\\\/#organization\"},\"potentialAction\":[{\"@type\":\"SearchAction\",\"target\":{\"@type\":\"EntryPoint\",\"urlTemplate\":\"https:\\\/\\\/tajkertesz.com\\\/?s={search_term_string}\"},\"query-input\":{\"@type\":\"PropertyValueSpecification\",\"valueRequired\":true,\"valueName\":\"search_term_string\"}}],\"inLanguage\":\"en-US\"},{\"@type\":\"Organization\",\"@id\":\"https:\\\/\\\/tajkertesz.com\\\/#organization\",\"name\":\"T\u00e1j-Kert\u00e9sz 84 Kft.\",\"url\":\"https:\\\/\\\/tajkertesz.com\\\/\",\"logo\":{\"@type\":\"ImageObject\",\"inLanguage\":\"en-US\",\"@id\":\"https:\\\/\\\/tajkertesz.com\\\/#\\\/schema\\\/logo\\\/image\\\/\",\"url\":\"https:\\\/\\\/tajkertesz.com\\\/wp-content\\\/uploads\\\/2018\\\/02\\\/logo-2-e1518678052539.png\",\"contentUrl\":\"https:\\\/\\\/tajkertesz.com\\\/wp-content\\\/uploads\\\/2018\\\/02\\\/logo-2-e1518678052539.png\",\"width\":81,\"height\":140,\"caption\":\"T\u00e1j-Kert\u00e9sz 84 Kft.\"},\"image\":{\"@id\":\"https:\\\/\\\/tajkertesz.com\\\/#\\\/schema\\\/logo\\\/image\\\/\"},\"sameAs\":[\"https:\\\/\\\/www.facebook.com\\\/Tajkertesz\\\/\"]}]}<\/script>\n<!-- \/ Yoast SEO plugin. -->","yoast_head_json":{"title":"Malus Royalty,Bord\u00f3 level\u0171 d\u00edszalma - T\u00e1jkert\u00e9sz","description":"Kert\u00fcnk k\u00fcl\u00f6nleges d\u00edsze lehet a Malus Royalty, Bord\u00f3 level\u0171 d\u00edszalma.Legf\u0151bb d\u00edsz\u00edt\u0151 \u00e9rt\u00e9ke az eg\u00e9sz \u00e9vben bord\u00f3 lombozata.","robots":{"index":"index","follow":"follow","max-snippet":"max-snippet:-1","max-image-preview":"max-image-preview:large","max-video-preview":"max-video-preview:-1"},"canonical":"https:\/\/tajkertesz.com\/en_US\/product\/malus-royaltybordo-levelu-diszalma\/","og_locale":"en_US","og_type":"article","og_title":"Malus Royalty,Bord\u00f3 level\u0171 d\u00edszalma - T\u00e1jkert\u00e9sz","og_description":"Kert\u00fcnk k\u00fcl\u00f6nleges d\u00edsze lehet a Malus Royalty, Bord\u00f3 level\u0171 d\u00edszalma.Legf\u0151bb d\u00edsz\u00edt\u0151 \u00e9rt\u00e9ke az eg\u00e9sz \u00e9vben bord\u00f3 lombozata.","og_url":"https:\/\/tajkertesz.com\/en_US\/product\/malus-royaltybordo-levelu-diszalma\/","og_site_name":"T\u00e1jkert\u00e9sz","article_publisher":"https:\/\/www.facebook.com\/Tajkertesz\/","article_modified_time":"2025-05-09T11:32:21+00:00","og_image":[{"width":186,"height":271,"url":"https:\/\/tajkertesz.com\/wp-content\/uploads\/2020\/02\/Malus-Royalty4.jpg","type":"image\/jpeg"}],"twitter_card":"summary_large_image","twitter_misc":{"Est. reading time":"2 minutes"},"schema":{"@context":"https:\/\/schema.org","@graph":[{"@type":"WebPage","@id":"https:\/\/tajkertesz.com\/termek\/malus-royaltybordo-levelu-diszalma\/","url":"https:\/\/tajkertesz.com\/termek\/malus-royaltybordo-levelu-diszalma\/","name":"Malus Royalty,Bord\u00f3 level\u0171 d\u00edszalma - T\u00e1jkert\u00e9sz","isPartOf":{"@id":"https:\/\/tajkertesz.com\/#website"},"primaryImageOfPage":{"@id":"https:\/\/tajkertesz.com\/termek\/malus-royaltybordo-levelu-diszalma\/#primaryimage"},"image":{"@id":"https:\/\/tajkertesz.com\/termek\/malus-royaltybordo-levelu-diszalma\/#primaryimage"},"thumbnailUrl":"https:\/\/tajkertesz.com\/wp-content\/uploads\/2020\/02\/Malus-Royalty4.jpg","datePublished":"2020-02-18T13:07:04+00:00","dateModified":"2025-05-09T11:32:21+00:00","description":"Kert\u00fcnk k\u00fcl\u00f6nleges d\u00edsze lehet a Malus Royalty, Bord\u00f3 level\u0171 d\u00edszalma.Legf\u0151bb d\u00edsz\u00edt\u0151 \u00e9rt\u00e9ke az eg\u00e9sz \u00e9vben bord\u00f3 lombozata.","breadcrumb":{"@id":"https:\/\/tajkertesz.com\/termek\/malus-royaltybordo-levelu-diszalma\/#breadcrumb"},"inLanguage":"en-US","potentialAction":[{"@type":"ReadAction","target":["https:\/\/tajkertesz.com\/termek\/malus-royaltybordo-levelu-diszalma\/"]}]},{"@type":"ImageObject","inLanguage":"en-US","@id":"https:\/\/tajkertesz.com\/termek\/malus-royaltybordo-levelu-diszalma\/#primaryimage","url":"https:\/\/tajkertesz.com\/wp-content\/uploads\/2020\/02\/Malus-Royalty4.jpg","contentUrl":"https:\/\/tajkertesz.com\/wp-content\/uploads\/2020\/02\/Malus-Royalty4.jpg","width":186,"height":271},{"@type":"BreadcrumbList","@id":"https:\/\/tajkertesz.com\/termek\/malus-royaltybordo-levelu-diszalma\/#breadcrumb","itemListElement":[{"@type":"ListItem","position":1,"name":"Home","item":"https:\/\/tajkertesz.com\/"},{"@type":"ListItem","position":2,"name":"Kezd\u0151lap","item":"https:\/\/tajkertesz.com\/"},{"@type":"ListItem","position":3,"name":"Malus Royalty,Bord\u00f3 level\u0171 d\u00edszalma"}]},{"@type":"WebSite","@id":"https:\/\/tajkertesz.com\/#website","url":"https:\/\/tajkertesz.com\/","name":"T\u00e1j-Kert\u00e9sz 84 Kft.","description":"Kert\u00e9szeti kis- \u00e9s nagykeresked\u00e9s, D\u00edszn\u00f6v\u00e9ny web\u00e1ruh\u00e1z orsz\u00e1gos h\u00e1zhozsz\u00e1ll\u00edt\u00e1ssal!","publisher":{"@id":"https:\/\/tajkertesz.com\/#organization"},"potentialAction":[{"@type":"SearchAction","target":{"@type":"EntryPoint","urlTemplate":"https:\/\/tajkertesz.com\/?s={search_term_string}"},"query-input":{"@type":"PropertyValueSpecification","valueRequired":true,"valueName":"search_term_string"}}],"inLanguage":"en-US"},{"@type":"Organization","@id":"https:\/\/tajkertesz.com\/#organization","name":"T\u00e1j-Kert\u00e9sz 84 Kft.","url":"https:\/\/tajkertesz.com\/","logo":{"@type":"ImageObject","inLanguage":"en-US","@id":"https:\/\/tajkertesz.com\/#\/schema\/logo\/image\/","url":"https:\/\/tajkertesz.com\/wp-content\/uploads\/2018\/02\/logo-2-e1518678052539.png","contentUrl":"https:\/\/tajkertesz.com\/wp-content\/uploads\/2018\/02\/logo-2-e1518678052539.png","width":81,"height":140,"caption":"T\u00e1j-Kert\u00e9sz 84 Kft."},"image":{"@id":"https:\/\/tajkertesz.com\/#\/schema\/logo\/image\/"},"sameAs":["https:\/\/www.facebook.com\/Tajkertesz\/"]}]}},"_links":{"self":[{"href":"https:\/\/tajkertesz.com\/en_US\/wp-json\/wp\/v2\/product\/911","targetHints":{"allow":["GET"]}}],"collection":[{"href":"https:\/\/tajkertesz.com\/en_US\/wp-json\/wp\/v2\/product"}],"about":[{"href":"https:\/\/tajkertesz.com\/en_US\/wp-json\/wp\/v2\/types\/product"}],"wp:featuredmedia":[{"embeddable":true,"href":"https:\/\/tajkertesz.com\/en_US\/wp-json\/wp\/v2\/media\/912"}],"wp:attachment":[{"href":"https:\/\/tajkertesz.com\/en_US\/wp-json\/wp\/v2\/media?parent=911"}],"wp:term":[{"taxonomy":"product_brand","embeddable":true,"href":"https:\/\/tajkertesz.com\/en_US\/wp-json\/wp\/v2\/product_brand?post=911"},{"taxonomy":"product_cat","embeddable":true,"href":"https:\/\/tajkertesz.com\/en_US\/wp-json\/wp\/v2\/product_cat?post=911"},{"taxonomy":"product_tag","embeddable":true,"href":"https:\/\/tajkertesz.com\/en_US\/wp-json\/wp\/v2\/product_tag?post=911"}],"curies":[{"name":"wp","href":"https:\/\/api.w.org\/{rel}","templated":true}]}}