{"id":9112,"date":"2021-09-15T07:34:37","date_gmt":"2021-09-15T07:34:37","guid":{"rendered":"https:\/\/tajkertesz.com\/?post_type=product&#038;p=9112"},"modified":"2026-02-16T15:11:08","modified_gmt":"2026-02-16T15:11:08","slug":"anemone-de-caen-sylphide-koronas-szellorozsa","status":"publish","type":"product","link":"https:\/\/tajkertesz.com\/en_US\/product\/anemone-de-caen-sylphide-koronas-szellorozsa\/","title":{"rendered":"Anemone de Caen Sylphide &#8211; Koron\u00e1s szell\u0151r\u00f3zsa"},"content":{"rendered":"<h1 class=\"product_title entry-title\">Anemone de Caen Sylphide &#8211; Koron\u00e1s szell\u0151r\u00f3zsa<\/h1>\n<p data-start=\"285\" data-end=\"574\">Az Anemone de Caen Sylphide &#8211; Koron\u00e1s szell\u0151r\u00f3zsa egy felt\u0171n\u0151, lil\u00e1s-r\u00f3zsasz\u00edn szirm\u00fa fajta,\u00a0amely romantikus, \u00e9l\u00e9nk sz\u00ednfoltot visz b\u00e1rmilyen kertbe vagy balkonl\u00e1d\u00e1ba. S\u00f6t\u00e9t porz\u00f3i \u00e9s telt szirmai er\u0151teljes kontrasztot alkotnak, \u00edgy igaz\u00e1n k\u00fcl\u00f6nleges l\u00e1tv\u00e1nyt ny\u00fajtanak vir\u00e1gz\u00e1s idej\u00e9n.<\/p>\n<p data-start=\"576\" data-end=\"753\">T\u00f6k\u00e9letes v\u00e1laszt\u00e1s <strong data-start=\"596\" data-end=\"639\">\u00e1gy\u00e1sokba, sziklakertekbe, balkonl\u00e1d\u00e1ba<\/strong> vagy v\u00e1gott vir\u00e1gnak is. Hossz\u00fa vir\u00e1gz\u00e1si ideje \u00e9s k\u00f6nny\u0171 gondozhat\u00f3s\u00e1ga miatt nagyon n\u00e9pszer\u0171 vir\u00e1ghagyma fajta.<\/p>\n<p data-start=\"755\" data-end=\"1111\">\ud83d\udd39 <strong data-start=\"758\" data-end=\"775\">\u00dcltet\u00e9si id\u0151:<\/strong> tavasz elej\u00e9n vagy \u0151sszel<br data-start=\"801\" data-end=\"804\" \/>\ud83d\udd39 <strong data-start=\"807\" data-end=\"825\">Vir\u00e1gz\u00e1si id\u0151:<\/strong> \u00e1prilist\u00f3l j\u00faniusig<br data-start=\"845\" data-end=\"848\" \/>\ud83d\udd39 <strong data-start=\"851\" data-end=\"864\">Magass\u00e1g:<\/strong> kb. 25-30 cm<br data-start=\"877\" data-end=\"880\" \/>\ud83d\udd39 <strong data-start=\"883\" data-end=\"897\">F\u00e9nyig\u00e9ny:<\/strong> napos vagy f\u00e9l\u00e1rny\u00e9kos hely<br data-start=\"925\" data-end=\"928\" \/>\ud83d\udd39 <strong data-start=\"931\" data-end=\"941\">Talaj:<\/strong> j\u00f3 v\u00edz\u00e1tereszt\u0151, humuszos<br data-start=\"967\" data-end=\"970\" \/>\ud83d\udd39 <strong data-start=\"973\" data-end=\"990\">Felhaszn\u00e1l\u00e1s:<\/strong> v\u00e1gott vir\u00e1g, szeg\u00e9lyn\u00f6v\u00e9ny, balkon, sziklakert<br data-start=\"1038\" data-end=\"1041\" \/>\ud83d\udd39 <strong data-start=\"1044\" data-end=\"1059\">T\u00e9l\u00e1ll\u00f3s\u00e1g:<\/strong> m\u00e9rs\u00e9kelten \u2013 fagyv\u00e9delmet ig\u00e9nyel vagy teleltet\u00e9st<\/p>\n<p><strong>Amennyiben nagyobb mennyis\u00e9gre lenne sz\u00fcks\u00e9g, vegye fel vel\u00fcnk a kapcsolatot!<\/strong><\/p>\n<h4><strong>\ud83d\udd04 K\u00e9szletinform\u00e1ci\u00f3<\/strong><\/h4>\n<p><strong>K\u00e9szlet\u00fcnk napi szinten v\u00e1ltozik, \u00edgy a webshopban szerepl<\/strong><strong>\u0151<\/strong><strong>\u00a0term\u00e9kek el\u00e9rhet<\/strong><strong>\u0151<\/strong><strong>s\u00e9ge nem garant\u00e1lt.<br \/>\n\ud83d\udcde A megrendel\u00e9s el<\/strong><strong>\u0151<\/strong><strong>tt k\u00e9rj\u00fck, \u00e9rdekl<\/strong><strong>\u0151<\/strong><strong>dj\u00f6n szem\u00e9lyesen, telefonon vagy e-mailben!<\/strong><\/p>\n<h4><strong>\u27a1\ufe0f Kapcsolat:<\/strong><\/h4>\n<ul>\n<li><strong>Weboldal:\u00a0<\/strong><a href=\"https:\/\/tajkertesz.com\/\"><strong>tajkertesz.com<\/strong><\/a><\/li>\n<li><strong>Facebook:\u00a0<\/strong><a href=\"https:\/\/www.facebook.com\/tajkertesz\/\"><strong>facebook.com\/tajkertesz<\/strong><\/a><\/li>\n<li><strong>Telefonsz\u00e1m, e-mail: +36\/20-319-3770\u00a0<\/strong><a href=\"mailto:tajkerteszaruda@gmail.com\"><strong>tajkerteszaruda@gmail.com<\/strong><\/a><\/li>\n<\/ul>\n<h4><strong>\ud83d\ude9a Sz\u00e1ll\u00edt\u00e1si inform\u00e1ci\u00f3k<\/strong><\/h4>\n<p><strong>A megrendelt n\u00f6v\u00e9nyek kisz\u00e1ll\u00edt\u00e1sa az al\u00e1bbi felt\u00e9telek mellett t\u00f6rt\u00e9nik:<\/strong><\/p>\n<h4><strong>\ud83d\udce6 Fut\u00e1rszolg\u00e1latos sz\u00e1ll\u00edt\u00e1s<\/strong><\/h4>\n<ul>\n<li><strong>Maxim\u00e1lis m\u00e9ret: 200 cm (hossz\u00fas\u00e1g)<\/strong><\/li>\n<li><strong>Maxim\u00e1lis s\u00faly: 40 kg<\/strong><\/li>\n<li><strong>Az enn\u00e9l kisebb \u00e9s k\u00f6nnyebb csomagokat fut\u00e1rszolg\u00e1lattal k\u00e9zbes\u00edtj\u00fck a lehet<\/strong><strong>\u0151<\/strong><strong>\u00a0legbiztons\u00e1gosabb csomagol\u00e1sban.<\/strong><\/li>\n<\/ul>\n<h4><strong>\ud83d\udefb Szem\u00e9lyes \u00e1tv\u00e9tel<\/strong><\/h4>\n<ul>\n<li><strong>1173 Budapest, Bakancsos utca 7. sz\u00e1m alatt nyitvatart\u00e1si id<\/strong><strong>\u0151<\/strong><strong>ben szem\u00e9lyesen \u00e1tvehet<\/strong><strong>\u0151<\/strong><strong>\u00a0kert\u00e9szeti \u00e1rud\u00e1nkban.<\/strong><\/li>\n<li><strong>K\u00f6lts\u00e9ghat\u00e9kony megold\u00e1s nagyobb, t\u00f6r\u00e9kenyebb vagy t\u00falm\u00e9retes n\u00f6v\u00e9nyek eset\u00e9n.<\/strong><\/li>\n<\/ul>\n<h4><strong>\ud83d\udcde Nagy m\u00e9ret<\/strong><strong>\u0171<\/strong><strong>\u00a0vagy s\u00faly\u00fa n\u00f6v\u00e9nyek eset\u00e9n<\/strong><\/h4>\n<p><strong>Ha a term\u00e9k:<\/strong><\/p>\n<ul>\n<li><strong>meghaladja a 200 cm hossz\u00fas\u00e1got vagy<\/strong><\/li>\n<li><strong>meghaladja a 40 kg s\u00falyt,<\/strong><\/li>\n<\/ul>\n<p><strong>akkor szem\u00e9lyes \u00e1tv\u00e9tellel vagy egyedi, el<\/strong><strong>\u0151<\/strong><strong>re egyeztetett sz\u00e1ll\u00edt\u00e1si felt\u00e9telek mellett t\u00f6rt\u00e9nik.<br \/>\nK\u00e9rj\u00fck, ilyen esetben rendel\u00e9s el<\/strong><strong>\u0151<\/strong><strong>tt vegye fel vel\u00fcnk a kapcsolatot, hogy a lehet<\/strong><strong>\u0151<\/strong><strong>\u00a0legmegfelel<\/strong><strong>\u0151<\/strong><strong>bb sz\u00e1ll\u00edt\u00e1si megold\u00e1st k\u00edn\u00e1lhassuk.<\/strong><\/p>\n<p><strong>\ud83d\udd14 Fontos: A n\u00f6v\u00e9nyeket minden esetben igyeksz\u00fcnk gondosan, egyes\u00e9vel csomagolni, azonban a sz\u00e1ll\u00edt\u00e1s sor\u00e1n kisebb eszt\u00e9tikai s\u00e9r\u00fcl\u00e9sek el<\/strong><strong>\u0151<\/strong><strong>fordulhatnak (pl. lev\u00e9lhull\u00e1s). Ez nem min<\/strong><strong>\u0151<\/strong><strong>s\u00fcl hib\u00e1s teljes\u00edt\u00e9snek.<\/strong><\/p>\n<h4><strong>\ud83d\udcf7 Fontos tudni a k\u00e9pekr<\/strong><strong>\u0151<\/strong><strong>l<\/strong><\/h4>\n<p><strong>A webshopban szerepl<\/strong><strong>\u0151<\/strong><strong>\u00a0k\u00e9pek illusztr\u00e1ci\u00f3k, a n\u00f6v\u00e9nyek term\u00e9szet\u00fckn\u00e9l fogva egyediek, \u00edgy m\u00e9retben, alakban \u00e9s sz\u00ednben minim\u00e1lis elt\u00e9r\u00e9sek el<\/strong><strong>\u0151<\/strong><strong>fordulhatnak a k\u00e9pen l\u00e1that\u00f3 \u00e9s a val\u00f3s p\u00e9ld\u00e1nyok k\u00f6z\u00f6tt.<\/strong><\/p>\n<h4><strong>\ud83e\uddfe \u00c1rak \u00e9s el\u00e1ll\u00e1si jog<\/strong><\/h4>\n<ul>\n<li><strong>Az \u00e1rak egy darab\u00a0n\u00f6v\u00e9nyre vonatkoznak.<\/strong><\/li>\n<li><strong>\u00c9l<\/strong><strong>\u0151<\/strong><strong>\u00a0n\u00f6v\u00e9nyek rendel\u00e9se eset\u00e9n a 14 napos el\u00e1ll\u00e1s joga nem \u00e9rv\u00e9nyes\u00edthet<\/strong><strong>\u0151<\/strong><strong>, mivel azok romland\u00f3, biol\u00f3giailag \u00e9l<\/strong><strong>\u0151<\/strong><strong>\u00a0term\u00e9keknek min<\/strong><strong>\u0151<\/strong><strong>s\u00fclnek.<br \/>\n\ud83d\udd12 (17\/1999. (II. 5.) Korm. rendelet 5. \u00a7 c) pontja alapj\u00e1n)<\/strong><\/li>\n<\/ul>\n<h4><strong>\ud83d\udce6 K\u00e9zbes\u00edt\u00e9s ut\u00e1ni teend<\/strong><strong>\u0151<\/strong><strong>k<\/strong><\/h4>\n<p><strong>A k\u00e9zbes\u00edt\u00e9st k\u00f6vet<\/strong><strong>\u0151<\/strong><strong>en a csomagot azonnal bontsuk ki, \u00e9s a n\u00f6v\u00e9nyt helyezz\u00fck el megfelel<\/strong><strong>\u0151<\/strong><strong>\u00a0k\u00f6rnyezetben.<br \/>\nFontos: ha a n\u00f6v\u00e9ny nem r\u00e9szes\u00fcl megfelel<\/strong><strong>\u0151<\/strong><strong>\u00a0gondoz\u00e1sban \u00e9s ennek k\u00f6vetkezt\u00e9ben k\u00e1rosodik vagy elpusztul, felel<\/strong><strong>\u0151<\/strong><strong>ss\u00e9get nem tudunk v\u00e1llalni.<\/strong><\/p>\n<p><strong>\u00a0<\/strong><\/p>\n<p>&nbsp;<\/p>","protected":false},"excerpt":{"rendered":"<p>Lil\u00e1s-r\u00f3zsasz\u00edn vir\u00e1g\u00fa Anemone de Caen &#8216;Sylphide&#8217; szell\u0151r\u00f3zsa \u2013 eleg\u00e1ns, kontrasztos megjelen\u00e9s\u0171 vir\u00e1ghagyma balkonra, \u00e1gy\u00e1sba vagy v\u00e1z\u00e1ba.<\/p>","protected":false},"featured_media":9113,"template":"","meta":{"_et_pb_use_builder":"","_et_pb_old_content":"","_et_gb_content_width":""},"product_brand":[],"product_cat":[3857],"product_tag":[3848,6280,6283,5922,6279,6282,6291,5990,5934,6290,3849,6215,6285,6272,6256,6284],"class_list":{"0":"post-9112","1":"product","2":"type-product","3":"status-publish","4":"has-post-thumbnail","6":"product_cat-viraghagyma-dughagyma","7":"product_tag-anemone","8":"product_tag-anemone-de-caen","9":"product_tag-balkon-noveny","10":"product_tag-evelo-noveny","11":"product_tag-kerti-virag","12":"product_tag-koronas-szellorozsa","13":"product_tag-lila-virag","14":"product_tag-nyari-viragzas","15":"product_tag-rozsaszin-virag","16":"product_tag-sylphide","17":"product_tag-szellorozsa","18":"product_tag-sziklakerti-noveny","19":"product_tag-tavaszi-ultetes","20":"product_tag-tavaszi-viraghagyma","21":"product_tag-vagott-virag","22":"product_tag-viraghagyma","24":"first","25":"outofstock","26":"shipping-taxable","27":"product-type-simple"},"yoast_head":"<!-- This site is optimized with the Yoast SEO plugin v27.3 - https:\/\/yoast.com\/product\/yoast-seo-wordpress\/ -->\n<title>Anemone de Caen Sylphide - Koron\u00e1s szell\u0151r\u00f3zsa - T\u00e1jkert\u00e9sz<\/title>\n<meta name=\"description\" content=\"Anemone de Caen Sylphide - Koron\u00e1s szell\u0151r\u00f3zsa K\u00fcl\u00f6nleges megjelen\u00e9s, tavaszi \u00fcltet\u00e9shez, balkonl\u00e1d\u00e1ba \u00e9s vir\u00e1g\u00e1gy\u00e1sba is t\u00f6k\u00e9letes.\" \/>\n<meta name=\"robots\" content=\"index, follow, max-snippet:-1, max-image-preview:large, max-video-preview:-1\" \/>\n<link rel=\"canonical\" href=\"https:\/\/tajkertesz.com\/en_US\/product\/anemone-de-caen-sylphide-koronas-szellorozsa\/\" \/>\n<meta property=\"og:locale\" content=\"en_US\" \/>\n<meta property=\"og:type\" content=\"article\" \/>\n<meta property=\"og:title\" content=\"Anemone de Caen Sylphide - Koron\u00e1s szell\u0151r\u00f3zsa - T\u00e1jkert\u00e9sz\" \/>\n<meta property=\"og:description\" content=\"Anemone de Caen Sylphide - Koron\u00e1s szell\u0151r\u00f3zsa K\u00fcl\u00f6nleges megjelen\u00e9s, tavaszi \u00fcltet\u00e9shez, balkonl\u00e1d\u00e1ba \u00e9s vir\u00e1g\u00e1gy\u00e1sba is t\u00f6k\u00e9letes.\" \/>\n<meta property=\"og:url\" content=\"https:\/\/tajkertesz.com\/en_US\/product\/anemone-de-caen-sylphide-koronas-szellorozsa\/\" \/>\n<meta property=\"og:site_name\" content=\"T\u00e1jkert\u00e9sz\" \/>\n<meta property=\"article:publisher\" content=\"https:\/\/www.facebook.com\/Tajkertesz\/\" \/>\n<meta property=\"article:modified_time\" content=\"2026-02-16T15:11:08+00:00\" \/>\n<meta property=\"og:image\" content=\"https:\/\/tajkertesz.com\/wp-content\/uploads\/2021\/09\/Koron__s_szell_-lil.jpg\" \/>\n\t<meta property=\"og:image:width\" content=\"381\" \/>\n\t<meta property=\"og:image:height\" content=\"600\" \/>\n\t<meta property=\"og:image:type\" content=\"image\/jpeg\" \/>\n<meta name=\"twitter:card\" content=\"summary_large_image\" \/>\n<meta name=\"twitter:label1\" content=\"Est. reading time\" \/>\n\t<meta name=\"twitter:data1\" content=\"3 minutes\" \/>\n<script type=\"application\/ld+json\" class=\"yoast-schema-graph\">{\"@context\":\"https:\\\/\\\/schema.org\",\"@graph\":[{\"@type\":\"WebPage\",\"@id\":\"https:\\\/\\\/tajkertesz.com\\\/termek\\\/anemone-de-caen-sylphide-koronas-szellorozsa\\\/\",\"url\":\"https:\\\/\\\/tajkertesz.com\\\/termek\\\/anemone-de-caen-sylphide-koronas-szellorozsa\\\/\",\"name\":\"Anemone de Caen Sylphide - Koron\u00e1s szell\u0151r\u00f3zsa - T\u00e1jkert\u00e9sz\",\"isPartOf\":{\"@id\":\"https:\\\/\\\/tajkertesz.com\\\/#website\"},\"primaryImageOfPage\":{\"@id\":\"https:\\\/\\\/tajkertesz.com\\\/termek\\\/anemone-de-caen-sylphide-koronas-szellorozsa\\\/#primaryimage\"},\"image\":{\"@id\":\"https:\\\/\\\/tajkertesz.com\\\/termek\\\/anemone-de-caen-sylphide-koronas-szellorozsa\\\/#primaryimage\"},\"thumbnailUrl\":\"https:\\\/\\\/tajkertesz.com\\\/wp-content\\\/uploads\\\/2021\\\/09\\\/Koron__s_szell_-lil.jpg\",\"datePublished\":\"2021-09-15T07:34:37+00:00\",\"dateModified\":\"2026-02-16T15:11:08+00:00\",\"description\":\"Anemone de Caen Sylphide - Koron\u00e1s szell\u0151r\u00f3zsa K\u00fcl\u00f6nleges megjelen\u00e9s, tavaszi \u00fcltet\u00e9shez, balkonl\u00e1d\u00e1ba \u00e9s vir\u00e1g\u00e1gy\u00e1sba is t\u00f6k\u00e9letes.\",\"breadcrumb\":{\"@id\":\"https:\\\/\\\/tajkertesz.com\\\/termek\\\/anemone-de-caen-sylphide-koronas-szellorozsa\\\/#breadcrumb\"},\"inLanguage\":\"en-US\",\"potentialAction\":[{\"@type\":\"ReadAction\",\"target\":[\"https:\\\/\\\/tajkertesz.com\\\/termek\\\/anemone-de-caen-sylphide-koronas-szellorozsa\\\/\"]}]},{\"@type\":\"ImageObject\",\"inLanguage\":\"en-US\",\"@id\":\"https:\\\/\\\/tajkertesz.com\\\/termek\\\/anemone-de-caen-sylphide-koronas-szellorozsa\\\/#primaryimage\",\"url\":\"https:\\\/\\\/tajkertesz.com\\\/wp-content\\\/uploads\\\/2021\\\/09\\\/Koron__s_szell_-lil.jpg\",\"contentUrl\":\"https:\\\/\\\/tajkertesz.com\\\/wp-content\\\/uploads\\\/2021\\\/09\\\/Koron__s_szell_-lil.jpg\",\"width\":381,\"height\":600,\"caption\":\"Anemone de Caen Sylphide - Koron\u00e1s szell\u0151r\u00f3zsa\"},{\"@type\":\"BreadcrumbList\",\"@id\":\"https:\\\/\\\/tajkertesz.com\\\/termek\\\/anemone-de-caen-sylphide-koronas-szellorozsa\\\/#breadcrumb\",\"itemListElement\":[{\"@type\":\"ListItem\",\"position\":1,\"name\":\"Home\",\"item\":\"https:\\\/\\\/tajkertesz.com\\\/\"},{\"@type\":\"ListItem\",\"position\":2,\"name\":\"Kezd\u0151lap\",\"item\":\"https:\\\/\\\/tajkertesz.com\\\/\"},{\"@type\":\"ListItem\",\"position\":3,\"name\":\"Anemone de Caen Sylphide &#8211; Koron\u00e1s szell\u0151r\u00f3zsa\"}]},{\"@type\":\"WebSite\",\"@id\":\"https:\\\/\\\/tajkertesz.com\\\/#website\",\"url\":\"https:\\\/\\\/tajkertesz.com\\\/\",\"name\":\"T\u00e1j-Kert\u00e9sz 84 Kft.\",\"description\":\"Kert\u00e9szeti kis- \u00e9s nagykeresked\u00e9s, D\u00edszn\u00f6v\u00e9ny web\u00e1ruh\u00e1z orsz\u00e1gos h\u00e1zhozsz\u00e1ll\u00edt\u00e1ssal!\",\"publisher\":{\"@id\":\"https:\\\/\\\/tajkertesz.com\\\/#organization\"},\"potentialAction\":[{\"@type\":\"SearchAction\",\"target\":{\"@type\":\"EntryPoint\",\"urlTemplate\":\"https:\\\/\\\/tajkertesz.com\\\/?s={search_term_string}\"},\"query-input\":{\"@type\":\"PropertyValueSpecification\",\"valueRequired\":true,\"valueName\":\"search_term_string\"}}],\"inLanguage\":\"en-US\"},{\"@type\":\"Organization\",\"@id\":\"https:\\\/\\\/tajkertesz.com\\\/#organization\",\"name\":\"T\u00e1j-Kert\u00e9sz 84 Kft.\",\"url\":\"https:\\\/\\\/tajkertesz.com\\\/\",\"logo\":{\"@type\":\"ImageObject\",\"inLanguage\":\"en-US\",\"@id\":\"https:\\\/\\\/tajkertesz.com\\\/#\\\/schema\\\/logo\\\/image\\\/\",\"url\":\"https:\\\/\\\/tajkertesz.com\\\/wp-content\\\/uploads\\\/2018\\\/02\\\/logo-2-e1518678052539.png\",\"contentUrl\":\"https:\\\/\\\/tajkertesz.com\\\/wp-content\\\/uploads\\\/2018\\\/02\\\/logo-2-e1518678052539.png\",\"width\":81,\"height\":140,\"caption\":\"T\u00e1j-Kert\u00e9sz 84 Kft.\"},\"image\":{\"@id\":\"https:\\\/\\\/tajkertesz.com\\\/#\\\/schema\\\/logo\\\/image\\\/\"},\"sameAs\":[\"https:\\\/\\\/www.facebook.com\\\/Tajkertesz\\\/\"]}]}<\/script>\n<!-- \/ Yoast SEO plugin. -->","yoast_head_json":{"title":"Anemone de Caen Sylphide - Koron\u00e1s szell\u0151r\u00f3zsa - T\u00e1jkert\u00e9sz","description":"Anemone de Caen Sylphide - Koron\u00e1s szell\u0151r\u00f3zsa K\u00fcl\u00f6nleges megjelen\u00e9s, tavaszi \u00fcltet\u00e9shez, balkonl\u00e1d\u00e1ba \u00e9s vir\u00e1g\u00e1gy\u00e1sba is t\u00f6k\u00e9letes.","robots":{"index":"index","follow":"follow","max-snippet":"max-snippet:-1","max-image-preview":"max-image-preview:large","max-video-preview":"max-video-preview:-1"},"canonical":"https:\/\/tajkertesz.com\/en_US\/product\/anemone-de-caen-sylphide-koronas-szellorozsa\/","og_locale":"en_US","og_type":"article","og_title":"Anemone de Caen Sylphide - Koron\u00e1s szell\u0151r\u00f3zsa - T\u00e1jkert\u00e9sz","og_description":"Anemone de Caen Sylphide - Koron\u00e1s szell\u0151r\u00f3zsa K\u00fcl\u00f6nleges megjelen\u00e9s, tavaszi \u00fcltet\u00e9shez, balkonl\u00e1d\u00e1ba \u00e9s vir\u00e1g\u00e1gy\u00e1sba is t\u00f6k\u00e9letes.","og_url":"https:\/\/tajkertesz.com\/en_US\/product\/anemone-de-caen-sylphide-koronas-szellorozsa\/","og_site_name":"T\u00e1jkert\u00e9sz","article_publisher":"https:\/\/www.facebook.com\/Tajkertesz\/","article_modified_time":"2026-02-16T15:11:08+00:00","og_image":[{"width":381,"height":600,"url":"https:\/\/tajkertesz.com\/wp-content\/uploads\/2021\/09\/Koron__s_szell_-lil.jpg","type":"image\/jpeg"}],"twitter_card":"summary_large_image","twitter_misc":{"Est. reading time":"3 minutes"},"schema":{"@context":"https:\/\/schema.org","@graph":[{"@type":"WebPage","@id":"https:\/\/tajkertesz.com\/termek\/anemone-de-caen-sylphide-koronas-szellorozsa\/","url":"https:\/\/tajkertesz.com\/termek\/anemone-de-caen-sylphide-koronas-szellorozsa\/","name":"Anemone de Caen Sylphide - Koron\u00e1s szell\u0151r\u00f3zsa - T\u00e1jkert\u00e9sz","isPartOf":{"@id":"https:\/\/tajkertesz.com\/#website"},"primaryImageOfPage":{"@id":"https:\/\/tajkertesz.com\/termek\/anemone-de-caen-sylphide-koronas-szellorozsa\/#primaryimage"},"image":{"@id":"https:\/\/tajkertesz.com\/termek\/anemone-de-caen-sylphide-koronas-szellorozsa\/#primaryimage"},"thumbnailUrl":"https:\/\/tajkertesz.com\/wp-content\/uploads\/2021\/09\/Koron__s_szell_-lil.jpg","datePublished":"2021-09-15T07:34:37+00:00","dateModified":"2026-02-16T15:11:08+00:00","description":"Anemone de Caen Sylphide - Koron\u00e1s szell\u0151r\u00f3zsa K\u00fcl\u00f6nleges megjelen\u00e9s, tavaszi \u00fcltet\u00e9shez, balkonl\u00e1d\u00e1ba \u00e9s vir\u00e1g\u00e1gy\u00e1sba is t\u00f6k\u00e9letes.","breadcrumb":{"@id":"https:\/\/tajkertesz.com\/termek\/anemone-de-caen-sylphide-koronas-szellorozsa\/#breadcrumb"},"inLanguage":"en-US","potentialAction":[{"@type":"ReadAction","target":["https:\/\/tajkertesz.com\/termek\/anemone-de-caen-sylphide-koronas-szellorozsa\/"]}]},{"@type":"ImageObject","inLanguage":"en-US","@id":"https:\/\/tajkertesz.com\/termek\/anemone-de-caen-sylphide-koronas-szellorozsa\/#primaryimage","url":"https:\/\/tajkertesz.com\/wp-content\/uploads\/2021\/09\/Koron__s_szell_-lil.jpg","contentUrl":"https:\/\/tajkertesz.com\/wp-content\/uploads\/2021\/09\/Koron__s_szell_-lil.jpg","width":381,"height":600,"caption":"Anemone de Caen Sylphide - Koron\u00e1s szell\u0151r\u00f3zsa"},{"@type":"BreadcrumbList","@id":"https:\/\/tajkertesz.com\/termek\/anemone-de-caen-sylphide-koronas-szellorozsa\/#breadcrumb","itemListElement":[{"@type":"ListItem","position":1,"name":"Home","item":"https:\/\/tajkertesz.com\/"},{"@type":"ListItem","position":2,"name":"Kezd\u0151lap","item":"https:\/\/tajkertesz.com\/"},{"@type":"ListItem","position":3,"name":"Anemone de Caen Sylphide &#8211; Koron\u00e1s szell\u0151r\u00f3zsa"}]},{"@type":"WebSite","@id":"https:\/\/tajkertesz.com\/#website","url":"https:\/\/tajkertesz.com\/","name":"T\u00e1j-Kert\u00e9sz 84 Kft.","description":"Kert\u00e9szeti kis- \u00e9s nagykeresked\u00e9s, D\u00edszn\u00f6v\u00e9ny web\u00e1ruh\u00e1z orsz\u00e1gos h\u00e1zhozsz\u00e1ll\u00edt\u00e1ssal!","publisher":{"@id":"https:\/\/tajkertesz.com\/#organization"},"potentialAction":[{"@type":"SearchAction","target":{"@type":"EntryPoint","urlTemplate":"https:\/\/tajkertesz.com\/?s={search_term_string}"},"query-input":{"@type":"PropertyValueSpecification","valueRequired":true,"valueName":"search_term_string"}}],"inLanguage":"en-US"},{"@type":"Organization","@id":"https:\/\/tajkertesz.com\/#organization","name":"T\u00e1j-Kert\u00e9sz 84 Kft.","url":"https:\/\/tajkertesz.com\/","logo":{"@type":"ImageObject","inLanguage":"en-US","@id":"https:\/\/tajkertesz.com\/#\/schema\/logo\/image\/","url":"https:\/\/tajkertesz.com\/wp-content\/uploads\/2018\/02\/logo-2-e1518678052539.png","contentUrl":"https:\/\/tajkertesz.com\/wp-content\/uploads\/2018\/02\/logo-2-e1518678052539.png","width":81,"height":140,"caption":"T\u00e1j-Kert\u00e9sz 84 Kft."},"image":{"@id":"https:\/\/tajkertesz.com\/#\/schema\/logo\/image\/"},"sameAs":["https:\/\/www.facebook.com\/Tajkertesz\/"]}]}},"_links":{"self":[{"href":"https:\/\/tajkertesz.com\/en_US\/wp-json\/wp\/v2\/product\/9112","targetHints":{"allow":["GET"]}}],"collection":[{"href":"https:\/\/tajkertesz.com\/en_US\/wp-json\/wp\/v2\/product"}],"about":[{"href":"https:\/\/tajkertesz.com\/en_US\/wp-json\/wp\/v2\/types\/product"}],"wp:featuredmedia":[{"embeddable":true,"href":"https:\/\/tajkertesz.com\/en_US\/wp-json\/wp\/v2\/media\/9113"}],"wp:attachment":[{"href":"https:\/\/tajkertesz.com\/en_US\/wp-json\/wp\/v2\/media?parent=9112"}],"wp:term":[{"taxonomy":"product_brand","embeddable":true,"href":"https:\/\/tajkertesz.com\/en_US\/wp-json\/wp\/v2\/product_brand?post=9112"},{"taxonomy":"product_cat","embeddable":true,"href":"https:\/\/tajkertesz.com\/en_US\/wp-json\/wp\/v2\/product_cat?post=9112"},{"taxonomy":"product_tag","embeddable":true,"href":"https:\/\/tajkertesz.com\/en_US\/wp-json\/wp\/v2\/product_tag?post=9112"}],"curies":[{"name":"wp","href":"https:\/\/api.w.org\/{rel}","templated":true}]}}