{"id":915,"date":"2020-02-18T13:21:05","date_gmt":"2020-02-18T13:21:05","guid":{"rendered":"https:\/\/tajkertesz.com\/?post_type=product&#038;p=915"},"modified":"2026-02-17T14:43:45","modified_gmt":"2026-02-17T14:43:45","slug":"fiskars-smartfit","status":"publish","type":"product","link":"https:\/\/tajkertesz.com\/en_US\/product\/fiskars-smartfit\/","title":{"rendered":"Fiskars SmartFit P541 (P68) Metsz\u0151oll\u00f3"},"content":{"rendered":"<p>Fiskars SmartFit P68<\/p>\n<p>Megb\u00edzhat\u00f3, sokoldal\u00fa, hat\u00e9kony, tart\u00f3s metsz\u0151oll\u00f3, akt\u00edv haszn\u00e1latra tervezve.<\/p>\n<div>Az \u00faj SmartFit metsz\u0151oll\u00f3 k\u00e9nyelmesen illeszkedik a k\u00e9zbe, \u00e9s rengeteg v\u00e1g\u00e1si feladathoz haszn\u00e1lhat\u00f3.<\/div>\n<div><\/div>\n<div>A v\u00e1g\u00e1s sz\u00f6ge rugalmasan \u00e1ll\u00edthat\u00f3, \u00edgy a metsz\u0151oll\u00f3 t\u00f6bbf\u00e9le anyag v\u00e1g\u00e1s\u00e1ra is alkalmas. Az ergonomikus kialak\u00edt\u00e1s\u00fa ny\u00e9l k\u00e9nyelmes \u00e9s stabil fog\u00e1st biztos\u00edt.<\/div>\n<ol>\n<li>\u00e1ll\u00edthat\u00f3 v\u00e1g\u00f3sz\u00f6ggel<\/li>\n<li>v\u00e9kony 12 mm , \u00e9s vastag \u00e1gak gyors v\u00e1g\u00e1s\u00e1ra egyar\u00e1nt alkalmas, max. 24mm \u00e1tm\u00e9r\u0151ig<\/li>\n<li>megb\u00edzhat\u00f3, k\u00f6nnyen kezelhet\u0151 z\u00e1rszerkezet a biztons\u00e1gos t\u00e1rol\u00e1s\u00e9rt<\/li>\n<li>k\u00e9nyelmes SoftGrip\u2122 markolat<\/li>\n<li>hossz: 208mm<\/li>\n<li>s\u00faly: 200gr<\/li>\n<\/ol>\n<p>&nbsp;<\/p>\n<p><a href=\"https:\/\/tajkertesz.com\/\">https:\/\/tajkertesz.com\/<\/a><\/p>\n<p><a href=\"https:\/\/www.fiskars.hu\/termekek\/kerteszkedes\/metszoollok\">https:\/\/www.fiskars.hu\/termekek\/kerteszkedes\/metszoollok<\/a><\/p>\n<p>&nbsp;<\/p>\n<p><span style=\"color: #ffffff;\">Fiskars SmartFit P68<\/span><\/p>\n<p><span style=\"color: #ffffff;\">Megb\u00edzhat\u00f3, sokoldal\u00fa, hat\u00e9kony, tart\u00f3s metsz\u0151oll\u00f3, akt\u00edv haszn\u00e1latra tervezve.<\/span><\/p>\n<div><span style=\"color: #ffffff;\">Az \u00faj SmartFit metsz\u0151oll\u00f3 k\u00e9nyelmesen illeszkedik a k\u00e9zbe, \u00e9s rengeteg v\u00e1g\u00e1si feladathoz haszn\u00e1lhat\u00f3.<\/span><\/div>\n<div><\/div>\n<div><span style=\"color: #ffffff;\">A v\u00e1g\u00e1s sz\u00f6ge rugalmasan \u00e1ll\u00edthat\u00f3, \u00edgy a metsz\u0151oll\u00f3 t\u00f6bbf\u00e9le anyag v\u00e1g\u00e1s\u00e1ra is alkalmas. Az ergonomikus kialak\u00edt\u00e1s\u00fa ny\u00e9l k\u00e9nyelmes \u00e9s stabil fog\u00e1st biztos\u00edt.<\/span><\/div>\n<p><span style=\"color: #ffffff;\">\u00e1ll\u00edthat\u00f3 v\u00e1g\u00f3sz\u00f6ggel<\/span><\/p>\n<p><span style=\"color: #ffffff;\">v\u00e9kony 12 mm , \u00e9s vastag \u00e1gak gyors v\u00e1g\u00e1s\u00e1ra egyar\u00e1nt alkalmas, max. 24mm \u00e1tm\u00e9r\u0151ig<\/span><\/p>\n<p><span style=\"color: #ffffff;\">megb\u00edzhat\u00f3, k\u00f6nnyen kezelhet\u0151 z\u00e1rszerkezet a biztons\u00e1gos t\u00e1rol\u00e1s\u00e9rt<\/span><\/p>\n<p><span style=\"color: #ffffff;\">k\u00e9nyelmes SoftGrip\u2122 markolat<\/span><\/p>\n<p><span style=\"color: #ffffff;\">hossz: 208mm<\/span><\/p>\n<p><span style=\"color: #ffffff;\">s\u00faly: 200gr<\/span><\/p>\n<p><span style=\"color: #ffffff;\">Fiskars SmartFit P68<\/span><\/p>\n<p><span style=\"color: #ffffff;\">Megb\u00edzhat\u00f3, sokoldal\u00fa, hat\u00e9kony, tart\u00f3s metsz\u0151oll\u00f3, akt\u00edv haszn\u00e1latra tervezve.<\/span><\/p>\n<div><span style=\"color: #ffffff;\">Az \u00faj SmartFit metsz\u0151oll\u00f3 k\u00e9nyelmesen illeszkedik a k\u00e9zbe, \u00e9s rengeteg v\u00e1g\u00e1si feladathoz haszn\u00e1lhat\u00f3.<\/span><\/div>\n<p>&nbsp;<\/p>\n<p><span style=\"color: #ffffff;\">A v\u00e1g\u00e1s sz\u00f6ge rugalmasan \u00e1ll\u00edthat\u00f3, \u00edgy a metsz\u0151oll\u00f3 t\u00f6bbf\u00e9le anyag v\u00e1g\u00e1s\u00e1ra is alkalmas. Az ergonomikus kialak\u00edt\u00e1s\u00fa ny\u00e9l k\u00e9nyelmes \u00e9s stabil fog\u00e1st biztos\u00edt.<\/span><\/p>\n<p><span style=\"color: #ffffff;\">\u00e1ll\u00edthat\u00f3 v\u00e1g\u00f3sz\u00f6ggel<\/span><\/p>\n<p><span style=\"color: #ffffff;\">v\u00e9kony 12 mm , \u00e9s vastag \u00e1gak gyors v\u00e1g\u00e1s\u00e1ra egyar\u00e1nt alkalmas, max. 24mm \u00e1tm\u00e9r\u0151ig<\/span><\/p>\n<p><span style=\"color: #ffffff;\">megb\u00edzhat\u00f3, k\u00f6nnyen kezelhet\u0151 z\u00e1rszerkezet a biztons\u00e1gos t\u00e1rol\u00e1s\u00e9rt<\/span><\/p>\n<p><span style=\"color: #ffffff;\">k\u00e9nyelmes SoftGrip\u2122 markolat<\/span><\/p>\n<p><span style=\"color: #ffffff;\">hossz: 208mm<\/span><\/p>\n<p><span style=\"color: #ffffff;\">s\u00faly: 200gr<\/span><\/p>\n<p>&nbsp;<\/p>\n<p>&nbsp;<\/p>","protected":false},"excerpt":{"rendered":"<p>Megb\u00edzhat\u00f3, sokoldal\u00fa, hat\u00e9kony, tart\u00f3s metsz\u0151oll\u00f3, akt\u00edv haszn\u00e1latra tervezve.<\/p>\n<div>Az \u00faj SmartFit metsz\u0151oll\u00f3 k\u00e9nyelmesen illeszkedik a k\u00e9zbe, \u00e9s rengeteg v\u00e1g\u00e1si feladathoz haszn\u00e1lhat\u00f3.<\/div>\n<div><\/div>\n<div>A v\u00e1g\u00e1s sz\u00f6ge rugalmasan \u00e1ll\u00edthat\u00f3, \u00edgy a metsz\u0151oll\u00f3 t\u00f6bbf\u00e9le anyag v\u00e1g\u00e1s\u00e1ra is alkalmas. Az ergonomikus kialak\u00edt\u00e1s\u00fa ny\u00e9l k\u00e9nyelmes \u00e9s stabil fog\u00e1st biztos\u00edt.<\/div>","protected":false},"featured_media":916,"template":"","meta":{"_et_pb_use_builder":"","_et_pb_old_content":"","_et_gb_content_width":""},"product_brand":[],"product_cat":[4576],"product_tag":[116,115,114,117],"class_list":{"0":"post-915","1":"product","2":"type-product","3":"status-publish","4":"has-post-thumbnail","6":"product_cat-fiskars-metszoollok","7":"product_tag-fiskars","8":"product_tag-fiskars-smartfit-p68","9":"product_tag-metszoollo","10":"product_tag-smartfit-p68","12":"first","13":"instock","14":"shipping-taxable","15":"purchasable","16":"product-type-simple"},"yoast_head":"<!-- This site is optimized with the Yoast SEO plugin v27.5 - https:\/\/yoast.com\/product\/yoast-seo-wordpress\/ -->\n<title>Fiskars SmartFit P541 (P68) Metsz\u0151oll\u00f3 - T\u00e1jkert\u00e9sz<\/title>\n<meta name=\"description\" content=\"Az \u00faj Fiskars SmartFit metsz\u0151oll\u00f3 k\u00e9nyelmesen illeszkedik a k\u00e9zbe, \u00e9s rengeteg v\u00e1g\u00e1si feladathoz haszn\u00e1lhat\u00f3.A v\u00e1g\u00e1s sz\u00f6ge rugalmasan \u00e1ll\u00edthat\u00f3.\" \/>\n<meta name=\"robots\" content=\"index, follow, max-snippet:-1, max-image-preview:large, max-video-preview:-1\" \/>\n<link rel=\"canonical\" href=\"https:\/\/tajkertesz.com\/en_US\/product\/fiskars-smartfit\/\" \/>\n<meta property=\"og:locale\" content=\"en_US\" \/>\n<meta property=\"og:type\" content=\"article\" \/>\n<meta property=\"og:title\" content=\"Fiskars SmartFit P541 (P68) Metsz\u0151oll\u00f3 - T\u00e1jkert\u00e9sz\" \/>\n<meta property=\"og:description\" content=\"Az \u00faj Fiskars SmartFit metsz\u0151oll\u00f3 k\u00e9nyelmesen illeszkedik a k\u00e9zbe, \u00e9s rengeteg v\u00e1g\u00e1si feladathoz haszn\u00e1lhat\u00f3.A v\u00e1g\u00e1s sz\u00f6ge rugalmasan \u00e1ll\u00edthat\u00f3.\" \/>\n<meta property=\"og:url\" content=\"https:\/\/tajkertesz.com\/en_US\/product\/fiskars-smartfit\/\" \/>\n<meta property=\"og:site_name\" content=\"T\u00e1jkert\u00e9sz\" \/>\n<meta property=\"article:publisher\" content=\"https:\/\/www.facebook.com\/Tajkertesz\/\" \/>\n<meta property=\"article:modified_time\" content=\"2026-02-17T14:43:45+00:00\" \/>\n<meta property=\"og:image\" content=\"https:\/\/tajkertesz.com\/wp-content\/uploads\/2020\/02\/fiskars.jpg\" \/>\n\t<meta property=\"og:image:width\" content=\"600\" \/>\n\t<meta property=\"og:image:height\" content=\"600\" \/>\n\t<meta property=\"og:image:type\" content=\"image\/jpeg\" \/>\n<meta name=\"twitter:card\" content=\"summary_large_image\" \/>\n<meta name=\"twitter:label1\" content=\"Est. reading time\" \/>\n\t<meta name=\"twitter:data1\" content=\"2 minutes\" \/>\n<script type=\"application\/ld+json\" class=\"yoast-schema-graph\">{\"@context\":\"https:\\\/\\\/schema.org\",\"@graph\":[{\"@type\":\"WebPage\",\"@id\":\"https:\\\/\\\/tajkertesz.com\\\/termek\\\/fiskars-smartfit\\\/\",\"url\":\"https:\\\/\\\/tajkertesz.com\\\/termek\\\/fiskars-smartfit\\\/\",\"name\":\"Fiskars SmartFit P541 (P68) Metsz\u0151oll\u00f3 - T\u00e1jkert\u00e9sz\",\"isPartOf\":{\"@id\":\"https:\\\/\\\/tajkertesz.com\\\/#website\"},\"primaryImageOfPage\":{\"@id\":\"https:\\\/\\\/tajkertesz.com\\\/termek\\\/fiskars-smartfit\\\/#primaryimage\"},\"image\":{\"@id\":\"https:\\\/\\\/tajkertesz.com\\\/termek\\\/fiskars-smartfit\\\/#primaryimage\"},\"thumbnailUrl\":\"https:\\\/\\\/tajkertesz.com\\\/wp-content\\\/uploads\\\/2020\\\/02\\\/fiskars.jpg\",\"datePublished\":\"2020-02-18T13:21:05+00:00\",\"dateModified\":\"2026-02-17T14:43:45+00:00\",\"description\":\"Az \u00faj Fiskars SmartFit metsz\u0151oll\u00f3 k\u00e9nyelmesen illeszkedik a k\u00e9zbe, \u00e9s rengeteg v\u00e1g\u00e1si feladathoz haszn\u00e1lhat\u00f3.A v\u00e1g\u00e1s sz\u00f6ge rugalmasan \u00e1ll\u00edthat\u00f3.\",\"breadcrumb\":{\"@id\":\"https:\\\/\\\/tajkertesz.com\\\/termek\\\/fiskars-smartfit\\\/#breadcrumb\"},\"inLanguage\":\"en-US\",\"potentialAction\":[{\"@type\":\"ReadAction\",\"target\":[\"https:\\\/\\\/tajkertesz.com\\\/termek\\\/fiskars-smartfit\\\/\"]}]},{\"@type\":\"ImageObject\",\"inLanguage\":\"en-US\",\"@id\":\"https:\\\/\\\/tajkertesz.com\\\/termek\\\/fiskars-smartfit\\\/#primaryimage\",\"url\":\"https:\\\/\\\/tajkertesz.com\\\/wp-content\\\/uploads\\\/2020\\\/02\\\/fiskars.jpg\",\"contentUrl\":\"https:\\\/\\\/tajkertesz.com\\\/wp-content\\\/uploads\\\/2020\\\/02\\\/fiskars.jpg\",\"width\":600,\"height\":600},{\"@type\":\"BreadcrumbList\",\"@id\":\"https:\\\/\\\/tajkertesz.com\\\/termek\\\/fiskars-smartfit\\\/#breadcrumb\",\"itemListElement\":[{\"@type\":\"ListItem\",\"position\":1,\"name\":\"Home\",\"item\":\"https:\\\/\\\/tajkertesz.com\\\/\"},{\"@type\":\"ListItem\",\"position\":2,\"name\":\"Kezd\u0151lap\",\"item\":\"https:\\\/\\\/tajkertesz.com\\\/\"},{\"@type\":\"ListItem\",\"position\":3,\"name\":\"Fiskars SmartFit P541 (P68) Metsz\u0151oll\u00f3\"}]},{\"@type\":\"WebSite\",\"@id\":\"https:\\\/\\\/tajkertesz.com\\\/#website\",\"url\":\"https:\\\/\\\/tajkertesz.com\\\/\",\"name\":\"T\u00e1j-Kert\u00e9sz 84 Kft.\",\"description\":\"Kert\u00e9szeti kis- \u00e9s nagykeresked\u00e9s, D\u00edszn\u00f6v\u00e9ny web\u00e1ruh\u00e1z orsz\u00e1gos h\u00e1zhozsz\u00e1ll\u00edt\u00e1ssal!\",\"publisher\":{\"@id\":\"https:\\\/\\\/tajkertesz.com\\\/#organization\"},\"potentialAction\":[{\"@type\":\"SearchAction\",\"target\":{\"@type\":\"EntryPoint\",\"urlTemplate\":\"https:\\\/\\\/tajkertesz.com\\\/?s={search_term_string}\"},\"query-input\":{\"@type\":\"PropertyValueSpecification\",\"valueRequired\":true,\"valueName\":\"search_term_string\"}}],\"inLanguage\":\"en-US\"},{\"@type\":\"Organization\",\"@id\":\"https:\\\/\\\/tajkertesz.com\\\/#organization\",\"name\":\"T\u00e1j-Kert\u00e9sz 84 Kft.\",\"url\":\"https:\\\/\\\/tajkertesz.com\\\/\",\"logo\":{\"@type\":\"ImageObject\",\"inLanguage\":\"en-US\",\"@id\":\"https:\\\/\\\/tajkertesz.com\\\/#\\\/schema\\\/logo\\\/image\\\/\",\"url\":\"https:\\\/\\\/tajkertesz.com\\\/wp-content\\\/uploads\\\/2018\\\/02\\\/logo-2-e1518678052539.png\",\"contentUrl\":\"https:\\\/\\\/tajkertesz.com\\\/wp-content\\\/uploads\\\/2018\\\/02\\\/logo-2-e1518678052539.png\",\"width\":81,\"height\":140,\"caption\":\"T\u00e1j-Kert\u00e9sz 84 Kft.\"},\"image\":{\"@id\":\"https:\\\/\\\/tajkertesz.com\\\/#\\\/schema\\\/logo\\\/image\\\/\"},\"sameAs\":[\"https:\\\/\\\/www.facebook.com\\\/Tajkertesz\\\/\"]}]}<\/script>\n<!-- \/ Yoast SEO plugin. -->","yoast_head_json":{"title":"Fiskars SmartFit P541 (P68) Metsz\u0151oll\u00f3 - T\u00e1jkert\u00e9sz","description":"Az \u00faj Fiskars SmartFit metsz\u0151oll\u00f3 k\u00e9nyelmesen illeszkedik a k\u00e9zbe, \u00e9s rengeteg v\u00e1g\u00e1si feladathoz haszn\u00e1lhat\u00f3.A v\u00e1g\u00e1s sz\u00f6ge rugalmasan \u00e1ll\u00edthat\u00f3.","robots":{"index":"index","follow":"follow","max-snippet":"max-snippet:-1","max-image-preview":"max-image-preview:large","max-video-preview":"max-video-preview:-1"},"canonical":"https:\/\/tajkertesz.com\/en_US\/product\/fiskars-smartfit\/","og_locale":"en_US","og_type":"article","og_title":"Fiskars SmartFit P541 (P68) Metsz\u0151oll\u00f3 - T\u00e1jkert\u00e9sz","og_description":"Az \u00faj Fiskars SmartFit metsz\u0151oll\u00f3 k\u00e9nyelmesen illeszkedik a k\u00e9zbe, \u00e9s rengeteg v\u00e1g\u00e1si feladathoz haszn\u00e1lhat\u00f3.A v\u00e1g\u00e1s sz\u00f6ge rugalmasan \u00e1ll\u00edthat\u00f3.","og_url":"https:\/\/tajkertesz.com\/en_US\/product\/fiskars-smartfit\/","og_site_name":"T\u00e1jkert\u00e9sz","article_publisher":"https:\/\/www.facebook.com\/Tajkertesz\/","article_modified_time":"2026-02-17T14:43:45+00:00","og_image":[{"width":600,"height":600,"url":"https:\/\/tajkertesz.com\/wp-content\/uploads\/2020\/02\/fiskars.jpg","type":"image\/jpeg"}],"twitter_card":"summary_large_image","twitter_misc":{"Est. reading time":"2 minutes"},"schema":{"@context":"https:\/\/schema.org","@graph":[{"@type":"WebPage","@id":"https:\/\/tajkertesz.com\/termek\/fiskars-smartfit\/","url":"https:\/\/tajkertesz.com\/termek\/fiskars-smartfit\/","name":"Fiskars SmartFit P541 (P68) Metsz\u0151oll\u00f3 - T\u00e1jkert\u00e9sz","isPartOf":{"@id":"https:\/\/tajkertesz.com\/#website"},"primaryImageOfPage":{"@id":"https:\/\/tajkertesz.com\/termek\/fiskars-smartfit\/#primaryimage"},"image":{"@id":"https:\/\/tajkertesz.com\/termek\/fiskars-smartfit\/#primaryimage"},"thumbnailUrl":"https:\/\/tajkertesz.com\/wp-content\/uploads\/2020\/02\/fiskars.jpg","datePublished":"2020-02-18T13:21:05+00:00","dateModified":"2026-02-17T14:43:45+00:00","description":"Az \u00faj Fiskars SmartFit metsz\u0151oll\u00f3 k\u00e9nyelmesen illeszkedik a k\u00e9zbe, \u00e9s rengeteg v\u00e1g\u00e1si feladathoz haszn\u00e1lhat\u00f3.A v\u00e1g\u00e1s sz\u00f6ge rugalmasan \u00e1ll\u00edthat\u00f3.","breadcrumb":{"@id":"https:\/\/tajkertesz.com\/termek\/fiskars-smartfit\/#breadcrumb"},"inLanguage":"en-US","potentialAction":[{"@type":"ReadAction","target":["https:\/\/tajkertesz.com\/termek\/fiskars-smartfit\/"]}]},{"@type":"ImageObject","inLanguage":"en-US","@id":"https:\/\/tajkertesz.com\/termek\/fiskars-smartfit\/#primaryimage","url":"https:\/\/tajkertesz.com\/wp-content\/uploads\/2020\/02\/fiskars.jpg","contentUrl":"https:\/\/tajkertesz.com\/wp-content\/uploads\/2020\/02\/fiskars.jpg","width":600,"height":600},{"@type":"BreadcrumbList","@id":"https:\/\/tajkertesz.com\/termek\/fiskars-smartfit\/#breadcrumb","itemListElement":[{"@type":"ListItem","position":1,"name":"Home","item":"https:\/\/tajkertesz.com\/"},{"@type":"ListItem","position":2,"name":"Kezd\u0151lap","item":"https:\/\/tajkertesz.com\/"},{"@type":"ListItem","position":3,"name":"Fiskars SmartFit P541 (P68) Metsz\u0151oll\u00f3"}]},{"@type":"WebSite","@id":"https:\/\/tajkertesz.com\/#website","url":"https:\/\/tajkertesz.com\/","name":"T\u00e1j-Kert\u00e9sz 84 Kft.","description":"Kert\u00e9szeti kis- \u00e9s nagykeresked\u00e9s, D\u00edszn\u00f6v\u00e9ny web\u00e1ruh\u00e1z orsz\u00e1gos h\u00e1zhozsz\u00e1ll\u00edt\u00e1ssal!","publisher":{"@id":"https:\/\/tajkertesz.com\/#organization"},"potentialAction":[{"@type":"SearchAction","target":{"@type":"EntryPoint","urlTemplate":"https:\/\/tajkertesz.com\/?s={search_term_string}"},"query-input":{"@type":"PropertyValueSpecification","valueRequired":true,"valueName":"search_term_string"}}],"inLanguage":"en-US"},{"@type":"Organization","@id":"https:\/\/tajkertesz.com\/#organization","name":"T\u00e1j-Kert\u00e9sz 84 Kft.","url":"https:\/\/tajkertesz.com\/","logo":{"@type":"ImageObject","inLanguage":"en-US","@id":"https:\/\/tajkertesz.com\/#\/schema\/logo\/image\/","url":"https:\/\/tajkertesz.com\/wp-content\/uploads\/2018\/02\/logo-2-e1518678052539.png","contentUrl":"https:\/\/tajkertesz.com\/wp-content\/uploads\/2018\/02\/logo-2-e1518678052539.png","width":81,"height":140,"caption":"T\u00e1j-Kert\u00e9sz 84 Kft."},"image":{"@id":"https:\/\/tajkertesz.com\/#\/schema\/logo\/image\/"},"sameAs":["https:\/\/www.facebook.com\/Tajkertesz\/"]}]}},"_links":{"self":[{"href":"https:\/\/tajkertesz.com\/en_US\/wp-json\/wp\/v2\/product\/915","targetHints":{"allow":["GET"]}}],"collection":[{"href":"https:\/\/tajkertesz.com\/en_US\/wp-json\/wp\/v2\/product"}],"about":[{"href":"https:\/\/tajkertesz.com\/en_US\/wp-json\/wp\/v2\/types\/product"}],"wp:featuredmedia":[{"embeddable":true,"href":"https:\/\/tajkertesz.com\/en_US\/wp-json\/wp\/v2\/media\/916"}],"wp:attachment":[{"href":"https:\/\/tajkertesz.com\/en_US\/wp-json\/wp\/v2\/media?parent=915"}],"wp:term":[{"taxonomy":"product_brand","embeddable":true,"href":"https:\/\/tajkertesz.com\/en_US\/wp-json\/wp\/v2\/product_brand?post=915"},{"taxonomy":"product_cat","embeddable":true,"href":"https:\/\/tajkertesz.com\/en_US\/wp-json\/wp\/v2\/product_cat?post=915"},{"taxonomy":"product_tag","embeddable":true,"href":"https:\/\/tajkertesz.com\/en_US\/wp-json\/wp\/v2\/product_tag?post=915"}],"curies":[{"name":"wp","href":"https:\/\/api.w.org\/{rel}","templated":true}]}}