{"id":9222,"date":"2021-09-16T12:10:51","date_gmt":"2021-09-16T12:10:51","guid":{"rendered":"https:\/\/tajkertesz.com\/?post_type=product&#038;p=9222"},"modified":"2022-09-22T11:17:23","modified_gmt":"2022-09-22T11:17:23","slug":"thuja-orientalis-aurea-nana-aranytorpe-keleti-tuja","status":"publish","type":"product","link":"https:\/\/tajkertesz.com\/en_US\/product\/thuja-orientalis-aurea-nana-aranytorpe-keleti-tuja\/","title":{"rendered":"Thuja orientalis &#8216;Aurea Nana&#8217;- Arany,t\u00f6rpe keleti tuja"},"content":{"rendered":"<h3 class=\"LC20lb DKV0Md\">\u00a0Thuja orientalis &#8216;Aurea Nana&#8217;- Arany,t\u00f6rpe keleti tuja<\/h3>\n<p>&nbsp;<\/p>\n<p>Thuja orientalis &#8216;Aurea Nana&#8217;- Arany,t\u00f6rpe keleti tuja<\/p>\n<p>1.5 m\u00e9ter magasra megn\u00f6v\u0151,lass\u00fa n\u00f6veked\u00e9s\u0171 tuja.T\u00f6m\u00f6tt,toj\u00e1sdad alak\u00fa,s\u00e1rg\u00e1sz\u00f6ld sz\u00edn\u0171,igen mutat\u00f3s n\u00f6v\u00e9ny.\u00dcltethetj\u00fck ed\u00e9nyekbe,kisebb csoportokba,de ak\u00e1r szoliterk\u00e9nt is.<\/p>\n<p>Jelen term\u00e9k\u00fcnk kb. 40 cm<\/p>\n<p style=\"line-height: 18.0pt; background: white; margin: 0cm 0cm 15.0pt 0cm;\"><span style=\"font-family: 'Ubuntu',serif; color: black;\">El\u00e9rhet\u0151 t\u00f6bbf\u00e9le m\u00e9retben \u00e9s \u00e1rban.<\/span><\/p>\n<p style=\"line-height: 18.0pt; background: white; margin: 0cm 0cm 15.0pt 0cm;\"><b><span style=\"font-family: 'Ubuntu',serif; color: black;\">K\u00e9szlet\u00fcnk napi szinten v\u00e1ltozik, ez\u00e9rt k\u00e9rj\u00fck, \u00e9rdekl\u0151dj\u00f6n szem\u00e9lyesen, telefonon vagy email-en.<br \/>\nA v\u00e1ltoztat\u00e1s jog\u00e1t fenntartjuk!\u00a0<\/span><\/b><\/p>\n<p><a href=\"https:\/\/tajkertesz.com\/\">https:\/\/tajkertesz.com\/<\/a><\/p>\n<p><a href=\"https:\/\/www.facebook.com\/tajkertesz\">https:\/\/www.facebook.com\/tajkertesz<\/a><\/p>\n<h6><span style=\"color: #ffffff;\"><span id=\"Megjelen\u00e9se\" class=\"mw-headline\">Megjelen\u00e9se<\/span><span class=\"mw-editsection\"><span class=\"mw-editsection-bracket\">[<\/span><a style=\"color: #ffffff;\" title=\"Szakasz szerkeszt\u00e9se: Megjelen\u00e9se\" href=\"https:\/\/hu.wikipedia.org\/w\/index.php?title=Nyugati_tuja&amp;action=edit&amp;section=3\">szerkeszt\u00e9s<\/a><span class=\"mw-editsection-bracket\">]<\/span><\/span><\/span><\/h6>\n<h6><span style=\"color: #ffffff;\">Magyarorsz\u00e1gon 10\u201312\u00a0m\u00e9ter magasra n\u00f6v\u0151 \u00f6r\u00f6kz\u00f6ld. A koron\u00e1ja karcs\u00fa, k\u00fapos, a cs\u00facsa mindig kiss\u00e9 lekerek\u00edtett. T\u00f6rzse egyenes, hosszir\u00e1nyban repedezett \u00e9s keskeny cs\u00edkokban lev\u00e1l\u00f3 k\u00e9rge narancsv\u00f6r\u00f6s; id\u0151sebb kor\u00e1ban sz\u00fcrk\u00e9sbarna. Ritk\u00e1san n\u00f6v\u0151, s\u0171r\u0171n el\u00e1gaz\u00f3 \u00e1gai v\u00edzszintesen \u00e1llnak, hajt\u00e1sai lecs\u00fcngenek. A leveles \u00e1gacsk\u00e1k fon\u00e1kja a sz\u00edn\u00e9n\u00e9l valamivel vil\u00e1gosabb z\u00f6ld.<\/span><\/h6>\n<h6><span style=\"color: #ffffff;\">A keresztben \u00e1tellenes \u00e1ll\u00f3, sz\u00e9les toj\u00e1sdad pikkelylevelek sz\u00edne f\u00e9nytelen hamvasz\u00f6ld, a fon\u00e1ka s\u00e1rg\u00e1sz\u00f6ld, k\u00f6zep\u00fck\u00f6n mirigydudor l\u00e1that\u00f3, sz\u00e9tmorzsolva arom\u00e1s illat\u00faak. Lombja t\u00e9len bronzosra vagy barn\u00e1sra sz\u00ednez\u0151dnek, tavasszal visszaz\u00f6ld\u00fclnek.<\/span><\/h6>\n<h6><span style=\"color: #ffffff;\">Porz\u00f3s vir\u00e1gai apr\u00f3k, hossz\u00fak\u00e1sak, s\u00f6t\u00e9tv\u00f6r\u00f6sek, az \u00e1gak v\u00e9g\u00e9n n\u0151nek el. A term\u0151s\u00a0<a style=\"color: #ffffff;\" title=\"Toboz\" href=\"https:\/\/hu.wikipedia.org\/wiki\/Toboz\">tobozok<\/a>\u00a0kezdetben s\u00e1rg\u00e1sak, be\u00e9rve barn\u00e1sak, r\u00fcgyszer\u0171en laz\u00e1k, mintegy 10-20\u00a0millim\u00e9ter hossz\u00faak; 8-10\u00a0tobozpikkely\u00fck sz\u00e1raz.<\/span><\/h6>\n<h6><span style=\"color: #ffffff;\"><span id=\".C3.89letm.C3.B3dja.2C_term.C5.91helye\"><\/span><span id=\"\u00c9letm\u00f3dja,_term\u0151helye\" class=\"mw-headline\">\u00c9letm\u00f3dja, term\u0151helye<\/span><span class=\"mw-editsection\"><span class=\"mw-editsection-bracket\">[<\/span><a style=\"color: #ffffff;\" title=\"Szakasz szerkeszt\u00e9se: \u00c9letm\u00f3dja, term\u0151helye\" href=\"https:\/\/hu.wikipedia.org\/w\/index.php?title=Nyugati_tuja&amp;action=edit&amp;section=4\">szerkeszt\u00e9s<\/a><span class=\"mw-editsection-bracket\">]<\/span><\/span><\/span><\/h6>\n<h6><span style=\"color: #ffffff;\">A mocsaras vid\u00e9keket kedveli: nedves, t\u00e1pd\u00fas talajt \u00e9s p\u00e1r\u00e1s leveg\u0151t k\u00edv\u00e1n. T\u00e9l\u00e1ll\u00f3.<\/span><\/h6>\n<h6><span style=\"color: #ffffff;\"><span id=\"Felhaszn.C3.A1l.C3.A1sa\"><\/span><span id=\"Felhaszn\u00e1l\u00e1sa\" class=\"mw-headline\">Felhaszn\u00e1l\u00e1sa<\/span><span class=\"mw-editsection\"><span class=\"mw-editsection-bracket\">[<\/span><a style=\"color: #ffffff;\" title=\"Szakasz szerkeszt\u00e9se: Felhaszn\u00e1l\u00e1sa\" href=\"https:\/\/hu.wikipedia.org\/w\/index.php?title=Nyugati_tuja&amp;action=edit&amp;section=5\">szerkeszt\u00e9s<\/a><span class=\"mw-editsection-bracket\">]<\/span><\/span><\/span><\/h6>\n<h6><span style=\"color: #ffffff;\">Az indi\u00e1nok \u00e9letf\u00e1nak nevezt\u00e9k, \u00e9s pikkelyleveleib\u0151l gy\u00f3gyte\u00e1t f\u0151ztek. A\u00a0<a style=\"color: #ffffff;\" title=\"Skorbut\" href=\"https:\/\/hu.wikipedia.org\/wiki\/Skorbut\">skorbut<\/a>\u00a0gy\u00f3gy\u00edt\u00e1s\u00e1ra\u00a0<a style=\"color: #ffffff;\" title=\"Aszkorbinsav\" href=\"https:\/\/hu.wikipedia.org\/wiki\/Aszkorbinsav\">C-vitamin<\/a>-tartalma miatt alkalmas.<\/span><\/h6>\n<h6><span style=\"color: #ffffff;\">Nagyon sz\u00e9les k\u00f6rben elterjedt \u00f6r\u00f6kz\u00f6ld d\u00edszn\u00f6v\u00e9ny, t\u00f6bb sz\u00e1z nemes\u00edtett fajt\u00e1ja van. Nem a legjobb v\u00e1laszt\u00e1s s\u00f6v\u00e9nynek, m\u00e9gis milli\u00f3sz\u00e1mra fogy erre a c\u00e9lra is. Rendszeres metsz\u00e9ssel \u00e9s ny\u00edr\u00e1ssal lehet csak sz\u00e9pen tartani, de drasztikus visszametsz\u00e9se cs\u00fanya kopasz foltokat eredm\u00e9nyez. Magyarorsz\u00e1gon ez a leggyakrabban \u00fcltetett tuja, \u00e9s az alapfaj hely\u00e9t mindink\u00e1bb a k\u00fcl\u00f6nb\u00f6z\u0151 v\u00e1ltozatok veszik \u00e1t.<\/span><\/h6>\n<h6><\/h6>\n","protected":false},"excerpt":{"rendered":"<h3 class=\"LC20lb DKV0Md\">\u00a0Thuja orientalis &#8216;Aurea Nana&#8217;- Arany,t\u00f6rpe keleti tuja<\/h3>","protected":false},"featured_media":9220,"template":"","meta":{"_et_pb_use_builder":"","_et_pb_old_content":"","_et_gb_content_width":""},"product_brand":[],"product_cat":[26],"product_tag":[2691,2692],"class_list":{"0":"post-9222","1":"product","2":"type-product","3":"status-publish","4":"has-post-thumbnail","6":"product_cat-orokzold-novenyek","7":"product_tag-thuja-orientalis-aurea-nana-arany","8":"product_tag-torpe-keleti-tuja","10":"first","11":"outofstock","12":"shipping-taxable","13":"purchasable","14":"product-type-simple"},"yoast_head":"<!-- This site is optimized with the Yoast SEO plugin v27.3 - https:\/\/yoast.com\/product\/yoast-seo-wordpress\/ -->\n<title>Thuja orientalis &#039;Aurea Nana&#039;- Arany,t\u00f6rpe keleti tuja - T\u00e1jkert\u00e9sz<\/title>\n<meta name=\"description\" content=\"Thuja orientalis &#039;Aurea Nana&#039;- Arany,t\u00f6rpe keleti tuja\" \/>\n<meta name=\"robots\" content=\"index, follow, max-snippet:-1, max-image-preview:large, max-video-preview:-1\" \/>\n<link rel=\"canonical\" href=\"https:\/\/tajkertesz.com\/en_US\/product\/thuja-orientalis-aurea-nana-aranytorpe-keleti-tuja\/\" \/>\n<meta property=\"og:locale\" content=\"en_US\" \/>\n<meta property=\"og:type\" content=\"article\" \/>\n<meta property=\"og:title\" content=\"Thuja orientalis &#039;Aurea Nana&#039;- Arany,t\u00f6rpe keleti tuja - T\u00e1jkert\u00e9sz\" \/>\n<meta property=\"og:description\" content=\"Thuja orientalis &#039;Aurea Nana&#039;- Arany,t\u00f6rpe keleti tuja\" \/>\n<meta property=\"og:url\" content=\"https:\/\/tajkertesz.com\/en_US\/product\/thuja-orientalis-aurea-nana-aranytorpe-keleti-tuja\/\" \/>\n<meta property=\"og:site_name\" content=\"T\u00e1jkert\u00e9sz\" \/>\n<meta property=\"article:publisher\" content=\"https:\/\/www.facebook.com\/Tajkertesz\/\" \/>\n<meta property=\"article:modified_time\" content=\"2022-09-22T11:17:23+00:00\" \/>\n<meta property=\"og:image\" content=\"https:\/\/tajkertesz.com\/wp-content\/uploads\/2021\/09\/IMG_20210916_081817.jpg\" \/>\n\t<meta property=\"og:image:width\" content=\"802\" \/>\n\t<meta property=\"og:image:height\" content=\"600\" \/>\n\t<meta property=\"og:image:type\" content=\"image\/jpeg\" \/>\n<meta name=\"twitter:card\" content=\"summary_large_image\" \/>\n<meta name=\"twitter:label1\" content=\"Est. reading time\" \/>\n\t<meta name=\"twitter:data1\" content=\"2 minutes\" \/>\n<script type=\"application\/ld+json\" class=\"yoast-schema-graph\">{\"@context\":\"https:\\\/\\\/schema.org\",\"@graph\":[{\"@type\":\"WebPage\",\"@id\":\"https:\\\/\\\/tajkertesz.com\\\/termek\\\/thuja-orientalis-aurea-nana-aranytorpe-keleti-tuja\\\/\",\"url\":\"https:\\\/\\\/tajkertesz.com\\\/termek\\\/thuja-orientalis-aurea-nana-aranytorpe-keleti-tuja\\\/\",\"name\":\"Thuja orientalis 'Aurea Nana'- Arany,t\u00f6rpe keleti tuja - T\u00e1jkert\u00e9sz\",\"isPartOf\":{\"@id\":\"https:\\\/\\\/tajkertesz.com\\\/#website\"},\"primaryImageOfPage\":{\"@id\":\"https:\\\/\\\/tajkertesz.com\\\/termek\\\/thuja-orientalis-aurea-nana-aranytorpe-keleti-tuja\\\/#primaryimage\"},\"image\":{\"@id\":\"https:\\\/\\\/tajkertesz.com\\\/termek\\\/thuja-orientalis-aurea-nana-aranytorpe-keleti-tuja\\\/#primaryimage\"},\"thumbnailUrl\":\"https:\\\/\\\/tajkertesz.com\\\/wp-content\\\/uploads\\\/2021\\\/09\\\/IMG_20210916_081817.jpg\",\"datePublished\":\"2021-09-16T12:10:51+00:00\",\"dateModified\":\"2022-09-22T11:17:23+00:00\",\"description\":\"Thuja orientalis 'Aurea Nana'- Arany,t\u00f6rpe keleti tuja\",\"breadcrumb\":{\"@id\":\"https:\\\/\\\/tajkertesz.com\\\/termek\\\/thuja-orientalis-aurea-nana-aranytorpe-keleti-tuja\\\/#breadcrumb\"},\"inLanguage\":\"en-US\",\"potentialAction\":[{\"@type\":\"ReadAction\",\"target\":[\"https:\\\/\\\/tajkertesz.com\\\/termek\\\/thuja-orientalis-aurea-nana-aranytorpe-keleti-tuja\\\/\"]}]},{\"@type\":\"ImageObject\",\"inLanguage\":\"en-US\",\"@id\":\"https:\\\/\\\/tajkertesz.com\\\/termek\\\/thuja-orientalis-aurea-nana-aranytorpe-keleti-tuja\\\/#primaryimage\",\"url\":\"https:\\\/\\\/tajkertesz.com\\\/wp-content\\\/uploads\\\/2021\\\/09\\\/IMG_20210916_081817.jpg\",\"contentUrl\":\"https:\\\/\\\/tajkertesz.com\\\/wp-content\\\/uploads\\\/2021\\\/09\\\/IMG_20210916_081817.jpg\",\"width\":802,\"height\":600,\"caption\":\"hdr\"},{\"@type\":\"BreadcrumbList\",\"@id\":\"https:\\\/\\\/tajkertesz.com\\\/termek\\\/thuja-orientalis-aurea-nana-aranytorpe-keleti-tuja\\\/#breadcrumb\",\"itemListElement\":[{\"@type\":\"ListItem\",\"position\":1,\"name\":\"Home\",\"item\":\"https:\\\/\\\/tajkertesz.com\\\/\"},{\"@type\":\"ListItem\",\"position\":2,\"name\":\"Kezd\u0151lap\",\"item\":\"https:\\\/\\\/tajkertesz.com\\\/\"},{\"@type\":\"ListItem\",\"position\":3,\"name\":\"Thuja orientalis &#8216;Aurea Nana&#8217;- Arany,t\u00f6rpe keleti tuja\"}]},{\"@type\":\"WebSite\",\"@id\":\"https:\\\/\\\/tajkertesz.com\\\/#website\",\"url\":\"https:\\\/\\\/tajkertesz.com\\\/\",\"name\":\"T\u00e1j-Kert\u00e9sz 84 Kft.\",\"description\":\"Kert\u00e9szeti kis- \u00e9s nagykeresked\u00e9s, D\u00edszn\u00f6v\u00e9ny web\u00e1ruh\u00e1z orsz\u00e1gos h\u00e1zhozsz\u00e1ll\u00edt\u00e1ssal!\",\"publisher\":{\"@id\":\"https:\\\/\\\/tajkertesz.com\\\/#organization\"},\"potentialAction\":[{\"@type\":\"SearchAction\",\"target\":{\"@type\":\"EntryPoint\",\"urlTemplate\":\"https:\\\/\\\/tajkertesz.com\\\/?s={search_term_string}\"},\"query-input\":{\"@type\":\"PropertyValueSpecification\",\"valueRequired\":true,\"valueName\":\"search_term_string\"}}],\"inLanguage\":\"en-US\"},{\"@type\":\"Organization\",\"@id\":\"https:\\\/\\\/tajkertesz.com\\\/#organization\",\"name\":\"T\u00e1j-Kert\u00e9sz 84 Kft.\",\"url\":\"https:\\\/\\\/tajkertesz.com\\\/\",\"logo\":{\"@type\":\"ImageObject\",\"inLanguage\":\"en-US\",\"@id\":\"https:\\\/\\\/tajkertesz.com\\\/#\\\/schema\\\/logo\\\/image\\\/\",\"url\":\"https:\\\/\\\/tajkertesz.com\\\/wp-content\\\/uploads\\\/2018\\\/02\\\/logo-2-e1518678052539.png\",\"contentUrl\":\"https:\\\/\\\/tajkertesz.com\\\/wp-content\\\/uploads\\\/2018\\\/02\\\/logo-2-e1518678052539.png\",\"width\":81,\"height\":140,\"caption\":\"T\u00e1j-Kert\u00e9sz 84 Kft.\"},\"image\":{\"@id\":\"https:\\\/\\\/tajkertesz.com\\\/#\\\/schema\\\/logo\\\/image\\\/\"},\"sameAs\":[\"https:\\\/\\\/www.facebook.com\\\/Tajkertesz\\\/\"]}]}<\/script>\n<!-- \/ Yoast SEO plugin. -->","yoast_head_json":{"title":"Thuja orientalis 'Aurea Nana'- Arany,t\u00f6rpe keleti tuja - T\u00e1jkert\u00e9sz","description":"Thuja orientalis 'Aurea Nana'- Arany,t\u00f6rpe keleti tuja","robots":{"index":"index","follow":"follow","max-snippet":"max-snippet:-1","max-image-preview":"max-image-preview:large","max-video-preview":"max-video-preview:-1"},"canonical":"https:\/\/tajkertesz.com\/en_US\/product\/thuja-orientalis-aurea-nana-aranytorpe-keleti-tuja\/","og_locale":"en_US","og_type":"article","og_title":"Thuja orientalis 'Aurea Nana'- Arany,t\u00f6rpe keleti tuja - T\u00e1jkert\u00e9sz","og_description":"Thuja orientalis 'Aurea Nana'- Arany,t\u00f6rpe keleti tuja","og_url":"https:\/\/tajkertesz.com\/en_US\/product\/thuja-orientalis-aurea-nana-aranytorpe-keleti-tuja\/","og_site_name":"T\u00e1jkert\u00e9sz","article_publisher":"https:\/\/www.facebook.com\/Tajkertesz\/","article_modified_time":"2022-09-22T11:17:23+00:00","og_image":[{"width":802,"height":600,"url":"https:\/\/tajkertesz.com\/wp-content\/uploads\/2021\/09\/IMG_20210916_081817.jpg","type":"image\/jpeg"}],"twitter_card":"summary_large_image","twitter_misc":{"Est. reading time":"2 minutes"},"schema":{"@context":"https:\/\/schema.org","@graph":[{"@type":"WebPage","@id":"https:\/\/tajkertesz.com\/termek\/thuja-orientalis-aurea-nana-aranytorpe-keleti-tuja\/","url":"https:\/\/tajkertesz.com\/termek\/thuja-orientalis-aurea-nana-aranytorpe-keleti-tuja\/","name":"Thuja orientalis 'Aurea Nana'- Arany,t\u00f6rpe keleti tuja - T\u00e1jkert\u00e9sz","isPartOf":{"@id":"https:\/\/tajkertesz.com\/#website"},"primaryImageOfPage":{"@id":"https:\/\/tajkertesz.com\/termek\/thuja-orientalis-aurea-nana-aranytorpe-keleti-tuja\/#primaryimage"},"image":{"@id":"https:\/\/tajkertesz.com\/termek\/thuja-orientalis-aurea-nana-aranytorpe-keleti-tuja\/#primaryimage"},"thumbnailUrl":"https:\/\/tajkertesz.com\/wp-content\/uploads\/2021\/09\/IMG_20210916_081817.jpg","datePublished":"2021-09-16T12:10:51+00:00","dateModified":"2022-09-22T11:17:23+00:00","description":"Thuja orientalis 'Aurea Nana'- Arany,t\u00f6rpe keleti tuja","breadcrumb":{"@id":"https:\/\/tajkertesz.com\/termek\/thuja-orientalis-aurea-nana-aranytorpe-keleti-tuja\/#breadcrumb"},"inLanguage":"en-US","potentialAction":[{"@type":"ReadAction","target":["https:\/\/tajkertesz.com\/termek\/thuja-orientalis-aurea-nana-aranytorpe-keleti-tuja\/"]}]},{"@type":"ImageObject","inLanguage":"en-US","@id":"https:\/\/tajkertesz.com\/termek\/thuja-orientalis-aurea-nana-aranytorpe-keleti-tuja\/#primaryimage","url":"https:\/\/tajkertesz.com\/wp-content\/uploads\/2021\/09\/IMG_20210916_081817.jpg","contentUrl":"https:\/\/tajkertesz.com\/wp-content\/uploads\/2021\/09\/IMG_20210916_081817.jpg","width":802,"height":600,"caption":"hdr"},{"@type":"BreadcrumbList","@id":"https:\/\/tajkertesz.com\/termek\/thuja-orientalis-aurea-nana-aranytorpe-keleti-tuja\/#breadcrumb","itemListElement":[{"@type":"ListItem","position":1,"name":"Home","item":"https:\/\/tajkertesz.com\/"},{"@type":"ListItem","position":2,"name":"Kezd\u0151lap","item":"https:\/\/tajkertesz.com\/"},{"@type":"ListItem","position":3,"name":"Thuja orientalis &#8216;Aurea Nana&#8217;- Arany,t\u00f6rpe keleti tuja"}]},{"@type":"WebSite","@id":"https:\/\/tajkertesz.com\/#website","url":"https:\/\/tajkertesz.com\/","name":"T\u00e1j-Kert\u00e9sz 84 Kft.","description":"Kert\u00e9szeti kis- \u00e9s nagykeresked\u00e9s, D\u00edszn\u00f6v\u00e9ny web\u00e1ruh\u00e1z orsz\u00e1gos h\u00e1zhozsz\u00e1ll\u00edt\u00e1ssal!","publisher":{"@id":"https:\/\/tajkertesz.com\/#organization"},"potentialAction":[{"@type":"SearchAction","target":{"@type":"EntryPoint","urlTemplate":"https:\/\/tajkertesz.com\/?s={search_term_string}"},"query-input":{"@type":"PropertyValueSpecification","valueRequired":true,"valueName":"search_term_string"}}],"inLanguage":"en-US"},{"@type":"Organization","@id":"https:\/\/tajkertesz.com\/#organization","name":"T\u00e1j-Kert\u00e9sz 84 Kft.","url":"https:\/\/tajkertesz.com\/","logo":{"@type":"ImageObject","inLanguage":"en-US","@id":"https:\/\/tajkertesz.com\/#\/schema\/logo\/image\/","url":"https:\/\/tajkertesz.com\/wp-content\/uploads\/2018\/02\/logo-2-e1518678052539.png","contentUrl":"https:\/\/tajkertesz.com\/wp-content\/uploads\/2018\/02\/logo-2-e1518678052539.png","width":81,"height":140,"caption":"T\u00e1j-Kert\u00e9sz 84 Kft."},"image":{"@id":"https:\/\/tajkertesz.com\/#\/schema\/logo\/image\/"},"sameAs":["https:\/\/www.facebook.com\/Tajkertesz\/"]}]}},"_links":{"self":[{"href":"https:\/\/tajkertesz.com\/en_US\/wp-json\/wp\/v2\/product\/9222","targetHints":{"allow":["GET"]}}],"collection":[{"href":"https:\/\/tajkertesz.com\/en_US\/wp-json\/wp\/v2\/product"}],"about":[{"href":"https:\/\/tajkertesz.com\/en_US\/wp-json\/wp\/v2\/types\/product"}],"wp:featuredmedia":[{"embeddable":true,"href":"https:\/\/tajkertesz.com\/en_US\/wp-json\/wp\/v2\/media\/9220"}],"wp:attachment":[{"href":"https:\/\/tajkertesz.com\/en_US\/wp-json\/wp\/v2\/media?parent=9222"}],"wp:term":[{"taxonomy":"product_brand","embeddable":true,"href":"https:\/\/tajkertesz.com\/en_US\/wp-json\/wp\/v2\/product_brand?post=9222"},{"taxonomy":"product_cat","embeddable":true,"href":"https:\/\/tajkertesz.com\/en_US\/wp-json\/wp\/v2\/product_cat?post=9222"},{"taxonomy":"product_tag","embeddable":true,"href":"https:\/\/tajkertesz.com\/en_US\/wp-json\/wp\/v2\/product_tag?post=9222"}],"curies":[{"name":"wp","href":"https:\/\/api.w.org\/{rel}","templated":true}]}}