{"id":925,"date":"2020-02-18T14:29:22","date_gmt":"2020-02-18T14:29:22","guid":{"rendered":"https:\/\/tajkertesz.com\/?post_type=product&#038;p=925"},"modified":"2023-12-15T09:20:58","modified_gmt":"2023-12-15T09:20:58","slug":"malus-trilobataoszlopos-diszalma","status":"publish","type":"product","link":"https:\/\/tajkertesz.com\/en_US\/product\/malus-trilobataoszlopos-diszalma\/","title":{"rendered":"Malus trilobata,Oszlopos d\u00edszalma"},"content":{"rendered":"<p>Malus trilobata,Oszlopos d\u00edszalma<\/p>\n<div class=\"row\">\n<div class=\"name\">\u00a0A\u00a0 Malus trilobata,Oszlopos d\u00edszalma magass\u00e1ga megk\u00f6zel\u00edt\u0151leg 8 m\u00e9ter.<\/div>\n<div class=\"name\"><strong>Alakja<\/strong> :oszlopos , levele\u00a0 5-8 cm, 3 kar\u00e9j\u00fa, fogazott, f\u00e9nyes z\u00f6ld, \u0151sszel v\u00f6r\u00f6s sz\u00edn\u0171.<\/div>\n<\/div>\n<div class=\"row\">\n<div class=\"name\"><strong>Vir\u00e1ga<\/strong> :feh\u00e9r, 3,5 cm nagys\u00e1g\u00fa .M\u00e1jusban vir\u00e1gzik, term\u00e9se ellipszoid alak\u00fa, piros sz\u00edn\u0171.<\/div>\n<\/div>\n<div class=\"row\">\n<div class=\"name\"><strong>Ig\u00e9nyei:<\/strong><\/div>\n<div class=\"value\">T\u00e1panyagban d\u00fas talajt, napos helyet k\u00edv\u00e1n.<\/div>\n<\/div>\n<div class=\"row\">\n<div class=\"name\"><strong>Felhaszn\u00e1l\u00e1sa:<\/strong><\/div>\n<div class=\"value\">Parkf\u00e1nak \u00e9s sorf\u00e1nak egyar\u00e1nt alkalmas.<\/div>\n<div><\/div>\n<div>\n<p style=\"line-height: 18.0pt; background: white; margin: 0cm 0cm 15.0pt 0cm;\"><strong><span style=\"font-family: 'Ubuntu',serif; color: black;\">El\u00e9rhet\u0151 t\u00f6bbf\u00e9le m\u00e9retben \u00e9s \u00e1rban.<\/span><\/strong><\/p>\n<p style=\"line-height: 18.0pt; background: white; margin: 0cm 0cm 15.0pt 0cm;\"><b><span style=\"font-family: 'Ubuntu',serif; color: black;\">K\u00e9szlet\u00fcnk napi szinten v\u00e1ltozik, ez\u00e9rt k\u00e9rj\u00fck, \u00e9rdekl\u0151dj\u00f6n szem\u00e9lyesen, telefonon vagy email-en.<br \/>\nA v\u00e1ltoztat\u00e1s jog\u00e1t fenntartjuk!\u00a0<\/span><\/b><\/p>\n<p><a href=\"https:\/\/tajkertesz.com\/\">https:\/\/tajkertesz.com\/<\/a><\/p>\n<p><a href=\"https:\/\/en.wikipedia.org\/wiki\/Malus_trilobata\">https:\/\/en.wikipedia.org\/wiki\/Malus_trilobata<\/a><\/p>\n<p><span style=\"color: #ffffff;\">Malus trilobata, Oszlopos d\u00edszalm<\/span><\/p>\n<p><span style=\"color: #ffffff;\">a D\u00edszalma magass\u00e1ga megk\u00f6zel\u00edt\u0151leg 8 m\u00e9ter.<\/span><\/p>\n<div class=\"row\">\n<div class=\"name\"><span style=\"color: #ffffff;\"><strong>Alakja<\/strong> :oszlopos , levele\u00a0 5-8 cm, 3 kar\u00e9j\u00fa, fogazott, f\u00e9nyes z\u00f6ld, \u0151sszel v\u00f6r\u00f6s sz\u00edn\u0171.<\/span><\/div>\n<\/div>\n<div class=\"row\">\n<div class=\"name\"><span style=\"color: #ffffff;\"><strong>Vir\u00e1ga<\/strong> :feh\u00e9r, 3,5 cm nagys\u00e1g\u00fa .M\u00e1jusban vir\u00e1gzik, term\u00e9se ellipszoid alak\u00fa, piros sz\u00edn\u0171.<\/span><\/div>\n<\/div>\n<div class=\"row\">\n<div class=\"name\"><span style=\"color: #ffffff;\"><strong>Ig\u00e9nyei:<\/strong><\/span><\/div>\n<div class=\"value\"><span style=\"color: #ffffff;\">T\u00e1panyagban d\u00fas talajt, napos helyet k\u00edv\u00e1n.<\/span><\/div>\n<\/div>\n<div class=\"row\">\n<div class=\"name\"><span style=\"color: #ffffff;\"><strong>Felhaszn\u00e1l\u00e1sa:<\/strong><\/span><\/div>\n<div class=\"value\"><span style=\"color: #ffffff;\">Parkf\u00e1nak \u00e9s sorf\u00e1nak egyar\u00e1nt alkalmas.<\/span><\/div>\n<div><\/div>\n<div>\n<p style=\"line-height: 18.0pt; background: white; margin: 0cm 0cm 15.0pt 0cm;\"><span style=\"color: #ffffff;\"><strong><span style=\"font-family: Ubuntu, serif;\">El\u00e9rhet\u0151 t\u00f6bbf\u00e9le m\u00e9retben \u00e9s \u00e1rban.<\/span><\/strong><\/span><\/p>\n<p style=\"line-height: 18.0pt; background: white; margin: 0cm 0cm 15.0pt 0cm;\"><span style=\"color: #ffffff;\"><b><span style=\"font-family: Ubuntu, serif;\">K\u00e9szlet\u00fcnk napi szinten v\u00e1ltozik, ez\u00e9rt k\u00e9rj\u00fck, \u00e9rdekl\u0151dj\u00f6n szem\u00e9lyesen, telefonon vagy email-en.<br \/>\nA v\u00e1ltoztat\u00e1s jog\u00e1t fenntartjuk!\u00a0<\/span><\/b><\/span><\/p>\n<p><span style=\"color: #ffffff;\">istribution [szerkeszt\u00e9s] A\u00e1zsiai elterjed\u00e9se mag\u00e1ban foglalja a Nyugat- \u00e9s D\u00e9l-Anat\u00f3li\u00e1t, Sz\u00edri\u00e1t, Libanont \u00e9s \u00c9szak-Izr\u00e1elt, m\u00edg Eur\u00f3p\u00e1ban terjed a G\u00f6r\u00f6gorsz\u00e1g Thr\u00e1kia keleti szakasz\u00e1ra (Evros prefekt\u00fara) \u00e9s Bulg\u00e1ria d\u00e9lkeleti r\u00e9sz\u00e9re. [2] A t\u00fal\u00e9l\u0151 libanoni f\u00e1k megtal\u00e1lhat\u00f3k a Mount Libanon hegys\u00e9gben, 1000\u20131 500 m\u00e9ter (3 300\u20134 900 l\u00e1b) tengerszint feletti magass\u00e1gban. [1] Az orsz\u00e1gban az endemikus vadon \u00e9l\u0151 alma utols\u00f3 megmaradt erdei k\u00f6z\u00f6ss\u00e9ge, amely v\u00e9dett, a Horsh Ehden Term\u00e9szetv\u00e9delmi Ter\u00fcleten \u00e9s a Jabal Moussa Bioszf\u00e9ra Rezerv\u00e1tumon tal\u00e1lhat\u00f3. Le\u00edr\u00e1s [szerkeszt\u00e9s] A\u00a0 f\u00fcgg\u0151leges szok\u00e1sa van, v\u00edzszintesen el\u00e1gaz\u00f3, \u00e9rett m\u00e9rete 15 m\u00e9ter (49 l\u00e1b), 7 m\u00e9ter (23 l\u00e1b) sz\u00e9less\u00e9g\u0171. [3] A levelek juharszer\u0171ek \u00e9s m\u00e9lyen h\u00e1rom\u00e1g\u00faak. Narancssz\u00ednr\u0151l v\u00f6r\u00f6sre m\u00e9lyen lila sz\u00edn\u0171re v\u00e1lnak \u0151sszel. [1] A fa \u00e1prilisban \u00e9s m\u00e1jusban vir\u00e1gzik, feh\u00e9r vir\u00e1gokat \u00e9s s\u00e1rga gy\u00fcm\u00f6lcs\u00f6ket produk\u00e1lva.<\/span><\/p>\n<\/div>\n<\/div>\n<\/div>\n<h2><\/h2>\n<\/div>\n","protected":false},"excerpt":{"rendered":"<p>Malus trilobata,Oszlopos d\u00edszalma<\/p>\n<div class=\"row\">\n<div class=\"name\">\u00a0A\u00a0 Malus trilobata,Oszlopos d\u00edszalma magass\u00e1ga megk\u00f6zel\u00edt\u0151leg 8 m\u00e9ter.<\/div>\n<div class=\"name\"><strong>Alakja<\/strong> :oszlopos , levele\u00a0 5-8 cm, 3 kar\u00e9j\u00fa, fogazott, f\u00e9nyes z\u00f6ld, \u0151sszel v\u00f6r\u00f6s sz\u00edn\u0171.<\/div>\n<\/div>\n<div class=\"row\">\n<div class=\"name\"><strong>Vir\u00e1ga<\/strong> :feh\u00e9r, 3,5 cm nagys\u00e1g\u00fa .M\u00e1jusban vir\u00e1gzik, term\u00e9se ellipszoid alak\u00fa, piros sz\u00edn\u0171.<\/div>\n<\/div>\n<div class=\"row\">\n<div class=\"name\"><strong>Ig\u00e9nyei:<\/strong><\/div>\n<div class=\"value\">T\u00e1panyagban d\u00fas talajt, napos helyet k\u00edv\u00e1n.<\/div>\n<\/div>\n<div class=\"row\">\n<div class=\"name\"><strong>Felhaszn\u00e1l\u00e1sa:<\/strong><\/div>\n<div class=\"value\">Parkf\u00e1nak \u00e9s sorf\u00e1nak egyar\u00e1nt alkalmas.<\/div>\n<\/div>","protected":false},"featured_media":927,"template":"","meta":{"_et_pb_use_builder":"","_et_pb_old_content":"","_et_gb_content_width":""},"product_brand":[],"product_cat":[28],"product_tag":[106,33,21,120,121],"class_list":{"0":"post-925","1":"product","2":"type-product","3":"status-publish","4":"has-post-thumbnail","6":"product_cat-diszfak","7":"product_tag-diszalma","8":"product_tag-diszfa","9":"product_tag-fa","10":"product_tag-malus-trilobata","11":"product_tag-oszlopos-diszalma","13":"first","14":"outofstock","15":"shipping-taxable","16":"purchasable","17":"product-type-simple"},"yoast_head":"<!-- This site is optimized with the Yoast SEO plugin v27.5 - https:\/\/yoast.com\/product\/yoast-seo-wordpress\/ -->\n<title>Malus trilobata,Oszlopos d\u00edszalma - T\u00e1jkert\u00e9sz<\/title>\n<meta name=\"description\" content=\"\u00a0a Malus trilobata,Oszlopos d\u00edszalma magass\u00e1ga megk\u00f6zel\u00edt\u0151leg 8 m\u00e9ter.Alakja oszlopos , levele\u00a0\u00a05-8 cm, 3 kar\u00e9j\u00fa, fogazott, f\u00e9nyes z\u00f6ld, \u0151sszel v\u00f6r\u00f6s sz\u00edn\u0171.\" \/>\n<meta name=\"robots\" content=\"index, follow, max-snippet:-1, max-image-preview:large, max-video-preview:-1\" \/>\n<link rel=\"canonical\" href=\"https:\/\/tajkertesz.com\/en_US\/product\/malus-trilobataoszlopos-diszalma\/\" \/>\n<meta property=\"og:locale\" content=\"en_US\" \/>\n<meta property=\"og:type\" content=\"article\" \/>\n<meta property=\"og:title\" content=\"Malus trilobata,Oszlopos d\u00edszalma - T\u00e1jkert\u00e9sz\" \/>\n<meta property=\"og:description\" content=\"\u00a0a Malus trilobata,Oszlopos d\u00edszalma magass\u00e1ga megk\u00f6zel\u00edt\u0151leg 8 m\u00e9ter.Alakja oszlopos , levele\u00a0\u00a05-8 cm, 3 kar\u00e9j\u00fa, fogazott, f\u00e9nyes z\u00f6ld, \u0151sszel v\u00f6r\u00f6s sz\u00edn\u0171.\" \/>\n<meta property=\"og:url\" content=\"https:\/\/tajkertesz.com\/en_US\/product\/malus-trilobataoszlopos-diszalma\/\" \/>\n<meta property=\"og:site_name\" content=\"T\u00e1jkert\u00e9sz\" \/>\n<meta property=\"article:publisher\" content=\"https:\/\/www.facebook.com\/Tajkertesz\/\" \/>\n<meta property=\"article:modified_time\" content=\"2023-12-15T09:20:58+00:00\" \/>\n<meta property=\"og:image\" content=\"https:\/\/tajkertesz.com\/wp-content\/uploads\/2020\/02\/Malus-trilobata2.jpg\" \/>\n\t<meta property=\"og:image:width\" content=\"225\" \/>\n\t<meta property=\"og:image:height\" content=\"225\" \/>\n\t<meta property=\"og:image:type\" content=\"image\/jpeg\" \/>\n<meta name=\"twitter:card\" content=\"summary_large_image\" \/>\n<meta name=\"twitter:label1\" content=\"Est. reading time\" \/>\n\t<meta name=\"twitter:data1\" content=\"2 minutes\" \/>\n<script type=\"application\/ld+json\" class=\"yoast-schema-graph\">{\"@context\":\"https:\\\/\\\/schema.org\",\"@graph\":[{\"@type\":\"WebPage\",\"@id\":\"https:\\\/\\\/tajkertesz.com\\\/termek\\\/malus-trilobataoszlopos-diszalma\\\/\",\"url\":\"https:\\\/\\\/tajkertesz.com\\\/termek\\\/malus-trilobataoszlopos-diszalma\\\/\",\"name\":\"Malus trilobata,Oszlopos d\u00edszalma - T\u00e1jkert\u00e9sz\",\"isPartOf\":{\"@id\":\"https:\\\/\\\/tajkertesz.com\\\/#website\"},\"primaryImageOfPage\":{\"@id\":\"https:\\\/\\\/tajkertesz.com\\\/termek\\\/malus-trilobataoszlopos-diszalma\\\/#primaryimage\"},\"image\":{\"@id\":\"https:\\\/\\\/tajkertesz.com\\\/termek\\\/malus-trilobataoszlopos-diszalma\\\/#primaryimage\"},\"thumbnailUrl\":\"https:\\\/\\\/tajkertesz.com\\\/wp-content\\\/uploads\\\/2020\\\/02\\\/Malus-trilobata2.jpg\",\"datePublished\":\"2020-02-18T14:29:22+00:00\",\"dateModified\":\"2023-12-15T09:20:58+00:00\",\"description\":\"\u00a0a Malus trilobata,Oszlopos d\u00edszalma magass\u00e1ga megk\u00f6zel\u00edt\u0151leg 8 m\u00e9ter.Alakja oszlopos , levele\u00a0\u00a05-8 cm, 3 kar\u00e9j\u00fa, fogazott, f\u00e9nyes z\u00f6ld, \u0151sszel v\u00f6r\u00f6s sz\u00edn\u0171.\",\"breadcrumb\":{\"@id\":\"https:\\\/\\\/tajkertesz.com\\\/termek\\\/malus-trilobataoszlopos-diszalma\\\/#breadcrumb\"},\"inLanguage\":\"en-US\",\"potentialAction\":[{\"@type\":\"ReadAction\",\"target\":[\"https:\\\/\\\/tajkertesz.com\\\/termek\\\/malus-trilobataoszlopos-diszalma\\\/\"]}]},{\"@type\":\"ImageObject\",\"inLanguage\":\"en-US\",\"@id\":\"https:\\\/\\\/tajkertesz.com\\\/termek\\\/malus-trilobataoszlopos-diszalma\\\/#primaryimage\",\"url\":\"https:\\\/\\\/tajkertesz.com\\\/wp-content\\\/uploads\\\/2020\\\/02\\\/Malus-trilobata2.jpg\",\"contentUrl\":\"https:\\\/\\\/tajkertesz.com\\\/wp-content\\\/uploads\\\/2020\\\/02\\\/Malus-trilobata2.jpg\",\"width\":225,\"height\":225},{\"@type\":\"BreadcrumbList\",\"@id\":\"https:\\\/\\\/tajkertesz.com\\\/termek\\\/malus-trilobataoszlopos-diszalma\\\/#breadcrumb\",\"itemListElement\":[{\"@type\":\"ListItem\",\"position\":1,\"name\":\"Home\",\"item\":\"https:\\\/\\\/tajkertesz.com\\\/\"},{\"@type\":\"ListItem\",\"position\":2,\"name\":\"Kezd\u0151lap\",\"item\":\"https:\\\/\\\/tajkertesz.com\\\/\"},{\"@type\":\"ListItem\",\"position\":3,\"name\":\"Malus trilobata,Oszlopos d\u00edszalma\"}]},{\"@type\":\"WebSite\",\"@id\":\"https:\\\/\\\/tajkertesz.com\\\/#website\",\"url\":\"https:\\\/\\\/tajkertesz.com\\\/\",\"name\":\"T\u00e1j-Kert\u00e9sz 84 Kft.\",\"description\":\"Kert\u00e9szeti kis- \u00e9s nagykeresked\u00e9s, D\u00edszn\u00f6v\u00e9ny web\u00e1ruh\u00e1z orsz\u00e1gos h\u00e1zhozsz\u00e1ll\u00edt\u00e1ssal!\",\"publisher\":{\"@id\":\"https:\\\/\\\/tajkertesz.com\\\/#organization\"},\"potentialAction\":[{\"@type\":\"SearchAction\",\"target\":{\"@type\":\"EntryPoint\",\"urlTemplate\":\"https:\\\/\\\/tajkertesz.com\\\/?s={search_term_string}\"},\"query-input\":{\"@type\":\"PropertyValueSpecification\",\"valueRequired\":true,\"valueName\":\"search_term_string\"}}],\"inLanguage\":\"en-US\"},{\"@type\":\"Organization\",\"@id\":\"https:\\\/\\\/tajkertesz.com\\\/#organization\",\"name\":\"T\u00e1j-Kert\u00e9sz 84 Kft.\",\"url\":\"https:\\\/\\\/tajkertesz.com\\\/\",\"logo\":{\"@type\":\"ImageObject\",\"inLanguage\":\"en-US\",\"@id\":\"https:\\\/\\\/tajkertesz.com\\\/#\\\/schema\\\/logo\\\/image\\\/\",\"url\":\"https:\\\/\\\/tajkertesz.com\\\/wp-content\\\/uploads\\\/2018\\\/02\\\/logo-2-e1518678052539.png\",\"contentUrl\":\"https:\\\/\\\/tajkertesz.com\\\/wp-content\\\/uploads\\\/2018\\\/02\\\/logo-2-e1518678052539.png\",\"width\":81,\"height\":140,\"caption\":\"T\u00e1j-Kert\u00e9sz 84 Kft.\"},\"image\":{\"@id\":\"https:\\\/\\\/tajkertesz.com\\\/#\\\/schema\\\/logo\\\/image\\\/\"},\"sameAs\":[\"https:\\\/\\\/www.facebook.com\\\/Tajkertesz\\\/\"]}]}<\/script>\n<!-- \/ Yoast SEO plugin. -->","yoast_head_json":{"title":"Malus trilobata,Oszlopos d\u00edszalma - T\u00e1jkert\u00e9sz","description":"\u00a0a Malus trilobata,Oszlopos d\u00edszalma magass\u00e1ga megk\u00f6zel\u00edt\u0151leg 8 m\u00e9ter.Alakja oszlopos , levele\u00a0\u00a05-8 cm, 3 kar\u00e9j\u00fa, fogazott, f\u00e9nyes z\u00f6ld, \u0151sszel v\u00f6r\u00f6s sz\u00edn\u0171.","robots":{"index":"index","follow":"follow","max-snippet":"max-snippet:-1","max-image-preview":"max-image-preview:large","max-video-preview":"max-video-preview:-1"},"canonical":"https:\/\/tajkertesz.com\/en_US\/product\/malus-trilobataoszlopos-diszalma\/","og_locale":"en_US","og_type":"article","og_title":"Malus trilobata,Oszlopos d\u00edszalma - T\u00e1jkert\u00e9sz","og_description":"\u00a0a Malus trilobata,Oszlopos d\u00edszalma magass\u00e1ga megk\u00f6zel\u00edt\u0151leg 8 m\u00e9ter.Alakja oszlopos , levele\u00a0\u00a05-8 cm, 3 kar\u00e9j\u00fa, fogazott, f\u00e9nyes z\u00f6ld, \u0151sszel v\u00f6r\u00f6s sz\u00edn\u0171.","og_url":"https:\/\/tajkertesz.com\/en_US\/product\/malus-trilobataoszlopos-diszalma\/","og_site_name":"T\u00e1jkert\u00e9sz","article_publisher":"https:\/\/www.facebook.com\/Tajkertesz\/","article_modified_time":"2023-12-15T09:20:58+00:00","og_image":[{"width":225,"height":225,"url":"https:\/\/tajkertesz.com\/wp-content\/uploads\/2020\/02\/Malus-trilobata2.jpg","type":"image\/jpeg"}],"twitter_card":"summary_large_image","twitter_misc":{"Est. reading time":"2 minutes"},"schema":{"@context":"https:\/\/schema.org","@graph":[{"@type":"WebPage","@id":"https:\/\/tajkertesz.com\/termek\/malus-trilobataoszlopos-diszalma\/","url":"https:\/\/tajkertesz.com\/termek\/malus-trilobataoszlopos-diszalma\/","name":"Malus trilobata,Oszlopos d\u00edszalma - T\u00e1jkert\u00e9sz","isPartOf":{"@id":"https:\/\/tajkertesz.com\/#website"},"primaryImageOfPage":{"@id":"https:\/\/tajkertesz.com\/termek\/malus-trilobataoszlopos-diszalma\/#primaryimage"},"image":{"@id":"https:\/\/tajkertesz.com\/termek\/malus-trilobataoszlopos-diszalma\/#primaryimage"},"thumbnailUrl":"https:\/\/tajkertesz.com\/wp-content\/uploads\/2020\/02\/Malus-trilobata2.jpg","datePublished":"2020-02-18T14:29:22+00:00","dateModified":"2023-12-15T09:20:58+00:00","description":"\u00a0a Malus trilobata,Oszlopos d\u00edszalma magass\u00e1ga megk\u00f6zel\u00edt\u0151leg 8 m\u00e9ter.Alakja oszlopos , levele\u00a0\u00a05-8 cm, 3 kar\u00e9j\u00fa, fogazott, f\u00e9nyes z\u00f6ld, \u0151sszel v\u00f6r\u00f6s sz\u00edn\u0171.","breadcrumb":{"@id":"https:\/\/tajkertesz.com\/termek\/malus-trilobataoszlopos-diszalma\/#breadcrumb"},"inLanguage":"en-US","potentialAction":[{"@type":"ReadAction","target":["https:\/\/tajkertesz.com\/termek\/malus-trilobataoszlopos-diszalma\/"]}]},{"@type":"ImageObject","inLanguage":"en-US","@id":"https:\/\/tajkertesz.com\/termek\/malus-trilobataoszlopos-diszalma\/#primaryimage","url":"https:\/\/tajkertesz.com\/wp-content\/uploads\/2020\/02\/Malus-trilobata2.jpg","contentUrl":"https:\/\/tajkertesz.com\/wp-content\/uploads\/2020\/02\/Malus-trilobata2.jpg","width":225,"height":225},{"@type":"BreadcrumbList","@id":"https:\/\/tajkertesz.com\/termek\/malus-trilobataoszlopos-diszalma\/#breadcrumb","itemListElement":[{"@type":"ListItem","position":1,"name":"Home","item":"https:\/\/tajkertesz.com\/"},{"@type":"ListItem","position":2,"name":"Kezd\u0151lap","item":"https:\/\/tajkertesz.com\/"},{"@type":"ListItem","position":3,"name":"Malus trilobata,Oszlopos d\u00edszalma"}]},{"@type":"WebSite","@id":"https:\/\/tajkertesz.com\/#website","url":"https:\/\/tajkertesz.com\/","name":"T\u00e1j-Kert\u00e9sz 84 Kft.","description":"Kert\u00e9szeti kis- \u00e9s nagykeresked\u00e9s, D\u00edszn\u00f6v\u00e9ny web\u00e1ruh\u00e1z orsz\u00e1gos h\u00e1zhozsz\u00e1ll\u00edt\u00e1ssal!","publisher":{"@id":"https:\/\/tajkertesz.com\/#organization"},"potentialAction":[{"@type":"SearchAction","target":{"@type":"EntryPoint","urlTemplate":"https:\/\/tajkertesz.com\/?s={search_term_string}"},"query-input":{"@type":"PropertyValueSpecification","valueRequired":true,"valueName":"search_term_string"}}],"inLanguage":"en-US"},{"@type":"Organization","@id":"https:\/\/tajkertesz.com\/#organization","name":"T\u00e1j-Kert\u00e9sz 84 Kft.","url":"https:\/\/tajkertesz.com\/","logo":{"@type":"ImageObject","inLanguage":"en-US","@id":"https:\/\/tajkertesz.com\/#\/schema\/logo\/image\/","url":"https:\/\/tajkertesz.com\/wp-content\/uploads\/2018\/02\/logo-2-e1518678052539.png","contentUrl":"https:\/\/tajkertesz.com\/wp-content\/uploads\/2018\/02\/logo-2-e1518678052539.png","width":81,"height":140,"caption":"T\u00e1j-Kert\u00e9sz 84 Kft."},"image":{"@id":"https:\/\/tajkertesz.com\/#\/schema\/logo\/image\/"},"sameAs":["https:\/\/www.facebook.com\/Tajkertesz\/"]}]}},"_links":{"self":[{"href":"https:\/\/tajkertesz.com\/en_US\/wp-json\/wp\/v2\/product\/925","targetHints":{"allow":["GET"]}}],"collection":[{"href":"https:\/\/tajkertesz.com\/en_US\/wp-json\/wp\/v2\/product"}],"about":[{"href":"https:\/\/tajkertesz.com\/en_US\/wp-json\/wp\/v2\/types\/product"}],"wp:featuredmedia":[{"embeddable":true,"href":"https:\/\/tajkertesz.com\/en_US\/wp-json\/wp\/v2\/media\/927"}],"wp:attachment":[{"href":"https:\/\/tajkertesz.com\/en_US\/wp-json\/wp\/v2\/media?parent=925"}],"wp:term":[{"taxonomy":"product_brand","embeddable":true,"href":"https:\/\/tajkertesz.com\/en_US\/wp-json\/wp\/v2\/product_brand?post=925"},{"taxonomy":"product_cat","embeddable":true,"href":"https:\/\/tajkertesz.com\/en_US\/wp-json\/wp\/v2\/product_cat?post=925"},{"taxonomy":"product_tag","embeddable":true,"href":"https:\/\/tajkertesz.com\/en_US\/wp-json\/wp\/v2\/product_tag?post=925"}],"curies":[{"name":"wp","href":"https:\/\/api.w.org\/{rel}","templated":true}]}}