{"id":9255,"date":"2021-09-16T12:33:16","date_gmt":"2021-09-16T12:33:16","guid":{"rendered":"https:\/\/tajkertesz.com\/?post_type=product&#038;p=9255"},"modified":"2025-10-02T09:50:24","modified_gmt":"2025-10-02T09:50:24","slug":"rubus-fruticosus-navaho-fekete-szeder","status":"publish","type":"product","link":"https:\/\/tajkertesz.com\/en_US\/product\/rubus-fruticosus-navaho-fekete-szeder\/","title":{"rendered":"Rubus fruticosus &#8216;Navaho&#8217; &#8211; Fekete szeder"},"content":{"rendered":"<h3 class=\"LC20lb DKV0Md\">Rubus fruticosus &#8216;Navaho&#8217; &#8211; Fekete szeder<a href=\"https:\/\/www.megyeriszabolcskerteszete.hu\/rubus_fruticosus_navaho_fekete_szeder\" data-ved=\"2ahUKEwiFuNydwIPzAhUSP-wKHZrWBEUQFnoECAYQAQ\"><br \/>\n<\/a><\/h3>\n<p class=\"LC20lb DKV0Md\">Rubus fruticosus &#8216;Navaho&#8217; &#8211; Fekete szeder<\/p>\n<p>A Navaho fajta oszlopos n\u00f6veked\u00e9s\u0171, \u00edgy kis ter\u00fcleten is gazdas\u00e1gosan termeszthet\u0151. Minden \u00e9vben \u00faj hajt\u00e1sokat fejleszt, ezek a m\u00e1sodik \u00e9vben teremnek. Vessz\u0151i t\u00fcsk\u00e9tlenek. A letermett vessz\u0151ket sz\u00fcret ut\u00e1n el kell t\u00e1vol\u00edtani, \u00e9s az eg\u00e9szs\u00e9ges, friss vessz\u0151ket megtartani, ezeken hozza majd a k\u00f6vetkez\u0151 \u00e9vi term\u00e9st. Er\u0151s, magas t\u00e1mrendszert ig\u00e9nyel, amely alkalmas a nagy t\u00f6meg megtart\u00e1s\u00e1ra. Napos, meleg fekv\u00e9st k\u00edv\u00e1n, k\u00fcl\u00f6nben nem \u00e9rik be a term\u00e9s.Term\u00e9shozama b\u0151s\u00e9ges, h\u00f3napokon kereszt\u00fcl sz\u00fcretelhet\u0151. M\u00e9lyfekete gy\u00fcm\u00f6lcsei nagy m\u00e9ret\u0171ek, f\u00e9nyesek, l\u00e9d\u00fasak, arom\u00e1sak \u00e9s rendk\u00edv\u00fcl illatosak.<\/p>\n<p>Jelen term\u00e9k\u00fcnk 3 literes kont\u00e9nerben kaphat\u00f3 \u00e9s kb. 50 cm magass\u00e1g\u00fa.<\/p>\n<p style=\"line-height: 18.0pt; background: white; margin: 0cm 0cm 15.0pt 0cm;\"><b><span style=\"font-family: 'Ubuntu',serif; color: black;\">K\u00e9szlet\u00fcnk napi szinten v\u00e1ltozik, ez\u00e9rt k\u00e9rj\u00fck, \u00e9rdekl\u0151dj\u00f6n szem\u00e9lyesen, telefonon vagy email-en.<br \/>\nA v\u00e1ltoztat\u00e1s jog\u00e1t fenntartjuk!\u00a0<\/span><\/b><\/p>\n<p><a href=\"https:\/\/tajkertesz.com\/\">https:\/\/tajkertesz.com\/<\/a><\/p>\n<p><a href=\"https:\/\/www.facebook.com\/tajkertesz\">https:\/\/www.facebook.com\/tajkertesz<\/a><\/p>\n<h6><span id=\"Jellemz\u0151i\" class=\"mw-headline\" style=\"color: #ffffff;\">Jellemz\u0151i<\/span><\/h6>\n<h6><span style=\"color: #ffffff;\">Gy\u00fcm\u00f6lcse nagy, pirosas vagy s\u00f6t\u00e9tbord\u00f3, l\u00e9d\u00fasabb, mint a szeder\u00e9 \u00e9s kiss\u00e9 fanyar. Bogy\u00f3ja k\u00fap alak\u00fa hosszan megny\u00falt, s\u00falya kb. 6 gramm. \u00c9r\u00e9si ideje j\u00fanius v\u00e9g\u00e9t\u0151l j\u00falius v\u00e9g\u00e9ig tart a m\u00e1lna\u00e9r\u00e9si szezonnal megegyez\u0151en. H\u00fas\u00e1llom\u00e1nya kem\u00e9ny, \u00edze f\u0171szeres enyh\u00e9n savanyk\u00e1s. A n\u00f6v\u00e9ny a betegs\u00e9gekkel szemben ellen\u00e1ll\u00f3. A szederm\u00e1lna \u00e1tlagos magass\u00e1ga kifejlett \u00e1llapot\u00e1ban el\u00e9rheti a 200 centim\u00e9tert is. A fagyra \u00e9rz\u00e9keny, \u00e1gai t\u00e9len takar\u00e1st ig\u00e9nyelnek.<\/span><\/h6>\n<h6><span style=\"color: #ffffff;\"><span id=\"Termeszt.C3.A9se\"><\/span><span id=\"Termeszt\u00e9se\" class=\"mw-headline\">Termeszt\u00e9se<\/span><\/span><\/h6>\n<h6><span style=\"color: #ffffff;\">A gy\u00fcm\u00f6lcs termeszt\u00e9se megegyezik a szeder\u00e9vel. \u00dcltet\u00e9si id\u0151szaka a m\u00e1rcius \u00e9s a november, \u00fcltet\u00e9si t\u00e1vols\u00e1ga nagyj\u00e1b\u00f3l 1-1,5 m. Kedveli a t\u00e1panyagban d\u00fas talajt. Jellemz\u0151, hogy t\u00e1mrendszert \u00e9s rendszeres k\u00f6t\u00f6z\u00e9st ig\u00e9nyel, ez\u00e9rt \u00e9rdemes ker\u00edt\u00e9s vagy lugas mell\u00e9 telep\u00edteni. Magass\u00e1ga kifejlett kor\u00e1ban el\u00e9rheti a 2-2,5 m\u00e9tert is. Er\u0151s t\u00fcsk\u00e9zetts\u00e9ge miatt c\u00e9lszer\u0171 a sarjak \u00e9s a term\u0151vessz\u0151k sz\u00e9tv\u00e1logat\u00e1sa a k\u00f6nnyebb szed\u00e9s \u00e9rdek\u00e9ben. Nagyon k\u00f6nnyen szapor\u00edthat\u00f3, mivel a f\u00f6ldre le\u00e9r\u0151 \u00e1gak k\u00e9pesek legy\u00f6kerezni. H\u00e1zikerti telep\u00edt\u00e9sre javasolhat\u00f3 gy\u00fcm\u00f6lcsk\u00fcl\u00f6nlegess\u00e9g. \u00c9r\u00e9si id\u0151szaka a j\u00falius &#8211; augusztus. Tetszet\u0151s, darabos gy\u00fcm\u00f6lcse azonban \u00fczemi m\u00e9ret\u0171 telep\u00edt\u00e9sre is alkalmas lenne, amennyiben sz\u00e9lesebb k\u00f6rben ismertt\u00e9 tenn\u00e9k a fogyaszt\u00f3k el\u0151tt.<\/span><\/h6>\n<h6><span id=\"Jellemz\u0151i\" class=\"mw-headline\" style=\"color: #ffffff;\">Jellemz\u0151i<\/span><\/h6>\n<h6><span style=\"color: #ffffff;\">Gy\u00fcm\u00f6lcse nagy, pirosas vagy s\u00f6t\u00e9tbord\u00f3, l\u00e9d\u00fasabb, mint a szeder\u00e9 \u00e9s kiss\u00e9 fanyar. Bogy\u00f3ja k\u00fap alak\u00fa hosszan megny\u00falt, s\u00falya kb. 6 gramm. \u00c9r\u00e9si ideje j\u00fanius v\u00e9g\u00e9t\u0151l j\u00falius v\u00e9g\u00e9ig tart a m\u00e1lna\u00e9r\u00e9si szezonnal megegyez\u0151en. H\u00fas\u00e1llom\u00e1nya kem\u00e9ny, \u00edze f\u0171szeres enyh\u00e9n savanyk\u00e1s. A n\u00f6v\u00e9ny a betegs\u00e9gekkel szemben ellen\u00e1ll\u00f3. A szederm\u00e1lna \u00e1tlagos magass\u00e1ga kifejlett \u00e1llapot\u00e1ban el\u00e9rheti a 200 centim\u00e9tert is. A fagyra \u00e9rz\u00e9keny, \u00e1gai t\u00e9len takar\u00e1st ig\u00e9nyelnek.<\/span><\/h6>\n<h6><span style=\"color: #ffffff;\"><span id=\"Termeszt.C3.A9se\"><\/span><span id=\"Termeszt\u00e9se\" class=\"mw-headline\">Termeszt\u00e9se<\/span><\/span><\/h6>\n<h6><span style=\"color: #ffffff;\">A gy\u00fcm\u00f6lcs termeszt\u00e9se megegyezik a szeder\u00e9vel. \u00dcltet\u00e9si id\u0151szaka a m\u00e1rcius \u00e9s a november, \u00fcltet\u00e9si t\u00e1vols\u00e1ga nagyj\u00e1b\u00f3l 1-1,5 m. Kedveli a t\u00e1panyagban d\u00fas talajt. Jellemz\u0151, hogy t\u00e1mrendszert \u00e9s rendszeres k\u00f6t\u00f6z\u00e9st ig\u00e9nyel, ez\u00e9rt \u00e9rdemes ker\u00edt\u00e9s vagy lugas mell\u00e9 telep\u00edteni. Magass\u00e1ga kifejlett kor\u00e1ban el\u00e9rheti a 2-2,5 m\u00e9tert is. Er\u0151s t\u00fcsk\u00e9zetts\u00e9ge miatt c\u00e9lszer\u0171 a sarjak \u00e9s a term\u0151vessz\u0151k sz\u00e9tv\u00e1logat\u00e1sa a k\u00f6nnyebb szed\u00e9s \u00e9rdek\u00e9ben. Nagyon k\u00f6nnyen szapor\u00edthat\u00f3, mivel a f\u00f6ldre le\u00e9r\u0151 \u00e1gak k\u00e9pesek legy\u00f6kerezni. H\u00e1zikerti telep\u00edt\u00e9sre javasolhat\u00f3 gy\u00fcm\u00f6lcsk\u00fcl\u00f6nlegess\u00e9g. \u00c9r\u00e9si id\u0151szaka a j\u00falius &#8211; augusztus. Tetszet\u0151s, darabos gy\u00fcm\u00f6lcse azonban \u00fczemi m\u00e9ret\u0171 telep\u00edt\u00e9sre is alkalmas lenne, amennyiben sz\u00e9lesebb k\u00f6rben ismertt\u00e9 tenn\u00e9k a fogyaszt\u00f3k el\u0151tt.SSzz<\/span><\/h6>\n<p>&nbsp;<\/p>\n<p>&nbsp;<\/p>\n<p>Sz\u00e1ll\u00edt\u00e1s 200 cm \u00e9s 40 kg-ig lehets\u00e9ges fut\u00e1rszolg\u00e1lattal , egy\u00e9b m\u00e9ret eset\u00e9n egyedi sz\u00e1ll\u00edt\u00e1si felt\u00e9tel egyeztet\u00e9se sz\u00fcks\u00e9ges.<\/p>","protected":false},"excerpt":{"rendered":"<h3 class=\"LC20lb DKV0Md\">Rubus fruticosus &#8216;Navaho&#8217; &#8211; Fekete szeder<\/h3>","protected":false},"featured_media":9256,"template":"","meta":{"_et_pb_use_builder":"","_et_pb_old_content":"","_et_gb_content_width":""},"product_brand":[],"product_cat":[29],"product_tag":[2696],"class_list":{"0":"post-9255","1":"product","2":"type-product","3":"status-publish","4":"has-post-thumbnail","6":"product_cat-gyumolcsfak-gyumolcstermo-novenyek","7":"product_tag-rubus-fruticosus-navaho-fekete-szeder","9":"first","10":"outofstock","11":"shipping-taxable","12":"product-type-simple"},"yoast_head":"<!-- This site is optimized with the Yoast SEO plugin v27.3 - https:\/\/yoast.com\/product\/yoast-seo-wordpress\/ -->\n<title>Rubus fruticosus &#039;Navaho&#039; - Fekete szeder - T\u00e1jkert\u00e9sz<\/title>\n<meta name=\"description\" content=\"Rubus fruticosus &#039;Navaho&#039; - Fekete szeder\" \/>\n<meta name=\"robots\" content=\"index, follow, max-snippet:-1, max-image-preview:large, max-video-preview:-1\" \/>\n<link rel=\"canonical\" href=\"https:\/\/tajkertesz.com\/en_US\/product\/rubus-fruticosus-navaho-fekete-szeder\/\" \/>\n<meta property=\"og:locale\" content=\"en_US\" \/>\n<meta property=\"og:type\" content=\"article\" \/>\n<meta property=\"og:title\" content=\"Rubus fruticosus &#039;Navaho&#039; - Fekete szeder - T\u00e1jkert\u00e9sz\" \/>\n<meta property=\"og:description\" content=\"Rubus fruticosus &#039;Navaho&#039; - Fekete szeder\" \/>\n<meta property=\"og:url\" content=\"https:\/\/tajkertesz.com\/en_US\/product\/rubus-fruticosus-navaho-fekete-szeder\/\" \/>\n<meta property=\"og:site_name\" content=\"T\u00e1jkert\u00e9sz\" \/>\n<meta property=\"article:publisher\" content=\"https:\/\/www.facebook.com\/Tajkertesz\/\" \/>\n<meta property=\"article:modified_time\" content=\"2025-10-02T09:50:24+00:00\" \/>\n<meta property=\"og:image\" content=\"https:\/\/tajkertesz.com\/wp-content\/uploads\/2021\/09\/Rubus_fruticosus_Navaho.jpg\" \/>\n\t<meta property=\"og:image:width\" content=\"334\" \/>\n\t<meta property=\"og:image:height\" content=\"500\" \/>\n\t<meta property=\"og:image:type\" content=\"image\/jpeg\" \/>\n<meta name=\"twitter:card\" content=\"summary_large_image\" \/>\n<meta name=\"twitter:label1\" content=\"Est. reading time\" \/>\n\t<meta name=\"twitter:data1\" content=\"3 minutes\" \/>\n<script type=\"application\/ld+json\" class=\"yoast-schema-graph\">{\"@context\":\"https:\\\/\\\/schema.org\",\"@graph\":[{\"@type\":\"WebPage\",\"@id\":\"https:\\\/\\\/tajkertesz.com\\\/termek\\\/rubus-fruticosus-navaho-fekete-szeder\\\/\",\"url\":\"https:\\\/\\\/tajkertesz.com\\\/termek\\\/rubus-fruticosus-navaho-fekete-szeder\\\/\",\"name\":\"Rubus fruticosus 'Navaho' - Fekete szeder - T\u00e1jkert\u00e9sz\",\"isPartOf\":{\"@id\":\"https:\\\/\\\/tajkertesz.com\\\/#website\"},\"primaryImageOfPage\":{\"@id\":\"https:\\\/\\\/tajkertesz.com\\\/termek\\\/rubus-fruticosus-navaho-fekete-szeder\\\/#primaryimage\"},\"image\":{\"@id\":\"https:\\\/\\\/tajkertesz.com\\\/termek\\\/rubus-fruticosus-navaho-fekete-szeder\\\/#primaryimage\"},\"thumbnailUrl\":\"https:\\\/\\\/tajkertesz.com\\\/wp-content\\\/uploads\\\/2021\\\/09\\\/Rubus_fruticosus_Navaho.jpg\",\"datePublished\":\"2021-09-16T12:33:16+00:00\",\"dateModified\":\"2025-10-02T09:50:24+00:00\",\"description\":\"Rubus fruticosus 'Navaho' - Fekete szeder\",\"breadcrumb\":{\"@id\":\"https:\\\/\\\/tajkertesz.com\\\/termek\\\/rubus-fruticosus-navaho-fekete-szeder\\\/#breadcrumb\"},\"inLanguage\":\"en-US\",\"potentialAction\":[{\"@type\":\"ReadAction\",\"target\":[\"https:\\\/\\\/tajkertesz.com\\\/termek\\\/rubus-fruticosus-navaho-fekete-szeder\\\/\"]}]},{\"@type\":\"ImageObject\",\"inLanguage\":\"en-US\",\"@id\":\"https:\\\/\\\/tajkertesz.com\\\/termek\\\/rubus-fruticosus-navaho-fekete-szeder\\\/#primaryimage\",\"url\":\"https:\\\/\\\/tajkertesz.com\\\/wp-content\\\/uploads\\\/2021\\\/09\\\/Rubus_fruticosus_Navaho.jpg\",\"contentUrl\":\"https:\\\/\\\/tajkertesz.com\\\/wp-content\\\/uploads\\\/2021\\\/09\\\/Rubus_fruticosus_Navaho.jpg\",\"width\":334,\"height\":500},{\"@type\":\"BreadcrumbList\",\"@id\":\"https:\\\/\\\/tajkertesz.com\\\/termek\\\/rubus-fruticosus-navaho-fekete-szeder\\\/#breadcrumb\",\"itemListElement\":[{\"@type\":\"ListItem\",\"position\":1,\"name\":\"Home\",\"item\":\"https:\\\/\\\/tajkertesz.com\\\/\"},{\"@type\":\"ListItem\",\"position\":2,\"name\":\"Kezd\u0151lap\",\"item\":\"https:\\\/\\\/tajkertesz.com\\\/\"},{\"@type\":\"ListItem\",\"position\":3,\"name\":\"Rubus fruticosus &#8216;Navaho&#8217; &#8211; Fekete szeder\"}]},{\"@type\":\"WebSite\",\"@id\":\"https:\\\/\\\/tajkertesz.com\\\/#website\",\"url\":\"https:\\\/\\\/tajkertesz.com\\\/\",\"name\":\"T\u00e1j-Kert\u00e9sz 84 Kft.\",\"description\":\"Kert\u00e9szeti kis- \u00e9s nagykeresked\u00e9s, D\u00edszn\u00f6v\u00e9ny web\u00e1ruh\u00e1z orsz\u00e1gos h\u00e1zhozsz\u00e1ll\u00edt\u00e1ssal!\",\"publisher\":{\"@id\":\"https:\\\/\\\/tajkertesz.com\\\/#organization\"},\"potentialAction\":[{\"@type\":\"SearchAction\",\"target\":{\"@type\":\"EntryPoint\",\"urlTemplate\":\"https:\\\/\\\/tajkertesz.com\\\/?s={search_term_string}\"},\"query-input\":{\"@type\":\"PropertyValueSpecification\",\"valueRequired\":true,\"valueName\":\"search_term_string\"}}],\"inLanguage\":\"en-US\"},{\"@type\":\"Organization\",\"@id\":\"https:\\\/\\\/tajkertesz.com\\\/#organization\",\"name\":\"T\u00e1j-Kert\u00e9sz 84 Kft.\",\"url\":\"https:\\\/\\\/tajkertesz.com\\\/\",\"logo\":{\"@type\":\"ImageObject\",\"inLanguage\":\"en-US\",\"@id\":\"https:\\\/\\\/tajkertesz.com\\\/#\\\/schema\\\/logo\\\/image\\\/\",\"url\":\"https:\\\/\\\/tajkertesz.com\\\/wp-content\\\/uploads\\\/2018\\\/02\\\/logo-2-e1518678052539.png\",\"contentUrl\":\"https:\\\/\\\/tajkertesz.com\\\/wp-content\\\/uploads\\\/2018\\\/02\\\/logo-2-e1518678052539.png\",\"width\":81,\"height\":140,\"caption\":\"T\u00e1j-Kert\u00e9sz 84 Kft.\"},\"image\":{\"@id\":\"https:\\\/\\\/tajkertesz.com\\\/#\\\/schema\\\/logo\\\/image\\\/\"},\"sameAs\":[\"https:\\\/\\\/www.facebook.com\\\/Tajkertesz\\\/\"]}]}<\/script>\n<!-- \/ Yoast SEO plugin. -->","yoast_head_json":{"title":"Rubus fruticosus 'Navaho' - Fekete szeder - T\u00e1jkert\u00e9sz","description":"Rubus fruticosus 'Navaho' - Fekete szeder","robots":{"index":"index","follow":"follow","max-snippet":"max-snippet:-1","max-image-preview":"max-image-preview:large","max-video-preview":"max-video-preview:-1"},"canonical":"https:\/\/tajkertesz.com\/en_US\/product\/rubus-fruticosus-navaho-fekete-szeder\/","og_locale":"en_US","og_type":"article","og_title":"Rubus fruticosus 'Navaho' - Fekete szeder - T\u00e1jkert\u00e9sz","og_description":"Rubus fruticosus 'Navaho' - Fekete szeder","og_url":"https:\/\/tajkertesz.com\/en_US\/product\/rubus-fruticosus-navaho-fekete-szeder\/","og_site_name":"T\u00e1jkert\u00e9sz","article_publisher":"https:\/\/www.facebook.com\/Tajkertesz\/","article_modified_time":"2025-10-02T09:50:24+00:00","og_image":[{"width":334,"height":500,"url":"https:\/\/tajkertesz.com\/wp-content\/uploads\/2021\/09\/Rubus_fruticosus_Navaho.jpg","type":"image\/jpeg"}],"twitter_card":"summary_large_image","twitter_misc":{"Est. reading time":"3 minutes"},"schema":{"@context":"https:\/\/schema.org","@graph":[{"@type":"WebPage","@id":"https:\/\/tajkertesz.com\/termek\/rubus-fruticosus-navaho-fekete-szeder\/","url":"https:\/\/tajkertesz.com\/termek\/rubus-fruticosus-navaho-fekete-szeder\/","name":"Rubus fruticosus 'Navaho' - Fekete szeder - T\u00e1jkert\u00e9sz","isPartOf":{"@id":"https:\/\/tajkertesz.com\/#website"},"primaryImageOfPage":{"@id":"https:\/\/tajkertesz.com\/termek\/rubus-fruticosus-navaho-fekete-szeder\/#primaryimage"},"image":{"@id":"https:\/\/tajkertesz.com\/termek\/rubus-fruticosus-navaho-fekete-szeder\/#primaryimage"},"thumbnailUrl":"https:\/\/tajkertesz.com\/wp-content\/uploads\/2021\/09\/Rubus_fruticosus_Navaho.jpg","datePublished":"2021-09-16T12:33:16+00:00","dateModified":"2025-10-02T09:50:24+00:00","description":"Rubus fruticosus 'Navaho' - Fekete szeder","breadcrumb":{"@id":"https:\/\/tajkertesz.com\/termek\/rubus-fruticosus-navaho-fekete-szeder\/#breadcrumb"},"inLanguage":"en-US","potentialAction":[{"@type":"ReadAction","target":["https:\/\/tajkertesz.com\/termek\/rubus-fruticosus-navaho-fekete-szeder\/"]}]},{"@type":"ImageObject","inLanguage":"en-US","@id":"https:\/\/tajkertesz.com\/termek\/rubus-fruticosus-navaho-fekete-szeder\/#primaryimage","url":"https:\/\/tajkertesz.com\/wp-content\/uploads\/2021\/09\/Rubus_fruticosus_Navaho.jpg","contentUrl":"https:\/\/tajkertesz.com\/wp-content\/uploads\/2021\/09\/Rubus_fruticosus_Navaho.jpg","width":334,"height":500},{"@type":"BreadcrumbList","@id":"https:\/\/tajkertesz.com\/termek\/rubus-fruticosus-navaho-fekete-szeder\/#breadcrumb","itemListElement":[{"@type":"ListItem","position":1,"name":"Home","item":"https:\/\/tajkertesz.com\/"},{"@type":"ListItem","position":2,"name":"Kezd\u0151lap","item":"https:\/\/tajkertesz.com\/"},{"@type":"ListItem","position":3,"name":"Rubus fruticosus &#8216;Navaho&#8217; &#8211; Fekete szeder"}]},{"@type":"WebSite","@id":"https:\/\/tajkertesz.com\/#website","url":"https:\/\/tajkertesz.com\/","name":"T\u00e1j-Kert\u00e9sz 84 Kft.","description":"Kert\u00e9szeti kis- \u00e9s nagykeresked\u00e9s, D\u00edszn\u00f6v\u00e9ny web\u00e1ruh\u00e1z orsz\u00e1gos h\u00e1zhozsz\u00e1ll\u00edt\u00e1ssal!","publisher":{"@id":"https:\/\/tajkertesz.com\/#organization"},"potentialAction":[{"@type":"SearchAction","target":{"@type":"EntryPoint","urlTemplate":"https:\/\/tajkertesz.com\/?s={search_term_string}"},"query-input":{"@type":"PropertyValueSpecification","valueRequired":true,"valueName":"search_term_string"}}],"inLanguage":"en-US"},{"@type":"Organization","@id":"https:\/\/tajkertesz.com\/#organization","name":"T\u00e1j-Kert\u00e9sz 84 Kft.","url":"https:\/\/tajkertesz.com\/","logo":{"@type":"ImageObject","inLanguage":"en-US","@id":"https:\/\/tajkertesz.com\/#\/schema\/logo\/image\/","url":"https:\/\/tajkertesz.com\/wp-content\/uploads\/2018\/02\/logo-2-e1518678052539.png","contentUrl":"https:\/\/tajkertesz.com\/wp-content\/uploads\/2018\/02\/logo-2-e1518678052539.png","width":81,"height":140,"caption":"T\u00e1j-Kert\u00e9sz 84 Kft."},"image":{"@id":"https:\/\/tajkertesz.com\/#\/schema\/logo\/image\/"},"sameAs":["https:\/\/www.facebook.com\/Tajkertesz\/"]}]}},"_links":{"self":[{"href":"https:\/\/tajkertesz.com\/en_US\/wp-json\/wp\/v2\/product\/9255","targetHints":{"allow":["GET"]}}],"collection":[{"href":"https:\/\/tajkertesz.com\/en_US\/wp-json\/wp\/v2\/product"}],"about":[{"href":"https:\/\/tajkertesz.com\/en_US\/wp-json\/wp\/v2\/types\/product"}],"wp:featuredmedia":[{"embeddable":true,"href":"https:\/\/tajkertesz.com\/en_US\/wp-json\/wp\/v2\/media\/9256"}],"wp:attachment":[{"href":"https:\/\/tajkertesz.com\/en_US\/wp-json\/wp\/v2\/media?parent=9255"}],"wp:term":[{"taxonomy":"product_brand","embeddable":true,"href":"https:\/\/tajkertesz.com\/en_US\/wp-json\/wp\/v2\/product_brand?post=9255"},{"taxonomy":"product_cat","embeddable":true,"href":"https:\/\/tajkertesz.com\/en_US\/wp-json\/wp\/v2\/product_cat?post=9255"},{"taxonomy":"product_tag","embeddable":true,"href":"https:\/\/tajkertesz.com\/en_US\/wp-json\/wp\/v2\/product_tag?post=9255"}],"curies":[{"name":"wp","href":"https:\/\/api.w.org\/{rel}","templated":true}]}}