{"id":9259,"date":"2024-10-30T10:45:47","date_gmt":"2024-10-30T10:45:47","guid":{"rendered":"https:\/\/tajkertesz.com\/?post_type=product&#038;p=9259"},"modified":"2026-04-28T14:47:54","modified_gmt":"2026-04-28T14:47:54","slug":"rubus-idaeus-tulameen-malna","status":"publish","type":"product","link":"https:\/\/tajkertesz.com\/en_US\/product\/rubus-idaeus-tulameen-malna\/","title":{"rendered":"Rubus idaeus &#8216;Tulameen&#8217; &#8211; M\u00e1lna"},"content":{"rendered":"<h1 class=\"LC20lb DKV0Md\">Rubus idaeus &#8216;Tulameen&#8217; &#8211; M\u00e1lna<\/h1>\n<p>A Rubus idaeus &#8216;Tulameen&#8217; &#8211; M\u00e1lna egy rendk\u00edv\u00fcl n\u00e9pszer\u0171 fajta, amelyet a kanadai Vancouverben nemes\u00edtettek 1991-ben. A \u2018Nootka\u2019 \u00e9s a \u2018Glen Prosen\u2019 fajt\u00e1k keresztez\u00e9s\u00e9vel j\u00f6tt l\u00e9tre, \u00e9s az\u00f3ta vil\u00e1gszerte elismertt\u00e9 v\u00e1lt nagy, \u00edzletes gy\u00fcm\u00f6lcsei miatt.<\/p>\n<h2 class=\"LC20lb DKV0Md\">Rubus idaeus &#8216;Tulameen&#8217; jellemz\u0151i<\/h2>\n<p>A \u2018Tulameen\u2019 m\u00e1lna\u00a0 k\u00f6zepesen er\u0151teljes n\u00f6veked\u00e9s\u0171, kifejlett magass\u00e1ga 1,5-2 m\u00e9ter is lehet. Vessz\u0151i er\u0151sek, fel\u00e1ll\u00f3k, sz\u00fcrk\u00e9s-s\u00e1rga sz\u00edn\u0171ek, \u00e9s k\u00f6zepesen t\u00fcsk\u00e9sek. A n\u00f6v\u00e9ny levelei k\u00f6z\u00e9pz\u00f6ldek, p\u00e1ratlanul sz\u00e1rnyaltak, 3-5 tag\u00faak, r\u00e1ncosak, fel\u00fcl sim\u00e1k, alul gyapjasak, sz\u00e9leik f\u0171r\u00e9szfogasak. A \u2018Tulameen\u2019 m\u00e1lna sarjk\u00e9pz\u00e9se j\u00f3, nevel\u00e9s\u00e9hez t\u00e1mrendszer sz\u00fcks\u00e9ges.<\/p>\n<p>A gy\u00fcm\u00f6lcs\u00f6k m\u00e1jus v\u00e9g\u00e9t\u0151l j\u00falius k\u00f6zep\u00e9ig \u00e9rnek, nagy m\u00e9ret\u0171ek (5-7 g), hossz\u00fak\u00e1s, k\u00fap alak\u00faak, f\u00e9nyesek \u00e9s \u00e9l\u00e9nkpiros sz\u00edn\u0171ek. A gy\u00fcm\u00f6lcs\u00f6k k\u00f6nnyen szedhet\u0151k, nem peregnek, \u00e9s h\u00fasa szil\u00e1rd, \u00e9des, \u00edzletes, kellemes m\u00e1lna arom\u00e1j\u00fa. Friss fogyaszt\u00e1sra, konyhai feldolgoz\u00e1sra, fagyaszt\u00e1sra \u00e9s t\u00e1rol\u00e1sra egyar\u00e1nt kiv\u00e1l\u00f3.<\/p>\n<h3>A m\u00e1lna gondoz\u00e1sa<\/h3>\n<p>A\u00a0 m\u00e1lna j\u00f3 v\u00edz- \u00e9s leveg\u0151gazd\u00e1lkod\u00e1s\u00fa, humuszban \u00e9s t\u00e1panyagban gazdag, k\u00f6z\u00e9pk\u00f6t\u00f6tt talajt ig\u00e9nyel. K\u00f6zepes f\u00e9ny- \u00e9s h\u0151ig\u00e9ny\u0171, sz\u00e9lv\u00e9dett, napos vagy f\u00e9l\u00e1rny\u00e9kos fekv\u00e9sben fejl\u0151dik a legszebben. A forr\u00f3, sz\u00e1raz id\u0151j\u00e1r\u00e1st nem kedveli, a gy\u00fcm\u00f6lcs\u00f6k r\u00e1s\u00fclhetnek a vacokk\u00fapra. Nagy v\u00edzig\u00e9ny\u0171, ez\u00e9rt fontos, hogy talaja ne sz\u00e1radjon ki, k\u00fcl\u00f6n\u00f6sen a term\u00e9sk\u00f6t\u00e9s id\u0151szak\u00e1ban \u00e9s asz\u00e1lyos, csapad\u00e9kmentes id\u0151ben rendszeres \u00f6nt\u00f6z\u00e9st ig\u00e9nyel. A pang\u00f3 v\u00edzt\u0151l viszont \u00f3vni kell.<\/p>\n<p>A telep\u00edt\u00e9s el\u0151tt a ter\u00fcletet alaposan meg kell tiszt\u00edtani a gyomokt\u00f3l, \u00e9s a k\u00e9s\u0151bbiekben is \u00fcgyelni kell a talaj gyommentesen tart\u00e1s\u00e1ra. A t\u00f6vek mulcsol\u00e1s\u00e1val cs\u00f6kkenthet\u0151 a gyomok sz\u00e1ma, a talaj h\u0151m\u00e9rs\u00e9klet\u00e9nek ingadoz\u00e1sa, \u00e9s seg\u00edthet\u0151 a talaj nedvess\u00e9gtartalm\u00e1nak meg\u0151rz\u00e9se. A t\u00e9li vagy ritk\u00edt\u00f3 metsz\u00e9s sor\u00e1n a kor\u00e1bbi \u00e9vben letermett vessz\u0151ket, valamint a gyenge fejl\u0151d\u00e9s\u0171, fiatal hajt\u00e1sokat a talaj felett kell kimetszeni. Egy t\u00f6v\u00f6n 2-3 hajt\u00e1st \u00e9rdemes hagyni, enn\u00e9l t\u00f6bb nem ad megfelel\u0151 mennyis\u00e9g\u0171 term\u00e9st.<\/p>\n<p>A \u2018Tulameen\u2019 m\u00e1lna betegs\u00e9gekkel szembeni ellen\u00e1ll\u00f3 k\u00e9pess\u00e9ge j\u00f3. A szabadgy\u00f6ker\u0171 n\u00f6v\u00e9nyeket m\u00e1rcius-\u00e1prilisban, valamint okt\u00f3ber-november k\u00f6z\u00f6tt, m\u00edg a kont\u00e9nereseket m\u00e1rciust\u00f3l novemberig vagy fagymentes id\u0151ben ak\u00e1r t\u00e9len is lehet \u00fcltetni.<\/p>\n<p>Jelenlegi term\u00e9k\u00fcnk 50-70 cm magas, 2 literes kont\u00e9nerben kaphat\u00f3.<\/p>\n<p style=\"line-height: 18.0pt; background: white; margin: 0cm 0cm 15.0pt 0cm;\"><b><span style=\"font-family: 'Ubuntu',serif; color: black;\">K\u00e9szlet\u00fcnk napi szinten v\u00e1ltozik, ez\u00e9rt k\u00e9rj\u00fck, \u00e9rdekl\u0151dj\u00f6n szem\u00e9lyesen, telefonon vagy email-en.<br \/>\nA v\u00e1ltoztat\u00e1s jog\u00e1t fenntartjuk!\u00a0<\/span><\/b><\/p>\n<p><a href=\"https:\/\/tajkertesz.com\/\">https:\/\/tajkertesz.com\/<\/a><\/p>\n<p><a href=\"https:\/\/www.facebook.com\/tajkertesz\">https:\/\/www.facebook.com\/tajkertesz<\/a><\/p>\n<p>Sz\u00e1ll\u00edt\u00e1s 200 cm \u00e9s 40 kg-ig lehets\u00e9ges fut\u00e1rszolg\u00e1lattal , egy\u00e9b m\u00e9ret eset\u00e9n egyedi sz\u00e1ll\u00edt\u00e1si felt\u00e9tel egyeztet\u00e9se sz\u00fcks\u00e9ges.<\/p>","protected":false},"excerpt":{"rendered":"<h3 class=\"LC20lb DKV0Md\">Rubus idaeus &#8216;Tulameen&#8217; &#8211; M\u00e1lna<\/h3>\n<p>J\u00faliust\u00f3l augusztus v\u00e9g\u00e9ig szedhet\u0151. Term\u00e9se nagyon nagy, 5-7 gramm, megny\u00falt k\u00fap alak\u00fa, f\u00e9nyes. H\u00fasa szil\u00e1rd, nagyon \u00edzletes.<\/p>","protected":false},"featured_media":9260,"template":"","meta":{"_et_pb_use_builder":"","_et_pb_old_content":"","_et_gb_content_width":""},"product_brand":[],"product_cat":[5384],"product_tag":[726,2698],"class_list":{"0":"post-9259","1":"product","2":"type-product","3":"status-publish","4":"has-post-thumbnail","6":"product_cat-malna","7":"product_tag-malna","8":"product_tag-rubus-idaeus-tulameen-malna","10":"first","11":"instock","12":"shipping-taxable","13":"purchasable","14":"product-type-simple"},"yoast_head":"<!-- This site is optimized with the Yoast SEO plugin v27.5 - https:\/\/yoast.com\/product\/yoast-seo-wordpress\/ -->\n<title>Rubus idaeus &#039;Tulameen&#039; - M\u00e1lna - T\u00e1jkert\u00e9sz<\/title>\n<meta name=\"description\" content=\"Rubus idaeus &#039;Tulameen&#039; - M\u00e1lna k\u00f6zepesen er\u0151teljes n\u00f6veked\u00e9s\u0171, magass\u00e1ga 1,5-2 m\u00e9ter. Vessz\u0151i er\u0151sek, fel\u00e1ll\u00f3k, \u00e9s k\u00f6zepesen t\u00fcsk\u00e9sek.\" \/>\n<meta name=\"robots\" content=\"index, follow, max-snippet:-1, max-image-preview:large, max-video-preview:-1\" \/>\n<link rel=\"canonical\" href=\"https:\/\/tajkertesz.com\/en_US\/product\/rubus-idaeus-tulameen-malna\/\" \/>\n<meta property=\"og:locale\" content=\"en_US\" \/>\n<meta property=\"og:type\" content=\"article\" \/>\n<meta property=\"og:title\" content=\"Rubus idaeus &#039;Tulameen&#039; - M\u00e1lna - T\u00e1jkert\u00e9sz\" \/>\n<meta property=\"og:description\" content=\"Rubus idaeus &#039;Tulameen&#039; - M\u00e1lna k\u00f6zepesen er\u0151teljes n\u00f6veked\u00e9s\u0171, magass\u00e1ga 1,5-2 m\u00e9ter. Vessz\u0151i er\u0151sek, fel\u00e1ll\u00f3k, \u00e9s k\u00f6zepesen t\u00fcsk\u00e9sek.\" \/>\n<meta property=\"og:url\" content=\"https:\/\/tajkertesz.com\/en_US\/product\/rubus-idaeus-tulameen-malna\/\" \/>\n<meta property=\"og:site_name\" content=\"T\u00e1jkert\u00e9sz\" \/>\n<meta property=\"article:publisher\" content=\"https:\/\/www.facebook.com\/Tajkertesz\/\" \/>\n<meta property=\"article:modified_time\" content=\"2026-04-28T14:47:54+00:00\" \/>\n<meta property=\"og:image\" content=\"https:\/\/tajkertesz.com\/wp-content\/uploads\/2021\/09\/tulemeen.jpg\" \/>\n\t<meta property=\"og:image:width\" content=\"530\" \/>\n\t<meta property=\"og:image:height\" content=\"397\" \/>\n\t<meta property=\"og:image:type\" content=\"image\/jpeg\" \/>\n<meta name=\"twitter:card\" content=\"summary_large_image\" \/>\n<meta name=\"twitter:label1\" content=\"Est. reading time\" \/>\n\t<meta name=\"twitter:data1\" content=\"3 minutes\" \/>\n<script type=\"application\/ld+json\" class=\"yoast-schema-graph\">{\"@context\":\"https:\\\/\\\/schema.org\",\"@graph\":[{\"@type\":\"WebPage\",\"@id\":\"https:\\\/\\\/tajkertesz.com\\\/termek\\\/rubus-idaeus-tulameen-malna\\\/\",\"url\":\"https:\\\/\\\/tajkertesz.com\\\/termek\\\/rubus-idaeus-tulameen-malna\\\/\",\"name\":\"Rubus idaeus 'Tulameen' - M\u00e1lna - T\u00e1jkert\u00e9sz\",\"isPartOf\":{\"@id\":\"https:\\\/\\\/tajkertesz.com\\\/#website\"},\"primaryImageOfPage\":{\"@id\":\"https:\\\/\\\/tajkertesz.com\\\/termek\\\/rubus-idaeus-tulameen-malna\\\/#primaryimage\"},\"image\":{\"@id\":\"https:\\\/\\\/tajkertesz.com\\\/termek\\\/rubus-idaeus-tulameen-malna\\\/#primaryimage\"},\"thumbnailUrl\":\"https:\\\/\\\/tajkertesz.com\\\/wp-content\\\/uploads\\\/2021\\\/09\\\/tulemeen.jpg\",\"datePublished\":\"2024-10-30T10:45:47+00:00\",\"dateModified\":\"2026-04-28T14:47:54+00:00\",\"description\":\"Rubus idaeus 'Tulameen' - M\u00e1lna k\u00f6zepesen er\u0151teljes n\u00f6veked\u00e9s\u0171, magass\u00e1ga 1,5-2 m\u00e9ter. Vessz\u0151i er\u0151sek, fel\u00e1ll\u00f3k, \u00e9s k\u00f6zepesen t\u00fcsk\u00e9sek.\",\"breadcrumb\":{\"@id\":\"https:\\\/\\\/tajkertesz.com\\\/termek\\\/rubus-idaeus-tulameen-malna\\\/#breadcrumb\"},\"inLanguage\":\"en-US\",\"potentialAction\":[{\"@type\":\"ReadAction\",\"target\":[\"https:\\\/\\\/tajkertesz.com\\\/termek\\\/rubus-idaeus-tulameen-malna\\\/\"]}]},{\"@type\":\"ImageObject\",\"inLanguage\":\"en-US\",\"@id\":\"https:\\\/\\\/tajkertesz.com\\\/termek\\\/rubus-idaeus-tulameen-malna\\\/#primaryimage\",\"url\":\"https:\\\/\\\/tajkertesz.com\\\/wp-content\\\/uploads\\\/2021\\\/09\\\/tulemeen.jpg\",\"contentUrl\":\"https:\\\/\\\/tajkertesz.com\\\/wp-content\\\/uploads\\\/2021\\\/09\\\/tulemeen.jpg\",\"width\":530,\"height\":397,\"caption\":\"Rubus idaeus 'Tulameen' - M\u00e1lna\"},{\"@type\":\"BreadcrumbList\",\"@id\":\"https:\\\/\\\/tajkertesz.com\\\/termek\\\/rubus-idaeus-tulameen-malna\\\/#breadcrumb\",\"itemListElement\":[{\"@type\":\"ListItem\",\"position\":1,\"name\":\"Home\",\"item\":\"https:\\\/\\\/tajkertesz.com\\\/\"},{\"@type\":\"ListItem\",\"position\":2,\"name\":\"Kezd\u0151lap\",\"item\":\"https:\\\/\\\/tajkertesz.com\\\/\"},{\"@type\":\"ListItem\",\"position\":3,\"name\":\"Rubus idaeus &#8216;Tulameen&#8217; &#8211; M\u00e1lna\"}]},{\"@type\":\"WebSite\",\"@id\":\"https:\\\/\\\/tajkertesz.com\\\/#website\",\"url\":\"https:\\\/\\\/tajkertesz.com\\\/\",\"name\":\"T\u00e1j-Kert\u00e9sz 84 Kft.\",\"description\":\"Kert\u00e9szeti kis- \u00e9s nagykeresked\u00e9s, D\u00edszn\u00f6v\u00e9ny web\u00e1ruh\u00e1z orsz\u00e1gos h\u00e1zhozsz\u00e1ll\u00edt\u00e1ssal!\",\"publisher\":{\"@id\":\"https:\\\/\\\/tajkertesz.com\\\/#organization\"},\"potentialAction\":[{\"@type\":\"SearchAction\",\"target\":{\"@type\":\"EntryPoint\",\"urlTemplate\":\"https:\\\/\\\/tajkertesz.com\\\/?s={search_term_string}\"},\"query-input\":{\"@type\":\"PropertyValueSpecification\",\"valueRequired\":true,\"valueName\":\"search_term_string\"}}],\"inLanguage\":\"en-US\"},{\"@type\":\"Organization\",\"@id\":\"https:\\\/\\\/tajkertesz.com\\\/#organization\",\"name\":\"T\u00e1j-Kert\u00e9sz 84 Kft.\",\"url\":\"https:\\\/\\\/tajkertesz.com\\\/\",\"logo\":{\"@type\":\"ImageObject\",\"inLanguage\":\"en-US\",\"@id\":\"https:\\\/\\\/tajkertesz.com\\\/#\\\/schema\\\/logo\\\/image\\\/\",\"url\":\"https:\\\/\\\/tajkertesz.com\\\/wp-content\\\/uploads\\\/2018\\\/02\\\/logo-2-e1518678052539.png\",\"contentUrl\":\"https:\\\/\\\/tajkertesz.com\\\/wp-content\\\/uploads\\\/2018\\\/02\\\/logo-2-e1518678052539.png\",\"width\":81,\"height\":140,\"caption\":\"T\u00e1j-Kert\u00e9sz 84 Kft.\"},\"image\":{\"@id\":\"https:\\\/\\\/tajkertesz.com\\\/#\\\/schema\\\/logo\\\/image\\\/\"},\"sameAs\":[\"https:\\\/\\\/www.facebook.com\\\/Tajkertesz\\\/\"]}]}<\/script>\n<!-- \/ Yoast SEO plugin. -->","yoast_head_json":{"title":"Rubus idaeus 'Tulameen' - M\u00e1lna - T\u00e1jkert\u00e9sz","description":"Rubus idaeus 'Tulameen' - M\u00e1lna k\u00f6zepesen er\u0151teljes n\u00f6veked\u00e9s\u0171, magass\u00e1ga 1,5-2 m\u00e9ter. Vessz\u0151i er\u0151sek, fel\u00e1ll\u00f3k, \u00e9s k\u00f6zepesen t\u00fcsk\u00e9sek.","robots":{"index":"index","follow":"follow","max-snippet":"max-snippet:-1","max-image-preview":"max-image-preview:large","max-video-preview":"max-video-preview:-1"},"canonical":"https:\/\/tajkertesz.com\/en_US\/product\/rubus-idaeus-tulameen-malna\/","og_locale":"en_US","og_type":"article","og_title":"Rubus idaeus 'Tulameen' - M\u00e1lna - T\u00e1jkert\u00e9sz","og_description":"Rubus idaeus 'Tulameen' - M\u00e1lna k\u00f6zepesen er\u0151teljes n\u00f6veked\u00e9s\u0171, magass\u00e1ga 1,5-2 m\u00e9ter. Vessz\u0151i er\u0151sek, fel\u00e1ll\u00f3k, \u00e9s k\u00f6zepesen t\u00fcsk\u00e9sek.","og_url":"https:\/\/tajkertesz.com\/en_US\/product\/rubus-idaeus-tulameen-malna\/","og_site_name":"T\u00e1jkert\u00e9sz","article_publisher":"https:\/\/www.facebook.com\/Tajkertesz\/","article_modified_time":"2026-04-28T14:47:54+00:00","og_image":[{"width":530,"height":397,"url":"https:\/\/tajkertesz.com\/wp-content\/uploads\/2021\/09\/tulemeen.jpg","type":"image\/jpeg"}],"twitter_card":"summary_large_image","twitter_misc":{"Est. reading time":"3 minutes"},"schema":{"@context":"https:\/\/schema.org","@graph":[{"@type":"WebPage","@id":"https:\/\/tajkertesz.com\/termek\/rubus-idaeus-tulameen-malna\/","url":"https:\/\/tajkertesz.com\/termek\/rubus-idaeus-tulameen-malna\/","name":"Rubus idaeus 'Tulameen' - M\u00e1lna - T\u00e1jkert\u00e9sz","isPartOf":{"@id":"https:\/\/tajkertesz.com\/#website"},"primaryImageOfPage":{"@id":"https:\/\/tajkertesz.com\/termek\/rubus-idaeus-tulameen-malna\/#primaryimage"},"image":{"@id":"https:\/\/tajkertesz.com\/termek\/rubus-idaeus-tulameen-malna\/#primaryimage"},"thumbnailUrl":"https:\/\/tajkertesz.com\/wp-content\/uploads\/2021\/09\/tulemeen.jpg","datePublished":"2024-10-30T10:45:47+00:00","dateModified":"2026-04-28T14:47:54+00:00","description":"Rubus idaeus 'Tulameen' - M\u00e1lna k\u00f6zepesen er\u0151teljes n\u00f6veked\u00e9s\u0171, magass\u00e1ga 1,5-2 m\u00e9ter. Vessz\u0151i er\u0151sek, fel\u00e1ll\u00f3k, \u00e9s k\u00f6zepesen t\u00fcsk\u00e9sek.","breadcrumb":{"@id":"https:\/\/tajkertesz.com\/termek\/rubus-idaeus-tulameen-malna\/#breadcrumb"},"inLanguage":"en-US","potentialAction":[{"@type":"ReadAction","target":["https:\/\/tajkertesz.com\/termek\/rubus-idaeus-tulameen-malna\/"]}]},{"@type":"ImageObject","inLanguage":"en-US","@id":"https:\/\/tajkertesz.com\/termek\/rubus-idaeus-tulameen-malna\/#primaryimage","url":"https:\/\/tajkertesz.com\/wp-content\/uploads\/2021\/09\/tulemeen.jpg","contentUrl":"https:\/\/tajkertesz.com\/wp-content\/uploads\/2021\/09\/tulemeen.jpg","width":530,"height":397,"caption":"Rubus idaeus 'Tulameen' - M\u00e1lna"},{"@type":"BreadcrumbList","@id":"https:\/\/tajkertesz.com\/termek\/rubus-idaeus-tulameen-malna\/#breadcrumb","itemListElement":[{"@type":"ListItem","position":1,"name":"Home","item":"https:\/\/tajkertesz.com\/"},{"@type":"ListItem","position":2,"name":"Kezd\u0151lap","item":"https:\/\/tajkertesz.com\/"},{"@type":"ListItem","position":3,"name":"Rubus idaeus &#8216;Tulameen&#8217; &#8211; M\u00e1lna"}]},{"@type":"WebSite","@id":"https:\/\/tajkertesz.com\/#website","url":"https:\/\/tajkertesz.com\/","name":"T\u00e1j-Kert\u00e9sz 84 Kft.","description":"Kert\u00e9szeti kis- \u00e9s nagykeresked\u00e9s, D\u00edszn\u00f6v\u00e9ny web\u00e1ruh\u00e1z orsz\u00e1gos h\u00e1zhozsz\u00e1ll\u00edt\u00e1ssal!","publisher":{"@id":"https:\/\/tajkertesz.com\/#organization"},"potentialAction":[{"@type":"SearchAction","target":{"@type":"EntryPoint","urlTemplate":"https:\/\/tajkertesz.com\/?s={search_term_string}"},"query-input":{"@type":"PropertyValueSpecification","valueRequired":true,"valueName":"search_term_string"}}],"inLanguage":"en-US"},{"@type":"Organization","@id":"https:\/\/tajkertesz.com\/#organization","name":"T\u00e1j-Kert\u00e9sz 84 Kft.","url":"https:\/\/tajkertesz.com\/","logo":{"@type":"ImageObject","inLanguage":"en-US","@id":"https:\/\/tajkertesz.com\/#\/schema\/logo\/image\/","url":"https:\/\/tajkertesz.com\/wp-content\/uploads\/2018\/02\/logo-2-e1518678052539.png","contentUrl":"https:\/\/tajkertesz.com\/wp-content\/uploads\/2018\/02\/logo-2-e1518678052539.png","width":81,"height":140,"caption":"T\u00e1j-Kert\u00e9sz 84 Kft."},"image":{"@id":"https:\/\/tajkertesz.com\/#\/schema\/logo\/image\/"},"sameAs":["https:\/\/www.facebook.com\/Tajkertesz\/"]}]}},"_links":{"self":[{"href":"https:\/\/tajkertesz.com\/en_US\/wp-json\/wp\/v2\/product\/9259","targetHints":{"allow":["GET"]}}],"collection":[{"href":"https:\/\/tajkertesz.com\/en_US\/wp-json\/wp\/v2\/product"}],"about":[{"href":"https:\/\/tajkertesz.com\/en_US\/wp-json\/wp\/v2\/types\/product"}],"wp:featuredmedia":[{"embeddable":true,"href":"https:\/\/tajkertesz.com\/en_US\/wp-json\/wp\/v2\/media\/9260"}],"wp:attachment":[{"href":"https:\/\/tajkertesz.com\/en_US\/wp-json\/wp\/v2\/media?parent=9259"}],"wp:term":[{"taxonomy":"product_brand","embeddable":true,"href":"https:\/\/tajkertesz.com\/en_US\/wp-json\/wp\/v2\/product_brand?post=9259"},{"taxonomy":"product_cat","embeddable":true,"href":"https:\/\/tajkertesz.com\/en_US\/wp-json\/wp\/v2\/product_cat?post=9259"},{"taxonomy":"product_tag","embeddable":true,"href":"https:\/\/tajkertesz.com\/en_US\/wp-json\/wp\/v2\/product_tag?post=9259"}],"curies":[{"name":"wp","href":"https:\/\/api.w.org\/{rel}","templated":true}]}}