{"id":9275,"date":"2021-09-17T06:59:03","date_gmt":"2021-09-17T06:59:03","guid":{"rendered":"https:\/\/tajkertesz.com\/?post_type=product&#038;p=9275"},"modified":"2026-04-01T12:31:58","modified_gmt":"2026-04-01T12:31:58","slug":"lonicera-caerulea-var-kamtschatica-kamcsatkai-mezbogyo","status":"publish","type":"product","link":"https:\/\/tajkertesz.com\/en_US\/product\/lonicera-caerulea-var-kamtschatica-kamcsatkai-mezbogyo\/","title":{"rendered":"Lonicera caerulea var. kamtschatica &#8222;Zojka&#8221;- Kamcsatkai m\u00e9zbogy\u00f3"},"content":{"rendered":"<h3 class=\"LC20lb DKV0Md\">Lonicera caerulea var. kamtschatica &#8222;Zojka&#8221;- Kamcsatkai m\u00e9zbogy\u00f3<\/h3>\n<p>L\u00e9d\u00fas, \u00e9des, g\u00f6mb\u00f6lyded gy\u00fcm\u00f6lcsei m\u00e1jus m\u00e1sodik fel\u00e9t\u0151l \u00e9rnek, \u00edz\u0171k kiv\u00e1l\u00f3. A kifejlett bokrok ak\u00e1r 4 kg term\u00e9st is adhatnak egy \u00e9vben. A biztos term\u00e9s el\u00e9r\u00e9s\u00e9hez 2 n\u00f6v\u00e9nyt \u00fcltess\u00fcnk! 1,5 m\u00e9ter magasra n\u00f6v\u0151 kompakt cserje. S\u00e1rga vir\u00e1gai \u00e1prilisban ny\u00edlnak. Apr\u00f3, f\u00e9nyes z\u00f6ld levelei vannak. A k\u00f6r\u00fclbel\u00fcl 2 cm hossz\u00fa, k\u00e9k sz\u00edn\u0171, m\u00e9z\u00e9des gy\u00fcm\u00f6lcseit tiszt\u00edt\u00e1s n\u00e9lk\u00fcl lehet fogyasztani j\u00fanius k\u00f6zepi \u00e9r\u00e9s\u00e9t k\u00f6vet\u0151en; kellemes \u00edz\u0171, j\u00f3 \u00e1llaggal, magas C-vitamin tartalommal, b\u0151term\u0151 fajta. \u00d6n\u00e1ll\u00f3an, cserjecsoportba is j\u00f3l mutat. Term\u00e9seit frissen, lekv\u00e1rnak, vagy gy\u00fcm\u00f6lcsl\u00e9k\u00e9nt is fogyaszthatjuk. Nyirkos, f\u00e9l\u00e1rny\u00e9kos helyre \u00fcltess\u00fck. Nagyon j\u00f3l t\u0171ri a fagyokat. A megfelel\u0151 porz\u00e1s \u00e9rdek\u00e9ben felt\u00e9tlen\u00fcl \u00fcltess\u00fcnk mell\u00e9 m\u00e1sik fajt\u00e1t is!<\/p>\n<p>Jelen term\u00e9k\u00fcnk 2 literes kont\u00e9nerben kaphat\u00f3 \u00e9s kb 40- 50 cm magass\u00e1g\u00fa.<\/p>\n<p style=\"line-height: 18.0pt; background: white; margin: 0cm 0cm 15.0pt 0cm;\"><b><span style=\"font-family: 'Ubuntu',serif; color: black;\">K\u00e9szlet\u00fcnk napi szinten v\u00e1ltozik, ez\u00e9rt k\u00e9rj\u00fck, \u00e9rdekl\u0151dj\u00f6n szem\u00e9lyesen, telefonon vagy email-en.<br \/>\nA v\u00e1ltoztat\u00e1s jog\u00e1t fenntartjuk!\u00a0<\/span><\/b><\/p>\n<p><a href=\"https:\/\/tajkertesz.com\/\">https:\/\/tajkertesz.com\/<\/a><\/p>\n<p><a href=\"https:\/\/www.facebook.com\/tajkertesz\">https:\/\/www.facebook.com\/tajkertesz<\/a><\/p>\n<p>kb. 40 cm magas+ cser\u00e9p<\/p>\n<p><span style=\"color: #ffffff;\">A loncfajok k\u00fasz\u00f3\u00a0<a style=\"color: #ffffff;\" title=\"Cserje\" href=\"https:\/\/hu.wikipedia.org\/wiki\/Cserje\">cserjef\u00e9l\u00e9k<\/a>, amelyek az\u00a0<a style=\"color: #ffffff;\" title=\"\u00c9szaki f\u00e9lg\u00f6mb\" href=\"https:\/\/hu.wikipedia.org\/wiki\/%C3%89szaki_f%C3%A9lg%C3%B6mb\">\u00e9szaki f\u00e9lg\u00f6mb\u00f6n<\/a>\u00a0honosak. K\u00f6r\u00fclbel\u00fcl 135-180\u00a0<a style=\"color: #ffffff;\" title=\"Faj\" href=\"https:\/\/hu.wikipedia.org\/wiki\/Faj\">fajuk<\/a>\u00a0ismert, ezekb\u0151l 100 faj\u00a0<a style=\"color: #ffffff;\" title=\"K\u00edna\" href=\"https:\/\/hu.wikipedia.org\/wiki\/K%C3%ADna\">K\u00edn\u00e1ban<\/a>, 20-20 faj pedig\u00a0<a style=\"color: #ffffff;\" title=\"India\" href=\"https:\/\/hu.wikipedia.org\/wiki\/India\">Indi\u00e1ban<\/a>,\u00a0<a style=\"color: #ffffff;\" title=\"Eur\u00f3pa\" href=\"https:\/\/hu.wikipedia.org\/wiki\/Eur%C3%B3pa\">Eur\u00f3p\u00e1ban<\/a>\u00a0\u00e9s\u00a0<a style=\"color: #ffffff;\" title=\"\u00c9szak-Amerika\" href=\"https:\/\/hu.wikipedia.org\/wiki\/%C3%89szak-Amerika\">\u00c9szak-Amerik\u00e1ban<\/a>\u00a0tal\u00e1lhat\u00f3 meg. A legismertebb fajok, \u00e9s amelyeket sz\u00edvesen termesztenek: a\u00a0<a style=\"color: #ffffff;\" title=\"B\u00fabos lonc\" href=\"https:\/\/hu.wikipedia.org\/wiki\/B%C3%BAbos_lonc\">b\u00fabos lonc<\/a>\u00a0<i>(Lonicera periclymenum)<\/i>, a\u00a0<a style=\"color: #ffffff;\" title=\"Jap\u00e1n lonc\" href=\"https:\/\/hu.wikipedia.org\/wiki\/Jap%C3%A1n_lonc\">jap\u00e1n lonc<\/a>\u00a0<i>(Lonicera japonica)<\/i>\u00a0\u00e9s a\u00a0<a class=\"new\" style=\"color: #ffffff;\" title=\"Lonicera sempervirens (a lap nem l\u00e9tezik)\" href=\"https:\/\/hu.wikipedia.org\/w\/index.php?title=Lonicera_sempervirens&amp;action=edit&amp;redlink=1\">Lonicera sempervirens<\/a>. A\u00a0<a style=\"color: #ffffff;\" title=\"Kolibrif\u00e9l\u00e9k\" href=\"https:\/\/hu.wikipedia.org\/wiki\/Kolibrif%C3%A9l%C3%A9k\">kolibrif\u00e9l\u00e9ket<\/a>\u00a0<i>(Trochilidae)<\/i>\u00a0is vonzz\u00e1k ezek a sz\u00ednes vir\u00e1g\u00fa n\u00f6v\u00e9nyek, f\u0151leg a\u00a0<i>L. sempervirens<\/i>\u00a0\u00e9s a\u00a0<a class=\"new\" style=\"color: #ffffff;\" title=\"Lonicera ciliosa (a lap nem l\u00e9tezik)\" href=\"https:\/\/hu.wikipedia.org\/w\/index.php?title=Lonicera_ciliosa&amp;action=edit&amp;redlink=1\">Lonicera ciliosa<\/a>. A nemzets\u00e9g a nev\u00e9t,\u00a0<i>Lonicera<\/i>,\u00a0<a style=\"color: #ffffff;\" title=\"Adam Lonicer\" href=\"https:\/\/hu.wikipedia.org\/wiki\/Adam_Lonicer\">Adam Lonicerr\u00f3l<\/a>\u00a0kapta, aki a\u00a0<a style=\"color: #ffffff;\" title=\"16. sz\u00e1zad\" href=\"https:\/\/hu.wikipedia.org\/wiki\/16._sz%C3%A1zad\">16. sz\u00e1zad<\/a>\u00a0egyik legismertebb f\u00fcvesk\u00f6nyv\u00e9nek (Kreuterbuch) szerz\u0151je volt.<\/span><\/p>\n<p><span style=\"color: #ffffff;\"><strong>Az alapfajn\u00e1l sokkal d\u00fasabb, t\u00f6m\u00f6ttebb kis bokor, lombozata csillog\u00f3an f\u00e9nyl\u0151 \u00e9l\u00e9nkz\u00f6ld, halv\u00e1nys\u00e1rga vir\u00e1gai k\u00e9s\u0151 tavasszal ny\u00edlnak, ezekb\u0151l k\u00e9s\u0151bb s\u00f6t\u00e9tlila bogy\u00f3k fejl\u0151dnek. Talajtakar\u00e1sra, ed\u00e9nyes nevel\u00e9sre, de bonsainak is kiv\u00e1l\u00f3an alkalmas<\/strong><\/span><\/p>\n<p><span style=\"color: #ffffff;\">Alak: elter\u00fcl\u0151, s\u0171r\u0171n el\u00e1gaz\u00f3, \u00f6r\u00f6kz\u00f6ld t\u00f6rpecserje<\/span><\/p>\n<p><span style=\"color: #ffffff;\">Magass\u00e1g:\u00a0kifejlett magass\u00e1g 40-50 cm<\/span><\/p>\n<p><span style=\"color: #ffffff;\">Lev\u00e9l:\u00a0 f\u00e9nyes, s\u00f6t\u00e9tz\u00f6ld<\/span><\/p>\n<p><span style=\"color: #ffffff;\">Vir\u00e1g: halv\u00e1nys\u00e1rga, V-VI h\u00f3napban vir\u00e1gzik.<\/span><\/p>\n<p><span style=\"color: #ffffff;\">Ig\u00e9ny: napos, f\u00e9l\u00e1rny\u00e9kos hely<\/span><\/p>\n<p><span style=\"color: #ffffff;\">\u00dcltet\u00e9si id\u0151: A cserepes kiszerel\u00e9s\u0171 d\u00edszcserj\u00e9k eg\u00e9sz \u00e9vben telep\u00edthet\u0151ek\u00a0megfelel\u0151 \u00f6nt\u00f6z\u00e9s mellett. (Kiv\u00e9ve a t\u00e9li id\u0151szakban, tart\u00f3s nappali \u00e9s \u00e9jszakai fagyok eset\u00e9n.<\/span><\/p>","protected":false},"excerpt":{"rendered":"<h3 class=\"LC20lb DKV0Md\">Lonicera caerulea var. kamtschatica &#8222;Zojka&#8221;- Kamcsatkai m\u00e9zbogy\u00f3<\/h3>","protected":false},"featured_media":9276,"template":"","meta":{"_et_pb_use_builder":"","_et_pb_old_content":"","_et_gb_content_width":""},"product_brand":[],"product_cat":[29],"product_tag":[],"class_list":{"0":"post-9275","1":"product","2":"type-product","3":"status-publish","4":"has-post-thumbnail","6":"product_cat-gyumolcsfak-gyumolcstermo-novenyek","8":"first","9":"outofstock","10":"shipping-taxable","11":"product-type-simple"},"yoast_head":"<!-- This site is optimized with the Yoast SEO plugin v27.3 - https:\/\/yoast.com\/product\/yoast-seo-wordpress\/ -->\n<title>Lonicera caerulea var. kamtschatica &quot;Zojka&quot;- Kamcsatkai m\u00e9zbogy\u00f3 - T\u00e1jkert\u00e9sz<\/title>\n<meta name=\"description\" content=\"Lonicera caerulea var. kamtschatica &quot;&quot;- Kamcsatkai m\u00e9zbogy\u00f3\" \/>\n<meta name=\"robots\" content=\"index, follow, max-snippet:-1, max-image-preview:large, max-video-preview:-1\" \/>\n<link rel=\"canonical\" href=\"https:\/\/tajkertesz.com\/en_US\/product\/lonicera-caerulea-var-kamtschatica-kamcsatkai-mezbogyo\/\" \/>\n<meta property=\"og:locale\" content=\"en_US\" \/>\n<meta property=\"og:type\" content=\"article\" \/>\n<meta property=\"og:title\" content=\"Lonicera caerulea var. kamtschatica &quot;Zojka&quot;- Kamcsatkai m\u00e9zbogy\u00f3 - T\u00e1jkert\u00e9sz\" \/>\n<meta property=\"og:description\" content=\"Lonicera caerulea var. kamtschatica &quot;&quot;- Kamcsatkai m\u00e9zbogy\u00f3\" \/>\n<meta property=\"og:url\" content=\"https:\/\/tajkertesz.com\/en_US\/product\/lonicera-caerulea-var-kamtschatica-kamcsatkai-mezbogyo\/\" \/>\n<meta property=\"og:site_name\" content=\"T\u00e1jkert\u00e9sz\" \/>\n<meta property=\"article:publisher\" content=\"https:\/\/www.facebook.com\/Tajkertesz\/\" \/>\n<meta property=\"article:modified_time\" content=\"2026-04-01T12:31:58+00:00\" \/>\n<meta property=\"og:image\" content=\"https:\/\/tajkertesz.com\/wp-content\/uploads\/2021\/09\/lonicera_caerulea_kamtschatica_duet.jpg\" \/>\n\t<meta property=\"og:image:width\" content=\"1024\" \/>\n\t<meta property=\"og:image:height\" content=\"768\" \/>\n\t<meta property=\"og:image:type\" content=\"image\/jpeg\" \/>\n<meta name=\"twitter:card\" content=\"summary_large_image\" \/>\n<meta name=\"twitter:label1\" content=\"Est. reading time\" \/>\n\t<meta name=\"twitter:data1\" content=\"2 minutes\" \/>\n<script type=\"application\/ld+json\" class=\"yoast-schema-graph\">{\"@context\":\"https:\\\/\\\/schema.org\",\"@graph\":[{\"@type\":\"WebPage\",\"@id\":\"https:\\\/\\\/tajkertesz.com\\\/termek\\\/lonicera-caerulea-var-kamtschatica-kamcsatkai-mezbogyo\\\/\",\"url\":\"https:\\\/\\\/tajkertesz.com\\\/termek\\\/lonicera-caerulea-var-kamtschatica-kamcsatkai-mezbogyo\\\/\",\"name\":\"Lonicera caerulea var. kamtschatica \\\"Zojka\\\"- Kamcsatkai m\u00e9zbogy\u00f3 - T\u00e1jkert\u00e9sz\",\"isPartOf\":{\"@id\":\"https:\\\/\\\/tajkertesz.com\\\/#website\"},\"primaryImageOfPage\":{\"@id\":\"https:\\\/\\\/tajkertesz.com\\\/termek\\\/lonicera-caerulea-var-kamtschatica-kamcsatkai-mezbogyo\\\/#primaryimage\"},\"image\":{\"@id\":\"https:\\\/\\\/tajkertesz.com\\\/termek\\\/lonicera-caerulea-var-kamtschatica-kamcsatkai-mezbogyo\\\/#primaryimage\"},\"thumbnailUrl\":\"https:\\\/\\\/tajkertesz.com\\\/wp-content\\\/uploads\\\/2021\\\/09\\\/lonicera_caerulea_kamtschatica_duet.jpg\",\"datePublished\":\"2021-09-17T06:59:03+00:00\",\"dateModified\":\"2026-04-01T12:31:58+00:00\",\"description\":\"Lonicera caerulea var. kamtschatica \\\"\\\"- Kamcsatkai m\u00e9zbogy\u00f3\",\"breadcrumb\":{\"@id\":\"https:\\\/\\\/tajkertesz.com\\\/termek\\\/lonicera-caerulea-var-kamtschatica-kamcsatkai-mezbogyo\\\/#breadcrumb\"},\"inLanguage\":\"en-US\",\"potentialAction\":[{\"@type\":\"ReadAction\",\"target\":[\"https:\\\/\\\/tajkertesz.com\\\/termek\\\/lonicera-caerulea-var-kamtschatica-kamcsatkai-mezbogyo\\\/\"]}]},{\"@type\":\"ImageObject\",\"inLanguage\":\"en-US\",\"@id\":\"https:\\\/\\\/tajkertesz.com\\\/termek\\\/lonicera-caerulea-var-kamtschatica-kamcsatkai-mezbogyo\\\/#primaryimage\",\"url\":\"https:\\\/\\\/tajkertesz.com\\\/wp-content\\\/uploads\\\/2021\\\/09\\\/lonicera_caerulea_kamtschatica_duet.jpg\",\"contentUrl\":\"https:\\\/\\\/tajkertesz.com\\\/wp-content\\\/uploads\\\/2021\\\/09\\\/lonicera_caerulea_kamtschatica_duet.jpg\",\"width\":1024,\"height\":768},{\"@type\":\"BreadcrumbList\",\"@id\":\"https:\\\/\\\/tajkertesz.com\\\/termek\\\/lonicera-caerulea-var-kamtschatica-kamcsatkai-mezbogyo\\\/#breadcrumb\",\"itemListElement\":[{\"@type\":\"ListItem\",\"position\":1,\"name\":\"Home\",\"item\":\"https:\\\/\\\/tajkertesz.com\\\/\"},{\"@type\":\"ListItem\",\"position\":2,\"name\":\"Kezd\u0151lap\",\"item\":\"https:\\\/\\\/tajkertesz.com\\\/\"},{\"@type\":\"ListItem\",\"position\":3,\"name\":\"Lonicera caerulea var. kamtschatica &#8222;Zojka&#8221;- Kamcsatkai m\u00e9zbogy\u00f3\"}]},{\"@type\":\"WebSite\",\"@id\":\"https:\\\/\\\/tajkertesz.com\\\/#website\",\"url\":\"https:\\\/\\\/tajkertesz.com\\\/\",\"name\":\"T\u00e1j-Kert\u00e9sz 84 Kft.\",\"description\":\"Kert\u00e9szeti kis- \u00e9s nagykeresked\u00e9s, D\u00edszn\u00f6v\u00e9ny web\u00e1ruh\u00e1z orsz\u00e1gos h\u00e1zhozsz\u00e1ll\u00edt\u00e1ssal!\",\"publisher\":{\"@id\":\"https:\\\/\\\/tajkertesz.com\\\/#organization\"},\"potentialAction\":[{\"@type\":\"SearchAction\",\"target\":{\"@type\":\"EntryPoint\",\"urlTemplate\":\"https:\\\/\\\/tajkertesz.com\\\/?s={search_term_string}\"},\"query-input\":{\"@type\":\"PropertyValueSpecification\",\"valueRequired\":true,\"valueName\":\"search_term_string\"}}],\"inLanguage\":\"en-US\"},{\"@type\":\"Organization\",\"@id\":\"https:\\\/\\\/tajkertesz.com\\\/#organization\",\"name\":\"T\u00e1j-Kert\u00e9sz 84 Kft.\",\"url\":\"https:\\\/\\\/tajkertesz.com\\\/\",\"logo\":{\"@type\":\"ImageObject\",\"inLanguage\":\"en-US\",\"@id\":\"https:\\\/\\\/tajkertesz.com\\\/#\\\/schema\\\/logo\\\/image\\\/\",\"url\":\"https:\\\/\\\/tajkertesz.com\\\/wp-content\\\/uploads\\\/2018\\\/02\\\/logo-2-e1518678052539.png\",\"contentUrl\":\"https:\\\/\\\/tajkertesz.com\\\/wp-content\\\/uploads\\\/2018\\\/02\\\/logo-2-e1518678052539.png\",\"width\":81,\"height\":140,\"caption\":\"T\u00e1j-Kert\u00e9sz 84 Kft.\"},\"image\":{\"@id\":\"https:\\\/\\\/tajkertesz.com\\\/#\\\/schema\\\/logo\\\/image\\\/\"},\"sameAs\":[\"https:\\\/\\\/www.facebook.com\\\/Tajkertesz\\\/\"]}]}<\/script>\n<!-- \/ Yoast SEO plugin. -->","yoast_head_json":{"title":"Lonicera caerulea var. kamtschatica \"Zojka\"- Kamcsatkai m\u00e9zbogy\u00f3 - T\u00e1jkert\u00e9sz","description":"Lonicera caerulea var. kamtschatica \"\"- Kamcsatkai m\u00e9zbogy\u00f3","robots":{"index":"index","follow":"follow","max-snippet":"max-snippet:-1","max-image-preview":"max-image-preview:large","max-video-preview":"max-video-preview:-1"},"canonical":"https:\/\/tajkertesz.com\/en_US\/product\/lonicera-caerulea-var-kamtschatica-kamcsatkai-mezbogyo\/","og_locale":"en_US","og_type":"article","og_title":"Lonicera caerulea var. kamtschatica \"Zojka\"- Kamcsatkai m\u00e9zbogy\u00f3 - T\u00e1jkert\u00e9sz","og_description":"Lonicera caerulea var. kamtschatica \"\"- Kamcsatkai m\u00e9zbogy\u00f3","og_url":"https:\/\/tajkertesz.com\/en_US\/product\/lonicera-caerulea-var-kamtschatica-kamcsatkai-mezbogyo\/","og_site_name":"T\u00e1jkert\u00e9sz","article_publisher":"https:\/\/www.facebook.com\/Tajkertesz\/","article_modified_time":"2026-04-01T12:31:58+00:00","og_image":[{"width":1024,"height":768,"url":"https:\/\/tajkertesz.com\/wp-content\/uploads\/2021\/09\/lonicera_caerulea_kamtschatica_duet.jpg","type":"image\/jpeg"}],"twitter_card":"summary_large_image","twitter_misc":{"Est. reading time":"2 minutes"},"schema":{"@context":"https:\/\/schema.org","@graph":[{"@type":"WebPage","@id":"https:\/\/tajkertesz.com\/termek\/lonicera-caerulea-var-kamtschatica-kamcsatkai-mezbogyo\/","url":"https:\/\/tajkertesz.com\/termek\/lonicera-caerulea-var-kamtschatica-kamcsatkai-mezbogyo\/","name":"Lonicera caerulea var. kamtschatica \"Zojka\"- Kamcsatkai m\u00e9zbogy\u00f3 - T\u00e1jkert\u00e9sz","isPartOf":{"@id":"https:\/\/tajkertesz.com\/#website"},"primaryImageOfPage":{"@id":"https:\/\/tajkertesz.com\/termek\/lonicera-caerulea-var-kamtschatica-kamcsatkai-mezbogyo\/#primaryimage"},"image":{"@id":"https:\/\/tajkertesz.com\/termek\/lonicera-caerulea-var-kamtschatica-kamcsatkai-mezbogyo\/#primaryimage"},"thumbnailUrl":"https:\/\/tajkertesz.com\/wp-content\/uploads\/2021\/09\/lonicera_caerulea_kamtschatica_duet.jpg","datePublished":"2021-09-17T06:59:03+00:00","dateModified":"2026-04-01T12:31:58+00:00","description":"Lonicera caerulea var. kamtschatica \"\"- Kamcsatkai m\u00e9zbogy\u00f3","breadcrumb":{"@id":"https:\/\/tajkertesz.com\/termek\/lonicera-caerulea-var-kamtschatica-kamcsatkai-mezbogyo\/#breadcrumb"},"inLanguage":"en-US","potentialAction":[{"@type":"ReadAction","target":["https:\/\/tajkertesz.com\/termek\/lonicera-caerulea-var-kamtschatica-kamcsatkai-mezbogyo\/"]}]},{"@type":"ImageObject","inLanguage":"en-US","@id":"https:\/\/tajkertesz.com\/termek\/lonicera-caerulea-var-kamtschatica-kamcsatkai-mezbogyo\/#primaryimage","url":"https:\/\/tajkertesz.com\/wp-content\/uploads\/2021\/09\/lonicera_caerulea_kamtschatica_duet.jpg","contentUrl":"https:\/\/tajkertesz.com\/wp-content\/uploads\/2021\/09\/lonicera_caerulea_kamtschatica_duet.jpg","width":1024,"height":768},{"@type":"BreadcrumbList","@id":"https:\/\/tajkertesz.com\/termek\/lonicera-caerulea-var-kamtschatica-kamcsatkai-mezbogyo\/#breadcrumb","itemListElement":[{"@type":"ListItem","position":1,"name":"Home","item":"https:\/\/tajkertesz.com\/"},{"@type":"ListItem","position":2,"name":"Kezd\u0151lap","item":"https:\/\/tajkertesz.com\/"},{"@type":"ListItem","position":3,"name":"Lonicera caerulea var. kamtschatica &#8222;Zojka&#8221;- Kamcsatkai m\u00e9zbogy\u00f3"}]},{"@type":"WebSite","@id":"https:\/\/tajkertesz.com\/#website","url":"https:\/\/tajkertesz.com\/","name":"T\u00e1j-Kert\u00e9sz 84 Kft.","description":"Kert\u00e9szeti kis- \u00e9s nagykeresked\u00e9s, D\u00edszn\u00f6v\u00e9ny web\u00e1ruh\u00e1z orsz\u00e1gos h\u00e1zhozsz\u00e1ll\u00edt\u00e1ssal!","publisher":{"@id":"https:\/\/tajkertesz.com\/#organization"},"potentialAction":[{"@type":"SearchAction","target":{"@type":"EntryPoint","urlTemplate":"https:\/\/tajkertesz.com\/?s={search_term_string}"},"query-input":{"@type":"PropertyValueSpecification","valueRequired":true,"valueName":"search_term_string"}}],"inLanguage":"en-US"},{"@type":"Organization","@id":"https:\/\/tajkertesz.com\/#organization","name":"T\u00e1j-Kert\u00e9sz 84 Kft.","url":"https:\/\/tajkertesz.com\/","logo":{"@type":"ImageObject","inLanguage":"en-US","@id":"https:\/\/tajkertesz.com\/#\/schema\/logo\/image\/","url":"https:\/\/tajkertesz.com\/wp-content\/uploads\/2018\/02\/logo-2-e1518678052539.png","contentUrl":"https:\/\/tajkertesz.com\/wp-content\/uploads\/2018\/02\/logo-2-e1518678052539.png","width":81,"height":140,"caption":"T\u00e1j-Kert\u00e9sz 84 Kft."},"image":{"@id":"https:\/\/tajkertesz.com\/#\/schema\/logo\/image\/"},"sameAs":["https:\/\/www.facebook.com\/Tajkertesz\/"]}]}},"_links":{"self":[{"href":"https:\/\/tajkertesz.com\/en_US\/wp-json\/wp\/v2\/product\/9275","targetHints":{"allow":["GET"]}}],"collection":[{"href":"https:\/\/tajkertesz.com\/en_US\/wp-json\/wp\/v2\/product"}],"about":[{"href":"https:\/\/tajkertesz.com\/en_US\/wp-json\/wp\/v2\/types\/product"}],"wp:featuredmedia":[{"embeddable":true,"href":"https:\/\/tajkertesz.com\/en_US\/wp-json\/wp\/v2\/media\/9276"}],"wp:attachment":[{"href":"https:\/\/tajkertesz.com\/en_US\/wp-json\/wp\/v2\/media?parent=9275"}],"wp:term":[{"taxonomy":"product_brand","embeddable":true,"href":"https:\/\/tajkertesz.com\/en_US\/wp-json\/wp\/v2\/product_brand?post=9275"},{"taxonomy":"product_cat","embeddable":true,"href":"https:\/\/tajkertesz.com\/en_US\/wp-json\/wp\/v2\/product_cat?post=9275"},{"taxonomy":"product_tag","embeddable":true,"href":"https:\/\/tajkertesz.com\/en_US\/wp-json\/wp\/v2\/product_tag?post=9275"}],"curies":[{"name":"wp","href":"https:\/\/api.w.org\/{rel}","templated":true}]}}