{"id":9319,"date":"2021-09-20T06:40:53","date_gmt":"2021-09-20T06:40:53","guid":{"rendered":"https:\/\/tajkertesz.com\/?post_type=product&#038;p=9319"},"modified":"2025-02-26T12:28:49","modified_gmt":"2025-02-26T12:28:49","slug":"agrecol-palma-tapoldat-025-l","status":"publish","type":"product","link":"https:\/\/tajkertesz.com\/en_US\/product\/agrecol-palma-tapoldat-025-l\/","title":{"rendered":"Agrecol g\u00e9l P\u00c1LMA f\u00e9l\u00e9k, YUCCA \u00c9S DRAC\u00c9NA SZ\u00c1M\u00c1RA 0,25 l"},"content":{"rendered":"<div class=\"artdet__name-rating d-none d-lg-block\">\n<div class=\"row gutters-5\">\n<div class=\"col\">\n<h2 class=\"artdet__name line-clamp--3-12\">Agrecol g\u00e9l P\u00c1LMA f\u00e9l\u00e9k, YUCCA \u00c9S DRAC\u00e9NA SZ\u00c1M\u00c1RA 0,25 l<\/h2>\n<p class=\"artdet__name line-clamp--3-12\">Agrecol g\u00e9l P\u00c1LMA f\u00e9l\u00e9k, YUCCA \u00c9S DRAC\u00e9NA SZ\u00c1M\u00c1RA 0,25 l<\/p>\n<\/div>\n<\/div>\n<\/div>\n<div id=\"artdet__short-descrition\" class=\"artdet__short-descripton artdet-block border-block\">\n<div class=\"artdet__short-descripton-content text-justify font-s font-sm-m\">\n<ul>\n<li style=\"list-style-type: none;\">\n<ul>\n<li>minden t\u00edpus\u00fa tr\u00f3pusi n\u00f6v\u00e9ny t\u00e1panyag ut\u00e1np\u00f3tl\u00e1s\u00e1ra, bele\u00e9rtve p\u00e1lma, yucca \u00e9s dracaena-t is<\/li>\n<li>biztos\u00edtja a n\u00f6v\u00e9ny megfelel\u0151 t\u00e1pl\u00e1l\u00e1s\u00e1t<\/li>\n<\/ul>\n<\/li>\n<\/ul>\n<\/div>\n<\/div>\n<p>EK m\u0171tr\u00e1gya<br \/>\nnitrog\u00e9n (N) &#8211; 7%<br \/>\nfoszfor (P\u00a0<sub>2<\/sub>\u00a0O\u00a0<sub>5<\/sub>\u00a0) &#8211; 3%<br \/>\nk\u00e1lium (K\u00a0<sub>2<\/sub>\u00a0O) &#8211; 7%<\/p>\n<p>Mikrot\u00e1panyagok:<br \/>\nb\u00f3r (B) 0,02%, r\u00e9z (Cu) * 0,002%, vas (Fe) * 0,02%, mang\u00e1n (Mn) * 0,015%, molibd\u00e9n (Mo) 0,002%, cink (Zn) * 0,015%<br \/>\n* kel\u00e1tk\u00e9pz\u0151 EDTA<\/p>\n<div id=\"artdet__short-descrition\" class=\"artdet__short-descripton artdet-block border-block\">\n<div class=\"artdet__short-descripton-content text-justify font-s font-sm-m\">\n<div class=\"description\">\n<div class=\"inner\">\n<div class=\"description\">\n<div class=\"inner\">\n<div class=\"description\">\n<div class=\"inner\">\n<div class=\"description\">\n<div class=\"inner\">\n<div class=\"description\">\n<div class=\"inner\">\n<div class=\"description\">\n<div class=\"inner\">\n<h3 class=\"artdet__name line-clamp--3-12\"><strong>\u00a00,25 l a Mineral Gel <\/strong>sorozatb\u00f3l foly\u00e9kony \u00e1sv\u00e1nyi m\u0171tr\u00e1gya g\u00e9l form\u00e1j\u00e1ban, amely v\u00edzben oldhat\u00f3. Minden t\u00edpus\u00fa tr\u00f3pusi n\u00f6v\u00e9ny, p\u00e9ld\u00e1ul p\u00e1lmaf\u00e1k, yucca \u00e9s drac\u00e9na t\u00e1pl\u00e1l\u00e1s\u00e1ra szolg\u00e1l. A m\u0171tr\u00e1gya hagyom\u00e1nyos \u00e9s hidroponikus n\u00f6v\u00e9nyekben haszn\u00e1lhat\u00f3.<\/h3>\n<p>A p\u00e1lma f\u00e9l\u00e9k, a yucca \u00e9s a drac\u00e9na olyan n\u00f6v\u00e9nyek, amelyek term\u00e9szetes k\u00f6r\u00fclm\u00e9nyek k\u00f6z\u00f6tt csod\u00e1latos m\u00e9ret\u0171re n\u0151hetnek. B\u00e1r ezek a n\u00f6v\u00e9nyek otthon soha nem \u00e9rik el ezt a m\u00e9retet , alapvet\u0151 t\u00e1panyagokra, p\u00e9ld\u00e1ul nitrog\u00e9nre, foszforra \u00e9s k\u00e1liumra van sz\u00fcks\u00e9g\u00fck ahhoz, hogy nagy, eg\u00e9szs\u00e9ges megjelen\u00e9s\u0171 leveleket hozzanak l\u00e9tre. A Mineral Gel sorozat p\u00e1lma-, yucca- \u00e9s drac\u00e9na -m\u0171tr\u00e1gy\u00e1ja teljes m\u00e9rt\u00e9kben fedezi e n\u00f6v\u00e9nyek t\u00e1panyagig\u00e9ny\u00e9t. Ezenk\u00edv\u00fcl tartalmaz\u00a0 mikro-t\u00e1panyagokkal , amelyek \u00e1tfog\u00f3an t\u00e1pl\u00e1lj\u00e1k a n\u00f6v\u00e9nyt.\u00a0 A megfelel\u0151 t\u00e1panyag ut\u00e1np\u00f3tl\u00e1snak k\u00f6sz\u00f6nhet\u0151en a n\u00f6v\u00e9nyek jobban ellen\u00e1llnak a k\u00fcl\u00f6nf\u00e9le betegs\u00e9gekkel szemben. A p\u00e1lma f\u00e9l\u00e9ken, a yucc\u00e1n \u00e9s a drac\u00e9n\u00e1n gyakran megfigyelhetj\u00fck a levelek s\u00e1rgul\u00e1s\u00e1t vagy a hegyek kisz\u00e1rad\u00e1s\u00e1t. Ennek oka a sz\u00e1raz belt\u00e9ri leveg\u0151, ilyenkor a n\u00f6v\u00e9ny hatalmas mennyis\u00e9g\u0171 vizet p\u00e1rologtat el. A k\u00e1lium t\u00e1mogatja a n\u00f6v\u00e9ny v\u00edzgazd\u00e1lkod\u00e1s\u00e1t, ami cs\u00f6kkenti az ilyen t\u00fcnetek kock\u00e1zat\u00e1t. A nitrog\u00e9nnel \u00e9s foszforral t\u00e1pl\u00e1lt n\u00f6v\u00e9nyek tov\u00e1bb tartj\u00e1k leveleiket eg\u00e9szs\u00e9gesen \u00e9s z\u00f6lden, \u00edgy nem hullanak le olyan gyorsan, mint a rosszul t\u00e1pl\u00e1lt n\u00f6v\u00e9nyekn\u00e9l.<\/p>\n<\/div>\n<\/div>\n<div class=\"description\">\n<div class=\"inner\">\n<h2>Alkalmaz\u00e1si m\u00f3dszer<\/h2>\n<p>A csomag \u00e1tl\u00e1tsz\u00f3 kupakot tartalmaz a m\u0171tr\u00e1gya pontos \u00e9s k\u00e9nyelmes adagol\u00e1s\u00e1hoz.\u00a0A kupak h\u00e1rom d\u00f3zisszintet jelez, att\u00f3l f\u00fcgg\u0151en, hogy mennyi vizet haszn\u00e1lunk az \u00f6nt\u00f6z\u00e9shez:<\/p>\n<ul>\n<li>I. szint &#8211; 7 ml m\u0171tr\u00e1gya adag, amelyet 2 liter v\u00edzben fel kell oldani *<\/li>\n<li>II. Szint &#8211; egy adag 14 ml m\u0171tr\u00e1gy\u00e1t kell feloldani 4 liter v\u00edzben<\/li>\n<li>III. Szint &#8211; egy adag 21 ml m\u0171tr\u00e1gy\u00e1t kell feloldani 6 liter v\u00edzben<\/li>\n<\/ul>\n<p>* hidroponikus n\u00f6v\u00e9nyekn\u00e9l haszn\u00e1lja fel a m\u0171tr\u00e1gya adag fel\u00e9t (pl. 7 ml m\u0171tr\u00e1gya elegend\u0151 ahhoz, hogy 4 liter v\u00edzben felold\u00f3djon)<\/p>\n<\/div>\n<\/div>\n<\/div>\n<\/div>\n<\/div>\n<\/div>\n<\/div>\n<\/div>\n<\/div>\n<\/div>\n<\/div>\n<\/div>\n<\/div>\n<\/div>\n<div><a href=\"https:\/\/tajkertesz.com\/wp-content\/uploads\/2021\/05\/Agrecol-bizt.adatl_..pdf\">Agrecol bizt.adatl.<\/a><\/div>\n<div><\/div>\n<p style=\"line-height: 18.0pt; background: white; margin: 0cm 0cm 15.0pt 0cm;\"><b><span style=\"font-family: 'Ubuntu',sans-serif; color: black;\">K\u00e9szlet\u00fcnk napi szinten v\u00e1ltozik, ez\u00e9rt k\u00e9rj\u00fck, \u00e9rdekl\u0151dj\u00f6n szem\u00e9lyesen, telefonon vagy email-en.<br \/>\nA v\u00e1ltoztat\u00e1s jog\u00e1t fenntartjuk!\u00a0<\/span><\/b><\/p>\n<p><a href=\"https:\/\/tajkertesz.com\/\">https:\/\/tajkertesz.com\/<\/a><\/p>\n<p><a href=\"https:\/\/www.facebook.com\/tajkertesz\/\">https:\/\/www.facebook.com\/tajkertesz\/<\/a><\/p>\n<p>Kisz\u00e1ll\u00edt\u00e1s: 200cm-ig \u00e9s 40 kg-ig a sz\u00e1ll\u00edt\u00e1s fut\u00e1rszolg\u00e1lattal t\u00f6rt\u00e9nik.<\/p>\n<p>Szem\u00e9lyes \u00e1tv\u00e9tel nyitvatart\u00e1si id\u0151ben a 17. ker\u00fclet Bakancsos utca 7. sz\u00e1m alatti Kert\u00e9szeti \u00e1rud\u00e1nkban.<\/p>\n<p><b><u>Kert\u00e9p\u00edt\u0151k \u00e9s viszontelad\u00f3k regisztr\u00e1l\u00e1s ut\u00e1n egyedi kedvezm\u00e9nnyel v\u00e1s\u00e1rolhatnak kert\u00e9szeti kis-\u00e9s nagykeresked\u00e9s\u00fcnkben.<\/u><\/b><\/p>","protected":false},"excerpt":{"rendered":"<div class=\"artdet__name-rating d-none d-lg-block\">\n<div class=\"row gutters-5\">\n<div class=\"col\">\n<div class=\"artdet__name-rating d-none d-lg-block\">\n<div class=\"row gutters-5\">\n<div class=\"col\">\n<div class=\"artdet__name-rating d-none d-lg-block\">\n<div class=\"row gutters-5\">\n<div class=\"col\">\n<div class=\"artdet__name-rating d-none d-lg-block\">\n<div class=\"row gutters-5\">\n<div class=\"col\">\n<div class=\"artdet__name-rating d-none d-lg-block\">\n<div class=\"row gutters-5\">\n<div class=\"col\">\n<div class=\"artdet__name-rating d-none d-lg-block\">\n<div class=\"row gutters-5\">\n<div class=\"col\">\n<div class=\"artdet__name-rating d-none d-lg-block\">\n<div class=\"row gutters-5\">\n<div class=\"col\">\n<div class=\"artdet__name-rating d-none d-lg-block\">\n<div class=\"row gutters-5\">\n<div class=\"col\">\n<div class=\"artdet__name-rating d-none d-lg-block\">\n<div class=\"row gutters-5\">\n<div class=\"col\">\n<div class=\"artdet__name-rating d-none d-lg-block\">\n<div class=\"row gutters-5\">\n<div class=\"col\">\n<div class=\"artdet__name-rating d-none d-lg-block\">\n<div class=\"row gutters-5\">\n<div class=\"col\">\n<h2 class=\"artdet__name line-clamp--3-12\"><b style=\"color: #666666; font-size: 14px;\">K\u00e9szlet\u00fcnk napi szinten v\u00e1ltozik, ez\u00e9rt k\u00e9rj\u00fck, \u00e9rdekl\u0151dj\u00f6n szem\u00e9lyesen, telefonon vagy email-en.<\/b><\/h2>\n<div id=\"bodyContent\" class=\"mw-body-content\">\n<div id=\"mw-content-text\" class=\"mw-content-ltr\" dir=\"ltr\" lang=\"hu\">\n<div id=\"bodyContent\" class=\"mw-body-content\">\n<div id=\"mw-content-text\" class=\"mw-content-ltr\" dir=\"ltr\" lang=\"hu\">\n<p>Term\u00e9keinket szem\u00e9lyesen is \u00e1tveheti a h\u00e9t minden napj\u00e1n nyitvatart\u00e1si id\u0151ben!<\/p>\n<p>Kisz\u00e1ll\u00edt\u00e1s: 200 cm \u00e9s 40 kg-ig a sz\u00e1ll\u00edt\u00e1s fut\u00e1rszolg\u00e1lattal t\u00f6rt\u00e9nik.<\/p>\n<\/div>\n<\/div>\n<\/div>\n<\/div>\n<p><b>A v\u00e1ltoztat\u00e1s jog\u00e1t fenntartjuk!\u00a0<\/b><\/p>\n<\/div>\n<\/div>\n<\/div>\n<\/div>\n<\/div>\n<\/div>\n<\/div>\n<\/div>\n<\/div>\n<\/div>\n<\/div>\n<\/div>\n<\/div>\n<\/div>\n<\/div>\n<\/div>\n<\/div>\n<\/div>\n<\/div>\n<\/div>\n<\/div>\n<\/div>\n<\/div>\n<\/div>\n<\/div>\n<\/div>\n<\/div>\n<\/div>\n<\/div>\n<\/div>\n<\/div>\n<\/div>\n<\/div>","protected":false},"featured_media":9320,"template":"","meta":{"_et_pb_use_builder":"","_et_pb_old_content":"","_et_gb_content_width":""},"product_brand":[],"product_cat":[1420],"product_tag":[537,1440,5670,520,1450],"class_list":{"0":"post-9319","1":"product","2":"type-product","3":"status-publish","4":"has-post-thumbnail","6":"product_cat-agrecol-tapoldatok","7":"product_tag-agrecol","8":"product_tag-gel","9":"product_tag-jukka","10":"product_tag-palma","11":"product_tag-tapoldat","13":"first","14":"instock","15":"shipping-taxable","16":"purchasable","17":"product-type-simple"},"yoast_head":"<!-- This site is optimized with the Yoast SEO plugin v27.4 - https:\/\/yoast.com\/product\/yoast-seo-wordpress\/ -->\n<title>Agrecol g\u00e9l P\u00c1LMA f\u00e9l\u00e9k, YUCCA \u00c9S DRAC\u00c9NA SZ\u00c1M\u00c1RA 0,25 l - T\u00e1jkert\u00e9sz<\/title>\n<meta name=\"description\" content=\"Agrecol g\u00e9l P\u00c1LMA f\u00e9l\u00e9k, YUCCA \u00c9S DRAC\u00c9NA SZ\u00c1M\u00c1RA 0,25 l. Ide\u00e1lis v\u00e1laszt\u00e1s k\u00fcl\u00f6nf\u00e9le P\u00e1lm\u00e1khoz, Yucca valamint Drac\u00e9n\u00e1khoz.\" \/>\n<meta name=\"robots\" content=\"index, follow, max-snippet:-1, max-image-preview:large, max-video-preview:-1\" \/>\n<link rel=\"canonical\" href=\"https:\/\/tajkertesz.com\/en_US\/product\/agrecol-palma-tapoldat-025-l\/\" \/>\n<meta property=\"og:locale\" content=\"en_US\" \/>\n<meta property=\"og:type\" content=\"article\" \/>\n<meta property=\"og:title\" content=\"Agrecol g\u00e9l P\u00c1LMA f\u00e9l\u00e9k, YUCCA \u00c9S DRAC\u00c9NA SZ\u00c1M\u00c1RA 0,25 l - T\u00e1jkert\u00e9sz\" \/>\n<meta property=\"og:description\" content=\"Agrecol g\u00e9l P\u00c1LMA f\u00e9l\u00e9k, YUCCA \u00c9S DRAC\u00c9NA SZ\u00c1M\u00c1RA 0,25 l. Ide\u00e1lis v\u00e1laszt\u00e1s k\u00fcl\u00f6nf\u00e9le P\u00e1lm\u00e1khoz, Yucca valamint Drac\u00e9n\u00e1khoz.\" \/>\n<meta property=\"og:url\" content=\"https:\/\/tajkertesz.com\/en_US\/product\/agrecol-palma-tapoldat-025-l\/\" \/>\n<meta property=\"og:site_name\" content=\"T\u00e1jkert\u00e9sz\" \/>\n<meta property=\"article:publisher\" content=\"https:\/\/www.facebook.com\/Tajkertesz\/\" \/>\n<meta property=\"article:modified_time\" content=\"2025-02-26T12:28:49+00:00\" \/>\n<meta property=\"og:image\" content=\"https:\/\/tajkertesz.com\/wp-content\/uploads\/2021\/09\/562-MZ-palm-025l-wiz.png\" \/>\n\t<meta property=\"og:image:width\" content=\"370\" \/>\n\t<meta property=\"og:image:height\" content=\"897\" \/>\n\t<meta property=\"og:image:type\" content=\"image\/png\" \/>\n<meta name=\"twitter:card\" content=\"summary_large_image\" \/>\n<meta name=\"twitter:label1\" content=\"Est. reading time\" \/>\n\t<meta name=\"twitter:data1\" content=\"3 minutes\" \/>\n<script type=\"application\/ld+json\" class=\"yoast-schema-graph\">{\"@context\":\"https:\\\/\\\/schema.org\",\"@graph\":[{\"@type\":\"WebPage\",\"@id\":\"https:\\\/\\\/tajkertesz.com\\\/termek\\\/agrecol-palma-tapoldat-025-l\\\/\",\"url\":\"https:\\\/\\\/tajkertesz.com\\\/termek\\\/agrecol-palma-tapoldat-025-l\\\/\",\"name\":\"Agrecol g\u00e9l P\u00c1LMA f\u00e9l\u00e9k, YUCCA \u00c9S DRAC\u00c9NA SZ\u00c1M\u00c1RA 0,25 l - T\u00e1jkert\u00e9sz\",\"isPartOf\":{\"@id\":\"https:\\\/\\\/tajkertesz.com\\\/#website\"},\"primaryImageOfPage\":{\"@id\":\"https:\\\/\\\/tajkertesz.com\\\/termek\\\/agrecol-palma-tapoldat-025-l\\\/#primaryimage\"},\"image\":{\"@id\":\"https:\\\/\\\/tajkertesz.com\\\/termek\\\/agrecol-palma-tapoldat-025-l\\\/#primaryimage\"},\"thumbnailUrl\":\"https:\\\/\\\/tajkertesz.com\\\/wp-content\\\/uploads\\\/2021\\\/09\\\/562-MZ-palm-025l-wiz.png\",\"datePublished\":\"2021-09-20T06:40:53+00:00\",\"dateModified\":\"2025-02-26T12:28:49+00:00\",\"description\":\"Agrecol g\u00e9l P\u00c1LMA f\u00e9l\u00e9k, YUCCA \u00c9S DRAC\u00c9NA SZ\u00c1M\u00c1RA 0,25 l. Ide\u00e1lis v\u00e1laszt\u00e1s k\u00fcl\u00f6nf\u00e9le P\u00e1lm\u00e1khoz, Yucca valamint Drac\u00e9n\u00e1khoz.\",\"breadcrumb\":{\"@id\":\"https:\\\/\\\/tajkertesz.com\\\/termek\\\/agrecol-palma-tapoldat-025-l\\\/#breadcrumb\"},\"inLanguage\":\"en-US\",\"potentialAction\":[{\"@type\":\"ReadAction\",\"target\":[\"https:\\\/\\\/tajkertesz.com\\\/termek\\\/agrecol-palma-tapoldat-025-l\\\/\"]}]},{\"@type\":\"ImageObject\",\"inLanguage\":\"en-US\",\"@id\":\"https:\\\/\\\/tajkertesz.com\\\/termek\\\/agrecol-palma-tapoldat-025-l\\\/#primaryimage\",\"url\":\"https:\\\/\\\/tajkertesz.com\\\/wp-content\\\/uploads\\\/2021\\\/09\\\/562-MZ-palm-025l-wiz.png\",\"contentUrl\":\"https:\\\/\\\/tajkertesz.com\\\/wp-content\\\/uploads\\\/2021\\\/09\\\/562-MZ-palm-025l-wiz.png\",\"width\":370,\"height\":897,\"caption\":\"Agrecol g\u00e9l P\u00c1LMA f\u00e9l\u00e9k, YUCCA \u00c9S DRAC\u00c9NA SZ\u00c1M\u00c1RA 0,25 l\"},{\"@type\":\"BreadcrumbList\",\"@id\":\"https:\\\/\\\/tajkertesz.com\\\/termek\\\/agrecol-palma-tapoldat-025-l\\\/#breadcrumb\",\"itemListElement\":[{\"@type\":\"ListItem\",\"position\":1,\"name\":\"Home\",\"item\":\"https:\\\/\\\/tajkertesz.com\\\/\"},{\"@type\":\"ListItem\",\"position\":2,\"name\":\"Kezd\u0151lap\",\"item\":\"https:\\\/\\\/tajkertesz.com\\\/\"},{\"@type\":\"ListItem\",\"position\":3,\"name\":\"Agrecol g\u00e9l P\u00c1LMA f\u00e9l\u00e9k, YUCCA \u00c9S DRAC\u00c9NA SZ\u00c1M\u00c1RA 0,25 l\"}]},{\"@type\":\"WebSite\",\"@id\":\"https:\\\/\\\/tajkertesz.com\\\/#website\",\"url\":\"https:\\\/\\\/tajkertesz.com\\\/\",\"name\":\"T\u00e1j-Kert\u00e9sz 84 Kft.\",\"description\":\"Kert\u00e9szeti kis- \u00e9s nagykeresked\u00e9s, D\u00edszn\u00f6v\u00e9ny web\u00e1ruh\u00e1z orsz\u00e1gos h\u00e1zhozsz\u00e1ll\u00edt\u00e1ssal!\",\"publisher\":{\"@id\":\"https:\\\/\\\/tajkertesz.com\\\/#organization\"},\"potentialAction\":[{\"@type\":\"SearchAction\",\"target\":{\"@type\":\"EntryPoint\",\"urlTemplate\":\"https:\\\/\\\/tajkertesz.com\\\/?s={search_term_string}\"},\"query-input\":{\"@type\":\"PropertyValueSpecification\",\"valueRequired\":true,\"valueName\":\"search_term_string\"}}],\"inLanguage\":\"en-US\"},{\"@type\":\"Organization\",\"@id\":\"https:\\\/\\\/tajkertesz.com\\\/#organization\",\"name\":\"T\u00e1j-Kert\u00e9sz 84 Kft.\",\"url\":\"https:\\\/\\\/tajkertesz.com\\\/\",\"logo\":{\"@type\":\"ImageObject\",\"inLanguage\":\"en-US\",\"@id\":\"https:\\\/\\\/tajkertesz.com\\\/#\\\/schema\\\/logo\\\/image\\\/\",\"url\":\"https:\\\/\\\/tajkertesz.com\\\/wp-content\\\/uploads\\\/2018\\\/02\\\/logo-2-e1518678052539.png\",\"contentUrl\":\"https:\\\/\\\/tajkertesz.com\\\/wp-content\\\/uploads\\\/2018\\\/02\\\/logo-2-e1518678052539.png\",\"width\":81,\"height\":140,\"caption\":\"T\u00e1j-Kert\u00e9sz 84 Kft.\"},\"image\":{\"@id\":\"https:\\\/\\\/tajkertesz.com\\\/#\\\/schema\\\/logo\\\/image\\\/\"},\"sameAs\":[\"https:\\\/\\\/www.facebook.com\\\/Tajkertesz\\\/\"]}]}<\/script>\n<!-- \/ Yoast SEO plugin. -->","yoast_head_json":{"title":"Agrecol g\u00e9l P\u00c1LMA f\u00e9l\u00e9k, YUCCA \u00c9S DRAC\u00c9NA SZ\u00c1M\u00c1RA 0,25 l - T\u00e1jkert\u00e9sz","description":"Agrecol g\u00e9l P\u00c1LMA f\u00e9l\u00e9k, YUCCA \u00c9S DRAC\u00c9NA SZ\u00c1M\u00c1RA 0,25 l. Ide\u00e1lis v\u00e1laszt\u00e1s k\u00fcl\u00f6nf\u00e9le P\u00e1lm\u00e1khoz, Yucca valamint Drac\u00e9n\u00e1khoz.","robots":{"index":"index","follow":"follow","max-snippet":"max-snippet:-1","max-image-preview":"max-image-preview:large","max-video-preview":"max-video-preview:-1"},"canonical":"https:\/\/tajkertesz.com\/en_US\/product\/agrecol-palma-tapoldat-025-l\/","og_locale":"en_US","og_type":"article","og_title":"Agrecol g\u00e9l P\u00c1LMA f\u00e9l\u00e9k, YUCCA \u00c9S DRAC\u00c9NA SZ\u00c1M\u00c1RA 0,25 l - T\u00e1jkert\u00e9sz","og_description":"Agrecol g\u00e9l P\u00c1LMA f\u00e9l\u00e9k, YUCCA \u00c9S DRAC\u00c9NA SZ\u00c1M\u00c1RA 0,25 l. Ide\u00e1lis v\u00e1laszt\u00e1s k\u00fcl\u00f6nf\u00e9le P\u00e1lm\u00e1khoz, Yucca valamint Drac\u00e9n\u00e1khoz.","og_url":"https:\/\/tajkertesz.com\/en_US\/product\/agrecol-palma-tapoldat-025-l\/","og_site_name":"T\u00e1jkert\u00e9sz","article_publisher":"https:\/\/www.facebook.com\/Tajkertesz\/","article_modified_time":"2025-02-26T12:28:49+00:00","og_image":[{"width":370,"height":897,"url":"https:\/\/tajkertesz.com\/wp-content\/uploads\/2021\/09\/562-MZ-palm-025l-wiz.png","type":"image\/png"}],"twitter_card":"summary_large_image","twitter_misc":{"Est. reading time":"3 minutes"},"schema":{"@context":"https:\/\/schema.org","@graph":[{"@type":"WebPage","@id":"https:\/\/tajkertesz.com\/termek\/agrecol-palma-tapoldat-025-l\/","url":"https:\/\/tajkertesz.com\/termek\/agrecol-palma-tapoldat-025-l\/","name":"Agrecol g\u00e9l P\u00c1LMA f\u00e9l\u00e9k, YUCCA \u00c9S DRAC\u00c9NA SZ\u00c1M\u00c1RA 0,25 l - T\u00e1jkert\u00e9sz","isPartOf":{"@id":"https:\/\/tajkertesz.com\/#website"},"primaryImageOfPage":{"@id":"https:\/\/tajkertesz.com\/termek\/agrecol-palma-tapoldat-025-l\/#primaryimage"},"image":{"@id":"https:\/\/tajkertesz.com\/termek\/agrecol-palma-tapoldat-025-l\/#primaryimage"},"thumbnailUrl":"https:\/\/tajkertesz.com\/wp-content\/uploads\/2021\/09\/562-MZ-palm-025l-wiz.png","datePublished":"2021-09-20T06:40:53+00:00","dateModified":"2025-02-26T12:28:49+00:00","description":"Agrecol g\u00e9l P\u00c1LMA f\u00e9l\u00e9k, YUCCA \u00c9S DRAC\u00c9NA SZ\u00c1M\u00c1RA 0,25 l. Ide\u00e1lis v\u00e1laszt\u00e1s k\u00fcl\u00f6nf\u00e9le P\u00e1lm\u00e1khoz, Yucca valamint Drac\u00e9n\u00e1khoz.","breadcrumb":{"@id":"https:\/\/tajkertesz.com\/termek\/agrecol-palma-tapoldat-025-l\/#breadcrumb"},"inLanguage":"en-US","potentialAction":[{"@type":"ReadAction","target":["https:\/\/tajkertesz.com\/termek\/agrecol-palma-tapoldat-025-l\/"]}]},{"@type":"ImageObject","inLanguage":"en-US","@id":"https:\/\/tajkertesz.com\/termek\/agrecol-palma-tapoldat-025-l\/#primaryimage","url":"https:\/\/tajkertesz.com\/wp-content\/uploads\/2021\/09\/562-MZ-palm-025l-wiz.png","contentUrl":"https:\/\/tajkertesz.com\/wp-content\/uploads\/2021\/09\/562-MZ-palm-025l-wiz.png","width":370,"height":897,"caption":"Agrecol g\u00e9l P\u00c1LMA f\u00e9l\u00e9k, YUCCA \u00c9S DRAC\u00c9NA SZ\u00c1M\u00c1RA 0,25 l"},{"@type":"BreadcrumbList","@id":"https:\/\/tajkertesz.com\/termek\/agrecol-palma-tapoldat-025-l\/#breadcrumb","itemListElement":[{"@type":"ListItem","position":1,"name":"Home","item":"https:\/\/tajkertesz.com\/"},{"@type":"ListItem","position":2,"name":"Kezd\u0151lap","item":"https:\/\/tajkertesz.com\/"},{"@type":"ListItem","position":3,"name":"Agrecol g\u00e9l P\u00c1LMA f\u00e9l\u00e9k, YUCCA \u00c9S DRAC\u00c9NA SZ\u00c1M\u00c1RA 0,25 l"}]},{"@type":"WebSite","@id":"https:\/\/tajkertesz.com\/#website","url":"https:\/\/tajkertesz.com\/","name":"T\u00e1j-Kert\u00e9sz 84 Kft.","description":"Kert\u00e9szeti kis- \u00e9s nagykeresked\u00e9s, D\u00edszn\u00f6v\u00e9ny web\u00e1ruh\u00e1z orsz\u00e1gos h\u00e1zhozsz\u00e1ll\u00edt\u00e1ssal!","publisher":{"@id":"https:\/\/tajkertesz.com\/#organization"},"potentialAction":[{"@type":"SearchAction","target":{"@type":"EntryPoint","urlTemplate":"https:\/\/tajkertesz.com\/?s={search_term_string}"},"query-input":{"@type":"PropertyValueSpecification","valueRequired":true,"valueName":"search_term_string"}}],"inLanguage":"en-US"},{"@type":"Organization","@id":"https:\/\/tajkertesz.com\/#organization","name":"T\u00e1j-Kert\u00e9sz 84 Kft.","url":"https:\/\/tajkertesz.com\/","logo":{"@type":"ImageObject","inLanguage":"en-US","@id":"https:\/\/tajkertesz.com\/#\/schema\/logo\/image\/","url":"https:\/\/tajkertesz.com\/wp-content\/uploads\/2018\/02\/logo-2-e1518678052539.png","contentUrl":"https:\/\/tajkertesz.com\/wp-content\/uploads\/2018\/02\/logo-2-e1518678052539.png","width":81,"height":140,"caption":"T\u00e1j-Kert\u00e9sz 84 Kft."},"image":{"@id":"https:\/\/tajkertesz.com\/#\/schema\/logo\/image\/"},"sameAs":["https:\/\/www.facebook.com\/Tajkertesz\/"]}]}},"_links":{"self":[{"href":"https:\/\/tajkertesz.com\/en_US\/wp-json\/wp\/v2\/product\/9319","targetHints":{"allow":["GET"]}}],"collection":[{"href":"https:\/\/tajkertesz.com\/en_US\/wp-json\/wp\/v2\/product"}],"about":[{"href":"https:\/\/tajkertesz.com\/en_US\/wp-json\/wp\/v2\/types\/product"}],"wp:featuredmedia":[{"embeddable":true,"href":"https:\/\/tajkertesz.com\/en_US\/wp-json\/wp\/v2\/media\/9320"}],"wp:attachment":[{"href":"https:\/\/tajkertesz.com\/en_US\/wp-json\/wp\/v2\/media?parent=9319"}],"wp:term":[{"taxonomy":"product_brand","embeddable":true,"href":"https:\/\/tajkertesz.com\/en_US\/wp-json\/wp\/v2\/product_brand?post=9319"},{"taxonomy":"product_cat","embeddable":true,"href":"https:\/\/tajkertesz.com\/en_US\/wp-json\/wp\/v2\/product_cat?post=9319"},{"taxonomy":"product_tag","embeddable":true,"href":"https:\/\/tajkertesz.com\/en_US\/wp-json\/wp\/v2\/product_tag?post=9319"}],"curies":[{"name":"wp","href":"https:\/\/api.w.org\/{rel}","templated":true}]}}