{"id":932,"date":"2020-02-18T15:10:58","date_gmt":"2020-02-18T15:10:58","guid":{"rendered":"https:\/\/tajkertesz.com\/?post_type=product&#038;p=932"},"modified":"2023-12-16T08:06:06","modified_gmt":"2023-12-16T08:06:06","slug":"morus-alba-pendula-csungo-agu-eperfa","status":"publish","type":"product","link":"https:\/\/tajkertesz.com\/en_US\/product\/morus-alba-pendula-csungo-agu-eperfa\/","title":{"rendered":"Morus alba &#8216;Pendula &#8216;Cs\u00fcng\u0151 \u00e1g\u00fa eperfa"},"content":{"rendered":"<p>Morus alba &#8216;Pendula &#8216;Cs\u00fcng\u0151 \u00e1g\u00fa eperfa<\/p>\n<p>A Morus alba &#8216;Pendula &#8216; Cs\u00fcng\u0151 \u00e1g\u00fa eperfa nagyon mutat\u00f3s ak\u00e1r a t\u00e9li id\u0151szakban is b\u00f3kol\u00f3 \u00e1gai miatt.<\/p>\n<p>De a r\u00e9gi id\u0151kben\u00a0gy\u00fcm\u00f6lcs\u00e9b\u0151l eperp\u00e1link\u00e1t f\u0151ztek, f\u00e1j\u00e1t nagyon sok helyen ez\u00e9rt is telep\u00edtett\u00e9k.<\/p>\n<p><b>N\u00f6veked\u00e9s, alak:<\/b>\u00a0Kism\u00e9ret\u0171, 4-6 m magasra n\u0151. Vessz\u0151i er\u0151sen, m\u00e9lyen cs\u00fcng\u0151k.<br \/>\n<b>Lev\u00e9l:<\/b>\u00a0Nagy levelei v\u00e1ltozatos form\u00e1j\u00faak, sz\u00edves v\u00e1ll\u00faak, osztatlanok vagy kar\u00e9josan osztottak, felsz\u00edn\u00fck kopasz, sz\u00e9leik f\u0171r\u00e9szesek.<br \/>\n<b>Vir\u00e1g:<\/b>\u00a0Cs\u00fcng\u0151 f\u00fcz\u00e9r, nem felt\u0171n\u0151, m\u00e1jus\/j\u00faniusban ny\u00edl\u00f3.<br \/>\n<b>Term\u00e9s:<\/b>\u00a0Feh\u00e9r vagy v\u00f6r\u00f6sl\u0151, 1-2,5 cm-es.<br \/>\n<b>Term\u0151hely, ig\u00e9ny:<\/b>\u00a0Napos, v\u00e9dett, meleg. Talaj ir\u00e1nt ig\u00e9nytelen, de ink\u00e1bb sz\u00e1raz, szeg\u00e9ny, ak\u00e1r sov\u00e1ny homoktalaj, m\u00e9szkedvel\u0151.<br \/>\n<b>Felhaszn\u00e1l\u00e1s:<\/b>\u00a0Els\u0151sorban kertbe, parkba szoliter n\u00f6v\u00e9nyk\u00e9nt.<\/p>\n<p>Jelen term\u00e9k\u00fcnk\u00a0 25 literes kont\u00e9nerben kaphat\u00f3 \u00e9s 12\/14 cm t\u00f6rzsk\u00f6rker\u00fclettel rendelkezik. T\u00f6rzsmagass\u00e1ga 220cm.<\/p>\n<p style=\"line-height: 18.0pt; background: white; margin: 0cm 0cm 15.0pt 0cm;\"><b><span style=\"font-family: 'Ubuntu',serif; color: black;\">K\u00e9szlet\u00fcnk napi szinten v\u00e1ltozik, ez\u00e9rt k\u00e9rj\u00fck, \u00e9rdekl\u0151dj\u00f6n szem\u00e9lyesen, telefonon vagy email-en.<br \/>\nA v\u00e1ltoztat\u00e1s jog\u00e1t fenntartjuk!\u00a0<\/span><\/b><\/p>\n<h5><a href=\"https:\/\/tajkertesz.com\/\">https:\/\/tajkertesz.com\/<\/a><\/h5>\n<pre><span style=\"color: #003300;\"><a style=\"color: #003300;\" href=\"https:\/\/hu.wikipedia.org\/wiki\/Feh%C3%A9r_eperfa\">https:\/\/hu.wikipedia.org\/wiki\/Feh%C3%A9r_eperfa<\/a><\/span><\/pre>\n<h4><span style=\"color: #ffffff;\">A\u00a0feh\u00e9r eper\u00a0vagy\u00a0feh\u00e9r eperfa\u00a0<i>(Morus alba)<\/i>\u00a0a\u00a0<a style=\"color: #ffffff;\" title=\"R\u00f3zsavir\u00e1g\u00faak\" href=\"https:\/\/hu.wikipedia.org\/wiki\/R%C3%B3zsavir%C3%A1g%C3%BAak\">r\u00f3zsavir\u00e1g\u00faak<\/a>\u00a0<i>(Rosales)<\/i>\u00a0rendj\u00e9be \u00e9s az\u00a0<a style=\"color: #ffffff;\" title=\"Eperfaf\u00e9l\u00e9k\" href=\"https:\/\/hu.wikipedia.org\/wiki\/Eperfaf%C3%A9l%C3%A9k\">eperfaf\u00e9l\u00e9k<\/a>\u00a0<i>(Moraceae)<\/i>\u00a0csal\u00e1dj\u00e1ba, az\u00a0<a style=\"color: #ffffff;\" title=\"Eperfa\" href=\"https:\/\/hu.wikipedia.org\/wiki\/Eperfa\">eperf\u00e1k<\/a>\u00a0<i>(Morus)<\/i>\u00a0nemzets\u00e9g\u00e9be tartoz\u00f3 faj, a\u00a0<a style=\"color: #ffffff;\" title=\"Fekete eperfa\" href=\"https:\/\/hu.wikipedia.org\/wiki\/Fekete_eperfa\">fekete eperfa<\/a>\u00a0rokona.<\/span><\/h4>\n<h4><span style=\"color: #ffffff;\">Zsenge leveleit r\u00e9gebben a\u00a0<a style=\"color: #ffffff;\" title=\"Selyemlepke\" href=\"https:\/\/hu.wikipedia.org\/wiki\/Selyemlepke\">selyemherny\u00f3<\/a>\u00a0teny\u00e9szt\u00e9shez t\u00e1pl\u00e1l\u00e9kn\u00f6v\u00e9nyk\u00e9nt nagy mennyis\u00e9gben gy\u0171jt\u00f6tt\u00e9k, gy\u00fcm\u00f6lcs\u00e9b\u0151l eperp\u00e1link\u00e1t f\u0151ztek, f\u00e1j\u00e1t nagyon sok helyen ez\u00e9rt is telep\u00edtett\u00e9k.<\/span><\/h4>\n<h4><span style=\"color: #ffffff;\">K\u00f6z\u00e9pmagas, eltereb\u00e9lyesed\u0151 koron\u00e1t nevel\u0151, er\u0151sen sarjad\u00f3, 10 m\u00e9ter magasra is n\u00f6v\u0151 form\u00e1s\u00a0<a style=\"color: #ffffff;\" title=\"Fa (botanika)\" href=\"https:\/\/hu.wikipedia.org\/wiki\/Fa_(botanika)\">fa<\/a>. S\u0171r\u0171 lombozata miatt \u00e1rny\u00e9kot ad\u00f3 d\u00edszfak\u00e9nt is \u00fcltetik. K\u00e9rge barn\u00e1sv\u00f6r\u00f6s, vagy z\u00f6ldessz\u00fcrke, nagy\u00a0<a style=\"color: #ffffff;\" title=\"Lev\u00e9l (botanika)\" href=\"https:\/\/hu.wikipedia.org\/wiki\/Lev%C3%A9l_(botanika)\">levelei<\/a>\u00a0v\u00e1ltozatos form\u00e1j\u00faak, sz\u00edves v\u00e1ll\u00faak, osztatlanok vagy kar\u00e9josan osztottak, felsz\u00edn\u00fck kopasz, sz\u00e9leik f\u0171r\u00e9szesek. A lev\u00e9lny\u00e9l \u00e9s a lemez fon\u00e1kj\u00e1n a vastagabb erek sz\u0151r\u00f6sek. A porz\u00f3s\u00a0<a style=\"color: #ffffff;\" title=\"Vir\u00e1gzat\" href=\"https:\/\/hu.wikipedia.org\/wiki\/Vir%C3%A1gzat\">vir\u00e1gzat<\/a>\u00a0vil\u00e1goss\u00e1rga sz\u00edn\u0171 lecs\u00fcng\u0151\u00a0<a style=\"color: #ffffff;\" title=\"Vir\u00e1gzat\" href=\"https:\/\/hu.wikipedia.org\/wiki\/Vir%C3%A1gzat#Barka\">barka<\/a>, a term\u0151s vir\u00e1gzat felfel\u00e9 \u00e1ll\u00f3\u00a0<a style=\"color: #ffffff;\" title=\"Vir\u00e1gzat\" href=\"https:\/\/hu.wikipedia.org\/wiki\/Vir%C3%A1gzat#Fejecske\">fejecske<\/a>. \u00c1prilist\u00f3l j\u00faniusig vir\u00e1gzik. Gy\u00fcm\u00f6lcsei (val\u00f3j\u00e1ban\u00a0<a style=\"color: #ffffff;\" title=\"Term\u00e9s\" href=\"https:\/\/hu.wikipedia.org\/wiki\/Term%C3%A9s\">\u00e1lterm\u00e9sek<\/a>) r\u00f6vid kocs\u00e1nyon feh\u00e9rek, n\u00e9ha halv\u00e1nyan r\u00f3zs\u00e1sak. Folyton \u00e9r\u0151, az els\u0151 \u00e9s utols\u00f3 lehullott szemek k\u00f6z\u00f6tt ak\u00e1r m\u00e1sf\u00e9l h\u00f3nap is eltelhet. \u00c9r\u00e9se az id\u0151j\u00e1r\u00e1st\u00f3l \u00e9s faegyedt\u0151l f\u00fcgg\u0151en j\u00faniusban \u00e9s j\u00faliusban van. A teljesen be\u00e9rett szemek magukt\u00f3l lehullanak.<\/span><\/h4>","protected":false},"excerpt":{"rendered":"<p>A Morus alba &#8216;Pendula &#8216; Cs\u00fcng\u0151 \u00e1g\u00fa eperfa nagyon mutat\u00f3s ak\u00e1r a t\u00e9li id\u0151szakban is b\u00f3kol\u00f3 \u00e1gai miatt.<\/p>\n<p>De a r\u00e9gi id\u0151kben\u00a0gy\u00fcm\u00f6lcs\u00e9b\u0151l eperp\u00e1link\u00e1t f\u0151ztek, f\u00e1j\u00e1t nagyon sok helyen ez\u00e9rt is telep\u00edtett\u00e9k.<\/p>\n<p><b>N\u00f6veked\u00e9s, alak:<\/b>\u00a0Kism\u00e9ret\u0171, 4-6 m magasra n\u0151. Vessz\u0151i er\u0151sen, m\u00e9lyen cs\u00fcng\u0151k.<br \/>\n<b>Lev\u00e9l:<\/b>\u00a0Nagy levelei v\u00e1ltozatos form\u00e1j\u00faak, sz\u00edves v\u00e1ll\u00faak, osztatlanok vagy kar\u00e9josan osztottak, felsz\u00edn\u00fck kopasz, sz\u00e9leik f\u0171r\u00e9szesek.<br \/>\n<b>Vir\u00e1g:<\/b>\u00a0Cs\u00fcng\u0151 f\u00fcz\u00e9r, nem felt\u0171n\u0151, m\u00e1jus\/j\u00faniusban ny\u00edl\u00f3.<br \/>\n<b>Term\u00e9s:<\/b>\u00a0Feh\u00e9r vagy v\u00f6r\u00f6sl\u0151, 1-2,5 cm-es.<br \/>\n<b>Term\u0151hely, ig\u00e9ny:<\/b>\u00a0Napos, v\u00e9dett, meleg. Talaj ir\u00e1nt ig\u00e9nytelen, de ink\u00e1bb sz\u00e1raz, szeg\u00e9ny, ak\u00e1r sov\u00e1ny homoktalaj, m\u00e9szkedvel\u0151.<br \/>\n<b>Felhaszn\u00e1l\u00e1s:<\/b> Els\u0151sorban kertbe, parkba szoliter n\u00f6v\u00e9nyk\u00e9nt.<\/p>\n<p>Jelen term\u00e9k\u00fcnk 25 literes kont\u00e9nerben kaphat\u00f3 \u00e9s\u00a0 12\/14 cm t\u00f6rzsk\u00f6rker\u00fclettel rendelkezik. T\u00f6rzsmagass\u00e1ga 220cm.<\/p>","protected":false},"featured_media":935,"template":"","meta":{"_et_pb_use_builder":"","_et_pb_old_content":"","_et_gb_content_width":""},"product_brand":[],"product_cat":[28],"product_tag":[123,124,125,122],"class_list":{"0":"post-932","1":"product","2":"type-product","3":"status-publish","4":"has-post-thumbnail","6":"product_cat-diszfak","7":"product_tag-csungo-agu-eperfa","8":"product_tag-eperfa","9":"product_tag-faeper","10":"product_tag-morus-alba-pendula","12":"first","13":"outofstock","14":"shipping-taxable","15":"purchasable","16":"product-type-simple"},"yoast_head":"<!-- This site is optimized with the Yoast SEO plugin v27.3 - https:\/\/yoast.com\/product\/yoast-seo-wordpress\/ -->\n<title>Morus alba &#039;Pendula &#039;Cs\u00fcng\u0151 \u00e1g\u00fa eperfa - T\u00e1jkert\u00e9sz<\/title>\n<meta name=\"description\" content=\"A Morus alba &#039;Pendula &#039; Cs\u00fcng\u0151 \u00e1g\u00fa eperfa nagyon mutat\u00f3s ak\u00e1r a t\u00e9li id\u0151szakban is b\u00f3kol\u00f3 \u00e1gai miatt.\u00a0Gy\u00fcm\u00f6lcs\u00e9b\u0151l eperp\u00e1link\u00e1t f\u0151ztek!\" \/>\n<meta name=\"robots\" content=\"index, follow, max-snippet:-1, max-image-preview:large, max-video-preview:-1\" \/>\n<link rel=\"canonical\" href=\"https:\/\/tajkertesz.com\/en_US\/product\/morus-alba-pendula-csungo-agu-eperfa\/\" \/>\n<meta property=\"og:locale\" content=\"en_US\" \/>\n<meta property=\"og:type\" content=\"article\" \/>\n<meta property=\"og:title\" content=\"Morus alba &#039;Pendula &#039;Cs\u00fcng\u0151 \u00e1g\u00fa eperfa - T\u00e1jkert\u00e9sz\" \/>\n<meta property=\"og:description\" content=\"A Morus alba &#039;Pendula &#039; Cs\u00fcng\u0151 \u00e1g\u00fa eperfa nagyon mutat\u00f3s ak\u00e1r a t\u00e9li id\u0151szakban is b\u00f3kol\u00f3 \u00e1gai miatt.\u00a0Gy\u00fcm\u00f6lcs\u00e9b\u0151l eperp\u00e1link\u00e1t f\u0151ztek!\" \/>\n<meta property=\"og:url\" content=\"https:\/\/tajkertesz.com\/en_US\/product\/morus-alba-pendula-csungo-agu-eperfa\/\" \/>\n<meta property=\"og:site_name\" content=\"T\u00e1jkert\u00e9sz\" \/>\n<meta property=\"article:publisher\" content=\"https:\/\/www.facebook.com\/Tajkertesz\/\" \/>\n<meta property=\"article:modified_time\" content=\"2023-12-16T08:06:06+00:00\" \/>\n<meta property=\"og:image\" content=\"https:\/\/tajkertesz.com\/wp-content\/uploads\/2020\/02\/morus_alba_pendula_2.jpg\" \/>\n\t<meta property=\"og:image:width\" content=\"1440\" \/>\n\t<meta property=\"og:image:height\" content=\"1080\" \/>\n\t<meta property=\"og:image:type\" content=\"image\/jpeg\" \/>\n<meta name=\"twitter:card\" content=\"summary_large_image\" \/>\n<meta name=\"twitter:label1\" content=\"Est. reading time\" \/>\n\t<meta name=\"twitter:data1\" content=\"2 minutes\" \/>\n<script type=\"application\/ld+json\" class=\"yoast-schema-graph\">{\"@context\":\"https:\\\/\\\/schema.org\",\"@graph\":[{\"@type\":\"WebPage\",\"@id\":\"https:\\\/\\\/tajkertesz.com\\\/termek\\\/morus-alba-pendula-csungo-agu-eperfa\\\/\",\"url\":\"https:\\\/\\\/tajkertesz.com\\\/termek\\\/morus-alba-pendula-csungo-agu-eperfa\\\/\",\"name\":\"Morus alba 'Pendula 'Cs\u00fcng\u0151 \u00e1g\u00fa eperfa - T\u00e1jkert\u00e9sz\",\"isPartOf\":{\"@id\":\"https:\\\/\\\/tajkertesz.com\\\/#website\"},\"primaryImageOfPage\":{\"@id\":\"https:\\\/\\\/tajkertesz.com\\\/termek\\\/morus-alba-pendula-csungo-agu-eperfa\\\/#primaryimage\"},\"image\":{\"@id\":\"https:\\\/\\\/tajkertesz.com\\\/termek\\\/morus-alba-pendula-csungo-agu-eperfa\\\/#primaryimage\"},\"thumbnailUrl\":\"https:\\\/\\\/tajkertesz.com\\\/wp-content\\\/uploads\\\/2020\\\/02\\\/morus_alba_pendula_2.jpg\",\"datePublished\":\"2020-02-18T15:10:58+00:00\",\"dateModified\":\"2023-12-16T08:06:06+00:00\",\"description\":\"A Morus alba 'Pendula ' Cs\u00fcng\u0151 \u00e1g\u00fa eperfa nagyon mutat\u00f3s ak\u00e1r a t\u00e9li id\u0151szakban is b\u00f3kol\u00f3 \u00e1gai miatt.\u00a0Gy\u00fcm\u00f6lcs\u00e9b\u0151l eperp\u00e1link\u00e1t f\u0151ztek!\",\"breadcrumb\":{\"@id\":\"https:\\\/\\\/tajkertesz.com\\\/termek\\\/morus-alba-pendula-csungo-agu-eperfa\\\/#breadcrumb\"},\"inLanguage\":\"en-US\",\"potentialAction\":[{\"@type\":\"ReadAction\",\"target\":[\"https:\\\/\\\/tajkertesz.com\\\/termek\\\/morus-alba-pendula-csungo-agu-eperfa\\\/\"]}]},{\"@type\":\"ImageObject\",\"inLanguage\":\"en-US\",\"@id\":\"https:\\\/\\\/tajkertesz.com\\\/termek\\\/morus-alba-pendula-csungo-agu-eperfa\\\/#primaryimage\",\"url\":\"https:\\\/\\\/tajkertesz.com\\\/wp-content\\\/uploads\\\/2020\\\/02\\\/morus_alba_pendula_2.jpg\",\"contentUrl\":\"https:\\\/\\\/tajkertesz.com\\\/wp-content\\\/uploads\\\/2020\\\/02\\\/morus_alba_pendula_2.jpg\",\"width\":1440,\"height\":1080},{\"@type\":\"BreadcrumbList\",\"@id\":\"https:\\\/\\\/tajkertesz.com\\\/termek\\\/morus-alba-pendula-csungo-agu-eperfa\\\/#breadcrumb\",\"itemListElement\":[{\"@type\":\"ListItem\",\"position\":1,\"name\":\"Home\",\"item\":\"https:\\\/\\\/tajkertesz.com\\\/\"},{\"@type\":\"ListItem\",\"position\":2,\"name\":\"Kezd\u0151lap\",\"item\":\"https:\\\/\\\/tajkertesz.com\\\/\"},{\"@type\":\"ListItem\",\"position\":3,\"name\":\"Morus alba &#8216;Pendula &#8216;Cs\u00fcng\u0151 \u00e1g\u00fa eperfa\"}]},{\"@type\":\"WebSite\",\"@id\":\"https:\\\/\\\/tajkertesz.com\\\/#website\",\"url\":\"https:\\\/\\\/tajkertesz.com\\\/\",\"name\":\"T\u00e1j-Kert\u00e9sz 84 Kft.\",\"description\":\"Kert\u00e9szeti kis- \u00e9s nagykeresked\u00e9s, D\u00edszn\u00f6v\u00e9ny web\u00e1ruh\u00e1z orsz\u00e1gos h\u00e1zhozsz\u00e1ll\u00edt\u00e1ssal!\",\"publisher\":{\"@id\":\"https:\\\/\\\/tajkertesz.com\\\/#organization\"},\"potentialAction\":[{\"@type\":\"SearchAction\",\"target\":{\"@type\":\"EntryPoint\",\"urlTemplate\":\"https:\\\/\\\/tajkertesz.com\\\/?s={search_term_string}\"},\"query-input\":{\"@type\":\"PropertyValueSpecification\",\"valueRequired\":true,\"valueName\":\"search_term_string\"}}],\"inLanguage\":\"en-US\"},{\"@type\":\"Organization\",\"@id\":\"https:\\\/\\\/tajkertesz.com\\\/#organization\",\"name\":\"T\u00e1j-Kert\u00e9sz 84 Kft.\",\"url\":\"https:\\\/\\\/tajkertesz.com\\\/\",\"logo\":{\"@type\":\"ImageObject\",\"inLanguage\":\"en-US\",\"@id\":\"https:\\\/\\\/tajkertesz.com\\\/#\\\/schema\\\/logo\\\/image\\\/\",\"url\":\"https:\\\/\\\/tajkertesz.com\\\/wp-content\\\/uploads\\\/2018\\\/02\\\/logo-2-e1518678052539.png\",\"contentUrl\":\"https:\\\/\\\/tajkertesz.com\\\/wp-content\\\/uploads\\\/2018\\\/02\\\/logo-2-e1518678052539.png\",\"width\":81,\"height\":140,\"caption\":\"T\u00e1j-Kert\u00e9sz 84 Kft.\"},\"image\":{\"@id\":\"https:\\\/\\\/tajkertesz.com\\\/#\\\/schema\\\/logo\\\/image\\\/\"},\"sameAs\":[\"https:\\\/\\\/www.facebook.com\\\/Tajkertesz\\\/\"]}]}<\/script>\n<!-- \/ Yoast SEO plugin. -->","yoast_head_json":{"title":"Morus alba 'Pendula 'Cs\u00fcng\u0151 \u00e1g\u00fa eperfa - T\u00e1jkert\u00e9sz","description":"A Morus alba 'Pendula ' Cs\u00fcng\u0151 \u00e1g\u00fa eperfa nagyon mutat\u00f3s ak\u00e1r a t\u00e9li id\u0151szakban is b\u00f3kol\u00f3 \u00e1gai miatt.\u00a0Gy\u00fcm\u00f6lcs\u00e9b\u0151l eperp\u00e1link\u00e1t f\u0151ztek!","robots":{"index":"index","follow":"follow","max-snippet":"max-snippet:-1","max-image-preview":"max-image-preview:large","max-video-preview":"max-video-preview:-1"},"canonical":"https:\/\/tajkertesz.com\/en_US\/product\/morus-alba-pendula-csungo-agu-eperfa\/","og_locale":"en_US","og_type":"article","og_title":"Morus alba 'Pendula 'Cs\u00fcng\u0151 \u00e1g\u00fa eperfa - T\u00e1jkert\u00e9sz","og_description":"A Morus alba 'Pendula ' Cs\u00fcng\u0151 \u00e1g\u00fa eperfa nagyon mutat\u00f3s ak\u00e1r a t\u00e9li id\u0151szakban is b\u00f3kol\u00f3 \u00e1gai miatt.\u00a0Gy\u00fcm\u00f6lcs\u00e9b\u0151l eperp\u00e1link\u00e1t f\u0151ztek!","og_url":"https:\/\/tajkertesz.com\/en_US\/product\/morus-alba-pendula-csungo-agu-eperfa\/","og_site_name":"T\u00e1jkert\u00e9sz","article_publisher":"https:\/\/www.facebook.com\/Tajkertesz\/","article_modified_time":"2023-12-16T08:06:06+00:00","og_image":[{"width":1440,"height":1080,"url":"https:\/\/tajkertesz.com\/wp-content\/uploads\/2020\/02\/morus_alba_pendula_2.jpg","type":"image\/jpeg"}],"twitter_card":"summary_large_image","twitter_misc":{"Est. reading time":"2 minutes"},"schema":{"@context":"https:\/\/schema.org","@graph":[{"@type":"WebPage","@id":"https:\/\/tajkertesz.com\/termek\/morus-alba-pendula-csungo-agu-eperfa\/","url":"https:\/\/tajkertesz.com\/termek\/morus-alba-pendula-csungo-agu-eperfa\/","name":"Morus alba 'Pendula 'Cs\u00fcng\u0151 \u00e1g\u00fa eperfa - T\u00e1jkert\u00e9sz","isPartOf":{"@id":"https:\/\/tajkertesz.com\/#website"},"primaryImageOfPage":{"@id":"https:\/\/tajkertesz.com\/termek\/morus-alba-pendula-csungo-agu-eperfa\/#primaryimage"},"image":{"@id":"https:\/\/tajkertesz.com\/termek\/morus-alba-pendula-csungo-agu-eperfa\/#primaryimage"},"thumbnailUrl":"https:\/\/tajkertesz.com\/wp-content\/uploads\/2020\/02\/morus_alba_pendula_2.jpg","datePublished":"2020-02-18T15:10:58+00:00","dateModified":"2023-12-16T08:06:06+00:00","description":"A Morus alba 'Pendula ' Cs\u00fcng\u0151 \u00e1g\u00fa eperfa nagyon mutat\u00f3s ak\u00e1r a t\u00e9li id\u0151szakban is b\u00f3kol\u00f3 \u00e1gai miatt.\u00a0Gy\u00fcm\u00f6lcs\u00e9b\u0151l eperp\u00e1link\u00e1t f\u0151ztek!","breadcrumb":{"@id":"https:\/\/tajkertesz.com\/termek\/morus-alba-pendula-csungo-agu-eperfa\/#breadcrumb"},"inLanguage":"en-US","potentialAction":[{"@type":"ReadAction","target":["https:\/\/tajkertesz.com\/termek\/morus-alba-pendula-csungo-agu-eperfa\/"]}]},{"@type":"ImageObject","inLanguage":"en-US","@id":"https:\/\/tajkertesz.com\/termek\/morus-alba-pendula-csungo-agu-eperfa\/#primaryimage","url":"https:\/\/tajkertesz.com\/wp-content\/uploads\/2020\/02\/morus_alba_pendula_2.jpg","contentUrl":"https:\/\/tajkertesz.com\/wp-content\/uploads\/2020\/02\/morus_alba_pendula_2.jpg","width":1440,"height":1080},{"@type":"BreadcrumbList","@id":"https:\/\/tajkertesz.com\/termek\/morus-alba-pendula-csungo-agu-eperfa\/#breadcrumb","itemListElement":[{"@type":"ListItem","position":1,"name":"Home","item":"https:\/\/tajkertesz.com\/"},{"@type":"ListItem","position":2,"name":"Kezd\u0151lap","item":"https:\/\/tajkertesz.com\/"},{"@type":"ListItem","position":3,"name":"Morus alba &#8216;Pendula &#8216;Cs\u00fcng\u0151 \u00e1g\u00fa eperfa"}]},{"@type":"WebSite","@id":"https:\/\/tajkertesz.com\/#website","url":"https:\/\/tajkertesz.com\/","name":"T\u00e1j-Kert\u00e9sz 84 Kft.","description":"Kert\u00e9szeti kis- \u00e9s nagykeresked\u00e9s, D\u00edszn\u00f6v\u00e9ny web\u00e1ruh\u00e1z orsz\u00e1gos h\u00e1zhozsz\u00e1ll\u00edt\u00e1ssal!","publisher":{"@id":"https:\/\/tajkertesz.com\/#organization"},"potentialAction":[{"@type":"SearchAction","target":{"@type":"EntryPoint","urlTemplate":"https:\/\/tajkertesz.com\/?s={search_term_string}"},"query-input":{"@type":"PropertyValueSpecification","valueRequired":true,"valueName":"search_term_string"}}],"inLanguage":"en-US"},{"@type":"Organization","@id":"https:\/\/tajkertesz.com\/#organization","name":"T\u00e1j-Kert\u00e9sz 84 Kft.","url":"https:\/\/tajkertesz.com\/","logo":{"@type":"ImageObject","inLanguage":"en-US","@id":"https:\/\/tajkertesz.com\/#\/schema\/logo\/image\/","url":"https:\/\/tajkertesz.com\/wp-content\/uploads\/2018\/02\/logo-2-e1518678052539.png","contentUrl":"https:\/\/tajkertesz.com\/wp-content\/uploads\/2018\/02\/logo-2-e1518678052539.png","width":81,"height":140,"caption":"T\u00e1j-Kert\u00e9sz 84 Kft."},"image":{"@id":"https:\/\/tajkertesz.com\/#\/schema\/logo\/image\/"},"sameAs":["https:\/\/www.facebook.com\/Tajkertesz\/"]}]}},"_links":{"self":[{"href":"https:\/\/tajkertesz.com\/en_US\/wp-json\/wp\/v2\/product\/932","targetHints":{"allow":["GET"]}}],"collection":[{"href":"https:\/\/tajkertesz.com\/en_US\/wp-json\/wp\/v2\/product"}],"about":[{"href":"https:\/\/tajkertesz.com\/en_US\/wp-json\/wp\/v2\/types\/product"}],"wp:featuredmedia":[{"embeddable":true,"href":"https:\/\/tajkertesz.com\/en_US\/wp-json\/wp\/v2\/media\/935"}],"wp:attachment":[{"href":"https:\/\/tajkertesz.com\/en_US\/wp-json\/wp\/v2\/media?parent=932"}],"wp:term":[{"taxonomy":"product_brand","embeddable":true,"href":"https:\/\/tajkertesz.com\/en_US\/wp-json\/wp\/v2\/product_brand?post=932"},{"taxonomy":"product_cat","embeddable":true,"href":"https:\/\/tajkertesz.com\/en_US\/wp-json\/wp\/v2\/product_cat?post=932"},{"taxonomy":"product_tag","embeddable":true,"href":"https:\/\/tajkertesz.com\/en_US\/wp-json\/wp\/v2\/product_tag?post=932"}],"curies":[{"name":"wp","href":"https:\/\/api.w.org\/{rel}","templated":true}]}}