{"id":9328,"date":"2021-09-20T07:27:32","date_gmt":"2021-09-20T07:27:32","guid":{"rendered":"https:\/\/tajkertesz.com\/?post_type=product&#038;p=9328"},"modified":"2024-02-03T08:17:47","modified_gmt":"2024-02-03T08:17:47","slug":"mutragya-orokzoldekhez","status":"publish","type":"product","link":"https:\/\/tajkertesz.com\/en_US\/product\/mutragya-orokzoldekhez\/","title":{"rendered":"AGRECOL m\u0171tr\u00e1gya granul\u00e1tum \u00f6r\u00f6kz\u00f6ldekhez barnul\u00e1s ellen 1 kg"},"content":{"rendered":"<div class=\"artdet__name-rating d-none d-lg-block\">\n<div class=\"row gutters-5\">\n<h3 class=\"col\">AGRECOL m\u0171tr\u00e1gya granul\u00e1tum \u00f6r\u00f6kz\u00f6ldekhez\u00a0barnul\u00e1s ellen 1 kg<\/h3>\n<p>AGRECOL m\u0171tr\u00e1gya granul\u00e1tum \u00f6r\u00f6kz\u00f6ldekhez\u00a0barnul\u00e1s ellen 1 kg<\/p>\n<\/div>\n<\/div>\n<div id=\"artdet__short-descrition\" class=\"artdet__short-descripton artdet-block border-block\">\n<div class=\"artdet__short-descripton-content text-justify font-s font-sm-m\">\n<ul>\n<li>a m\u0171tr\u00e1gya p\u00f3tolja a magn\u00e9ziumhi\u00e1nyt, ez\u00e1ltal megakad\u00e1lyozza a t\u0171k barnul\u00e1s\u00e1t<\/li>\n<li>kora tavaszt\u00f3l k\u00e9s\u0151 \u0151szig haszn\u00e1lhat\u00f3<\/li>\n<li>\u00a01 kg kb. 65 n\u00f6v\u00e9nyhez elegend\u0151<\/li>\n<\/ul>\n<div class=\"main-info\">\n<div class=\"oneoftwo\">\n<div class=\"inner\">\n<h2>Tartalom:<\/h2>\n<ul>\n<li>EK m\u0171tr\u00e1gya<br \/>\nk\u00e1lium (K\u00a0<sub>2<\/sub>\u00a0O) &#8211; 6%<br \/>\nmagn\u00e9zium (MgO) &#8211; 14%Mikrot\u00e1panyagok:<br \/>\nb\u00f3r (B) 0,04%, r\u00e9z (Cu) 0,1%, vas (Fe) 0,2%, mang\u00e1n (Mn) 0,17%, molibd\u00e9n (Mo) 0,01%, cink (Zn) 0,035%<\/li>\n<\/ul>\n<\/div>\n<\/div>\n<\/div>\n<div class=\"description\">\n<div class=\"inner\">\n<div class=\"description\">\n<div class=\"inner\">\n<div class=\"description\">\n<div class=\"inner\">\n<div class=\"description\">\n<div class=\"inner\">\n<div class=\"description\">\n<div class=\"inner\">\n<div class=\"description\">\n<div class=\"inner\">\n<div class=\"description\">\n<div class=\"inner\">\n<p><strong>AGRECOL m\u0171tr\u00e1gya granul\u00e1tum \u00f6r\u00f6kz\u00f6ldekhez\u00a0barnul\u00e1s ellen 1 kg<\/strong> szemcs\u00e9s \u00e1sv\u00e1nyi m\u0171tr\u00e1gya. A t\u0171level\u0171ek megterm\u00e9keny\u00edt\u00e9s\u00e9re szolg\u00e1l barn\u00e1s t\u0171 vagy klor\u00f3zis (s\u00e1rgul\u00e1s) t\u00fcneteivel.<\/p>\n<p>A m\u0171tr\u00e1gy\u00e1t a megn\u00f6vekedett magn\u00e9ziumtartalom jellemzi, amely hat\u00e9konyan cs\u00f6kkenti a t\u0171level\u0171ek megbarnul\u00e1s\u00e1nak t\u00fcneteit, vissza\u00e1ll\u00edtva a t\u0171k intenz\u00edv z\u00f6ld sz\u00edn\u00e9t.\u00a0A magn\u00e9zium a klorofill &#8211; a t\u0171kben \u00e9s levelekben l\u00e9v\u0151 z\u00f6ld pigment &#8211; \u00e9p\u00edt\u0151 eleme.\u00a0Hi\u00e1nya az id\u0151sebb, m\u00e9lyebben n\u00f6vekv\u0151 t\u0171k s\u00e1rgul\u00e1s\u00e1ban, k\u00e9s\u0151bb barnul\u00e1s\u00e1ban nyilv\u00e1nul meg.\u00a0A m\u00e1sodik fontos makrot\u00e1panyag a k\u00e1lium, amely t\u00e1mogatja a sz\u00e1razs\u00e1g\u00e1ll\u00f3s\u00e1got.\u00a0A hossz\u00fa v\u00edzhi\u00e1ny szint\u00e9n hozz\u00e1j\u00e1rulhat a t\u0171k barnul\u00e1s\u00e1hoz \u00e9s visszaes\u00e9s\u00e9hez.<\/p>\n<p>A t\u0171 barnul\u00e1sa elleni t\u0171level\u0171eknek sz\u00e1nt Hortifoska m\u0171tr\u00e1gya sz\u00e1mos mikroelemet is tartalmaz.\u00a0K\u00fcl\u00f6n\u00f6sen fontos mikrot\u00e1panyag a vas, amely a klorofillk\u00e9pz\u0151d\u00e9s folyamat\u00e1t induk\u00e1lja.\u00a0Hi\u00e1nya klor\u00f3zisban nyilv\u00e1nul meg a legfiatalabb t\u0171k\u00f6n \u00e9s leveleken.\u00a0A t\u0171level\u0171ek t\u0171inek messze elsz\u00ednez\u0151d\u00e9se barnul\u00e1shoz, \u00e9s ennek k\u00f6vetkezt\u00e9ben a t\u0171level\u0171ek teljes hajt\u00e1sainak elhal\u00e1s\u00e1hoz vezet.\u00a0A meggyeng\u00fclt n\u00f6v\u00e9nyek ak\u00e1r meg is halhatnak a tart\u00f3s t\u00e1panyaghi\u00e1ny miatt.<\/p>\n<\/div>\n<\/div>\n<div class=\"description\">\n<div class=\"inner\">\n<h2>Alkalmaz\u00e1si m\u00f3dszer<\/h2>\n<p>Kora tavaszt\u00f3l k\u00e9s\u0151 \u0151szig haszn\u00e1lhat\u00f3. A m\u0171tr\u00e1gya nem tartalmaz nitrog\u00e9nt, \u00edgy eg\u00e9sz szezonban haszn\u00e1lhat\u00f3, an\u00e9lk\u00fcl, hogy cs\u00f6kkenten\u00e9 a n\u00f6v\u00e9ny fagy\u00e1ll\u00f3s\u00e1g\u00e1t. A m\u0171tr\u00e1gya adagja a n\u00f6v\u00e9nyek m\u00e9ret\u00e9t\u0151l f\u00fcgg, \u00e9s k\u00f6r\u00fclbel\u00fcl 20 g m\u0171tr\u00e1gy\u00e1t oszt ki 1 m\u00e9ter n\u00f6v\u00e9nymagass\u00e1gra. K\u00fasz\u00f3n\u00f6v\u00e9nyek eset\u00e9ben az adagot a bokor feszt\u00e1vols\u00e1ga (azaz magass\u00e1ga = \u00e1tm\u00e9r\u0151je) szerint kell meghat\u00e1rozni.<\/p>\n<p>Ha lehets\u00e9ges, keverje \u00f6ssze a ki\u00f6ml\u00f6tt m\u0171tr\u00e1gy\u00e1t a fels\u0151 talajr\u00e9teggel, \u00e9s b\u0151s\u00e9gesen \u00f6nt\u00f6zze.\u00a0A rendszeres \u00f6nt\u00f6z\u00e9s n\u00f6veli a n\u00f6v\u00e9nyek hat\u00e9kony t\u00e1panyagfelhaszn\u00e1l\u00e1s\u00e1t.<\/p>\n<div class=\"tipes-list\">\n<div class=\"oneofthree\">\n<div class=\"in\">\n<div class=\"box\">\n<div class=\"icon\"><\/div>\n<\/div>\n<\/div>\n<\/div>\n<\/div>\n<\/div>\n<\/div>\n<\/div>\n<\/div>\n<\/div>\n<\/div>\n<\/div>\n<\/div>\n<\/div>\n<\/div>\n<\/div>\n<\/div>\n<\/div>\n<\/div>\n<\/div>\n<\/div>\n<div><a href=\"https:\/\/www.facebook.com\/tajkertesz\">https:\/\/www.facebook.com\/tajkertesz<\/a><\/div>\n<div><a href=\"https:\/\/tajkertesz.com\/\">https:\/\/tajkertesz.com\/<\/a><\/div>\n<div><a href=\"https:\/\/tajkertesz.com\/wp-content\/uploads\/2021\/05\/Agrecol-bizt.adatl_..pdf\">Agrecol bizt.adatl.<\/a><\/div>\n<div><\/div>\n<h4><span id=\"A_m\u0171tr\u00e1gy\u00e1z\u00e1s_hat\u00e1sai\" class=\"mw-headline\" style=\"color: #ffffff;\">A m\u0171tr\u00e1gy\u00e1z\u00e1s hat\u00e1sai<\/span><\/h4>\n<p><span style=\"color: #ffffff;\">A k\u00f6znyelvben gyakran keverik a m\u0171tr\u00e1gy\u00e1kat a n\u00f6v\u00e9nyv\u00e9d\u0151 szerekkel. Azonban a m\u0171tr\u00e1gya nem term\u00e9szetidegen anyag. A m\u0171tr\u00e1gy\u00e1z\u00e1ssal olyan vegyi anyagok nem ker\u00fclnek a talajba, amik m\u00e1r eleve nem lenn\u00e9nek jelen. Ugyanazon fontos t\u00e1pionokat tartalmazza, melyeket a talaj- \u00e9s a szerves tr\u00e1gy\u00e1k is szolg\u00e1ltatnak. Teh\u00e1t megfelel\u0151en alkalmazva a m\u0171tr\u00e1gy\u00e1k csak minim\u00e1lis k\u00e1ros hat\u00e1ssal vannak a k\u00f6rnyezetre n\u00e9zve. S\u0151t, amennyiben t\u00e9nylegesen a talaj hi\u00e1nyoss\u00e1gait p\u00f3tolj\u00e1k, illetve a talajhib\u00e1kat orvosolj\u00e1k (t\u00e1pelem-ar\u00e1nyok \u00e9s ar\u00e1nytalans\u00e1gok megsz\u00fcntet\u00e9se, t\u00falzott savass\u00e1g vagy l\u00fagoss\u00e1g tomp\u00edt\u00e1sa stb.), \u00fagy alkalmaz\u00e1sukkal eg\u00e9szs\u00e9gesebb talaj, talaj\u00e9let, n\u00f6v\u00e9nyzet, \u00e1llati \u00e9s emberi k\u00f6z\u00f6ss\u00e9gek j\u00f6hetnek l\u00e9tre az addig term\u00e9ketlen f\u00f6ldeken.<\/span><\/p>\n<p><span style=\"color: #ffffff;\">A megm\u0171velt ter\u00fcletek megn\u00f6vekedett termel\u00e9kenys\u00e9ge lehet\u0151v\u00e9 teszi az erd\u0151k \u00e9s r\u00e9tek term\u00e9szetes \u00e1llapotban val\u00f3 meg\u0151rz\u00e9s\u00e9t, nem kell \u00fajabb sz\u0171z ter\u00fcleteket bevonni a mez\u0151gazdas\u00e1gba. Teh\u00e1t a helyes elveken nyugv\u00f3 m\u0171tr\u00e1gy\u00e1z\u00e1s j\u00f3t\u00e9kony hat\u00e1ssal lehet a k\u00f6rnyezetre, ugyanis <i>v\u00e9di \u00e9s jav\u00edtja<\/i> azt, hiszen a n\u00f6v\u00e9nyzet oxig\u00e9ntermel\u00e9s\u00e9vel hozz\u00e1j\u00e1rul a l\u00e9gk\u00f6r fenntart\u00e1s\u00e1hoz, \u00edgy cs\u00f6kkentve az \u00fcvegh\u00e1zhat\u00e1st. A talaj szervesanyag-tartalma is megn\u00f6vekszik a nagyobb mennyis\u00e9g\u0171 tarl\u00f3- \u00e9s sz\u00e1rmaradv\u00e1ny talajba jut\u00e1sa r\u00e9v\u00e9n. A talajer\u00f3zi\u00f3t cs\u00f6kkenti az eg\u00e9szs\u00e9ges n\u00f6v\u00e9nyzet akt\u00edv gy\u00f6k\u00e9rzete r\u00e9v\u00e9n, \u00e9s a talajban term\u00e9szetesen el\u0151fordul\u00f3, illetve kijuttatott t\u00e1panyagokat is jobban hasznos\u00edtja, korl\u00e1tozva a t\u00e1panyagok talajmenti vizekbe jut\u00e1s\u00e1t.<\/span><\/p>\n<h4><span id=\"A_m\u0171tr\u00e1gy\u00e1z\u00e1s_szezonja\" class=\"mw-headline\" style=\"color: #ffffff;\">A m\u0171tr\u00e1gy\u00e1z\u00e1s szezonja<\/span><\/h4>\n<p><span style=\"color: #ffffff;\">A nitrog\u00e9n tartalm\u00fa m\u0171tr\u00e1gy\u00e1k f\u0151 szezonja a tavaszi id\u0151szak. Hiszen kisebb mennyis\u00e9get haszn\u00e1lnak \u0151sszel a vet\u00e9sek al\u00e1 alaptr\u00e1gyak\u00e9nt, azonban a gondos gazd\u00e1k a komposzt \u00e9rlel\u00e9s\u00e9hez eg\u00e9sz \u00e9vben, \u0151sszel pedig szalm\u00e1s ist\u00e1ll\u00f3tr\u00e1gya, z\u00f6ldtr\u00e1gya illetve egy\u00e9b szerves anyag bedolgoz\u00e1s\u00e1val egyidej\u0171leg is alkalmazz\u00e1k a humifik\u00e1l\u00f3d\u00e1s el\u0151seg\u00edt\u00e9s\u00e9re.<\/span><\/p>\n<p><strong>Kiszerel\u00e9s : 1 kg<\/strong><\/p>","protected":false},"excerpt":{"rendered":"<div class=\"artdet__name-rating d-none d-lg-block\">\n<div class=\"row gutters-5\">\n<div class=\"col\">\n<div class=\"artdet__name-rating d-none d-lg-block\">\n<div class=\"row gutters-5\">\n<div class=\"col\">\n<div class=\"artdet__name-rating d-none d-lg-block\">\n<div class=\"row gutters-5\">\n<div class=\"col\">\n<div class=\"artdet__name-rating d-none d-lg-block\">\n<div class=\"row gutters-5\">\n<div class=\"col\">\n<div class=\"artdet__name-rating d-none d-lg-block\">\n<div class=\"row gutters-5\">\n<div class=\"col\">\n<div class=\"artdet__name-rating d-none d-lg-block\">\n<div class=\"row gutters-5\">\n<div class=\"col\">\n<p class=\"artdet__name line-clamp--3-12\">AGRECOL m\u0171tr\u00e1gyagranul\u00e1tum-\u00f6r\u00f6kz\u00f6ldekhez barnul\u00e1s ellen 1 kg<\/p>\n<\/div>\n<\/div>\n<\/div>\n<\/div>\n<\/div>\n<\/div>\n<\/div>\n<\/div>\n<\/div>\n<\/div>\n<\/div>\n<\/div>\n<\/div>\n<\/div>\n<\/div>\n<\/div>\n<\/div>\n<\/div>","protected":false},"featured_media":9329,"template":"","meta":{"_et_pb_use_builder":"","_et_pb_old_content":"","_et_gb_content_width":""},"product_brand":[],"product_cat":[1423],"product_tag":[2716],"class_list":{"0":"post-9328","1":"product","2":"type-product","3":"status-publish","4":"has-post-thumbnail","6":"product_cat-egyeb-kerti-novenyekhez","7":"product_tag-granulatum-mutragya-orokzold-felekhez-barnulas-ellen-1-kg","9":"first","10":"instock","11":"shipping-taxable","12":"purchasable","13":"product-type-simple"},"yoast_head":"<!-- This site is optimized with the Yoast SEO plugin v27.5 - https:\/\/yoast.com\/product\/yoast-seo-wordpress\/ -->\n<title>AGRECOL m\u0171tr\u00e1gya granul\u00e1tum \u00f6r\u00f6kz\u00f6ldekhez barnul\u00e1s ellen 1 kg - T\u00e1jkert\u00e9sz<\/title>\n<meta name=\"description\" content=\"M\u0171tr\u00e1gya granul\u00e1tum \u00f6r\u00f6kz\u00f6ldekhez barnul\u00e1s ellen\" \/>\n<meta name=\"robots\" content=\"index, follow, max-snippet:-1, max-image-preview:large, max-video-preview:-1\" \/>\n<link rel=\"canonical\" href=\"https:\/\/tajkertesz.com\/en_US\/product\/mutragya-orokzoldekhez\/\" \/>\n<meta property=\"og:locale\" content=\"en_US\" \/>\n<meta property=\"og:type\" content=\"article\" \/>\n<meta property=\"og:title\" content=\"AGRECOL m\u0171tr\u00e1gya granul\u00e1tum \u00f6r\u00f6kz\u00f6ldekhez barnul\u00e1s ellen 1 kg - T\u00e1jkert\u00e9sz\" \/>\n<meta property=\"og:description\" content=\"M\u0171tr\u00e1gya granul\u00e1tum \u00f6r\u00f6kz\u00f6ldekhez barnul\u00e1s ellen\" \/>\n<meta property=\"og:url\" content=\"https:\/\/tajkertesz.com\/en_US\/product\/mutragya-orokzoldekhez\/\" \/>\n<meta property=\"og:site_name\" content=\"T\u00e1jkert\u00e9sz\" \/>\n<meta property=\"article:publisher\" content=\"https:\/\/www.facebook.com\/Tajkertesz\/\" \/>\n<meta property=\"article:modified_time\" content=\"2024-02-03T08:17:47+00:00\" \/>\n<meta property=\"og:image\" content=\"https:\/\/tajkertesz.com\/wp-content\/uploads\/2021\/09\/603-H-iglak-PBI-1kg-wiz_370.png\" \/>\n\t<meta property=\"og:image:width\" content=\"233\" \/>\n\t<meta property=\"og:image:height\" content=\"370\" \/>\n\t<meta property=\"og:image:type\" content=\"image\/png\" \/>\n<meta name=\"twitter:card\" content=\"summary_large_image\" \/>\n<meta name=\"twitter:label1\" content=\"Est. reading time\" \/>\n\t<meta name=\"twitter:data1\" content=\"4 minutes\" \/>\n<script type=\"application\/ld+json\" class=\"yoast-schema-graph\">{\"@context\":\"https:\\\/\\\/schema.org\",\"@graph\":[{\"@type\":\"WebPage\",\"@id\":\"https:\\\/\\\/tajkertesz.com\\\/termek\\\/mutragya-orokzoldekhez\\\/\",\"url\":\"https:\\\/\\\/tajkertesz.com\\\/termek\\\/mutragya-orokzoldekhez\\\/\",\"name\":\"AGRECOL m\u0171tr\u00e1gya granul\u00e1tum \u00f6r\u00f6kz\u00f6ldekhez barnul\u00e1s ellen 1 kg - T\u00e1jkert\u00e9sz\",\"isPartOf\":{\"@id\":\"https:\\\/\\\/tajkertesz.com\\\/#website\"},\"primaryImageOfPage\":{\"@id\":\"https:\\\/\\\/tajkertesz.com\\\/termek\\\/mutragya-orokzoldekhez\\\/#primaryimage\"},\"image\":{\"@id\":\"https:\\\/\\\/tajkertesz.com\\\/termek\\\/mutragya-orokzoldekhez\\\/#primaryimage\"},\"thumbnailUrl\":\"https:\\\/\\\/tajkertesz.com\\\/wp-content\\\/uploads\\\/2021\\\/09\\\/603-H-iglak-PBI-1kg-wiz_370.png\",\"datePublished\":\"2021-09-20T07:27:32+00:00\",\"dateModified\":\"2024-02-03T08:17:47+00:00\",\"description\":\"M\u0171tr\u00e1gya granul\u00e1tum \u00f6r\u00f6kz\u00f6ldekhez barnul\u00e1s ellen\",\"breadcrumb\":{\"@id\":\"https:\\\/\\\/tajkertesz.com\\\/termek\\\/mutragya-orokzoldekhez\\\/#breadcrumb\"},\"inLanguage\":\"en-US\",\"potentialAction\":[{\"@type\":\"ReadAction\",\"target\":[\"https:\\\/\\\/tajkertesz.com\\\/termek\\\/mutragya-orokzoldekhez\\\/\"]}]},{\"@type\":\"ImageObject\",\"inLanguage\":\"en-US\",\"@id\":\"https:\\\/\\\/tajkertesz.com\\\/termek\\\/mutragya-orokzoldekhez\\\/#primaryimage\",\"url\":\"https:\\\/\\\/tajkertesz.com\\\/wp-content\\\/uploads\\\/2021\\\/09\\\/603-H-iglak-PBI-1kg-wiz_370.png\",\"contentUrl\":\"https:\\\/\\\/tajkertesz.com\\\/wp-content\\\/uploads\\\/2021\\\/09\\\/603-H-iglak-PBI-1kg-wiz_370.png\",\"width\":233,\"height\":370},{\"@type\":\"BreadcrumbList\",\"@id\":\"https:\\\/\\\/tajkertesz.com\\\/termek\\\/mutragya-orokzoldekhez\\\/#breadcrumb\",\"itemListElement\":[{\"@type\":\"ListItem\",\"position\":1,\"name\":\"Home\",\"item\":\"https:\\\/\\\/tajkertesz.com\\\/\"},{\"@type\":\"ListItem\",\"position\":2,\"name\":\"Kezd\u0151lap\",\"item\":\"https:\\\/\\\/tajkertesz.com\\\/\"},{\"@type\":\"ListItem\",\"position\":3,\"name\":\"AGRECOL m\u0171tr\u00e1gya granul\u00e1tum \u00f6r\u00f6kz\u00f6ldekhez barnul\u00e1s ellen 1 kg\"}]},{\"@type\":\"WebSite\",\"@id\":\"https:\\\/\\\/tajkertesz.com\\\/#website\",\"url\":\"https:\\\/\\\/tajkertesz.com\\\/\",\"name\":\"T\u00e1j-Kert\u00e9sz 84 Kft.\",\"description\":\"Kert\u00e9szeti kis- \u00e9s nagykeresked\u00e9s, D\u00edszn\u00f6v\u00e9ny web\u00e1ruh\u00e1z orsz\u00e1gos h\u00e1zhozsz\u00e1ll\u00edt\u00e1ssal!\",\"publisher\":{\"@id\":\"https:\\\/\\\/tajkertesz.com\\\/#organization\"},\"potentialAction\":[{\"@type\":\"SearchAction\",\"target\":{\"@type\":\"EntryPoint\",\"urlTemplate\":\"https:\\\/\\\/tajkertesz.com\\\/?s={search_term_string}\"},\"query-input\":{\"@type\":\"PropertyValueSpecification\",\"valueRequired\":true,\"valueName\":\"search_term_string\"}}],\"inLanguage\":\"en-US\"},{\"@type\":\"Organization\",\"@id\":\"https:\\\/\\\/tajkertesz.com\\\/#organization\",\"name\":\"T\u00e1j-Kert\u00e9sz 84 Kft.\",\"url\":\"https:\\\/\\\/tajkertesz.com\\\/\",\"logo\":{\"@type\":\"ImageObject\",\"inLanguage\":\"en-US\",\"@id\":\"https:\\\/\\\/tajkertesz.com\\\/#\\\/schema\\\/logo\\\/image\\\/\",\"url\":\"https:\\\/\\\/tajkertesz.com\\\/wp-content\\\/uploads\\\/2018\\\/02\\\/logo-2-e1518678052539.png\",\"contentUrl\":\"https:\\\/\\\/tajkertesz.com\\\/wp-content\\\/uploads\\\/2018\\\/02\\\/logo-2-e1518678052539.png\",\"width\":81,\"height\":140,\"caption\":\"T\u00e1j-Kert\u00e9sz 84 Kft.\"},\"image\":{\"@id\":\"https:\\\/\\\/tajkertesz.com\\\/#\\\/schema\\\/logo\\\/image\\\/\"},\"sameAs\":[\"https:\\\/\\\/www.facebook.com\\\/Tajkertesz\\\/\"]}]}<\/script>\n<!-- \/ Yoast SEO plugin. -->","yoast_head_json":{"title":"AGRECOL m\u0171tr\u00e1gya granul\u00e1tum \u00f6r\u00f6kz\u00f6ldekhez barnul\u00e1s ellen 1 kg - T\u00e1jkert\u00e9sz","description":"M\u0171tr\u00e1gya granul\u00e1tum \u00f6r\u00f6kz\u00f6ldekhez barnul\u00e1s ellen","robots":{"index":"index","follow":"follow","max-snippet":"max-snippet:-1","max-image-preview":"max-image-preview:large","max-video-preview":"max-video-preview:-1"},"canonical":"https:\/\/tajkertesz.com\/en_US\/product\/mutragya-orokzoldekhez\/","og_locale":"en_US","og_type":"article","og_title":"AGRECOL m\u0171tr\u00e1gya granul\u00e1tum \u00f6r\u00f6kz\u00f6ldekhez barnul\u00e1s ellen 1 kg - T\u00e1jkert\u00e9sz","og_description":"M\u0171tr\u00e1gya granul\u00e1tum \u00f6r\u00f6kz\u00f6ldekhez barnul\u00e1s ellen","og_url":"https:\/\/tajkertesz.com\/en_US\/product\/mutragya-orokzoldekhez\/","og_site_name":"T\u00e1jkert\u00e9sz","article_publisher":"https:\/\/www.facebook.com\/Tajkertesz\/","article_modified_time":"2024-02-03T08:17:47+00:00","og_image":[{"width":233,"height":370,"url":"https:\/\/tajkertesz.com\/wp-content\/uploads\/2021\/09\/603-H-iglak-PBI-1kg-wiz_370.png","type":"image\/png"}],"twitter_card":"summary_large_image","twitter_misc":{"Est. reading time":"4 minutes"},"schema":{"@context":"https:\/\/schema.org","@graph":[{"@type":"WebPage","@id":"https:\/\/tajkertesz.com\/termek\/mutragya-orokzoldekhez\/","url":"https:\/\/tajkertesz.com\/termek\/mutragya-orokzoldekhez\/","name":"AGRECOL m\u0171tr\u00e1gya granul\u00e1tum \u00f6r\u00f6kz\u00f6ldekhez barnul\u00e1s ellen 1 kg - T\u00e1jkert\u00e9sz","isPartOf":{"@id":"https:\/\/tajkertesz.com\/#website"},"primaryImageOfPage":{"@id":"https:\/\/tajkertesz.com\/termek\/mutragya-orokzoldekhez\/#primaryimage"},"image":{"@id":"https:\/\/tajkertesz.com\/termek\/mutragya-orokzoldekhez\/#primaryimage"},"thumbnailUrl":"https:\/\/tajkertesz.com\/wp-content\/uploads\/2021\/09\/603-H-iglak-PBI-1kg-wiz_370.png","datePublished":"2021-09-20T07:27:32+00:00","dateModified":"2024-02-03T08:17:47+00:00","description":"M\u0171tr\u00e1gya granul\u00e1tum \u00f6r\u00f6kz\u00f6ldekhez barnul\u00e1s ellen","breadcrumb":{"@id":"https:\/\/tajkertesz.com\/termek\/mutragya-orokzoldekhez\/#breadcrumb"},"inLanguage":"en-US","potentialAction":[{"@type":"ReadAction","target":["https:\/\/tajkertesz.com\/termek\/mutragya-orokzoldekhez\/"]}]},{"@type":"ImageObject","inLanguage":"en-US","@id":"https:\/\/tajkertesz.com\/termek\/mutragya-orokzoldekhez\/#primaryimage","url":"https:\/\/tajkertesz.com\/wp-content\/uploads\/2021\/09\/603-H-iglak-PBI-1kg-wiz_370.png","contentUrl":"https:\/\/tajkertesz.com\/wp-content\/uploads\/2021\/09\/603-H-iglak-PBI-1kg-wiz_370.png","width":233,"height":370},{"@type":"BreadcrumbList","@id":"https:\/\/tajkertesz.com\/termek\/mutragya-orokzoldekhez\/#breadcrumb","itemListElement":[{"@type":"ListItem","position":1,"name":"Home","item":"https:\/\/tajkertesz.com\/"},{"@type":"ListItem","position":2,"name":"Kezd\u0151lap","item":"https:\/\/tajkertesz.com\/"},{"@type":"ListItem","position":3,"name":"AGRECOL m\u0171tr\u00e1gya granul\u00e1tum \u00f6r\u00f6kz\u00f6ldekhez barnul\u00e1s ellen 1 kg"}]},{"@type":"WebSite","@id":"https:\/\/tajkertesz.com\/#website","url":"https:\/\/tajkertesz.com\/","name":"T\u00e1j-Kert\u00e9sz 84 Kft.","description":"Kert\u00e9szeti kis- \u00e9s nagykeresked\u00e9s, D\u00edszn\u00f6v\u00e9ny web\u00e1ruh\u00e1z orsz\u00e1gos h\u00e1zhozsz\u00e1ll\u00edt\u00e1ssal!","publisher":{"@id":"https:\/\/tajkertesz.com\/#organization"},"potentialAction":[{"@type":"SearchAction","target":{"@type":"EntryPoint","urlTemplate":"https:\/\/tajkertesz.com\/?s={search_term_string}"},"query-input":{"@type":"PropertyValueSpecification","valueRequired":true,"valueName":"search_term_string"}}],"inLanguage":"en-US"},{"@type":"Organization","@id":"https:\/\/tajkertesz.com\/#organization","name":"T\u00e1j-Kert\u00e9sz 84 Kft.","url":"https:\/\/tajkertesz.com\/","logo":{"@type":"ImageObject","inLanguage":"en-US","@id":"https:\/\/tajkertesz.com\/#\/schema\/logo\/image\/","url":"https:\/\/tajkertesz.com\/wp-content\/uploads\/2018\/02\/logo-2-e1518678052539.png","contentUrl":"https:\/\/tajkertesz.com\/wp-content\/uploads\/2018\/02\/logo-2-e1518678052539.png","width":81,"height":140,"caption":"T\u00e1j-Kert\u00e9sz 84 Kft."},"image":{"@id":"https:\/\/tajkertesz.com\/#\/schema\/logo\/image\/"},"sameAs":["https:\/\/www.facebook.com\/Tajkertesz\/"]}]}},"_links":{"self":[{"href":"https:\/\/tajkertesz.com\/en_US\/wp-json\/wp\/v2\/product\/9328","targetHints":{"allow":["GET"]}}],"collection":[{"href":"https:\/\/tajkertesz.com\/en_US\/wp-json\/wp\/v2\/product"}],"about":[{"href":"https:\/\/tajkertesz.com\/en_US\/wp-json\/wp\/v2\/types\/product"}],"wp:featuredmedia":[{"embeddable":true,"href":"https:\/\/tajkertesz.com\/en_US\/wp-json\/wp\/v2\/media\/9329"}],"wp:attachment":[{"href":"https:\/\/tajkertesz.com\/en_US\/wp-json\/wp\/v2\/media?parent=9328"}],"wp:term":[{"taxonomy":"product_brand","embeddable":true,"href":"https:\/\/tajkertesz.com\/en_US\/wp-json\/wp\/v2\/product_brand?post=9328"},{"taxonomy":"product_cat","embeddable":true,"href":"https:\/\/tajkertesz.com\/en_US\/wp-json\/wp\/v2\/product_cat?post=9328"},{"taxonomy":"product_tag","embeddable":true,"href":"https:\/\/tajkertesz.com\/en_US\/wp-json\/wp\/v2\/product_tag?post=9328"}],"curies":[{"name":"wp","href":"https:\/\/api.w.org\/{rel}","templated":true}]}}