{"id":9330,"date":"2021-09-20T07:45:55","date_gmt":"2021-09-20T07:45:55","guid":{"rendered":"https:\/\/tajkertesz.com\/?post_type=product&#038;p=9330"},"modified":"2026-03-24T14:07:56","modified_gmt":"2026-03-24T14:07:56","slug":"agrecol-savanyito-mutragya-rhododendron-afonya-es-orokzoldek-szamara-12-kg","status":"publish","type":"product","link":"https:\/\/tajkertesz.com\/en_US\/product\/agrecol-savanyito-mutragya-rhododendron-afonya-es-orokzoldek-szamara-12-kg\/","title":{"rendered":"AGRECOL Savany\u00edt\u00f3 m\u0171tr\u00e1gya Rhododendron, \u00e1fonya \u00e9s \u00f6r\u00f6kz\u00f6ldek sz\u00e1m\u00e1ra 1,2 kg"},"content":{"rendered":"<div class=\"artdet__name-rating d-none d-lg-block\">\n<h2>AGRECOL Savany\u00edt\u00f3 m\u0171tr\u00e1gya Rhododendron, \u00e1fonya \u00e9s \u00f6r\u00f6kz\u00f6ldek sz\u00e1m\u00e1ra 1,2 kg<\/h2>\n<div class=\"row gutters-5\">\n<p>AGRECOL Savany\u00edt\u00f3 m\u0171tr\u00e1gya Rhododendron, \u00e1fonya \u00e9s \u00f6r\u00f6kz\u00f6ldek sz\u00e1m\u00e1ra 1,2 kg<\/p>\n<\/div>\n<\/div>\n<div id=\"artdet__short-descrition\" class=\"artdet__short-descripton artdet-block border-block\">\n<div class=\"artdet__short-descripton-content text-justify font-s font-sm-m\">\n<ul>\n<li>savany\u00edtja a talajt<\/li>\n<li>p\u00f3tolja a savany\u00fa talajt kedvel\u0151 n\u00f6v\u00e9nyek nitrog\u00e9nhi\u00e1ny\u00e1t<\/li>\n<li>hozz\u00e1j\u00e1rul n\u00f6v\u00e9nyeink eg\u00e9szs\u00e9ges fejl\u0151d\u00e9s\u00e9hez<\/li>\n<\/ul>\n<div class=\"main-info\">\n<div class=\"oneoftwo\">\n<div class=\"inner\">\n<h2>Tartalom:<\/h2>\n<ul>\n<li>EK m\u0171tr\u00e1gya<br \/>\nnitrog\u00e9n (N) &#8211; 7%<br \/>\nfoszfor (P\u00a0<sub>2<\/sub>\u00a0O\u00a0<sub>5<\/sub>\u00a0) &#8211; 21%<br \/>\nk\u00e1lium (K\u00a0<sub>2<\/sub>\u00a0O) &#8211; 7%Mikrot\u00e1panyagok:<br \/>\nb\u00f3r (B) 0,04%, r\u00e9z (Cu) 0,1%, vas (Fe) 0,2%, mang\u00e1n (Mn) 0,17%, molibd\u00e9n (Mo) 0,01%, cink (Zn) 0,035%<\/li>\n<\/ul>\n<\/div>\n<\/div>\n<\/div>\n<div class=\"description\">\n<div class=\"inner\">\n<div class=\"description\">\n<div class=\"inner\">\n<div class=\"description\">\n<div class=\"inner\">\n<div class=\"description\">\n<div class=\"inner\">\n<div class=\"description\">\n<div class=\"inner\">\n<div class=\"description\">\n<div class=\"inner\">\n<div class=\"description\">\n<div class=\"inner\">\n<div class=\"description\">\n<div class=\"inner\">\n<p>AGRECOL Savany\u00edt\u00f3 m\u0171tr\u00e1gya granul\u00e1tum Rhododendron, \u00e1fonya \u00e9s \u00f6r\u00f6kz\u00f6ldek sz\u00e1m\u00e1ra 1,2 kg<\/p>\n<p>A\u00a0 m\u0171tr\u00e1gya\u00a0 rendszeres haszn\u00e1lata biztos\u00edtja a n\u00f6v\u00e9nyek fejl\u0151d\u00e9s\u00e9nek t\u00f6k\u00e9letes felt\u00e9teleit. Minden t\u0171level\u0171, \u00e1fonya, rhododendron, az\u00e1lea, \u00e9s m\u00e1s acidofil n\u00f6v\u00e9ny t\u00e1panyag ut\u00e1np\u00f3tl\u00e1s\u00e1ra aj\u00e1nlott. A m\u0171tr\u00e1gya megfelel\u0151 nitrog\u00e9ntartalma biztos\u00edtja a talaj alacsony PH-\u00e9rt\u00e9k\u00e9t.<\/p>\n<p>Az acidofil n\u00f6v\u00e9nyek abban az esetben fejl\u0151dnek\u00a0 megfelel\u0151en, ha a talaj PH \u00e9rt\u00e9ke alacsony.\u00a0 Magas (semleges vagy l\u00fagos) pH eset\u00e9n a n\u00f6v\u00e9ny nem k\u00e9pes megfelel\u0151en felvenni a t\u00e1panyagokat, ami t\u00e1panyaghi\u00e1nyhoz vezet. A n\u00f6v\u00e9nyeken klor\u00f3zis, elsz\u00ednez\u0151d\u00e9s, gyeng\u00fclt n\u00f6veked\u00e9s l\u00e1that\u00f3k. A savany\u00edt\u00f3 m\u0171tr\u00e1gya nagy mennyis\u00e9gben nitrog\u00e9nt tartalmaz, savany\u00edtja a talajt,\u00a0 sok\u00e1ig t\u00e1pl\u00e1lja\u00a0 a n\u00f6v\u00e9nyeket, mert lassan mos\u00f3dik ki a talajb\u00f3l.\u00a0 A talaj alacsony PH \u00e9rt\u00e9k\u00e9nek k\u00f6sz\u00f6nhet\u0151en a n\u00f6v\u00e9ny jobban felsz\u00edvja a makro- \u00e9s mikroelemeket a talajb\u00f3l.<\/p>\n<\/div>\n<\/div>\n<div class=\"description\">\n<div class=\"inner\">\n<h2>Alkalmaz\u00e1si m\u00f3dszer<\/h2>\n<p>Felhaszn\u00e1l\u00e1si javaslat: Egy \u00e9ven k\u00e9tszer, tavasszal \u00e9s ny\u00e1r elej\u00e9n 50g\/m2. Ha lehets\u00e9ges talaja forgatva. Kisz\u00f3r\u00e1s ut\u00e1n alaposan \u00f6nt\u00f6zz\u00fck be. 1,2 kg 24 m2 elegend\u0151.<\/p>\n<p><strong>A n\u00f6v\u00e9nyek m\u0171tr\u00e1gy\u00e1z\u00e1sa az \u00fcltet\u00e9s sor\u00e1n<br \/>\n<\/strong><\/p>\n<ol>\n<li>Juttasson ki\u00a0 megfelel\u0151 mennyis\u00e9g\u0171 m\u0171tr\u00e1gy\u00e1t, 12 g m\u0171tr\u00e1gy\u00e1t 10 liter f\u00f6ldh\u00f6z.<\/li>\n<li>A m\u0171tr\u00e1gy\u00e1t alaposan keverje \u00f6ssze a n\u00f6v\u00e9nyek \u00fcltet\u00e9s\u00e9re sz\u00e1nt f\u00f6lddel.<\/li>\n<li>A n\u00f6v\u00e9nyek \u00fcltet\u00e9se ut\u00e1n b\u0151s\u00e9gesen \u00f6nt\u00f6zze meg.<\/li>\n<\/ol>\n<p><strong>Megl\u00e9v\u0151 n\u00f6v\u00e9nyek m\u0171tr\u00e1gy\u00e1z\u00e1sa<br \/>\n<\/strong><\/p>\n<ol>\n<li>\u00a0120 g m\u0171tr\u00e1gy\u00e1t sz\u00f3rjon a n\u00f6v\u00e9ny al\u00e1 1 m\u00e9teres magass\u00e1g\u00e1ra \/ \u00e1tm\u00e9r\u0151j\u00e9re vet\u00edtve.<\/li>\n<li>A m\u0171tr\u00e1gy\u00e1t egyenletesen ter\u00edtse el a n\u00f6v\u00e9ny k\u00f6r\u00fcl, \u00e9s ha lehets\u00e9ges, keverje \u00f6ssze a term\u0151talajjal.<\/li>\n<li>A m\u0171tr\u00e1gya kijuttat\u00e1sa ut\u00e1n b\u0151s\u00e9gesen \u00f6nt\u00f6zze meg a n\u00f6v\u00e9nyt.<\/li>\n<\/ol>\n<p>1 mar\u00e9k k\u00f6r\u00fclbel\u00fcl 30-40 g m\u0171tr\u00e1gya.<\/p>\n<\/div>\n<\/div>\n<\/div>\n<\/div>\n<div class=\"description\">\n<div class=\"inner\">\n<div class=\"tipes-list\">\n<div class=\"oneofthree\">\n<div class=\"in\">\n<div class=\"box\">\n<div class=\"icon\"><\/div>\n<\/div>\n<\/div>\n<\/div>\n<\/div>\n<\/div>\n<\/div>\n<\/div>\n<\/div>\n<\/div>\n<\/div>\n<\/div>\n<\/div>\n<\/div>\n<\/div>\n<\/div>\n<\/div>\n<\/div>\n<\/div>\n<\/div>\n<\/div>\n<div><a href=\"https:\/\/www.facebook.com\/tajkertesz\">https:\/\/www.facebook.com\/tajkertesz<\/a><\/div>\n<div><a href=\"https:\/\/tajkertesz.com\/\">https:\/\/tajkertesz.com\/<\/a><\/div>\n<div><a href=\"https:\/\/tajkertesz.com\/wp-content\/uploads\/2021\/05\/Agrecol-bizt.adatl_..pdf\">Agrecol bizt.adatl.<\/a><\/div>\n<p><strong>Kiszerel\u00e9s : 1,2 kg<\/strong><\/p>\n<p style=\"line-height: 18.0pt; background: white; margin: 0cm 0cm 15.0pt 0cm;\"><b><span style=\"font-family: 'Ubuntu',sans-serif; color: black;\">K\u00e9szlet\u00fcnk napi szinten v\u00e1ltozik, ez\u00e9rt k\u00e9rj\u00fck, \u00e9rdekl\u0151dj\u00f6n szem\u00e9lyesen, telefonon vagy email-en.<br \/>\nA v\u00e1ltoztat\u00e1s jog\u00e1t fenntartjuk!\u00a0<\/span><\/b><\/p>\n<p><a href=\"https:\/\/tajkertesz.com\/\">https:\/\/tajkertesz.com\/<\/a><\/p>\n<p><a href=\"https:\/\/www.facebook.com\/tajkertesz\/\">https:\/\/www.facebook.com\/tajkertesz\/<\/a><\/p>\n<p>Kisz\u00e1ll\u00edt\u00e1s: 200cm-ig \u00e9s 40 kg-ig a sz\u00e1ll\u00edt\u00e1s fut\u00e1rszolg\u00e1lattal t\u00f6rt\u00e9nik.<\/p>\n<p>Szem\u00e9lyes \u00e1tv\u00e9tel nyitvatart\u00e1si id\u0151ben a 17. ker\u00fclet Bakancsos utca 7. sz\u00e1m alatti Kert\u00e9szeti \u00e1rud\u00e1nkban.<\/p>\n<p>Kert\u00e9p\u00edt\u0151k \u00e9s viszontelad\u00f3k regisztr\u00e1l\u00e1s ut\u00e1n egyedi kedvezm\u00e9nnyel v\u00e1s\u00e1rolhatnak kert\u00e9szeti kis-\u00e9s nagykeresked\u00e9s\u00fcnkben.<\/p>\n<p>A logisztikai c\u00e9ggel t\u00f6rt\u00e9n\u0151 sz\u00e1ll\u00edt\u00e1s eset\u00e9n a partnereink\u00a0esetleges a\u00a0cs\u00fasz\u00e1sai\u00e9rt nem v\u00e1llalunk felel\u0151ss\u00e9get!<\/p>\n<p><strong>Az \u00e1rak egy darab term\u00e9kre vonatkoznak.<\/strong><\/p>","protected":false},"excerpt":{"rendered":"<p>AGRECOL Savany\u00edt\u00f3 m\u0171tr\u00e1gya granul\u00e1tum Rhododendron, \u00e1fonya \u00e9s \u00f6r\u00f6kz\u00f6ldek sz\u00e1m\u00e1ra 1,2 kg<\/p>","protected":false},"featured_media":9331,"template":"","meta":{"_et_pb_use_builder":"","_et_pb_old_content":"","_et_gb_content_width":""},"product_brand":[],"product_cat":[1423],"product_tag":[2717],"class_list":{"0":"post-9330","1":"product","2":"type-product","3":"status-publish","4":"has-post-thumbnail","6":"product_cat-egyeb-kerti-novenyekhez","7":"product_tag-granulatum-savanyito-tuleveluek","9":"first","10":"outofstock","11":"shipping-taxable","12":"product-type-simple"},"yoast_head":"<!-- This site is optimized with the Yoast SEO plugin v27.3 - https:\/\/yoast.com\/product\/yoast-seo-wordpress\/ -->\n<title>AGRECOL Savany\u00edt\u00f3 m\u0171tr\u00e1gya Rhododendron, \u00e1fonya \u00e9s \u00f6r\u00f6kz\u00f6ldek sz\u00e1m\u00e1ra 1,2 kg - T\u00e1jkert\u00e9sz<\/title>\n<meta name=\"description\" content=\"AGRECOL Savany\u00edt\u00f3 m\u0171tr\u00e1gya granul\u00e1tum Rhododendron, \u00e1fonya \u00e9s \u00f6r\u00f6kz\u00f6ldek sz\u00e1m\u00e1ra 1,2 kg savany\u00edtja a talajt, p\u00f3tolja a savany\u00fa talajt kedvel\u0151 n\u00f6v\u00e9nyek %\" \/>\n<meta name=\"robots\" content=\"index, follow, max-snippet:-1, max-image-preview:large, max-video-preview:-1\" \/>\n<link rel=\"canonical\" href=\"https:\/\/tajkertesz.com\/en_US\/product\/agrecol-savanyito-mutragya-rhododendron-afonya-es-orokzoldek-szamara-12-kg\/\" \/>\n<meta property=\"og:locale\" content=\"en_US\" \/>\n<meta property=\"og:type\" content=\"article\" \/>\n<meta property=\"og:title\" content=\"AGRECOL Savany\u00edt\u00f3 m\u0171tr\u00e1gya Rhododendron, \u00e1fonya \u00e9s \u00f6r\u00f6kz\u00f6ldek sz\u00e1m\u00e1ra 1,2 kg - T\u00e1jkert\u00e9sz\" \/>\n<meta property=\"og:description\" content=\"AGRECOL Savany\u00edt\u00f3 m\u0171tr\u00e1gya granul\u00e1tum Rhododendron, \u00e1fonya \u00e9s \u00f6r\u00f6kz\u00f6ldek sz\u00e1m\u00e1ra 1,2 kg savany\u00edtja a talajt, p\u00f3tolja a savany\u00fa talajt kedvel\u0151 n\u00f6v\u00e9nyek %\" \/>\n<meta property=\"og:url\" content=\"https:\/\/tajkertesz.com\/en_US\/product\/agrecol-savanyito-mutragya-rhododendron-afonya-es-orokzoldek-szamara-12-kg\/\" \/>\n<meta property=\"og:site_name\" content=\"T\u00e1jkert\u00e9sz\" \/>\n<meta property=\"article:publisher\" content=\"https:\/\/www.facebook.com\/Tajkertesz\/\" \/>\n<meta property=\"article:modified_time\" content=\"2026-03-24T14:07:56+00:00\" \/>\n<meta property=\"og:image\" content=\"https:\/\/tajkertesz.com\/wp-content\/uploads\/2021\/09\/208-zakwaszajacy-12kg-wiz-370.png\" \/>\n\t<meta property=\"og:image:width\" content=\"370\" \/>\n\t<meta property=\"og:image:height\" content=\"479\" \/>\n\t<meta property=\"og:image:type\" content=\"image\/png\" \/>\n<meta name=\"twitter:card\" content=\"summary_large_image\" \/>\n<meta name=\"twitter:label1\" content=\"Est. reading time\" \/>\n\t<meta name=\"twitter:data1\" content=\"3 minutes\" \/>\n<script type=\"application\/ld+json\" class=\"yoast-schema-graph\">{\"@context\":\"https:\\\/\\\/schema.org\",\"@graph\":[{\"@type\":\"WebPage\",\"@id\":\"https:\\\/\\\/tajkertesz.com\\\/termek\\\/agrecol-savanyito-mutragya-rhododendron-afonya-es-orokzoldek-szamara-12-kg\\\/\",\"url\":\"https:\\\/\\\/tajkertesz.com\\\/termek\\\/agrecol-savanyito-mutragya-rhododendron-afonya-es-orokzoldek-szamara-12-kg\\\/\",\"name\":\"AGRECOL Savany\u00edt\u00f3 m\u0171tr\u00e1gya Rhododendron, \u00e1fonya \u00e9s \u00f6r\u00f6kz\u00f6ldek sz\u00e1m\u00e1ra 1,2 kg - T\u00e1jkert\u00e9sz\",\"isPartOf\":{\"@id\":\"https:\\\/\\\/tajkertesz.com\\\/#website\"},\"primaryImageOfPage\":{\"@id\":\"https:\\\/\\\/tajkertesz.com\\\/termek\\\/agrecol-savanyito-mutragya-rhododendron-afonya-es-orokzoldek-szamara-12-kg\\\/#primaryimage\"},\"image\":{\"@id\":\"https:\\\/\\\/tajkertesz.com\\\/termek\\\/agrecol-savanyito-mutragya-rhododendron-afonya-es-orokzoldek-szamara-12-kg\\\/#primaryimage\"},\"thumbnailUrl\":\"https:\\\/\\\/tajkertesz.com\\\/wp-content\\\/uploads\\\/2021\\\/09\\\/208-zakwaszajacy-12kg-wiz-370.png\",\"datePublished\":\"2021-09-20T07:45:55+00:00\",\"dateModified\":\"2026-03-24T14:07:56+00:00\",\"description\":\"AGRECOL Savany\u00edt\u00f3 m\u0171tr\u00e1gya granul\u00e1tum Rhododendron, \u00e1fonya \u00e9s \u00f6r\u00f6kz\u00f6ldek sz\u00e1m\u00e1ra 1,2 kg savany\u00edtja a talajt, p\u00f3tolja a savany\u00fa talajt kedvel\u0151 n\u00f6v\u00e9nyek %\",\"breadcrumb\":{\"@id\":\"https:\\\/\\\/tajkertesz.com\\\/termek\\\/agrecol-savanyito-mutragya-rhododendron-afonya-es-orokzoldek-szamara-12-kg\\\/#breadcrumb\"},\"inLanguage\":\"en-US\",\"potentialAction\":[{\"@type\":\"ReadAction\",\"target\":[\"https:\\\/\\\/tajkertesz.com\\\/termek\\\/agrecol-savanyito-mutragya-rhododendron-afonya-es-orokzoldek-szamara-12-kg\\\/\"]}]},{\"@type\":\"ImageObject\",\"inLanguage\":\"en-US\",\"@id\":\"https:\\\/\\\/tajkertesz.com\\\/termek\\\/agrecol-savanyito-mutragya-rhododendron-afonya-es-orokzoldek-szamara-12-kg\\\/#primaryimage\",\"url\":\"https:\\\/\\\/tajkertesz.com\\\/wp-content\\\/uploads\\\/2021\\\/09\\\/208-zakwaszajacy-12kg-wiz-370.png\",\"contentUrl\":\"https:\\\/\\\/tajkertesz.com\\\/wp-content\\\/uploads\\\/2021\\\/09\\\/208-zakwaszajacy-12kg-wiz-370.png\",\"width\":370,\"height\":479,\"caption\":\"AGRECOL Savany\u00edt\u00f3 m\u0171tr\u00e1gya granul\u00e1tum Rhododendron, \u00e1fonya \u00e9s \u00f6r\u00f6kz\u00f6ldek sz\u00e1m\u00e1ra 1,2 kg\"},{\"@type\":\"BreadcrumbList\",\"@id\":\"https:\\\/\\\/tajkertesz.com\\\/termek\\\/agrecol-savanyito-mutragya-rhododendron-afonya-es-orokzoldek-szamara-12-kg\\\/#breadcrumb\",\"itemListElement\":[{\"@type\":\"ListItem\",\"position\":1,\"name\":\"Home\",\"item\":\"https:\\\/\\\/tajkertesz.com\\\/\"},{\"@type\":\"ListItem\",\"position\":2,\"name\":\"Kezd\u0151lap\",\"item\":\"https:\\\/\\\/tajkertesz.com\\\/\"},{\"@type\":\"ListItem\",\"position\":3,\"name\":\"AGRECOL Savany\u00edt\u00f3 m\u0171tr\u00e1gya Rhododendron, \u00e1fonya \u00e9s \u00f6r\u00f6kz\u00f6ldek sz\u00e1m\u00e1ra 1,2 kg\"}]},{\"@type\":\"WebSite\",\"@id\":\"https:\\\/\\\/tajkertesz.com\\\/#website\",\"url\":\"https:\\\/\\\/tajkertesz.com\\\/\",\"name\":\"T\u00e1j-Kert\u00e9sz 84 Kft.\",\"description\":\"Kert\u00e9szeti kis- \u00e9s nagykeresked\u00e9s, D\u00edszn\u00f6v\u00e9ny web\u00e1ruh\u00e1z orsz\u00e1gos h\u00e1zhozsz\u00e1ll\u00edt\u00e1ssal!\",\"publisher\":{\"@id\":\"https:\\\/\\\/tajkertesz.com\\\/#organization\"},\"potentialAction\":[{\"@type\":\"SearchAction\",\"target\":{\"@type\":\"EntryPoint\",\"urlTemplate\":\"https:\\\/\\\/tajkertesz.com\\\/?s={search_term_string}\"},\"query-input\":{\"@type\":\"PropertyValueSpecification\",\"valueRequired\":true,\"valueName\":\"search_term_string\"}}],\"inLanguage\":\"en-US\"},{\"@type\":\"Organization\",\"@id\":\"https:\\\/\\\/tajkertesz.com\\\/#organization\",\"name\":\"T\u00e1j-Kert\u00e9sz 84 Kft.\",\"url\":\"https:\\\/\\\/tajkertesz.com\\\/\",\"logo\":{\"@type\":\"ImageObject\",\"inLanguage\":\"en-US\",\"@id\":\"https:\\\/\\\/tajkertesz.com\\\/#\\\/schema\\\/logo\\\/image\\\/\",\"url\":\"https:\\\/\\\/tajkertesz.com\\\/wp-content\\\/uploads\\\/2018\\\/02\\\/logo-2-e1518678052539.png\",\"contentUrl\":\"https:\\\/\\\/tajkertesz.com\\\/wp-content\\\/uploads\\\/2018\\\/02\\\/logo-2-e1518678052539.png\",\"width\":81,\"height\":140,\"caption\":\"T\u00e1j-Kert\u00e9sz 84 Kft.\"},\"image\":{\"@id\":\"https:\\\/\\\/tajkertesz.com\\\/#\\\/schema\\\/logo\\\/image\\\/\"},\"sameAs\":[\"https:\\\/\\\/www.facebook.com\\\/Tajkertesz\\\/\"]}]}<\/script>\n<!-- \/ Yoast SEO plugin. -->","yoast_head_json":{"title":"AGRECOL Savany\u00edt\u00f3 m\u0171tr\u00e1gya Rhododendron, \u00e1fonya \u00e9s \u00f6r\u00f6kz\u00f6ldek sz\u00e1m\u00e1ra 1,2 kg - T\u00e1jkert\u00e9sz","description":"AGRECOL Savany\u00edt\u00f3 m\u0171tr\u00e1gya granul\u00e1tum Rhododendron, \u00e1fonya \u00e9s \u00f6r\u00f6kz\u00f6ldek sz\u00e1m\u00e1ra 1,2 kg savany\u00edtja a talajt, p\u00f3tolja a savany\u00fa talajt kedvel\u0151 n\u00f6v\u00e9nyek %","robots":{"index":"index","follow":"follow","max-snippet":"max-snippet:-1","max-image-preview":"max-image-preview:large","max-video-preview":"max-video-preview:-1"},"canonical":"https:\/\/tajkertesz.com\/en_US\/product\/agrecol-savanyito-mutragya-rhododendron-afonya-es-orokzoldek-szamara-12-kg\/","og_locale":"en_US","og_type":"article","og_title":"AGRECOL Savany\u00edt\u00f3 m\u0171tr\u00e1gya Rhododendron, \u00e1fonya \u00e9s \u00f6r\u00f6kz\u00f6ldek sz\u00e1m\u00e1ra 1,2 kg - T\u00e1jkert\u00e9sz","og_description":"AGRECOL Savany\u00edt\u00f3 m\u0171tr\u00e1gya granul\u00e1tum Rhododendron, \u00e1fonya \u00e9s \u00f6r\u00f6kz\u00f6ldek sz\u00e1m\u00e1ra 1,2 kg savany\u00edtja a talajt, p\u00f3tolja a savany\u00fa talajt kedvel\u0151 n\u00f6v\u00e9nyek %","og_url":"https:\/\/tajkertesz.com\/en_US\/product\/agrecol-savanyito-mutragya-rhododendron-afonya-es-orokzoldek-szamara-12-kg\/","og_site_name":"T\u00e1jkert\u00e9sz","article_publisher":"https:\/\/www.facebook.com\/Tajkertesz\/","article_modified_time":"2026-03-24T14:07:56+00:00","og_image":[{"width":370,"height":479,"url":"https:\/\/tajkertesz.com\/wp-content\/uploads\/2021\/09\/208-zakwaszajacy-12kg-wiz-370.png","type":"image\/png"}],"twitter_card":"summary_large_image","twitter_misc":{"Est. reading time":"3 minutes"},"schema":{"@context":"https:\/\/schema.org","@graph":[{"@type":"WebPage","@id":"https:\/\/tajkertesz.com\/termek\/agrecol-savanyito-mutragya-rhododendron-afonya-es-orokzoldek-szamara-12-kg\/","url":"https:\/\/tajkertesz.com\/termek\/agrecol-savanyito-mutragya-rhododendron-afonya-es-orokzoldek-szamara-12-kg\/","name":"AGRECOL Savany\u00edt\u00f3 m\u0171tr\u00e1gya Rhododendron, \u00e1fonya \u00e9s \u00f6r\u00f6kz\u00f6ldek sz\u00e1m\u00e1ra 1,2 kg - T\u00e1jkert\u00e9sz","isPartOf":{"@id":"https:\/\/tajkertesz.com\/#website"},"primaryImageOfPage":{"@id":"https:\/\/tajkertesz.com\/termek\/agrecol-savanyito-mutragya-rhododendron-afonya-es-orokzoldek-szamara-12-kg\/#primaryimage"},"image":{"@id":"https:\/\/tajkertesz.com\/termek\/agrecol-savanyito-mutragya-rhododendron-afonya-es-orokzoldek-szamara-12-kg\/#primaryimage"},"thumbnailUrl":"https:\/\/tajkertesz.com\/wp-content\/uploads\/2021\/09\/208-zakwaszajacy-12kg-wiz-370.png","datePublished":"2021-09-20T07:45:55+00:00","dateModified":"2026-03-24T14:07:56+00:00","description":"AGRECOL Savany\u00edt\u00f3 m\u0171tr\u00e1gya granul\u00e1tum Rhododendron, \u00e1fonya \u00e9s \u00f6r\u00f6kz\u00f6ldek sz\u00e1m\u00e1ra 1,2 kg savany\u00edtja a talajt, p\u00f3tolja a savany\u00fa talajt kedvel\u0151 n\u00f6v\u00e9nyek %","breadcrumb":{"@id":"https:\/\/tajkertesz.com\/termek\/agrecol-savanyito-mutragya-rhododendron-afonya-es-orokzoldek-szamara-12-kg\/#breadcrumb"},"inLanguage":"en-US","potentialAction":[{"@type":"ReadAction","target":["https:\/\/tajkertesz.com\/termek\/agrecol-savanyito-mutragya-rhododendron-afonya-es-orokzoldek-szamara-12-kg\/"]}]},{"@type":"ImageObject","inLanguage":"en-US","@id":"https:\/\/tajkertesz.com\/termek\/agrecol-savanyito-mutragya-rhododendron-afonya-es-orokzoldek-szamara-12-kg\/#primaryimage","url":"https:\/\/tajkertesz.com\/wp-content\/uploads\/2021\/09\/208-zakwaszajacy-12kg-wiz-370.png","contentUrl":"https:\/\/tajkertesz.com\/wp-content\/uploads\/2021\/09\/208-zakwaszajacy-12kg-wiz-370.png","width":370,"height":479,"caption":"AGRECOL Savany\u00edt\u00f3 m\u0171tr\u00e1gya granul\u00e1tum Rhododendron, \u00e1fonya \u00e9s \u00f6r\u00f6kz\u00f6ldek sz\u00e1m\u00e1ra 1,2 kg"},{"@type":"BreadcrumbList","@id":"https:\/\/tajkertesz.com\/termek\/agrecol-savanyito-mutragya-rhododendron-afonya-es-orokzoldek-szamara-12-kg\/#breadcrumb","itemListElement":[{"@type":"ListItem","position":1,"name":"Home","item":"https:\/\/tajkertesz.com\/"},{"@type":"ListItem","position":2,"name":"Kezd\u0151lap","item":"https:\/\/tajkertesz.com\/"},{"@type":"ListItem","position":3,"name":"AGRECOL Savany\u00edt\u00f3 m\u0171tr\u00e1gya Rhododendron, \u00e1fonya \u00e9s \u00f6r\u00f6kz\u00f6ldek sz\u00e1m\u00e1ra 1,2 kg"}]},{"@type":"WebSite","@id":"https:\/\/tajkertesz.com\/#website","url":"https:\/\/tajkertesz.com\/","name":"T\u00e1j-Kert\u00e9sz 84 Kft.","description":"Kert\u00e9szeti kis- \u00e9s nagykeresked\u00e9s, D\u00edszn\u00f6v\u00e9ny web\u00e1ruh\u00e1z orsz\u00e1gos h\u00e1zhozsz\u00e1ll\u00edt\u00e1ssal!","publisher":{"@id":"https:\/\/tajkertesz.com\/#organization"},"potentialAction":[{"@type":"SearchAction","target":{"@type":"EntryPoint","urlTemplate":"https:\/\/tajkertesz.com\/?s={search_term_string}"},"query-input":{"@type":"PropertyValueSpecification","valueRequired":true,"valueName":"search_term_string"}}],"inLanguage":"en-US"},{"@type":"Organization","@id":"https:\/\/tajkertesz.com\/#organization","name":"T\u00e1j-Kert\u00e9sz 84 Kft.","url":"https:\/\/tajkertesz.com\/","logo":{"@type":"ImageObject","inLanguage":"en-US","@id":"https:\/\/tajkertesz.com\/#\/schema\/logo\/image\/","url":"https:\/\/tajkertesz.com\/wp-content\/uploads\/2018\/02\/logo-2-e1518678052539.png","contentUrl":"https:\/\/tajkertesz.com\/wp-content\/uploads\/2018\/02\/logo-2-e1518678052539.png","width":81,"height":140,"caption":"T\u00e1j-Kert\u00e9sz 84 Kft."},"image":{"@id":"https:\/\/tajkertesz.com\/#\/schema\/logo\/image\/"},"sameAs":["https:\/\/www.facebook.com\/Tajkertesz\/"]}]}},"_links":{"self":[{"href":"https:\/\/tajkertesz.com\/en_US\/wp-json\/wp\/v2\/product\/9330","targetHints":{"allow":["GET"]}}],"collection":[{"href":"https:\/\/tajkertesz.com\/en_US\/wp-json\/wp\/v2\/product"}],"about":[{"href":"https:\/\/tajkertesz.com\/en_US\/wp-json\/wp\/v2\/types\/product"}],"wp:featuredmedia":[{"embeddable":true,"href":"https:\/\/tajkertesz.com\/en_US\/wp-json\/wp\/v2\/media\/9331"}],"wp:attachment":[{"href":"https:\/\/tajkertesz.com\/en_US\/wp-json\/wp\/v2\/media?parent=9330"}],"wp:term":[{"taxonomy":"product_brand","embeddable":true,"href":"https:\/\/tajkertesz.com\/en_US\/wp-json\/wp\/v2\/product_brand?post=9330"},{"taxonomy":"product_cat","embeddable":true,"href":"https:\/\/tajkertesz.com\/en_US\/wp-json\/wp\/v2\/product_cat?post=9330"},{"taxonomy":"product_tag","embeddable":true,"href":"https:\/\/tajkertesz.com\/en_US\/wp-json\/wp\/v2\/product_tag?post=9330"}],"curies":[{"name":"wp","href":"https:\/\/api.w.org\/{rel}","templated":true}]}}