{"id":9333,"date":"2021-09-20T09:14:18","date_gmt":"2021-09-20T09:14:18","guid":{"rendered":"https:\/\/tajkertesz.com\/?post_type=product&#038;p=9333"},"modified":"2026-02-26T09:33:56","modified_gmt":"2026-02-26T09:33:56","slug":"vezetek-nelkuli-esoerzekelo-hunter-rain-clik-wr-clik-hunter","status":"publish","type":"product","link":"https:\/\/tajkertesz.com\/en_US\/product\/vezetek-nelkuli-esoerzekelo-hunter-rain-clik-wr-clik-hunter\/","title":{"rendered":"Vezet\u00e9k n\u00e9lk\u00fcli es\u0151\u00e9rz\u00e9kel\u0151 Hunter Rain-Clik &#8211; WR-Clik"},"content":{"rendered":"<h1 class=\"h1 page-title\">Vezet\u00e9k n\u00e9lk\u00fcli es\u0151\u00e9rz\u00e9kel\u0151 Hunter Rain-Clik &#8211; WR-Clik<\/h1>\n<p class=\"h1 page-title\">Vezet\u00e9k n\u00e9lk\u00fcli es\u0151\u00e9rz\u00e9kel\u0151 Hunter Rain-Clik &#8211; WR-Clik<\/p>\n<p>Ha v\u00edztakar\u00e9kos \u00f6nt\u00f6z\u0151rendszert szeretn\u00e9nk ki\u00e9p\u00edteni, az es\u0151\u00e9rz\u00e9kel\u0151 be\u00e9p\u00edt\u00e9se elengedhetetlen sz\u00e1munkra. Seg\u00edts\u00e9g\u00e9vel megakad\u00e1lyozhatjuk, hogy es\u0151 k\u00f6zben ne \u00f6nt\u00f6zz\u00fck f\u00f6l\u00f6slegesen a gyep\u00fcnket. A legt\u00f6bb es\u0151\u00e9rz\u00e9kel\u0151n be\u00e1ll\u00edthat\u00f3 az a csapad\u00e9kmennyis\u00e9g, amin\u00e9l az \u00e9rz\u00e9kel\u0151nk letiltja az \u00f6nt\u00f6z\u00e9st. Az es\u0151\u00e9rz\u00e9kel\u0151 elhelyez\u00e9s\u00e9n\u00e9l 3 szempontot kell figyelembe venn\u00fcnk: \u00e9rje a napsug\u00e1rz\u00e1s, \u00e9rje az es\u0151 \u00e9s ne \u00e9rje az \u00f6nt\u00f6z\u0151v\u00edz. Az es\u0151\u00e9rz\u00e9kel\u0151k\u00f6n k\u00fcl\u00f6n \u00e1ll\u00edthat\u00f3 a sz\u00e1rad\u00e1si ciklus, amivel a f\u0171 sz\u00e1rad\u00e1s\u00e1nak az ideje nagyj\u00e1b\u00f3l lek\u00f6vethet\u0151, ennek k\u00f6sz\u00f6nhet\u0151en csak akkor engedi \u00fajra m\u0171k\u00f6dtetni az \u00f6nt\u00f6z\u0151rendszer\u00fcnket, amikor m\u00e1r a gyep\u00fcnknek \u00fajra v\u00edzre van sz\u00fcks\u00e9ge.<\/p>\n<h3>A Hunter <strong>Rain-Clik &#8211; WR-Clik<\/strong><\/h3>\n<p>egy vezet\u00e9k n\u00e9lk\u00fcli gyors reag\u00e1l\u00e1s\u00fa duzzad\u00f3korongos es\u0151\u00e9rz\u00e9kel\u0151. M\u00edg a legt\u00f6bb \u00e9rz\u00e9kel\u0151 az el\u0151re be\u00e1ll\u00edtott csapad\u00e9kmennyis\u00e9g el\u00e9r\u00e9sekor tiltja le az \u00f6nt\u00f6z\u00e9st,\u00a0 addig a Rain-Clik m\u00e1r kis mennyis\u00e9g\u0171 lehullott csapad\u00e9k eset\u00e9n letiltja az \u00f6nt\u00f6z\u00e9st. Nedvess\u00e9g hat\u00e1s\u00e1ra a benne l\u00e9v\u0151 duzzad\u00f3korongok m\u00e1r egy kis csapad\u00e9k hat\u00e1s\u00e1ra megduzzadnak, amik kapcsolj\u00e1k a mikrokapcsol\u00f3t, mely megszak\u00edtja az \u00e1ramk\u00f6rt a vez\u00e9rl\u0151n\u00e9l, \u00edgy az \u00f6nt\u00f6z\u00e9s le\u00e1ll. A Rain-Clik &#8211; WR-Clik \u00e9rz\u00e9kel\u0151 egy alap \u00e1llapotban z\u00e1rt \u00e9rz\u00e9kel\u0151, mely az ehhez kialak\u00edtott elektronik\u00e1j\u00fa vez\u00e9rl\u0151kkel (Hunter, Rain Bird, Rain) egy\u00fctt m\u0171k\u00f6dtethet\u0151. A sz\u00e1rad\u00e1si id\u0151 a szell\u0151z\u0151ny\u00edl\u00e1s nyit\u00e1s\u00e1val vagy z\u00e1r\u00e1s\u00e1val szab\u00e1lyozhat\u00f3, aminek seg\u00edts\u00e9g\u00e9vel lek\u00f6vethetj\u00fck gyep\u00fcnk sz\u00e1rad\u00e1si idej\u00e9t. \u00cdgy az \u00f6nt\u00f6z\u0151rendszer\u00fcnk akkor indul \u00fajra, ha arra m\u00e1r t\u00e9nyleg sz\u00fcks\u00e9g van. Felszerel\u00e9se rendk\u00edv\u00fcl egyszer\u0171 \u00e9s sokf\u00e9lek\u00e9pp megoldhat\u00f3, a csomag vev\u0151egys\u00e9get, rozsdamentes tart\u00f3konzolt \u00e9s csavarokat tartalmaz. Rendk\u00edv\u00fcl megb\u00edzhat\u00f3 es\u0151\u00e9rz\u00e9kel\u0151, felszerel\u00e9se ut\u00e1n karbantart\u00e1st nem ig\u00e9nyel. R\u00e1di\u00f3hull\u00e1m seg\u00edts\u00e9g\u00e9vel kommunik\u00e1l a vev\u0151egys\u00e9ggel, \u00edgy ak\u00e1r\u00a0<strong>244 m<\/strong>\u00a0t\u00e1vols\u00e1gra elhelyezhet\u0151 az \u00e9rz\u00e9kel\u0151 a vev\u0151egys\u00e9gt\u0151l. A benne tal\u00e1lhat\u00f3 elem ak\u00e1r 10 \u00e9vig m\u0171k\u00f6dteti az \u00e9rz\u00e9kel\u0151t.<\/p>\n<div id=\"bodyContent\" class=\"mw-body-content\">\n<div id=\"mw-content-text\" class=\"mw-content-ltr\" dir=\"ltr\" lang=\"hu\">\n<div id=\"bodyContent\" class=\"mw-body-content\">\n<div id=\"mw-content-text\" class=\"mw-content-ltr\" dir=\"ltr\" lang=\"hu\">\n<p><b><span style=\"font-family: 'Ubuntu',serif; color: black;\">K\u00e9szlet\u00fcnk napi szinten v\u00e1ltozik, ez\u00e9rt k\u00e9rj\u00fck, \u00e9rdekl\u0151dj\u00f6n szem\u00e9lyesen, telefonon vagy email-en.<\/span><\/b>Kisz\u00e1ll\u00edt\u00e1s: 200 cm \u00e9s 40 kg is a sz\u00e1ll\u00edt\u00e1s fut\u00e1rszolg\u00e1lattal t\u00f6rt\u00e9nik.<\/p>\n<\/div>\n<\/div>\n<\/div>\n<\/div>\n<p style=\"line-height: 18.0pt; background: white; margin: 0cm 0cm 15.0pt 0cm;\"><b><span style=\"font-family: 'Ubuntu',serif; color: black;\">A v\u00e1ltoztat\u00e1s jog\u00e1t fenntartjuk!\u00a0<\/span><\/b><\/p>\n<p><span style=\"color: #ffffff;\">A Nortene 1961-es megalakul\u00e1sa \u00f3ta a kerttulajdonosok, vir\u00e1gos teraszokkal \u00e9s z\u00f6ld bels\u0151 terekkel rendelkez\u0151k m\u00e1rk\u00e1ja. Alapvet\u0151 c\u00e9lja \u00e9vr\u0151l-\u00e9vre, hogy a<strong>\u00a0kertberendez\u00e9s, a kerti dekor\u00e1ci\u00f3 \u00e9s a hobby kert\u00e9szet\u00a0<\/strong>term\u00e9keivel piacvezet\u0151 legyen. K\u00edn\u00e1lata k\u00f6z\u00f6tt megtal\u00e1lhat\u00f3k az\u00a0<strong>\u00e1rny\u00e9kol\u00f3h\u00e1l\u00f3k, kerti r\u00e1csok, m\u0171f\u00fcvek, sz\u00fanyogh\u00e1l\u00f3k, t\u00e9relv\u00e1laszt\u00f3k, kert\u00e9szeti f\u00f3li\u00e1k, kar\u00f3k \u00e9s kerti dekor\u00e1ci\u00f3k.\u00a0<\/strong><\/span><\/p>\n<p><span style=\"color: #ffffff;\">A Nortene 1961-es megalakul\u00e1sa \u00f3ta a kerttulajdonosok, vir\u00e1gos teraszokkal \u00e9s z\u00f6ld bels\u0151 terekkel rendelkez\u0151k m\u00e1rk\u00e1ja. Alapvet\u0151 c\u00e9lja \u00e9vr\u0151l-\u00e9vre, hogy a<strong>\u00a0kertberendez\u00e9s, a kerti dekor\u00e1ci\u00f3 \u00e9s a hobby kert\u00e9szet\u00a0<\/strong>term\u00e9keivel piacvezet\u0151 legyen. K\u00edn\u00e1lata k\u00f6z\u00f6tt megtal\u00e1lhat\u00f3k az\u00a0<strong>\u00e1rny\u00e9kol\u00f3h\u00e1l\u00f3k, kerti r\u00e1csok, m\u0171f\u00fcvek, sz\u00fanyogh\u00e1l\u00f3k, t\u00e9relv\u00e1laszt\u00f3k, kert\u00e9szeti f\u00f3li\u00e1k, kar\u00f3k \u00e9s kerti dekor\u00e1ci\u00f3k.\u00a0<\/strong><\/span><\/p>\n<h3><span style=\"color: #ffffff;\">T\u00e1maszok, kar\u00f3k a n\u00f6v\u00e9nyek ig\u00e9nyeire szabva:<\/span><\/h3>\n<p><span style=\"color: #ffffff;\">A n\u00f6v\u00e9nygondoz\u00e1s sor\u00e1n sokszor sz\u00fcks\u00e9g van arra, hogy a n\u00f6v\u00e9nyeket kit\u00e1masszuk annak \u00e9rdek\u00e9ben, hogy a m\u00e9g gyenge n\u00f6v\u00e9ny ne hajoljanak el a saj\u00e1t s\u00falya alatt, illetve, hogy a n\u00f6veked\u00e9s\u00fck egyenesen felfel\u00e9 t\u00f6rt\u00e9njen \u00e9s ne hajoljanak el oldalra.<\/span><\/p>\n<p><span style=\"color: #ffffff;\">Mivel mindegyik n\u00f6v\u00e9ny elt\u00e9r\u0151 tulajdons\u00e1gokkal, m\u00e9retekkel \u00e9s ig\u00e9nyekkel rendelkezik, ez\u00e9rt alaposan fel kell m\u00e9rnie, hogy pontosan milyen t\u00e1maszt\u00e9kokat kell beszereznie az eredm\u00e9nyess\u00e9ghez. A neh\u00e9z sz\u00e1rral rendelkez\u0151 n\u00f6v\u00e9nyek kit\u00e1maszt\u00e1s\u00e1ra vastag, magas kar\u00f3kat \u00e9rdemes venni, melyek el\u00e9g er\u0151sek ahhoz, hogy megtarts\u00e1k \u0151ket.<\/span><\/p>\n<p><span style=\"color: #ffffff;\">A d\u00edszn\u00f6v\u00e9nyek eset\u00e9ben m\u00e1r nagyobb hangs\u00faly van a dekorat\u00edv kin\u00e9zeten, hiszen j\u00f3 es\u00e9ly van r\u00e1, hogy ezek a n\u00f6v\u00e9nyt\u00e1maszok a lak\u00e1sunkat fogj\u00e1k d\u00edsz\u00edteni, pl.: a nappaliban.\u00a0 A megfelel\u0151 m\u00e9ret\u0171, form\u00e1j\u00fa \u00e9s kialak\u00edt\u00e1s\u00fa n\u00f6v\u00e9nyt\u00e1maszok haszn\u00e1lat\u00e1val biztos\u00edthat\u00f3 a n\u00f6v\u00e9nyek eg\u00e9szs\u00e9ges , csod\u00e1s fejl\u0151d\u00e9se.<\/span><\/p>\n<h3><span id=\"Vas_\u00e9s_ac\u00e9l\" class=\"mw-headline\" style=\"color: #ffffff;\">Vas \u00e9s ac\u00e9l:<\/span><\/h3>\n<p><span style=\"color: #ffffff;\">A vas a F\u00f6ld k\u00e9rg\u00e9nek mintegy 4,7%-\u00e1t alkotja t\u00f6bb mint sz\u00e1z vas\u00e1sv\u00e1ny form\u00e1j\u00e1ban, de \u2013 a f\u00e9mek t\u00f6bbs\u00e9g\u00e9hez hasonl\u00f3an \u2013 elemi \u00e1llapotban nem tal\u00e1lhat\u00f3 meg. A vas \u00e9rc\u00e1sv\u00e1nyai k\u00f6z\u00fcl legfontosabbak az oxidok, pl: a magnetit (m\u00e1gnesvas\u00e9rc), a hematit (v\u00f6r\u00f6svas\u00e9rc), a limonit (barnavas\u00e9rc), valamint a karbon\u00e1t alap\u00fa sziderit (vasp\u00e1t). A vasat az \u00e9rcb\u0151l \u00fagy \u00e1ll\u00edtj\u00e1k el\u0151, hogy reduk\u00e1lj\u00e1k, azaz oxig\u00e9ntartalm\u00e1t elt\u00e1vol\u00edtj\u00e1k.<\/span><\/p>\n<div id=\"bodyContent\" class=\"mw-body-content\">\n<div id=\"mw-content-text\" class=\"mw-content-ltr\" dir=\"ltr\" lang=\"hu\">\n<div id=\"bodyContent\" class=\"mw-body-content\">\n<div id=\"mw-content-text\" class=\"mw-content-ltr\" dir=\"ltr\" lang=\"hu\"><\/div>\n<\/div>\n<\/div>\n<\/div>\n<p><a href=\"https:\/\/tajkertesz.com\/\">https:\/\/tajkertesz.com\/<\/a><\/p>\n<p><a href=\"https:\/\/hu.wikipedia.org\/wiki\/Vir%C3%A1g_(botanika)\">https:\/\/hu.wikipedia.org\/wiki\/Vir%C3%A1g_(botanika)<\/a><\/p>\n<p>&nbsp;<\/p>","protected":false},"excerpt":{"rendered":"<p class=\"h1 page-title\">Vezet\u00e9k n\u00e9lk\u00fcli es\u0151\u00e9rz\u00e9kel\u0151 Hunter Rain-Clik &#8211; WR-Clik<\/p>\n<p>&nbsp;<\/p>","protected":false},"featured_media":9336,"template":"","meta":{"_et_pb_use_builder":"","_et_pb_old_content":"","_et_gb_content_width":""},"product_brand":[],"product_cat":[2614],"product_tag":[2718],"class_list":{"0":"post-9333","1":"product","2":"type-product","3":"status-publish","4":"has-post-thumbnail","6":"product_cat-esoerzekelok","7":"product_tag-vezetek-nelkuli-esoerzekelo-hunter-rain-clik-wr-clik","9":"first","10":"instock","11":"shipping-taxable","12":"purchasable","13":"product-type-simple"},"yoast_head":"<!-- This site is optimized with the Yoast SEO plugin v27.4 - https:\/\/yoast.com\/product\/yoast-seo-wordpress\/ -->\n<title>Vezet\u00e9k n\u00e9lk\u00fcli es\u0151\u00e9rz\u00e9kel\u0151 Hunter Rain-Clik - WR-Clik - T\u00e1jkert\u00e9sz<\/title>\n<meta name=\"description\" content=\"Vezet\u00e9k n\u00e9lk\u00fcli es\u0151\u00e9rz\u00e9kel\u0151 Hunter Rain-Clik - WR-Clik\" \/>\n<meta name=\"robots\" content=\"index, follow, max-snippet:-1, max-image-preview:large, max-video-preview:-1\" \/>\n<link rel=\"canonical\" href=\"https:\/\/tajkertesz.com\/en_US\/product\/vezetek-nelkuli-esoerzekelo-hunter-rain-clik-wr-clik-hunter\/\" \/>\n<meta property=\"og:locale\" content=\"en_US\" \/>\n<meta property=\"og:type\" content=\"article\" \/>\n<meta property=\"og:title\" content=\"Vezet\u00e9k n\u00e9lk\u00fcli es\u0151\u00e9rz\u00e9kel\u0151 Hunter Rain-Clik - WR-Clik - T\u00e1jkert\u00e9sz\" \/>\n<meta property=\"og:description\" content=\"Vezet\u00e9k n\u00e9lk\u00fcli es\u0151\u00e9rz\u00e9kel\u0151 Hunter Rain-Clik - WR-Clik\" \/>\n<meta property=\"og:url\" content=\"https:\/\/tajkertesz.com\/en_US\/product\/vezetek-nelkuli-esoerzekelo-hunter-rain-clik-wr-clik-hunter\/\" \/>\n<meta property=\"og:site_name\" content=\"T\u00e1jkert\u00e9sz\" \/>\n<meta property=\"article:publisher\" content=\"https:\/\/www.facebook.com\/Tajkertesz\/\" \/>\n<meta property=\"article:modified_time\" content=\"2026-02-26T09:33:56+00:00\" \/>\n<meta property=\"og:image\" content=\"https:\/\/tajkertesz.com\/wp-content\/uploads\/2021\/09\/vezetek-nelkuli-esoerzekelo-hunter-rain-clik-wr-clik.jpg\" \/>\n\t<meta property=\"og:image:width\" content=\"452\" \/>\n\t<meta property=\"og:image:height\" content=\"452\" \/>\n\t<meta property=\"og:image:type\" content=\"image\/jpeg\" \/>\n<meta name=\"twitter:card\" content=\"summary_large_image\" \/>\n<meta name=\"twitter:label1\" content=\"Est. reading time\" \/>\n\t<meta name=\"twitter:data1\" content=\"3 minutes\" \/>\n<script type=\"application\/ld+json\" class=\"yoast-schema-graph\">{\"@context\":\"https:\\\/\\\/schema.org\",\"@graph\":[{\"@type\":\"WebPage\",\"@id\":\"https:\\\/\\\/tajkertesz.com\\\/termek\\\/vezetek-nelkuli-esoerzekelo-hunter-rain-clik-wr-clik-hunter\\\/\",\"url\":\"https:\\\/\\\/tajkertesz.com\\\/termek\\\/vezetek-nelkuli-esoerzekelo-hunter-rain-clik-wr-clik-hunter\\\/\",\"name\":\"Vezet\u00e9k n\u00e9lk\u00fcli es\u0151\u00e9rz\u00e9kel\u0151 Hunter Rain-Clik - WR-Clik - T\u00e1jkert\u00e9sz\",\"isPartOf\":{\"@id\":\"https:\\\/\\\/tajkertesz.com\\\/#website\"},\"primaryImageOfPage\":{\"@id\":\"https:\\\/\\\/tajkertesz.com\\\/termek\\\/vezetek-nelkuli-esoerzekelo-hunter-rain-clik-wr-clik-hunter\\\/#primaryimage\"},\"image\":{\"@id\":\"https:\\\/\\\/tajkertesz.com\\\/termek\\\/vezetek-nelkuli-esoerzekelo-hunter-rain-clik-wr-clik-hunter\\\/#primaryimage\"},\"thumbnailUrl\":\"https:\\\/\\\/tajkertesz.com\\\/wp-content\\\/uploads\\\/2021\\\/09\\\/vezetek-nelkuli-esoerzekelo-hunter-rain-clik-wr-clik.jpg\",\"datePublished\":\"2021-09-20T09:14:18+00:00\",\"dateModified\":\"2026-02-26T09:33:56+00:00\",\"description\":\"Vezet\u00e9k n\u00e9lk\u00fcli es\u0151\u00e9rz\u00e9kel\u0151 Hunter Rain-Clik - WR-Clik\",\"breadcrumb\":{\"@id\":\"https:\\\/\\\/tajkertesz.com\\\/termek\\\/vezetek-nelkuli-esoerzekelo-hunter-rain-clik-wr-clik-hunter\\\/#breadcrumb\"},\"inLanguage\":\"en-US\",\"potentialAction\":[{\"@type\":\"ReadAction\",\"target\":[\"https:\\\/\\\/tajkertesz.com\\\/termek\\\/vezetek-nelkuli-esoerzekelo-hunter-rain-clik-wr-clik-hunter\\\/\"]}]},{\"@type\":\"ImageObject\",\"inLanguage\":\"en-US\",\"@id\":\"https:\\\/\\\/tajkertesz.com\\\/termek\\\/vezetek-nelkuli-esoerzekelo-hunter-rain-clik-wr-clik-hunter\\\/#primaryimage\",\"url\":\"https:\\\/\\\/tajkertesz.com\\\/wp-content\\\/uploads\\\/2021\\\/09\\\/vezetek-nelkuli-esoerzekelo-hunter-rain-clik-wr-clik.jpg\",\"contentUrl\":\"https:\\\/\\\/tajkertesz.com\\\/wp-content\\\/uploads\\\/2021\\\/09\\\/vezetek-nelkuli-esoerzekelo-hunter-rain-clik-wr-clik.jpg\",\"width\":452,\"height\":452},{\"@type\":\"BreadcrumbList\",\"@id\":\"https:\\\/\\\/tajkertesz.com\\\/termek\\\/vezetek-nelkuli-esoerzekelo-hunter-rain-clik-wr-clik-hunter\\\/#breadcrumb\",\"itemListElement\":[{\"@type\":\"ListItem\",\"position\":1,\"name\":\"Home\",\"item\":\"https:\\\/\\\/tajkertesz.com\\\/\"},{\"@type\":\"ListItem\",\"position\":2,\"name\":\"Kezd\u0151lap\",\"item\":\"https:\\\/\\\/tajkertesz.com\\\/\"},{\"@type\":\"ListItem\",\"position\":3,\"name\":\"Vezet\u00e9k n\u00e9lk\u00fcli es\u0151\u00e9rz\u00e9kel\u0151 Hunter Rain-Clik &#8211; WR-Clik\"}]},{\"@type\":\"WebSite\",\"@id\":\"https:\\\/\\\/tajkertesz.com\\\/#website\",\"url\":\"https:\\\/\\\/tajkertesz.com\\\/\",\"name\":\"T\u00e1j-Kert\u00e9sz 84 Kft.\",\"description\":\"Kert\u00e9szeti kis- \u00e9s nagykeresked\u00e9s, D\u00edszn\u00f6v\u00e9ny web\u00e1ruh\u00e1z orsz\u00e1gos h\u00e1zhozsz\u00e1ll\u00edt\u00e1ssal!\",\"publisher\":{\"@id\":\"https:\\\/\\\/tajkertesz.com\\\/#organization\"},\"potentialAction\":[{\"@type\":\"SearchAction\",\"target\":{\"@type\":\"EntryPoint\",\"urlTemplate\":\"https:\\\/\\\/tajkertesz.com\\\/?s={search_term_string}\"},\"query-input\":{\"@type\":\"PropertyValueSpecification\",\"valueRequired\":true,\"valueName\":\"search_term_string\"}}],\"inLanguage\":\"en-US\"},{\"@type\":\"Organization\",\"@id\":\"https:\\\/\\\/tajkertesz.com\\\/#organization\",\"name\":\"T\u00e1j-Kert\u00e9sz 84 Kft.\",\"url\":\"https:\\\/\\\/tajkertesz.com\\\/\",\"logo\":{\"@type\":\"ImageObject\",\"inLanguage\":\"en-US\",\"@id\":\"https:\\\/\\\/tajkertesz.com\\\/#\\\/schema\\\/logo\\\/image\\\/\",\"url\":\"https:\\\/\\\/tajkertesz.com\\\/wp-content\\\/uploads\\\/2018\\\/02\\\/logo-2-e1518678052539.png\",\"contentUrl\":\"https:\\\/\\\/tajkertesz.com\\\/wp-content\\\/uploads\\\/2018\\\/02\\\/logo-2-e1518678052539.png\",\"width\":81,\"height\":140,\"caption\":\"T\u00e1j-Kert\u00e9sz 84 Kft.\"},\"image\":{\"@id\":\"https:\\\/\\\/tajkertesz.com\\\/#\\\/schema\\\/logo\\\/image\\\/\"},\"sameAs\":[\"https:\\\/\\\/www.facebook.com\\\/Tajkertesz\\\/\"]}]}<\/script>\n<!-- \/ Yoast SEO plugin. -->","yoast_head_json":{"title":"Vezet\u00e9k n\u00e9lk\u00fcli es\u0151\u00e9rz\u00e9kel\u0151 Hunter Rain-Clik - WR-Clik - T\u00e1jkert\u00e9sz","description":"Vezet\u00e9k n\u00e9lk\u00fcli es\u0151\u00e9rz\u00e9kel\u0151 Hunter Rain-Clik - WR-Clik","robots":{"index":"index","follow":"follow","max-snippet":"max-snippet:-1","max-image-preview":"max-image-preview:large","max-video-preview":"max-video-preview:-1"},"canonical":"https:\/\/tajkertesz.com\/en_US\/product\/vezetek-nelkuli-esoerzekelo-hunter-rain-clik-wr-clik-hunter\/","og_locale":"en_US","og_type":"article","og_title":"Vezet\u00e9k n\u00e9lk\u00fcli es\u0151\u00e9rz\u00e9kel\u0151 Hunter Rain-Clik - WR-Clik - T\u00e1jkert\u00e9sz","og_description":"Vezet\u00e9k n\u00e9lk\u00fcli es\u0151\u00e9rz\u00e9kel\u0151 Hunter Rain-Clik - WR-Clik","og_url":"https:\/\/tajkertesz.com\/en_US\/product\/vezetek-nelkuli-esoerzekelo-hunter-rain-clik-wr-clik-hunter\/","og_site_name":"T\u00e1jkert\u00e9sz","article_publisher":"https:\/\/www.facebook.com\/Tajkertesz\/","article_modified_time":"2026-02-26T09:33:56+00:00","og_image":[{"width":452,"height":452,"url":"https:\/\/tajkertesz.com\/wp-content\/uploads\/2021\/09\/vezetek-nelkuli-esoerzekelo-hunter-rain-clik-wr-clik.jpg","type":"image\/jpeg"}],"twitter_card":"summary_large_image","twitter_misc":{"Est. reading time":"3 minutes"},"schema":{"@context":"https:\/\/schema.org","@graph":[{"@type":"WebPage","@id":"https:\/\/tajkertesz.com\/termek\/vezetek-nelkuli-esoerzekelo-hunter-rain-clik-wr-clik-hunter\/","url":"https:\/\/tajkertesz.com\/termek\/vezetek-nelkuli-esoerzekelo-hunter-rain-clik-wr-clik-hunter\/","name":"Vezet\u00e9k n\u00e9lk\u00fcli es\u0151\u00e9rz\u00e9kel\u0151 Hunter Rain-Clik - WR-Clik - T\u00e1jkert\u00e9sz","isPartOf":{"@id":"https:\/\/tajkertesz.com\/#website"},"primaryImageOfPage":{"@id":"https:\/\/tajkertesz.com\/termek\/vezetek-nelkuli-esoerzekelo-hunter-rain-clik-wr-clik-hunter\/#primaryimage"},"image":{"@id":"https:\/\/tajkertesz.com\/termek\/vezetek-nelkuli-esoerzekelo-hunter-rain-clik-wr-clik-hunter\/#primaryimage"},"thumbnailUrl":"https:\/\/tajkertesz.com\/wp-content\/uploads\/2021\/09\/vezetek-nelkuli-esoerzekelo-hunter-rain-clik-wr-clik.jpg","datePublished":"2021-09-20T09:14:18+00:00","dateModified":"2026-02-26T09:33:56+00:00","description":"Vezet\u00e9k n\u00e9lk\u00fcli es\u0151\u00e9rz\u00e9kel\u0151 Hunter Rain-Clik - WR-Clik","breadcrumb":{"@id":"https:\/\/tajkertesz.com\/termek\/vezetek-nelkuli-esoerzekelo-hunter-rain-clik-wr-clik-hunter\/#breadcrumb"},"inLanguage":"en-US","potentialAction":[{"@type":"ReadAction","target":["https:\/\/tajkertesz.com\/termek\/vezetek-nelkuli-esoerzekelo-hunter-rain-clik-wr-clik-hunter\/"]}]},{"@type":"ImageObject","inLanguage":"en-US","@id":"https:\/\/tajkertesz.com\/termek\/vezetek-nelkuli-esoerzekelo-hunter-rain-clik-wr-clik-hunter\/#primaryimage","url":"https:\/\/tajkertesz.com\/wp-content\/uploads\/2021\/09\/vezetek-nelkuli-esoerzekelo-hunter-rain-clik-wr-clik.jpg","contentUrl":"https:\/\/tajkertesz.com\/wp-content\/uploads\/2021\/09\/vezetek-nelkuli-esoerzekelo-hunter-rain-clik-wr-clik.jpg","width":452,"height":452},{"@type":"BreadcrumbList","@id":"https:\/\/tajkertesz.com\/termek\/vezetek-nelkuli-esoerzekelo-hunter-rain-clik-wr-clik-hunter\/#breadcrumb","itemListElement":[{"@type":"ListItem","position":1,"name":"Home","item":"https:\/\/tajkertesz.com\/"},{"@type":"ListItem","position":2,"name":"Kezd\u0151lap","item":"https:\/\/tajkertesz.com\/"},{"@type":"ListItem","position":3,"name":"Vezet\u00e9k n\u00e9lk\u00fcli es\u0151\u00e9rz\u00e9kel\u0151 Hunter Rain-Clik &#8211; WR-Clik"}]},{"@type":"WebSite","@id":"https:\/\/tajkertesz.com\/#website","url":"https:\/\/tajkertesz.com\/","name":"T\u00e1j-Kert\u00e9sz 84 Kft.","description":"Kert\u00e9szeti kis- \u00e9s nagykeresked\u00e9s, D\u00edszn\u00f6v\u00e9ny web\u00e1ruh\u00e1z orsz\u00e1gos h\u00e1zhozsz\u00e1ll\u00edt\u00e1ssal!","publisher":{"@id":"https:\/\/tajkertesz.com\/#organization"},"potentialAction":[{"@type":"SearchAction","target":{"@type":"EntryPoint","urlTemplate":"https:\/\/tajkertesz.com\/?s={search_term_string}"},"query-input":{"@type":"PropertyValueSpecification","valueRequired":true,"valueName":"search_term_string"}}],"inLanguage":"en-US"},{"@type":"Organization","@id":"https:\/\/tajkertesz.com\/#organization","name":"T\u00e1j-Kert\u00e9sz 84 Kft.","url":"https:\/\/tajkertesz.com\/","logo":{"@type":"ImageObject","inLanguage":"en-US","@id":"https:\/\/tajkertesz.com\/#\/schema\/logo\/image\/","url":"https:\/\/tajkertesz.com\/wp-content\/uploads\/2018\/02\/logo-2-e1518678052539.png","contentUrl":"https:\/\/tajkertesz.com\/wp-content\/uploads\/2018\/02\/logo-2-e1518678052539.png","width":81,"height":140,"caption":"T\u00e1j-Kert\u00e9sz 84 Kft."},"image":{"@id":"https:\/\/tajkertesz.com\/#\/schema\/logo\/image\/"},"sameAs":["https:\/\/www.facebook.com\/Tajkertesz\/"]}]}},"_links":{"self":[{"href":"https:\/\/tajkertesz.com\/en_US\/wp-json\/wp\/v2\/product\/9333","targetHints":{"allow":["GET"]}}],"collection":[{"href":"https:\/\/tajkertesz.com\/en_US\/wp-json\/wp\/v2\/product"}],"about":[{"href":"https:\/\/tajkertesz.com\/en_US\/wp-json\/wp\/v2\/types\/product"}],"wp:featuredmedia":[{"embeddable":true,"href":"https:\/\/tajkertesz.com\/en_US\/wp-json\/wp\/v2\/media\/9336"}],"wp:attachment":[{"href":"https:\/\/tajkertesz.com\/en_US\/wp-json\/wp\/v2\/media?parent=9333"}],"wp:term":[{"taxonomy":"product_brand","embeddable":true,"href":"https:\/\/tajkertesz.com\/en_US\/wp-json\/wp\/v2\/product_brand?post=9333"},{"taxonomy":"product_cat","embeddable":true,"href":"https:\/\/tajkertesz.com\/en_US\/wp-json\/wp\/v2\/product_cat?post=9333"},{"taxonomy":"product_tag","embeddable":true,"href":"https:\/\/tajkertesz.com\/en_US\/wp-json\/wp\/v2\/product_tag?post=9333"}],"curies":[{"name":"wp","href":"https:\/\/api.w.org\/{rel}","templated":true}]}}