{"id":9337,"date":"2021-09-20T09:17:35","date_gmt":"2021-09-20T09:17:35","guid":{"rendered":"https:\/\/tajkertesz.com\/?post_type=product&#038;p=9337"},"modified":"2026-02-26T09:19:17","modified_gmt":"2026-02-26T09:19:17","slug":"eco-logic-hunter-6-zonas-belteri-vezerlo-automata","status":"publish","type":"product","link":"https:\/\/tajkertesz.com\/en_US\/product\/eco-logic-hunter-6-zonas-belteri-vezerlo-automata\/","title":{"rendered":"ECO-LOGIC Hunter 6 z\u00f3n\u00e1s belt\u00e9ri vez\u00e9rl\u0151 automata"},"content":{"rendered":"<h1 class=\"title\">ECO-LOGIC Hunter 6 z\u00f3n\u00e1s vez\u00e9rl\u0151 automata<\/h1>\n<p class=\"title\">ECO-LOGIC Hunter 6 z\u00f3n\u00e1s vez\u00e9rl\u0151 automata<\/p>\n<h1 class=\"title\"><img loading=\"lazy\" decoding=\"async\" class=\"wp-image-13541 alignright\" src=\"https:\/\/tajkertesz.com\/wp-content\/uploads\/2021\/09\/eco-logic-300x100.jpg\" alt=\"\" width=\"537\" height=\"179\" srcset=\"https:\/\/tajkertesz.com\/wp-content\/uploads\/2021\/09\/eco-logic-300x100.jpg 300w, https:\/\/tajkertesz.com\/wp-content\/uploads\/2021\/09\/eco-logic-1024x341.jpg 1024w, https:\/\/tajkertesz.com\/wp-content\/uploads\/2021\/09\/eco-logic-768x256.jpg 768w, https:\/\/tajkertesz.com\/wp-content\/uploads\/2021\/09\/eco-logic-18x6.jpg 18w, https:\/\/tajkertesz.com\/wp-content\/uploads\/2021\/09\/eco-logic-600x200.jpg 600w, https:\/\/tajkertesz.com\/wp-content\/uploads\/2021\/09\/eco-logic-64x21.jpg 64w, https:\/\/tajkertesz.com\/wp-content\/uploads\/2021\/09\/eco-logic.jpg 1050w\" sizes=\"(max-width: 537px) 100vw, 537px\" \/><\/h1>\n<ul>\n<li>z\u00f3nasz\u00e1m: 6<\/li>\n<li>elhelyez\u00e9s: belt\u00e9rben<\/li>\n<li>es\u0151\u00e9rz\u00e9kel\u0151\u00a0bek\u00f6thet\u0151<\/li>\n<li>3 program, 3\u00d74 startid\u0151<\/li>\n<\/ul>\n<div id=\"fulltext\">\n<p>A Hunter ECO-Logic 6-z\u00f3n\u00e1s \u00f6nt\u00f6z\u00e9svez\u00e9rl\u0151 a h\u00e1z k\u00f6r\u00fcli kertek legolcs\u00f3bb vez\u00e9rl\u0151je.<\/p>\n<p>&nbsp;<\/p>\n<p><strong>Hunter ECO-LOGIC \u00f6nt\u00f6z\u00e9svez\u00e9rl\u0151k\u00a0<\/strong><br \/>\nAz Eco-Logic \u00f6nt\u00f6z\u00e9svez\u00e9rl\u0151 kiz\u00e1r\u00f3lag belt\u00e9ri v\u00e1ltozatban kaphat\u00f3.\u00a0A &#8211; r\u00f6vid\u00edtett nev\u00e9n ELC &#8211; vez\u00e9rl\u0151t h\u00e1romf\u00e9le be\u00e1ll\u00edt\u00e1ssal \u00fczemeltethetj\u00fck.<\/p>\n<p><em>Cs\u00f6kkentett \u00fczemm\u00f3dban\u00a0<\/em>a Hunter Eco-Logic 6 \u00f6nt\u00f6z\u00e9svez\u00e9rl\u0151ben 1 program 1 ind\u00edt\u00e1si lehet\u0151s\u00e9ggel \u00e1ll rendelkez\u00e9sre. Ez a be\u00e1ll\u00edt\u00e1s a kertek t\u00falnyom\u00f3 t\u00f6bbs\u00e9g\u00e9n\u00e9l elegend\u0151, a kezel\u00e9s is egyszer\u0171.<\/p>\n<p><em>Norm\u00e1l \u00fczemm\u00f3dban<\/em>\u00a0A \u00e9s B\u00a0program, programonk\u00e9nt 4-4 ind\u00edt\u00e1si id\u0151ponttal \u00e1ll\u00edthat\u00f3 be, \u00edgy maxim\u00e1lisan napi 8 ind\u00edt\u00e1si id\u0151pont lehets\u00e9ges.<\/p>\n<p><em>B\u0151v\u00edtett \u00fczemm\u00f3dban<\/em>\u00a0A, B \u00e9s C program \u00e1ll rendelkez\u00e9sre, programonk\u00e9nt 4-4, \u00f6sszesen napi legfeljebb 12 ind\u00edt\u00e1si id\u0151ponttal.<\/p>\n<p>Az Eco-Logic \u00f6nt\u00f6z\u00e9svez\u00e9rl\u0151n (kikapcsolhat\u00f3)\u00a0<strong>es\u0151\u00e9rz\u00e9kel\u0151-bemenet<\/strong> \u00e9s szivatty\u00fa-\/mesterszelep-ind\u00edt\u00e1s is tal\u00e1lhat\u00f3. Az ELC vez\u00e9rl\u0151 kimenetenk\u00e9nt egy-egy\u00a0 m\u00e1gnesszelep\u00a0vez\u00e9rl\u00e9s\u00e9re k\u00e9pes. \u00c1ramsz\u00fcnet eset\u00e9n az id\u0151 \u00e9s d\u00e1tum be\u00e1ll\u00edt\u00e1sok meg\u0151rz\u00e9s\u00e9hez\u00a0 9 voltos elem\u00a0sz\u00fcks\u00e9ges, az elem k\u00fcl\u00f6n rendelhet\u0151.<\/p>\n<\/div>\n<div id=\"jellemzok\">\n<h3>Param\u00e9terek<\/h3>\n<p>&nbsp;<\/p>\n<p>&#8211; \u00e9vszakokhoz igaz\u00edt\u00e1s (0-150%):\u00a0az \u00f6nt\u00f6z\u00e9s id\u0151tartama igaz\u00edthat\u00f3\u00a0az id\u0151j\u00e1r\u00e1s v\u00e1ltoz\u00e1s\u00e1hoz<\/p>\n<p>&#8211; a 3 k\u00fcl\u00f6nb\u00f6z\u0151 program, legfeljebb 12 ind\u00edt\u00e1ssal\u00a0minden \u00f6nt\u00f6z\u00e9si ig\u00e9nyt lefed<\/p>\n<p>&nbsp;<\/p>\n<p>&#8211; a mikrokapcsol\u00f3s, alap\u00e1llapotban z\u00e1rtes\u0151\u00e9rz\u00e9kel\u0151k bek\u00f6thet\u0151k<\/p>\n<p>&nbsp;<\/p>\n<p>&#8211; az\u00a0\u00f6nt\u00f6z\u00e9si napok szabadon v\u00e1laszthat\u00f3kki: a h\u00e9t tetsz\u0151leges napjai, a napt\u00e1r szerinti p\u00e1ros vagy p\u00e1ratlan napok, vagy a legfeljebb 31-naponk\u00e9nt ism\u00e9tl\u0151d\u0151 ciklusok szerint<\/p>\n<\/div>\n<p>M\u00c9RETEK<\/p>\n<p>&#8211; magass\u00e1g: 13 cm<\/p>\n<p>&#8211; sz\u00e9less\u00e9g: 13 cm<\/p>\n<p>&#8211; m\u00e9lys\u00e9g: 4 cm<\/p>\n<p>VILLAMOS ADATOK<br \/>\n&#8211; transzform\u00e1tor: 230\/24 V~ 600 mA<br \/>\n&#8211; z\u00f3nakimenet: 24 V~ 560 mA<\/p>\n<p>&#8211; mesterszelep-kimenet: 24 V~ 560 mA<br \/>\n&#8211; elektronikus r\u00f6vidz\u00e1r elleni v\u00e9delem<br \/>\n&#8211; elem: 9 V-os elem (nem tartoz\u00e9k)<\/p>\n<p>M\u0170SZAKI ADATOK<br \/>\n&#8211; 3\u00a0k\u00fcl\u00f6nb\u00f6z\u0151 program: A, B, C<br \/>\n&#8211; ind\u00edt\u00e1si id\u0151pontok: max. 12\/nap<br \/>\n&#8211; egy z\u00f3na \u00f6nt\u00f6z\u00e9si id\u0151tartama: 0 perct\u0151l 4 \u00f3r\u00e1ig<br \/>\n&#8211; napok be\u00e1ll\u00edt\u00e1sa: a h\u00e9t napjai, p\u00e1ros\/p\u00e1ratlan napok, vagy legfeljebb 31-napos ciklusok<br \/>\n&#8211; egygombos k\u00e9zi ind\u00edt\u00e1s<br \/>\n&#8211; \u00e9vszakokhoz igaz\u00edt\u00e1s: 10 \u00e9s 150% k\u00f6z\u00f6tt, 10%-os l\u00e9p\u00e9sekben<br \/>\n&#8211; napok kiz\u00e1rhat\u00f3k az \u00f6nt\u00f6z\u00e9sb\u0151l<\/p>\n<p>&#8211; tesztprogram a rendszer gyors ellen\u0151rz\u00e9s\u00e9re<\/p>\n<p>&#8211; Quick Check a bek\u00f6t\u00e9si hib\u00e1k felder\u00edt\u00e9s\u00e9re<\/p>\n<div id=\"jellemzok\">\n<p>&#8211; a\u00a0sz\u00fcnetmentes mem\u00f3ria\u00a0h\u00e1l\u00f3zatkimarad\u00e1s eset\u00e9n meg\u0151rzi a pontos id\u0151t, a d\u00e1tumot \u00e9s a programot<\/p>\n<\/div>\n<div id=\"bodyContent\" class=\"mw-body-content\">\n<div id=\"mw-content-text\" class=\"mw-content-ltr\" dir=\"ltr\" lang=\"hu\">\n<div id=\"bodyContent\" class=\"mw-body-content\">\n<div id=\"mw-content-text\" class=\"mw-content-ltr\" dir=\"ltr\" lang=\"hu\">\n<p>Kisz\u00e1ll\u00edt\u00e1s: 200 cm \u00e9s 40 kg is a sz\u00e1ll\u00edt\u00e1s fut\u00e1rszolg\u00e1lattal t\u00f6rt\u00e9nik.<\/p>\n<\/div>\n<\/div>\n<\/div>\n<\/div>\n<p style=\"line-height: 18.0pt; background: white; margin: 0cm 0cm 15.0pt 0cm;\"><b><span style=\"font-family: 'Ubuntu',serif; color: black;\">K\u00e9szlet\u00fcnk napi szinten v\u00e1ltozik, ez\u00e9rt k\u00e9rj\u00fck, \u00e9rdekl\u0151dj\u00f6n szem\u00e9lyesen, telefonon vagy email-en.<br \/>\nA v\u00e1ltoztat\u00e1s jog\u00e1t fenntartjuk!\u00a0<\/span><\/b><\/p>\n<div id=\"bodyContent\" class=\"mw-body-content\">\n<div id=\"mw-content-text\" class=\"mw-content-ltr\" dir=\"ltr\" lang=\"hu\">\n<div id=\"bodyContent\" class=\"mw-body-content\">\n<div id=\"mw-content-text\" class=\"mw-content-ltr\" dir=\"ltr\" lang=\"hu\"><\/div>\n<\/div>\n<\/div>\n<\/div>\n<p><a href=\"https:\/\/tajkertesz.com\/\">https:\/\/tajkertesz.com\/<\/a><\/p>\n<p><a href=\"https:\/\/www.facebook.com\/tajkertesz\">https:\/\/www.facebook.com\/tajkertesz<\/a><\/p>\n<p>&nbsp;<\/p>","protected":false},"excerpt":{"rendered":"<p class=\"title\">ECO-LOGIC Hunter 6 z\u00f3n\u00e1s vez\u00e9rl\u0151 automata<\/p>\n<p>&nbsp;<\/p>","protected":false},"featured_media":9338,"template":"","meta":{"_et_pb_use_builder":"","_et_pb_old_content":"","_et_gb_content_width":""},"product_brand":[],"product_cat":[2613],"product_tag":[3945],"class_list":{"0":"post-9337","1":"product","2":"type-product","3":"status-publish","4":"has-post-thumbnail","6":"product_cat-vezerloegysegek","7":"product_tag-eco-logic-hunter-6-zonas-belteri-vezerlo-automata","9":"first","10":"instock","11":"shipping-taxable","12":"purchasable","13":"product-type-simple"},"yoast_head":"<!-- This site is optimized with the Yoast SEO plugin v27.5 - https:\/\/yoast.com\/product\/yoast-seo-wordpress\/ -->\n<title>ECO-LOGIC Hunter 6 z\u00f3n\u00e1s belt\u00e9ri vez\u00e9rl\u0151 automata - T\u00e1jkert\u00e9sz<\/title>\n<meta name=\"description\" content=\"ECO-LOGIC Hunter 6 z\u00f3n\u00e1s vez\u00e9rl\u0151 automata\" \/>\n<meta name=\"robots\" content=\"index, follow, max-snippet:-1, max-image-preview:large, max-video-preview:-1\" \/>\n<link rel=\"canonical\" href=\"https:\/\/tajkertesz.com\/en_US\/product\/eco-logic-hunter-6-zonas-belteri-vezerlo-automata\/\" \/>\n<meta property=\"og:locale\" content=\"en_US\" \/>\n<meta property=\"og:type\" content=\"article\" \/>\n<meta property=\"og:title\" content=\"ECO-LOGIC Hunter 6 z\u00f3n\u00e1s belt\u00e9ri vez\u00e9rl\u0151 automata - T\u00e1jkert\u00e9sz\" \/>\n<meta property=\"og:description\" content=\"ECO-LOGIC Hunter 6 z\u00f3n\u00e1s vez\u00e9rl\u0151 automata\" \/>\n<meta property=\"og:url\" content=\"https:\/\/tajkertesz.com\/en_US\/product\/eco-logic-hunter-6-zonas-belteri-vezerlo-automata\/\" \/>\n<meta property=\"og:site_name\" content=\"T\u00e1jkert\u00e9sz\" \/>\n<meta property=\"article:publisher\" content=\"https:\/\/www.facebook.com\/Tajkertesz\/\" \/>\n<meta property=\"article:modified_time\" content=\"2026-02-26T09:19:17+00:00\" \/>\n<meta property=\"og:image\" content=\"https:\/\/tajkertesz.com\/wp-content\/uploads\/2021\/09\/hunter_eco-logic_ontozesvezerlo_automata_belteri.jpg\" \/>\n\t<meta property=\"og:image:width\" content=\"347\" \/>\n\t<meta property=\"og:image:height\" content=\"350\" \/>\n\t<meta property=\"og:image:type\" content=\"image\/jpeg\" \/>\n<meta name=\"twitter:card\" content=\"summary_large_image\" \/>\n<meta name=\"twitter:label1\" content=\"Est. reading time\" \/>\n\t<meta name=\"twitter:data1\" content=\"3 minutes\" \/>\n<script type=\"application\/ld+json\" class=\"yoast-schema-graph\">{\"@context\":\"https:\\\/\\\/schema.org\",\"@graph\":[{\"@type\":\"WebPage\",\"@id\":\"https:\\\/\\\/tajkertesz.com\\\/termek\\\/eco-logic-hunter-6-zonas-belteri-vezerlo-automata\\\/\",\"url\":\"https:\\\/\\\/tajkertesz.com\\\/termek\\\/eco-logic-hunter-6-zonas-belteri-vezerlo-automata\\\/\",\"name\":\"ECO-LOGIC Hunter 6 z\u00f3n\u00e1s belt\u00e9ri vez\u00e9rl\u0151 automata - T\u00e1jkert\u00e9sz\",\"isPartOf\":{\"@id\":\"https:\\\/\\\/tajkertesz.com\\\/#website\"},\"primaryImageOfPage\":{\"@id\":\"https:\\\/\\\/tajkertesz.com\\\/termek\\\/eco-logic-hunter-6-zonas-belteri-vezerlo-automata\\\/#primaryimage\"},\"image\":{\"@id\":\"https:\\\/\\\/tajkertesz.com\\\/termek\\\/eco-logic-hunter-6-zonas-belteri-vezerlo-automata\\\/#primaryimage\"},\"thumbnailUrl\":\"https:\\\/\\\/tajkertesz.com\\\/wp-content\\\/uploads\\\/2021\\\/09\\\/hunter_eco-logic_ontozesvezerlo_automata_belteri.jpg\",\"datePublished\":\"2021-09-20T09:17:35+00:00\",\"dateModified\":\"2026-02-26T09:19:17+00:00\",\"description\":\"ECO-LOGIC Hunter 6 z\u00f3n\u00e1s vez\u00e9rl\u0151 automata\",\"breadcrumb\":{\"@id\":\"https:\\\/\\\/tajkertesz.com\\\/termek\\\/eco-logic-hunter-6-zonas-belteri-vezerlo-automata\\\/#breadcrumb\"},\"inLanguage\":\"en-US\",\"potentialAction\":[{\"@type\":\"ReadAction\",\"target\":[\"https:\\\/\\\/tajkertesz.com\\\/termek\\\/eco-logic-hunter-6-zonas-belteri-vezerlo-automata\\\/\"]}]},{\"@type\":\"ImageObject\",\"inLanguage\":\"en-US\",\"@id\":\"https:\\\/\\\/tajkertesz.com\\\/termek\\\/eco-logic-hunter-6-zonas-belteri-vezerlo-automata\\\/#primaryimage\",\"url\":\"https:\\\/\\\/tajkertesz.com\\\/wp-content\\\/uploads\\\/2021\\\/09\\\/hunter_eco-logic_ontozesvezerlo_automata_belteri.jpg\",\"contentUrl\":\"https:\\\/\\\/tajkertesz.com\\\/wp-content\\\/uploads\\\/2021\\\/09\\\/hunter_eco-logic_ontozesvezerlo_automata_belteri.jpg\",\"width\":347,\"height\":350},{\"@type\":\"BreadcrumbList\",\"@id\":\"https:\\\/\\\/tajkertesz.com\\\/termek\\\/eco-logic-hunter-6-zonas-belteri-vezerlo-automata\\\/#breadcrumb\",\"itemListElement\":[{\"@type\":\"ListItem\",\"position\":1,\"name\":\"Home\",\"item\":\"https:\\\/\\\/tajkertesz.com\\\/\"},{\"@type\":\"ListItem\",\"position\":2,\"name\":\"Kezd\u0151lap\",\"item\":\"https:\\\/\\\/tajkertesz.com\\\/\"},{\"@type\":\"ListItem\",\"position\":3,\"name\":\"ECO-LOGIC Hunter 6 z\u00f3n\u00e1s belt\u00e9ri vez\u00e9rl\u0151 automata\"}]},{\"@type\":\"WebSite\",\"@id\":\"https:\\\/\\\/tajkertesz.com\\\/#website\",\"url\":\"https:\\\/\\\/tajkertesz.com\\\/\",\"name\":\"T\u00e1j-Kert\u00e9sz 84 Kft.\",\"description\":\"Kert\u00e9szeti kis- \u00e9s nagykeresked\u00e9s, D\u00edszn\u00f6v\u00e9ny web\u00e1ruh\u00e1z orsz\u00e1gos h\u00e1zhozsz\u00e1ll\u00edt\u00e1ssal!\",\"publisher\":{\"@id\":\"https:\\\/\\\/tajkertesz.com\\\/#organization\"},\"potentialAction\":[{\"@type\":\"SearchAction\",\"target\":{\"@type\":\"EntryPoint\",\"urlTemplate\":\"https:\\\/\\\/tajkertesz.com\\\/?s={search_term_string}\"},\"query-input\":{\"@type\":\"PropertyValueSpecification\",\"valueRequired\":true,\"valueName\":\"search_term_string\"}}],\"inLanguage\":\"en-US\"},{\"@type\":\"Organization\",\"@id\":\"https:\\\/\\\/tajkertesz.com\\\/#organization\",\"name\":\"T\u00e1j-Kert\u00e9sz 84 Kft.\",\"url\":\"https:\\\/\\\/tajkertesz.com\\\/\",\"logo\":{\"@type\":\"ImageObject\",\"inLanguage\":\"en-US\",\"@id\":\"https:\\\/\\\/tajkertesz.com\\\/#\\\/schema\\\/logo\\\/image\\\/\",\"url\":\"https:\\\/\\\/tajkertesz.com\\\/wp-content\\\/uploads\\\/2018\\\/02\\\/logo-2-e1518678052539.png\",\"contentUrl\":\"https:\\\/\\\/tajkertesz.com\\\/wp-content\\\/uploads\\\/2018\\\/02\\\/logo-2-e1518678052539.png\",\"width\":81,\"height\":140,\"caption\":\"T\u00e1j-Kert\u00e9sz 84 Kft.\"},\"image\":{\"@id\":\"https:\\\/\\\/tajkertesz.com\\\/#\\\/schema\\\/logo\\\/image\\\/\"},\"sameAs\":[\"https:\\\/\\\/www.facebook.com\\\/Tajkertesz\\\/\"]}]}<\/script>\n<!-- \/ Yoast SEO plugin. -->","yoast_head_json":{"title":"ECO-LOGIC Hunter 6 z\u00f3n\u00e1s belt\u00e9ri vez\u00e9rl\u0151 automata - T\u00e1jkert\u00e9sz","description":"ECO-LOGIC Hunter 6 z\u00f3n\u00e1s vez\u00e9rl\u0151 automata","robots":{"index":"index","follow":"follow","max-snippet":"max-snippet:-1","max-image-preview":"max-image-preview:large","max-video-preview":"max-video-preview:-1"},"canonical":"https:\/\/tajkertesz.com\/en_US\/product\/eco-logic-hunter-6-zonas-belteri-vezerlo-automata\/","og_locale":"en_US","og_type":"article","og_title":"ECO-LOGIC Hunter 6 z\u00f3n\u00e1s belt\u00e9ri vez\u00e9rl\u0151 automata - T\u00e1jkert\u00e9sz","og_description":"ECO-LOGIC Hunter 6 z\u00f3n\u00e1s vez\u00e9rl\u0151 automata","og_url":"https:\/\/tajkertesz.com\/en_US\/product\/eco-logic-hunter-6-zonas-belteri-vezerlo-automata\/","og_site_name":"T\u00e1jkert\u00e9sz","article_publisher":"https:\/\/www.facebook.com\/Tajkertesz\/","article_modified_time":"2026-02-26T09:19:17+00:00","og_image":[{"width":347,"height":350,"url":"https:\/\/tajkertesz.com\/wp-content\/uploads\/2021\/09\/hunter_eco-logic_ontozesvezerlo_automata_belteri.jpg","type":"image\/jpeg"}],"twitter_card":"summary_large_image","twitter_misc":{"Est. reading time":"3 minutes"},"schema":{"@context":"https:\/\/schema.org","@graph":[{"@type":"WebPage","@id":"https:\/\/tajkertesz.com\/termek\/eco-logic-hunter-6-zonas-belteri-vezerlo-automata\/","url":"https:\/\/tajkertesz.com\/termek\/eco-logic-hunter-6-zonas-belteri-vezerlo-automata\/","name":"ECO-LOGIC Hunter 6 z\u00f3n\u00e1s belt\u00e9ri vez\u00e9rl\u0151 automata - T\u00e1jkert\u00e9sz","isPartOf":{"@id":"https:\/\/tajkertesz.com\/#website"},"primaryImageOfPage":{"@id":"https:\/\/tajkertesz.com\/termek\/eco-logic-hunter-6-zonas-belteri-vezerlo-automata\/#primaryimage"},"image":{"@id":"https:\/\/tajkertesz.com\/termek\/eco-logic-hunter-6-zonas-belteri-vezerlo-automata\/#primaryimage"},"thumbnailUrl":"https:\/\/tajkertesz.com\/wp-content\/uploads\/2021\/09\/hunter_eco-logic_ontozesvezerlo_automata_belteri.jpg","datePublished":"2021-09-20T09:17:35+00:00","dateModified":"2026-02-26T09:19:17+00:00","description":"ECO-LOGIC Hunter 6 z\u00f3n\u00e1s vez\u00e9rl\u0151 automata","breadcrumb":{"@id":"https:\/\/tajkertesz.com\/termek\/eco-logic-hunter-6-zonas-belteri-vezerlo-automata\/#breadcrumb"},"inLanguage":"en-US","potentialAction":[{"@type":"ReadAction","target":["https:\/\/tajkertesz.com\/termek\/eco-logic-hunter-6-zonas-belteri-vezerlo-automata\/"]}]},{"@type":"ImageObject","inLanguage":"en-US","@id":"https:\/\/tajkertesz.com\/termek\/eco-logic-hunter-6-zonas-belteri-vezerlo-automata\/#primaryimage","url":"https:\/\/tajkertesz.com\/wp-content\/uploads\/2021\/09\/hunter_eco-logic_ontozesvezerlo_automata_belteri.jpg","contentUrl":"https:\/\/tajkertesz.com\/wp-content\/uploads\/2021\/09\/hunter_eco-logic_ontozesvezerlo_automata_belteri.jpg","width":347,"height":350},{"@type":"BreadcrumbList","@id":"https:\/\/tajkertesz.com\/termek\/eco-logic-hunter-6-zonas-belteri-vezerlo-automata\/#breadcrumb","itemListElement":[{"@type":"ListItem","position":1,"name":"Home","item":"https:\/\/tajkertesz.com\/"},{"@type":"ListItem","position":2,"name":"Kezd\u0151lap","item":"https:\/\/tajkertesz.com\/"},{"@type":"ListItem","position":3,"name":"ECO-LOGIC Hunter 6 z\u00f3n\u00e1s belt\u00e9ri vez\u00e9rl\u0151 automata"}]},{"@type":"WebSite","@id":"https:\/\/tajkertesz.com\/#website","url":"https:\/\/tajkertesz.com\/","name":"T\u00e1j-Kert\u00e9sz 84 Kft.","description":"Kert\u00e9szeti kis- \u00e9s nagykeresked\u00e9s, D\u00edszn\u00f6v\u00e9ny web\u00e1ruh\u00e1z orsz\u00e1gos h\u00e1zhozsz\u00e1ll\u00edt\u00e1ssal!","publisher":{"@id":"https:\/\/tajkertesz.com\/#organization"},"potentialAction":[{"@type":"SearchAction","target":{"@type":"EntryPoint","urlTemplate":"https:\/\/tajkertesz.com\/?s={search_term_string}"},"query-input":{"@type":"PropertyValueSpecification","valueRequired":true,"valueName":"search_term_string"}}],"inLanguage":"en-US"},{"@type":"Organization","@id":"https:\/\/tajkertesz.com\/#organization","name":"T\u00e1j-Kert\u00e9sz 84 Kft.","url":"https:\/\/tajkertesz.com\/","logo":{"@type":"ImageObject","inLanguage":"en-US","@id":"https:\/\/tajkertesz.com\/#\/schema\/logo\/image\/","url":"https:\/\/tajkertesz.com\/wp-content\/uploads\/2018\/02\/logo-2-e1518678052539.png","contentUrl":"https:\/\/tajkertesz.com\/wp-content\/uploads\/2018\/02\/logo-2-e1518678052539.png","width":81,"height":140,"caption":"T\u00e1j-Kert\u00e9sz 84 Kft."},"image":{"@id":"https:\/\/tajkertesz.com\/#\/schema\/logo\/image\/"},"sameAs":["https:\/\/www.facebook.com\/Tajkertesz\/"]}]}},"_links":{"self":[{"href":"https:\/\/tajkertesz.com\/en_US\/wp-json\/wp\/v2\/product\/9337","targetHints":{"allow":["GET"]}}],"collection":[{"href":"https:\/\/tajkertesz.com\/en_US\/wp-json\/wp\/v2\/product"}],"about":[{"href":"https:\/\/tajkertesz.com\/en_US\/wp-json\/wp\/v2\/types\/product"}],"wp:featuredmedia":[{"embeddable":true,"href":"https:\/\/tajkertesz.com\/en_US\/wp-json\/wp\/v2\/media\/9338"}],"wp:attachment":[{"href":"https:\/\/tajkertesz.com\/en_US\/wp-json\/wp\/v2\/media?parent=9337"}],"wp:term":[{"taxonomy":"product_brand","embeddable":true,"href":"https:\/\/tajkertesz.com\/en_US\/wp-json\/wp\/v2\/product_brand?post=9337"},{"taxonomy":"product_cat","embeddable":true,"href":"https:\/\/tajkertesz.com\/en_US\/wp-json\/wp\/v2\/product_cat?post=9337"},{"taxonomy":"product_tag","embeddable":true,"href":"https:\/\/tajkertesz.com\/en_US\/wp-json\/wp\/v2\/product_tag?post=9337"}],"curies":[{"name":"wp","href":"https:\/\/api.w.org\/{rel}","templated":true}]}}