{"id":9340,"date":"2021-09-20T09:28:14","date_gmt":"2021-09-20T09:28:14","guid":{"rendered":"https:\/\/tajkertesz.com\/?post_type=product&#038;p=9340"},"modified":"2023-07-11T13:26:27","modified_gmt":"2023-07-11T13:26:27","slug":"hunter-solar-sync-sen-idojaraserzekelo-esoerzekelo","status":"publish","type":"product","link":"https:\/\/tajkertesz.com\/en_US\/product\/hunter-solar-sync-sen-idojaraserzekelo-esoerzekelo\/","title":{"rendered":"Hunter Solar Sync SEN id\u0151j\u00e1r\u00e1s\u00e9rz\u00e9kel\u0151"},"content":{"rendered":"<h1 class=\"title\">Hunter Solar Sync SEN id\u0151j\u00e1r\u00e1s\u00e9rz\u00e9kel\u0151<\/h1>\n<p class=\"title\">Hunter Solar Sync SEN id\u0151j\u00e1r\u00e1s\u00e9rz\u00e9kel\u0151<img loading=\"lazy\" decoding=\"async\" class=\"wp-image-13539 alignleft\" src=\"https:\/\/tajkertesz.com\/wp-content\/uploads\/2021\/09\/sensore-impianto-irrigazione-300x300.jpg\" alt=\"\" width=\"274\" height=\"274\" srcset=\"https:\/\/tajkertesz.com\/wp-content\/uploads\/2021\/09\/sensore-impianto-irrigazione-300x300.jpg 300w, https:\/\/tajkertesz.com\/wp-content\/uploads\/2021\/09\/sensore-impianto-irrigazione-150x150.jpg 150w, https:\/\/tajkertesz.com\/wp-content\/uploads\/2021\/09\/sensore-impianto-irrigazione-768x768.jpg 768w, https:\/\/tajkertesz.com\/wp-content\/uploads\/2021\/09\/sensore-impianto-irrigazione-12x12.jpg 12w, https:\/\/tajkertesz.com\/wp-content\/uploads\/2021\/09\/sensore-impianto-irrigazione-380x381.jpg 380w, https:\/\/tajkertesz.com\/wp-content\/uploads\/2021\/09\/sensore-impianto-irrigazione-160x160.jpg 160w, https:\/\/tajkertesz.com\/wp-content\/uploads\/2021\/09\/sensore-impianto-irrigazione-350x350.jpg 350w, https:\/\/tajkertesz.com\/wp-content\/uploads\/2021\/09\/sensore-impianto-irrigazione-265x265.jpg 265w, https:\/\/tajkertesz.com\/wp-content\/uploads\/2021\/09\/sensore-impianto-irrigazione-600x600.jpg 600w, https:\/\/tajkertesz.com\/wp-content\/uploads\/2021\/09\/sensore-impianto-irrigazione-100x100.jpg 100w, https:\/\/tajkertesz.com\/wp-content\/uploads\/2021\/09\/sensore-impianto-irrigazione-64x64.jpg 64w, https:\/\/tajkertesz.com\/wp-content\/uploads\/2021\/09\/sensore-impianto-irrigazione.jpg 1000w\" sizes=\"(max-width: 274px) 100vw, 274px\" \/><\/p>\n<ul>\n<li>&#8211;\u00a0<strong>id\u0151j\u00e1r\u00e1sfigyel\u00e9s<\/strong>\u00a0\u00e9s beavatkoz\u00e1s<\/li>\n<li>&#8211; a\u00a0<strong>val\u00f3di v\u00edztakar\u00e9koss\u00e1g<\/strong>\u00a0eszk\u00f6ze<\/li>\n<li>&#8211;\u00a0az els\u0151\u00a0<strong>megfizethet\u0151 ET-szenzor<\/strong>&#8211;\u00a0<strong>X-CORE,<\/strong>\u00a0<strong>I-CORE<\/strong><strong>,\u00a0ACC\u00a0<\/strong>vez\u00e9rl\u0151kh\u00f6z<\/li>\n<\/ul>\n<div id=\"fulltext\">\n<p><strong>Az id\u0151j\u00e1r\u00e1snak \u00e9s az\u00a0\u00e9vszaknak\u00a0megfelel\u0151en, emberi beavatkoz\u00e1s n\u00e9lk\u00fcl m\u00f3dos\u00edtja az \u00f6nt\u00f6z\u00e9s id\u0151tartam\u00e1t.<\/strong><\/p>\n<p class=\"term\u00e9k_sz\u00f6vegt\u00f6rzs\">Az els\u0151 k\u00f6nnyen haszn\u00e1lhat\u00f3 \u00e9s megfizethet\u0151 val\u00f3di meteorl\u00f3giai \u00e1llom\u00e1s, amely az id\u0151j\u00e1r\u00e1s v\u00e1ltoz\u00e1s\u00e1nak megfelel\u0151en, <em>emberi beavatkoz\u00e1s n\u00e9lk\u00fcl m\u00f3dos\u00edtja az \u00f6nt\u00f6z\u00e9s id\u0151tartam\u00e1t<\/em>. A SOLAR-SYNC k\u00e9t r\u00e9szb\u0151l, az \u00e9rz\u00e9kel\u0151 fej- \u00e9s a kezel\u0151egys\u00e9gb\u0151l \u00e1ll. A SOLAR-SYNC egyszer\u0171s\u00e9ge abban rejlik, hogy nem v\u00e9gez sz\u00e1m\u00edt\u00e1sokat a n\u00f6v\u00e9nyzet t\u00edpus\u00e1ra, a talaj szerkezet\u00e9re \u00e9s a lejt\u00e9sre vonatkoz\u00f3an, mert az alapbe\u00e1ll\u00edt\u00e1sokat nek\u00fcnk kell elv\u00e9gezn\u00fcnk \u00fagy, ahogy most is be\u00e1ll\u00edtjuk a vez\u00e9rl\u0151automat\u00e1kat. Ha z\u00f3n\u00e1r\u00f3l-z\u00f3n\u00e1ra j\u00f3l programoztuk be a vez\u00e9rl\u0151nket &#8211; a j\u00faniusi \u00e1tlag v\u00edzig\u00e9nynek megfelel\u0151en -, akkor a k\u00e9sz\u00fcl\u00e9k az \u00e9vszakokhoz igaz\u00edt\u00e1s sz\u00e1zal\u00e9kos \u00e9rt\u00e9k\u00e9nek m\u00f3dos\u00edt\u00e1s\u00e1val \u201eut\u00e1na megy\u201d az id\u0151j\u00e1r\u00e1s \u00e9s a v\u00edzig\u00e9ny v\u00e1ltoz\u00e1s\u00e1nak. Ezt \u00fagy \u00e9ri el, hogy a SOLAR-SYNC \u00e9rz\u00e9kel\u0151 fej\u00e9ben egy n<em>apsug\u00e1rz\u00e1s-\u00e9rz\u00e9kel\u0151 \u00e9s egy h\u0151m\u00e9r\u0151<\/em>\u00a0tal\u00e1lhat\u00f3. Ebb\u0151l a k\u00e9t adatb\u00f3l sz\u00e1m\u00edthat\u00f3 ki a napi p\u00e1rolg\u00e1s m\u00e9rt\u00e9ke. Ha esik az es\u0151, akkor a SOLAR-SYNC es\u0151\u00e9rz\u00e9kel\u0151je egyszer\u0171en le\u00e1ll\u00edtja az \u00f6nt\u00f6z\u00e9st \u00e9s annak kisz\u00e1rad\u00e1s\u00e1ig felf\u00fcggeszt minden tov\u00e1bbi m\u0171k\u00f6d\u00e9st.<\/p>\n<p class=\"term\u00e9k_sz\u00f6vegt\u00f6rzs\">A SOLAR-SYNC programoz\u00e1sa nagyon egyszer\u0171, a vez\u00e9rl\u0151 SOLAR-SYNC men\u00fcpontj\u00e1ban a k\u00f6vetkez\u0151ket kell be\u00e1ll\u00edtani: a r\u00e9gi\u00f3k\u00f3dot, azaz, hogy haz\u00e1nk melyik id\u0151j\u00e1r\u00e1si \u00f6vbe tartozik (2. r\u00e9gi\u00f3) \u00e9s egy korrig\u00e1l\u00f3 t\u00e9nyez\u0151t, amellyel a r\u00e9gi\u00f3n bel\u00fcl elv\u00e9gezhetj\u00fck a be\u00e1ll\u00edt\u00e1s finomhangol\u00e1s\u00e1t.<\/p>\n<p class=\"term\u00e9k_sz\u00f6vegt\u00f6rzs\">A SOLAR-SYNC a Hunter ECO-LOGIC, SRC \u00e9s r\u00e9gi XC vez\u00e9rl\u0151kkel nem haszn\u00e1lhat\u00f3.\u00a0 A SOLAR-SYNC-et mag\u00e1nkertek, lak\u00f3parkok, k\u00f6zter\u00fcletek \u00e9s sportp\u00e1ly\u00e1k \u00f6nt\u00f6z\u0151rendszer\u00e9nek vez\u00e9rl\u00e9s\u00e9hez javasoljuk.<\/p>\n<p class=\"term\u00e9k_sz\u00f6vegc\u00edm\">A Hunter\u00a0<strong>X-CORE,<\/strong>\u00a0<strong>I-CORE\u00a0<\/strong>\u00e9s<strong>\u00a0ACC<\/strong>\u00a0vez\u00e9rl\u0151it m\u00e1r gy\u00e1rilag integr\u00e1lt SOLAR-SYNC modullal sz\u00e1ll\u00edtjuk, \u00edgy elegend\u0151 a SOLAR-SYNC \u00e9rz\u00e9kel\u0151 r\u00e9sz\u00e9vel kieg\u00e9sz\u00edteni, \u00edgy igaz\u00e1n attrakt\u00edv \u00e1ron juthatunk egy igazi kis meteorol\u00f3giai \u00e1llom\u00e1ssal felszerelt \u00f6nt\u00f6z\u00e9svez\u00e9rl\u0151 automatik\u00e1hoz.<\/p>\n<\/div>\n<div id=\"jellemzok\">\n<h3><strong>A Hunter egyed\u00fcl\u00e1ll\u00f3 meterol\u00f3giai \u00e1llom\u00e1sa<\/strong><br \/>\nNem kell a v\u00edznek \u00f6sszegy\u0171lnie ahhoz, hogy kikapcsoljon.<img loading=\"lazy\" decoding=\"async\" class=\"wp-image-13540 alignright\" src=\"https:\/\/tajkertesz.com\/wp-content\/uploads\/2021\/09\/wireless_solar_sync-288x300.jpg\" alt=\"\" width=\"479\" height=\"499\" srcset=\"https:\/\/tajkertesz.com\/wp-content\/uploads\/2021\/09\/wireless_solar_sync-288x300.jpg 288w, https:\/\/tajkertesz.com\/wp-content\/uploads\/2021\/09\/wireless_solar_sync-12x12.jpg 12w, https:\/\/tajkertesz.com\/wp-content\/uploads\/2021\/09\/wireless_solar_sync-600x625.jpg 600w, https:\/\/tajkertesz.com\/wp-content\/uploads\/2021\/09\/wireless_solar_sync-64x67.jpg 64w, https:\/\/tajkertesz.com\/wp-content\/uploads\/2021\/09\/wireless_solar_sync.jpg 700w\" sizes=\"(max-width: 479px) 100vw, 479px\" \/><\/h3>\n<p>&nbsp;<\/p>\n<p><strong>Automatikus \u00e9vszakhoz igaz\u00edt\u00e1s<br \/>\n<\/strong>Az \u00e9rz\u00e9kel\u0151 jelz\u00e9se alapj\u00e1n automatikus az \u00e9vszakhoz igaz\u00edt\u00e1s (100%-ban).<\/p>\n<p>&nbsp;<\/p>\n<p><strong>\u00c9rz\u00e9keli a es\u0151t \u00e9s a h\u0151m\u00e9rs\u00e9kletet<br \/>\n<\/strong>Csapad\u00e9k\u00a0vagy a h\u0151m\u00e9rs\u00e9klet fagypont al\u00e1 cs\u00f6kken\u00e9se eset\u00e9n\u00a0automatikusan le\u00e1ll\u00edtja az \u00f6nt\u00f6z\u00e9st.<\/p>\n<p>&nbsp;<\/p>\n<p><strong>V\u00e1ltozatos m\u00f3don szerelhet\u0151 f\u00f6l<\/strong><br \/>\nAz \u00f6nt\u00f6z\u00e9s hely\u00e9t\u0151l f\u00fcgg\u0151en t\u00f6bbf\u00e9le lehet\u0151s\u00e9g v\u00e1laszthat\u00f3: es\u0151csatorna, fal vagy ker\u00edt\u00e9s.<\/p>\n<p>&nbsp;<\/p>\n<p><strong>Be\u00e1ll\u00edthat\u00f3 az optim\u00e1lis kisz\u00e1rad\u00e1si id\u0151<\/strong><br \/>\nAz \u00f6nt\u00f6z\u00e9s \u00fajraind\u00edt\u00e1s\u00e1t a k\u00fcl\u00f6nb\u00f6z\u0151 csapad\u00e9kmennyis\u00e9gekhez igaz\u00edtja<\/p>\n<p>&nbsp;<\/p>\n<p><strong>Karbantart\u00e1st nem k\u00edv\u00e1n\u00f3, szabadalmaztatott \u00e9rz\u00e9kel\u0151mechanizmus<\/strong><br \/>\nCsak fel kell szerelni \u00e9s elfelejteni.<\/p>\n<p>&nbsp;<\/p>\n<p><strong>Tartalmaz\u00a012 m k\u00e9teres vezet\u00e9ket<\/strong><br \/>\nEgyszer\u0171en be lehet k\u00f6tni; sz\u00fcks\u00e9g eset\u00e9n 60 m-ig toldhat\u00f3.<\/p>\n<p>&nbsp;<\/p>\n<p><strong>T\u00cdPUSOK<\/strong><br \/>\nSOLAR-SYNC meterol\u00f3giai \u00e1llom\u00e1s (csak \u00e9rz\u00e9kel\u0151)<\/p>\n<p><strong>M\u00c9RETEK<\/strong><\/p>\n<p>\u00c9rz\u00e9kel\u0151, r\u00f6gz\u00edt\u0151karral<\/p>\n<p>&#8211; magass\u00e1g: 7,6 cm<\/p>\n<p>&#8211; hossz\u00fas\u00e1g: 22 cm<\/p>\n<p>&#8211; sz\u00e9less\u00e9g: 2,5 cm<\/p>\n<p><strong>M\u0170SZAKI ADATOK<\/strong><\/p>\n<p>&#8211; \u00e9rz\u00e9kel\u0151 maxim\u00e1lis t\u00e1vols\u00e1ga a vez\u00e9rl\u0151t\u0151l:\u00a060 m<\/p>\n<p>&#8211; gy\u00e1ri vezet\u00e9k hossza:\u00a012 m<\/p>\n<p>&#8211; haszn\u00e1lhat\u00f3: X-CORE, I-CORE, ACC vez\u00e9rl\u0151kkel<\/p>\n<\/div>\n<div id=\"bodyContent\" class=\"mw-body-content\">\n<div id=\"mw-content-text\" class=\"mw-content-ltr\" dir=\"ltr\" lang=\"hu\">\n<div id=\"bodyContent\" class=\"mw-body-content\">\n<div id=\"mw-content-text\" class=\"mw-content-ltr\" dir=\"ltr\" lang=\"hu\">\n<p><b><span style=\"font-family: 'Ubuntu',serif; color: black;\"><br \/>\nK\u00e9szlet\u00fcnk napi szinten v\u00e1ltozik, ez\u00e9rt k\u00e9rj\u00fck, \u00e9rdekl\u0151dj\u00f6n szem\u00e9lyesen, telefonon vagy email-en.<\/span><\/b>Kisz\u00e1ll\u00edt\u00e1s: 200 cm \u00e9s 40 kg is a sz\u00e1ll\u00edt\u00e1s fut\u00e1rszolg\u00e1lattal t\u00f6rt\u00e9nik.<\/p>\n<\/div>\n<\/div>\n<\/div>\n<\/div>\n<p style=\"line-height: 18.0pt; background: white; margin: 0cm 0cm 15.0pt 0cm;\"><b><span style=\"font-family: 'Ubuntu',serif; color: black;\">A v\u00e1ltoztat\u00e1s jog\u00e1t fenntartjuk!\u00a0<\/span><\/b><\/p>\n<p><span style=\"color: #ffffff;\">A<\/span><\/p>\n<p><a href=\"https:\/\/tajkertesz.com\/\">https:\/\/tajkertesz.com\/<\/a><\/p>\n<p><a href=\"https:\/\/www.facebook.com\/tajkertesz\">https:\/\/www.facebook.com\/tajkertesz<\/a><\/p>\n<p>&nbsp;<\/p>","protected":false},"excerpt":{"rendered":"<h1 class=\"title\">Hunter Solar Sync SEN id\u0151j\u00e1r\u00e1s\u00e9rz\u00e9kel\u0151<\/h1>\n<p>&nbsp;<\/p>","protected":false},"featured_media":9341,"template":"","meta":{"_et_pb_use_builder":"","_et_pb_old_content":"","_et_gb_content_width":""},"product_brand":[],"product_cat":[2614],"product_tag":[2721],"class_list":{"0":"post-9340","1":"product","2":"type-product","3":"status-publish","4":"has-post-thumbnail","6":"product_cat-esoerzekelok","7":"product_tag-hunter-solar-sync-sen-idojaraserzekelo","9":"first","10":"instock","11":"shipping-taxable","12":"purchasable","13":"product-type-simple"},"yoast_head":"<!-- This site is optimized with the Yoast SEO plugin v27.4 - https:\/\/yoast.com\/product\/yoast-seo-wordpress\/ -->\n<title>Hunter Solar Sync SEN id\u0151j\u00e1r\u00e1s\u00e9rz\u00e9kel\u0151 - T\u00e1jkert\u00e9sz<\/title>\n<meta name=\"description\" content=\"Hunter Solar Sync SEN id\u0151j\u00e1r\u00e1s\u00e9rz\u00e9kel\u0151. Az els\u0151 k\u00f6nnyen haszn\u00e1lhat\u00f3 \u00e9s megfizethet\u0151 val\u00f3di meteorl\u00f3giai \u00e1llom\u00e1s, emberi beavatkoz\u00e1s n\u00e9lk\u00fcl m\u00f3dos\u00edtja az \u00f6nt\u00f6z\u00e9s id\u0151tartam\u00e1t.\" \/>\n<meta name=\"robots\" content=\"index, follow, max-snippet:-1, max-image-preview:large, max-video-preview:-1\" \/>\n<link rel=\"canonical\" href=\"https:\/\/tajkertesz.com\/en_US\/product\/hunter-solar-sync-sen-idojaraserzekelo-esoerzekelo\/\" \/>\n<meta property=\"og:locale\" content=\"en_US\" \/>\n<meta property=\"og:type\" content=\"article\" \/>\n<meta property=\"og:title\" content=\"Hunter Solar Sync SEN id\u0151j\u00e1r\u00e1s\u00e9rz\u00e9kel\u0151 - T\u00e1jkert\u00e9sz\" \/>\n<meta property=\"og:description\" content=\"Hunter Solar Sync SEN id\u0151j\u00e1r\u00e1s\u00e9rz\u00e9kel\u0151. Az els\u0151 k\u00f6nnyen haszn\u00e1lhat\u00f3 \u00e9s megfizethet\u0151 val\u00f3di meteorl\u00f3giai \u00e1llom\u00e1s, emberi beavatkoz\u00e1s n\u00e9lk\u00fcl m\u00f3dos\u00edtja az \u00f6nt\u00f6z\u00e9s id\u0151tartam\u00e1t.\" \/>\n<meta property=\"og:url\" content=\"https:\/\/tajkertesz.com\/en_US\/product\/hunter-solar-sync-sen-idojaraserzekelo-esoerzekelo\/\" \/>\n<meta property=\"og:site_name\" content=\"T\u00e1jkert\u00e9sz\" \/>\n<meta property=\"article:publisher\" content=\"https:\/\/www.facebook.com\/Tajkertesz\/\" \/>\n<meta property=\"article:modified_time\" content=\"2023-07-11T13:26:27+00:00\" \/>\n<meta property=\"og:image\" content=\"https:\/\/tajkertesz.com\/wp-content\/uploads\/2021\/09\/solar_sync_idojaraserzekelo_x-core_automatikakhoz_hunter.jpg\" \/>\n\t<meta property=\"og:image:width\" content=\"655\" \/>\n\t<meta property=\"og:image:height\" content=\"273\" \/>\n\t<meta property=\"og:image:type\" content=\"image\/jpeg\" \/>\n<meta name=\"twitter:card\" content=\"summary_large_image\" \/>\n<meta name=\"twitter:label1\" content=\"Est. reading time\" \/>\n\t<meta name=\"twitter:data1\" content=\"3 minutes\" \/>\n<script type=\"application\/ld+json\" class=\"yoast-schema-graph\">{\"@context\":\"https:\\\/\\\/schema.org\",\"@graph\":[{\"@type\":\"WebPage\",\"@id\":\"https:\\\/\\\/tajkertesz.com\\\/termek\\\/hunter-solar-sync-sen-idojaraserzekelo-esoerzekelo\\\/\",\"url\":\"https:\\\/\\\/tajkertesz.com\\\/termek\\\/hunter-solar-sync-sen-idojaraserzekelo-esoerzekelo\\\/\",\"name\":\"Hunter Solar Sync SEN id\u0151j\u00e1r\u00e1s\u00e9rz\u00e9kel\u0151 - T\u00e1jkert\u00e9sz\",\"isPartOf\":{\"@id\":\"https:\\\/\\\/tajkertesz.com\\\/#website\"},\"primaryImageOfPage\":{\"@id\":\"https:\\\/\\\/tajkertesz.com\\\/termek\\\/hunter-solar-sync-sen-idojaraserzekelo-esoerzekelo\\\/#primaryimage\"},\"image\":{\"@id\":\"https:\\\/\\\/tajkertesz.com\\\/termek\\\/hunter-solar-sync-sen-idojaraserzekelo-esoerzekelo\\\/#primaryimage\"},\"thumbnailUrl\":\"https:\\\/\\\/tajkertesz.com\\\/wp-content\\\/uploads\\\/2021\\\/09\\\/solar_sync_idojaraserzekelo_x-core_automatikakhoz_hunter.jpg\",\"datePublished\":\"2021-09-20T09:28:14+00:00\",\"dateModified\":\"2023-07-11T13:26:27+00:00\",\"description\":\"Hunter Solar Sync SEN id\u0151j\u00e1r\u00e1s\u00e9rz\u00e9kel\u0151. Az els\u0151 k\u00f6nnyen haszn\u00e1lhat\u00f3 \u00e9s megfizethet\u0151 val\u00f3di meteorl\u00f3giai \u00e1llom\u00e1s, emberi beavatkoz\u00e1s n\u00e9lk\u00fcl m\u00f3dos\u00edtja az \u00f6nt\u00f6z\u00e9s id\u0151tartam\u00e1t.\",\"breadcrumb\":{\"@id\":\"https:\\\/\\\/tajkertesz.com\\\/termek\\\/hunter-solar-sync-sen-idojaraserzekelo-esoerzekelo\\\/#breadcrumb\"},\"inLanguage\":\"en-US\",\"potentialAction\":[{\"@type\":\"ReadAction\",\"target\":[\"https:\\\/\\\/tajkertesz.com\\\/termek\\\/hunter-solar-sync-sen-idojaraserzekelo-esoerzekelo\\\/\"]}]},{\"@type\":\"ImageObject\",\"inLanguage\":\"en-US\",\"@id\":\"https:\\\/\\\/tajkertesz.com\\\/termek\\\/hunter-solar-sync-sen-idojaraserzekelo-esoerzekelo\\\/#primaryimage\",\"url\":\"https:\\\/\\\/tajkertesz.com\\\/wp-content\\\/uploads\\\/2021\\\/09\\\/solar_sync_idojaraserzekelo_x-core_automatikakhoz_hunter.jpg\",\"contentUrl\":\"https:\\\/\\\/tajkertesz.com\\\/wp-content\\\/uploads\\\/2021\\\/09\\\/solar_sync_idojaraserzekelo_x-core_automatikakhoz_hunter.jpg\",\"width\":655,\"height\":273},{\"@type\":\"BreadcrumbList\",\"@id\":\"https:\\\/\\\/tajkertesz.com\\\/termek\\\/hunter-solar-sync-sen-idojaraserzekelo-esoerzekelo\\\/#breadcrumb\",\"itemListElement\":[{\"@type\":\"ListItem\",\"position\":1,\"name\":\"Home\",\"item\":\"https:\\\/\\\/tajkertesz.com\\\/\"},{\"@type\":\"ListItem\",\"position\":2,\"name\":\"Kezd\u0151lap\",\"item\":\"https:\\\/\\\/tajkertesz.com\\\/\"},{\"@type\":\"ListItem\",\"position\":3,\"name\":\"Hunter Solar Sync SEN id\u0151j\u00e1r\u00e1s\u00e9rz\u00e9kel\u0151\"}]},{\"@type\":\"WebSite\",\"@id\":\"https:\\\/\\\/tajkertesz.com\\\/#website\",\"url\":\"https:\\\/\\\/tajkertesz.com\\\/\",\"name\":\"T\u00e1j-Kert\u00e9sz 84 Kft.\",\"description\":\"Kert\u00e9szeti kis- \u00e9s nagykeresked\u00e9s, D\u00edszn\u00f6v\u00e9ny web\u00e1ruh\u00e1z orsz\u00e1gos h\u00e1zhozsz\u00e1ll\u00edt\u00e1ssal!\",\"publisher\":{\"@id\":\"https:\\\/\\\/tajkertesz.com\\\/#organization\"},\"potentialAction\":[{\"@type\":\"SearchAction\",\"target\":{\"@type\":\"EntryPoint\",\"urlTemplate\":\"https:\\\/\\\/tajkertesz.com\\\/?s={search_term_string}\"},\"query-input\":{\"@type\":\"PropertyValueSpecification\",\"valueRequired\":true,\"valueName\":\"search_term_string\"}}],\"inLanguage\":\"en-US\"},{\"@type\":\"Organization\",\"@id\":\"https:\\\/\\\/tajkertesz.com\\\/#organization\",\"name\":\"T\u00e1j-Kert\u00e9sz 84 Kft.\",\"url\":\"https:\\\/\\\/tajkertesz.com\\\/\",\"logo\":{\"@type\":\"ImageObject\",\"inLanguage\":\"en-US\",\"@id\":\"https:\\\/\\\/tajkertesz.com\\\/#\\\/schema\\\/logo\\\/image\\\/\",\"url\":\"https:\\\/\\\/tajkertesz.com\\\/wp-content\\\/uploads\\\/2018\\\/02\\\/logo-2-e1518678052539.png\",\"contentUrl\":\"https:\\\/\\\/tajkertesz.com\\\/wp-content\\\/uploads\\\/2018\\\/02\\\/logo-2-e1518678052539.png\",\"width\":81,\"height\":140,\"caption\":\"T\u00e1j-Kert\u00e9sz 84 Kft.\"},\"image\":{\"@id\":\"https:\\\/\\\/tajkertesz.com\\\/#\\\/schema\\\/logo\\\/image\\\/\"},\"sameAs\":[\"https:\\\/\\\/www.facebook.com\\\/Tajkertesz\\\/\"]}]}<\/script>\n<!-- \/ Yoast SEO plugin. -->","yoast_head_json":{"title":"Hunter Solar Sync SEN id\u0151j\u00e1r\u00e1s\u00e9rz\u00e9kel\u0151 - T\u00e1jkert\u00e9sz","description":"Hunter Solar Sync SEN id\u0151j\u00e1r\u00e1s\u00e9rz\u00e9kel\u0151. Az els\u0151 k\u00f6nnyen haszn\u00e1lhat\u00f3 \u00e9s megfizethet\u0151 val\u00f3di meteorl\u00f3giai \u00e1llom\u00e1s, emberi beavatkoz\u00e1s n\u00e9lk\u00fcl m\u00f3dos\u00edtja az \u00f6nt\u00f6z\u00e9s id\u0151tartam\u00e1t.","robots":{"index":"index","follow":"follow","max-snippet":"max-snippet:-1","max-image-preview":"max-image-preview:large","max-video-preview":"max-video-preview:-1"},"canonical":"https:\/\/tajkertesz.com\/en_US\/product\/hunter-solar-sync-sen-idojaraserzekelo-esoerzekelo\/","og_locale":"en_US","og_type":"article","og_title":"Hunter Solar Sync SEN id\u0151j\u00e1r\u00e1s\u00e9rz\u00e9kel\u0151 - T\u00e1jkert\u00e9sz","og_description":"Hunter Solar Sync SEN id\u0151j\u00e1r\u00e1s\u00e9rz\u00e9kel\u0151. Az els\u0151 k\u00f6nnyen haszn\u00e1lhat\u00f3 \u00e9s megfizethet\u0151 val\u00f3di meteorl\u00f3giai \u00e1llom\u00e1s, emberi beavatkoz\u00e1s n\u00e9lk\u00fcl m\u00f3dos\u00edtja az \u00f6nt\u00f6z\u00e9s id\u0151tartam\u00e1t.","og_url":"https:\/\/tajkertesz.com\/en_US\/product\/hunter-solar-sync-sen-idojaraserzekelo-esoerzekelo\/","og_site_name":"T\u00e1jkert\u00e9sz","article_publisher":"https:\/\/www.facebook.com\/Tajkertesz\/","article_modified_time":"2023-07-11T13:26:27+00:00","og_image":[{"width":655,"height":273,"url":"https:\/\/tajkertesz.com\/wp-content\/uploads\/2021\/09\/solar_sync_idojaraserzekelo_x-core_automatikakhoz_hunter.jpg","type":"image\/jpeg"}],"twitter_card":"summary_large_image","twitter_misc":{"Est. reading time":"3 minutes"},"schema":{"@context":"https:\/\/schema.org","@graph":[{"@type":"WebPage","@id":"https:\/\/tajkertesz.com\/termek\/hunter-solar-sync-sen-idojaraserzekelo-esoerzekelo\/","url":"https:\/\/tajkertesz.com\/termek\/hunter-solar-sync-sen-idojaraserzekelo-esoerzekelo\/","name":"Hunter Solar Sync SEN id\u0151j\u00e1r\u00e1s\u00e9rz\u00e9kel\u0151 - T\u00e1jkert\u00e9sz","isPartOf":{"@id":"https:\/\/tajkertesz.com\/#website"},"primaryImageOfPage":{"@id":"https:\/\/tajkertesz.com\/termek\/hunter-solar-sync-sen-idojaraserzekelo-esoerzekelo\/#primaryimage"},"image":{"@id":"https:\/\/tajkertesz.com\/termek\/hunter-solar-sync-sen-idojaraserzekelo-esoerzekelo\/#primaryimage"},"thumbnailUrl":"https:\/\/tajkertesz.com\/wp-content\/uploads\/2021\/09\/solar_sync_idojaraserzekelo_x-core_automatikakhoz_hunter.jpg","datePublished":"2021-09-20T09:28:14+00:00","dateModified":"2023-07-11T13:26:27+00:00","description":"Hunter Solar Sync SEN id\u0151j\u00e1r\u00e1s\u00e9rz\u00e9kel\u0151. Az els\u0151 k\u00f6nnyen haszn\u00e1lhat\u00f3 \u00e9s megfizethet\u0151 val\u00f3di meteorl\u00f3giai \u00e1llom\u00e1s, emberi beavatkoz\u00e1s n\u00e9lk\u00fcl m\u00f3dos\u00edtja az \u00f6nt\u00f6z\u00e9s id\u0151tartam\u00e1t.","breadcrumb":{"@id":"https:\/\/tajkertesz.com\/termek\/hunter-solar-sync-sen-idojaraserzekelo-esoerzekelo\/#breadcrumb"},"inLanguage":"en-US","potentialAction":[{"@type":"ReadAction","target":["https:\/\/tajkertesz.com\/termek\/hunter-solar-sync-sen-idojaraserzekelo-esoerzekelo\/"]}]},{"@type":"ImageObject","inLanguage":"en-US","@id":"https:\/\/tajkertesz.com\/termek\/hunter-solar-sync-sen-idojaraserzekelo-esoerzekelo\/#primaryimage","url":"https:\/\/tajkertesz.com\/wp-content\/uploads\/2021\/09\/solar_sync_idojaraserzekelo_x-core_automatikakhoz_hunter.jpg","contentUrl":"https:\/\/tajkertesz.com\/wp-content\/uploads\/2021\/09\/solar_sync_idojaraserzekelo_x-core_automatikakhoz_hunter.jpg","width":655,"height":273},{"@type":"BreadcrumbList","@id":"https:\/\/tajkertesz.com\/termek\/hunter-solar-sync-sen-idojaraserzekelo-esoerzekelo\/#breadcrumb","itemListElement":[{"@type":"ListItem","position":1,"name":"Home","item":"https:\/\/tajkertesz.com\/"},{"@type":"ListItem","position":2,"name":"Kezd\u0151lap","item":"https:\/\/tajkertesz.com\/"},{"@type":"ListItem","position":3,"name":"Hunter Solar Sync SEN id\u0151j\u00e1r\u00e1s\u00e9rz\u00e9kel\u0151"}]},{"@type":"WebSite","@id":"https:\/\/tajkertesz.com\/#website","url":"https:\/\/tajkertesz.com\/","name":"T\u00e1j-Kert\u00e9sz 84 Kft.","description":"Kert\u00e9szeti kis- \u00e9s nagykeresked\u00e9s, D\u00edszn\u00f6v\u00e9ny web\u00e1ruh\u00e1z orsz\u00e1gos h\u00e1zhozsz\u00e1ll\u00edt\u00e1ssal!","publisher":{"@id":"https:\/\/tajkertesz.com\/#organization"},"potentialAction":[{"@type":"SearchAction","target":{"@type":"EntryPoint","urlTemplate":"https:\/\/tajkertesz.com\/?s={search_term_string}"},"query-input":{"@type":"PropertyValueSpecification","valueRequired":true,"valueName":"search_term_string"}}],"inLanguage":"en-US"},{"@type":"Organization","@id":"https:\/\/tajkertesz.com\/#organization","name":"T\u00e1j-Kert\u00e9sz 84 Kft.","url":"https:\/\/tajkertesz.com\/","logo":{"@type":"ImageObject","inLanguage":"en-US","@id":"https:\/\/tajkertesz.com\/#\/schema\/logo\/image\/","url":"https:\/\/tajkertesz.com\/wp-content\/uploads\/2018\/02\/logo-2-e1518678052539.png","contentUrl":"https:\/\/tajkertesz.com\/wp-content\/uploads\/2018\/02\/logo-2-e1518678052539.png","width":81,"height":140,"caption":"T\u00e1j-Kert\u00e9sz 84 Kft."},"image":{"@id":"https:\/\/tajkertesz.com\/#\/schema\/logo\/image\/"},"sameAs":["https:\/\/www.facebook.com\/Tajkertesz\/"]}]}},"_links":{"self":[{"href":"https:\/\/tajkertesz.com\/en_US\/wp-json\/wp\/v2\/product\/9340","targetHints":{"allow":["GET"]}}],"collection":[{"href":"https:\/\/tajkertesz.com\/en_US\/wp-json\/wp\/v2\/product"}],"about":[{"href":"https:\/\/tajkertesz.com\/en_US\/wp-json\/wp\/v2\/types\/product"}],"wp:featuredmedia":[{"embeddable":true,"href":"https:\/\/tajkertesz.com\/en_US\/wp-json\/wp\/v2\/media\/9341"}],"wp:attachment":[{"href":"https:\/\/tajkertesz.com\/en_US\/wp-json\/wp\/v2\/media?parent=9340"}],"wp:term":[{"taxonomy":"product_brand","embeddable":true,"href":"https:\/\/tajkertesz.com\/en_US\/wp-json\/wp\/v2\/product_brand?post=9340"},{"taxonomy":"product_cat","embeddable":true,"href":"https:\/\/tajkertesz.com\/en_US\/wp-json\/wp\/v2\/product_cat?post=9340"},{"taxonomy":"product_tag","embeddable":true,"href":"https:\/\/tajkertesz.com\/en_US\/wp-json\/wp\/v2\/product_tag?post=9340"}],"curies":[{"name":"wp","href":"https:\/\/api.w.org\/{rel}","templated":true}]}}