{"id":9348,"date":"2021-09-20T09:44:48","date_gmt":"2021-09-20T09:44:48","guid":{"rendered":"https:\/\/tajkertesz.com\/?post_type=product&#038;p=9348"},"modified":"2025-10-24T07:55:41","modified_gmt":"2025-10-24T07:55:41","slug":"hunter-eco-mp-rotator-psu4-szorofej-haz-ontozo-rendszer","status":"publish","type":"product","link":"https:\/\/tajkertesz.com\/en_US\/product\/hunter-eco-mp-rotator-psu4-szorofej-haz-ontozo-rendszer\/","title":{"rendered":"Hunter Eco  Mp Rotator+PSU-4 sz\u00f3r\u00f3fej h\u00e1z 3000  90-210\u00b0"},"content":{"rendered":"<h1 class=\"title\">Hunter Eco Mp Rotator 3000 90-210\u00b0<\/h1>\n<p class=\"title\">Hunter Eco Mp Rotator 3000 90-210\u00b0<img loading=\"lazy\" decoding=\"async\" class=\"wp-image-13533 alignleft\" src=\"https:\/\/tajkertesz.com\/wp-content\/uploads\/2021\/09\/mp-rotator-300x146.jpg\" alt=\"\" width=\"442\" height=\"215\" srcset=\"https:\/\/tajkertesz.com\/wp-content\/uploads\/2021\/09\/mp-rotator-300x146.jpg 300w, https:\/\/tajkertesz.com\/wp-content\/uploads\/2021\/09\/mp-rotator-768x374.jpg 768w, https:\/\/tajkertesz.com\/wp-content\/uploads\/2021\/09\/mp-rotator-18x9.jpg 18w, https:\/\/tajkertesz.com\/wp-content\/uploads\/2021\/09\/mp-rotator-600x292.jpg 600w, https:\/\/tajkertesz.com\/wp-content\/uploads\/2021\/09\/mp-rotator-64x31.jpg 64w, https:\/\/tajkertesz.com\/wp-content\/uploads\/2021\/09\/mp-rotator.jpg 834w\" sizes=\"(max-width: 442px) 100vw, 442px\" \/><\/p>\n<p>A nagy siker\u0171 MP-Rotator 3000 f\u00fav\u00f3ka ( 90-210) \u00e9s a PSU 10cm kiemelked\u00e9s\u0171 sz\u00f3r\u00f3fejh\u00e1z kombin\u00e1ci\u00f3ja. Kialak\u00edt\u00e1s\u00e1nak k\u00f6sz\u00f6nhet\u0151en kiemelked\u0151en egyenletes \u00f6nt\u00f6z\u00e9st biztos\u00edt. Lassabb v\u00edzkijuttat\u00e1s\u00e1nak k\u00f6sz\u00f6nhet\u0151en kiv\u00e1l\u00f3an alkalmazhat\u00f3 r\u00e9zs\u0171s ter\u00fcletek \u00f6nt\u00f6z\u00e9s\u00e9re is<\/p>\n<h3>Jellemz\u0151k<\/h3>\n<ul>\n<li><strong>Egyenletes \u00f6nt\u00f6z\u00e9s<\/strong>: a v\u00e1ltoz\u00f3 kil\u00e9p\u0151sz\u00f6g\u0171 v\u00edzsugaraknak k\u00f6sz\u00f6nhet\u0151en<\/li>\n<li><strong>Egyszer\u0171 sz\u00f6g\u00e1ll\u00edt\u00e1s<\/strong>, a f\u00fav\u00f3ka tetej\u00e9n tal\u00e1lhat\u00f3 ez\u00fcst gy\u0171r\u0171 forgat\u00e1s\u00e1val k\u00f6nnyen be\u00e1ll\u00edthat\u00f3 a k\u00edv\u00e1nt sz\u00f3r\u00e1si sz\u00f6g<\/li>\n<li><strong>Takar\u00e9kos,\u00a0<\/strong>ak\u00e1r 30% v\u00edzmegtakar\u00edt\u00e1s \u00e9rhet\u0151 el<\/li>\n<li><strong>Sz\u00f3r\u00e1si t\u00e1vols\u00e1g:<\/strong>\u00a0a sz\u00f3r\u00e1si sug\u00e1r 25%-kal cs\u00f6kkenthet\u0151<\/li>\n<\/ul>\n<h3>Technikai adatok<\/h3>\n<ul>\n<li>sz\u00f3r\u00e1si sz\u00f6g:\u00a090\u00b0-210\u00b0 k\u00f6z\u00f6tt \u00e1ll\u00edthat\u00f3<\/li>\n<li>\u00f6nt\u00f6z\u00e9si t\u00e1vols\u00e1g: 6,7-9,1 m\u00e9ter<\/li>\n<li>10 cm kiemelked\u00e9s\u0171 PSU sz\u00f3r\u00f3fejh\u00e1zzal<\/li>\n<li>1\/2&#8243; bels\u0151 menetes csatlakoz\u00e1s<\/li>\n<li>m\u0171k\u00f6d\u00e9si nyom\u00e1s: 2 &#8211; 3,75 bar<\/li>\n<\/ul>\n<div id=\"bodyContent\" class=\"mw-body-content\">\n<div id=\"mw-content-text\" class=\"mw-content-ltr\" dir=\"ltr\" lang=\"hu\">\n<div id=\"bodyContent\" class=\"mw-body-content\">\n<div id=\"mw-content-text\" class=\"mw-content-ltr\" dir=\"ltr\" lang=\"hu\"><\/div>\n<\/div>\n<\/div>\n<\/div>\n<p><a href=\"https:\/\/tajkertesz.com\/\">https:\/\/tajkertesz.com\/<\/a><\/p>\n<p><a href=\"https:\/\/www.facebook.com\/tajkertesz\">https:\/\/www.facebook.com\/tajkertesz<\/a><\/p>\n<h4><strong>\ud83d\udd04 K\u00e9szletinform\u00e1ci\u00f3<\/strong><\/h4>\n<p><strong>K\u00e9szlet\u00fcnk napi szinten v\u00e1ltozik, \u00edgy a webshopban szerepl<\/strong><strong>\u0151<\/strong><strong>\u00a0term\u00e9kek el\u00e9rhet<\/strong><strong>\u0151<\/strong><strong>s\u00e9ge nem garant\u00e1lt.<br \/>\n\ud83d\udcde A megrendel\u00e9s el<\/strong><strong>\u0151<\/strong><strong>tt k\u00e9rj\u00fck, \u00e9rdekl<\/strong><strong>\u0151<\/strong><strong>dj\u00f6n szem\u00e9lyesen, telefonon vagy e-mailben!<\/strong><\/p>\n<h4><strong>\u27a1\ufe0f Kapcsolat:<\/strong><\/h4>\n<ul>\n<li><strong>Weboldal:\u00a0<\/strong><a href=\"https:\/\/tajkertesz.com\/\"><strong>tajkertesz.com<\/strong><\/a><\/li>\n<li><strong>Facebook:\u00a0<\/strong><a href=\"https:\/\/www.facebook.com\/tajkertesz\/\"><strong>facebook.com\/tajkertesz<\/strong><\/a><\/li>\n<li><strong>Telefonsz\u00e1m, e-mail: +36\/20-319-3770\u00a0<\/strong><a href=\"mailto:tajkerteszaruda@gmail.com\"><strong>tajkerteszaruda@gmail.com<\/strong><\/a><\/li>\n<\/ul>\n<h4><strong>\ud83d\ude9a Sz\u00e1ll\u00edt\u00e1si inform\u00e1ci\u00f3k<\/strong><\/h4>\n<p><strong>A megrendelt n\u00f6v\u00e9nyek kisz\u00e1ll\u00edt\u00e1sa az al\u00e1bbi felt\u00e9telek mellett t\u00f6rt\u00e9nik:<\/strong><\/p>\n<h4><strong>\ud83d\udce6 Fut\u00e1rszolg\u00e1latos sz\u00e1ll\u00edt\u00e1s<\/strong><\/h4>\n<ul>\n<li><strong>Maxim\u00e1lis m\u00e9ret: 200 cm (hossz\u00fas\u00e1g)<\/strong><\/li>\n<li><strong>Maxim\u00e1lis s\u00faly: 40 kg<\/strong><\/li>\n<li><strong>Az enn\u00e9l kisebb \u00e9s k\u00f6nnyebb csomagokat fut\u00e1rszolg\u00e1lattal k\u00e9zbes\u00edtj\u00fck a lehet<\/strong><strong>\u0151<\/strong><strong>\u00a0legbiztons\u00e1gosabb csomagol\u00e1sban.<\/strong><\/li>\n<\/ul>\n<h4><strong>\ud83d\udefb Szem\u00e9lyes \u00e1tv\u00e9tel<\/strong><\/h4>\n<ul>\n<li><strong>1173 Budapest, Bakancsos utca 7. sz\u00e1m alatt nyitvatart\u00e1si id<\/strong><strong>\u0151<\/strong><strong>ben szem\u00e9lyesen \u00e1tvehet<\/strong><strong>\u0151<\/strong><strong>\u00a0kert\u00e9szeti \u00e1rud\u00e1nkban.<\/strong><\/li>\n<li><strong>K\u00f6lts\u00e9ghat\u00e9kony megold\u00e1s nagyobb, t\u00f6r\u00e9kenyebb vagy t\u00falm\u00e9retes n\u00f6v\u00e9nyek eset\u00e9n.<\/strong><\/li>\n<\/ul>\n<h4><strong>\ud83d\udcde Nagy m\u00e9ret<\/strong><strong>\u0171<\/strong><strong>\u00a0vagy s\u00faly\u00fa n\u00f6v\u00e9nyek eset\u00e9n<\/strong><\/h4>\n<p><strong>Ha a term\u00e9k:<\/strong><\/p>\n<ul>\n<li><strong>meghaladja a 200 cm hossz\u00fas\u00e1got vagy<\/strong><\/li>\n<li><strong>meghaladja a 40 kg s\u00falyt,<\/strong><\/li>\n<\/ul>\n<p><strong>akkor szem\u00e9lyes \u00e1tv\u00e9tellel vagy egyedi, el<\/strong><strong>\u0151<\/strong><strong>re egyeztetett sz\u00e1ll\u00edt\u00e1si felt\u00e9telek mellett t\u00f6rt\u00e9nik.<br \/>\nK\u00e9rj\u00fck, ilyen esetben rendel\u00e9s el<\/strong><strong>\u0151<\/strong><strong>tt vegye fel vel\u00fcnk a kapcsolatot, hogy a lehet<\/strong><strong>\u0151<\/strong><strong>\u00a0legmegfelel<\/strong><strong>\u0151<\/strong><strong>bb sz\u00e1ll\u00edt\u00e1si megold\u00e1st k\u00edn\u00e1lhassuk.<\/strong><\/p>\n<p><strong>\ud83d\udd14 Fontos: A n\u00f6v\u00e9nyeket minden esetben igyeksz\u00fcnk gondosan, egyes\u00e9vel csomagolni, azonban a sz\u00e1ll\u00edt\u00e1s sor\u00e1n kisebb eszt\u00e9tikai s\u00e9r\u00fcl\u00e9sek el<\/strong><strong>\u0151<\/strong><strong>fordulhatnak (pl. lev\u00e9lhull\u00e1s). Ez nem min<\/strong><strong>\u0151<\/strong><strong>s\u00fcl hib\u00e1s teljes\u00edt\u00e9snek.<\/strong><\/p>\n<h4><strong>\ud83d\udcf7 Fontos tudni a k\u00e9pekr<\/strong><strong>\u0151<\/strong><strong>l<\/strong><\/h4>\n<p><strong>A webshopban szerepl<\/strong><strong>\u0151<\/strong><strong>\u00a0k\u00e9pek illusztr\u00e1ci\u00f3k, a n\u00f6v\u00e9nyek term\u00e9szet\u00fckn\u00e9l fogva egyediek, \u00edgy m\u00e9retben, alakban \u00e9s sz\u00ednben minim\u00e1lis elt\u00e9r\u00e9sek el<\/strong><strong>\u0151<\/strong><strong>fordulhatnak a k\u00e9pen l\u00e1that\u00f3 \u00e9s a val\u00f3s p\u00e9ld\u00e1nyok k\u00f6z\u00f6tt.<\/strong><\/p>\n<h4><strong>\ud83e\uddfe \u00c1rak \u00e9s el\u00e1ll\u00e1si jog<\/strong><\/h4>\n<ul>\n<li><strong>Az \u00e1rak egy darab\u00a0n\u00f6v\u00e9nyre vonatkoznak.<\/strong><\/li>\n<li><strong>\u00c9l<\/strong><strong>\u0151<\/strong><strong>\u00a0n\u00f6v\u00e9nyek rendel\u00e9se eset\u00e9n a 14 napos el\u00e1ll\u00e1s joga nem \u00e9rv\u00e9nyes\u00edthet<\/strong><strong>\u0151<\/strong><strong>, mivel azok romland\u00f3, biol\u00f3giailag \u00e9l<\/strong><strong>\u0151<\/strong><strong>\u00a0term\u00e9keknek min<\/strong><strong>\u0151<\/strong><strong>s\u00fclnek.<br \/>\n\ud83d\udd12 (17\/1999. (II. 5.) Korm. rendelet 5. \u00a7 c) pontja alapj\u00e1n)<\/strong><\/li>\n<\/ul>\n<h4><strong>\ud83d\udce6 K\u00e9zbes\u00edt\u00e9s ut\u00e1ni teend<\/strong><strong>\u0151<\/strong><strong>k<\/strong><\/h4>\n<p><strong>A k\u00e9zbes\u00edt\u00e9st k\u00f6vet<\/strong><strong>\u0151<\/strong><strong>en a csomagot azonnal bontsuk ki, \u00e9s a n\u00f6v\u00e9nyt helyezz\u00fck el megfelel<\/strong><strong>\u0151<\/strong><strong>\u00a0k\u00f6rnyezetben.<br \/>\nFontos: ha a n\u00f6v\u00e9ny nem r\u00e9szes\u00fcl megfelel<\/strong><strong>\u0151<\/strong><strong>\u00a0gondoz\u00e1sban \u00e9s ennek k\u00f6vetkezt\u00e9ben k\u00e1rosodik vagy elpusztul, felel<\/strong><strong>\u0151<\/strong><strong>ss\u00e9get nem tudunk v\u00e1llalni.<\/strong><\/p>\n<p>&nbsp;<\/p>","protected":false},"excerpt":{"rendered":"<h1 class=\"title\">Hunter Eco Mp Rotator 3000 90-210\u00b0<\/h1>\n<p>&nbsp;<\/p>","protected":false},"featured_media":9349,"template":"","meta":{"_et_pb_use_builder":"","_et_pb_old_content":"","_et_gb_content_width":""},"product_brand":[],"product_cat":[2617],"product_tag":[3936,3942,3935,3941],"class_list":{"0":"post-9348","1":"product","2":"type-product","3":"status-publish","4":"has-post-thumbnail","6":"product_cat-szorofejek","7":"product_tag-eco","8":"product_tag-haz-3000-90-210","9":"product_tag-hunter","10":"product_tag-mp-rotatorpsu4-szorofej","12":"first","13":"instock","14":"shipping-taxable","15":"purchasable","16":"product-type-simple"},"yoast_head":"<!-- This site is optimized with the Yoast SEO plugin v27.4 - https:\/\/yoast.com\/product\/yoast-seo-wordpress\/ -->\n<title>Hunter Eco Mp Rotator+PSU-4 sz\u00f3r\u00f3fej h\u00e1z 3000 90-210\u00b0 - T\u00e1jkert\u00e9sz<\/title>\n<meta name=\"description\" content=\"Hunter Eco Mp Rotator 3000 90-210\u00b0\" \/>\n<meta name=\"robots\" content=\"index, follow, max-snippet:-1, max-image-preview:large, max-video-preview:-1\" \/>\n<link rel=\"canonical\" href=\"https:\/\/tajkertesz.com\/en_US\/product\/hunter-eco-mp-rotator-psu4-szorofej-haz-ontozo-rendszer\/\" \/>\n<meta property=\"og:locale\" content=\"en_US\" \/>\n<meta property=\"og:type\" content=\"article\" \/>\n<meta property=\"og:title\" content=\"Hunter Eco Mp Rotator+PSU-4 sz\u00f3r\u00f3fej h\u00e1z 3000 90-210\u00b0 - T\u00e1jkert\u00e9sz\" \/>\n<meta property=\"og:description\" content=\"Hunter Eco Mp Rotator 3000 90-210\u00b0\" \/>\n<meta property=\"og:url\" content=\"https:\/\/tajkertesz.com\/en_US\/product\/hunter-eco-mp-rotator-psu4-szorofej-haz-ontozo-rendszer\/\" \/>\n<meta property=\"og:site_name\" content=\"T\u00e1jkert\u00e9sz\" \/>\n<meta property=\"article:publisher\" content=\"https:\/\/www.facebook.com\/Tajkertesz\/\" \/>\n<meta property=\"article:modified_time\" content=\"2025-10-24T07:55:41+00:00\" \/>\n<meta property=\"og:image\" content=\"https:\/\/tajkertesz.com\/wp-content\/uploads\/2021\/09\/hunter-eco-rotator-3000-550x550..jpg\" \/>\n\t<meta property=\"og:image:width\" content=\"550\" \/>\n\t<meta property=\"og:image:height\" content=\"550\" \/>\n\t<meta property=\"og:image:type\" content=\"image\/jpeg\" \/>\n<meta name=\"twitter:card\" content=\"summary_large_image\" \/>\n<meta name=\"twitter:label1\" content=\"Est. reading time\" \/>\n\t<meta name=\"twitter:data1\" content=\"3 minutes\" \/>\n<script type=\"application\/ld+json\" class=\"yoast-schema-graph\">{\"@context\":\"https:\\\/\\\/schema.org\",\"@graph\":[{\"@type\":\"WebPage\",\"@id\":\"https:\\\/\\\/tajkertesz.com\\\/termek\\\/hunter-eco-mp-rotator-psu4-szorofej-haz-ontozo-rendszer\\\/\",\"url\":\"https:\\\/\\\/tajkertesz.com\\\/termek\\\/hunter-eco-mp-rotator-psu4-szorofej-haz-ontozo-rendszer\\\/\",\"name\":\"Hunter Eco Mp Rotator+PSU-4 sz\u00f3r\u00f3fej h\u00e1z 3000 90-210\u00b0 - T\u00e1jkert\u00e9sz\",\"isPartOf\":{\"@id\":\"https:\\\/\\\/tajkertesz.com\\\/#website\"},\"primaryImageOfPage\":{\"@id\":\"https:\\\/\\\/tajkertesz.com\\\/termek\\\/hunter-eco-mp-rotator-psu4-szorofej-haz-ontozo-rendszer\\\/#primaryimage\"},\"image\":{\"@id\":\"https:\\\/\\\/tajkertesz.com\\\/termek\\\/hunter-eco-mp-rotator-psu4-szorofej-haz-ontozo-rendszer\\\/#primaryimage\"},\"thumbnailUrl\":\"https:\\\/\\\/tajkertesz.com\\\/wp-content\\\/uploads\\\/2021\\\/09\\\/hunter-eco-rotator-3000-550x550..jpg\",\"datePublished\":\"2021-09-20T09:44:48+00:00\",\"dateModified\":\"2025-10-24T07:55:41+00:00\",\"description\":\"Hunter Eco Mp Rotator 3000 90-210\u00b0\",\"breadcrumb\":{\"@id\":\"https:\\\/\\\/tajkertesz.com\\\/termek\\\/hunter-eco-mp-rotator-psu4-szorofej-haz-ontozo-rendszer\\\/#breadcrumb\"},\"inLanguage\":\"en-US\",\"potentialAction\":[{\"@type\":\"ReadAction\",\"target\":[\"https:\\\/\\\/tajkertesz.com\\\/termek\\\/hunter-eco-mp-rotator-psu4-szorofej-haz-ontozo-rendszer\\\/\"]}]},{\"@type\":\"ImageObject\",\"inLanguage\":\"en-US\",\"@id\":\"https:\\\/\\\/tajkertesz.com\\\/termek\\\/hunter-eco-mp-rotator-psu4-szorofej-haz-ontozo-rendszer\\\/#primaryimage\",\"url\":\"https:\\\/\\\/tajkertesz.com\\\/wp-content\\\/uploads\\\/2021\\\/09\\\/hunter-eco-rotator-3000-550x550..jpg\",\"contentUrl\":\"https:\\\/\\\/tajkertesz.com\\\/wp-content\\\/uploads\\\/2021\\\/09\\\/hunter-eco-rotator-3000-550x550..jpg\",\"width\":550,\"height\":550},{\"@type\":\"BreadcrumbList\",\"@id\":\"https:\\\/\\\/tajkertesz.com\\\/termek\\\/hunter-eco-mp-rotator-psu4-szorofej-haz-ontozo-rendszer\\\/#breadcrumb\",\"itemListElement\":[{\"@type\":\"ListItem\",\"position\":1,\"name\":\"Home\",\"item\":\"https:\\\/\\\/tajkertesz.com\\\/\"},{\"@type\":\"ListItem\",\"position\":2,\"name\":\"Kezd\u0151lap\",\"item\":\"https:\\\/\\\/tajkertesz.com\\\/\"},{\"@type\":\"ListItem\",\"position\":3,\"name\":\"Hunter Eco Mp Rotator+PSU-4 sz\u00f3r\u00f3fej h\u00e1z 3000 90-210\u00b0\"}]},{\"@type\":\"WebSite\",\"@id\":\"https:\\\/\\\/tajkertesz.com\\\/#website\",\"url\":\"https:\\\/\\\/tajkertesz.com\\\/\",\"name\":\"T\u00e1j-Kert\u00e9sz 84 Kft.\",\"description\":\"Kert\u00e9szeti kis- \u00e9s nagykeresked\u00e9s, D\u00edszn\u00f6v\u00e9ny web\u00e1ruh\u00e1z orsz\u00e1gos h\u00e1zhozsz\u00e1ll\u00edt\u00e1ssal!\",\"publisher\":{\"@id\":\"https:\\\/\\\/tajkertesz.com\\\/#organization\"},\"potentialAction\":[{\"@type\":\"SearchAction\",\"target\":{\"@type\":\"EntryPoint\",\"urlTemplate\":\"https:\\\/\\\/tajkertesz.com\\\/?s={search_term_string}\"},\"query-input\":{\"@type\":\"PropertyValueSpecification\",\"valueRequired\":true,\"valueName\":\"search_term_string\"}}],\"inLanguage\":\"en-US\"},{\"@type\":\"Organization\",\"@id\":\"https:\\\/\\\/tajkertesz.com\\\/#organization\",\"name\":\"T\u00e1j-Kert\u00e9sz 84 Kft.\",\"url\":\"https:\\\/\\\/tajkertesz.com\\\/\",\"logo\":{\"@type\":\"ImageObject\",\"inLanguage\":\"en-US\",\"@id\":\"https:\\\/\\\/tajkertesz.com\\\/#\\\/schema\\\/logo\\\/image\\\/\",\"url\":\"https:\\\/\\\/tajkertesz.com\\\/wp-content\\\/uploads\\\/2018\\\/02\\\/logo-2-e1518678052539.png\",\"contentUrl\":\"https:\\\/\\\/tajkertesz.com\\\/wp-content\\\/uploads\\\/2018\\\/02\\\/logo-2-e1518678052539.png\",\"width\":81,\"height\":140,\"caption\":\"T\u00e1j-Kert\u00e9sz 84 Kft.\"},\"image\":{\"@id\":\"https:\\\/\\\/tajkertesz.com\\\/#\\\/schema\\\/logo\\\/image\\\/\"},\"sameAs\":[\"https:\\\/\\\/www.facebook.com\\\/Tajkertesz\\\/\"]}]}<\/script>\n<!-- \/ Yoast SEO plugin. -->","yoast_head_json":{"title":"Hunter Eco Mp Rotator+PSU-4 sz\u00f3r\u00f3fej h\u00e1z 3000 90-210\u00b0 - T\u00e1jkert\u00e9sz","description":"Hunter Eco Mp Rotator 3000 90-210\u00b0","robots":{"index":"index","follow":"follow","max-snippet":"max-snippet:-1","max-image-preview":"max-image-preview:large","max-video-preview":"max-video-preview:-1"},"canonical":"https:\/\/tajkertesz.com\/en_US\/product\/hunter-eco-mp-rotator-psu4-szorofej-haz-ontozo-rendszer\/","og_locale":"en_US","og_type":"article","og_title":"Hunter Eco Mp Rotator+PSU-4 sz\u00f3r\u00f3fej h\u00e1z 3000 90-210\u00b0 - T\u00e1jkert\u00e9sz","og_description":"Hunter Eco Mp Rotator 3000 90-210\u00b0","og_url":"https:\/\/tajkertesz.com\/en_US\/product\/hunter-eco-mp-rotator-psu4-szorofej-haz-ontozo-rendszer\/","og_site_name":"T\u00e1jkert\u00e9sz","article_publisher":"https:\/\/www.facebook.com\/Tajkertesz\/","article_modified_time":"2025-10-24T07:55:41+00:00","og_image":[{"width":550,"height":550,"url":"https:\/\/tajkertesz.com\/wp-content\/uploads\/2021\/09\/hunter-eco-rotator-3000-550x550..jpg","type":"image\/jpeg"}],"twitter_card":"summary_large_image","twitter_misc":{"Est. reading time":"3 minutes"},"schema":{"@context":"https:\/\/schema.org","@graph":[{"@type":"WebPage","@id":"https:\/\/tajkertesz.com\/termek\/hunter-eco-mp-rotator-psu4-szorofej-haz-ontozo-rendszer\/","url":"https:\/\/tajkertesz.com\/termek\/hunter-eco-mp-rotator-psu4-szorofej-haz-ontozo-rendszer\/","name":"Hunter Eco Mp Rotator+PSU-4 sz\u00f3r\u00f3fej h\u00e1z 3000 90-210\u00b0 - T\u00e1jkert\u00e9sz","isPartOf":{"@id":"https:\/\/tajkertesz.com\/#website"},"primaryImageOfPage":{"@id":"https:\/\/tajkertesz.com\/termek\/hunter-eco-mp-rotator-psu4-szorofej-haz-ontozo-rendszer\/#primaryimage"},"image":{"@id":"https:\/\/tajkertesz.com\/termek\/hunter-eco-mp-rotator-psu4-szorofej-haz-ontozo-rendszer\/#primaryimage"},"thumbnailUrl":"https:\/\/tajkertesz.com\/wp-content\/uploads\/2021\/09\/hunter-eco-rotator-3000-550x550..jpg","datePublished":"2021-09-20T09:44:48+00:00","dateModified":"2025-10-24T07:55:41+00:00","description":"Hunter Eco Mp Rotator 3000 90-210\u00b0","breadcrumb":{"@id":"https:\/\/tajkertesz.com\/termek\/hunter-eco-mp-rotator-psu4-szorofej-haz-ontozo-rendszer\/#breadcrumb"},"inLanguage":"en-US","potentialAction":[{"@type":"ReadAction","target":["https:\/\/tajkertesz.com\/termek\/hunter-eco-mp-rotator-psu4-szorofej-haz-ontozo-rendszer\/"]}]},{"@type":"ImageObject","inLanguage":"en-US","@id":"https:\/\/tajkertesz.com\/termek\/hunter-eco-mp-rotator-psu4-szorofej-haz-ontozo-rendszer\/#primaryimage","url":"https:\/\/tajkertesz.com\/wp-content\/uploads\/2021\/09\/hunter-eco-rotator-3000-550x550..jpg","contentUrl":"https:\/\/tajkertesz.com\/wp-content\/uploads\/2021\/09\/hunter-eco-rotator-3000-550x550..jpg","width":550,"height":550},{"@type":"BreadcrumbList","@id":"https:\/\/tajkertesz.com\/termek\/hunter-eco-mp-rotator-psu4-szorofej-haz-ontozo-rendszer\/#breadcrumb","itemListElement":[{"@type":"ListItem","position":1,"name":"Home","item":"https:\/\/tajkertesz.com\/"},{"@type":"ListItem","position":2,"name":"Kezd\u0151lap","item":"https:\/\/tajkertesz.com\/"},{"@type":"ListItem","position":3,"name":"Hunter Eco Mp Rotator+PSU-4 sz\u00f3r\u00f3fej h\u00e1z 3000 90-210\u00b0"}]},{"@type":"WebSite","@id":"https:\/\/tajkertesz.com\/#website","url":"https:\/\/tajkertesz.com\/","name":"T\u00e1j-Kert\u00e9sz 84 Kft.","description":"Kert\u00e9szeti kis- \u00e9s nagykeresked\u00e9s, D\u00edszn\u00f6v\u00e9ny web\u00e1ruh\u00e1z orsz\u00e1gos h\u00e1zhozsz\u00e1ll\u00edt\u00e1ssal!","publisher":{"@id":"https:\/\/tajkertesz.com\/#organization"},"potentialAction":[{"@type":"SearchAction","target":{"@type":"EntryPoint","urlTemplate":"https:\/\/tajkertesz.com\/?s={search_term_string}"},"query-input":{"@type":"PropertyValueSpecification","valueRequired":true,"valueName":"search_term_string"}}],"inLanguage":"en-US"},{"@type":"Organization","@id":"https:\/\/tajkertesz.com\/#organization","name":"T\u00e1j-Kert\u00e9sz 84 Kft.","url":"https:\/\/tajkertesz.com\/","logo":{"@type":"ImageObject","inLanguage":"en-US","@id":"https:\/\/tajkertesz.com\/#\/schema\/logo\/image\/","url":"https:\/\/tajkertesz.com\/wp-content\/uploads\/2018\/02\/logo-2-e1518678052539.png","contentUrl":"https:\/\/tajkertesz.com\/wp-content\/uploads\/2018\/02\/logo-2-e1518678052539.png","width":81,"height":140,"caption":"T\u00e1j-Kert\u00e9sz 84 Kft."},"image":{"@id":"https:\/\/tajkertesz.com\/#\/schema\/logo\/image\/"},"sameAs":["https:\/\/www.facebook.com\/Tajkertesz\/"]}]}},"_links":{"self":[{"href":"https:\/\/tajkertesz.com\/en_US\/wp-json\/wp\/v2\/product\/9348","targetHints":{"allow":["GET"]}}],"collection":[{"href":"https:\/\/tajkertesz.com\/en_US\/wp-json\/wp\/v2\/product"}],"about":[{"href":"https:\/\/tajkertesz.com\/en_US\/wp-json\/wp\/v2\/types\/product"}],"wp:featuredmedia":[{"embeddable":true,"href":"https:\/\/tajkertesz.com\/en_US\/wp-json\/wp\/v2\/media\/9349"}],"wp:attachment":[{"href":"https:\/\/tajkertesz.com\/en_US\/wp-json\/wp\/v2\/media?parent=9348"}],"wp:term":[{"taxonomy":"product_brand","embeddable":true,"href":"https:\/\/tajkertesz.com\/en_US\/wp-json\/wp\/v2\/product_brand?post=9348"},{"taxonomy":"product_cat","embeddable":true,"href":"https:\/\/tajkertesz.com\/en_US\/wp-json\/wp\/v2\/product_cat?post=9348"},{"taxonomy":"product_tag","embeddable":true,"href":"https:\/\/tajkertesz.com\/en_US\/wp-json\/wp\/v2\/product_tag?post=9348"}],"curies":[{"name":"wp","href":"https:\/\/api.w.org\/{rel}","templated":true}]}}