{"id":9353,"date":"2021-09-20T10:03:45","date_gmt":"2021-09-20T10:03:45","guid":{"rendered":"https:\/\/tajkertesz.com\/?post_type=product&#038;p=9353"},"modified":"2026-02-26T09:12:40","modified_gmt":"2026-02-26T09:12:40","slug":"4-a-hunter-allithato-fuvoka","status":"publish","type":"product","link":"https:\/\/tajkertesz.com\/en_US\/product\/4-a-hunter-allithato-fuvoka\/","title":{"rendered":"Hunter 4-A \u00e1ll\u00edthat\u00f3 f\u00fav\u00f3ka"},"content":{"rendered":"<h1 class=\"artdet__name line-clamp--3-12\">4-A HUNTER \u00e1ll\u00edthat\u00f3 f\u00fav\u00f3ka<\/h1>\n<p class=\"artdet__name line-clamp--3-12\">4-A HUNTER \u00e1ll\u00edthat\u00f3 f\u00fav\u00f3ka<\/p>\n<p>&#8211; PRO-4A es\u0151ztet\u0151 f\u00fav\u00f3ka<\/p>\n<p>&#8211; Sz\u00f6gbe\u00e1ll\u00edt\u00e1s:\u00a00-360 fok<\/p>\n<p>&#8211; Sz\u00f3r\u00e1si t\u00e1vols\u00e1g:\u00a01,2m<\/p>\n<p>&#8211; Sz\u00edn: Vil\u00e1gosz\u00f6ld<\/p>\n<p>&#8211; Kisebb ter\u00fcletek \u00f6nt\u00f6z\u00e9s\u00e9hez<\/p>\n<p>&#8211; Bels\u0151 menetes f\u00fav\u00f3ka<\/p>\n<p>&#8211; Pro-Spray (Pros) vagy PS Ultra (PSU) sz\u00f3r\u00f3fejh\u00e1zhoz<\/p>\n<p>&#8211; ill. b\u00e1rmely gy\u00e1rt\u00f3 k\u00fcls\u0151 menetes sz\u00f3r\u00f3fejh\u00e1z\u00e1hoz<\/p>\n<p>A\u00a0<strong>Hunter Spray F\u00fav\u00f3ka<\/strong>\u00a0kis-, k\u00f6zepes f\u00fcves ter\u00fcletek \u00f6nt\u00f6z\u00e9s\u00e9re \u00e9s gyeps\u00e1vok locsol\u00e1s\u00e1ra haszn\u00e1lhat\u00f3. A legt\u00f6bbsz\u00f6r haszn\u00e1lt sz\u00f3r\u00f3fej fajta. Olcs\u00f3, k\u00f6nnyen be\u00e1ll\u00edthat\u00f3, az \u00f6nt\u00f6z\u00e9si k\u00e9p pontosan a f\u00fcves ter\u00fclet sz\u00e9leihez igaz\u00edthat\u00f3. Tervez\u00e9se sor\u00e1n tov\u00e1bbi szempont volt, hogy a f\u00fav\u00f3ka viszonylag nagy v\u00edzcseppeket juttasson ki a f\u0171 fel\u00fcletre, \u00edgy \u00f6nt\u00f6z\u00e9s k\u00f6zben jobban ellen tud \u00e1llni a gyeng\u00e9bb sz\u00e9lmozg\u00e1snak.<\/p>\n<p>A\u00a0<strong>f\u00fav\u00f3ka sz\u00f3r\u00e1si t\u00e1vols\u00e1ga<\/strong>\u00a0a tetej\u00e9n tal\u00e1lhat\u00f3 f\u00fav\u00f3ka\u00e1ll\u00edt\u00f3 csavar seg\u00edts\u00e9g\u00e9vel 25%-al cs\u00f6kkenthet\u0151 (nem n\u00f6velhet\u0151, a f\u00fav\u00f3ka gy\u00e1rilag teljesen nyitott \u00e1llapotban van, a t\u00e1vols\u00e1g a v\u00edz nyom\u00e1s\u00e1t\u00f3l \u00e9s a f\u00fav\u00f3ka t\u00edpus\u00e1t\u00f3l f\u00fcgg). A be\u00e1ll\u00edt\u00e1shoz haszn\u00e1ljon egy v\u00e9kony lapos csavarh\u00faz\u00f3t. Az \u00f6nt\u00f6z\u00e9si sug\u00e1r cs\u00f6kkent\u00e9s\u00e9hez tekerje a csavart az \u00f3ramutat\u00f3 j\u00e1r\u00e1s\u00e1val megegyez\u0151 ir\u00e1nyba. A csavar feje a f\u00fav\u00f3ka sz\u0171r\u0151 k\u00f6zep\u00e9be egyre ink\u00e1bb bez\u00e1r, \u00edgy cs\u00f6kkentve a sz\u0171r\u0151n \u00e1thalad\u00f3 v\u00edz mennyis\u00e9g\u00e9t, minek k\u00f6vetkezt\u00e9ben r\u00f6videbb lesz a f\u00fav\u00f3ka \u00f6nt\u00f6z\u00e9si sugara.<\/p>\n<p>A\u00a0<strong>sz\u00f3r\u00e1si sz\u00f6g<\/strong>\u00a0szint\u00e9n k\u00f6nnyen be\u00e1ll\u00edthat\u00f3 a f\u00fav\u00f3ka tetej\u00e9n tal\u00e1lhat\u00f3 bord\u00e1s perem seg\u00edts\u00e9g\u00e9vel. A sz\u00f6gbe\u00e1ll\u00edt\u00e1s 0-360fok k\u00f6z\u00f6tt lehets\u00e9ges fokozatmentesen. M\u0171k\u00f6d\u00e9s el\u0151tt is viszonylag pontosan be lehet \u00e1ll\u00edtani, de a t\u00f6k\u00e9letes be\u00e1ll\u00edt\u00e1st csak a sz\u00f3r\u00f3fej \u00fczemel\u00e9se k\u00f6zben tudja elv\u00e9gezni. El\u0151sz\u00f6r is m\u0171k\u00f6d\u00e9s k\u00f6zben markolja meg a sz\u00f3r\u00f3fej kiemelked\u0151 sz\u00e1r\u00e1t \u00e9s tekerje a spray f\u00fav\u00f3ka jobb oldali \u00f6nt\u00f6z\u00e9si sz\u00e9l\u00e9t a ter\u00fclet jobb oldal\u00e1hoz, majd a fels\u0151 bord\u00e1zott peremet tekerje a ter\u00fclet bal sz\u00e9l\u00e9ig. Figyeljen arra, hogy be\u00e1ll\u00edt\u00e1s k\u00f6zben a spray f\u00fav\u00f3ka ne lazuljon meg a sz\u00f3r\u00f3fejh\u00e1z kiemelked\u0151 sz\u00e1r\u00e1n.<\/p>\n<p>Mindegyik Pro Spray f\u00fav\u00f3k\u00e1nak\u00a0<strong>egyedi sz\u00ednk\u00f3d<\/strong>ja van a k\u00f6nnyebb beazonos\u00edthat\u00f3s\u00e1g miatt. Ezzel egy\u00fctt a f\u00fav\u00f3ka tetej\u00e9n megtal\u00e1lhatja a t\u00edpussz\u00e1mot \u00e9s a sz\u00f6gbe\u00e1ll\u00edt\u00e1s intervallum\u00e1t is. Az es\u0151ztet\u0151 spray f\u00fav\u00f3ka k\u00f6zepes intenzit\u00e1ssal \u00e9s egyenletesen \u00f6nt\u00f6z, m\u00e9g m\u00e9rs\u00e9kelten szeles id\u0151j\u00e1r\u00e1sban is.<\/p>\n<p>A\u00a0<strong>Pro Spray f\u00fav\u00f3ka fel\u00e9p\u00edt\u00e9se<\/strong>: a f\u00fav\u00f3ka alj\u00e1n egy levehet\u0151, moshat\u00f3 sz\u0171r\u0151 tal\u00e1lhat\u00f3, ami megakad\u00e1lyozza az elt\u00f6m\u0151d\u00e9st. A Spray f\u00fav\u00f3ka als\u00f3 \u00e9s fels\u0151 r\u00e9szb\u0151l \u00e1ll, melyet az \u00f6nt\u00f6z\u00e9si sug\u00e1r \u00e1ll\u00edt\u00e1s\u00e1hoz is haszn\u00e1lt csavar tart \u00f6ssze. Az als\u00f3 \u00e9s fels\u0151 r\u00e9sz egym\u00e1son val\u00f3 elcs\u00fasztat\u00e1s\u00e1val f\u00fav\u00f3kar\u00e9s keletkezik, ez val\u00f3s\u00edtja meg az \u00f6nt\u00f6z\u00e9st.<\/p>\n<h2>F\u0151bb Jellemz\u0151k:<\/h2>\n<p>&#8211; Gy\u00e1rt\u00f3: Hunter<\/p>\n<p>&#8211; Spray f\u00fav\u00f3ka 4A<\/p>\n<p>&#8211; Bels\u0151 menetes f\u00fav\u00f3ka<\/p>\n<p>&#8211; Sz\u00edn: vil\u00e1gosz\u00f6ld<\/p>\n<p>&#8211; Sz\u00f6gbe\u00e1ll\u00edt\u00e1s: 0-360 fok<\/p>\n<p>&#8211; Sz\u00f3r\u00e1si t\u00e1vols\u00e1g: 1,2m<\/p>\n<p>&#8211; nyom\u00e1startom\u00e1ny 1,0-2,5 b\u00e1r<\/p>\n<p>&#8211; aj\u00e1nlott nyom\u00e1s 2,1b\u00e1r<\/p>\n<p>&#8211; kil\u00e9p\u00e9si sz\u00f6g 0fok<\/p>\n<p>&#8211; egyenletes v\u00edzkijuttat\u00e1s<\/p>\n<p>&#8211; 25%-al cs\u00f6kkenthet\u0151 \u00f6nt\u00f6z\u00e9si t\u00e1vols\u00e1g<\/p>\n<div id=\"jellemzok\">\n<p>&nbsp;<\/p>\n<\/div>\n<div id=\"bodyContent\" class=\"mw-body-content\">\n<div id=\"mw-content-text\" class=\"mw-content-ltr\" dir=\"ltr\" lang=\"hu\">\n<div id=\"bodyContent\" class=\"mw-body-content\">\n<div id=\"mw-content-text\" class=\"mw-content-ltr\" dir=\"ltr\" lang=\"hu\">\n<p><b><span style=\"font-family: 'Ubuntu',serif; color: black;\"><br \/>\nK\u00e9szlet\u00fcnk napi szinten v\u00e1ltozik, ez\u00e9rt k\u00e9rj\u00fck, \u00e9rdekl\u0151dj\u00f6n szem\u00e9lyesen, telefonon vagy email-en.<\/span><\/b>Kisz\u00e1ll\u00edt\u00e1s: 200 cm \u00e9s 40 kg is a sz\u00e1ll\u00edt\u00e1s fut\u00e1rszolg\u00e1lattal t\u00f6rt\u00e9nik.<\/p>\n<\/div>\n<\/div>\n<\/div>\n<\/div>\n<p style=\"line-height: 18.0pt; background: white; margin: 0cm 0cm 15.0pt 0cm;\"><b><span style=\"font-family: 'Ubuntu',serif; color: black;\">A v\u00e1ltoztat\u00e1s jog\u00e1t fenntartjuk!\u00a0<\/span><\/b><\/p>\n<p><span style=\"color: #ffffff;\">A Nortene 1961-es megalakul\u00e1sa \u00f3ta a kerttulajdonosok, vir\u00e1gos teraszokkal \u00e9s z\u00f6ld bels\u0151 terekkel rendelkez\u0151k m\u00e1rk\u00e1ja. Alapvet\u0151 c\u00e9lja \u00e9vr\u0151l-\u00e9vre, hogy a<strong>\u00a0kertberendez\u00e9s, a kerti dekor\u00e1ci\u00f3 \u00e9s a hobby kert\u00e9szet\u00a0<\/strong>term\u00e9keivel piacvezet\u0151 legyen. K\u00edn\u00e1lata k\u00f6z\u00f6tt megtal\u00e1lhat\u00f3k az\u00a0<strong>\u00e1rny\u00e9kol\u00f3h\u00e1l\u00f3k, kerti r\u00e1csok, m\u0171f\u00fcvek, sz\u00fanyogh\u00e1l\u00f3k, t\u00e9relv\u00e1laszt\u00f3k, kert\u00e9szeti f\u00f3li\u00e1k, kar\u00f3k \u00e9s kerti dekor\u00e1ci\u00f3k.\u00a0<\/strong><\/span><\/p>\n<p><span style=\"color: #ffffff;\">A Nortene 1961-es megalakul\u00e1sa \u00f3ta a kerttulajdonosok, vir\u00e1gos teraszokkal \u00e9s z\u00f6ld bels\u0151 terekkel rendelkez\u0151k m\u00e1rk\u00e1ja. Alapvet\u0151 c\u00e9lja \u00e9vr\u0151l-\u00e9vre, hogy a<strong>\u00a0kertberendez\u00e9s, a kerti dekor\u00e1ci\u00f3 \u00e9s a hobby kert\u00e9szet\u00a0<\/strong>term\u00e9keivel piacvezet\u0151 legyen. K\u00edn\u00e1lata k\u00f6z\u00f6tt megtal\u00e1lhat\u00f3k az\u00a0<strong>\u00e1rny\u00e9kol\u00f3h\u00e1l\u00f3k, kerti r\u00e1csok, m\u0171f\u00fcvek, sz\u00fanyogh\u00e1l\u00f3k, t\u00e9relv\u00e1laszt\u00f3k, kert\u00e9szeti f\u00f3li\u00e1k, kar\u00f3k \u00e9s kerti dekor\u00e1ci\u00f3k.\u00a0<\/strong><\/span><\/p>\n<h3><span style=\"color: #ffffff;\">T\u00e1maszok, kar\u00f3k a n\u00f6v\u00e9nyek ig\u00e9nyeire szabva:<\/span><\/h3>\n<p><span style=\"color: #ffffff;\">A n\u00f6v\u00e9nygondoz\u00e1s sor\u00e1n sokszor sz\u00fcks\u00e9g van arra, hogy a n\u00f6v\u00e9nyeket kit\u00e1masszuk annak \u00e9rdek\u00e9ben, hogy a m\u00e9g gyenge n\u00f6v\u00e9ny ne hajoljanak el a saj\u00e1t s\u00falya alatt, illetve, hogy a n\u00f6veked\u00e9s\u00fck egyenesen felfel\u00e9 t\u00f6rt\u00e9njen \u00e9s ne hajoljanak el oldalra.<\/span><\/p>\n<p><span style=\"color: #ffffff;\">Mivel mindegyik n\u00f6v\u00e9ny elt\u00e9r\u0151 tulajdons\u00e1gokkal, m\u00e9retekkel \u00e9s ig\u00e9nyekkel rendelkezik, ez\u00e9rt alaposan fel kell m\u00e9rnie, hogy pontosan milyen t\u00e1maszt\u00e9kokat kell beszereznie az eredm\u00e9nyess\u00e9ghez. A neh\u00e9z sz\u00e1rral rendelkez\u0151 n\u00f6v\u00e9nyek kit\u00e1maszt\u00e1s\u00e1ra vastag, magas kar\u00f3kat \u00e9rdemes venni, melyek el\u00e9g er\u0151sek ahhoz, hogy megtarts\u00e1k \u0151ket.<\/span><\/p>\n<p><span style=\"color: #ffffff;\">A d\u00edszn\u00f6v\u00e9nyek eset\u00e9ben m\u00e1r nagyobb hangs\u00faly van a dekorat\u00edv kin\u00e9zeten, hiszen j\u00f3 es\u00e9ly van r\u00e1, hogy ezek a n\u00f6v\u00e9nyt\u00e1maszok a lak\u00e1sunkat fogj\u00e1k d\u00edsz\u00edteni, pl.: a nappaliban.\u00a0 A megfelel\u0151 m\u00e9ret\u0171, form\u00e1j\u00fa \u00e9s kialak\u00edt\u00e1s\u00fa n\u00f6v\u00e9nyt\u00e1maszok haszn\u00e1lat\u00e1val biztos\u00edthat\u00f3 a n\u00f6v\u00e9nyek eg\u00e9szs\u00e9ges , csod\u00e1s fejl\u0151d\u00e9se.<\/span><\/p>\n<h3><span id=\"Vas_\u00e9s_ac\u00e9l\" class=\"mw-headline\" style=\"color: #ffffff;\">Vas \u00e9s ac\u00e9l:<\/span><\/h3>\n<p><span style=\"color: #ffffff;\">A vas a F\u00f6ld k\u00e9rg\u00e9nek mintegy 4,7%-\u00e1t alkotja t\u00f6bb mint sz\u00e1z vas\u00e1sv\u00e1ny form\u00e1j\u00e1ban, de \u2013 a f\u00e9mek t\u00f6bbs\u00e9g\u00e9hez hasonl\u00f3an \u2013 elemi \u00e1llapotban nem tal\u00e1lhat\u00f3 meg. A vas \u00e9rc\u00e1sv\u00e1nyai k\u00f6z\u00fcl legfontosabbak az oxidok, pl: a magnetit (m\u00e1gnesvas\u00e9rc), a hematit (v\u00f6r\u00f6svas\u00e9rc), a limonit (barnavas\u00e9rc), valamint a karbon\u00e1t alap\u00fa sziderit (vasp\u00e1t). A vasat az \u00e9rcb\u0151l \u00fagy \u00e1ll\u00edtj\u00e1k el\u0151, hogy reduk\u00e1lj\u00e1k, azaz oxig\u00e9ntartalm\u00e1t elt\u00e1vol\u00edtj\u00e1k.<\/span><\/p>\n<div id=\"bodyContent\" class=\"mw-body-content\">\n<div id=\"mw-content-text\" class=\"mw-content-ltr\" dir=\"ltr\" lang=\"hu\">\n<div id=\"bodyContent\" class=\"mw-body-content\">\n<div id=\"mw-content-text\" class=\"mw-content-ltr\" dir=\"ltr\" lang=\"hu\"><\/div>\n<\/div>\n<\/div>\n<\/div>\n<p><a href=\"https:\/\/tajkertesz.com\/\">https:\/\/tajkertesz.com\/<\/a><\/p>\n<p><a href=\"https:\/\/www.facebook.com\/tajkertesz\">https:\/\/www.facebook.com\/tajkertesz<\/a><\/p>\n<p>&nbsp;<\/p>","protected":false},"excerpt":{"rendered":"<h1 class=\"artdet__name line-clamp--3-12\">4-A HUNTER \u00e1ll\u00edthat\u00f3 f\u00fav\u00f3ka<\/h1>\n<p>&nbsp;<\/p>","protected":false},"featured_media":9355,"template":"","meta":{"_et_pb_use_builder":"","_et_pb_old_content":"","_et_gb_content_width":""},"product_brand":[],"product_cat":[2722],"product_tag":[2727],"class_list":{"0":"post-9353","1":"product","2":"type-product","3":"status-publish","4":"has-post-thumbnail","6":"product_cat-fuvokak","7":"product_tag-4-a-hunter-allithato-fuvoka","9":"first","10":"instock","11":"shipping-taxable","12":"purchasable","13":"product-type-simple"},"yoast_head":"<!-- This site is optimized with the Yoast SEO plugin v27.4 - https:\/\/yoast.com\/product\/yoast-seo-wordpress\/ -->\n<title>Hunter 4-A \u00e1ll\u00edthat\u00f3 f\u00fav\u00f3ka - T\u00e1jkert\u00e9sz<\/title>\n<meta name=\"description\" content=\"4-A HUNTER \u00e1ll\u00edthat\u00f3 f\u00fav\u00f3ka\" \/>\n<meta name=\"robots\" content=\"index, follow, max-snippet:-1, max-image-preview:large, max-video-preview:-1\" \/>\n<link rel=\"canonical\" href=\"https:\/\/tajkertesz.com\/en_US\/product\/4-a-hunter-allithato-fuvoka\/\" \/>\n<meta property=\"og:locale\" content=\"en_US\" \/>\n<meta property=\"og:type\" content=\"article\" \/>\n<meta property=\"og:title\" content=\"Hunter 4-A \u00e1ll\u00edthat\u00f3 f\u00fav\u00f3ka - T\u00e1jkert\u00e9sz\" \/>\n<meta property=\"og:description\" content=\"4-A HUNTER \u00e1ll\u00edthat\u00f3 f\u00fav\u00f3ka\" \/>\n<meta property=\"og:url\" content=\"https:\/\/tajkertesz.com\/en_US\/product\/4-a-hunter-allithato-fuvoka\/\" \/>\n<meta property=\"og:site_name\" content=\"T\u00e1jkert\u00e9sz\" \/>\n<meta property=\"article:publisher\" content=\"https:\/\/www.facebook.com\/Tajkertesz\/\" \/>\n<meta property=\"article:modified_time\" content=\"2026-02-26T09:12:40+00:00\" \/>\n<meta property=\"og:image\" content=\"https:\/\/tajkertesz.com\/wp-content\/uploads\/2021\/09\/allithato-szogu-spray-fuvoka-4a.jpg\" \/>\n\t<meta property=\"og:image:width\" content=\"800\" \/>\n\t<meta property=\"og:image:height\" content=\"800\" \/>\n\t<meta property=\"og:image:type\" content=\"image\/jpeg\" \/>\n<meta name=\"twitter:card\" content=\"summary_large_image\" \/>\n<meta name=\"twitter:label1\" content=\"Est. reading time\" \/>\n\t<meta name=\"twitter:data1\" content=\"3 minutes\" \/>\n<script type=\"application\/ld+json\" class=\"yoast-schema-graph\">{\"@context\":\"https:\\\/\\\/schema.org\",\"@graph\":[{\"@type\":\"WebPage\",\"@id\":\"https:\\\/\\\/tajkertesz.com\\\/termek\\\/4-a-hunter-allithato-fuvoka\\\/\",\"url\":\"https:\\\/\\\/tajkertesz.com\\\/termek\\\/4-a-hunter-allithato-fuvoka\\\/\",\"name\":\"Hunter 4-A \u00e1ll\u00edthat\u00f3 f\u00fav\u00f3ka - T\u00e1jkert\u00e9sz\",\"isPartOf\":{\"@id\":\"https:\\\/\\\/tajkertesz.com\\\/#website\"},\"primaryImageOfPage\":{\"@id\":\"https:\\\/\\\/tajkertesz.com\\\/termek\\\/4-a-hunter-allithato-fuvoka\\\/#primaryimage\"},\"image\":{\"@id\":\"https:\\\/\\\/tajkertesz.com\\\/termek\\\/4-a-hunter-allithato-fuvoka\\\/#primaryimage\"},\"thumbnailUrl\":\"https:\\\/\\\/tajkertesz.com\\\/wp-content\\\/uploads\\\/2021\\\/09\\\/allithato-szogu-spray-fuvoka-4a.jpg\",\"datePublished\":\"2021-09-20T10:03:45+00:00\",\"dateModified\":\"2026-02-26T09:12:40+00:00\",\"description\":\"4-A HUNTER \u00e1ll\u00edthat\u00f3 f\u00fav\u00f3ka\",\"breadcrumb\":{\"@id\":\"https:\\\/\\\/tajkertesz.com\\\/termek\\\/4-a-hunter-allithato-fuvoka\\\/#breadcrumb\"},\"inLanguage\":\"en-US\",\"potentialAction\":[{\"@type\":\"ReadAction\",\"target\":[\"https:\\\/\\\/tajkertesz.com\\\/termek\\\/4-a-hunter-allithato-fuvoka\\\/\"]}]},{\"@type\":\"ImageObject\",\"inLanguage\":\"en-US\",\"@id\":\"https:\\\/\\\/tajkertesz.com\\\/termek\\\/4-a-hunter-allithato-fuvoka\\\/#primaryimage\",\"url\":\"https:\\\/\\\/tajkertesz.com\\\/wp-content\\\/uploads\\\/2021\\\/09\\\/allithato-szogu-spray-fuvoka-4a.jpg\",\"contentUrl\":\"https:\\\/\\\/tajkertesz.com\\\/wp-content\\\/uploads\\\/2021\\\/09\\\/allithato-szogu-spray-fuvoka-4a.jpg\",\"width\":800,\"height\":800},{\"@type\":\"BreadcrumbList\",\"@id\":\"https:\\\/\\\/tajkertesz.com\\\/termek\\\/4-a-hunter-allithato-fuvoka\\\/#breadcrumb\",\"itemListElement\":[{\"@type\":\"ListItem\",\"position\":1,\"name\":\"Home\",\"item\":\"https:\\\/\\\/tajkertesz.com\\\/\"},{\"@type\":\"ListItem\",\"position\":2,\"name\":\"Kezd\u0151lap\",\"item\":\"https:\\\/\\\/tajkertesz.com\\\/\"},{\"@type\":\"ListItem\",\"position\":3,\"name\":\"Hunter 4-A \u00e1ll\u00edthat\u00f3 f\u00fav\u00f3ka\"}]},{\"@type\":\"WebSite\",\"@id\":\"https:\\\/\\\/tajkertesz.com\\\/#website\",\"url\":\"https:\\\/\\\/tajkertesz.com\\\/\",\"name\":\"T\u00e1j-Kert\u00e9sz 84 Kft.\",\"description\":\"Kert\u00e9szeti kis- \u00e9s nagykeresked\u00e9s, D\u00edszn\u00f6v\u00e9ny web\u00e1ruh\u00e1z orsz\u00e1gos h\u00e1zhozsz\u00e1ll\u00edt\u00e1ssal!\",\"publisher\":{\"@id\":\"https:\\\/\\\/tajkertesz.com\\\/#organization\"},\"potentialAction\":[{\"@type\":\"SearchAction\",\"target\":{\"@type\":\"EntryPoint\",\"urlTemplate\":\"https:\\\/\\\/tajkertesz.com\\\/?s={search_term_string}\"},\"query-input\":{\"@type\":\"PropertyValueSpecification\",\"valueRequired\":true,\"valueName\":\"search_term_string\"}}],\"inLanguage\":\"en-US\"},{\"@type\":\"Organization\",\"@id\":\"https:\\\/\\\/tajkertesz.com\\\/#organization\",\"name\":\"T\u00e1j-Kert\u00e9sz 84 Kft.\",\"url\":\"https:\\\/\\\/tajkertesz.com\\\/\",\"logo\":{\"@type\":\"ImageObject\",\"inLanguage\":\"en-US\",\"@id\":\"https:\\\/\\\/tajkertesz.com\\\/#\\\/schema\\\/logo\\\/image\\\/\",\"url\":\"https:\\\/\\\/tajkertesz.com\\\/wp-content\\\/uploads\\\/2018\\\/02\\\/logo-2-e1518678052539.png\",\"contentUrl\":\"https:\\\/\\\/tajkertesz.com\\\/wp-content\\\/uploads\\\/2018\\\/02\\\/logo-2-e1518678052539.png\",\"width\":81,\"height\":140,\"caption\":\"T\u00e1j-Kert\u00e9sz 84 Kft.\"},\"image\":{\"@id\":\"https:\\\/\\\/tajkertesz.com\\\/#\\\/schema\\\/logo\\\/image\\\/\"},\"sameAs\":[\"https:\\\/\\\/www.facebook.com\\\/Tajkertesz\\\/\"]}]}<\/script>\n<!-- \/ Yoast SEO plugin. -->","yoast_head_json":{"title":"Hunter 4-A \u00e1ll\u00edthat\u00f3 f\u00fav\u00f3ka - T\u00e1jkert\u00e9sz","description":"4-A HUNTER \u00e1ll\u00edthat\u00f3 f\u00fav\u00f3ka","robots":{"index":"index","follow":"follow","max-snippet":"max-snippet:-1","max-image-preview":"max-image-preview:large","max-video-preview":"max-video-preview:-1"},"canonical":"https:\/\/tajkertesz.com\/en_US\/product\/4-a-hunter-allithato-fuvoka\/","og_locale":"en_US","og_type":"article","og_title":"Hunter 4-A \u00e1ll\u00edthat\u00f3 f\u00fav\u00f3ka - T\u00e1jkert\u00e9sz","og_description":"4-A HUNTER \u00e1ll\u00edthat\u00f3 f\u00fav\u00f3ka","og_url":"https:\/\/tajkertesz.com\/en_US\/product\/4-a-hunter-allithato-fuvoka\/","og_site_name":"T\u00e1jkert\u00e9sz","article_publisher":"https:\/\/www.facebook.com\/Tajkertesz\/","article_modified_time":"2026-02-26T09:12:40+00:00","og_image":[{"width":800,"height":800,"url":"https:\/\/tajkertesz.com\/wp-content\/uploads\/2021\/09\/allithato-szogu-spray-fuvoka-4a.jpg","type":"image\/jpeg"}],"twitter_card":"summary_large_image","twitter_misc":{"Est. reading time":"3 minutes"},"schema":{"@context":"https:\/\/schema.org","@graph":[{"@type":"WebPage","@id":"https:\/\/tajkertesz.com\/termek\/4-a-hunter-allithato-fuvoka\/","url":"https:\/\/tajkertesz.com\/termek\/4-a-hunter-allithato-fuvoka\/","name":"Hunter 4-A \u00e1ll\u00edthat\u00f3 f\u00fav\u00f3ka - T\u00e1jkert\u00e9sz","isPartOf":{"@id":"https:\/\/tajkertesz.com\/#website"},"primaryImageOfPage":{"@id":"https:\/\/tajkertesz.com\/termek\/4-a-hunter-allithato-fuvoka\/#primaryimage"},"image":{"@id":"https:\/\/tajkertesz.com\/termek\/4-a-hunter-allithato-fuvoka\/#primaryimage"},"thumbnailUrl":"https:\/\/tajkertesz.com\/wp-content\/uploads\/2021\/09\/allithato-szogu-spray-fuvoka-4a.jpg","datePublished":"2021-09-20T10:03:45+00:00","dateModified":"2026-02-26T09:12:40+00:00","description":"4-A HUNTER \u00e1ll\u00edthat\u00f3 f\u00fav\u00f3ka","breadcrumb":{"@id":"https:\/\/tajkertesz.com\/termek\/4-a-hunter-allithato-fuvoka\/#breadcrumb"},"inLanguage":"en-US","potentialAction":[{"@type":"ReadAction","target":["https:\/\/tajkertesz.com\/termek\/4-a-hunter-allithato-fuvoka\/"]}]},{"@type":"ImageObject","inLanguage":"en-US","@id":"https:\/\/tajkertesz.com\/termek\/4-a-hunter-allithato-fuvoka\/#primaryimage","url":"https:\/\/tajkertesz.com\/wp-content\/uploads\/2021\/09\/allithato-szogu-spray-fuvoka-4a.jpg","contentUrl":"https:\/\/tajkertesz.com\/wp-content\/uploads\/2021\/09\/allithato-szogu-spray-fuvoka-4a.jpg","width":800,"height":800},{"@type":"BreadcrumbList","@id":"https:\/\/tajkertesz.com\/termek\/4-a-hunter-allithato-fuvoka\/#breadcrumb","itemListElement":[{"@type":"ListItem","position":1,"name":"Home","item":"https:\/\/tajkertesz.com\/"},{"@type":"ListItem","position":2,"name":"Kezd\u0151lap","item":"https:\/\/tajkertesz.com\/"},{"@type":"ListItem","position":3,"name":"Hunter 4-A \u00e1ll\u00edthat\u00f3 f\u00fav\u00f3ka"}]},{"@type":"WebSite","@id":"https:\/\/tajkertesz.com\/#website","url":"https:\/\/tajkertesz.com\/","name":"T\u00e1j-Kert\u00e9sz 84 Kft.","description":"Kert\u00e9szeti kis- \u00e9s nagykeresked\u00e9s, D\u00edszn\u00f6v\u00e9ny web\u00e1ruh\u00e1z orsz\u00e1gos h\u00e1zhozsz\u00e1ll\u00edt\u00e1ssal!","publisher":{"@id":"https:\/\/tajkertesz.com\/#organization"},"potentialAction":[{"@type":"SearchAction","target":{"@type":"EntryPoint","urlTemplate":"https:\/\/tajkertesz.com\/?s={search_term_string}"},"query-input":{"@type":"PropertyValueSpecification","valueRequired":true,"valueName":"search_term_string"}}],"inLanguage":"en-US"},{"@type":"Organization","@id":"https:\/\/tajkertesz.com\/#organization","name":"T\u00e1j-Kert\u00e9sz 84 Kft.","url":"https:\/\/tajkertesz.com\/","logo":{"@type":"ImageObject","inLanguage":"en-US","@id":"https:\/\/tajkertesz.com\/#\/schema\/logo\/image\/","url":"https:\/\/tajkertesz.com\/wp-content\/uploads\/2018\/02\/logo-2-e1518678052539.png","contentUrl":"https:\/\/tajkertesz.com\/wp-content\/uploads\/2018\/02\/logo-2-e1518678052539.png","width":81,"height":140,"caption":"T\u00e1j-Kert\u00e9sz 84 Kft."},"image":{"@id":"https:\/\/tajkertesz.com\/#\/schema\/logo\/image\/"},"sameAs":["https:\/\/www.facebook.com\/Tajkertesz\/"]}]}},"_links":{"self":[{"href":"https:\/\/tajkertesz.com\/en_US\/wp-json\/wp\/v2\/product\/9353","targetHints":{"allow":["GET"]}}],"collection":[{"href":"https:\/\/tajkertesz.com\/en_US\/wp-json\/wp\/v2\/product"}],"about":[{"href":"https:\/\/tajkertesz.com\/en_US\/wp-json\/wp\/v2\/types\/product"}],"wp:featuredmedia":[{"embeddable":true,"href":"https:\/\/tajkertesz.com\/en_US\/wp-json\/wp\/v2\/media\/9355"}],"wp:attachment":[{"href":"https:\/\/tajkertesz.com\/en_US\/wp-json\/wp\/v2\/media?parent=9353"}],"wp:term":[{"taxonomy":"product_brand","embeddable":true,"href":"https:\/\/tajkertesz.com\/en_US\/wp-json\/wp\/v2\/product_brand?post=9353"},{"taxonomy":"product_cat","embeddable":true,"href":"https:\/\/tajkertesz.com\/en_US\/wp-json\/wp\/v2\/product_cat?post=9353"},{"taxonomy":"product_tag","embeddable":true,"href":"https:\/\/tajkertesz.com\/en_US\/wp-json\/wp\/v2\/product_tag?post=9353"}],"curies":[{"name":"wp","href":"https:\/\/api.w.org\/{rel}","templated":true}]}}