{"id":9377,"date":"2021-09-20T11:20:43","date_gmt":"2021-09-20T11:20:43","guid":{"rendered":"https:\/\/tajkertesz.com\/?post_type=product&#038;p=9377"},"modified":"2026-02-26T08:29:22","modified_gmt":"2026-02-26T08:29:22","slug":"mp-rotator-1000-210-270-fokig-allithato","status":"publish","type":"product","link":"https:\/\/tajkertesz.com\/en_US\/product\/mp-rotator-1000-210-270-fokig-allithato\/","title":{"rendered":"MP ROT\u00c1TOR 1000 210-270 fokig \u00e1ll\u00edthat\u00f3"},"content":{"rendered":"<h1 class=\"artdet__name line-clamp--3-12\">MP ROT\u00c1TOR 1000 210-270 fokig \u00e1ll\u00edthat\u00f3<\/h1>\n<p class=\"artdet__name line-clamp--3-12\">MP ROT\u00c1TOR 1000 210-270 fokig \u00e1ll\u00edthat\u00f3<img loading=\"lazy\" decoding=\"async\" class=\"wp-image-13533 alignright\" src=\"https:\/\/tajkertesz.com\/wp-content\/uploads\/2021\/09\/mp-rotator-300x146.jpg\" alt=\"\" width=\"395\" height=\"192\" srcset=\"https:\/\/tajkertesz.com\/wp-content\/uploads\/2021\/09\/mp-rotator-300x146.jpg 300w, https:\/\/tajkertesz.com\/wp-content\/uploads\/2021\/09\/mp-rotator-768x374.jpg 768w, https:\/\/tajkertesz.com\/wp-content\/uploads\/2021\/09\/mp-rotator-18x9.jpg 18w, https:\/\/tajkertesz.com\/wp-content\/uploads\/2021\/09\/mp-rotator-600x292.jpg 600w, https:\/\/tajkertesz.com\/wp-content\/uploads\/2021\/09\/mp-rotator-64x31.jpg 64w, https:\/\/tajkertesz.com\/wp-content\/uploads\/2021\/09\/mp-rotator.jpg 834w\" sizes=\"(max-width: 395px) 100vw, 395px\" \/><\/p>\n<ul>\n<li style=\"list-style-type: none\">\n<ul>\n<li><strong>\u00f6nt\u00f6z\u00e9si sug\u00e1r: 3 m<\/strong><\/li>\n<li>sz\u00f3r\u00e1sk\u00e9p: 210\u00b0-270\u00b0<\/li>\n<li>kis csapad\u00e9kintenzit\u00e1s<\/li>\n<li>sz\u00ednk\u00f3d: vil\u00e1gosk\u00e9k<\/li>\n<li><strong>A Hunter MP Rotator<\/strong>\u00a0v\u00e1ltoz\u00f3 kil\u00e9p\u0151sz\u00f6g\u0171, forg\u00f3 v\u00edzsugaras f\u00fav\u00f3ka. Nagy tud\u00e1sa ellen\u00e9re akkora csup\u00e1n, mint egy spray f\u00fav\u00f3ka, \u00e9s kialak\u00edt\u00e1s\u00e1n\u00e1l fogva az MP Rotator f\u00fav\u00f3ka beszerelhet\u0151 minden bels\u0151 menetes f\u00fav\u00f3k\u00e1hoz alkalmas\u00a0<strong>sz\u00f3r\u00f3fejh\u00e1z<\/strong>ba.<\/li>\n<li>A\u00a0<strong>Hunter MP Rotator<\/strong>\u00a0sorozat egyed\u00fcl\u00e1ll\u00f3 v\u00e1ltoz\u00f3 kil\u00e9p\u0151sz\u00f6g\u0171, forg\u00f3 v\u00edzsugarakat kibocs\u00e1t\u00f3 f\u00fav\u00f3ka, mellyel kimagasl\u00f3an egyenletes \u00f6nt\u00f6z\u00e9s \u00e9rhet\u0151 el, v\u00edzmegtakar\u00edt\u00e1s mellett. M\u00e9ret\u00e9nek \u00e9s kialak\u00edt\u00e1s\u00e1nak k\u00f6sz\u00f6nhet\u0151en b\u00e1rmilyen bels\u0151 menetes f\u00fav\u00f3k\u00e1val szerelhet\u0151 sz\u00f3r\u00f3fejh\u00e1zba egyszer\u0171en be\u00e9p\u00edthet\u0151. Az\u00a0<strong>MP Rotator f\u00fav\u00f3k\u00e1k<\/strong>\u00a0v\u00edzfogyaszt\u00e1sa j\u00f3val alacsonyabb a spray-s f\u00fav\u00f3k\u00e1khoz k\u00e9pest, \u00edgy t\u00f6bb sz\u00f3r\u00f3fejet helyezhet\u00fcnk egy k\u00f6rre, ez\u00e1ltal nagyobb ter\u00fcletet \u00f6nt\u00f6zhet\u00fcnk vele. Az \u00f6nt\u00f6z\u0151rendszer tervez\u00e9s\u00e9n\u00e9l ez fontos szempont, hiszen \u00edgy kevesebb m\u00e1gnesszeleppel, kisebb \u00f6nt\u00f6z\u00e9svez\u00e9rl\u0151vel is megoldhat\u00f3 a ter\u00fclet hat\u00e9kony \u00f6nt\u00f6z\u00e9se.<\/li>\n<li>\u00a0R\u00e9gi rendszerekn\u00e9l ahol kisebb m\u00e1r a v\u00edznyom\u00e1s \u00e9s a f\u00fav\u00f3k\u00e1k nem m\u0171k\u00f6dnek megfelel\u0151en az MP Rot\u00e1tor be\u00e9p\u00edt\u00e9se ut\u00e1n hatalmas v\u00e1ltoz\u00e1st fogunk tapasztalni. A sz\u00f3r\u00f3fejek hat\u00e1rozottabban emelkednek majd ki \u00e9s a ter\u00fclet be\u00f6nt\u00f6z\u00e9se is sokkal hat\u00e1sosabb lesz!\n<p>Az MP Rotator csapad\u00e9kintenzit\u00e1sa rendk\u00edv\u00fcl alacsony, mintegy 1\/3-a a spray f\u00fav\u00f3k\u00e1k\u00e9nak. V\u00edzfogyaszt\u00e1sa szint\u00e9n harmadannyi, ebb\u0151l k\u00f6vetkez\u0151en<\/p>\n<p>A) vagy kb. h\u00e1romszor akkora ter\u00fclet \u00f6nt\u00f6zhet\u0151 egyszerre &#8211; \u00edgy kevesebb m\u00e1gnesszelep, kisebb automatika kell ugyanarra a feladatra;<\/p>\n<p>B) vagy lehet\u0151s\u00e9g ny\u00edlik gyeng\u00e9bb v\u00edzhozamadotts\u00e1gokkal is hat\u00e9konyan \u00f6nt\u00f6zni &#8211; ezzel \u00e9letre kelthet\u00fcnk alulm\u00e9retezett spray f\u00fav\u00f3k\u00e1kkal szerelt \u00f6nt\u00f6z\u00e9si k\u00f6r\u00f6ket.<\/p>\n<p>&nbsp;<\/p>\n<p>A\u00a0<strong>Hunter\u00a0MP 1000 Rotator<\/strong>\u00a0f\u00fav\u00f3k\u00e1kkal vizet takar\u00edthatunk meg, mivel a kis intenzit\u00e1s miatt nem folyik meg a ter\u00fcleten az \u00f6nt\u00f6z\u0151v\u00edz, ill. az egyenletess\u00e9ge rendk\u00edv\u00fcl j\u00f3. Az MP Rotatorral ak\u00e1r 30% v\u00edzmegtakar\u00edt\u00e1s \u00e9rhet\u0151 el!<\/p>\n<p><strong>V\u00edztakar\u00e9koss\u00e1g, a probl\u00e9m\u00e1k orvosl\u00e1sa \u00e9s jobb min\u0151s\u00e9g\u0171 \u00f6nt\u00f6z\u00e9s: nyom\u00f3s \u00e9rvek az MP Rotator mellett.<\/strong><\/li>\n<li>&#8211; v\u00e1ltoz\u00f3 kil\u00e9p\u0151sz\u00f6g\u0171 forg\u00f3 v\u00edzsugarak,<em>kimagasl\u00f3an egyenletes \u00f6nt\u00f6z\u00e9s<\/em>&nbsp;\n<p>&#8211; a\u00a0sz\u00f3r\u00e1sk\u00e9p v\u00e1ltoz\u00e1s\u00e1val ar\u00e1nyos a v\u00edzfogyaszt\u00e1s,\u00a0<em>az intenzit\u00e1s \u00e1lland\u00f3<\/em><\/p>\n<p>&nbsp;<\/p>\n<p>&#8211; a kett\u0151s kiemelked\u00e9snek k\u00f6sz\u00f6nhet\u0151en az MP Rotator\u00a0<em>rendk\u00edv\u00fcl szennyez\u0151d\u00e9st\u0171r\u0151<\/em><\/p>\n<p>&nbsp;<\/p>\n<p>&#8211;\u00a0egyszer\u0171 sz\u00f3r\u00e1sk\u00e9p-be\u00e1ll\u00edt\u00e1s,\u00a0<em>25%-kal cs\u00f6kkenthet\u0151 sz\u00f3r\u00e1si t\u00e1vols\u00e1g<\/em><\/li>\n<li><em>M\u0170SZAKI ADATOK<\/em>&#8211; \u00f6nt\u00f6z\u00e9si sz\u00f6g:\u00a0210-270\u00b0\u00a0k\u00f6z\u00f6tt \u00e1ll\u00edthat\u00f3\n<p><img loading=\"lazy\" decoding=\"async\" class=\"wp-image-13532 alignright\" src=\"https:\/\/tajkertesz.com\/wp-content\/uploads\/2021\/09\/hunter-mp_rotator_fuvokak_szinkodjai-300x125.jpg\" alt=\"\" width=\"468\" height=\"195\" srcset=\"https:\/\/tajkertesz.com\/wp-content\/uploads\/2021\/09\/hunter-mp_rotator_fuvokak_szinkodjai-300x125.jpg 300w, https:\/\/tajkertesz.com\/wp-content\/uploads\/2021\/09\/hunter-mp_rotator_fuvokak_szinkodjai-18x7.jpg 18w, https:\/\/tajkertesz.com\/wp-content\/uploads\/2021\/09\/hunter-mp_rotator_fuvokak_szinkodjai-600x249.jpg 600w, https:\/\/tajkertesz.com\/wp-content\/uploads\/2021\/09\/hunter-mp_rotator_fuvokak_szinkodjai-64x27.jpg 64w, https:\/\/tajkertesz.com\/wp-content\/uploads\/2021\/09\/hunter-mp_rotator_fuvokak_szinkodjai.jpg 700w\" sizes=\"(max-width: 468px) 100vw, 468px\" \/><\/li>\n<\/ul>\n<\/li>\n<\/ul>\n<p>&nbsp;<\/p>\n<p>&#8211; sz\u00f3r\u00e1si t\u00e1vols\u00e1g: 2,5-4,6 m<br \/>\n&#8211; kijuttatott v\u00edzmennyis\u00e9g: 1,4-2,5 l\/min<\/p>\n<p>&#8211; csapad\u00e9kintenzit\u00e1s: 9-13 mm\/h<\/p>\n<p>&#8211; nyom\u00e1startom\u00e1ny: 2,1-3,8 bar<\/p>\n<div id=\"bodyContent\" class=\"mw-body-content\">\n<div id=\"mw-content-text\" class=\"mw-content-ltr\" dir=\"ltr\" lang=\"hu\">\n<div id=\"bodyContent\" class=\"mw-body-content\">\n<div id=\"mw-content-text\" class=\"mw-content-ltr\" dir=\"ltr\" lang=\"hu\">\n<p><b><span style=\"font-family: 'Ubuntu',serif; color: black;\"><br \/>\nK\u00e9szlet\u00fcnk napi szinten v\u00e1ltozik, ez\u00e9rt k\u00e9rj\u00fck, \u00e9rdekl\u0151dj\u00f6n szem\u00e9lyesen, telefonon vagy email-en.<\/span><\/b>Kisz\u00e1ll\u00edt\u00e1s: 200 cm \u00e9s 40 kg is a sz\u00e1ll\u00edt\u00e1s fut\u00e1rszolg\u00e1lattal t\u00f6rt\u00e9nik.<\/p>\n<\/div>\n<\/div>\n<\/div>\n<\/div>\n<p style=\"line-height: 18.0pt; background: white; margin: 0cm 0cm 15.0pt 0cm;\"><b><span style=\"font-family: 'Ubuntu',serif; color: black;\">A v\u00e1ltoztat\u00e1s jog\u00e1t fenntartjuk!\u00a0<\/span><\/b><\/p>\n<p><a href=\"https:\/\/tajkertesz.com\/\">https:\/\/tajkertesz.com\/<\/a><\/p>\n<p><a href=\"https:\/\/www.facebook.com\/tajkertesz\">https:\/\/www.facebook.com\/tajkertesz<\/a><\/p>\n<p>&nbsp;<\/p>","protected":false},"excerpt":{"rendered":"<h1 class=\"artdet__name line-clamp--3-12\">MP ROT\u00c1TOR 1000 210-270 fokig \u00e1ll\u00edthat\u00f3<\/h1>\n<p>&nbsp;<\/p>","protected":false},"featured_media":9378,"template":"","meta":{"_et_pb_use_builder":"","_et_pb_old_content":"","_et_gb_content_width":""},"product_brand":[],"product_cat":[2722],"product_tag":[2741],"class_list":{"0":"post-9377","1":"product","2":"type-product","3":"status-publish","4":"has-post-thumbnail","6":"product_cat-fuvokak","7":"product_tag-mp-rotator-1000-210-270-fokig-allithato","9":"first","10":"instock","11":"shipping-taxable","12":"purchasable","13":"product-type-simple"},"yoast_head":"<!-- This site is optimized with the Yoast SEO plugin v27.4 - https:\/\/yoast.com\/product\/yoast-seo-wordpress\/ -->\n<title>MP ROT\u00c1TOR 1000 210-270 fokig \u00e1ll\u00edthat\u00f3 - T\u00e1jkert\u00e9sz<\/title>\n<meta name=\"description\" content=\"HUNTER MP ROT\u00c1TOR 1000 210-270 fokig \u00e1ll\u00edthat\u00f3, kis csapad\u00e9kintenzit\u00e1s, v\u00edztakar\u00e9kos f\u00fav\u00f3ka. Alacsony v\u00edznyom\u00e1sn\u00e1l is optim\u00e1lis lehet az \u00f6nt\u00f6z\u00e9s.\" \/>\n<meta name=\"robots\" content=\"index, follow, max-snippet:-1, max-image-preview:large, max-video-preview:-1\" \/>\n<link rel=\"canonical\" href=\"https:\/\/tajkertesz.com\/en_US\/product\/mp-rotator-1000-210-270-fokig-allithato\/\" \/>\n<meta property=\"og:locale\" content=\"en_US\" \/>\n<meta property=\"og:type\" content=\"article\" \/>\n<meta property=\"og:title\" content=\"MP ROT\u00c1TOR 1000 210-270 fokig \u00e1ll\u00edthat\u00f3 - T\u00e1jkert\u00e9sz\" \/>\n<meta property=\"og:description\" content=\"HUNTER MP ROT\u00c1TOR 1000 210-270 fokig \u00e1ll\u00edthat\u00f3, kis csapad\u00e9kintenzit\u00e1s, v\u00edztakar\u00e9kos f\u00fav\u00f3ka. Alacsony v\u00edznyom\u00e1sn\u00e1l is optim\u00e1lis lehet az \u00f6nt\u00f6z\u00e9s.\" \/>\n<meta property=\"og:url\" content=\"https:\/\/tajkertesz.com\/en_US\/product\/mp-rotator-1000-210-270-fokig-allithato\/\" \/>\n<meta property=\"og:site_name\" content=\"T\u00e1jkert\u00e9sz\" \/>\n<meta property=\"article:publisher\" content=\"https:\/\/www.facebook.com\/Tajkertesz\/\" \/>\n<meta property=\"article:modified_time\" content=\"2026-02-26T08:29:22+00:00\" \/>\n<meta property=\"og:image\" content=\"https:\/\/tajkertesz.com\/wp-content\/uploads\/2021\/09\/hunter_mp_rotator_mp_1000_210-270.jpg\" \/>\n\t<meta property=\"og:image:width\" content=\"484\" \/>\n\t<meta property=\"og:image:height\" content=\"484\" \/>\n\t<meta property=\"og:image:type\" content=\"image\/jpeg\" \/>\n<meta name=\"twitter:card\" content=\"summary_large_image\" \/>\n<meta name=\"twitter:label1\" content=\"Est. reading time\" \/>\n\t<meta name=\"twitter:data1\" content=\"3 minutes\" \/>\n<script type=\"application\/ld+json\" class=\"yoast-schema-graph\">{\"@context\":\"https:\\\/\\\/schema.org\",\"@graph\":[{\"@type\":\"WebPage\",\"@id\":\"https:\\\/\\\/tajkertesz.com\\\/termek\\\/mp-rotator-1000-210-270-fokig-allithato\\\/\",\"url\":\"https:\\\/\\\/tajkertesz.com\\\/termek\\\/mp-rotator-1000-210-270-fokig-allithato\\\/\",\"name\":\"MP ROT\u00c1TOR 1000 210-270 fokig \u00e1ll\u00edthat\u00f3 - T\u00e1jkert\u00e9sz\",\"isPartOf\":{\"@id\":\"https:\\\/\\\/tajkertesz.com\\\/#website\"},\"primaryImageOfPage\":{\"@id\":\"https:\\\/\\\/tajkertesz.com\\\/termek\\\/mp-rotator-1000-210-270-fokig-allithato\\\/#primaryimage\"},\"image\":{\"@id\":\"https:\\\/\\\/tajkertesz.com\\\/termek\\\/mp-rotator-1000-210-270-fokig-allithato\\\/#primaryimage\"},\"thumbnailUrl\":\"https:\\\/\\\/tajkertesz.com\\\/wp-content\\\/uploads\\\/2021\\\/09\\\/hunter_mp_rotator_mp_1000_210-270.jpg\",\"datePublished\":\"2021-09-20T11:20:43+00:00\",\"dateModified\":\"2026-02-26T08:29:22+00:00\",\"description\":\"HUNTER MP ROT\u00c1TOR 1000 210-270 fokig \u00e1ll\u00edthat\u00f3, kis csapad\u00e9kintenzit\u00e1s, v\u00edztakar\u00e9kos f\u00fav\u00f3ka. Alacsony v\u00edznyom\u00e1sn\u00e1l is optim\u00e1lis lehet az \u00f6nt\u00f6z\u00e9s.\",\"breadcrumb\":{\"@id\":\"https:\\\/\\\/tajkertesz.com\\\/termek\\\/mp-rotator-1000-210-270-fokig-allithato\\\/#breadcrumb\"},\"inLanguage\":\"en-US\",\"potentialAction\":[{\"@type\":\"ReadAction\",\"target\":[\"https:\\\/\\\/tajkertesz.com\\\/termek\\\/mp-rotator-1000-210-270-fokig-allithato\\\/\"]}]},{\"@type\":\"ImageObject\",\"inLanguage\":\"en-US\",\"@id\":\"https:\\\/\\\/tajkertesz.com\\\/termek\\\/mp-rotator-1000-210-270-fokig-allithato\\\/#primaryimage\",\"url\":\"https:\\\/\\\/tajkertesz.com\\\/wp-content\\\/uploads\\\/2021\\\/09\\\/hunter_mp_rotator_mp_1000_210-270.jpg\",\"contentUrl\":\"https:\\\/\\\/tajkertesz.com\\\/wp-content\\\/uploads\\\/2021\\\/09\\\/hunter_mp_rotator_mp_1000_210-270.jpg\",\"width\":484,\"height\":484},{\"@type\":\"BreadcrumbList\",\"@id\":\"https:\\\/\\\/tajkertesz.com\\\/termek\\\/mp-rotator-1000-210-270-fokig-allithato\\\/#breadcrumb\",\"itemListElement\":[{\"@type\":\"ListItem\",\"position\":1,\"name\":\"Home\",\"item\":\"https:\\\/\\\/tajkertesz.com\\\/\"},{\"@type\":\"ListItem\",\"position\":2,\"name\":\"Kezd\u0151lap\",\"item\":\"https:\\\/\\\/tajkertesz.com\\\/\"},{\"@type\":\"ListItem\",\"position\":3,\"name\":\"MP ROT\u00c1TOR 1000 210-270 fokig \u00e1ll\u00edthat\u00f3\"}]},{\"@type\":\"WebSite\",\"@id\":\"https:\\\/\\\/tajkertesz.com\\\/#website\",\"url\":\"https:\\\/\\\/tajkertesz.com\\\/\",\"name\":\"T\u00e1j-Kert\u00e9sz 84 Kft.\",\"description\":\"Kert\u00e9szeti kis- \u00e9s nagykeresked\u00e9s, D\u00edszn\u00f6v\u00e9ny web\u00e1ruh\u00e1z orsz\u00e1gos h\u00e1zhozsz\u00e1ll\u00edt\u00e1ssal!\",\"publisher\":{\"@id\":\"https:\\\/\\\/tajkertesz.com\\\/#organization\"},\"potentialAction\":[{\"@type\":\"SearchAction\",\"target\":{\"@type\":\"EntryPoint\",\"urlTemplate\":\"https:\\\/\\\/tajkertesz.com\\\/?s={search_term_string}\"},\"query-input\":{\"@type\":\"PropertyValueSpecification\",\"valueRequired\":true,\"valueName\":\"search_term_string\"}}],\"inLanguage\":\"en-US\"},{\"@type\":\"Organization\",\"@id\":\"https:\\\/\\\/tajkertesz.com\\\/#organization\",\"name\":\"T\u00e1j-Kert\u00e9sz 84 Kft.\",\"url\":\"https:\\\/\\\/tajkertesz.com\\\/\",\"logo\":{\"@type\":\"ImageObject\",\"inLanguage\":\"en-US\",\"@id\":\"https:\\\/\\\/tajkertesz.com\\\/#\\\/schema\\\/logo\\\/image\\\/\",\"url\":\"https:\\\/\\\/tajkertesz.com\\\/wp-content\\\/uploads\\\/2018\\\/02\\\/logo-2-e1518678052539.png\",\"contentUrl\":\"https:\\\/\\\/tajkertesz.com\\\/wp-content\\\/uploads\\\/2018\\\/02\\\/logo-2-e1518678052539.png\",\"width\":81,\"height\":140,\"caption\":\"T\u00e1j-Kert\u00e9sz 84 Kft.\"},\"image\":{\"@id\":\"https:\\\/\\\/tajkertesz.com\\\/#\\\/schema\\\/logo\\\/image\\\/\"},\"sameAs\":[\"https:\\\/\\\/www.facebook.com\\\/Tajkertesz\\\/\"]}]}<\/script>\n<!-- \/ Yoast SEO plugin. -->","yoast_head_json":{"title":"MP ROT\u00c1TOR 1000 210-270 fokig \u00e1ll\u00edthat\u00f3 - T\u00e1jkert\u00e9sz","description":"HUNTER MP ROT\u00c1TOR 1000 210-270 fokig \u00e1ll\u00edthat\u00f3, kis csapad\u00e9kintenzit\u00e1s, v\u00edztakar\u00e9kos f\u00fav\u00f3ka. Alacsony v\u00edznyom\u00e1sn\u00e1l is optim\u00e1lis lehet az \u00f6nt\u00f6z\u00e9s.","robots":{"index":"index","follow":"follow","max-snippet":"max-snippet:-1","max-image-preview":"max-image-preview:large","max-video-preview":"max-video-preview:-1"},"canonical":"https:\/\/tajkertesz.com\/en_US\/product\/mp-rotator-1000-210-270-fokig-allithato\/","og_locale":"en_US","og_type":"article","og_title":"MP ROT\u00c1TOR 1000 210-270 fokig \u00e1ll\u00edthat\u00f3 - T\u00e1jkert\u00e9sz","og_description":"HUNTER MP ROT\u00c1TOR 1000 210-270 fokig \u00e1ll\u00edthat\u00f3, kis csapad\u00e9kintenzit\u00e1s, v\u00edztakar\u00e9kos f\u00fav\u00f3ka. Alacsony v\u00edznyom\u00e1sn\u00e1l is optim\u00e1lis lehet az \u00f6nt\u00f6z\u00e9s.","og_url":"https:\/\/tajkertesz.com\/en_US\/product\/mp-rotator-1000-210-270-fokig-allithato\/","og_site_name":"T\u00e1jkert\u00e9sz","article_publisher":"https:\/\/www.facebook.com\/Tajkertesz\/","article_modified_time":"2026-02-26T08:29:22+00:00","og_image":[{"width":484,"height":484,"url":"https:\/\/tajkertesz.com\/wp-content\/uploads\/2021\/09\/hunter_mp_rotator_mp_1000_210-270.jpg","type":"image\/jpeg"}],"twitter_card":"summary_large_image","twitter_misc":{"Est. reading time":"3 minutes"},"schema":{"@context":"https:\/\/schema.org","@graph":[{"@type":"WebPage","@id":"https:\/\/tajkertesz.com\/termek\/mp-rotator-1000-210-270-fokig-allithato\/","url":"https:\/\/tajkertesz.com\/termek\/mp-rotator-1000-210-270-fokig-allithato\/","name":"MP ROT\u00c1TOR 1000 210-270 fokig \u00e1ll\u00edthat\u00f3 - T\u00e1jkert\u00e9sz","isPartOf":{"@id":"https:\/\/tajkertesz.com\/#website"},"primaryImageOfPage":{"@id":"https:\/\/tajkertesz.com\/termek\/mp-rotator-1000-210-270-fokig-allithato\/#primaryimage"},"image":{"@id":"https:\/\/tajkertesz.com\/termek\/mp-rotator-1000-210-270-fokig-allithato\/#primaryimage"},"thumbnailUrl":"https:\/\/tajkertesz.com\/wp-content\/uploads\/2021\/09\/hunter_mp_rotator_mp_1000_210-270.jpg","datePublished":"2021-09-20T11:20:43+00:00","dateModified":"2026-02-26T08:29:22+00:00","description":"HUNTER MP ROT\u00c1TOR 1000 210-270 fokig \u00e1ll\u00edthat\u00f3, kis csapad\u00e9kintenzit\u00e1s, v\u00edztakar\u00e9kos f\u00fav\u00f3ka. Alacsony v\u00edznyom\u00e1sn\u00e1l is optim\u00e1lis lehet az \u00f6nt\u00f6z\u00e9s.","breadcrumb":{"@id":"https:\/\/tajkertesz.com\/termek\/mp-rotator-1000-210-270-fokig-allithato\/#breadcrumb"},"inLanguage":"en-US","potentialAction":[{"@type":"ReadAction","target":["https:\/\/tajkertesz.com\/termek\/mp-rotator-1000-210-270-fokig-allithato\/"]}]},{"@type":"ImageObject","inLanguage":"en-US","@id":"https:\/\/tajkertesz.com\/termek\/mp-rotator-1000-210-270-fokig-allithato\/#primaryimage","url":"https:\/\/tajkertesz.com\/wp-content\/uploads\/2021\/09\/hunter_mp_rotator_mp_1000_210-270.jpg","contentUrl":"https:\/\/tajkertesz.com\/wp-content\/uploads\/2021\/09\/hunter_mp_rotator_mp_1000_210-270.jpg","width":484,"height":484},{"@type":"BreadcrumbList","@id":"https:\/\/tajkertesz.com\/termek\/mp-rotator-1000-210-270-fokig-allithato\/#breadcrumb","itemListElement":[{"@type":"ListItem","position":1,"name":"Home","item":"https:\/\/tajkertesz.com\/"},{"@type":"ListItem","position":2,"name":"Kezd\u0151lap","item":"https:\/\/tajkertesz.com\/"},{"@type":"ListItem","position":3,"name":"MP ROT\u00c1TOR 1000 210-270 fokig \u00e1ll\u00edthat\u00f3"}]},{"@type":"WebSite","@id":"https:\/\/tajkertesz.com\/#website","url":"https:\/\/tajkertesz.com\/","name":"T\u00e1j-Kert\u00e9sz 84 Kft.","description":"Kert\u00e9szeti kis- \u00e9s nagykeresked\u00e9s, D\u00edszn\u00f6v\u00e9ny web\u00e1ruh\u00e1z orsz\u00e1gos h\u00e1zhozsz\u00e1ll\u00edt\u00e1ssal!","publisher":{"@id":"https:\/\/tajkertesz.com\/#organization"},"potentialAction":[{"@type":"SearchAction","target":{"@type":"EntryPoint","urlTemplate":"https:\/\/tajkertesz.com\/?s={search_term_string}"},"query-input":{"@type":"PropertyValueSpecification","valueRequired":true,"valueName":"search_term_string"}}],"inLanguage":"en-US"},{"@type":"Organization","@id":"https:\/\/tajkertesz.com\/#organization","name":"T\u00e1j-Kert\u00e9sz 84 Kft.","url":"https:\/\/tajkertesz.com\/","logo":{"@type":"ImageObject","inLanguage":"en-US","@id":"https:\/\/tajkertesz.com\/#\/schema\/logo\/image\/","url":"https:\/\/tajkertesz.com\/wp-content\/uploads\/2018\/02\/logo-2-e1518678052539.png","contentUrl":"https:\/\/tajkertesz.com\/wp-content\/uploads\/2018\/02\/logo-2-e1518678052539.png","width":81,"height":140,"caption":"T\u00e1j-Kert\u00e9sz 84 Kft."},"image":{"@id":"https:\/\/tajkertesz.com\/#\/schema\/logo\/image\/"},"sameAs":["https:\/\/www.facebook.com\/Tajkertesz\/"]}]}},"_links":{"self":[{"href":"https:\/\/tajkertesz.com\/en_US\/wp-json\/wp\/v2\/product\/9377","targetHints":{"allow":["GET"]}}],"collection":[{"href":"https:\/\/tajkertesz.com\/en_US\/wp-json\/wp\/v2\/product"}],"about":[{"href":"https:\/\/tajkertesz.com\/en_US\/wp-json\/wp\/v2\/types\/product"}],"wp:featuredmedia":[{"embeddable":true,"href":"https:\/\/tajkertesz.com\/en_US\/wp-json\/wp\/v2\/media\/9378"}],"wp:attachment":[{"href":"https:\/\/tajkertesz.com\/en_US\/wp-json\/wp\/v2\/media?parent=9377"}],"wp:term":[{"taxonomy":"product_brand","embeddable":true,"href":"https:\/\/tajkertesz.com\/en_US\/wp-json\/wp\/v2\/product_brand?post=9377"},{"taxonomy":"product_cat","embeddable":true,"href":"https:\/\/tajkertesz.com\/en_US\/wp-json\/wp\/v2\/product_cat?post=9377"},{"taxonomy":"product_tag","embeddable":true,"href":"https:\/\/tajkertesz.com\/en_US\/wp-json\/wp\/v2\/product_tag?post=9377"}],"curies":[{"name":"wp","href":"https:\/\/api.w.org\/{rel}","templated":true}]}}