{"id":9379,"date":"2021-09-20T11:24:28","date_gmt":"2021-09-20T11:24:28","guid":{"rendered":"https:\/\/tajkertesz.com\/?post_type=product&#038;p=9379"},"modified":"2026-02-26T08:26:13","modified_gmt":"2026-02-26T08:26:13","slug":"mp-rotator-3000-360-fokos","status":"publish","type":"product","link":"https:\/\/tajkertesz.com\/en_US\/product\/mp-rotator-3000-360-fokos\/","title":{"rendered":"MP ROT\u00c1TOR 3000 360 fokos"},"content":{"rendered":"<h1 class=\"artdet__name line-clamp--3-12\">MP ROT\u00c1TOR 3000 360 fokos<\/h1>\n<p class=\"artdet__name line-clamp--3-12\">MP ROT\u00c1TOR 3000 360 fokos<img loading=\"lazy\" decoding=\"async\" class=\"wp-image-13533 alignleft\" src=\"https:\/\/tajkertesz.com\/wp-content\/uploads\/2021\/09\/mp-rotator-300x146.jpg\" alt=\"\" width=\"343\" height=\"167\" srcset=\"https:\/\/tajkertesz.com\/wp-content\/uploads\/2021\/09\/mp-rotator-300x146.jpg 300w, https:\/\/tajkertesz.com\/wp-content\/uploads\/2021\/09\/mp-rotator-768x374.jpg 768w, https:\/\/tajkertesz.com\/wp-content\/uploads\/2021\/09\/mp-rotator-18x9.jpg 18w, https:\/\/tajkertesz.com\/wp-content\/uploads\/2021\/09\/mp-rotator-600x292.jpg 600w, https:\/\/tajkertesz.com\/wp-content\/uploads\/2021\/09\/mp-rotator-64x31.jpg 64w, https:\/\/tajkertesz.com\/wp-content\/uploads\/2021\/09\/mp-rotator.jpg 834w\" sizes=\"(max-width: 343px) 100vw, 343px\" \/><\/p>\n<ul>\n<li class=\"artdet__name line-clamp--3-12\">Egyenletes \u00f6nt\u00f6z\u00e9s: a v\u00e1ltoz\u00f3 kil\u00e9p\u0151sz\u00f6g\u0171 v\u00edzsugaraknak k\u00f6sz\u00f6nhet\u0151en<\/li>\n<li>Takar\u00e9kos,\u00a0ak\u00e1r 30% v\u00edzmegtakar\u00edt\u00e1s \u00e9rhet\u0151 el<\/li>\n<li>Sz\u00f3r\u00e1si t\u00e1vols\u00e1g:\u00a0a sz\u00f3r\u00e1si sug\u00e1r 25%-kal cs\u00f6kkenthet\u0151<\/li>\n<li>\u00f6nt\u00f6z\u00e9si t\u00e1vols\u00e1g: 6,7 &#8211; 9,1 m\u00e9ter<\/li>\n<li>sz\u00f3r\u00e1si sz\u00f6g: fix 360\u00b0<\/li>\n<li>A\u00a0<strong>Hunter MP Rotator<\/strong>\u00a0sorozat egyed\u00fcl\u00e1ll\u00f3 v\u00e1ltoz\u00f3 kil\u00e9p\u0151sz\u00f6g\u0171, forg\u00f3 v\u00edzsugarakat kibocs\u00e1t\u00f3 f\u00fav\u00f3ka, mellyel kimagasl\u00f3an egyenletes \u00f6nt\u00f6z\u00e9s \u00e9rhet\u0151 el, v\u00edzmegtakar\u00edt\u00e1s mellett. M\u00e9ret\u00e9nek \u00e9s kialak\u00edt\u00e1s\u00e1nak k\u00f6sz\u00f6nhet\u0151en b\u00e1rmilyen bels\u0151 menetes f\u00fav\u00f3k\u00e1val szerelhet\u0151 sz\u00f3r\u00f3fejh\u00e1zba egyszer\u0171en be\u00e9p\u00edthet\u0151. Az\u00a0<strong>MP Rotator f\u00fav\u00f3k\u00e1k<\/strong> v\u00edzfogyaszt\u00e1sa j\u00f3val alacsonyabb a spray-s f\u00fav\u00f3k\u00e1khoz k\u00e9pest, \u00edgy t\u00f6bb sz\u00f3r\u00f3fejet helyezhet\u00fcnk egy k\u00f6rre, ez\u00e1ltal nagyobb ter\u00fcletet \u00f6nt\u00f6zhet\u00fcnk vele. Az \u00f6nt\u00f6z\u0151rendszer tervez\u00e9s\u00e9n\u00e9l ez fontos szempont, hiszen \u00edgy kevesebb m\u00e1gnesszeleppel, kisebb \u00f6nt\u00f6z\u00e9svez\u00e9rl\u0151vel is megoldhat\u00f3 a ter\u00fclet hat\u00e9kony \u00f6nt\u00f6z\u00e9se. R\u00e9gi rendszerekn\u00e9l ahol kisebb m\u00e1r a v\u00edznyom\u00e1s \u00e9s a f\u00fav\u00f3k\u00e1k nem m\u0171k\u00f6dnek megfelel\u0151en az MP Rot\u00e1tor be\u00e9p\u00edt\u00e9se ut\u00e1n hatalmas v\u00e1ltoz\u00e1st fogunk tapasztalni. A sz\u00f3r\u00f3fejek hat\u00e1rozottabban emelkednek majd ki \u00e9s a ter\u00fclet be\u00f6nt\u00f6z\u00e9se is sokkal hat\u00e1sosabb lesz!<\/li>\n<li>A\u00a0<strong>Hunter MP 3000<\/strong>\u00a0f\u00fav\u00f3ka sz\u00f3r\u00e1si sz\u00f6ge fix 360\u00b0, sz\u00f3r\u00e1si t\u00e1vols\u00e1ga 6,7 &#8211; 9,1 m\u00e9ter, mely 25%-kal cs\u00f6kkenthet\u0151 a f\u00fav\u00f3ka tetej\u00e9n tal\u00e1lhat\u00f3 csavar seg\u00edts\u00e9g\u00e9vel, an\u00e9lk\u00fcl, hogy a sz\u00f3r\u00e1sk\u00e9p megv\u00e1ltozna.<\/li>\n<li>m\u0171k\u00f6d\u00e9si nyo<img loading=\"lazy\" decoding=\"async\" class=\"wp-image-13532 alignleft\" src=\"https:\/\/tajkertesz.com\/wp-content\/uploads\/2021\/09\/hunter-mp_rotator_fuvokak_szinkodjai-300x125.jpg\" alt=\"\" width=\"410\" height=\"171\" srcset=\"https:\/\/tajkertesz.com\/wp-content\/uploads\/2021\/09\/hunter-mp_rotator_fuvokak_szinkodjai-300x125.jpg 300w, https:\/\/tajkertesz.com\/wp-content\/uploads\/2021\/09\/hunter-mp_rotator_fuvokak_szinkodjai-18x7.jpg 18w, https:\/\/tajkertesz.com\/wp-content\/uploads\/2021\/09\/hunter-mp_rotator_fuvokak_szinkodjai-600x249.jpg 600w, https:\/\/tajkertesz.com\/wp-content\/uploads\/2021\/09\/hunter-mp_rotator_fuvokak_szinkodjai-64x27.jpg 64w, https:\/\/tajkertesz.com\/wp-content\/uploads\/2021\/09\/hunter-mp_rotator_fuvokak_szinkodjai.jpg 700w\" sizes=\"(max-width: 410px) 100vw, 410px\" \/>m\u00e1s: 2 &#8211; 3,75 bar<\/li>\n<\/ul>\n<div id=\"bodyContent\" class=\"mw-body-content\">\n<div id=\"mw-content-text\" class=\"mw-content-ltr\" dir=\"ltr\" lang=\"hu\">\n<div id=\"bodyContent\" class=\"mw-body-content\">\n<div id=\"mw-content-text\" class=\"mw-content-ltr\" dir=\"ltr\" lang=\"hu\">\n<p><b><span style=\"font-family: 'Ubuntu',serif; color: black;\"><br \/>\nK\u00e9szlet\u00fcnk napi szinten v\u00e1ltozik, ez\u00e9rt k\u00e9rj\u00fck, \u00e9rdekl\u0151dj\u00f6n szem\u00e9lyesen, telefonon vagy email-en.<\/span><\/b>Kisz\u00e1ll\u00edt\u00e1s: 200 cm \u00e9s 40 kg is a sz\u00e1ll\u00edt\u00e1s fut\u00e1rszolg\u00e1lattal t\u00f6rt\u00e9nik.<\/p>\n<\/div>\n<\/div>\n<\/div>\n<\/div>\n<p style=\"line-height: 18.0pt; background: white; margin: 0cm 0cm 15.0pt 0cm;\"><b><span style=\"font-family: 'Ubuntu',serif; color: black;\">A v\u00e1ltoztat\u00e1s jog\u00e1t fenntartjuk!\u00a0<\/span><\/b><\/p>\n<p><span style=\"color: #ffffff;\">g<\/span><\/p>\n<p><a href=\"https:\/\/tajkertesz.com\/\">https:\/\/tajkertesz.com\/<\/a><\/p>\n<p><a href=\"https:\/\/www.facebook.com\/tajkertesz\">https:\/\/www.facebook.com\/tajkertesz<\/a><\/p>\n<p>&nbsp;<\/p>","protected":false},"excerpt":{"rendered":"<h1 class=\"artdet__name line-clamp--3-12\">MP ROT\u00c1TOR 3000 360 fokos<\/h1>\n<p>&nbsp;<\/p>","protected":false},"featured_media":9380,"template":"","meta":{"_et_pb_use_builder":"","_et_pb_old_content":"","_et_gb_content_width":""},"product_brand":[],"product_cat":[2722],"product_tag":[2742],"class_list":{"0":"post-9379","1":"product","2":"type-product","3":"status-publish","4":"has-post-thumbnail","6":"product_cat-fuvokak","7":"product_tag-mp-rotator-3000-360-fokos","9":"first","10":"instock","11":"shipping-taxable","12":"purchasable","13":"product-type-simple"},"yoast_head":"<!-- This site is optimized with the Yoast SEO plugin v27.4 - https:\/\/yoast.com\/product\/yoast-seo-wordpress\/ -->\n<title>MP ROT\u00c1TOR 3000 360 fokos - T\u00e1jkert\u00e9sz<\/title>\n<meta name=\"description\" content=\"MP ROT\u00c1TOR 3000 360 fokos Egyenletes \u00f6nt\u00f6z\u00e9s: a v\u00e1ltoz\u00f3 kil\u00e9p\u0151sz\u00f6g\u0171 v\u00edzsugaraknak k\u00f6sz\u00f6nhet\u0151en.Takar\u00e9kos,\u00a0ak\u00e1r 30% v\u00edzmegtakar\u00edt\u00e1s \u00e9rhet\u0151 el\" \/>\n<meta name=\"robots\" content=\"index, follow, max-snippet:-1, max-image-preview:large, max-video-preview:-1\" \/>\n<link rel=\"canonical\" href=\"https:\/\/tajkertesz.com\/en_US\/product\/mp-rotator-3000-360-fokos\/\" \/>\n<meta property=\"og:locale\" content=\"en_US\" \/>\n<meta property=\"og:type\" content=\"article\" \/>\n<meta property=\"og:title\" content=\"MP ROT\u00c1TOR 3000 360 fokos - T\u00e1jkert\u00e9sz\" \/>\n<meta property=\"og:description\" content=\"MP ROT\u00c1TOR 3000 360 fokos Egyenletes \u00f6nt\u00f6z\u00e9s: a v\u00e1ltoz\u00f3 kil\u00e9p\u0151sz\u00f6g\u0171 v\u00edzsugaraknak k\u00f6sz\u00f6nhet\u0151en.Takar\u00e9kos,\u00a0ak\u00e1r 30% v\u00edzmegtakar\u00edt\u00e1s \u00e9rhet\u0151 el\" \/>\n<meta property=\"og:url\" content=\"https:\/\/tajkertesz.com\/en_US\/product\/mp-rotator-3000-360-fokos\/\" \/>\n<meta property=\"og:site_name\" content=\"T\u00e1jkert\u00e9sz\" \/>\n<meta property=\"article:publisher\" content=\"https:\/\/www.facebook.com\/Tajkertesz\/\" \/>\n<meta property=\"article:modified_time\" content=\"2026-02-26T08:26:13+00:00\" \/>\n<meta property=\"og:image\" content=\"https:\/\/tajkertesz.com\/wp-content\/uploads\/2021\/09\/hunter-mp-rotator-3000-360-rotoros-fuvoka-550x550..jpg\" \/>\n\t<meta property=\"og:image:width\" content=\"550\" \/>\n\t<meta property=\"og:image:height\" content=\"550\" \/>\n\t<meta property=\"og:image:type\" content=\"image\/jpeg\" \/>\n<meta name=\"twitter:card\" content=\"summary_large_image\" \/>\n<meta name=\"twitter:label1\" content=\"Est. reading time\" \/>\n\t<meta name=\"twitter:data1\" content=\"2 minutes\" \/>\n<script type=\"application\/ld+json\" class=\"yoast-schema-graph\">{\"@context\":\"https:\\\/\\\/schema.org\",\"@graph\":[{\"@type\":\"WebPage\",\"@id\":\"https:\\\/\\\/tajkertesz.com\\\/termek\\\/mp-rotator-3000-360-fokos\\\/\",\"url\":\"https:\\\/\\\/tajkertesz.com\\\/termek\\\/mp-rotator-3000-360-fokos\\\/\",\"name\":\"MP ROT\u00c1TOR 3000 360 fokos - T\u00e1jkert\u00e9sz\",\"isPartOf\":{\"@id\":\"https:\\\/\\\/tajkertesz.com\\\/#website\"},\"primaryImageOfPage\":{\"@id\":\"https:\\\/\\\/tajkertesz.com\\\/termek\\\/mp-rotator-3000-360-fokos\\\/#primaryimage\"},\"image\":{\"@id\":\"https:\\\/\\\/tajkertesz.com\\\/termek\\\/mp-rotator-3000-360-fokos\\\/#primaryimage\"},\"thumbnailUrl\":\"https:\\\/\\\/tajkertesz.com\\\/wp-content\\\/uploads\\\/2021\\\/09\\\/hunter-mp-rotator-3000-360-rotoros-fuvoka-550x550..jpg\",\"datePublished\":\"2021-09-20T11:24:28+00:00\",\"dateModified\":\"2026-02-26T08:26:13+00:00\",\"description\":\"MP ROT\u00c1TOR 3000 360 fokos Egyenletes \u00f6nt\u00f6z\u00e9s: a v\u00e1ltoz\u00f3 kil\u00e9p\u0151sz\u00f6g\u0171 v\u00edzsugaraknak k\u00f6sz\u00f6nhet\u0151en.Takar\u00e9kos,\u00a0ak\u00e1r 30% v\u00edzmegtakar\u00edt\u00e1s \u00e9rhet\u0151 el\",\"breadcrumb\":{\"@id\":\"https:\\\/\\\/tajkertesz.com\\\/termek\\\/mp-rotator-3000-360-fokos\\\/#breadcrumb\"},\"inLanguage\":\"en-US\",\"potentialAction\":[{\"@type\":\"ReadAction\",\"target\":[\"https:\\\/\\\/tajkertesz.com\\\/termek\\\/mp-rotator-3000-360-fokos\\\/\"]}]},{\"@type\":\"ImageObject\",\"inLanguage\":\"en-US\",\"@id\":\"https:\\\/\\\/tajkertesz.com\\\/termek\\\/mp-rotator-3000-360-fokos\\\/#primaryimage\",\"url\":\"https:\\\/\\\/tajkertesz.com\\\/wp-content\\\/uploads\\\/2021\\\/09\\\/hunter-mp-rotator-3000-360-rotoros-fuvoka-550x550..jpg\",\"contentUrl\":\"https:\\\/\\\/tajkertesz.com\\\/wp-content\\\/uploads\\\/2021\\\/09\\\/hunter-mp-rotator-3000-360-rotoros-fuvoka-550x550..jpg\",\"width\":550,\"height\":550},{\"@type\":\"BreadcrumbList\",\"@id\":\"https:\\\/\\\/tajkertesz.com\\\/termek\\\/mp-rotator-3000-360-fokos\\\/#breadcrumb\",\"itemListElement\":[{\"@type\":\"ListItem\",\"position\":1,\"name\":\"Home\",\"item\":\"https:\\\/\\\/tajkertesz.com\\\/\"},{\"@type\":\"ListItem\",\"position\":2,\"name\":\"Kezd\u0151lap\",\"item\":\"https:\\\/\\\/tajkertesz.com\\\/\"},{\"@type\":\"ListItem\",\"position\":3,\"name\":\"MP ROT\u00c1TOR 3000 360 fokos\"}]},{\"@type\":\"WebSite\",\"@id\":\"https:\\\/\\\/tajkertesz.com\\\/#website\",\"url\":\"https:\\\/\\\/tajkertesz.com\\\/\",\"name\":\"T\u00e1j-Kert\u00e9sz 84 Kft.\",\"description\":\"Kert\u00e9szeti kis- \u00e9s nagykeresked\u00e9s, D\u00edszn\u00f6v\u00e9ny web\u00e1ruh\u00e1z orsz\u00e1gos h\u00e1zhozsz\u00e1ll\u00edt\u00e1ssal!\",\"publisher\":{\"@id\":\"https:\\\/\\\/tajkertesz.com\\\/#organization\"},\"potentialAction\":[{\"@type\":\"SearchAction\",\"target\":{\"@type\":\"EntryPoint\",\"urlTemplate\":\"https:\\\/\\\/tajkertesz.com\\\/?s={search_term_string}\"},\"query-input\":{\"@type\":\"PropertyValueSpecification\",\"valueRequired\":true,\"valueName\":\"search_term_string\"}}],\"inLanguage\":\"en-US\"},{\"@type\":\"Organization\",\"@id\":\"https:\\\/\\\/tajkertesz.com\\\/#organization\",\"name\":\"T\u00e1j-Kert\u00e9sz 84 Kft.\",\"url\":\"https:\\\/\\\/tajkertesz.com\\\/\",\"logo\":{\"@type\":\"ImageObject\",\"inLanguage\":\"en-US\",\"@id\":\"https:\\\/\\\/tajkertesz.com\\\/#\\\/schema\\\/logo\\\/image\\\/\",\"url\":\"https:\\\/\\\/tajkertesz.com\\\/wp-content\\\/uploads\\\/2018\\\/02\\\/logo-2-e1518678052539.png\",\"contentUrl\":\"https:\\\/\\\/tajkertesz.com\\\/wp-content\\\/uploads\\\/2018\\\/02\\\/logo-2-e1518678052539.png\",\"width\":81,\"height\":140,\"caption\":\"T\u00e1j-Kert\u00e9sz 84 Kft.\"},\"image\":{\"@id\":\"https:\\\/\\\/tajkertesz.com\\\/#\\\/schema\\\/logo\\\/image\\\/\"},\"sameAs\":[\"https:\\\/\\\/www.facebook.com\\\/Tajkertesz\\\/\"]}]}<\/script>\n<!-- \/ Yoast SEO plugin. -->","yoast_head_json":{"title":"MP ROT\u00c1TOR 3000 360 fokos - T\u00e1jkert\u00e9sz","description":"MP ROT\u00c1TOR 3000 360 fokos Egyenletes \u00f6nt\u00f6z\u00e9s: a v\u00e1ltoz\u00f3 kil\u00e9p\u0151sz\u00f6g\u0171 v\u00edzsugaraknak k\u00f6sz\u00f6nhet\u0151en.Takar\u00e9kos,\u00a0ak\u00e1r 30% v\u00edzmegtakar\u00edt\u00e1s \u00e9rhet\u0151 el","robots":{"index":"index","follow":"follow","max-snippet":"max-snippet:-1","max-image-preview":"max-image-preview:large","max-video-preview":"max-video-preview:-1"},"canonical":"https:\/\/tajkertesz.com\/en_US\/product\/mp-rotator-3000-360-fokos\/","og_locale":"en_US","og_type":"article","og_title":"MP ROT\u00c1TOR 3000 360 fokos - T\u00e1jkert\u00e9sz","og_description":"MP ROT\u00c1TOR 3000 360 fokos Egyenletes \u00f6nt\u00f6z\u00e9s: a v\u00e1ltoz\u00f3 kil\u00e9p\u0151sz\u00f6g\u0171 v\u00edzsugaraknak k\u00f6sz\u00f6nhet\u0151en.Takar\u00e9kos,\u00a0ak\u00e1r 30% v\u00edzmegtakar\u00edt\u00e1s \u00e9rhet\u0151 el","og_url":"https:\/\/tajkertesz.com\/en_US\/product\/mp-rotator-3000-360-fokos\/","og_site_name":"T\u00e1jkert\u00e9sz","article_publisher":"https:\/\/www.facebook.com\/Tajkertesz\/","article_modified_time":"2026-02-26T08:26:13+00:00","og_image":[{"width":550,"height":550,"url":"https:\/\/tajkertesz.com\/wp-content\/uploads\/2021\/09\/hunter-mp-rotator-3000-360-rotoros-fuvoka-550x550..jpg","type":"image\/jpeg"}],"twitter_card":"summary_large_image","twitter_misc":{"Est. reading time":"2 minutes"},"schema":{"@context":"https:\/\/schema.org","@graph":[{"@type":"WebPage","@id":"https:\/\/tajkertesz.com\/termek\/mp-rotator-3000-360-fokos\/","url":"https:\/\/tajkertesz.com\/termek\/mp-rotator-3000-360-fokos\/","name":"MP ROT\u00c1TOR 3000 360 fokos - T\u00e1jkert\u00e9sz","isPartOf":{"@id":"https:\/\/tajkertesz.com\/#website"},"primaryImageOfPage":{"@id":"https:\/\/tajkertesz.com\/termek\/mp-rotator-3000-360-fokos\/#primaryimage"},"image":{"@id":"https:\/\/tajkertesz.com\/termek\/mp-rotator-3000-360-fokos\/#primaryimage"},"thumbnailUrl":"https:\/\/tajkertesz.com\/wp-content\/uploads\/2021\/09\/hunter-mp-rotator-3000-360-rotoros-fuvoka-550x550..jpg","datePublished":"2021-09-20T11:24:28+00:00","dateModified":"2026-02-26T08:26:13+00:00","description":"MP ROT\u00c1TOR 3000 360 fokos Egyenletes \u00f6nt\u00f6z\u00e9s: a v\u00e1ltoz\u00f3 kil\u00e9p\u0151sz\u00f6g\u0171 v\u00edzsugaraknak k\u00f6sz\u00f6nhet\u0151en.Takar\u00e9kos,\u00a0ak\u00e1r 30% v\u00edzmegtakar\u00edt\u00e1s \u00e9rhet\u0151 el","breadcrumb":{"@id":"https:\/\/tajkertesz.com\/termek\/mp-rotator-3000-360-fokos\/#breadcrumb"},"inLanguage":"en-US","potentialAction":[{"@type":"ReadAction","target":["https:\/\/tajkertesz.com\/termek\/mp-rotator-3000-360-fokos\/"]}]},{"@type":"ImageObject","inLanguage":"en-US","@id":"https:\/\/tajkertesz.com\/termek\/mp-rotator-3000-360-fokos\/#primaryimage","url":"https:\/\/tajkertesz.com\/wp-content\/uploads\/2021\/09\/hunter-mp-rotator-3000-360-rotoros-fuvoka-550x550..jpg","contentUrl":"https:\/\/tajkertesz.com\/wp-content\/uploads\/2021\/09\/hunter-mp-rotator-3000-360-rotoros-fuvoka-550x550..jpg","width":550,"height":550},{"@type":"BreadcrumbList","@id":"https:\/\/tajkertesz.com\/termek\/mp-rotator-3000-360-fokos\/#breadcrumb","itemListElement":[{"@type":"ListItem","position":1,"name":"Home","item":"https:\/\/tajkertesz.com\/"},{"@type":"ListItem","position":2,"name":"Kezd\u0151lap","item":"https:\/\/tajkertesz.com\/"},{"@type":"ListItem","position":3,"name":"MP ROT\u00c1TOR 3000 360 fokos"}]},{"@type":"WebSite","@id":"https:\/\/tajkertesz.com\/#website","url":"https:\/\/tajkertesz.com\/","name":"T\u00e1j-Kert\u00e9sz 84 Kft.","description":"Kert\u00e9szeti kis- \u00e9s nagykeresked\u00e9s, D\u00edszn\u00f6v\u00e9ny web\u00e1ruh\u00e1z orsz\u00e1gos h\u00e1zhozsz\u00e1ll\u00edt\u00e1ssal!","publisher":{"@id":"https:\/\/tajkertesz.com\/#organization"},"potentialAction":[{"@type":"SearchAction","target":{"@type":"EntryPoint","urlTemplate":"https:\/\/tajkertesz.com\/?s={search_term_string}"},"query-input":{"@type":"PropertyValueSpecification","valueRequired":true,"valueName":"search_term_string"}}],"inLanguage":"en-US"},{"@type":"Organization","@id":"https:\/\/tajkertesz.com\/#organization","name":"T\u00e1j-Kert\u00e9sz 84 Kft.","url":"https:\/\/tajkertesz.com\/","logo":{"@type":"ImageObject","inLanguage":"en-US","@id":"https:\/\/tajkertesz.com\/#\/schema\/logo\/image\/","url":"https:\/\/tajkertesz.com\/wp-content\/uploads\/2018\/02\/logo-2-e1518678052539.png","contentUrl":"https:\/\/tajkertesz.com\/wp-content\/uploads\/2018\/02\/logo-2-e1518678052539.png","width":81,"height":140,"caption":"T\u00e1j-Kert\u00e9sz 84 Kft."},"image":{"@id":"https:\/\/tajkertesz.com\/#\/schema\/logo\/image\/"},"sameAs":["https:\/\/www.facebook.com\/Tajkertesz\/"]}]}},"_links":{"self":[{"href":"https:\/\/tajkertesz.com\/en_US\/wp-json\/wp\/v2\/product\/9379","targetHints":{"allow":["GET"]}}],"collection":[{"href":"https:\/\/tajkertesz.com\/en_US\/wp-json\/wp\/v2\/product"}],"about":[{"href":"https:\/\/tajkertesz.com\/en_US\/wp-json\/wp\/v2\/types\/product"}],"wp:featuredmedia":[{"embeddable":true,"href":"https:\/\/tajkertesz.com\/en_US\/wp-json\/wp\/v2\/media\/9380"}],"wp:attachment":[{"href":"https:\/\/tajkertesz.com\/en_US\/wp-json\/wp\/v2\/media?parent=9379"}],"wp:term":[{"taxonomy":"product_brand","embeddable":true,"href":"https:\/\/tajkertesz.com\/en_US\/wp-json\/wp\/v2\/product_brand?post=9379"},{"taxonomy":"product_cat","embeddable":true,"href":"https:\/\/tajkertesz.com\/en_US\/wp-json\/wp\/v2\/product_cat?post=9379"},{"taxonomy":"product_tag","embeddable":true,"href":"https:\/\/tajkertesz.com\/en_US\/wp-json\/wp\/v2\/product_tag?post=9379"}],"curies":[{"name":"wp","href":"https:\/\/api.w.org\/{rel}","templated":true}]}}