{"id":9381,"date":"2021-09-20T11:30:48","date_gmt":"2021-09-20T11:30:48","guid":{"rendered":"https:\/\/tajkertesz.com\/?post_type=product&#038;p=9381"},"modified":"2026-02-26T08:25:47","modified_gmt":"2026-02-26T08:25:47","slug":"mp-rotator-3000-90-210","status":"publish","type":"product","link":"https:\/\/tajkertesz.com\/en_US\/product\/mp-rotator-3000-90-210\/","title":{"rendered":"HUNTER MP ROT\u00c1TOR 3000 90-210\u00b0"},"content":{"rendered":"<h1 class=\"artdet__name line-clamp--3-12\">HUNTER MP ROT\u00c1TOR 3000 90-210\u00b0<\/h1>\n<p class=\"artdet__name line-clamp--3-12\">MP ROT\u00c1TOR 3000 90-210\u00b0<img loading=\"lazy\" decoding=\"async\" class=\"wp-image-13533 alignright\" src=\"https:\/\/tajkertesz.com\/wp-content\/uploads\/2021\/09\/mp-rotator-300x146.jpg\" alt=\"\" width=\"518\" height=\"252\" srcset=\"https:\/\/tajkertesz.com\/wp-content\/uploads\/2021\/09\/mp-rotator-300x146.jpg 300w, https:\/\/tajkertesz.com\/wp-content\/uploads\/2021\/09\/mp-rotator-768x374.jpg 768w, https:\/\/tajkertesz.com\/wp-content\/uploads\/2021\/09\/mp-rotator-18x9.jpg 18w, https:\/\/tajkertesz.com\/wp-content\/uploads\/2021\/09\/mp-rotator-600x292.jpg 600w, https:\/\/tajkertesz.com\/wp-content\/uploads\/2021\/09\/mp-rotator-64x31.jpg 64w, https:\/\/tajkertesz.com\/wp-content\/uploads\/2021\/09\/mp-rotator.jpg 834w\" sizes=\"(max-width: 518px) 100vw, 518px\" \/><\/p>\n<p>&nbsp;<\/p>\n<p>-\u00e1ll\u00edthat\u00f3 sz\u00f3r\u00e1sk\u00e9p: 90-210\u00b0<\/p>\n<p>&#8211; \u00f6nt\u00f6z\u00e9si sug\u00e1r: 6,7-9,1 m<\/p>\n<p>&#8211; nyom\u00e1startom\u00e1ny:\u00a02,1-3,8 bar<\/p>\n<p>&#8211;\u00a0kis csapad\u00e9kintenzit\u00e1s<\/p>\n<p>&#8211; sz\u00ednk\u00f3d:\u00a0k\u00e9k<\/p>\n<p>A\u00a0<strong>Hunter MP Rotator<\/strong>\u00a0f\u00fav\u00f3k\u00e1k v\u00e1ltoz\u00f3 kil\u00e9p\u00e9si sz\u00f6g\u0171, forg\u00f3 v\u00edzsugaras \u00f6nt\u00f6z\u0151fejek. T\u00edpust\u00f3l f\u00fcgg\u0151en alkalmazhat\u00f3 45-360\u00b0k\u00f6z\u00f6tti sz\u00f6gtartom\u00e1nyban \u00e9s 1,8-10,5 m\u00e9teres t\u00e1vols\u00e1gban.\u00a0<strong>Alacsony intenzit\u00e1s\u00fa, kis v\u00edzfogyaszt\u00e1s\u00fa f\u00fav\u00f3k\u00e1k<\/strong>, melyekn\u00e9l jelenleg az egyik legegyenletesebb a kijuttatott csapad\u00e9k eloszl\u00e1sa. Ha kev\u00e9s a rendelkez\u00e9sre \u00e1ll\u00f3 v\u00edz, vagy a megl\u00e9v\u0151 rendszer sz\u00e1raz foltokat hagy a kertben, \u00e9rdemes egy es\u00e9lyt adni az MP Rotatoroknak.<\/p>\n<p>Az\u00a0<strong>MP 3000 Rotator<\/strong>\u00a0a nagy t\u00e1vols\u00e1gok mestere,\u00a0<strong>6,7-9,1 m\u00e9ter<\/strong>\u00a0k\u00f6z\u00f6tt \u00e1ll\u00edthat\u00f3 (megfelel\u0151 nyom\u00e1s \u00e9s v\u00edzhozam eset\u00e9n). A\u00a0<strong>k\u00e9k<\/strong>\u00a0f\u00fav\u00f3ka\u00a0<strong>90-210\u00b0-os sz\u00f6gtartom\u00e1nyban \u00e1ll\u00edthat\u00f3<\/strong>, a sz\u00ednk\u00f3d alapj\u00e1n k\u00f6nnyen beazonos\u00edthat\u00f3.<\/p>\n<p><strong>Kimagasl\u00f3 \u00f6nt\u00f6z\u00e9si egyenletess\u00e9g<\/strong><br \/>\nA v\u00e1ltoz\u00f3 kil\u00e9p\u0151sz\u00f6g\u0171 forg\u00f3 v\u00edzsugarak kimagasl\u00f3an egyenletesen juttatj\u00e1k ki a vizet.<\/p>\n<p>&nbsp;<\/p>\n<p><strong>Sz\u00f3r\u00e1ssz\u00f6gt\u0151l f\u00fcggetlen v\u00edzkijuttat\u00e1s<\/strong><br \/>\nA sz\u00f3r\u00e1ssz\u00f6g vagy az \u00f6nt\u00f6z\u00e9si sug\u00e1r \u00e1ll\u00edt\u00e1sa sor\u00e1n is v\u00e1ltozatlan marad.<\/p>\n<p>&nbsp;<\/p>\n<p><strong>Cs\u00f6kkentett v\u00edzelfoly\u00e1s<\/strong><br \/>\nA kis csapad\u00e9kintenzit\u00e1s r\u00e9zs\u0171k\u00f6n \u00e9s\/vagy k\u00f6t\u00f6tt talajok eset\u00e9ben cs\u00f6kkenti a v\u00edzvesztes\u00e9get.<\/p>\n<p>&nbsp;<\/p>\n<p><strong>Rotator technol\u00f3gia<\/strong><br \/>\nM\u00e1r 1987 \u00f3ta alkalmazz\u00e1k a mez\u0151gazdas\u00e1gban.<\/p>\n<p><strong>Rendk\u00edv\u00fcl j\u00f3l t\u0171ri a szennyez\u0151d\u00e9st<\/strong><br \/>\nA kett\u0151s kiemelked\u00e9snek k\u00f6sz\u00f6nhet\u0151en mind indul\u00e1skor, mind visszah\u00faz\u00f3d\u00e1s el\u0151tt \u00e1tmosatja a f\u00fav\u00f3k\u00e1t.<\/p>\n<p>&nbsp;<\/p>\n<p><strong>Egyszer\u0171en, gyorsan be\u00e1ll\u00edthat\u00f3<\/strong><br \/>\nEgyszer\u0171 sz\u00f3r\u00e1ssz\u00f6g-\u00e1ll\u00edt\u00e1s \u00e9s k\u00f6nnyen, ak\u00e1r 25%-al cs\u00f6kkenthet\u0151 a sz\u00f3r\u00e1si t\u00e1vols\u00e1g<\/p>\n<p><strong>M\u0170SZAKI ADATOK<\/strong><\/p>\n<p>&#8211;\u00a0\u00f6nt\u00f6z\u00e9si sz\u00f6g: 90-210\u00b0 k\u00f6z\u00f6tt \u00e1ll\u00edthat\u00f3<\/p>\n<p>&#8211; \u00f6nt\u00f6z\u00e9si sug\u00e1r: 6,7-9,1 m, a teljes nyom\u00e1startom\u00e1nyt \u00e9s sug\u00e1rcs\u00f6kkent\u00e9st figyelembe v\u00e9ve<br \/>\n&#8211; kijuttatott v\u00edzmennyis\u00e9g:\u00a02,6-9,4 l\/min<\/p>\n<p>&nbsp;<\/p>\n<p><strong>Megjegyz\u00e9sek:<\/strong><\/p>\n<p>&#8211; nagy kil\u00e9p\u00e9si sz\u00f6g\u0171, k\u00f6zepes \u00e9s nagyobb ter\u00fcletek \u00f6nt\u00f6z\u00e9s\u00e9re alkalmas<\/p>\n<p>&#8211; a sz\u00f3r\u00e1si sug\u00e1r a f\u00fav\u00f3ka tetej\u00e9n tal\u00e1lhat\u00f3 sug\u00e1rcs\u00f6kkent\u0151 csavarral\u00a025%-kal cs\u00f6kkenthet\u0151<br \/>\n&#8211; javasolt nyom\u00e1startom\u00e1ny: 2,1-3,8 bar<\/p>\n<div id=\"bodyContent\" class=\"mw-body-content\">\n<div id=\"mw-content-text\" class=\"mw-content-ltr\" dir=\"ltr\" lang=\"hu\">\n<div id=\"bodyContent\" class=\"mw-body-content\">\n<div id=\"mw-content-text\" class=\"mw-content-ltr\" dir=\"ltr\" lang=\"hu\">\n<p><b><span style=\"font-family: 'Ubuntu',serif; color: black;\">K\u00e9sz<\/span><\/b><img loading=\"lazy\" decoding=\"async\" class=\"wp-image-13532 alignright\" src=\"https:\/\/tajkertesz.com\/wp-content\/uploads\/2021\/09\/hunter-mp_rotator_fuvokak_szinkodjai-300x125.jpg\" alt=\"\" width=\"408\" height=\"170\" srcset=\"https:\/\/tajkertesz.com\/wp-content\/uploads\/2021\/09\/hunter-mp_rotator_fuvokak_szinkodjai-300x125.jpg 300w, https:\/\/tajkertesz.com\/wp-content\/uploads\/2021\/09\/hunter-mp_rotator_fuvokak_szinkodjai-18x7.jpg 18w, https:\/\/tajkertesz.com\/wp-content\/uploads\/2021\/09\/hunter-mp_rotator_fuvokak_szinkodjai-600x249.jpg 600w, https:\/\/tajkertesz.com\/wp-content\/uploads\/2021\/09\/hunter-mp_rotator_fuvokak_szinkodjai-64x27.jpg 64w, https:\/\/tajkertesz.com\/wp-content\/uploads\/2021\/09\/hunter-mp_rotator_fuvokak_szinkodjai.jpg 700w\" sizes=\"(max-width: 408px) 100vw, 408px\" \/><b><span style=\"font-family: 'Ubuntu',serif; color: black;\">let\u00fcnk napi szinten v\u00e1ltozik, ez\u00e9rt k\u00e9rj\u00fck, \u00e9rdekl\u0151dj\u00f6n szem\u00e9lyesen, telefonon vagy email-en.<\/span><\/b>Kisz\u00e1ll\u00edt\u00e1s: 200 cm \u00e9s 40 kg is a sz\u00e1ll\u00edt\u00e1s fut\u00e1rszolg\u00e1lattal t\u00f6rt\u00e9nik.<\/p>\n<\/div>\n<\/div>\n<\/div>\n<\/div>\n<p style=\"line-height: 18.0pt; background: white; margin: 0cm 0cm 15.0pt 0cm;\"><b><span style=\"font-family: 'Ubuntu',serif; color: black;\">A v\u00e1ltoztat\u00e1s jog\u00e1t fenntartjuk!\u00a0<\/span><\/b><\/p>\n<p><a href=\"https:\/\/tajkertesz.com\/\">https:\/\/tajkertesz.com\/<\/a><\/p>\n<p><a href=\"https:\/\/www.facebook.com\/tajkertesz\">https:\/\/www.facebook.com\/tajkertesz<\/a><\/p>\n<p>&nbsp;<\/p>","protected":false},"excerpt":{"rendered":"<h1 class=\"artdet__name line-clamp--3-12\">HUNTER MP ROT\u00c1TOR 3000 90-210\u00b0<\/h1>\n<p>&nbsp;<\/p>","protected":false},"featured_media":9382,"template":"","meta":{"_et_pb_use_builder":"","_et_pb_old_content":"","_et_gb_content_width":""},"product_brand":[],"product_cat":[2722],"product_tag":[2743],"class_list":{"0":"post-9381","1":"product","2":"type-product","3":"status-publish","4":"has-post-thumbnail","6":"product_cat-fuvokak","7":"product_tag-mp-rotator-3000-90-210","9":"first","10":"instock","11":"shipping-taxable","12":"purchasable","13":"product-type-simple"},"yoast_head":"<!-- This site is optimized with the Yoast SEO plugin v27.4 - https:\/\/yoast.com\/product\/yoast-seo-wordpress\/ -->\n<title>HUNTER MP ROT\u00c1TOR 3000 90-210\u00b0 - T\u00e1jkert\u00e9sz<\/title>\n<meta name=\"description\" content=\"MP ROT\u00c1TOR 3000 90-210\u00b0Hunter MP Rotator\u00a0f\u00fav\u00f3k\u00e1k v\u00e1ltoz\u00f3 kil\u00e9p\u00e9si sz\u00f6g\u0171, forg\u00f3 v\u00edzsugaras \u00f6nt\u00f6z\u0151fejek Alacsony intenzit\u00e1s\u00fa, kis v\u00edzfogyaszt\u00e1s\u00fa f\u00fav\u00f3k\u00e1k\" \/>\n<meta name=\"robots\" content=\"index, follow, max-snippet:-1, max-image-preview:large, max-video-preview:-1\" \/>\n<link rel=\"canonical\" href=\"https:\/\/tajkertesz.com\/en_US\/product\/mp-rotator-3000-90-210\/\" \/>\n<meta property=\"og:locale\" content=\"en_US\" \/>\n<meta property=\"og:type\" content=\"article\" \/>\n<meta property=\"og:title\" content=\"HUNTER MP ROT\u00c1TOR 3000 90-210\u00b0 - T\u00e1jkert\u00e9sz\" \/>\n<meta property=\"og:description\" content=\"MP ROT\u00c1TOR 3000 90-210\u00b0Hunter MP Rotator\u00a0f\u00fav\u00f3k\u00e1k v\u00e1ltoz\u00f3 kil\u00e9p\u00e9si sz\u00f6g\u0171, forg\u00f3 v\u00edzsugaras \u00f6nt\u00f6z\u0151fejek Alacsony intenzit\u00e1s\u00fa, kis v\u00edzfogyaszt\u00e1s\u00fa f\u00fav\u00f3k\u00e1k\" \/>\n<meta property=\"og:url\" content=\"https:\/\/tajkertesz.com\/en_US\/product\/mp-rotator-3000-90-210\/\" \/>\n<meta property=\"og:site_name\" content=\"T\u00e1jkert\u00e9sz\" \/>\n<meta property=\"article:publisher\" content=\"https:\/\/www.facebook.com\/Tajkertesz\/\" \/>\n<meta property=\"article:modified_time\" content=\"2026-02-26T08:25:47+00:00\" \/>\n<meta property=\"og:image\" content=\"https:\/\/tajkertesz.com\/wp-content\/uploads\/2021\/09\/fuvoka_mp_3000-90-210-fok.jpg\" \/>\n\t<meta property=\"og:image:width\" content=\"900\" \/>\n\t<meta property=\"og:image:height\" content=\"500\" \/>\n\t<meta property=\"og:image:type\" content=\"image\/jpeg\" \/>\n<meta name=\"twitter:card\" content=\"summary_large_image\" \/>\n<meta name=\"twitter:label1\" content=\"Est. reading time\" \/>\n\t<meta name=\"twitter:data1\" content=\"3 minutes\" \/>\n<script type=\"application\/ld+json\" class=\"yoast-schema-graph\">{\"@context\":\"https:\\\/\\\/schema.org\",\"@graph\":[{\"@type\":\"WebPage\",\"@id\":\"https:\\\/\\\/tajkertesz.com\\\/termek\\\/mp-rotator-3000-90-210\\\/\",\"url\":\"https:\\\/\\\/tajkertesz.com\\\/termek\\\/mp-rotator-3000-90-210\\\/\",\"name\":\"HUNTER MP ROT\u00c1TOR 3000 90-210\u00b0 - T\u00e1jkert\u00e9sz\",\"isPartOf\":{\"@id\":\"https:\\\/\\\/tajkertesz.com\\\/#website\"},\"primaryImageOfPage\":{\"@id\":\"https:\\\/\\\/tajkertesz.com\\\/termek\\\/mp-rotator-3000-90-210\\\/#primaryimage\"},\"image\":{\"@id\":\"https:\\\/\\\/tajkertesz.com\\\/termek\\\/mp-rotator-3000-90-210\\\/#primaryimage\"},\"thumbnailUrl\":\"https:\\\/\\\/tajkertesz.com\\\/wp-content\\\/uploads\\\/2021\\\/09\\\/fuvoka_mp_3000-90-210-fok.jpg\",\"datePublished\":\"2021-09-20T11:30:48+00:00\",\"dateModified\":\"2026-02-26T08:25:47+00:00\",\"description\":\"MP ROT\u00c1TOR 3000 90-210\u00b0Hunter MP Rotator\u00a0f\u00fav\u00f3k\u00e1k v\u00e1ltoz\u00f3 kil\u00e9p\u00e9si sz\u00f6g\u0171, forg\u00f3 v\u00edzsugaras \u00f6nt\u00f6z\u0151fejek Alacsony intenzit\u00e1s\u00fa, kis v\u00edzfogyaszt\u00e1s\u00fa f\u00fav\u00f3k\u00e1k\",\"breadcrumb\":{\"@id\":\"https:\\\/\\\/tajkertesz.com\\\/termek\\\/mp-rotator-3000-90-210\\\/#breadcrumb\"},\"inLanguage\":\"en-US\",\"potentialAction\":[{\"@type\":\"ReadAction\",\"target\":[\"https:\\\/\\\/tajkertesz.com\\\/termek\\\/mp-rotator-3000-90-210\\\/\"]}]},{\"@type\":\"ImageObject\",\"inLanguage\":\"en-US\",\"@id\":\"https:\\\/\\\/tajkertesz.com\\\/termek\\\/mp-rotator-3000-90-210\\\/#primaryimage\",\"url\":\"https:\\\/\\\/tajkertesz.com\\\/wp-content\\\/uploads\\\/2021\\\/09\\\/fuvoka_mp_3000-90-210-fok.jpg\",\"contentUrl\":\"https:\\\/\\\/tajkertesz.com\\\/wp-content\\\/uploads\\\/2021\\\/09\\\/fuvoka_mp_3000-90-210-fok.jpg\",\"width\":900,\"height\":500},{\"@type\":\"BreadcrumbList\",\"@id\":\"https:\\\/\\\/tajkertesz.com\\\/termek\\\/mp-rotator-3000-90-210\\\/#breadcrumb\",\"itemListElement\":[{\"@type\":\"ListItem\",\"position\":1,\"name\":\"Home\",\"item\":\"https:\\\/\\\/tajkertesz.com\\\/\"},{\"@type\":\"ListItem\",\"position\":2,\"name\":\"Kezd\u0151lap\",\"item\":\"https:\\\/\\\/tajkertesz.com\\\/\"},{\"@type\":\"ListItem\",\"position\":3,\"name\":\"HUNTER MP ROT\u00c1TOR 3000 90-210\u00b0\"}]},{\"@type\":\"WebSite\",\"@id\":\"https:\\\/\\\/tajkertesz.com\\\/#website\",\"url\":\"https:\\\/\\\/tajkertesz.com\\\/\",\"name\":\"T\u00e1j-Kert\u00e9sz 84 Kft.\",\"description\":\"Kert\u00e9szeti kis- \u00e9s nagykeresked\u00e9s, D\u00edszn\u00f6v\u00e9ny web\u00e1ruh\u00e1z orsz\u00e1gos h\u00e1zhozsz\u00e1ll\u00edt\u00e1ssal!\",\"publisher\":{\"@id\":\"https:\\\/\\\/tajkertesz.com\\\/#organization\"},\"potentialAction\":[{\"@type\":\"SearchAction\",\"target\":{\"@type\":\"EntryPoint\",\"urlTemplate\":\"https:\\\/\\\/tajkertesz.com\\\/?s={search_term_string}\"},\"query-input\":{\"@type\":\"PropertyValueSpecification\",\"valueRequired\":true,\"valueName\":\"search_term_string\"}}],\"inLanguage\":\"en-US\"},{\"@type\":\"Organization\",\"@id\":\"https:\\\/\\\/tajkertesz.com\\\/#organization\",\"name\":\"T\u00e1j-Kert\u00e9sz 84 Kft.\",\"url\":\"https:\\\/\\\/tajkertesz.com\\\/\",\"logo\":{\"@type\":\"ImageObject\",\"inLanguage\":\"en-US\",\"@id\":\"https:\\\/\\\/tajkertesz.com\\\/#\\\/schema\\\/logo\\\/image\\\/\",\"url\":\"https:\\\/\\\/tajkertesz.com\\\/wp-content\\\/uploads\\\/2018\\\/02\\\/logo-2-e1518678052539.png\",\"contentUrl\":\"https:\\\/\\\/tajkertesz.com\\\/wp-content\\\/uploads\\\/2018\\\/02\\\/logo-2-e1518678052539.png\",\"width\":81,\"height\":140,\"caption\":\"T\u00e1j-Kert\u00e9sz 84 Kft.\"},\"image\":{\"@id\":\"https:\\\/\\\/tajkertesz.com\\\/#\\\/schema\\\/logo\\\/image\\\/\"},\"sameAs\":[\"https:\\\/\\\/www.facebook.com\\\/Tajkertesz\\\/\"]}]}<\/script>\n<!-- \/ Yoast SEO plugin. -->","yoast_head_json":{"title":"HUNTER MP ROT\u00c1TOR 3000 90-210\u00b0 - T\u00e1jkert\u00e9sz","description":"MP ROT\u00c1TOR 3000 90-210\u00b0Hunter MP Rotator\u00a0f\u00fav\u00f3k\u00e1k v\u00e1ltoz\u00f3 kil\u00e9p\u00e9si sz\u00f6g\u0171, forg\u00f3 v\u00edzsugaras \u00f6nt\u00f6z\u0151fejek Alacsony intenzit\u00e1s\u00fa, kis v\u00edzfogyaszt\u00e1s\u00fa f\u00fav\u00f3k\u00e1k","robots":{"index":"index","follow":"follow","max-snippet":"max-snippet:-1","max-image-preview":"max-image-preview:large","max-video-preview":"max-video-preview:-1"},"canonical":"https:\/\/tajkertesz.com\/en_US\/product\/mp-rotator-3000-90-210\/","og_locale":"en_US","og_type":"article","og_title":"HUNTER MP ROT\u00c1TOR 3000 90-210\u00b0 - T\u00e1jkert\u00e9sz","og_description":"MP ROT\u00c1TOR 3000 90-210\u00b0Hunter MP Rotator\u00a0f\u00fav\u00f3k\u00e1k v\u00e1ltoz\u00f3 kil\u00e9p\u00e9si sz\u00f6g\u0171, forg\u00f3 v\u00edzsugaras \u00f6nt\u00f6z\u0151fejek Alacsony intenzit\u00e1s\u00fa, kis v\u00edzfogyaszt\u00e1s\u00fa f\u00fav\u00f3k\u00e1k","og_url":"https:\/\/tajkertesz.com\/en_US\/product\/mp-rotator-3000-90-210\/","og_site_name":"T\u00e1jkert\u00e9sz","article_publisher":"https:\/\/www.facebook.com\/Tajkertesz\/","article_modified_time":"2026-02-26T08:25:47+00:00","og_image":[{"width":900,"height":500,"url":"https:\/\/tajkertesz.com\/wp-content\/uploads\/2021\/09\/fuvoka_mp_3000-90-210-fok.jpg","type":"image\/jpeg"}],"twitter_card":"summary_large_image","twitter_misc":{"Est. reading time":"3 minutes"},"schema":{"@context":"https:\/\/schema.org","@graph":[{"@type":"WebPage","@id":"https:\/\/tajkertesz.com\/termek\/mp-rotator-3000-90-210\/","url":"https:\/\/tajkertesz.com\/termek\/mp-rotator-3000-90-210\/","name":"HUNTER MP ROT\u00c1TOR 3000 90-210\u00b0 - T\u00e1jkert\u00e9sz","isPartOf":{"@id":"https:\/\/tajkertesz.com\/#website"},"primaryImageOfPage":{"@id":"https:\/\/tajkertesz.com\/termek\/mp-rotator-3000-90-210\/#primaryimage"},"image":{"@id":"https:\/\/tajkertesz.com\/termek\/mp-rotator-3000-90-210\/#primaryimage"},"thumbnailUrl":"https:\/\/tajkertesz.com\/wp-content\/uploads\/2021\/09\/fuvoka_mp_3000-90-210-fok.jpg","datePublished":"2021-09-20T11:30:48+00:00","dateModified":"2026-02-26T08:25:47+00:00","description":"MP ROT\u00c1TOR 3000 90-210\u00b0Hunter MP Rotator\u00a0f\u00fav\u00f3k\u00e1k v\u00e1ltoz\u00f3 kil\u00e9p\u00e9si sz\u00f6g\u0171, forg\u00f3 v\u00edzsugaras \u00f6nt\u00f6z\u0151fejek Alacsony intenzit\u00e1s\u00fa, kis v\u00edzfogyaszt\u00e1s\u00fa f\u00fav\u00f3k\u00e1k","breadcrumb":{"@id":"https:\/\/tajkertesz.com\/termek\/mp-rotator-3000-90-210\/#breadcrumb"},"inLanguage":"en-US","potentialAction":[{"@type":"ReadAction","target":["https:\/\/tajkertesz.com\/termek\/mp-rotator-3000-90-210\/"]}]},{"@type":"ImageObject","inLanguage":"en-US","@id":"https:\/\/tajkertesz.com\/termek\/mp-rotator-3000-90-210\/#primaryimage","url":"https:\/\/tajkertesz.com\/wp-content\/uploads\/2021\/09\/fuvoka_mp_3000-90-210-fok.jpg","contentUrl":"https:\/\/tajkertesz.com\/wp-content\/uploads\/2021\/09\/fuvoka_mp_3000-90-210-fok.jpg","width":900,"height":500},{"@type":"BreadcrumbList","@id":"https:\/\/tajkertesz.com\/termek\/mp-rotator-3000-90-210\/#breadcrumb","itemListElement":[{"@type":"ListItem","position":1,"name":"Home","item":"https:\/\/tajkertesz.com\/"},{"@type":"ListItem","position":2,"name":"Kezd\u0151lap","item":"https:\/\/tajkertesz.com\/"},{"@type":"ListItem","position":3,"name":"HUNTER MP ROT\u00c1TOR 3000 90-210\u00b0"}]},{"@type":"WebSite","@id":"https:\/\/tajkertesz.com\/#website","url":"https:\/\/tajkertesz.com\/","name":"T\u00e1j-Kert\u00e9sz 84 Kft.","description":"Kert\u00e9szeti kis- \u00e9s nagykeresked\u00e9s, D\u00edszn\u00f6v\u00e9ny web\u00e1ruh\u00e1z orsz\u00e1gos h\u00e1zhozsz\u00e1ll\u00edt\u00e1ssal!","publisher":{"@id":"https:\/\/tajkertesz.com\/#organization"},"potentialAction":[{"@type":"SearchAction","target":{"@type":"EntryPoint","urlTemplate":"https:\/\/tajkertesz.com\/?s={search_term_string}"},"query-input":{"@type":"PropertyValueSpecification","valueRequired":true,"valueName":"search_term_string"}}],"inLanguage":"en-US"},{"@type":"Organization","@id":"https:\/\/tajkertesz.com\/#organization","name":"T\u00e1j-Kert\u00e9sz 84 Kft.","url":"https:\/\/tajkertesz.com\/","logo":{"@type":"ImageObject","inLanguage":"en-US","@id":"https:\/\/tajkertesz.com\/#\/schema\/logo\/image\/","url":"https:\/\/tajkertesz.com\/wp-content\/uploads\/2018\/02\/logo-2-e1518678052539.png","contentUrl":"https:\/\/tajkertesz.com\/wp-content\/uploads\/2018\/02\/logo-2-e1518678052539.png","width":81,"height":140,"caption":"T\u00e1j-Kert\u00e9sz 84 Kft."},"image":{"@id":"https:\/\/tajkertesz.com\/#\/schema\/logo\/image\/"},"sameAs":["https:\/\/www.facebook.com\/Tajkertesz\/"]}]}},"_links":{"self":[{"href":"https:\/\/tajkertesz.com\/en_US\/wp-json\/wp\/v2\/product\/9381","targetHints":{"allow":["GET"]}}],"collection":[{"href":"https:\/\/tajkertesz.com\/en_US\/wp-json\/wp\/v2\/product"}],"about":[{"href":"https:\/\/tajkertesz.com\/en_US\/wp-json\/wp\/v2\/types\/product"}],"wp:featuredmedia":[{"embeddable":true,"href":"https:\/\/tajkertesz.com\/en_US\/wp-json\/wp\/v2\/media\/9382"}],"wp:attachment":[{"href":"https:\/\/tajkertesz.com\/en_US\/wp-json\/wp\/v2\/media?parent=9381"}],"wp:term":[{"taxonomy":"product_brand","embeddable":true,"href":"https:\/\/tajkertesz.com\/en_US\/wp-json\/wp\/v2\/product_brand?post=9381"},{"taxonomy":"product_cat","embeddable":true,"href":"https:\/\/tajkertesz.com\/en_US\/wp-json\/wp\/v2\/product_cat?post=9381"},{"taxonomy":"product_tag","embeddable":true,"href":"https:\/\/tajkertesz.com\/en_US\/wp-json\/wp\/v2\/product_tag?post=9381"}],"curies":[{"name":"wp","href":"https:\/\/api.w.org\/{rel}","templated":true}]}}