{"id":9387,"date":"2021-09-20T11:50:39","date_gmt":"2021-09-20T11:50:39","guid":{"rendered":"https:\/\/tajkertesz.com\/?post_type=product&#038;p=9387"},"modified":"2026-02-26T08:18:35","modified_gmt":"2026-02-26T08:18:35","slug":"mp-rotator-fuvoka-mp2000-210-270-fok","status":"publish","type":"product","link":"https:\/\/tajkertesz.com\/en_US\/product\/mp-rotator-fuvoka-mp2000-210-270-fok\/","title":{"rendered":"MP Rotator F\u00fav\u00f3ka MP2000 210-270 Fok"},"content":{"rendered":"<h1 class=\"h1 namne_details\">HUNTER MP Rotator F\u00fav\u00f3ka MP2000 210-270 Fok<\/h1>\n<p class=\"h1 namne_details\">MP Rotator F\u00fav\u00f3ka MP2000 210-270 Fok<img loading=\"lazy\" decoding=\"async\" class=\"wp-image-13533 alignright\" src=\"https:\/\/tajkertesz.com\/wp-content\/uploads\/2021\/09\/mp-rotator-300x146.jpg\" alt=\"\" width=\"522\" height=\"254\" srcset=\"https:\/\/tajkertesz.com\/wp-content\/uploads\/2021\/09\/mp-rotator-300x146.jpg 300w, https:\/\/tajkertesz.com\/wp-content\/uploads\/2021\/09\/mp-rotator-768x374.jpg 768w, https:\/\/tajkertesz.com\/wp-content\/uploads\/2021\/09\/mp-rotator-18x9.jpg 18w, https:\/\/tajkertesz.com\/wp-content\/uploads\/2021\/09\/mp-rotator-600x292.jpg 600w, https:\/\/tajkertesz.com\/wp-content\/uploads\/2021\/09\/mp-rotator-64x31.jpg 64w, https:\/\/tajkertesz.com\/wp-content\/uploads\/2021\/09\/mp-rotator.jpg 834w\" sizes=\"(max-width: 522px) 100vw, 522px\" \/><\/p>\n<p>&#8211; MP2000210 es\u0151ztet\u0151 f\u00fav\u00f3ka<\/p>\n<p>&#8211; Bels\u0151 menetes f\u00fav\u00f3ka<\/p>\n<p>&#8211; Sz\u00f6gbe\u00e1ll\u00edt\u00e1s:\u00a0210-270 fok<\/p>\n<p>&#8211; Sz\u00f3r\u00e1si t\u00e1vols\u00e1g:\u00a04-6,4m<\/p>\n<p>&#8211; Sz\u00edne z\u00f6ld<\/p>\n<p>&#8211; Alacsony v\u00edzfogyaszt\u00e1s<\/p>\n<p>&#8211; Kis intenzit\u00e1ssal \u00f6nt\u00f6z<\/p>\n<p>&nbsp;<\/p>\n<p>A\u00a0<strong>Hunter MP Rot\u00e1tor f\u00fav\u00f3ka<\/strong>\u00a0r\u00e9g\u00f3ta v\u00e1rt megold\u00e1s volt az \u00f6nt\u00f6z\u0151 szakm\u00e1ban. Megold\u00e1st jelent mindazok sz\u00e1m\u00e1ra, akik kertj\u00e9ben gyenge a v\u00edznyom\u00e1s \u00e9s kev\u00e9s a v\u00edzhozam vagy kis \u00e9s nagy f\u00fcves ter\u00fcleteket egyszerre szeretn\u00e9nek \u00f6nt\u00f6zni.<\/p>\n<p>A rot\u00e1tor f\u00fav\u00f3ka v\u00edzfogyaszt\u00e1sa h\u00e1romszor kisebb, mint a spray f\u00fav\u00f3k\u00e1\u00e9, \u00edgy gyakorlatilag h\u00e1romszor t\u00f6bb sz\u00f3r\u00f3fejet lehet elhelyezni egy \u00f6nt\u00f6z\u00e9si k\u00f6r\u00f6n bel\u00fcl. K\u00f6nnyebb\u00e9 v\u00e1lt az \u00f6nt\u00f6z\u0151rendszer tervezhet\u0151s\u00e9ge \u00e9s olcs\u00f3bb lett a beker\u00fcl\u00e9si k\u00f6lts\u00e9g is.<\/p>\n<p>A\u00a0<strong>f\u00fav\u00f3ka sz\u00f3r\u00e1si t\u00e1vols\u00e1ga<\/strong> a tetej\u00e9n tal\u00e1lhat\u00f3 f\u00fav\u00f3ka\u00e1ll\u00edt\u00f3 csavar seg\u00edts\u00e9g\u00e9vel 25%-al cs\u00f6kkenthet\u0151 (nem n\u00f6velhet\u0151, a f\u00fav\u00f3ka gy\u00e1rilag teljesen nyitott \u00e1llapotban van, a t\u00e1vols\u00e1g a v\u00edz nyom\u00e1s\u00e1t\u00f3l \u00e9s a f\u00fav\u00f3ka t\u00edpus\u00e1t\u00f3l f\u00fcgg). A be\u00e1ll\u00edt\u00e1shoz haszn\u00e1lhat egy v\u00e9kony lapos csavarh\u00faz\u00f3t, de az esetleges k\u00e1rok elker\u00fcl\u00e9se \u00e9rdek\u00e9ben haszn\u00e1ljon Mp rot\u00e1tor szersz\u00e1mot, sz\u00f3r\u00f3fej\u00e1ll\u00edt\u00f3 kulcsot.<\/p>\n<h3>A\u00a0<strong>sz\u00f3r\u00e1si sz\u00f6g<\/strong><\/h3>\n<p>szint\u00e9n k\u00f6nnyen be\u00e1ll\u00edthat\u00f3 a f\u00fav\u00f3k\u00e1n tal\u00e1lhat\u00f3 rozsdamentes f\u00e9m gy\u0171r\u0171 seg\u00edts\u00e9g\u00e9vel (kiv\u00e9ve a 360fokos f\u00fav\u00f3k\u00e1k). A sz\u00f6gbe\u00e1ll\u00edt\u00e1st csak a sz\u00f3r\u00f3fej \u00fczemel\u00e9se k\u00f6zben tudja elv\u00e9gezni. El\u0151sz\u00f6r is m\u0171k\u00f6d\u00e9s k\u00f6zben markolja meg a sz\u00f3r\u00f3fej kiemelked\u0151 sz\u00e1r\u00e1t \u00e9s tekerje a rot\u00e1tor f\u00fav\u00f3ka lap\u00edtott \u00e9s f\u00fcgg\u0151leges vonallal is jel\u00f6lt oldal\u00e1t az \u00f6nt\u00f6zni k\u00edv\u00e1nt f\u00fcves ter\u00fclet bal sz\u00e9l\u00e9ig. Ropog\u00f3 hangot fog hallani. Mikor meggy\u0151z\u0151d\u00f6tt r\u00f3la, hogy a sz\u00f3r\u00f3fej k\u00fcl\u00f6nb\u00f6z\u0151 hossz\u00fas\u00e1g\u00fa v\u00edzsugarai megfelel\u0151en meg\u00f6nt\u00f6zik a ter\u00fclet bal oldal\u00e1t, tekerje a f\u00e9m gy\u0171r\u0171t az \u00f3ramutat\u00f3val megegyez\u0151 ir\u00e1nyba mindaddig, m\u00edg a gyepfel\u00fclet jobb oldal\u00e1t el nem \u00e9rik a v\u00edzsugarak. A be\u00e1ll\u00edt\u00e1s gyorsabb elv\u00e9gz\u00e9se \u00e9rdek\u00e9ben a f\u00fav\u00f3ka forg\u00f3, rot\u00e1tor r\u00e9sz\u00e9t \u00fajjal is p\u00f6rgetheti.<\/p>\n<p>Minden Rot\u00e1tor f\u00fav\u00f3k\u00e1nak\u00a0<strong>egyedi sz\u00ednk\u00f3d<\/strong>ja van a k\u00f6nnyebb beazonos\u00edthat\u00f3s\u00e1g miatt. Ezzel egy\u00fctt a f\u00fav\u00f3ka tetej\u00e9n megtal\u00e1lhatja a t\u00edpussz\u00e1mot \u00e9s a sz\u00f6gbe\u00e1ll\u00edt\u00e1s intervallum\u00e1t is. A t\u00f6bbsugaras f\u00fav\u00f3ka lass\u00fa intenz\u00edt\u00e1ssal, jobban \u00e9s egyenletesebben \u00f6nt\u00f6z, m\u00e9g szeles id\u0151j\u00e1r\u00e1sban is.<\/p>\n<p>Az\u00a0<strong>Mp Rot\u00e1tor f\u00fav\u00f3ka fel\u00e9p\u00edt\u00e9se<\/strong>: a f\u00fav\u00f3ka alj\u00e1n egy levehet\u0151, moshat\u00f3 sz\u0171r\u0151 tal\u00e1lhat\u00f3, ami megakad\u00e1lyozza az elt\u00f6m\u0151d\u00e9st. M\u0171k\u00f6d\u00e9s k\u00f6zben a sz\u00f3r\u00f3fejh\u00e1z sz\u00e1ra \u00e9s a f\u00fav\u00f3ka rot\u00e1tor feje is kiemelkedik, \u00f6nt\u00f6z\u00e9s ut\u00e1n pedig mindkett\u0151 visszah\u00faz\u00f3dik a hely\u00e9re. Indul\u00e1skor \u00e9s le\u00e1ll\u00e1skor is f\u00fav\u00f3ka\u00f6bl\u00edt\u00e9s t\u00f6rt\u00e9nik. Ezek \u00f6sszess\u00e9ge megakad\u00e1lyozza a rot\u00e1tor f\u00fav\u00f3ka elt\u00f6m\u0151d\u00e9s\u00e9t. A f\u00fav\u00f3ka forg\u00e1si sebess\u00e9ge a sz\u00f3r\u00f3fejben l\u00e9v\u0151 nyom\u00e1st\u00f3l f\u00fcgg, mely forg\u00e1st a f\u00fav\u00f3kafej tengely\u00e9t k\u00f6r\u00fclvev\u0151 t\u00f6m\u00edt\u00e9s f\u00e9kez.<\/p>\n<h3>F\u0151bb Jellemz\u0151k:<\/h3>\n<p>&#8211; Sz\u00f6gbe\u00e1ll\u00edt\u00e1s: 210-270 fok<\/p>\n<p>&#8211; Sz\u00f3r\u00e1si t\u00e1vols\u00e1g: 4,0-6,4m<\/p>\n<p>&#8211; nyom\u00e1startom\u00e1ny 2,1-3,8 b\u00e1r<\/p>\n<p>&#8211; Sz\u00edn: z\u00f6ld<\/p>\n<p>&#8211; Bels\u0151 menetes f\u00fav\u00f3ka<\/p>\n<p>&#8211; alacsony v\u00edzfogyaszt\u00e1s<\/p>\n<p>&#8211; Egyenletes \u00f6nt\u00f6z\u00e9s m\u00e9g szeles id\u0151ben is<\/p>\n<p>&#8211; 30%-os v\u00edzmegtakar\u00edt\u00e1s<\/p>\n<h1 class=\"h1 namne_details\"><img loading=\"lazy\" decoding=\"async\" class=\"size-medium wp-image-13532 alignleft\" src=\"https:\/\/tajkertesz.com\/wp-content\/uploads\/2021\/09\/hunter-mp_rotator_fuvokak_szinkodjai-300x125.jpg\" alt=\"\" width=\"300\" height=\"125\" srcset=\"https:\/\/tajkertesz.com\/wp-content\/uploads\/2021\/09\/hunter-mp_rotator_fuvokak_szinkodjai-300x125.jpg 300w, https:\/\/tajkertesz.com\/wp-content\/uploads\/2021\/09\/hunter-mp_rotator_fuvokak_szinkodjai-18x7.jpg 18w, https:\/\/tajkertesz.com\/wp-content\/uploads\/2021\/09\/hunter-mp_rotator_fuvokak_szinkodjai-600x249.jpg 600w, https:\/\/tajkertesz.com\/wp-content\/uploads\/2021\/09\/hunter-mp_rotator_fuvokak_szinkodjai-64x27.jpg 64w, https:\/\/tajkertesz.com\/wp-content\/uploads\/2021\/09\/hunter-mp_rotator_fuvokak_szinkodjai.jpg 700w\" sizes=\"(max-width: 300px) 100vw, 300px\" \/><\/h1>\n<div id=\"bodyContent\" class=\"mw-body-content\">\n<div id=\"mw-content-text\" class=\"mw-content-ltr\" dir=\"ltr\" lang=\"hu\">\n<div id=\"bodyContent\" class=\"mw-body-content\">\n<div id=\"mw-content-text\" class=\"mw-content-ltr\" dir=\"ltr\" lang=\"hu\">\n<p><b><span style=\"font-family: 'Ubuntu',serif; color: black;\">K\u00e9szlet\u00fcn<\/span><\/b><b><span style=\"font-family: 'Ubuntu',serif; color: black;\">k napi szinten v\u00e1ltoz<\/span><\/b><b><span style=\"font-family: 'Ubuntu',serif; color: black;\">ik, ez\u00e9rt k\u00e9rj\u00fck, \u00e9rdekl\u0151dj\u00f6n szem\u00e9lyesen, telefonon vagy email-en.<\/span><\/b>Kisz\u00e1ll\u00edt\u00e1s: 200 cm \u00e9s 40 kg is a sz\u00e1ll\u00edt\u00e1s fut\u00e1rszolg\u00e1lattal t\u00f6rt\u00e9nik.<\/p>\n<\/div>\n<\/div>\n<\/div>\n<\/div>\n<p style=\"line-height: 18.0pt; background: white; margin: 0cm 0cm 15.0pt 0cm;\"><b><span style=\"font-family: 'Ubuntu',serif; color: black;\">A v\u00e1ltoztat\u00e1s jog\u00e1t fenntartjuk!\u00a0<\/span><\/b><\/p>\n<p>&nbsp;<\/p>\n<p>&nbsp;<\/p>\n<p><a href=\"https:\/\/tajkertesz.com\/\">https:\/\/tajkertesz.com\/<\/a><\/p>\n<p><a href=\"https:\/\/www.facebook.com\/tajkertesz\">https:\/\/www.facebook.com\/tajkertesz<\/a><\/p>\n<p>&nbsp;<\/p>","protected":false},"excerpt":{"rendered":"<p class=\"h1 namne_details\">HUNTER MP Rotator F\u00fav\u00f3ka MP2000 210-270 Fok<\/p>\n<p>&nbsp;<\/p>","protected":false},"featured_media":9388,"template":"","meta":{"_et_pb_use_builder":"","_et_pb_old_content":"","_et_gb_content_width":""},"product_brand":[],"product_cat":[2722],"product_tag":[2745],"class_list":{"0":"post-9387","1":"product","2":"type-product","3":"status-publish","4":"has-post-thumbnail","6":"product_cat-fuvokak","7":"product_tag-mp-rotator-fuvoka-mp2000-210-270-fok","9":"first","10":"instock","11":"shipping-taxable","12":"purchasable","13":"product-type-simple"},"yoast_head":"<!-- This site is optimized with the Yoast SEO plugin v27.4 - https:\/\/yoast.com\/product\/yoast-seo-wordpress\/ -->\n<title>MP Rotator F\u00fav\u00f3ka MP2000 210-270 Fok - T\u00e1jkert\u00e9sz<\/title>\n<meta name=\"description\" content=\"MP Rotator F\u00fav\u00f3ka MP2000 210-270 Fok v\u00edztakar\u00e9kos \u00f6nt\u00f6z\u0151rendszerek, Hunter, Eco rot\u00e1tor\" \/>\n<meta name=\"robots\" content=\"index, follow, max-snippet:-1, max-image-preview:large, max-video-preview:-1\" \/>\n<link rel=\"canonical\" href=\"https:\/\/tajkertesz.com\/en_US\/product\/mp-rotator-fuvoka-mp2000-210-270-fok\/\" \/>\n<meta property=\"og:locale\" content=\"en_US\" \/>\n<meta property=\"og:type\" content=\"article\" \/>\n<meta property=\"og:title\" content=\"MP Rotator F\u00fav\u00f3ka MP2000 210-270 Fok - T\u00e1jkert\u00e9sz\" \/>\n<meta property=\"og:description\" content=\"MP Rotator F\u00fav\u00f3ka MP2000 210-270 Fok v\u00edztakar\u00e9kos \u00f6nt\u00f6z\u0151rendszerek, Hunter, Eco rot\u00e1tor\" \/>\n<meta property=\"og:url\" content=\"https:\/\/tajkertesz.com\/en_US\/product\/mp-rotator-fuvoka-mp2000-210-270-fok\/\" \/>\n<meta property=\"og:site_name\" content=\"T\u00e1jkert\u00e9sz\" \/>\n<meta property=\"article:publisher\" content=\"https:\/\/www.facebook.com\/Tajkertesz\/\" \/>\n<meta property=\"article:modified_time\" content=\"2026-02-26T08:18:35+00:00\" \/>\n<meta property=\"og:image\" content=\"https:\/\/tajkertesz.com\/wp-content\/uploads\/2021\/09\/mp-rotator-fuvoka-mp2000-210-270-fok.jpg\" \/>\n\t<meta property=\"og:image:width\" content=\"800\" \/>\n\t<meta property=\"og:image:height\" content=\"800\" \/>\n\t<meta property=\"og:image:type\" content=\"image\/jpeg\" \/>\n<meta name=\"twitter:card\" content=\"summary_large_image\" \/>\n<meta name=\"twitter:label1\" content=\"Est. reading time\" \/>\n\t<meta name=\"twitter:data1\" content=\"3 minutes\" \/>\n<script type=\"application\/ld+json\" class=\"yoast-schema-graph\">{\"@context\":\"https:\\\/\\\/schema.org\",\"@graph\":[{\"@type\":\"WebPage\",\"@id\":\"https:\\\/\\\/tajkertesz.com\\\/termek\\\/mp-rotator-fuvoka-mp2000-210-270-fok\\\/\",\"url\":\"https:\\\/\\\/tajkertesz.com\\\/termek\\\/mp-rotator-fuvoka-mp2000-210-270-fok\\\/\",\"name\":\"MP Rotator F\u00fav\u00f3ka MP2000 210-270 Fok - T\u00e1jkert\u00e9sz\",\"isPartOf\":{\"@id\":\"https:\\\/\\\/tajkertesz.com\\\/#website\"},\"primaryImageOfPage\":{\"@id\":\"https:\\\/\\\/tajkertesz.com\\\/termek\\\/mp-rotator-fuvoka-mp2000-210-270-fok\\\/#primaryimage\"},\"image\":{\"@id\":\"https:\\\/\\\/tajkertesz.com\\\/termek\\\/mp-rotator-fuvoka-mp2000-210-270-fok\\\/#primaryimage\"},\"thumbnailUrl\":\"https:\\\/\\\/tajkertesz.com\\\/wp-content\\\/uploads\\\/2021\\\/09\\\/mp-rotator-fuvoka-mp2000-210-270-fok.jpg\",\"datePublished\":\"2021-09-20T11:50:39+00:00\",\"dateModified\":\"2026-02-26T08:18:35+00:00\",\"description\":\"MP Rotator F\u00fav\u00f3ka MP2000 210-270 Fok v\u00edztakar\u00e9kos \u00f6nt\u00f6z\u0151rendszerek, Hunter, Eco rot\u00e1tor\",\"breadcrumb\":{\"@id\":\"https:\\\/\\\/tajkertesz.com\\\/termek\\\/mp-rotator-fuvoka-mp2000-210-270-fok\\\/#breadcrumb\"},\"inLanguage\":\"en-US\",\"potentialAction\":[{\"@type\":\"ReadAction\",\"target\":[\"https:\\\/\\\/tajkertesz.com\\\/termek\\\/mp-rotator-fuvoka-mp2000-210-270-fok\\\/\"]}]},{\"@type\":\"ImageObject\",\"inLanguage\":\"en-US\",\"@id\":\"https:\\\/\\\/tajkertesz.com\\\/termek\\\/mp-rotator-fuvoka-mp2000-210-270-fok\\\/#primaryimage\",\"url\":\"https:\\\/\\\/tajkertesz.com\\\/wp-content\\\/uploads\\\/2021\\\/09\\\/mp-rotator-fuvoka-mp2000-210-270-fok.jpg\",\"contentUrl\":\"https:\\\/\\\/tajkertesz.com\\\/wp-content\\\/uploads\\\/2021\\\/09\\\/mp-rotator-fuvoka-mp2000-210-270-fok.jpg\",\"width\":800,\"height\":800},{\"@type\":\"BreadcrumbList\",\"@id\":\"https:\\\/\\\/tajkertesz.com\\\/termek\\\/mp-rotator-fuvoka-mp2000-210-270-fok\\\/#breadcrumb\",\"itemListElement\":[{\"@type\":\"ListItem\",\"position\":1,\"name\":\"Home\",\"item\":\"https:\\\/\\\/tajkertesz.com\\\/\"},{\"@type\":\"ListItem\",\"position\":2,\"name\":\"Kezd\u0151lap\",\"item\":\"https:\\\/\\\/tajkertesz.com\\\/\"},{\"@type\":\"ListItem\",\"position\":3,\"name\":\"MP Rotator F\u00fav\u00f3ka MP2000 210-270 Fok\"}]},{\"@type\":\"WebSite\",\"@id\":\"https:\\\/\\\/tajkertesz.com\\\/#website\",\"url\":\"https:\\\/\\\/tajkertesz.com\\\/\",\"name\":\"T\u00e1j-Kert\u00e9sz 84 Kft.\",\"description\":\"Kert\u00e9szeti kis- \u00e9s nagykeresked\u00e9s, D\u00edszn\u00f6v\u00e9ny web\u00e1ruh\u00e1z orsz\u00e1gos h\u00e1zhozsz\u00e1ll\u00edt\u00e1ssal!\",\"publisher\":{\"@id\":\"https:\\\/\\\/tajkertesz.com\\\/#organization\"},\"potentialAction\":[{\"@type\":\"SearchAction\",\"target\":{\"@type\":\"EntryPoint\",\"urlTemplate\":\"https:\\\/\\\/tajkertesz.com\\\/?s={search_term_string}\"},\"query-input\":{\"@type\":\"PropertyValueSpecification\",\"valueRequired\":true,\"valueName\":\"search_term_string\"}}],\"inLanguage\":\"en-US\"},{\"@type\":\"Organization\",\"@id\":\"https:\\\/\\\/tajkertesz.com\\\/#organization\",\"name\":\"T\u00e1j-Kert\u00e9sz 84 Kft.\",\"url\":\"https:\\\/\\\/tajkertesz.com\\\/\",\"logo\":{\"@type\":\"ImageObject\",\"inLanguage\":\"en-US\",\"@id\":\"https:\\\/\\\/tajkertesz.com\\\/#\\\/schema\\\/logo\\\/image\\\/\",\"url\":\"https:\\\/\\\/tajkertesz.com\\\/wp-content\\\/uploads\\\/2018\\\/02\\\/logo-2-e1518678052539.png\",\"contentUrl\":\"https:\\\/\\\/tajkertesz.com\\\/wp-content\\\/uploads\\\/2018\\\/02\\\/logo-2-e1518678052539.png\",\"width\":81,\"height\":140,\"caption\":\"T\u00e1j-Kert\u00e9sz 84 Kft.\"},\"image\":{\"@id\":\"https:\\\/\\\/tajkertesz.com\\\/#\\\/schema\\\/logo\\\/image\\\/\"},\"sameAs\":[\"https:\\\/\\\/www.facebook.com\\\/Tajkertesz\\\/\"]}]}<\/script>\n<!-- \/ Yoast SEO plugin. -->","yoast_head_json":{"title":"MP Rotator F\u00fav\u00f3ka MP2000 210-270 Fok - T\u00e1jkert\u00e9sz","description":"MP Rotator F\u00fav\u00f3ka MP2000 210-270 Fok v\u00edztakar\u00e9kos \u00f6nt\u00f6z\u0151rendszerek, Hunter, Eco rot\u00e1tor","robots":{"index":"index","follow":"follow","max-snippet":"max-snippet:-1","max-image-preview":"max-image-preview:large","max-video-preview":"max-video-preview:-1"},"canonical":"https:\/\/tajkertesz.com\/en_US\/product\/mp-rotator-fuvoka-mp2000-210-270-fok\/","og_locale":"en_US","og_type":"article","og_title":"MP Rotator F\u00fav\u00f3ka MP2000 210-270 Fok - T\u00e1jkert\u00e9sz","og_description":"MP Rotator F\u00fav\u00f3ka MP2000 210-270 Fok v\u00edztakar\u00e9kos \u00f6nt\u00f6z\u0151rendszerek, Hunter, Eco rot\u00e1tor","og_url":"https:\/\/tajkertesz.com\/en_US\/product\/mp-rotator-fuvoka-mp2000-210-270-fok\/","og_site_name":"T\u00e1jkert\u00e9sz","article_publisher":"https:\/\/www.facebook.com\/Tajkertesz\/","article_modified_time":"2026-02-26T08:18:35+00:00","og_image":[{"width":800,"height":800,"url":"https:\/\/tajkertesz.com\/wp-content\/uploads\/2021\/09\/mp-rotator-fuvoka-mp2000-210-270-fok.jpg","type":"image\/jpeg"}],"twitter_card":"summary_large_image","twitter_misc":{"Est. reading time":"3 minutes"},"schema":{"@context":"https:\/\/schema.org","@graph":[{"@type":"WebPage","@id":"https:\/\/tajkertesz.com\/termek\/mp-rotator-fuvoka-mp2000-210-270-fok\/","url":"https:\/\/tajkertesz.com\/termek\/mp-rotator-fuvoka-mp2000-210-270-fok\/","name":"MP Rotator F\u00fav\u00f3ka MP2000 210-270 Fok - T\u00e1jkert\u00e9sz","isPartOf":{"@id":"https:\/\/tajkertesz.com\/#website"},"primaryImageOfPage":{"@id":"https:\/\/tajkertesz.com\/termek\/mp-rotator-fuvoka-mp2000-210-270-fok\/#primaryimage"},"image":{"@id":"https:\/\/tajkertesz.com\/termek\/mp-rotator-fuvoka-mp2000-210-270-fok\/#primaryimage"},"thumbnailUrl":"https:\/\/tajkertesz.com\/wp-content\/uploads\/2021\/09\/mp-rotator-fuvoka-mp2000-210-270-fok.jpg","datePublished":"2021-09-20T11:50:39+00:00","dateModified":"2026-02-26T08:18:35+00:00","description":"MP Rotator F\u00fav\u00f3ka MP2000 210-270 Fok v\u00edztakar\u00e9kos \u00f6nt\u00f6z\u0151rendszerek, Hunter, Eco rot\u00e1tor","breadcrumb":{"@id":"https:\/\/tajkertesz.com\/termek\/mp-rotator-fuvoka-mp2000-210-270-fok\/#breadcrumb"},"inLanguage":"en-US","potentialAction":[{"@type":"ReadAction","target":["https:\/\/tajkertesz.com\/termek\/mp-rotator-fuvoka-mp2000-210-270-fok\/"]}]},{"@type":"ImageObject","inLanguage":"en-US","@id":"https:\/\/tajkertesz.com\/termek\/mp-rotator-fuvoka-mp2000-210-270-fok\/#primaryimage","url":"https:\/\/tajkertesz.com\/wp-content\/uploads\/2021\/09\/mp-rotator-fuvoka-mp2000-210-270-fok.jpg","contentUrl":"https:\/\/tajkertesz.com\/wp-content\/uploads\/2021\/09\/mp-rotator-fuvoka-mp2000-210-270-fok.jpg","width":800,"height":800},{"@type":"BreadcrumbList","@id":"https:\/\/tajkertesz.com\/termek\/mp-rotator-fuvoka-mp2000-210-270-fok\/#breadcrumb","itemListElement":[{"@type":"ListItem","position":1,"name":"Home","item":"https:\/\/tajkertesz.com\/"},{"@type":"ListItem","position":2,"name":"Kezd\u0151lap","item":"https:\/\/tajkertesz.com\/"},{"@type":"ListItem","position":3,"name":"MP Rotator F\u00fav\u00f3ka MP2000 210-270 Fok"}]},{"@type":"WebSite","@id":"https:\/\/tajkertesz.com\/#website","url":"https:\/\/tajkertesz.com\/","name":"T\u00e1j-Kert\u00e9sz 84 Kft.","description":"Kert\u00e9szeti kis- \u00e9s nagykeresked\u00e9s, D\u00edszn\u00f6v\u00e9ny web\u00e1ruh\u00e1z orsz\u00e1gos h\u00e1zhozsz\u00e1ll\u00edt\u00e1ssal!","publisher":{"@id":"https:\/\/tajkertesz.com\/#organization"},"potentialAction":[{"@type":"SearchAction","target":{"@type":"EntryPoint","urlTemplate":"https:\/\/tajkertesz.com\/?s={search_term_string}"},"query-input":{"@type":"PropertyValueSpecification","valueRequired":true,"valueName":"search_term_string"}}],"inLanguage":"en-US"},{"@type":"Organization","@id":"https:\/\/tajkertesz.com\/#organization","name":"T\u00e1j-Kert\u00e9sz 84 Kft.","url":"https:\/\/tajkertesz.com\/","logo":{"@type":"ImageObject","inLanguage":"en-US","@id":"https:\/\/tajkertesz.com\/#\/schema\/logo\/image\/","url":"https:\/\/tajkertesz.com\/wp-content\/uploads\/2018\/02\/logo-2-e1518678052539.png","contentUrl":"https:\/\/tajkertesz.com\/wp-content\/uploads\/2018\/02\/logo-2-e1518678052539.png","width":81,"height":140,"caption":"T\u00e1j-Kert\u00e9sz 84 Kft."},"image":{"@id":"https:\/\/tajkertesz.com\/#\/schema\/logo\/image\/"},"sameAs":["https:\/\/www.facebook.com\/Tajkertesz\/"]}]}},"_links":{"self":[{"href":"https:\/\/tajkertesz.com\/en_US\/wp-json\/wp\/v2\/product\/9387","targetHints":{"allow":["GET"]}}],"collection":[{"href":"https:\/\/tajkertesz.com\/en_US\/wp-json\/wp\/v2\/product"}],"about":[{"href":"https:\/\/tajkertesz.com\/en_US\/wp-json\/wp\/v2\/types\/product"}],"wp:featuredmedia":[{"embeddable":true,"href":"https:\/\/tajkertesz.com\/en_US\/wp-json\/wp\/v2\/media\/9388"}],"wp:attachment":[{"href":"https:\/\/tajkertesz.com\/en_US\/wp-json\/wp\/v2\/media?parent=9387"}],"wp:term":[{"taxonomy":"product_brand","embeddable":true,"href":"https:\/\/tajkertesz.com\/en_US\/wp-json\/wp\/v2\/product_brand?post=9387"},{"taxonomy":"product_cat","embeddable":true,"href":"https:\/\/tajkertesz.com\/en_US\/wp-json\/wp\/v2\/product_cat?post=9387"},{"taxonomy":"product_tag","embeddable":true,"href":"https:\/\/tajkertesz.com\/en_US\/wp-json\/wp\/v2\/product_tag?post=9387"}],"curies":[{"name":"wp","href":"https:\/\/api.w.org\/{rel}","templated":true}]}}