{"id":9389,"date":"2021-09-20T11:55:38","date_gmt":"2021-09-20T11:55:38","guid":{"rendered":"https:\/\/tajkertesz.com\/?post_type=product&#038;p=9389"},"modified":"2026-02-26T08:42:38","modified_gmt":"2026-02-26T08:42:38","slug":"magnesszelep-hunter-pgv-101mm-b","status":"publish","type":"product","link":"https:\/\/tajkertesz.com\/en_US\/product\/magnesszelep-hunter-pgv-101mm-b\/","title":{"rendered":"M\u00e1gnesszelep Hunter PGV-101MM-B nyom\u00e1sszab\u00e1lyz\u00f3val"},"content":{"rendered":"<h1 class=\"h1 page-title\">M\u00e1gnesszelep Hunter PGV-101MM-B<\/h1>\n<p class=\"h1 page-title\">M\u00e1gnesszelep Hunter PGV-101MM-B<\/p>\n<p>A Hunter PGV-101MM-B 1&#8243;-os k\u00fcls\u0151 menettel rendelkez\u0151 m\u00e1gnesszelep az \u00f6nt\u00f6z\u0151rendszer szakaszol\u00e1s\u00e1hoz, \u00f6nt\u00f6z\u00e9si z\u00f3n\u00e1k m\u0171k\u00f6dtet\u00e9s\u00e9hez haszn\u00e1lhat\u00f3 elem, melyen a v\u00edz\u00e1tfoly\u00e1s szab\u00e1lyozhat\u00f3.<\/p>\n<p>Csatlakoz\u00e1s:1&#8243;<\/p>\n<p>V\u00edz\u00e1tfoly\u00e1s: 0,7-150 l\/perc (0,05-9 m3\/h)<\/p>\n<p>T\u00edpus: \u00e1tfoly\u00e1s szab\u00e1lyoz\u00f3s<\/p>\n<p>A m\u00e1gnesszelep az automata \u00f6nt\u00f6z\u0151rendszer egyik legfontosabb eleme. Az \u00f6nt\u00f6z\u0151rendszer szakaszol\u00e1s\u00e1ra, \u00f6nt\u00f6z\u00e9si z\u00f3n\u00e1k m\u0171k\u00f6dtet\u00e9s\u00e9re lettek kifejlesztve.\u00a0A m\u00e1gnesszelepek haszn\u00e1lata eset\u00e9n elengedhetetlen a\u00a0 sz\u0171r\u0151 be\u00e9p\u00edt\u00e9se a rendszerbe.\u00a0Ha szennyez\u0151d\u00e9s ker\u00fcl a m\u00e1gnesszelepbe, az nagy k\u00e1rt okozhat a szelepek m\u0171k\u00f6d\u00e9s\u00e9ben, megrong\u00e1l\u00f3dhat a membr\u00e1n, ami azt eredm\u00e9nyezi, hogy nem tud a szelep teljesen z\u00e1rni, \u00edgy vizet pazarolunk.<\/p>\n<h3>A Hunter PGV-101MM-B<\/h3>\n<p>egy k\u00fcls\u0151 menettel rendelkez\u0151 lass\u00fa z\u00e1r\u00e1s\u00fa \u00e1tfoly\u00e1s szab\u00e1lyoz\u00f3s 24 V-os m\u00e1gnesszelep. Csal\u00e1di h\u00e1zak, kisebb parkok \u00f6nt\u00f6z\u00e9s\u00e9hez lett kifejlesztve. Ha a rendszer\u00fcnkben l\u00e9v\u0151 nyom\u00e1s a sz\u00f3r\u00f3fejek optim\u00e1lis m\u0171k\u00f6d\u00e9si nyom\u00e1s\u00e1t meghaladja, \u00e9rdemes az \u00e1tfoly\u00e1s szab\u00e1lyoz\u00f3s szelepet haszn\u00e1lnunk. Az \u00e1tfoly\u00e1s szab\u00e1lyoz\u00f3val sz\u0171k\u00edthet\u0151 az \u00e1tfoly\u00e1s keresztmetszete, aminek k\u00f6vetkezt\u00e9ben a nyom\u00e1s is cs\u00f6kken, \u00edgy a nyom\u00e1st az optim\u00e1lis \u00e9rt\u00e9kre tudjuk szab\u00e1lyozni. Az \u00e1tfoly\u00e1s szab\u00e1lyoz\u00e1s\u00e1t az erre a c\u00e9lra kialak\u00edtott kulcs seg\u00edts\u00e9g\u00e9vel tudjuk elv\u00e9gezni, de egy egyszer\u0171 csavarh\u00faz\u00f3 seg\u00edts\u00e9g\u00e9vel is k\u00f6nnyed\u00e9n be\u00e1ll\u00edthat\u00f3.<\/p>\n<p>Rendk\u00edv\u00fcl alacsony v\u00edz\u00e1tfoly\u00e1s eset\u00e9n is j\u00f3l m\u0171k\u00f6dik.A Hunter PGV m\u00e1gnesszelepek nagy szil\u00e1rds\u00e1g\u00fa, min\u0151s\u00e9gi PVC anyagb\u00f3l k\u00e9sz\u00fclnek, melyek k\u00f6nnyed\u00e9n ellen\u00e1llnak a\u00a0<strong>10 bar<\/strong>\u00a0nyom\u00e1snak is. A mereven egy rozsdamentes rug\u00f3val al\u00e1t\u00e1masztott membr\u00e1nnak k\u00f6sz\u00f6nhet\u0151en nagy v\u00edznyom\u00e1s mellett sem hib\u00e1sodik meg a szerkezet. A megb\u00edzhat\u00f3s\u00e1g \u00e9rdek\u00e9ben k\u00fcl\u00f6n sz\u0171r\u0151vel l\u00e1tt\u00e1k el, mely mell\u00e9 egy rendk\u00edv\u00fcl tart\u00f3s szolenoidot is biztos\u00edtottak. Kaphat\u00f3 \u00e1tfoly\u00e1s szab\u00e1lyoz\u00f3s, nem \u00e1tfoly\u00e1s szab\u00e1lyoz\u00f3s kivitelben, 1&#8243;-os, 6\/4&#8243;-os \u00e9s 2&#8243;-os m\u00e9retben, valamint 24 V-os v\u00e1lt\u00f3\u00e1ram\u00fa vagy 9 V-os egyen\u00e1ram\u00fa szolenoiddal szerelve. A Hunter PGV m\u00e1gnesszelepeit egy kis \u00f6bl\u00edt\u0151 csavarral l\u00e1tt\u00e1k el, a m\u00e1gnestekercs 1\/4 elford\u00edt\u00e1s\u00e1val pedig k\u00e9zi ind\u00edt\u00e1sra van lehet\u0151s\u00e9g. A Hunter szelepeinek m\u0171k\u00f6d\u00e9s\u00e9hez legal\u00e1bb\u00a0<strong>1,5 bar<\/strong>\u00a0nyom\u00e1sra van sz\u00fcks\u00e9g. Ez az a nyom\u00e1s, amin\u00e9l a membr\u00e1n t\u00f6k\u00e9letesen elz\u00e1r, \u00e9s megg\u00e1tolja a v\u00edz tov\u00e1bbi \u00e1raml\u00e1s\u00e1t az adott szakaszn\u00e1l. A PGV m\u00e1gnesszelepek lass\u00fa z\u00e1r\u00e1s\u00fa szelepek, melynek z\u00e1r\u00e1sakor elker\u00fclhet\u0151 a v\u00edzkalap\u00e1cs hat\u00e1s, \u00edgy a rendszer nem rong\u00e1l\u00f3dik.<\/p>\n<p>&nbsp;<\/p>\n<p>&nbsp;<\/p>\n<div id=\"bodyContent\" class=\"mw-body-content\">\n<div id=\"mw-content-text\" class=\"mw-content-ltr\" dir=\"ltr\" lang=\"hu\">\n<div id=\"bodyContent\" class=\"mw-body-content\">\n<div id=\"mw-content-text\" class=\"mw-content-ltr\" dir=\"ltr\" lang=\"hu\">\n<p><b><span style=\"font-family: 'Ubuntu',serif; color: black;\">K\u00e9szlet\u00fcnk napi szinten v\u00e1ltozik, ez\u00e9rt k\u00e9rj\u00fck, \u00e9rdekl\u0151dj\u00f6n szem\u00e9lyesen, telefonon vagy email-en.<\/span><\/b>Kisz\u00e1ll\u00edt\u00e1s: 200 cm \u00e9s 40 kg is a sz\u00e1ll\u00edt\u00e1s fut\u00e1rszolg\u00e1lattal t\u00f6rt\u00e9nik.<\/p>\n<\/div>\n<\/div>\n<\/div>\n<\/div>\n<p style=\"line-height: 18.0pt; background: white; margin: 0cm 0cm 15.0pt 0cm;\"><b><span style=\"font-family: 'Ubuntu',serif; color: black;\">A v\u00e1ltoztat\u00e1s jog\u00e1t fenntartjuk!\u00a0<\/span><\/b><\/p>\n<p><span style=\"color: #ffffff;\">A Nortene 1961-es megalakul\u00e1sa \u00f3ta a kerttulajdonosok, vir\u00e1gos teraszokkal \u00e9s z\u00f6ld bels\u0151 terekkel rendelkez\u0151k m\u00e1rk\u00e1ja. Alapvet\u0151 c\u00e9lja \u00e9vr\u0151l-\u00e9vre, hogy a<strong>\u00a0kertberendez\u00e9s, a kerti dekor\u00e1ci\u00f3 \u00e9s a hobby kert\u00e9szet\u00a0<\/strong>term\u00e9keivel piacvezet\u0151 legyen. K\u00edn\u00e1lata k\u00f6z\u00f6tt megtal\u00e1lhat\u00f3k az\u00a0<strong>\u00e1rny\u00e9kol\u00f3h\u00e1l\u00f3k, kerti r\u00e1csok, m\u0171f\u00fcvek, sz\u00fanyogh\u00e1l\u00f3k, t\u00e9relv\u00e1laszt\u00f3k, kert\u00e9szeti f\u00f3li\u00e1k, kar\u00f3k \u00e9s kerti dekor\u00e1ci\u00f3k.\u00a0<\/strong><\/span><\/p>\n<p><span style=\"color: #ffffff;\">A Nortene 1961-es megalakul\u00e1sa \u00f3ta a kerttulajdonosok, vir\u00e1gos teraszokkal \u00e9s z\u00f6ld bels\u0151 terekkel rendelkez\u0151k m\u00e1rk\u00e1ja. Alapvet\u0151 c\u00e9lja \u00e9vr\u0151l-\u00e9vre, hogy a<strong>\u00a0kertberendez\u00e9s, a kerti dekor\u00e1ci\u00f3 \u00e9s a hobby kert\u00e9szet\u00a0<\/strong>term\u00e9keivel piacvezet\u0151 legyen. K\u00edn\u00e1lata k\u00f6z\u00f6tt megtal\u00e1lhat\u00f3k az\u00a0<strong>\u00e1rny\u00e9kol\u00f3h\u00e1l\u00f3k, kerti r\u00e1csok, m\u0171f\u00fcvek, sz\u00fanyogh\u00e1l\u00f3k, t\u00e9relv\u00e1laszt\u00f3k, kert\u00e9szeti f\u00f3li\u00e1k, kar\u00f3k \u00e9s kerti dekor\u00e1ci\u00f3k.\u00a0<\/strong><\/span><\/p>\n<h3><span style=\"color: #ffffff;\">T\u00e1maszok, kar\u00f3k a n\u00f6v\u00e9nyek ig\u00e9nyeire szabva:<\/span><\/h3>\n<p><span style=\"color: #ffffff;\">A n\u00f6v\u00e9nygondoz\u00e1s sor\u00e1n sokszor sz\u00fcks\u00e9g van arra, hogy a n\u00f6v\u00e9nyeket kit\u00e1masszuk annak \u00e9rdek\u00e9ben, hogy a m\u00e9g gyenge n\u00f6v\u00e9ny ne hajoljanak el a saj\u00e1t s\u00falya alatt, illetve, hogy a n\u00f6veked\u00e9s\u00fck egyenesen felfel\u00e9 t\u00f6rt\u00e9njen \u00e9s ne hajoljanak el oldalra.<\/span><\/p>\n<p><span style=\"color: #ffffff;\">Mivel mindegyik n\u00f6v\u00e9ny elt\u00e9r\u0151 tulajdons\u00e1gokkal, m\u00e9retekkel \u00e9s ig\u00e9nyekkel rendelkezik, ez\u00e9rt alaposan fel kell m\u00e9rnie, hogy pontosan milyen t\u00e1maszt\u00e9kokat kell beszereznie az eredm\u00e9nyess\u00e9ghez. A neh\u00e9z sz\u00e1rral rendelkez\u0151 n\u00f6v\u00e9nyek kit\u00e1maszt\u00e1s\u00e1ra vastag, magas kar\u00f3kat \u00e9rdemes venni, melyek el\u00e9g er\u0151sek ahhoz, hogy megtarts\u00e1k \u0151ket.<\/span><\/p>\n<p><span style=\"color: #ffffff;\">A d\u00edszn\u00f6v\u00e9nyek eset\u00e9ben m\u00e1r nagyobb hangs\u00faly van a dekorat\u00edv kin\u00e9zeten, hiszen j\u00f3 es\u00e9ly van r\u00e1, hogy ezek a n\u00f6v\u00e9nyt\u00e1maszok a lak\u00e1sunkat fogj\u00e1k d\u00edsz\u00edteni, pl.: a nappaliban.\u00a0 A megfelel\u0151 m\u00e9ret\u0171, form\u00e1j\u00fa \u00e9s kialak\u00edt\u00e1s\u00fa n\u00f6v\u00e9nyt\u00e1maszok haszn\u00e1lat\u00e1val biztos\u00edthat\u00f3 a n\u00f6v\u00e9nyek eg\u00e9szs\u00e9ges , csod\u00e1s fejl\u0151d\u00e9se.<\/span><\/p>\n<h3><span id=\"Vas_\u00e9s_ac\u00e9l\" class=\"mw-headline\" style=\"color: #ffffff;\">Vas \u00e9s ac\u00e9l:<\/span><\/h3>\n<p><span style=\"color: #ffffff;\">A vas a F\u00f6ld k\u00e9rg\u00e9nek mintegy 4,7%-\u00e1t alkotja t\u00f6bb mint sz\u00e1z vas\u00e1sv\u00e1ny form\u00e1j\u00e1ban, de \u2013 a f\u00e9mek t\u00f6bbs\u00e9g\u00e9hez hasonl\u00f3an \u2013 elemi \u00e1llapotban nem tal\u00e1lhat\u00f3 meg. A vas \u00e9rc\u00e1sv\u00e1nyai k\u00f6z\u00fcl legfontosabbak az oxidok, pl: a magnetit (m\u00e1gnesvas\u00e9rc), a hematit (v\u00f6r\u00f6svas\u00e9rc), a limonit (barnavas\u00e9rc), valamint a karbon\u00e1t alap\u00fa sziderit (vasp\u00e1t). A vasat az \u00e9rcb\u0151l \u00fagy \u00e1ll\u00edtj\u00e1k el\u0151, hogy reduk\u00e1lj\u00e1k, azaz oxig\u00e9ntartalm\u00e1t elt\u00e1vol\u00edtj\u00e1k.<\/span><\/p>\n<div id=\"bodyContent\" class=\"mw-body-content\">\n<div id=\"mw-content-text\" class=\"mw-content-ltr\" dir=\"ltr\" lang=\"hu\">\n<div id=\"bodyContent\" class=\"mw-body-content\">\n<div id=\"mw-content-text\" class=\"mw-content-ltr\" dir=\"ltr\" lang=\"hu\"><\/div>\n<\/div>\n<\/div>\n<\/div>\n<p><a href=\"https:\/\/tajkertesz.com\/\">https:\/\/tajkertesz.com\/<\/a><\/p>\n<p><a href=\"https:\/\/www.facebook.com\/tajkertesz\">https:\/\/www.facebook.com\/tajkertesz<\/a><\/p>\n<p>&nbsp;<\/p>","protected":false},"excerpt":{"rendered":"<p class=\"h1 page-title\">M\u00e1gnesszelep Hunter PGV-101MM-B<\/p>\n<p>&nbsp;<\/p>","protected":false},"featured_media":9390,"template":"","meta":{"_et_pb_use_builder":"","_et_pb_old_content":"","_et_gb_content_width":""},"product_brand":[],"product_cat":[3932],"product_tag":[3933],"class_list":{"0":"post-9389","1":"product","2":"type-product","3":"status-publish","4":"has-post-thumbnail","6":"product_cat-magnesszelepek","7":"product_tag-magnesszelep-hunter-pgv-101mm-b-nyomasszabalyzoval","9":"first","10":"instock","11":"shipping-taxable","12":"purchasable","13":"product-type-simple"},"yoast_head":"<!-- This site is optimized with the Yoast SEO plugin v27.5 - https:\/\/yoast.com\/product\/yoast-seo-wordpress\/ -->\n<title>M\u00e1gnesszelep Hunter PGV-101MM-B nyom\u00e1sszab\u00e1lyz\u00f3val - T\u00e1jkert\u00e9sz<\/title>\n<meta name=\"description\" content=\"M\u00e1gnesszelep Hunter PGV-101MM-B\" \/>\n<meta name=\"robots\" content=\"index, follow, max-snippet:-1, max-image-preview:large, max-video-preview:-1\" \/>\n<link rel=\"canonical\" href=\"https:\/\/tajkertesz.com\/en_US\/product\/magnesszelep-hunter-pgv-101mm-b\/\" \/>\n<meta property=\"og:locale\" content=\"en_US\" \/>\n<meta property=\"og:type\" content=\"article\" \/>\n<meta property=\"og:title\" content=\"M\u00e1gnesszelep Hunter PGV-101MM-B nyom\u00e1sszab\u00e1lyz\u00f3val - T\u00e1jkert\u00e9sz\" \/>\n<meta property=\"og:description\" content=\"M\u00e1gnesszelep Hunter PGV-101MM-B\" \/>\n<meta property=\"og:url\" content=\"https:\/\/tajkertesz.com\/en_US\/product\/magnesszelep-hunter-pgv-101mm-b\/\" \/>\n<meta property=\"og:site_name\" content=\"T\u00e1jkert\u00e9sz\" \/>\n<meta property=\"article:publisher\" content=\"https:\/\/www.facebook.com\/Tajkertesz\/\" \/>\n<meta property=\"article:modified_time\" content=\"2026-02-26T08:42:38+00:00\" \/>\n<meta property=\"og:image\" content=\"https:\/\/tajkertesz.com\/wp-content\/uploads\/2021\/09\/magnesszelep-hunter-pgv-101mm-b.jpg\" \/>\n\t<meta property=\"og:image:width\" content=\"452\" \/>\n\t<meta property=\"og:image:height\" content=\"452\" \/>\n\t<meta property=\"og:image:type\" content=\"image\/jpeg\" \/>\n<meta name=\"twitter:card\" content=\"summary_large_image\" \/>\n<meta name=\"twitter:label1\" content=\"Est. reading time\" \/>\n\t<meta name=\"twitter:data1\" content=\"4 minutes\" \/>\n<script type=\"application\/ld+json\" class=\"yoast-schema-graph\">{\"@context\":\"https:\\\/\\\/schema.org\",\"@graph\":[{\"@type\":\"WebPage\",\"@id\":\"https:\\\/\\\/tajkertesz.com\\\/termek\\\/magnesszelep-hunter-pgv-101mm-b\\\/\",\"url\":\"https:\\\/\\\/tajkertesz.com\\\/termek\\\/magnesszelep-hunter-pgv-101mm-b\\\/\",\"name\":\"M\u00e1gnesszelep Hunter PGV-101MM-B nyom\u00e1sszab\u00e1lyz\u00f3val - T\u00e1jkert\u00e9sz\",\"isPartOf\":{\"@id\":\"https:\\\/\\\/tajkertesz.com\\\/#website\"},\"primaryImageOfPage\":{\"@id\":\"https:\\\/\\\/tajkertesz.com\\\/termek\\\/magnesszelep-hunter-pgv-101mm-b\\\/#primaryimage\"},\"image\":{\"@id\":\"https:\\\/\\\/tajkertesz.com\\\/termek\\\/magnesszelep-hunter-pgv-101mm-b\\\/#primaryimage\"},\"thumbnailUrl\":\"https:\\\/\\\/tajkertesz.com\\\/wp-content\\\/uploads\\\/2021\\\/09\\\/magnesszelep-hunter-pgv-101mm-b.jpg\",\"datePublished\":\"2021-09-20T11:55:38+00:00\",\"dateModified\":\"2026-02-26T08:42:38+00:00\",\"description\":\"M\u00e1gnesszelep Hunter PGV-101MM-B\",\"breadcrumb\":{\"@id\":\"https:\\\/\\\/tajkertesz.com\\\/termek\\\/magnesszelep-hunter-pgv-101mm-b\\\/#breadcrumb\"},\"inLanguage\":\"en-US\",\"potentialAction\":[{\"@type\":\"ReadAction\",\"target\":[\"https:\\\/\\\/tajkertesz.com\\\/termek\\\/magnesszelep-hunter-pgv-101mm-b\\\/\"]}]},{\"@type\":\"ImageObject\",\"inLanguage\":\"en-US\",\"@id\":\"https:\\\/\\\/tajkertesz.com\\\/termek\\\/magnesszelep-hunter-pgv-101mm-b\\\/#primaryimage\",\"url\":\"https:\\\/\\\/tajkertesz.com\\\/wp-content\\\/uploads\\\/2021\\\/09\\\/magnesszelep-hunter-pgv-101mm-b.jpg\",\"contentUrl\":\"https:\\\/\\\/tajkertesz.com\\\/wp-content\\\/uploads\\\/2021\\\/09\\\/magnesszelep-hunter-pgv-101mm-b.jpg\",\"width\":452,\"height\":452},{\"@type\":\"BreadcrumbList\",\"@id\":\"https:\\\/\\\/tajkertesz.com\\\/termek\\\/magnesszelep-hunter-pgv-101mm-b\\\/#breadcrumb\",\"itemListElement\":[{\"@type\":\"ListItem\",\"position\":1,\"name\":\"Home\",\"item\":\"https:\\\/\\\/tajkertesz.com\\\/\"},{\"@type\":\"ListItem\",\"position\":2,\"name\":\"Kezd\u0151lap\",\"item\":\"https:\\\/\\\/tajkertesz.com\\\/\"},{\"@type\":\"ListItem\",\"position\":3,\"name\":\"M\u00e1gnesszelep Hunter PGV-101MM-B nyom\u00e1sszab\u00e1lyz\u00f3val\"}]},{\"@type\":\"WebSite\",\"@id\":\"https:\\\/\\\/tajkertesz.com\\\/#website\",\"url\":\"https:\\\/\\\/tajkertesz.com\\\/\",\"name\":\"T\u00e1j-Kert\u00e9sz 84 Kft.\",\"description\":\"Kert\u00e9szeti kis- \u00e9s nagykeresked\u00e9s, D\u00edszn\u00f6v\u00e9ny web\u00e1ruh\u00e1z orsz\u00e1gos h\u00e1zhozsz\u00e1ll\u00edt\u00e1ssal!\",\"publisher\":{\"@id\":\"https:\\\/\\\/tajkertesz.com\\\/#organization\"},\"potentialAction\":[{\"@type\":\"SearchAction\",\"target\":{\"@type\":\"EntryPoint\",\"urlTemplate\":\"https:\\\/\\\/tajkertesz.com\\\/?s={search_term_string}\"},\"query-input\":{\"@type\":\"PropertyValueSpecification\",\"valueRequired\":true,\"valueName\":\"search_term_string\"}}],\"inLanguage\":\"en-US\"},{\"@type\":\"Organization\",\"@id\":\"https:\\\/\\\/tajkertesz.com\\\/#organization\",\"name\":\"T\u00e1j-Kert\u00e9sz 84 Kft.\",\"url\":\"https:\\\/\\\/tajkertesz.com\\\/\",\"logo\":{\"@type\":\"ImageObject\",\"inLanguage\":\"en-US\",\"@id\":\"https:\\\/\\\/tajkertesz.com\\\/#\\\/schema\\\/logo\\\/image\\\/\",\"url\":\"https:\\\/\\\/tajkertesz.com\\\/wp-content\\\/uploads\\\/2018\\\/02\\\/logo-2-e1518678052539.png\",\"contentUrl\":\"https:\\\/\\\/tajkertesz.com\\\/wp-content\\\/uploads\\\/2018\\\/02\\\/logo-2-e1518678052539.png\",\"width\":81,\"height\":140,\"caption\":\"T\u00e1j-Kert\u00e9sz 84 Kft.\"},\"image\":{\"@id\":\"https:\\\/\\\/tajkertesz.com\\\/#\\\/schema\\\/logo\\\/image\\\/\"},\"sameAs\":[\"https:\\\/\\\/www.facebook.com\\\/Tajkertesz\\\/\"]}]}<\/script>\n<!-- \/ Yoast SEO plugin. -->","yoast_head_json":{"title":"M\u00e1gnesszelep Hunter PGV-101MM-B nyom\u00e1sszab\u00e1lyz\u00f3val - T\u00e1jkert\u00e9sz","description":"M\u00e1gnesszelep Hunter PGV-101MM-B","robots":{"index":"index","follow":"follow","max-snippet":"max-snippet:-1","max-image-preview":"max-image-preview:large","max-video-preview":"max-video-preview:-1"},"canonical":"https:\/\/tajkertesz.com\/en_US\/product\/magnesszelep-hunter-pgv-101mm-b\/","og_locale":"en_US","og_type":"article","og_title":"M\u00e1gnesszelep Hunter PGV-101MM-B nyom\u00e1sszab\u00e1lyz\u00f3val - T\u00e1jkert\u00e9sz","og_description":"M\u00e1gnesszelep Hunter PGV-101MM-B","og_url":"https:\/\/tajkertesz.com\/en_US\/product\/magnesszelep-hunter-pgv-101mm-b\/","og_site_name":"T\u00e1jkert\u00e9sz","article_publisher":"https:\/\/www.facebook.com\/Tajkertesz\/","article_modified_time":"2026-02-26T08:42:38+00:00","og_image":[{"width":452,"height":452,"url":"https:\/\/tajkertesz.com\/wp-content\/uploads\/2021\/09\/magnesszelep-hunter-pgv-101mm-b.jpg","type":"image\/jpeg"}],"twitter_card":"summary_large_image","twitter_misc":{"Est. reading time":"4 minutes"},"schema":{"@context":"https:\/\/schema.org","@graph":[{"@type":"WebPage","@id":"https:\/\/tajkertesz.com\/termek\/magnesszelep-hunter-pgv-101mm-b\/","url":"https:\/\/tajkertesz.com\/termek\/magnesszelep-hunter-pgv-101mm-b\/","name":"M\u00e1gnesszelep Hunter PGV-101MM-B nyom\u00e1sszab\u00e1lyz\u00f3val - T\u00e1jkert\u00e9sz","isPartOf":{"@id":"https:\/\/tajkertesz.com\/#website"},"primaryImageOfPage":{"@id":"https:\/\/tajkertesz.com\/termek\/magnesszelep-hunter-pgv-101mm-b\/#primaryimage"},"image":{"@id":"https:\/\/tajkertesz.com\/termek\/magnesszelep-hunter-pgv-101mm-b\/#primaryimage"},"thumbnailUrl":"https:\/\/tajkertesz.com\/wp-content\/uploads\/2021\/09\/magnesszelep-hunter-pgv-101mm-b.jpg","datePublished":"2021-09-20T11:55:38+00:00","dateModified":"2026-02-26T08:42:38+00:00","description":"M\u00e1gnesszelep Hunter PGV-101MM-B","breadcrumb":{"@id":"https:\/\/tajkertesz.com\/termek\/magnesszelep-hunter-pgv-101mm-b\/#breadcrumb"},"inLanguage":"en-US","potentialAction":[{"@type":"ReadAction","target":["https:\/\/tajkertesz.com\/termek\/magnesszelep-hunter-pgv-101mm-b\/"]}]},{"@type":"ImageObject","inLanguage":"en-US","@id":"https:\/\/tajkertesz.com\/termek\/magnesszelep-hunter-pgv-101mm-b\/#primaryimage","url":"https:\/\/tajkertesz.com\/wp-content\/uploads\/2021\/09\/magnesszelep-hunter-pgv-101mm-b.jpg","contentUrl":"https:\/\/tajkertesz.com\/wp-content\/uploads\/2021\/09\/magnesszelep-hunter-pgv-101mm-b.jpg","width":452,"height":452},{"@type":"BreadcrumbList","@id":"https:\/\/tajkertesz.com\/termek\/magnesszelep-hunter-pgv-101mm-b\/#breadcrumb","itemListElement":[{"@type":"ListItem","position":1,"name":"Home","item":"https:\/\/tajkertesz.com\/"},{"@type":"ListItem","position":2,"name":"Kezd\u0151lap","item":"https:\/\/tajkertesz.com\/"},{"@type":"ListItem","position":3,"name":"M\u00e1gnesszelep Hunter PGV-101MM-B nyom\u00e1sszab\u00e1lyz\u00f3val"}]},{"@type":"WebSite","@id":"https:\/\/tajkertesz.com\/#website","url":"https:\/\/tajkertesz.com\/","name":"T\u00e1j-Kert\u00e9sz 84 Kft.","description":"Kert\u00e9szeti kis- \u00e9s nagykeresked\u00e9s, D\u00edszn\u00f6v\u00e9ny web\u00e1ruh\u00e1z orsz\u00e1gos h\u00e1zhozsz\u00e1ll\u00edt\u00e1ssal!","publisher":{"@id":"https:\/\/tajkertesz.com\/#organization"},"potentialAction":[{"@type":"SearchAction","target":{"@type":"EntryPoint","urlTemplate":"https:\/\/tajkertesz.com\/?s={search_term_string}"},"query-input":{"@type":"PropertyValueSpecification","valueRequired":true,"valueName":"search_term_string"}}],"inLanguage":"en-US"},{"@type":"Organization","@id":"https:\/\/tajkertesz.com\/#organization","name":"T\u00e1j-Kert\u00e9sz 84 Kft.","url":"https:\/\/tajkertesz.com\/","logo":{"@type":"ImageObject","inLanguage":"en-US","@id":"https:\/\/tajkertesz.com\/#\/schema\/logo\/image\/","url":"https:\/\/tajkertesz.com\/wp-content\/uploads\/2018\/02\/logo-2-e1518678052539.png","contentUrl":"https:\/\/tajkertesz.com\/wp-content\/uploads\/2018\/02\/logo-2-e1518678052539.png","width":81,"height":140,"caption":"T\u00e1j-Kert\u00e9sz 84 Kft."},"image":{"@id":"https:\/\/tajkertesz.com\/#\/schema\/logo\/image\/"},"sameAs":["https:\/\/www.facebook.com\/Tajkertesz\/"]}]}},"_links":{"self":[{"href":"https:\/\/tajkertesz.com\/en_US\/wp-json\/wp\/v2\/product\/9389","targetHints":{"allow":["GET"]}}],"collection":[{"href":"https:\/\/tajkertesz.com\/en_US\/wp-json\/wp\/v2\/product"}],"about":[{"href":"https:\/\/tajkertesz.com\/en_US\/wp-json\/wp\/v2\/types\/product"}],"wp:featuredmedia":[{"embeddable":true,"href":"https:\/\/tajkertesz.com\/en_US\/wp-json\/wp\/v2\/media\/9390"}],"wp:attachment":[{"href":"https:\/\/tajkertesz.com\/en_US\/wp-json\/wp\/v2\/media?parent=9389"}],"wp:term":[{"taxonomy":"product_brand","embeddable":true,"href":"https:\/\/tajkertesz.com\/en_US\/wp-json\/wp\/v2\/product_brand?post=9389"},{"taxonomy":"product_cat","embeddable":true,"href":"https:\/\/tajkertesz.com\/en_US\/wp-json\/wp\/v2\/product_cat?post=9389"},{"taxonomy":"product_tag","embeddable":true,"href":"https:\/\/tajkertesz.com\/en_US\/wp-json\/wp\/v2\/product_tag?post=9389"}],"curies":[{"name":"wp","href":"https:\/\/api.w.org\/{rel}","templated":true}]}}