{"id":9427,"date":"2021-09-21T10:14:18","date_gmt":"2021-09-21T10:14:18","guid":{"rendered":"https:\/\/tajkertesz.com\/?post_type=product&#038;p=9427"},"modified":"2024-11-05T14:08:00","modified_gmt":"2024-11-05T14:08:00","slug":"photinia-fraseri-pink-marble-korallberkenye-torzses","status":"publish","type":"product","link":"https:\/\/tajkertesz.com\/en_US\/product\/photinia-fraseri-pink-marble-korallberkenye-torzses\/","title":{"rendered":"Photinia fraseri &#8216;Pink Marble&#8217; &#8211; Korallberkenye t\u00f6rzses"},"content":{"rendered":"<h3>Photinia fraseri &#8216;Pink Marble&#8217; &#8211; Korallberkenye t\u00f6rzses kb. 60 cm t\u00f6rzsmagass\u00e1ggal \u00e9s kb. 100 cm teljes magass\u00e1ggal + kont\u00e9ner<\/h3>\n<p>&nbsp;<\/p>\n<p>Photinia fraseri &#8216;Pink Marble&#8217; &#8211; Korallberkenye t\u00f6rzses m\u00e1rv\u00e1nyos, z\u00f6ld-r\u00f3zsasz\u00edn\u0171 leveleivel d\u00edsz\u00edt.<strong><br \/>\n<\/strong><\/p>\n<ul>\n<li><strong><span lang=\"HU\">Alak:<\/span>\u00a0<\/strong>kb 2-3 m\u00e9ter magasra n\u00f6v\u0151 \u00e9s 1-1,5 m\u00e9ter sz\u00e9les, szab\u00e1lyos n\u00f6veked\u00e9s\u0171, s\u0171r\u0171 s\u00f6t\u00e9tv\u00f6r\u00f6s \u00e1grendszer\u0171 k\u00f6zepesen gyorsan n\u00f6v\u0151 cserje.<\/li>\n<li><span lang=\"HU\"><strong>Vir\u00e1g:\u00a0<\/strong>Feh\u00e9r, m\u00e1jus-j\u00faniusban ny\u00edlnak 10-12 cm \u00e1tm\u00e9r\u0151j\u0171 \u00e1lerny\u0151kben<\/span><\/li>\n<li><b><span lang=\"HU\"><strong>Lev\u00e9l:\u00a0<\/strong><\/span><\/b>\u00d6r\u00f6kz\u00f6ld, 8-12 cm hossz\u00fa, 4-6 cm sz\u00e9les, sz\u00e9l\u00e9n \u00e9lesen f\u0171r\u00e9szes, feh\u00e9ren m\u00e1rv\u00e1nyos halv\u00e1nyz\u00f6ld lev\u00e9lzet, mely kihajt\u00e1skor r\u00f3zsasz\u00edn, b\u0151rszer\u0171<\/li>\n<li><strong>Term\u00e9s:<\/strong>\u00a0A feh\u00e9r vir\u00e1gokb\u00f3l, amelyek ny\u00e1r elej\u00e9n ny\u00edlnak, kis alma alak\u00fa, piros, 4-12 mm-es gy\u00fcm\u00f6lcs\u00f6k, nagy mennyis\u00e9gben \u00e9rnek \u0151sszel, \u00e9s gyakran maradnak a bokron eg\u00e9szen a t\u00e9len.<\/li>\n<li><strong><span lang=\"HU\">Felhaszn\u00e1l\u00e1sa:\u00a0<\/span><\/strong>Ny\u00edr\u00e1s n\u00e9lk\u00fcl nagym\u00e9ret\u0171 bokornak h\u00e1tt\u00e9rben, vagy szoliterk\u00e9nt f\u00e1csk\u00e1nak ny\u00edrva. S\u00f6v\u00e9nynek is alkalmas, de nagy t\u00f6megben, \u00e9l\u00e9nk sz\u00edne miatt er\u0151s dr\u00e1mai hat\u00e1st eredm\u00e9nyez. Ny\u00edrhat\u00f3.<\/li>\n<li><strong><span lang=\"HU\">Teny\u00e9szhely:\u00a0<\/span><\/strong><span lang=\"HU\">Napos, f\u00e9l\u00e1rny\u00e9kos helyre \u00fcltess\u00fck. \u00c1rny\u00e9kban kev\u00e9sb\u00e9 lesz d\u00fas. Talajok k\u00f6z\u00fcl a j\u00f3 v\u00edz\u00e1tereszt\u0151, \u00fcde talajokat kedveli. Fagyt\u0171r\u0151.<\/span><\/li>\n<li>kb. 60 cm t\u00f6rzsmagass\u00e1ggal \u00e9s kb. 100cm teljes magass\u00e1ggal + kont\u00e9ner,<\/li>\n<\/ul>\n<p style=\"line-height: 18.0pt; background: white; margin: 0cm 0cm 15.0pt 0cm;\"><span style=\"font-family: 'Ubuntu',serif; color: black;\">El\u00e9rhet\u0151 t\u00f6bbf\u00e9le m\u00e9retben \u00e9s \u00e1rban.<\/span><\/p>\n<p style=\"line-height: 18.0pt; background: white; margin: 0cm 0cm 15.0pt 0cm;\"><b><span style=\"font-family: 'Ubuntu',serif; color: black;\">K\u00e9szlet\u00fcnk napi szinten v\u00e1ltozik, ez\u00e9rt k\u00e9rj\u00fck, \u00e9rdekl\u0151dj\u00f6n szem\u00e9lyesen, telefonon vagy email-en.<br \/>\nA v\u00e1ltoztat\u00e1s jog\u00e1t fenntartjuk!\u00a0<\/span><\/b><\/p>\n<p><a href=\"https:\/\/tajkertesz.com\/,\">https:\/\/tajkertesz.com\/<\/a><\/p>\n<p><a href=\"https:\/\/www.facebook.com\/tajkertesz\/\">https:\/\/www.facebook.com\/tajkertesz\/<\/a><\/p>\n<p>Kisz\u00e1ll\u00edt\u00e1s: 200cm-ig \u00a0\u00e9s 40 kg-ig a sz\u00e1ll\u00edt\u00e1s fut\u00e1rszolg\u00e1lattal \u00a0t\u00f6rt\u00e9nik.<\/p>\n<p>Szem\u00e9lyes \u00e1tv\u00e9tel nyitvatart\u00e1si id\u0151ben a 17. ker\u00fclet Bakancsos utca 7. sz\u00e1m alatti Kert\u00e9szeti \u00e1rud\u00e1ban.<\/p>\n<p>&nbsp;<\/p>","protected":false},"excerpt":{"rendered":"<p>Photinia fraseri &#8216;Pink Marble&#8217; &#8211; Korallberkenye t\u00f6rzses kb. 60 cm t\u00f6rzsmagass\u00e1ggal \u00e9s kb. 100cm teljes magass\u00e1ggal + kont\u00e9ner<\/p>","protected":false},"featured_media":19831,"template":"","meta":{"_et_pb_use_builder":"","_et_pb_old_content":"","_et_gb_content_width":""},"product_brand":[],"product_cat":[32],"product_tag":[907,4254,906,4253,909],"class_list":{"0":"post-9427","1":"product","2":"type-product","3":"status-publish","4":"has-post-thumbnail","6":"product_cat-formanovenyek-alakfak","7":"product_tag-korallberkenye","8":"product_tag-marble","9":"product_tag-photinia","10":"product_tag-pink","11":"product_tag-torzses","13":"first","14":"outofstock","15":"shipping-taxable","16":"purchasable","17":"product-type-simple"},"yoast_head":"<!-- This site is optimized with the Yoast SEO plugin v27.3 - https:\/\/yoast.com\/product\/yoast-seo-wordpress\/ -->\n<title>Photinia fraseri &#039;Pink Marble&#039; - Korallberkenye t\u00f6rzses - T\u00e1jkert\u00e9sz<\/title>\n<meta name=\"description\" content=\"Photinia fraseri &#039;Pink Marble&#039; - Korallberkenye t\u00f6rzses\" \/>\n<meta name=\"robots\" content=\"index, follow, max-snippet:-1, max-image-preview:large, max-video-preview:-1\" \/>\n<link rel=\"canonical\" href=\"https:\/\/tajkertesz.com\/en_US\/product\/photinia-fraseri-pink-marble-korallberkenye-torzses\/\" \/>\n<meta property=\"og:locale\" content=\"en_US\" \/>\n<meta property=\"og:type\" content=\"article\" \/>\n<meta property=\"og:title\" content=\"Photinia fraseri &#039;Pink Marble&#039; - Korallberkenye t\u00f6rzses - T\u00e1jkert\u00e9sz\" \/>\n<meta property=\"og:description\" content=\"Photinia fraseri &#039;Pink Marble&#039; - Korallberkenye t\u00f6rzses\" \/>\n<meta property=\"og:url\" content=\"https:\/\/tajkertesz.com\/en_US\/product\/photinia-fraseri-pink-marble-korallberkenye-torzses\/\" \/>\n<meta property=\"og:site_name\" content=\"T\u00e1jkert\u00e9sz\" \/>\n<meta property=\"article:publisher\" content=\"https:\/\/www.facebook.com\/Tajkertesz\/\" \/>\n<meta property=\"article:modified_time\" content=\"2024-11-05T14:08:00+00:00\" \/>\n<meta property=\"og:image\" content=\"https:\/\/tajkertesz.com\/wp-content\/uploads\/2021\/09\/Pink-marble.jpg\" \/>\n\t<meta property=\"og:image:width\" content=\"406\" \/>\n\t<meta property=\"og:image:height\" content=\"904\" \/>\n\t<meta property=\"og:image:type\" content=\"image\/jpeg\" \/>\n<meta name=\"twitter:card\" content=\"summary_large_image\" \/>\n<meta name=\"twitter:label1\" content=\"Est. reading time\" \/>\n\t<meta name=\"twitter:data1\" content=\"2 minutes\" \/>\n<script type=\"application\/ld+json\" class=\"yoast-schema-graph\">{\"@context\":\"https:\\\/\\\/schema.org\",\"@graph\":[{\"@type\":\"WebPage\",\"@id\":\"https:\\\/\\\/tajkertesz.com\\\/termek\\\/photinia-fraseri-pink-marble-korallberkenye-torzses\\\/\",\"url\":\"https:\\\/\\\/tajkertesz.com\\\/termek\\\/photinia-fraseri-pink-marble-korallberkenye-torzses\\\/\",\"name\":\"Photinia fraseri 'Pink Marble' - Korallberkenye t\u00f6rzses - T\u00e1jkert\u00e9sz\",\"isPartOf\":{\"@id\":\"https:\\\/\\\/tajkertesz.com\\\/#website\"},\"primaryImageOfPage\":{\"@id\":\"https:\\\/\\\/tajkertesz.com\\\/termek\\\/photinia-fraseri-pink-marble-korallberkenye-torzses\\\/#primaryimage\"},\"image\":{\"@id\":\"https:\\\/\\\/tajkertesz.com\\\/termek\\\/photinia-fraseri-pink-marble-korallberkenye-torzses\\\/#primaryimage\"},\"thumbnailUrl\":\"https:\\\/\\\/tajkertesz.com\\\/wp-content\\\/uploads\\\/2021\\\/09\\\/Pink-marble.jpg\",\"datePublished\":\"2021-09-21T10:14:18+00:00\",\"dateModified\":\"2024-11-05T14:08:00+00:00\",\"description\":\"Photinia fraseri 'Pink Marble' - Korallberkenye t\u00f6rzses\",\"breadcrumb\":{\"@id\":\"https:\\\/\\\/tajkertesz.com\\\/termek\\\/photinia-fraseri-pink-marble-korallberkenye-torzses\\\/#breadcrumb\"},\"inLanguage\":\"en-US\",\"potentialAction\":[{\"@type\":\"ReadAction\",\"target\":[\"https:\\\/\\\/tajkertesz.com\\\/termek\\\/photinia-fraseri-pink-marble-korallberkenye-torzses\\\/\"]}]},{\"@type\":\"ImageObject\",\"inLanguage\":\"en-US\",\"@id\":\"https:\\\/\\\/tajkertesz.com\\\/termek\\\/photinia-fraseri-pink-marble-korallberkenye-torzses\\\/#primaryimage\",\"url\":\"https:\\\/\\\/tajkertesz.com\\\/wp-content\\\/uploads\\\/2021\\\/09\\\/Pink-marble.jpg\",\"contentUrl\":\"https:\\\/\\\/tajkertesz.com\\\/wp-content\\\/uploads\\\/2021\\\/09\\\/Pink-marble.jpg\",\"width\":406,\"height\":904},{\"@type\":\"BreadcrumbList\",\"@id\":\"https:\\\/\\\/tajkertesz.com\\\/termek\\\/photinia-fraseri-pink-marble-korallberkenye-torzses\\\/#breadcrumb\",\"itemListElement\":[{\"@type\":\"ListItem\",\"position\":1,\"name\":\"Home\",\"item\":\"https:\\\/\\\/tajkertesz.com\\\/\"},{\"@type\":\"ListItem\",\"position\":2,\"name\":\"Kezd\u0151lap\",\"item\":\"https:\\\/\\\/tajkertesz.com\\\/\"},{\"@type\":\"ListItem\",\"position\":3,\"name\":\"Photinia fraseri &#8216;Pink Marble&#8217; &#8211; Korallberkenye t\u00f6rzses\"}]},{\"@type\":\"WebSite\",\"@id\":\"https:\\\/\\\/tajkertesz.com\\\/#website\",\"url\":\"https:\\\/\\\/tajkertesz.com\\\/\",\"name\":\"T\u00e1j-Kert\u00e9sz 84 Kft.\",\"description\":\"Kert\u00e9szeti kis- \u00e9s nagykeresked\u00e9s, D\u00edszn\u00f6v\u00e9ny web\u00e1ruh\u00e1z orsz\u00e1gos h\u00e1zhozsz\u00e1ll\u00edt\u00e1ssal!\",\"publisher\":{\"@id\":\"https:\\\/\\\/tajkertesz.com\\\/#organization\"},\"potentialAction\":[{\"@type\":\"SearchAction\",\"target\":{\"@type\":\"EntryPoint\",\"urlTemplate\":\"https:\\\/\\\/tajkertesz.com\\\/?s={search_term_string}\"},\"query-input\":{\"@type\":\"PropertyValueSpecification\",\"valueRequired\":true,\"valueName\":\"search_term_string\"}}],\"inLanguage\":\"en-US\"},{\"@type\":\"Organization\",\"@id\":\"https:\\\/\\\/tajkertesz.com\\\/#organization\",\"name\":\"T\u00e1j-Kert\u00e9sz 84 Kft.\",\"url\":\"https:\\\/\\\/tajkertesz.com\\\/\",\"logo\":{\"@type\":\"ImageObject\",\"inLanguage\":\"en-US\",\"@id\":\"https:\\\/\\\/tajkertesz.com\\\/#\\\/schema\\\/logo\\\/image\\\/\",\"url\":\"https:\\\/\\\/tajkertesz.com\\\/wp-content\\\/uploads\\\/2018\\\/02\\\/logo-2-e1518678052539.png\",\"contentUrl\":\"https:\\\/\\\/tajkertesz.com\\\/wp-content\\\/uploads\\\/2018\\\/02\\\/logo-2-e1518678052539.png\",\"width\":81,\"height\":140,\"caption\":\"T\u00e1j-Kert\u00e9sz 84 Kft.\"},\"image\":{\"@id\":\"https:\\\/\\\/tajkertesz.com\\\/#\\\/schema\\\/logo\\\/image\\\/\"},\"sameAs\":[\"https:\\\/\\\/www.facebook.com\\\/Tajkertesz\\\/\"]}]}<\/script>\n<!-- \/ Yoast SEO plugin. -->","yoast_head_json":{"title":"Photinia fraseri 'Pink Marble' - Korallberkenye t\u00f6rzses - T\u00e1jkert\u00e9sz","description":"Photinia fraseri 'Pink Marble' - Korallberkenye t\u00f6rzses","robots":{"index":"index","follow":"follow","max-snippet":"max-snippet:-1","max-image-preview":"max-image-preview:large","max-video-preview":"max-video-preview:-1"},"canonical":"https:\/\/tajkertesz.com\/en_US\/product\/photinia-fraseri-pink-marble-korallberkenye-torzses\/","og_locale":"en_US","og_type":"article","og_title":"Photinia fraseri 'Pink Marble' - Korallberkenye t\u00f6rzses - T\u00e1jkert\u00e9sz","og_description":"Photinia fraseri 'Pink Marble' - Korallberkenye t\u00f6rzses","og_url":"https:\/\/tajkertesz.com\/en_US\/product\/photinia-fraseri-pink-marble-korallberkenye-torzses\/","og_site_name":"T\u00e1jkert\u00e9sz","article_publisher":"https:\/\/www.facebook.com\/Tajkertesz\/","article_modified_time":"2024-11-05T14:08:00+00:00","og_image":[{"width":406,"height":904,"url":"https:\/\/tajkertesz.com\/wp-content\/uploads\/2021\/09\/Pink-marble.jpg","type":"image\/jpeg"}],"twitter_card":"summary_large_image","twitter_misc":{"Est. reading time":"2 minutes"},"schema":{"@context":"https:\/\/schema.org","@graph":[{"@type":"WebPage","@id":"https:\/\/tajkertesz.com\/termek\/photinia-fraseri-pink-marble-korallberkenye-torzses\/","url":"https:\/\/tajkertesz.com\/termek\/photinia-fraseri-pink-marble-korallberkenye-torzses\/","name":"Photinia fraseri 'Pink Marble' - Korallberkenye t\u00f6rzses - T\u00e1jkert\u00e9sz","isPartOf":{"@id":"https:\/\/tajkertesz.com\/#website"},"primaryImageOfPage":{"@id":"https:\/\/tajkertesz.com\/termek\/photinia-fraseri-pink-marble-korallberkenye-torzses\/#primaryimage"},"image":{"@id":"https:\/\/tajkertesz.com\/termek\/photinia-fraseri-pink-marble-korallberkenye-torzses\/#primaryimage"},"thumbnailUrl":"https:\/\/tajkertesz.com\/wp-content\/uploads\/2021\/09\/Pink-marble.jpg","datePublished":"2021-09-21T10:14:18+00:00","dateModified":"2024-11-05T14:08:00+00:00","description":"Photinia fraseri 'Pink Marble' - Korallberkenye t\u00f6rzses","breadcrumb":{"@id":"https:\/\/tajkertesz.com\/termek\/photinia-fraseri-pink-marble-korallberkenye-torzses\/#breadcrumb"},"inLanguage":"en-US","potentialAction":[{"@type":"ReadAction","target":["https:\/\/tajkertesz.com\/termek\/photinia-fraseri-pink-marble-korallberkenye-torzses\/"]}]},{"@type":"ImageObject","inLanguage":"en-US","@id":"https:\/\/tajkertesz.com\/termek\/photinia-fraseri-pink-marble-korallberkenye-torzses\/#primaryimage","url":"https:\/\/tajkertesz.com\/wp-content\/uploads\/2021\/09\/Pink-marble.jpg","contentUrl":"https:\/\/tajkertesz.com\/wp-content\/uploads\/2021\/09\/Pink-marble.jpg","width":406,"height":904},{"@type":"BreadcrumbList","@id":"https:\/\/tajkertesz.com\/termek\/photinia-fraseri-pink-marble-korallberkenye-torzses\/#breadcrumb","itemListElement":[{"@type":"ListItem","position":1,"name":"Home","item":"https:\/\/tajkertesz.com\/"},{"@type":"ListItem","position":2,"name":"Kezd\u0151lap","item":"https:\/\/tajkertesz.com\/"},{"@type":"ListItem","position":3,"name":"Photinia fraseri &#8216;Pink Marble&#8217; &#8211; Korallberkenye t\u00f6rzses"}]},{"@type":"WebSite","@id":"https:\/\/tajkertesz.com\/#website","url":"https:\/\/tajkertesz.com\/","name":"T\u00e1j-Kert\u00e9sz 84 Kft.","description":"Kert\u00e9szeti kis- \u00e9s nagykeresked\u00e9s, D\u00edszn\u00f6v\u00e9ny web\u00e1ruh\u00e1z orsz\u00e1gos h\u00e1zhozsz\u00e1ll\u00edt\u00e1ssal!","publisher":{"@id":"https:\/\/tajkertesz.com\/#organization"},"potentialAction":[{"@type":"SearchAction","target":{"@type":"EntryPoint","urlTemplate":"https:\/\/tajkertesz.com\/?s={search_term_string}"},"query-input":{"@type":"PropertyValueSpecification","valueRequired":true,"valueName":"search_term_string"}}],"inLanguage":"en-US"},{"@type":"Organization","@id":"https:\/\/tajkertesz.com\/#organization","name":"T\u00e1j-Kert\u00e9sz 84 Kft.","url":"https:\/\/tajkertesz.com\/","logo":{"@type":"ImageObject","inLanguage":"en-US","@id":"https:\/\/tajkertesz.com\/#\/schema\/logo\/image\/","url":"https:\/\/tajkertesz.com\/wp-content\/uploads\/2018\/02\/logo-2-e1518678052539.png","contentUrl":"https:\/\/tajkertesz.com\/wp-content\/uploads\/2018\/02\/logo-2-e1518678052539.png","width":81,"height":140,"caption":"T\u00e1j-Kert\u00e9sz 84 Kft."},"image":{"@id":"https:\/\/tajkertesz.com\/#\/schema\/logo\/image\/"},"sameAs":["https:\/\/www.facebook.com\/Tajkertesz\/"]}]}},"_links":{"self":[{"href":"https:\/\/tajkertesz.com\/en_US\/wp-json\/wp\/v2\/product\/9427","targetHints":{"allow":["GET"]}}],"collection":[{"href":"https:\/\/tajkertesz.com\/en_US\/wp-json\/wp\/v2\/product"}],"about":[{"href":"https:\/\/tajkertesz.com\/en_US\/wp-json\/wp\/v2\/types\/product"}],"wp:featuredmedia":[{"embeddable":true,"href":"https:\/\/tajkertesz.com\/en_US\/wp-json\/wp\/v2\/media\/19831"}],"wp:attachment":[{"href":"https:\/\/tajkertesz.com\/en_US\/wp-json\/wp\/v2\/media?parent=9427"}],"wp:term":[{"taxonomy":"product_brand","embeddable":true,"href":"https:\/\/tajkertesz.com\/en_US\/wp-json\/wp\/v2\/product_brand?post=9427"},{"taxonomy":"product_cat","embeddable":true,"href":"https:\/\/tajkertesz.com\/en_US\/wp-json\/wp\/v2\/product_cat?post=9427"},{"taxonomy":"product_tag","embeddable":true,"href":"https:\/\/tajkertesz.com\/en_US\/wp-json\/wp\/v2\/product_tag?post=9427"}],"curies":[{"name":"wp","href":"https:\/\/api.w.org\/{rel}","templated":true}]}}